{"id":952,"date":"2021-11-08T14:40:43","date_gmt":"2021-11-08T13:40:43","guid":{"rendered":"https:\/\/www.machinesproduction.fr\/tv\/?page_id=952"},"modified":"2021-11-09T14:13:58","modified_gmt":"2021-11-09T13:13:58","slug":"live-5-schunk","status":"publish","type":"page","link":"https:\/\/www.machinesproduction.fr\/tv\/live-5-schunk\/","title":{"rendered":"Live 5 &#8211; Schunk"},"content":{"rendered":"<section class=\"wpb-content-wrapper\"><p>[vc_row][vc_column][vc_column_text]<\/p>\n<h1><img loading=\"lazy\" decoding=\"async\" class=\"wp-image-878 alignleft\" src=\"https:\/\/www.machinesproduction.fr\/tv\/wp-content\/uploads\/2021\/09\/GLOBAL-INDUSTRIe.png\" alt=\"salon global industrie 2021\" width=\"201\" height=\"75\" \/><span style=\"color: #459bd9;\">Interview <strong>Schunk<\/strong><\/span><\/h1>\n<h1><span style=\"color: #459bd9;\"><strong> \u00a0<\/strong><\/span><\/h1>\n<h2><span style=\"color: #459bd9;\">Salon Global Industrie 2021<\/span><\/h2>\n<p>[\/vc_column_text][vc_column_text]Avec la technologie de pr\u00e9hension Adheso, Schunk s\u2019est inspir\u00e9 de la nature, en appliquant \u00e0 ses syst\u00e8mes les forces adh\u00e9sives que les geckos utilisent pour se d\u00e9placer avec aisance sur les surfaces les plus lisses.<\/p>\n<p>La technique de pr\u00e9hension d\u2019inspiration bionique Adheso est fond\u00e9e sur le principe de l\u2019adh\u00e9sion qui utilise les forces intermol\u00e9culaires actives de Van der Waals, pour la manipulation. L\u2019architecture de surface brevet\u00e9e est compos\u00e9e de polym\u00e8res sp\u00e9ciaux et optimis\u00e9e par simulation num\u00e9rique.[\/vc_column_text][vc_video link=&#8221;https:\/\/youtu.be\/Hg66lTtUeeQ&#8221;][vc_btn title=&#8221;Retour aux MP LIVE&#8221; style=&#8221;custom&#8221; custom_background=&#8221;#009ddf&#8221; custom_text=&#8221;#ffffff&#8221; shape=&#8221;round&#8221; i_icon_fontawesome=&#8221;fas fa-arrow-left&#8221; add_icon=&#8221;true&#8221; link=&#8221;url:https%3A%2F%2Fwww.machinesproduction.fr%2Ftv%2Fles-mp-live%2F|title:les%20Focus&#8221;][\/vc_column][\/vc_row]<\/p>\n<\/section>","protected":false},"excerpt":{"rendered":"<p>[vc_row][vc_column][vc_column_text] Interview Schunk \u00a0 Salon Global Industrie 2021 [\/vc_column_text][vc_column_text]Avec la technologie de pr\u00e9hension Adheso, Schunk s\u2019est inspir\u00e9 de la nature, en appliquant \u00e0 ses syst\u00e8mes les forces adh\u00e9sives que les geckos utilisent pour se d\u00e9placer avec aisance sur les surfaces les plus lisses. La technique de pr\u00e9hension d\u2019inspiration bionique Adheso est fond\u00e9e sur le principe [&hellip;]<\/p>\n","protected":false},"author":2,"featured_media":0,"parent":0,"menu_order":0,"comment_status":"closed","ping_status":"closed","template":"","meta":{"_monsterinsights_skip_tracking":false,"_monsterinsights_sitenote_active":false,"_monsterinsights_sitenote_note":"","_monsterinsights_sitenote_category":0,"footnotes":""},"wf_page_folders":[13],"class_list":["post-952","page","type-page","status-publish","hentry"],"yoast_head":"<!-- This site is optimized with the Yoast SEO plugin v27.1.1 - https:\/\/yoast.com\/product\/yoast-seo-wordpress\/ -->\n<title>Schunk sur le salon Global Industrie 2021<\/title>\n<meta name=\"description\" content=\"Interview de l&#039;entreprise SCHUNK sur le salon Global Industrie 2021, r\u00e9alis\u00e9e par Patrick Cazier, r\u00e9dacteur de Machines Production.\" \/>\n<meta name=\"robots\" content=\"index, follow, max-snippet:-1, max-image-preview:large, max-video-preview:-1\" \/>\n<link rel=\"canonical\" href=\"https:\/\/www.machinesproduction.fr\/tv\/live-5-schunk\/\" \/>\n<meta property=\"og:locale\" content=\"fr_FR\" \/>\n<meta property=\"og:type\" content=\"article\" \/>\n<meta property=\"og:title\" content=\"Schunk sur le salon Global Industrie 2021\" \/>\n<meta property=\"og:description\" content=\"Interview de l&#039;entreprise SCHUNK sur le salon Global Industrie 2021, r\u00e9alis\u00e9e par Patrick Cazier, r\u00e9dacteur de Machines Production.\" \/>\n<meta property=\"og:url\" content=\"https:\/\/www.machinesproduction.fr\/tv\/live-5-schunk\/\" \/>\n<meta property=\"og:site_name\" content=\"Machines Production TV\" \/>\n<meta property=\"article:modified_time\" content=\"2021-11-09T13:13:58+00:00\" \/>\n<meta property=\"og:image\" content=\"https:\/\/www.machinesproduction.fr\/tv\/wp-content\/uploads\/2021\/09\/GLOBAL-INDUSTRIe.png\" \/>\n<meta name=\"twitter:card\" content=\"summary_large_image\" \/>\n<meta name=\"twitter:label1\" content=\"Dur\u00e9e de lecture estim\u00e9e\" \/>\n\t<meta name=\"twitter:data1\" content=\"1 minute\" \/>\n<script type=\"application\/ld+json\" class=\"yoast-schema-graph\">{\"@context\":\"https:\/\/schema.org\",\"@graph\":[{\"@type\":\"WebPage\",\"@id\":\"https:\/\/www.machinesproduction.fr\/tv\/live-5-schunk\/\",\"url\":\"https:\/\/www.machinesproduction.fr\/tv\/live-5-schunk\/\",\"name\":\"Schunk sur le salon Global Industrie 2021\",\"isPartOf\":{\"@id\":\"https:\/\/www.machinesproduction.fr\/tv\/#website\"},\"primaryImageOfPage\":{\"@id\":\"https:\/\/www.machinesproduction.fr\/tv\/live-5-schunk\/#primaryimage\"},\"image\":{\"@id\":\"https:\/\/www.machinesproduction.fr\/tv\/live-5-schunk\/#primaryimage\"},\"thumbnailUrl\":\"https:\/\/www.machinesproduction.fr\/tv\/wp-content\/uploads\/2021\/09\/GLOBAL-INDUSTRIe.png\",\"datePublished\":\"2021-11-08T13:40:43+00:00\",\"dateModified\":\"2021-11-09T13:13:58+00:00\",\"description\":\"Interview de l'entreprise SCHUNK sur le salon Global Industrie 2021, r\u00e9alis\u00e9e par Patrick Cazier, r\u00e9dacteur de Machines Production.\",\"breadcrumb\":{\"@id\":\"https:\/\/www.machinesproduction.fr\/tv\/live-5-schunk\/#breadcrumb\"},\"inLanguage\":\"fr-FR\",\"potentialAction\":[{\"@type\":\"ReadAction\",\"target\":[\"https:\/\/www.machinesproduction.fr\/tv\/live-5-schunk\/\"]}]},{\"@type\":\"ImageObject\",\"inLanguage\":\"fr-FR\",\"@id\":\"https:\/\/www.machinesproduction.fr\/tv\/live-5-schunk\/#primaryimage\",\"url\":\"https:\/\/www.machinesproduction.fr\/tv\/wp-content\/uploads\/2021\/09\/GLOBAL-INDUSTRIe.png\",\"contentUrl\":\"https:\/\/www.machinesproduction.fr\/tv\/wp-content\/uploads\/2021\/09\/GLOBAL-INDUSTRIe.png\",\"width\":1094,\"height\":409,\"caption\":\"salon global industrie 2021\"},{\"@type\":\"BreadcrumbList\",\"@id\":\"https:\/\/www.machinesproduction.fr\/tv\/live-5-schunk\/#breadcrumb\",\"itemListElement\":[{\"@type\":\"ListItem\",\"position\":1,\"name\":\"Home\",\"item\":\"https:\/\/www.machinesproduction.fr\/tv\/\"},{\"@type\":\"ListItem\",\"position\":2,\"name\":\"Live 5 &#8211; Schunk\"}]},{\"@type\":\"WebSite\",\"@id\":\"https:\/\/www.machinesproduction.fr\/tv\/#website\",\"url\":\"https:\/\/www.machinesproduction.fr\/tv\/\",\"name\":\"Machines Production TV\",\"description\":\"\",\"potentialAction\":[{\"@type\":\"SearchAction\",\"target\":{\"@type\":\"EntryPoint\",\"urlTemplate\":\"https:\/\/www.machinesproduction.fr\/tv\/?s={search_term_string}\"},\"query-input\":{\"@type\":\"PropertyValueSpecification\",\"valueRequired\":true,\"valueName\":\"search_term_string\"}}],\"inLanguage\":\"fr-FR\"}]}<\/script>\n<!-- \/ Yoast SEO plugin. -->","yoast_head_json":{"title":"Schunk sur le salon Global Industrie 2021","description":"Interview de l'entreprise SCHUNK sur le salon Global Industrie 2021, r\u00e9alis\u00e9e par Patrick Cazier, r\u00e9dacteur de Machines Production.","robots":{"index":"index","follow":"follow","max-snippet":"max-snippet:-1","max-image-preview":"max-image-preview:large","max-video-preview":"max-video-preview:-1"},"canonical":"https:\/\/www.machinesproduction.fr\/tv\/live-5-schunk\/","og_locale":"fr_FR","og_type":"article","og_title":"Schunk sur le salon Global Industrie 2021","og_description":"Interview de l'entreprise SCHUNK sur le salon Global Industrie 2021, r\u00e9alis\u00e9e par Patrick Cazier, r\u00e9dacteur de Machines Production.","og_url":"https:\/\/www.machinesproduction.fr\/tv\/live-5-schunk\/","og_site_name":"Machines Production TV","article_modified_time":"2021-11-09T13:13:58+00:00","og_image":[{"url":"https:\/\/www.machinesproduction.fr\/tv\/wp-content\/uploads\/2021\/09\/GLOBAL-INDUSTRIe.png","type":"","width":"","height":""}],"twitter_card":"summary_large_image","twitter_misc":{"Dur\u00e9e de lecture estim\u00e9e":"1 minute"},"schema":{"@context":"https:\/\/schema.org","@graph":[{"@type":"WebPage","@id":"https:\/\/www.machinesproduction.fr\/tv\/live-5-schunk\/","url":"https:\/\/www.machinesproduction.fr\/tv\/live-5-schunk\/","name":"Schunk sur le salon Global Industrie 2021","isPartOf":{"@id":"https:\/\/www.machinesproduction.fr\/tv\/#website"},"primaryImageOfPage":{"@id":"https:\/\/www.machinesproduction.fr\/tv\/live-5-schunk\/#primaryimage"},"image":{"@id":"https:\/\/www.machinesproduction.fr\/tv\/live-5-schunk\/#primaryimage"},"thumbnailUrl":"https:\/\/www.machinesproduction.fr\/tv\/wp-content\/uploads\/2021\/09\/GLOBAL-INDUSTRIe.png","datePublished":"2021-11-08T13:40:43+00:00","dateModified":"2021-11-09T13:13:58+00:00","description":"Interview de l'entreprise SCHUNK sur le salon Global Industrie 2021, r\u00e9alis\u00e9e par Patrick Cazier, r\u00e9dacteur de Machines Production.","breadcrumb":{"@id":"https:\/\/www.machinesproduction.fr\/tv\/live-5-schunk\/#breadcrumb"},"inLanguage":"fr-FR","potentialAction":[{"@type":"ReadAction","target":["https:\/\/www.machinesproduction.fr\/tv\/live-5-schunk\/"]}]},{"@type":"ImageObject","inLanguage":"fr-FR","@id":"https:\/\/www.machinesproduction.fr\/tv\/live-5-schunk\/#primaryimage","url":"https:\/\/www.machinesproduction.fr\/tv\/wp-content\/uploads\/2021\/09\/GLOBAL-INDUSTRIe.png","contentUrl":"https:\/\/www.machinesproduction.fr\/tv\/wp-content\/uploads\/2021\/09\/GLOBAL-INDUSTRIe.png","width":1094,"height":409,"caption":"salon global industrie 2021"},{"@type":"BreadcrumbList","@id":"https:\/\/www.machinesproduction.fr\/tv\/live-5-schunk\/#breadcrumb","itemListElement":[{"@type":"ListItem","position":1,"name":"Home","item":"https:\/\/www.machinesproduction.fr\/tv\/"},{"@type":"ListItem","position":2,"name":"Live 5 &#8211; Schunk"}]},{"@type":"WebSite","@id":"https:\/\/www.machinesproduction.fr\/tv\/#website","url":"https:\/\/www.machinesproduction.fr\/tv\/","name":"Machines Production TV","description":"","potentialAction":[{"@type":"SearchAction","target":{"@type":"EntryPoint","urlTemplate":"https:\/\/www.machinesproduction.fr\/tv\/?s={search_term_string}"},"query-input":{"@type":"PropertyValueSpecification","valueRequired":true,"valueName":"search_term_string"}}],"inLanguage":"fr-FR"}]}},"_links":{"self":[{"href":"https:\/\/www.machinesproduction.fr\/tv\/wp-json\/wp\/v2\/pages\/952","targetHints":{"allow":["GET"]}}],"collection":[{"href":"https:\/\/www.machinesproduction.fr\/tv\/wp-json\/wp\/v2\/pages"}],"about":[{"href":"https:\/\/www.machinesproduction.fr\/tv\/wp-json\/wp\/v2\/types\/page"}],"author":[{"embeddable":true,"href":"https:\/\/www.machinesproduction.fr\/tv\/wp-json\/wp\/v2\/users\/2"}],"replies":[{"embeddable":true,"href":"https:\/\/www.machinesproduction.fr\/tv\/wp-json\/wp\/v2\/comments?post=952"}],"version-history":[{"count":3,"href":"https:\/\/www.machinesproduction.fr\/tv\/wp-json\/wp\/v2\/pages\/952\/revisions"}],"predecessor-version":[{"id":957,"href":"https:\/\/www.machinesproduction.fr\/tv\/wp-json\/wp\/v2\/pages\/952\/revisions\/957"}],"wp:attachment":[{"href":"https:\/\/www.machinesproduction.fr\/tv\/wp-json\/wp\/v2\/media?parent=952"}],"wp:term":[{"taxonomy":"wf_page_folders","embeddable":true,"href":"https:\/\/www.machinesproduction.fr\/tv\/wp-json\/wp\/v2\/wf_page_folders?post=952"}],"curies":[{"name":"wp","href":"https:\/\/api.w.org\/{rel}","templated":true}]}}