{"id":948,"date":"2021-11-02T17:33:56","date_gmt":"2021-11-02T16:33:56","guid":{"rendered":"https:\/\/www.machinesproduction.fr\/tv\/?page_id=948"},"modified":"2021-11-02T17:33:56","modified_gmt":"2021-11-02T16:33:56","slug":"live-4-somab","status":"publish","type":"page","link":"https:\/\/www.machinesproduction.fr\/tv\/live-4-somab\/","title":{"rendered":"Live 4 &#8211; Somab"},"content":{"rendered":"<section class=\"wpb-content-wrapper\"><p>[vc_row][vc_column][vc_column_text]<\/p>\n<h1><img loading=\"lazy\" decoding=\"async\" class=\"wp-image-878 alignleft\" src=\"https:\/\/www.machinesproduction.fr\/tv\/wp-content\/uploads\/2021\/09\/GLOBAL-INDUSTRIe.png\" alt=\"salon global industrie 2021\" width=\"201\" height=\"75\" \/><span style=\"color: #459bd9;\">Interview <strong>Somab\u00a0<\/strong><\/span><\/h1>\n<h1><span style=\"color: #459bd9;\"><strong> \u00a0<\/strong><\/span><\/h1>\n<h2><span style=\"color: #459bd9;\">Salon Global Industrie 2021<\/span><\/h2>\n<p>[\/vc_column_text][vc_column_text]Le projet a consist\u00e9 \u00e0 la r\u00e9alisation collaborative d\u2019une cellule d\u2019usinage sur le mod\u00e8le Genymab dot\u00e9e du capteur 3D manipul\u00e9 par un robot 6 axes.<\/p>\n<p><strong>L\u2019objectif<\/strong> consiste \u00e0 d\u00e9velopper une nouvelle fonctionnalit\u00e9 pour une machine-outil multifonction, permettant d\u2019en augmenter la productivit\u00e9, tout en favorisant la pr\u00e9cision des pi\u00e8ces usin\u00e9es.<\/p>\n<p>Il s\u2019agit de d\u00e9velopper une chaine num\u00e9rique innovante bas\u00e9e sur une fonction de contr\u00f4le dimensionnel d\u00e9coupl\u00e9e de la machine et directement reli\u00e9e \u00e0 la chaine num\u00e9rique de conception (CAO) et \u00e0 la commande num\u00e9rique de la machine.<\/p>\n<p>Ceci afin de contr\u00f4ler la g\u00e9om\u00e9trie de la pi\u00e8ce par rapport \u00e0 la CAO, de corriger la strat\u00e9gie d\u2019usinage et les param\u00e8tres d\u2019outils, en vue de r\u00e9aliser une pi\u00e8ce conforme d\u00e8s la premi\u00e8re r\u00e9alisation. Les partenaires du projet sont Somab, I-MC et CEA, secteur usinage de Valduc.[\/vc_column_text][vc_video link=&#8221;https:\/\/youtu.be\/ISu6z6BNfVY&#8221;][vc_btn title=&#8221;Retour aux MP LIVE&#8221; style=&#8221;custom&#8221; custom_background=&#8221;#009ddf&#8221; custom_text=&#8221;#ffffff&#8221; shape=&#8221;round&#8221; i_icon_fontawesome=&#8221;fas fa-arrow-left&#8221; add_icon=&#8221;true&#8221; link=&#8221;url:https%3A%2F%2Fwww.machinesproduction.fr%2Ftv%2Fles-mp-live%2F|title:les%20Focus&#8221;][\/vc_column][\/vc_row]<\/p>\n<\/section>","protected":false},"excerpt":{"rendered":"<p>[vc_row][vc_column][vc_column_text] Interview Somab\u00a0 \u00a0 Salon Global Industrie 2021 [\/vc_column_text][vc_column_text]Le projet a consist\u00e9 \u00e0 la r\u00e9alisation collaborative d\u2019une cellule d\u2019usinage sur le mod\u00e8le Genymab dot\u00e9e du capteur 3D manipul\u00e9 par un robot 6 axes. L\u2019objectif consiste \u00e0 d\u00e9velopper une nouvelle fonctionnalit\u00e9 pour une machine-outil multifonction, permettant d\u2019en augmenter la productivit\u00e9, tout en favorisant la pr\u00e9cision des [&hellip;]<\/p>\n","protected":false},"author":2,"featured_media":0,"parent":0,"menu_order":0,"comment_status":"closed","ping_status":"closed","template":"","meta":{"_monsterinsights_skip_tracking":false,"_monsterinsights_sitenote_active":false,"_monsterinsights_sitenote_note":"","_monsterinsights_sitenote_category":0,"footnotes":""},"wf_page_folders":[13],"class_list":["post-948","page","type-page","status-publish","hentry"],"yoast_head":"<!-- This site is optimized with the Yoast SEO plugin v27.1.1 - https:\/\/yoast.com\/product\/yoast-seo-wordpress\/ -->\n<title>Somab sur le salon Global Industrie 2021<\/title>\n<meta name=\"description\" content=\"Interview de l&#039;entreprise SOMAB sur le salon Global Industrie 2021, r\u00e9alis\u00e9e par Patrick Cazier, r\u00e9dacteur de Machines Production.\" \/>\n<meta name=\"robots\" content=\"index, follow, max-snippet:-1, max-image-preview:large, max-video-preview:-1\" \/>\n<link rel=\"canonical\" href=\"https:\/\/www.machinesproduction.fr\/tv\/live-4-somab\/\" \/>\n<meta property=\"og:locale\" content=\"fr_FR\" \/>\n<meta property=\"og:type\" content=\"article\" \/>\n<meta property=\"og:title\" content=\"Somab sur le salon Global Industrie 2021\" \/>\n<meta property=\"og:description\" content=\"Interview de l&#039;entreprise SOMAB sur le salon Global Industrie 2021, r\u00e9alis\u00e9e par Patrick Cazier, r\u00e9dacteur de Machines Production.\" \/>\n<meta property=\"og:url\" content=\"https:\/\/www.machinesproduction.fr\/tv\/live-4-somab\/\" \/>\n<meta property=\"og:site_name\" content=\"Machines Production TV\" \/>\n<meta property=\"og:image\" content=\"https:\/\/www.machinesproduction.fr\/tv\/wp-content\/uploads\/2021\/09\/GLOBAL-INDUSTRIe.png\" \/>\n<meta name=\"twitter:card\" content=\"summary_large_image\" \/>\n<meta name=\"twitter:label1\" content=\"Dur\u00e9e de lecture estim\u00e9e\" \/>\n\t<meta name=\"twitter:data1\" content=\"1 minute\" \/>\n<script type=\"application\/ld+json\" class=\"yoast-schema-graph\">{\"@context\":\"https:\/\/schema.org\",\"@graph\":[{\"@type\":\"WebPage\",\"@id\":\"https:\/\/www.machinesproduction.fr\/tv\/live-4-somab\/\",\"url\":\"https:\/\/www.machinesproduction.fr\/tv\/live-4-somab\/\",\"name\":\"Somab sur le salon Global Industrie 2021\",\"isPartOf\":{\"@id\":\"https:\/\/www.machinesproduction.fr\/tv\/#website\"},\"primaryImageOfPage\":{\"@id\":\"https:\/\/www.machinesproduction.fr\/tv\/live-4-somab\/#primaryimage\"},\"image\":{\"@id\":\"https:\/\/www.machinesproduction.fr\/tv\/live-4-somab\/#primaryimage\"},\"thumbnailUrl\":\"https:\/\/www.machinesproduction.fr\/tv\/wp-content\/uploads\/2021\/09\/GLOBAL-INDUSTRIe.png\",\"datePublished\":\"2021-11-02T16:33:56+00:00\",\"description\":\"Interview de l'entreprise SOMAB sur le salon Global Industrie 2021, r\u00e9alis\u00e9e par Patrick Cazier, r\u00e9dacteur de Machines Production.\",\"breadcrumb\":{\"@id\":\"https:\/\/www.machinesproduction.fr\/tv\/live-4-somab\/#breadcrumb\"},\"inLanguage\":\"fr-FR\",\"potentialAction\":[{\"@type\":\"ReadAction\",\"target\":[\"https:\/\/www.machinesproduction.fr\/tv\/live-4-somab\/\"]}]},{\"@type\":\"ImageObject\",\"inLanguage\":\"fr-FR\",\"@id\":\"https:\/\/www.machinesproduction.fr\/tv\/live-4-somab\/#primaryimage\",\"url\":\"https:\/\/www.machinesproduction.fr\/tv\/wp-content\/uploads\/2021\/09\/GLOBAL-INDUSTRIe.png\",\"contentUrl\":\"https:\/\/www.machinesproduction.fr\/tv\/wp-content\/uploads\/2021\/09\/GLOBAL-INDUSTRIe.png\",\"width\":1094,\"height\":409,\"caption\":\"salon global industrie 2021\"},{\"@type\":\"BreadcrumbList\",\"@id\":\"https:\/\/www.machinesproduction.fr\/tv\/live-4-somab\/#breadcrumb\",\"itemListElement\":[{\"@type\":\"ListItem\",\"position\":1,\"name\":\"Home\",\"item\":\"https:\/\/www.machinesproduction.fr\/tv\/\"},{\"@type\":\"ListItem\",\"position\":2,\"name\":\"Live 4 &#8211; Somab\"}]},{\"@type\":\"WebSite\",\"@id\":\"https:\/\/www.machinesproduction.fr\/tv\/#website\",\"url\":\"https:\/\/www.machinesproduction.fr\/tv\/\",\"name\":\"Machines Production TV\",\"description\":\"\",\"potentialAction\":[{\"@type\":\"SearchAction\",\"target\":{\"@type\":\"EntryPoint\",\"urlTemplate\":\"https:\/\/www.machinesproduction.fr\/tv\/?s={search_term_string}\"},\"query-input\":{\"@type\":\"PropertyValueSpecification\",\"valueRequired\":true,\"valueName\":\"search_term_string\"}}],\"inLanguage\":\"fr-FR\"}]}<\/script>\n<!-- \/ Yoast SEO plugin. -->","yoast_head_json":{"title":"Somab sur le salon Global Industrie 2021","description":"Interview de l'entreprise SOMAB sur le salon Global Industrie 2021, r\u00e9alis\u00e9e par Patrick Cazier, r\u00e9dacteur de Machines Production.","robots":{"index":"index","follow":"follow","max-snippet":"max-snippet:-1","max-image-preview":"max-image-preview:large","max-video-preview":"max-video-preview:-1"},"canonical":"https:\/\/www.machinesproduction.fr\/tv\/live-4-somab\/","og_locale":"fr_FR","og_type":"article","og_title":"Somab sur le salon Global Industrie 2021","og_description":"Interview de l'entreprise SOMAB sur le salon Global Industrie 2021, r\u00e9alis\u00e9e par Patrick Cazier, r\u00e9dacteur de Machines Production.","og_url":"https:\/\/www.machinesproduction.fr\/tv\/live-4-somab\/","og_site_name":"Machines Production TV","og_image":[{"url":"https:\/\/www.machinesproduction.fr\/tv\/wp-content\/uploads\/2021\/09\/GLOBAL-INDUSTRIe.png","type":"","width":"","height":""}],"twitter_card":"summary_large_image","twitter_misc":{"Dur\u00e9e de lecture estim\u00e9e":"1 minute"},"schema":{"@context":"https:\/\/schema.org","@graph":[{"@type":"WebPage","@id":"https:\/\/www.machinesproduction.fr\/tv\/live-4-somab\/","url":"https:\/\/www.machinesproduction.fr\/tv\/live-4-somab\/","name":"Somab sur le salon Global Industrie 2021","isPartOf":{"@id":"https:\/\/www.machinesproduction.fr\/tv\/#website"},"primaryImageOfPage":{"@id":"https:\/\/www.machinesproduction.fr\/tv\/live-4-somab\/#primaryimage"},"image":{"@id":"https:\/\/www.machinesproduction.fr\/tv\/live-4-somab\/#primaryimage"},"thumbnailUrl":"https:\/\/www.machinesproduction.fr\/tv\/wp-content\/uploads\/2021\/09\/GLOBAL-INDUSTRIe.png","datePublished":"2021-11-02T16:33:56+00:00","description":"Interview de l'entreprise SOMAB sur le salon Global Industrie 2021, r\u00e9alis\u00e9e par Patrick Cazier, r\u00e9dacteur de Machines Production.","breadcrumb":{"@id":"https:\/\/www.machinesproduction.fr\/tv\/live-4-somab\/#breadcrumb"},"inLanguage":"fr-FR","potentialAction":[{"@type":"ReadAction","target":["https:\/\/www.machinesproduction.fr\/tv\/live-4-somab\/"]}]},{"@type":"ImageObject","inLanguage":"fr-FR","@id":"https:\/\/www.machinesproduction.fr\/tv\/live-4-somab\/#primaryimage","url":"https:\/\/www.machinesproduction.fr\/tv\/wp-content\/uploads\/2021\/09\/GLOBAL-INDUSTRIe.png","contentUrl":"https:\/\/www.machinesproduction.fr\/tv\/wp-content\/uploads\/2021\/09\/GLOBAL-INDUSTRIe.png","width":1094,"height":409,"caption":"salon global industrie 2021"},{"@type":"BreadcrumbList","@id":"https:\/\/www.machinesproduction.fr\/tv\/live-4-somab\/#breadcrumb","itemListElement":[{"@type":"ListItem","position":1,"name":"Home","item":"https:\/\/www.machinesproduction.fr\/tv\/"},{"@type":"ListItem","position":2,"name":"Live 4 &#8211; Somab"}]},{"@type":"WebSite","@id":"https:\/\/www.machinesproduction.fr\/tv\/#website","url":"https:\/\/www.machinesproduction.fr\/tv\/","name":"Machines Production TV","description":"","potentialAction":[{"@type":"SearchAction","target":{"@type":"EntryPoint","urlTemplate":"https:\/\/www.machinesproduction.fr\/tv\/?s={search_term_string}"},"query-input":{"@type":"PropertyValueSpecification","valueRequired":true,"valueName":"search_term_string"}}],"inLanguage":"fr-FR"}]}},"_links":{"self":[{"href":"https:\/\/www.machinesproduction.fr\/tv\/wp-json\/wp\/v2\/pages\/948","targetHints":{"allow":["GET"]}}],"collection":[{"href":"https:\/\/www.machinesproduction.fr\/tv\/wp-json\/wp\/v2\/pages"}],"about":[{"href":"https:\/\/www.machinesproduction.fr\/tv\/wp-json\/wp\/v2\/types\/page"}],"author":[{"embeddable":true,"href":"https:\/\/www.machinesproduction.fr\/tv\/wp-json\/wp\/v2\/users\/2"}],"replies":[{"embeddable":true,"href":"https:\/\/www.machinesproduction.fr\/tv\/wp-json\/wp\/v2\/comments?post=948"}],"version-history":[{"count":3,"href":"https:\/\/www.machinesproduction.fr\/tv\/wp-json\/wp\/v2\/pages\/948\/revisions"}],"predecessor-version":[{"id":951,"href":"https:\/\/www.machinesproduction.fr\/tv\/wp-json\/wp\/v2\/pages\/948\/revisions\/951"}],"wp:attachment":[{"href":"https:\/\/www.machinesproduction.fr\/tv\/wp-json\/wp\/v2\/media?parent=948"}],"wp:term":[{"taxonomy":"wf_page_folders","embeddable":true,"href":"https:\/\/www.machinesproduction.fr\/tv\/wp-json\/wp\/v2\/wf_page_folders?post=948"}],"curies":[{"name":"wp","href":"https:\/\/api.w.org\/{rel}","templated":true}]}}