{"id":906,"date":"2021-10-01T15:36:22","date_gmt":"2021-10-01T14:36:22","guid":{"rendered":"https:\/\/www.machinesproduction.fr\/tv\/?page_id=906"},"modified":"2021-10-01T18:37:47","modified_gmt":"2021-10-01T17:37:47","slug":"live-3-techplus","status":"publish","type":"page","link":"https:\/\/www.machinesproduction.fr\/tv\/live-3-techplus\/","title":{"rendered":"Live 3 &#8211; Techplus"},"content":{"rendered":"<section class=\"wpb-content-wrapper\"><p>[vc_row][vc_column][vc_column_text]<\/p>\n<h1><img loading=\"lazy\" decoding=\"async\" class=\"wp-image-878 alignleft\" src=\"https:\/\/www.machinesproduction.fr\/tv\/wp-content\/uploads\/2021\/09\/GLOBAL-INDUSTRIe.png\" alt=\"salon global industrie 2021\" width=\"201\" height=\"75\" \/><span style=\"color: #459bd9;\">Interview <strong>Techplus Ing\u00e9nierie Robotique<\/strong><\/span><\/h1>\n<h2><span style=\"color: #459bd9;\">Salon Global Industrie 2021<\/span><\/h2>\n<p>[\/vc_column_text][vc_column_text]<strong>David Gabert<\/strong>, directeur op\u00e9rationnel de <strong>Techplus Ing\u00e9nierie robotique<\/strong>, nous pr\u00e9sente sa cellule d\u2019\u00e9bavurage, d\u2019usinage et de brossage. Celle-ci fonctionne selon deux modes\u00a0: la pi\u00e8ce est fix\u00e9e sur une table, et le robot, muni d\u2019une broche et d\u2019un outil, vient r\u00e9aliser des op\u00e9rations de contournage ou de chanfreinage, par exemple. Dans le second mode de fonctionnement, c\u2019est le robot qui porte la pi\u00e8ce, il s\u2019\u00e9quipe alors d&#8217;une pince, afin de la pr\u00e9senter sur diff\u00e9rents postes de parach\u00e8vement. La cellule est \u00e9quip\u00e9e d\u2019un magasin d\u2019outils et elle vient donc remplacer des op\u00e9rations qui \u00e9taient r\u00e9alis\u00e9es pour la plupart manuellement.<\/p>\n<p>Fond\u00e9e en 1994 par Lionel Sublet, Techplus, qui emploie une trentaine de personnes \u00e0 Reignier-Esery (Haute-Savoie), a commenc\u00e9 son activit\u00e9 par la conception de cellules robotis\u00e9es de chargement-d\u00e9chargement de machines-outils, avant de se d\u00e9velopper vers des solutions pour des <strong>op\u00e9rations de parach\u00e8vement de pi\u00e8ces en sortie de machines-outils.<\/strong>[\/vc_column_text][vc_video link=&#8221;https:\/\/youtu.be\/edczqd6SyC0&#8243;][vc_btn title=&#8221;Retour aux MP LIVE&#8221; style=&#8221;custom&#8221; custom_background=&#8221;#009ddf&#8221; custom_text=&#8221;#ffffff&#8221; shape=&#8221;round&#8221; i_icon_fontawesome=&#8221;fas fa-arrow-left&#8221; add_icon=&#8221;true&#8221; link=&#8221;url:https%3A%2F%2Fwww.machinesproduction.fr%2Ftv%2Fles-mp-live%2F|title:les%20Focus&#8221;][\/vc_column][\/vc_row]<\/p>\n<\/section>","protected":false},"excerpt":{"rendered":"<p>[vc_row][vc_column][vc_column_text] Interview Techplus Ing\u00e9nierie Robotique Salon Global Industrie 2021 [\/vc_column_text][vc_column_text]David Gabert, directeur op\u00e9rationnel de Techplus Ing\u00e9nierie robotique, nous pr\u00e9sente sa cellule d\u2019\u00e9bavurage, d\u2019usinage et de brossage. Celle-ci fonctionne selon deux modes\u00a0: la pi\u00e8ce est fix\u00e9e sur une table, et le robot, muni d\u2019une broche et d\u2019un outil, vient r\u00e9aliser des op\u00e9rations de contournage ou de [&hellip;]<\/p>\n","protected":false},"author":3,"featured_media":0,"parent":0,"menu_order":0,"comment_status":"closed","ping_status":"closed","template":"","meta":{"_monsterinsights_skip_tracking":false,"_monsterinsights_sitenote_active":false,"_monsterinsights_sitenote_note":"","_monsterinsights_sitenote_category":0,"footnotes":""},"wf_page_folders":[13],"class_list":["post-906","page","type-page","status-publish","hentry"],"yoast_head":"<!-- This site is optimized with the Yoast SEO plugin v27.1.1 - https:\/\/yoast.com\/product\/yoast-seo-wordpress\/ -->\n<title>Techplus Ing\u00e9nierie Robotique sur le salon Global Industrie 2021<\/title>\n<meta name=\"description\" content=\"Interview de David Gabert, directeur op\u00e9rationnel de Techplus Ing\u00e9nierie robotique sur le salon Global Industrie 2021. R\u00e9alis\u00e9 par J\u00e9r\u00f4me Meyrand, r\u00e9dacteur en chef de Machines Production.\" \/>\n<meta name=\"robots\" content=\"index, follow, max-snippet:-1, max-image-preview:large, max-video-preview:-1\" \/>\n<link rel=\"canonical\" href=\"https:\/\/www.machinesproduction.fr\/tv\/live-3-techplus\/\" \/>\n<meta property=\"og:locale\" content=\"fr_FR\" \/>\n<meta property=\"og:type\" content=\"article\" \/>\n<meta property=\"og:title\" content=\"Techplus Ing\u00e9nierie Robotique sur le salon Global Industrie 2021\" \/>\n<meta property=\"og:description\" content=\"Interview de David Gabert, directeur op\u00e9rationnel de Techplus Ing\u00e9nierie robotique sur le salon Global Industrie 2021. R\u00e9alis\u00e9 par J\u00e9r\u00f4me Meyrand, r\u00e9dacteur en chef de Machines Production.\" \/>\n<meta property=\"og:url\" content=\"https:\/\/www.machinesproduction.fr\/tv\/live-3-techplus\/\" \/>\n<meta property=\"og:site_name\" content=\"Machines Production TV\" \/>\n<meta property=\"article:modified_time\" content=\"2021-10-01T17:37:47+00:00\" \/>\n<meta property=\"og:image\" content=\"https:\/\/www.machinesproduction.fr\/tv\/wp-content\/uploads\/2021\/09\/GLOBAL-INDUSTRIe.png\" \/>\n<meta name=\"twitter:card\" content=\"summary_large_image\" \/>\n<meta name=\"twitter:label1\" content=\"Dur\u00e9e de lecture estim\u00e9e\" \/>\n\t<meta name=\"twitter:data1\" content=\"1 minute\" \/>\n<script type=\"application\/ld+json\" class=\"yoast-schema-graph\">{\"@context\":\"https:\/\/schema.org\",\"@graph\":[{\"@type\":\"WebPage\",\"@id\":\"https:\/\/www.machinesproduction.fr\/tv\/live-3-techplus\/\",\"url\":\"https:\/\/www.machinesproduction.fr\/tv\/live-3-techplus\/\",\"name\":\"Techplus Ing\u00e9nierie Robotique sur le salon Global Industrie 2021\",\"isPartOf\":{\"@id\":\"https:\/\/www.machinesproduction.fr\/tv\/#website\"},\"primaryImageOfPage\":{\"@id\":\"https:\/\/www.machinesproduction.fr\/tv\/live-3-techplus\/#primaryimage\"},\"image\":{\"@id\":\"https:\/\/www.machinesproduction.fr\/tv\/live-3-techplus\/#primaryimage\"},\"thumbnailUrl\":\"https:\/\/www.machinesproduction.fr\/tv\/wp-content\/uploads\/2021\/09\/GLOBAL-INDUSTRIe.png\",\"datePublished\":\"2021-10-01T14:36:22+00:00\",\"dateModified\":\"2021-10-01T17:37:47+00:00\",\"description\":\"Interview de David Gabert, directeur op\u00e9rationnel de Techplus Ing\u00e9nierie robotique sur le salon Global Industrie 2021. R\u00e9alis\u00e9 par J\u00e9r\u00f4me Meyrand, r\u00e9dacteur en chef de Machines Production.\",\"breadcrumb\":{\"@id\":\"https:\/\/www.machinesproduction.fr\/tv\/live-3-techplus\/#breadcrumb\"},\"inLanguage\":\"fr-FR\",\"potentialAction\":[{\"@type\":\"ReadAction\",\"target\":[\"https:\/\/www.machinesproduction.fr\/tv\/live-3-techplus\/\"]}]},{\"@type\":\"ImageObject\",\"inLanguage\":\"fr-FR\",\"@id\":\"https:\/\/www.machinesproduction.fr\/tv\/live-3-techplus\/#primaryimage\",\"url\":\"https:\/\/www.machinesproduction.fr\/tv\/wp-content\/uploads\/2021\/09\/GLOBAL-INDUSTRIe.png\",\"contentUrl\":\"https:\/\/www.machinesproduction.fr\/tv\/wp-content\/uploads\/2021\/09\/GLOBAL-INDUSTRIe.png\",\"width\":1094,\"height\":409,\"caption\":\"salon global industrie 2021\"},{\"@type\":\"BreadcrumbList\",\"@id\":\"https:\/\/www.machinesproduction.fr\/tv\/live-3-techplus\/#breadcrumb\",\"itemListElement\":[{\"@type\":\"ListItem\",\"position\":1,\"name\":\"Home\",\"item\":\"https:\/\/www.machinesproduction.fr\/tv\/\"},{\"@type\":\"ListItem\",\"position\":2,\"name\":\"Live 3 &#8211; Techplus\"}]},{\"@type\":\"WebSite\",\"@id\":\"https:\/\/www.machinesproduction.fr\/tv\/#website\",\"url\":\"https:\/\/www.machinesproduction.fr\/tv\/\",\"name\":\"Machines Production TV\",\"description\":\"\",\"potentialAction\":[{\"@type\":\"SearchAction\",\"target\":{\"@type\":\"EntryPoint\",\"urlTemplate\":\"https:\/\/www.machinesproduction.fr\/tv\/?s={search_term_string}\"},\"query-input\":{\"@type\":\"PropertyValueSpecification\",\"valueRequired\":true,\"valueName\":\"search_term_string\"}}],\"inLanguage\":\"fr-FR\"}]}<\/script>\n<!-- \/ Yoast SEO plugin. -->","yoast_head_json":{"title":"Techplus Ing\u00e9nierie Robotique sur le salon Global Industrie 2021","description":"Interview de David Gabert, directeur op\u00e9rationnel de Techplus Ing\u00e9nierie robotique sur le salon Global Industrie 2021. R\u00e9alis\u00e9 par J\u00e9r\u00f4me Meyrand, r\u00e9dacteur en chef de Machines Production.","robots":{"index":"index","follow":"follow","max-snippet":"max-snippet:-1","max-image-preview":"max-image-preview:large","max-video-preview":"max-video-preview:-1"},"canonical":"https:\/\/www.machinesproduction.fr\/tv\/live-3-techplus\/","og_locale":"fr_FR","og_type":"article","og_title":"Techplus Ing\u00e9nierie Robotique sur le salon Global Industrie 2021","og_description":"Interview de David Gabert, directeur op\u00e9rationnel de Techplus Ing\u00e9nierie robotique sur le salon Global Industrie 2021. R\u00e9alis\u00e9 par J\u00e9r\u00f4me Meyrand, r\u00e9dacteur en chef de Machines Production.","og_url":"https:\/\/www.machinesproduction.fr\/tv\/live-3-techplus\/","og_site_name":"Machines Production TV","article_modified_time":"2021-10-01T17:37:47+00:00","og_image":[{"url":"https:\/\/www.machinesproduction.fr\/tv\/wp-content\/uploads\/2021\/09\/GLOBAL-INDUSTRIe.png","type":"","width":"","height":""}],"twitter_card":"summary_large_image","twitter_misc":{"Dur\u00e9e de lecture estim\u00e9e":"1 minute"},"schema":{"@context":"https:\/\/schema.org","@graph":[{"@type":"WebPage","@id":"https:\/\/www.machinesproduction.fr\/tv\/live-3-techplus\/","url":"https:\/\/www.machinesproduction.fr\/tv\/live-3-techplus\/","name":"Techplus Ing\u00e9nierie Robotique sur le salon Global Industrie 2021","isPartOf":{"@id":"https:\/\/www.machinesproduction.fr\/tv\/#website"},"primaryImageOfPage":{"@id":"https:\/\/www.machinesproduction.fr\/tv\/live-3-techplus\/#primaryimage"},"image":{"@id":"https:\/\/www.machinesproduction.fr\/tv\/live-3-techplus\/#primaryimage"},"thumbnailUrl":"https:\/\/www.machinesproduction.fr\/tv\/wp-content\/uploads\/2021\/09\/GLOBAL-INDUSTRIe.png","datePublished":"2021-10-01T14:36:22+00:00","dateModified":"2021-10-01T17:37:47+00:00","description":"Interview de David Gabert, directeur op\u00e9rationnel de Techplus Ing\u00e9nierie robotique sur le salon Global Industrie 2021. R\u00e9alis\u00e9 par J\u00e9r\u00f4me Meyrand, r\u00e9dacteur en chef de Machines Production.","breadcrumb":{"@id":"https:\/\/www.machinesproduction.fr\/tv\/live-3-techplus\/#breadcrumb"},"inLanguage":"fr-FR","potentialAction":[{"@type":"ReadAction","target":["https:\/\/www.machinesproduction.fr\/tv\/live-3-techplus\/"]}]},{"@type":"ImageObject","inLanguage":"fr-FR","@id":"https:\/\/www.machinesproduction.fr\/tv\/live-3-techplus\/#primaryimage","url":"https:\/\/www.machinesproduction.fr\/tv\/wp-content\/uploads\/2021\/09\/GLOBAL-INDUSTRIe.png","contentUrl":"https:\/\/www.machinesproduction.fr\/tv\/wp-content\/uploads\/2021\/09\/GLOBAL-INDUSTRIe.png","width":1094,"height":409,"caption":"salon global industrie 2021"},{"@type":"BreadcrumbList","@id":"https:\/\/www.machinesproduction.fr\/tv\/live-3-techplus\/#breadcrumb","itemListElement":[{"@type":"ListItem","position":1,"name":"Home","item":"https:\/\/www.machinesproduction.fr\/tv\/"},{"@type":"ListItem","position":2,"name":"Live 3 &#8211; Techplus"}]},{"@type":"WebSite","@id":"https:\/\/www.machinesproduction.fr\/tv\/#website","url":"https:\/\/www.machinesproduction.fr\/tv\/","name":"Machines Production TV","description":"","potentialAction":[{"@type":"SearchAction","target":{"@type":"EntryPoint","urlTemplate":"https:\/\/www.machinesproduction.fr\/tv\/?s={search_term_string}"},"query-input":{"@type":"PropertyValueSpecification","valueRequired":true,"valueName":"search_term_string"}}],"inLanguage":"fr-FR"}]}},"_links":{"self":[{"href":"https:\/\/www.machinesproduction.fr\/tv\/wp-json\/wp\/v2\/pages\/906","targetHints":{"allow":["GET"]}}],"collection":[{"href":"https:\/\/www.machinesproduction.fr\/tv\/wp-json\/wp\/v2\/pages"}],"about":[{"href":"https:\/\/www.machinesproduction.fr\/tv\/wp-json\/wp\/v2\/types\/page"}],"author":[{"embeddable":true,"href":"https:\/\/www.machinesproduction.fr\/tv\/wp-json\/wp\/v2\/users\/3"}],"replies":[{"embeddable":true,"href":"https:\/\/www.machinesproduction.fr\/tv\/wp-json\/wp\/v2\/comments?post=906"}],"version-history":[{"count":5,"href":"https:\/\/www.machinesproduction.fr\/tv\/wp-json\/wp\/v2\/pages\/906\/revisions"}],"predecessor-version":[{"id":913,"href":"https:\/\/www.machinesproduction.fr\/tv\/wp-json\/wp\/v2\/pages\/906\/revisions\/913"}],"wp:attachment":[{"href":"https:\/\/www.machinesproduction.fr\/tv\/wp-json\/wp\/v2\/media?parent=906"}],"wp:term":[{"taxonomy":"wf_page_folders","embeddable":true,"href":"https:\/\/www.machinesproduction.fr\/tv\/wp-json\/wp\/v2\/wf_page_folders?post=906"}],"curies":[{"name":"wp","href":"https:\/\/api.w.org\/{rel}","templated":true}]}}