{"id":850,"date":"2021-07-22T15:00:54","date_gmt":"2021-07-22T14:00:54","guid":{"rendered":"https:\/\/www.machinesproduction.fr\/tv\/?page_id=850"},"modified":"2022-05-06T11:02:30","modified_gmt":"2022-05-06T10:02:30","slug":"benjamin-frugier-fim","status":"publish","type":"page","link":"https:\/\/www.machinesproduction.fr\/tv\/benjamin-frugier-fim\/","title":{"rendered":"Benjamin Frugier &#8211; FIM"},"content":{"rendered":"<section class=\"wpb-content-wrapper\"><p>[vc_section][vc_row equal_height=&#8221;yes&#8221;][vc_column width=&#8221;1\/2&#8243; centered_cont_vertical=&#8221;true&#8221;][media image=&#8221;447&#8243;][\/vc_column][vc_column width=&#8221;1\/2&#8243; centered_cont_vertical=&#8221;true&#8221;][block_title]<\/p>\n<h1 class=\"vc_custom_heading vc_custom_1616688787607\" style=\"text-align: left;\"><strong>Benjamin FRUGIER<\/strong><\/h1>\n<p>[\/block_title][block_title]<\/p>\n<h2 style=\"text-align: left;\">FIM &#8211; F\u00e9d\u00e9ration des Industries M\u00e9caniques<\/h2>\n<h2 style=\"text-align: left;\">Directeur du D\u00e9veloppement des Entreprises et Projets<\/h2>\n<p>[\/block_title][\/vc_column][\/vc_row][vc_row][vc_column][vc_empty_space height=&#8221;60px&#8221;][\/vc_column][\/vc_row][\/vc_section][vc_row][vc_column width=&#8221;2\/3&#8243;][vc_column_text]<\/p>\n<h2 style=\"text-align: left;\"><span style=\"color: #333333;\">Qui est Benjamin Frugier ?<\/span><\/h2>\n<p><span style=\"color: #333333;\">Directeur du d\u00e9veloppement des entreprises et des projets de la FIM, Benjamin Frugier a pris la direction de ce nouveau poste, cr\u00e9\u00e9 en 2016, au sein de la F\u00e9d\u00e9ration des industries m\u00e9caniques. C\u2019est dans le contexte d\u2019une \u00ab\u00a0inflexion sur le suivi des march\u00e9s\u00a0\u00bb que cette direction a vu le jour. Laquelle englobe plusieurs champs d\u2019activit\u00e9s : march\u00e9s, \u00e9conomie, environnement, r\u00e9glementation technique et innovation, affaires europ\u00e9ennes et internationales, digitalisation des entreprises, surr\u00e8glementation et surveillance du march\u00e9.<\/span><\/p>\n<p><span style=\"color: #333333;\">Benjamin Frugier a d\u2019abord occup\u00e9 plusieurs fonctions au sein de la FIM. Il est entr\u00e9 \u00e0 la f\u00e9d\u00e9ration en tant que responsable de la r\u00e9glementation technique et innovation, avant de prendre en charge la direction des affaires europ\u00e9ennes et internationales. \u00ab\u00a0Mon action a du sens pour moi, dans la mesure o\u00f9 nous servons des int\u00e9r\u00eats collectifs\u00a0\u00bb, \u00e9voque-t-il au cours d\u2019une vid\u00e9o, pr\u00e9sentant les diff\u00e9rents employ\u00e9s de la F\u00e9d\u00e9ration des industries m\u00e9caniques.<\/span><\/p>\n<p><span style=\"color: #333333;\"><strong>\u00ab\u00a0Donner le plus pr\u00e9cis\u00e9ment et le plus rapidement des informations qui seront utiles aux entreprises\u00a0\u00bb<\/strong><\/span><\/p>\n<p><span style=\"color: #333333;\">Benjamin Frugier se dit d\u2019ailleurs tr\u00e8s attach\u00e9 au travail en r\u00e9seau, qui offre \u00ab une incroyable diversit\u00e9 d\u2019acteurs, des entreprises aux pouvoirs publics, en passant par les syndicats professionnels \u00bb.<\/span><\/p>\n<p><span style=\"color: #333333;\">Sa fonction est de chercher \u00e0 \u00ab\u00a0donner le plus pr\u00e9cis\u00e9ment et le plus rapidement des informations qui seront utiles aux entreprises\u00a0\u00bb. Le directeur du d\u00e9veloppement des entreprises et des projets g\u00e8re \u00e0 la fois les r\u00e9glementations li\u00e9es \u00e0 l\u2019export, \u00ab\u00a0tout ce qui touche aux douanes, aux biens \u00e0 double usage, aux sanctions\u00a0\u00bb, et la transformation digitale.<\/span><\/p>\n<h3><span style=\"color: #333333;\"><strong>Elargir l\u2019expertise<\/strong><\/span><\/h3>\n<p><span style=\"color: #333333;\">Alors que l\u2019un des d\u00e9fis pour une entreprise est d\u2019identifier au plus vite les informations qui ont un impact sur son activit\u00e9, Benjamin Frugier assure pour cela une veille de ces informations, afin de donner aux entreprises de m\u00e9canique \u00ab\u00a0les moyens de s\u2019adapter et de prendre des d\u00e9cisions avis\u00e9es sur la base de notes d\u2019informations ou de r\u00e9ponses \u00e0 des questions sp\u00e9cifiques\u00a0\u00bb. D\u2019ailleurs, le directeur a pu tr\u00e8s vite constater que les adh\u00e9rents de la FIM \u00e9taient tr\u00e8s demandeurs \u00ab\u00a0d\u2019\u00e9clairage et d\u2019accompagnements, aussi bien sur du court terme que sur du long terme\u00a0\u00bb. Comme les droits de douane applicables pour une exportation aux Etats-Unis. Benjamin Frugier a d\u00e9velopp\u00e9 une comp\u00e9tence sp\u00e9cifique qui permet d\u2019\u00e9largir l\u2019expertise de la FIM et de r\u00e9pondre aux entreprises sur les sujets complexes \u00e0 appr\u00e9hender, comme les sanctions europ\u00e9ennes ou am\u00e9ricaines, ces derni\u00e8res \u00e9tant extraterritoriales.<\/span><\/p>\n<h3><span style=\"color: #333333;\"><strong>Comit\u00e9 de digitalisation<\/strong><\/span><\/h3>\n<p><span style=\"color: #333333;\">L\u2019autre volet de son activit\u00e9 concerne donc la transformation digitale. L\u00e0 aussi, les entreprises ont besoin d\u2019informations sur les \u00e9volutions \u00e0 plus long terme, comme par exemple, le d\u00e9ploiement de l\u2019intelligence artificielle. M. Frugier a mis en place un comit\u00e9 de digitalisation, qui r\u00e9unit une cinquantaine d\u2019industriels, avec des travaux autour de l\u2019interop\u00e9rabilit\u00e9, l\u2019intelligence artificielle, et la cybers\u00e9curit\u00e9.<\/span><\/p>\n<p><span style=\"color: #333333;\">\u00ab\u00a0Nous invitons r\u00e9guli\u00e8rement des acteurs de ces domaines, en particulier des grands clients, ce qui permet aux entreprises m\u00e9caniciennes de se projeter et de prendre en compte ces \u00e9volutions dans leur offre\u00a0\u00bb, explique-t-il.<\/span>[\/vc_column_text][\/vc_column][vc_column width=&#8221;1\/3&#8243; css=&#8221;.vc_custom_1626961313139{background-color: #ededed !important;}&#8221;][vc_column_text]<a href=\"https:\/\/www.machinesproduction.fr\/tv\/plan-france-relance\/\"><img loading=\"lazy\" decoding=\"async\" class=\"aligncenter wp-image-853 size-full\" src=\"https:\/\/www.machinesproduction.fr\/tv\/wp-content\/uploads\/2021\/07\/Benjamin-Frugier-FIM.png\" alt=\"f\u00e9d\u00e9ration industries m\u00e9caniques Benjamin Frugier\" width=\"1245\" height=\"908\" \/><\/a>[\/vc_column_text][vc_column_text]<\/p>\n<p style=\"text-align: center;\"><span style=\"color: #333333;\">Retrouvez l&#8217;interview de <strong>Benjamin Frugier<\/strong> dans l&#8217;\u00e9mission consacr\u00e9 au <strong>&#8220;Plan France Relance&#8221;<\/strong><\/span><\/p>\n<p>[\/vc_column_text][vc_btn title=&#8221;Voir l&#8217;\u00e9mission&#8221; style=&#8221;custom&#8221; custom_background=&#8221;#459bd9&#8243; custom_text=&#8221;#ffffff&#8221; shape=&#8221;round&#8221; size=&#8221;lg&#8221; align=&#8221;center&#8221; link=&#8221;url:https%3A%2F%2Fwww.machinesproduction.fr%2Ftv%2Fplan-france-relance%2F|title:Emission%201%20Plan%20France%20Relance&#8221;][vc_empty_space height=&#8221;25px&#8221;][\/vc_column][\/vc_row][vc_row equal_height=&#8221;yes&#8221; content_placement=&#8221;top&#8221;][vc_column width=&#8221;2\/3&#8243;][vc_column_text]<\/p>\n<h2><span style=\"color: #333333;\"><strong>La FIM (F\u00e9d\u00e9ration des industries m\u00e9caniques)<\/strong><\/span><\/h2>\n<p><span style=\"color: #333333;\">La F\u00e9d\u00e9ration des industries m\u00e9caniques (FIM) rassemble une vingtaine de syndicats professionnels et compte dans ses rangs pas moins de 3 000 entreprises m\u00e9caniciennes. D\u2019ailleurs, c\u2019est une des plus importantes f\u00e9d\u00e9rations industrielles au sein de France Industrie, un lobby cr\u00e9\u00e9 en 2018 afin de promouvoir l\u2019industrie tricolore aupr\u00e8s des instances publiques, notamment.<\/span><\/p>\n<p><span style=\"color: #333333;\">Bas\u00e9e \u00e0 Courbevoie (Hauts-de-Seine), la FIM s\u2019efforce \u00ab\u00a0d\u2019assurer aux entreprises qu\u2019elle repr\u00e9sente un cadre favorable \u00e0 leur croissance et leur comp\u00e9titivit\u00e9\u00a0\u00bb, souligne-t-elle sur son portail Web. Son pr\u00e9sident Henri Morel rench\u00e9rit\u00a0: \u00ab\u00a0Pour r\u00e9pondre aux grands d\u00e9fis du XXIe si\u00e8cle, les industries m\u00e9caniques doivent b\u00e9n\u00e9ficier d\u2019un cadre \u00e9conomique, fiscal et juridique favorable. Pour cela, elles ont besoin d\u2019une f\u00e9d\u00e9ration capable de collaborer avec tout son \u00e9cosyst\u00e8me pour les repr\u00e9senter, les accompagner dans leur d\u00e9veloppement et les valoriser au plus haut niveau.\u00a0\u00bb<\/span><\/p>\n<h3><span style=\"color: #333333;\"><strong>Cinq engagements<\/strong><\/span><\/h3>\n<p><span style=\"color: #333333;\">En plus d\u2019accompagner \u00ab\u00a0de fa\u00e7on op\u00e9rationnelle\u00a0\u00bb, pr\u00e9cise-t-elle, les entreprises m\u00e9caniciennes dans leur d\u00e9veloppement et leur transformation, la FIM agit pour am\u00e9liorer l\u2019image des industries m\u00e9caniques et ainsi contribuer \u00e0 l\u2019attractivit\u00e9 de leurs m\u00e9tiers.<\/span><\/p>\n<p><span style=\"color: #333333;\">Membre fondatrice de l\u2019Alliance Industrie du Futur, la F\u00e9d\u00e9ration des industries m\u00e9caniques s\u2019est fix\u00e9 cinq engagements vis-\u00e0-vis des m\u00e9caniciens pour contribuer \u00e0 am\u00e9liorer leur comp\u00e9titivit\u00e9.<\/span><\/p>\n<p><span style=\"color: #333333;\">Obtenir un cadre fiscal et r\u00e8glementaire favorable \u00e0 la comp\u00e9titivit\u00e9 des entreprises et \u00e0 l\u2019attractivit\u00e9 du territoire fran\u00e7ais. Il s\u2019agit plus pr\u00e9cis\u00e9ment de lutter contre la surr\u00e8glementation, d\u2019agir pour l\u2019obtention de mesures fiscales favorables et r\u00e9duire l\u2019impact des taxes de production. Mais aussi d\u2019alerter les pouvoirs publics sur \u00ab\u00a0l\u2019effet pervers des taxes locales qui p\u00e9nalisent l\u2019investissement en France\u00a0\u00bb.<\/span><\/p>\n<p><span style=\"color: #333333;\">Porte-parole des industries m\u00e9caniques aupr\u00e8s des pouvoirs publics nationaux, europ\u00e9ens et des instances internationales, elle travaille aussi \u00e0 d\u00e9velopper une dynamique industrielle entre secteurs clients et fili\u00e8res. Pour ce faire, la FIM accompagne les entreprises dans leur modernisation, attentive \u00e0 ce qu\u2019elles puissent continuer d\u2019investir, voire s\u2019internationaliser.<\/span><\/p>\n<h3><span style=\"color: #333333;\"><strong>Attractivit\u00e9 des m\u00e9tiers<\/strong><\/span><\/h3>\n<p><span style=\"color: #333333;\">Elle s\u2019engage aussi sur l\u2019attractivit\u00e9 des m\u00e9tiers de ses adh\u00e9rents\u00a0: attirer les talents, pr\u00e9server les savoir-faire et faire face aux besoins de recrutement. Mais aussi pallier le d\u00e9ficit d\u2019image des industries m\u00e9caniques. Et amplifier les efforts de formation.<\/span><\/p>\n<p><span style=\"color: #333333;\">Dans un contexte d\u2019am\u00e9lioration de la flexibilit\u00e9 et de l\u2019optimisation des ressources, la FIM a mis en place le comit\u00e9 digitalisation de l\u2019industrie (lire aussi le portrait de Benjamin Frugier). Il vise \u00e0 \u00ab\u00a0mieux appr\u00e9hender les transformations en cours et \u00e0 venir chez les clients\u00a0\u00bb et d\u00e9finit \u00e9galement \u00ab\u00a0la doctrine des industries m\u00e9caniques en la mati\u00e8re\u00a0\u00bb, d\u00e9crit-on \u00e0 la FIM. Il assure une veille sur de nombreux sujets, comme la normalisation, en particulier l\u2019interop\u00e9rabilit\u00e9 des \u00e9quipements et les architectures de r\u00e9f\u00e9rences, la cybers\u00e9curit\u00e9, qui consiste \u00e0 prot\u00e9ger les installations industrielles et les diff\u00e9rents \u00e9quipements contre le risque d\u2019attaques informatiques. Le comit\u00e9 planche aussi sur les aspects juridiques des donn\u00e9es, o\u00f9 il est question de \u00ab\u00a0d\u00e9finir contractuellement les conditions de mise \u00e0 disposition des donn\u00e9es collect\u00e9es par l\u2019utilisateur\u00a0\u00bb.<\/span><\/p>\n<p><span style=\"color: #333333;\">Enfin, le comit\u00e9 travaille sur la responsabilit\u00e9 devant les technologies \u00e9mergentes. Pour ses membres, \u00ab\u00a0toute nouvelle technologie modifie en profondeur les usages et la conception des produits et questionne les r\u00e9gimes juridiques en vigueur\u00a0\u00bb.<\/span><\/p>\n<p>&nbsp;<\/p>\n<p><span style=\"color: #333333;\"><strong>J\u00e9r\u00f4me Meyrand &#8211; R\u00e9dacteur en Chef &#8211; Machines Production<\/strong><\/span>[\/vc_column_text][\/vc_column][vc_column width=&#8221;1\/3&#8243; centered_cont_vertical=&#8221;true&#8221;][media image=&#8221;852&#8243;][\/vc_column][\/vc_row]<\/p>\n<\/section>","protected":false},"excerpt":{"rendered":"<p>[vc_section][vc_row equal_height=&#8221;yes&#8221;][vc_column width=&#8221;1\/2&#8243; centered_cont_vertical=&#8221;true&#8221;][media image=&#8221;447&#8243;][\/vc_column][vc_column width=&#8221;1\/2&#8243; centered_cont_vertical=&#8221;true&#8221;][block_title] Benjamin FRUGIER [\/block_title][block_title] FIM &#8211; F\u00e9d\u00e9ration des Industries M\u00e9caniques Directeur du D\u00e9veloppement des Entreprises et Projets [\/block_title][\/vc_column][\/vc_row][vc_row][vc_column][vc_empty_space height=&#8221;60px&#8221;][\/vc_column][\/vc_row][\/vc_section][vc_row][vc_column width=&#8221;2\/3&#8243;][vc_column_text] Qui est Benjamin Frugier ? Directeur du d\u00e9veloppement des entreprises et des projets de la FIM, Benjamin Frugier a pris la direction de ce nouveau poste, cr\u00e9\u00e9 en 2016, [&hellip;]<\/p>\n","protected":false},"author":3,"featured_media":0,"parent":0,"menu_order":0,"comment_status":"closed","ping_status":"closed","template":"","meta":{"_monsterinsights_skip_tracking":false,"_monsterinsights_sitenote_active":false,"_monsterinsights_sitenote_note":"","_monsterinsights_sitenote_category":0,"footnotes":""},"wf_page_folders":[15],"class_list":["post-850","page","type-page","status-publish","hentry"],"yoast_head":"<!-- This site is optimized with the Yoast SEO plugin v27.1.1 - https:\/\/yoast.com\/product\/yoast-seo-wordpress\/ -->\n<title>Maxime THONNERIEUX - ACI Groupe<\/title>\n<meta name=\"description\" content=\"Maxime THONNERIEUX, Directeur Business Unit chez ACI Groupe est l&#039;invit\u00e9 de l&#039;\u00e9mission &quot;Lean Manufacturing&quot; sur Machines Production TV\" \/>\n<meta name=\"robots\" content=\"index, follow, max-snippet:-1, max-image-preview:large, max-video-preview:-1\" \/>\n<link rel=\"canonical\" href=\"https:\/\/www.machinesproduction.fr\/tv\/benjamin-frugier-fim\/\" \/>\n<meta property=\"og:locale\" content=\"fr_FR\" \/>\n<meta property=\"og:type\" content=\"article\" \/>\n<meta property=\"og:title\" content=\"Maxime THONNERIEUX - ACI Groupe\" \/>\n<meta property=\"og:description\" content=\"Maxime THONNERIEUX, Directeur Business Unit chez ACI Groupe est l&#039;invit\u00e9 de l&#039;\u00e9mission &quot;Lean Manufacturing&quot; sur Machines Production TV\" \/>\n<meta property=\"og:url\" content=\"https:\/\/www.machinesproduction.fr\/tv\/benjamin-frugier-fim\/\" \/>\n<meta property=\"og:site_name\" content=\"Machines Production TV\" \/>\n<meta property=\"article:modified_time\" content=\"2022-05-06T10:02:30+00:00\" \/>\n<meta property=\"og:image\" content=\"https:\/\/www.machinesproduction.fr\/tv\/wp-content\/uploads\/2021\/07\/Benjamin-Frugier-FIM.png\" \/>\n<meta name=\"twitter:card\" content=\"summary_large_image\" \/>\n<meta name=\"twitter:label1\" content=\"Dur\u00e9e de lecture estim\u00e9e\" \/>\n\t<meta name=\"twitter:data1\" content=\"2 minutes\" \/>\n<script type=\"application\/ld+json\" class=\"yoast-schema-graph\">{\"@context\":\"https:\/\/schema.org\",\"@graph\":[{\"@type\":\"WebPage\",\"@id\":\"https:\/\/www.machinesproduction.fr\/tv\/benjamin-frugier-fim\/\",\"url\":\"https:\/\/www.machinesproduction.fr\/tv\/benjamin-frugier-fim\/\",\"name\":\"Maxime THONNERIEUX - ACI Groupe\",\"isPartOf\":{\"@id\":\"https:\/\/www.machinesproduction.fr\/tv\/#website\"},\"primaryImageOfPage\":{\"@id\":\"https:\/\/www.machinesproduction.fr\/tv\/benjamin-frugier-fim\/#primaryimage\"},\"image\":{\"@id\":\"https:\/\/www.machinesproduction.fr\/tv\/benjamin-frugier-fim\/#primaryimage\"},\"thumbnailUrl\":\"https:\/\/www.machinesproduction.fr\/tv\/wp-content\/uploads\/2021\/07\/Benjamin-Frugier-FIM.png\",\"datePublished\":\"2021-07-22T14:00:54+00:00\",\"dateModified\":\"2022-05-06T10:02:30+00:00\",\"description\":\"Maxime THONNERIEUX, Directeur Business Unit chez ACI Groupe est l'invit\u00e9 de l'\u00e9mission \\\"Lean Manufacturing\\\" sur Machines Production TV\",\"breadcrumb\":{\"@id\":\"https:\/\/www.machinesproduction.fr\/tv\/benjamin-frugier-fim\/#breadcrumb\"},\"inLanguage\":\"fr-FR\",\"potentialAction\":[{\"@type\":\"ReadAction\",\"target\":[\"https:\/\/www.machinesproduction.fr\/tv\/benjamin-frugier-fim\/\"]}]},{\"@type\":\"ImageObject\",\"inLanguage\":\"fr-FR\",\"@id\":\"https:\/\/www.machinesproduction.fr\/tv\/benjamin-frugier-fim\/#primaryimage\",\"url\":\"https:\/\/www.machinesproduction.fr\/tv\/wp-content\/uploads\/2021\/07\/Benjamin-Frugier-FIM.png\",\"contentUrl\":\"https:\/\/www.machinesproduction.fr\/tv\/wp-content\/uploads\/2021\/07\/Benjamin-Frugier-FIM.png\",\"width\":1245,\"height\":908},{\"@type\":\"BreadcrumbList\",\"@id\":\"https:\/\/www.machinesproduction.fr\/tv\/benjamin-frugier-fim\/#breadcrumb\",\"itemListElement\":[{\"@type\":\"ListItem\",\"position\":1,\"name\":\"Home\",\"item\":\"https:\/\/www.machinesproduction.fr\/tv\/\"},{\"@type\":\"ListItem\",\"position\":2,\"name\":\"Benjamin Frugier &#8211; FIM\"}]},{\"@type\":\"WebSite\",\"@id\":\"https:\/\/www.machinesproduction.fr\/tv\/#website\",\"url\":\"https:\/\/www.machinesproduction.fr\/tv\/\",\"name\":\"Machines Production TV\",\"description\":\"\",\"potentialAction\":[{\"@type\":\"SearchAction\",\"target\":{\"@type\":\"EntryPoint\",\"urlTemplate\":\"https:\/\/www.machinesproduction.fr\/tv\/?s={search_term_string}\"},\"query-input\":{\"@type\":\"PropertyValueSpecification\",\"valueRequired\":true,\"valueName\":\"search_term_string\"}}],\"inLanguage\":\"fr-FR\"}]}<\/script>\n<!-- \/ Yoast SEO plugin. -->","yoast_head_json":{"title":"Maxime THONNERIEUX - ACI Groupe","description":"Maxime THONNERIEUX, Directeur Business Unit chez ACI Groupe est l'invit\u00e9 de l'\u00e9mission \"Lean Manufacturing\" sur Machines Production TV","robots":{"index":"index","follow":"follow","max-snippet":"max-snippet:-1","max-image-preview":"max-image-preview:large","max-video-preview":"max-video-preview:-1"},"canonical":"https:\/\/www.machinesproduction.fr\/tv\/benjamin-frugier-fim\/","og_locale":"fr_FR","og_type":"article","og_title":"Maxime THONNERIEUX - ACI Groupe","og_description":"Maxime THONNERIEUX, Directeur Business Unit chez ACI Groupe est l'invit\u00e9 de l'\u00e9mission \"Lean Manufacturing\" sur Machines Production TV","og_url":"https:\/\/www.machinesproduction.fr\/tv\/benjamin-frugier-fim\/","og_site_name":"Machines Production TV","article_modified_time":"2022-05-06T10:02:30+00:00","og_image":[{"url":"https:\/\/www.machinesproduction.fr\/tv\/wp-content\/uploads\/2021\/07\/Benjamin-Frugier-FIM.png","type":"","width":"","height":""}],"twitter_card":"summary_large_image","twitter_misc":{"Dur\u00e9e de lecture estim\u00e9e":"2 minutes"},"schema":{"@context":"https:\/\/schema.org","@graph":[{"@type":"WebPage","@id":"https:\/\/www.machinesproduction.fr\/tv\/benjamin-frugier-fim\/","url":"https:\/\/www.machinesproduction.fr\/tv\/benjamin-frugier-fim\/","name":"Maxime THONNERIEUX - ACI Groupe","isPartOf":{"@id":"https:\/\/www.machinesproduction.fr\/tv\/#website"},"primaryImageOfPage":{"@id":"https:\/\/www.machinesproduction.fr\/tv\/benjamin-frugier-fim\/#primaryimage"},"image":{"@id":"https:\/\/www.machinesproduction.fr\/tv\/benjamin-frugier-fim\/#primaryimage"},"thumbnailUrl":"https:\/\/www.machinesproduction.fr\/tv\/wp-content\/uploads\/2021\/07\/Benjamin-Frugier-FIM.png","datePublished":"2021-07-22T14:00:54+00:00","dateModified":"2022-05-06T10:02:30+00:00","description":"Maxime THONNERIEUX, Directeur Business Unit chez ACI Groupe est l'invit\u00e9 de l'\u00e9mission \"Lean Manufacturing\" sur Machines Production TV","breadcrumb":{"@id":"https:\/\/www.machinesproduction.fr\/tv\/benjamin-frugier-fim\/#breadcrumb"},"inLanguage":"fr-FR","potentialAction":[{"@type":"ReadAction","target":["https:\/\/www.machinesproduction.fr\/tv\/benjamin-frugier-fim\/"]}]},{"@type":"ImageObject","inLanguage":"fr-FR","@id":"https:\/\/www.machinesproduction.fr\/tv\/benjamin-frugier-fim\/#primaryimage","url":"https:\/\/www.machinesproduction.fr\/tv\/wp-content\/uploads\/2021\/07\/Benjamin-Frugier-FIM.png","contentUrl":"https:\/\/www.machinesproduction.fr\/tv\/wp-content\/uploads\/2021\/07\/Benjamin-Frugier-FIM.png","width":1245,"height":908},{"@type":"BreadcrumbList","@id":"https:\/\/www.machinesproduction.fr\/tv\/benjamin-frugier-fim\/#breadcrumb","itemListElement":[{"@type":"ListItem","position":1,"name":"Home","item":"https:\/\/www.machinesproduction.fr\/tv\/"},{"@type":"ListItem","position":2,"name":"Benjamin Frugier &#8211; FIM"}]},{"@type":"WebSite","@id":"https:\/\/www.machinesproduction.fr\/tv\/#website","url":"https:\/\/www.machinesproduction.fr\/tv\/","name":"Machines Production TV","description":"","potentialAction":[{"@type":"SearchAction","target":{"@type":"EntryPoint","urlTemplate":"https:\/\/www.machinesproduction.fr\/tv\/?s={search_term_string}"},"query-input":{"@type":"PropertyValueSpecification","valueRequired":true,"valueName":"search_term_string"}}],"inLanguage":"fr-FR"}]}},"_links":{"self":[{"href":"https:\/\/www.machinesproduction.fr\/tv\/wp-json\/wp\/v2\/pages\/850","targetHints":{"allow":["GET"]}}],"collection":[{"href":"https:\/\/www.machinesproduction.fr\/tv\/wp-json\/wp\/v2\/pages"}],"about":[{"href":"https:\/\/www.machinesproduction.fr\/tv\/wp-json\/wp\/v2\/types\/page"}],"author":[{"embeddable":true,"href":"https:\/\/www.machinesproduction.fr\/tv\/wp-json\/wp\/v2\/users\/3"}],"replies":[{"embeddable":true,"href":"https:\/\/www.machinesproduction.fr\/tv\/wp-json\/wp\/v2\/comments?post=850"}],"version-history":[{"count":12,"href":"https:\/\/www.machinesproduction.fr\/tv\/wp-json\/wp\/v2\/pages\/850\/revisions"}],"predecessor-version":[{"id":1403,"href":"https:\/\/www.machinesproduction.fr\/tv\/wp-json\/wp\/v2\/pages\/850\/revisions\/1403"}],"wp:attachment":[{"href":"https:\/\/www.machinesproduction.fr\/tv\/wp-json\/wp\/v2\/media?parent=850"}],"wp:term":[{"taxonomy":"wf_page_folders","embeddable":true,"href":"https:\/\/www.machinesproduction.fr\/tv\/wp-json\/wp\/v2\/wf_page_folders?post=850"}],"curies":[{"name":"wp","href":"https:\/\/api.w.org\/{rel}","templated":true}]}}