{"id":842,"date":"2021-07-22T13:42:25","date_gmt":"2021-07-22T12:42:25","guid":{"rendered":"https:\/\/www.machinesproduction.fr\/tv\/?page_id=842"},"modified":"2021-07-22T15:00:34","modified_gmt":"2021-07-22T14:00:34","slug":"vinh-kok-quach-aif","status":"publish","type":"page","link":"https:\/\/www.machinesproduction.fr\/tv\/vinh-kok-quach-aif\/","title":{"rendered":"Vinh Kok Quach &#8211; AIF"},"content":{"rendered":"<section class=\"wpb-content-wrapper\"><p>[vc_section][vc_row equal_height=&#8221;yes&#8221;][vc_column width=&#8221;1\/2&#8243; centered_cont_vertical=&#8221;true&#8221;][media image=&#8221;316&#8243;][\/vc_column][vc_column width=&#8221;1\/2&#8243; centered_cont_vertical=&#8221;true&#8221;][block_title]<\/p>\n<h1 class=\"vc_custom_heading vc_custom_1616688787607\" style=\"text-align: left;\"><strong>Vinh Kok Quach<\/strong><\/h1>\n<p>[\/block_title][block_title]<\/p>\n<h2 style=\"text-align: left;\">Pr\u00e9sident Directeur G\u00e9n\u00e9ral chez AIF &#8211; Les Ateliers de l&#8217;Ile de France<\/h2>\n<p>[\/block_title][\/vc_column][\/vc_row][vc_row][vc_column][vc_empty_space height=&#8221;60px&#8221;][\/vc_column][\/vc_row][\/vc_section][vc_row][vc_column width=&#8221;2\/3&#8243;][vc_column_text]<\/p>\n<h2 style=\"text-align: left;\"><span style=\"color: #333333;\">Qui est Vinh Kok Quach\u00a0?<\/span><\/h2>\n<p><span style=\"color: #333333;\">C\u2019est \u00e0 l\u2019\u00e2ge de 10 ans que Vinh Kok Quach d\u00e9barque en France. Quittant son pays natal, le Cambodge, il est confi\u00e9 \u00e0 la DDASS, la direction d\u00e9partementale des affaires sanitaires et sociales. Mais quel parcours depuis\u2026 N\u00e9 \u00e0 Phnom Penh en 1972, il commence sa carri\u00e8re \u00e0 l\u2019\u00e2ge de 23 ans, apr\u00e8s avoir \u00e9t\u00e9 dipl\u00f4m\u00e9 de l\u2019Ecole centrale de Nantes (Loire-Atlantique) et de HEC, chez le cimentier Lafarge. Il occupe un poste dans la finance, avant d\u2019\u00eatre nomm\u00e9 directeur marketing et strat\u00e9gie en Allemagne puis en Chine. Et c\u2019est dans ce dernier pays, qu\u2019il prendra les fonctions de directeur de projets pour y construire deux cimenteries. Devenu vice-pr\u00e9sident distribution pour le groupe Lafarge, il finira par quitter le secteur de la construction pour rejoindre, en 2012, l\u2019entreprise mini\u00e8re et m\u00e9tallurgique fran\u00e7aise Eramet, o\u00f9 il prendra le poste de directeur g\u00e9n\u00e9ral de la branche \u00ab alliages \u00bb, toujours en Chine.<\/span><\/p>\n<p><span style=\"color: #333333;\"><strong>Un pr\u00e9cieux savoir-faire<\/strong><\/span><\/p>\n<p><span style=\"color: #333333;\">En 2016, c\u2019est le grand saut dans l\u2019entrepreneuriat, en reprenant l\u2019entreprise AIF, situ\u00e9e \u00e0 Villeparisis (Seine-et-Marne). Ateliers de l\u2019Ile-de-France est un des pionniers des outils coupants sur le territoire, fournissant de grands industriels, tels que Safran, Dassault ou General Electric (GE). Son entr\u00e9e dans l\u2019univers de la m\u00e9canique le passionne, conscient qu\u2019en rachetant cette PME fond\u00e9e en 1958, il mettait aussi la main sur un savoir-faire exceptionnel. Dans le mensuel local Magjournal 77, Vinh Kok Quach confiait, le 23 mars 2021\u00a0: \u00ab\u00a0Pour nous, le travail en atelier est noble. Quand on a en main une machine qui co\u00fbte plusieurs centaines de milliers d\u2019euros, c\u2019est une vraie responsabilit\u00e9. \u00bb<\/span><\/p>\n<p><span style=\"color: #333333;\">Et sa volont\u00e9 de pouvoir consolider une telle expertise en France ne le quitte jamais. \u00ab\u00a0Car l\u2019outil coupant est un \u00e9l\u00e9ment majeur de performance de l\u2019usinage\u00a0\u00bb, rappelle-t-il. Pour ce chef d\u2019entreprise Centralien, son obsession est de ne pas \u00ab\u00a0perdre la ma\u00eetrise des outils coupants en France\u00a0\u00bb, car cela augmenterait \u00ab\u00a0le risque de d\u00e9localiser nos usinages \u00e0 l\u2019\u00e9tranger. Les outils coupants restent un atout cl\u00e9 pour gagner en performance\u00a0\u00bb, \u00e9voquait-il, lors d\u2019une interview donn\u00e9e \u00e0 Machines Production, en f\u00e9vrier 2021 (n\u00b01100).<\/span><\/p>\n<p><span style=\"color: #333333;\"><strong>Crise sanitaire<\/strong><\/span><\/p>\n<p><span style=\"color: #333333;\">Pour Vinh Kok Quach, \u00ab la France a perdu la bataille des machines-outils. Aujourd\u2019hui, elle risque de perdre le savoir-faire strat\u00e9gique de l\u2019usinage avec la d\u00e9localisation des outils coupants \u00bb, <\/span>s\u2019inqui\u00e9tait-il dans cet entretien r\u00e9alis\u00e9 par notre journaliste Patrick Cazier.<\/p>\n<p>Il faut dire que le contexte de la crise sanitaire de la Covid-19 a d\u2019une certaine mani\u00e8re rebattu les cartes de la mondialisation. Toujours dans les colonnes du Magjournal 77, Vinh Kok Quach affirmait : \u00ab Les Allemands ach\u00e8tent allemand, les Am\u00e9ricains ach\u00e8tent am\u00e9ricain, les Japonais ach\u00e8tent japonais. Nous, nous achetons chinois et j\u2019esp\u00e8re qu\u2019avec la crise du Covid cet \u00e9tat d\u2019esprit va changer.\u00a0\u00bb Et de constater une nouvelle tendance au sein m\u00eame de l\u2019activit\u00e9 de son entreprise de Villeparisis : \u00ab\u00a0Beaucoup de clients demandent de r\u00e9parer des outils au lieu de les remplacer, pour diminuer l\u2019empreinte carbone. \u00bb L\u2019\u00e9coresponsabilit\u00e9 est en marche.[\/vc_column_text][\/vc_column][vc_column width=&#8221;1\/3&#8243; css=&#8221;.vc_custom_1626961313139{background-color: #ededed !important;}&#8221;][vc_column_text]<a href=\"https:\/\/www.machinesproduction.fr\/tv\/plan-france-relance\/\"><img loading=\"lazy\" decoding=\"async\" class=\"aligncenter wp-image-845 size-full\" src=\"https:\/\/www.machinesproduction.fr\/tv\/wp-content\/uploads\/2021\/07\/Capture-de\u0301cran-2021-07-22-a\u0300-15.25.30.png\" alt=\"vinh kok quach - AIF\" width=\"1480\" height=\"834\" \/><\/a>[\/vc_column_text][vc_column_text]<\/p>\n<p style=\"text-align: center;\"><span style=\"color: #333333;\">Retrouvez l&#8217;interview de <strong>Vinh Kok Quach<\/strong> dans l&#8217;\u00e9mission consacr\u00e9 au <strong>&#8220;Plan France Relance&#8221;<\/strong><\/span><\/p>\n<p>[\/vc_column_text][vc_btn title=&#8221;Voir l&#8217;\u00e9mission&#8221; style=&#8221;custom&#8221; custom_background=&#8221;#459bd9&#8243; custom_text=&#8221;#ffffff&#8221; shape=&#8221;round&#8221; size=&#8221;lg&#8221; align=&#8221;center&#8221; link=&#8221;url:https%3A%2F%2Fwww.machinesproduction.fr%2Ftv%2Fplan-france-relance%2F|title:Emission%201%20Plan%20France%20Relance&#8221;][vc_empty_space height=&#8221;25px&#8221;][\/vc_column][\/vc_row][vc_row equal_height=&#8221;yes&#8221; content_placement=&#8221;top&#8221;][vc_column width=&#8221;2\/3&#8243;][vc_column_text]<\/p>\n<h2><span style=\"color: #333333;\"><strong>AIF &#8211; Ateliers de l\u2019Ile-de-France<\/strong><\/span><\/h2>\n<p><span style=\"color: #333333;\">Au 6, rue des entrepreneurs, \u00e0 Villeparisis (Seine-et-Marne), AIF est une entreprise qui compte sur cette commune de plus de 26\u00a0000 habitants. Elle figure parmi les laur\u00e9ats de l\u2019appel \u00e0 projet \u00ab soutien aux investissements de la fili\u00e8re a\u00e9ronautique \u00bb du plan de relance de l\u2019Etat.<\/span><\/p>\n<p><span style=\"color: #333333;\">Fond\u00e9e en 1958, AIF (Ateliers de l\u2019Ile-de-France) con\u00e7oit des solutions d\u2019usinage, mais surtout des outils coupants aussi bien standards que sp\u00e9ciaux. Et depuis 1963, c\u2019est l\u2019importateur des outils allemands Arno.<\/span><\/p>\n<p><span style=\"color: #333333;\"><strong>Bureau d\u2019\u00e9tude<\/strong><\/span><\/p>\n<p><span style=\"color: #333333;\">N\u00e9e de l\u2019externalisation des ateliers d\u2019outillage des entreprises industrielles, notamment automobiles et a\u00e9ronautiques d\u2019Ile-de-France, AIF s\u2019est ensuite d\u00e9velopp\u00e9e dans d\u2019autres territoires et domaines de savoir-faire, peut-on lire sur le site Internet de la soci\u00e9t\u00e9.<\/span><\/p>\n<p><span style=\"color: #333333;\">AIF met en avant la cr\u00e9ation d\u2019un bureau d\u2019\u00e9tude et un parc de machines-outils CNC de derni\u00e8re g\u00e9n\u00e9ration, de mani\u00e8re \u00e0 pouvoir s\u2019adapter \u00e0 toutes les demandes d\u2019outils coupants, \u00ab\u00a0m\u00eame les plus improbables\u00a0\u00bb, glisse son dirigeant Vinh Kok Quach (lire \u00e9galement son portrait).<\/span><\/p>\n<p><span style=\"color: #333333;\"><strong>Interaction<\/strong><\/span><\/p>\n<p><span style=\"color: #333333;\">L\u2019entreprise de m\u00e9canique de pr\u00e9cision, qui est parvenue \u00e0 marier \u00ab\u00a0la souplesse et l\u2019agilit\u00e9 d\u2019une PME fran\u00e7aise avec le savoir-faire historique de la fabrication d\u2019outils coupants\u00a0\u00bb, est \u00e9galement implant\u00e9e \u00e0 Toulouse (Haute-Garonne) et Cluses (Haute-Savoie), afin d\u2019offrir un service de proximit\u00e9 \u00e0 ses clients toulousains, travaillant pour l\u2019a\u00e9ronautique, tout comme \u00e0 ceux de la vall\u00e9e de l\u2019Arve, berceau du d\u00e9colletage en France.<\/span><\/p>\n<p><span style=\"color: #333333;\">En ayant acquis depuis 1958 une riche exp\u00e9rience dans le domaine des outils coupants, AIF pr\u00f4ne l\u2019interaction des connaissances techniques au sein de ses d\u00e9partements de conception, de d\u00e9veloppement et de fabrication, de mani\u00e8re \u00e0 \u00ab\u00a0traiter au mieux\u00a0\u00bb les cas d\u2019usinage les plus complexes d\u2019outils. Et de citer les outils de coupe, per\u00e7age, recessing, tron\u00e7onnage, fraisage et formage.<\/span><\/p>\n<p><span style=\"color: #333333;\"><strong>Ing\u00e9nierie de pr\u00e9cision <\/strong><\/span><\/p>\n<p><span style=\"color: #333333;\">En mati\u00e8re d\u2019\u00e9quipements, AIF est m\u00eame plut\u00f4t fi\u00e8re de poss\u00e9der des machines Ewag dans son d\u00e9partement d\u2019aff\u00fbtage, o\u00f9 \u00ab\u00a0nous sommes capables de fabriquer tous types de plaquettes en carbure en petites, moyennes ou grandes quantit\u00e9s\u00a0\u00bb, pr\u00e9cise-t-elle.<\/span><\/p>\n<p><span style=\"color: #333333;\">En parall\u00e8le, AIF offre \u00e9galement un service d\u2019ing\u00e9nierie de pr\u00e9cision\u00a0: on y con\u00e7oit et fabrique des pi\u00e8ces de m\u00e9canique \u00e0 partir des pi\u00e8ces us\u00e9es ou abim\u00e9es. L\u2019entreprise s\u2019\u00e9tant \u00e9galement sp\u00e9cialis\u00e9e dans le travail \u00e0 fa\u00e7on et le reengineering. Pour cela, elle ma\u00eetrise le scan 3D et la mod\u00e9lisation. Elle demande \u00e0 ses clients de lui envoyer la pi\u00e8ce ou d\u2019accueillir sur place un de ses techniciens pour r\u00e9aliser un scan 3D. Et pour la fabrication de la pi\u00e8ce, AIF dispose d\u2019un parc allant du centre d\u2019usinage 5 axes, aux tours \u00e0 axe Y. Elle abrite \u00e9galement une activit\u00e9 d\u2019usinage par d\u00e9charge \u00e9lectrique, de d\u00e9coupe fil, de marquage laser, lui permettant la production de pi\u00e8ces m\u00e9caniques individuelles ou de prototypes, ainsi que des petites et moyennes s\u00e9ries.<\/span><\/p>\n<p>&nbsp;<\/p>\n<p><span style=\"color: #333333;\"><strong>J\u00e9r\u00f4me Meyrand &#8211; R\u00e9dacteur en Chef &#8211; Machines Production<\/strong><\/span>[\/vc_column_text][\/vc_column][vc_column width=&#8221;1\/3&#8243; centered_cont_vertical=&#8221;true&#8221;][media image=&#8221;844&#8243;][\/vc_column][\/vc_row]<\/p>\n<\/section>","protected":false},"excerpt":{"rendered":"<p>[vc_section][vc_row equal_height=&#8221;yes&#8221;][vc_column width=&#8221;1\/2&#8243; centered_cont_vertical=&#8221;true&#8221;][media image=&#8221;316&#8243;][\/vc_column][vc_column width=&#8221;1\/2&#8243; centered_cont_vertical=&#8221;true&#8221;][block_title] Vinh Kok Quach [\/block_title][block_title] Pr\u00e9sident Directeur G\u00e9n\u00e9ral chez AIF &#8211; Les Ateliers de l&#8217;Ile de France [\/block_title][\/vc_column][\/vc_row][vc_row][vc_column][vc_empty_space height=&#8221;60px&#8221;][\/vc_column][\/vc_row][\/vc_section][vc_row][vc_column width=&#8221;2\/3&#8243;][vc_column_text] Qui est Vinh Kok Quach\u00a0? C\u2019est \u00e0 l\u2019\u00e2ge de 10 ans que Vinh Kok Quach d\u00e9barque en France. Quittant son pays natal, le Cambodge, il est confi\u00e9 \u00e0 la [&hellip;]<\/p>\n","protected":false},"author":3,"featured_media":0,"parent":0,"menu_order":0,"comment_status":"closed","ping_status":"closed","template":"","meta":{"_monsterinsights_skip_tracking":false,"_monsterinsights_sitenote_active":false,"_monsterinsights_sitenote_note":"","_monsterinsights_sitenote_category":0,"footnotes":""},"wf_page_folders":[15],"class_list":["post-842","page","type-page","status-publish","hentry"],"yoast_head":"<!-- This site is optimized with the Yoast SEO plugin v27.1.1 - https:\/\/yoast.com\/product\/yoast-seo-wordpress\/ -->\n<title>Vinh Kok Quach - AIF - Atelier Ile de France<\/title>\n<meta name=\"description\" content=\"Vinh Kok Quach, Pr\u00e9sident Directeur G\u00e9n\u00e9ral de AIF - les Ateliers d&#039;Ile de France est l&#039;invit\u00e9 de l&#039;\u00e9mission &quot;Plan France Relance&quot; sur Machines Production TV\" \/>\n<meta name=\"robots\" content=\"index, follow, max-snippet:-1, max-image-preview:large, max-video-preview:-1\" \/>\n<link rel=\"canonical\" href=\"https:\/\/www.machinesproduction.fr\/tv\/vinh-kok-quach-aif\/\" \/>\n<meta property=\"og:locale\" content=\"fr_FR\" \/>\n<meta property=\"og:type\" content=\"article\" \/>\n<meta property=\"og:title\" content=\"Vinh Kok Quach - AIF - Atelier Ile de France\" \/>\n<meta property=\"og:description\" content=\"Vinh Kok Quach, Pr\u00e9sident Directeur G\u00e9n\u00e9ral de AIF - les Ateliers d&#039;Ile de France est l&#039;invit\u00e9 de l&#039;\u00e9mission &quot;Plan France Relance&quot; sur Machines Production TV\" \/>\n<meta property=\"og:url\" content=\"https:\/\/www.machinesproduction.fr\/tv\/vinh-kok-quach-aif\/\" \/>\n<meta property=\"og:site_name\" content=\"Machines Production TV\" \/>\n<meta property=\"article:modified_time\" content=\"2021-07-22T14:00:34+00:00\" \/>\n<meta property=\"og:image\" content=\"https:\/\/www.machinesproduction.fr\/tv\/wp-content\/uploads\/2021\/07\/Capture-de\u0301cran-2021-07-22-a\u0300-15.25.30.png\" \/>\n<meta name=\"twitter:card\" content=\"summary_large_image\" \/>\n<meta name=\"twitter:label1\" content=\"Dur\u00e9e de lecture estim\u00e9e\" \/>\n\t<meta name=\"twitter:data1\" content=\"6 minutes\" \/>\n<script type=\"application\/ld+json\" class=\"yoast-schema-graph\">{\"@context\":\"https:\/\/schema.org\",\"@graph\":[{\"@type\":\"WebPage\",\"@id\":\"https:\/\/www.machinesproduction.fr\/tv\/vinh-kok-quach-aif\/\",\"url\":\"https:\/\/www.machinesproduction.fr\/tv\/vinh-kok-quach-aif\/\",\"name\":\"Vinh Kok Quach - AIF - Atelier Ile de France\",\"isPartOf\":{\"@id\":\"https:\/\/www.machinesproduction.fr\/tv\/#website\"},\"datePublished\":\"2021-07-22T12:42:25+00:00\",\"dateModified\":\"2021-07-22T14:00:34+00:00\",\"description\":\"Vinh Kok Quach, Pr\u00e9sident Directeur G\u00e9n\u00e9ral de AIF - les Ateliers d'Ile de France est l'invit\u00e9 de l'\u00e9mission \\\"Plan France Relance\\\" sur Machines Production TV\",\"breadcrumb\":{\"@id\":\"https:\/\/www.machinesproduction.fr\/tv\/vinh-kok-quach-aif\/#breadcrumb\"},\"inLanguage\":\"fr-FR\",\"potentialAction\":[{\"@type\":\"ReadAction\",\"target\":[\"https:\/\/www.machinesproduction.fr\/tv\/vinh-kok-quach-aif\/\"]}]},{\"@type\":\"BreadcrumbList\",\"@id\":\"https:\/\/www.machinesproduction.fr\/tv\/vinh-kok-quach-aif\/#breadcrumb\",\"itemListElement\":[{\"@type\":\"ListItem\",\"position\":1,\"name\":\"Home\",\"item\":\"https:\/\/www.machinesproduction.fr\/tv\/\"},{\"@type\":\"ListItem\",\"position\":2,\"name\":\"Vinh Kok Quach &#8211; AIF\"}]},{\"@type\":\"WebSite\",\"@id\":\"https:\/\/www.machinesproduction.fr\/tv\/#website\",\"url\":\"https:\/\/www.machinesproduction.fr\/tv\/\",\"name\":\"Machines Production TV\",\"description\":\"\",\"potentialAction\":[{\"@type\":\"SearchAction\",\"target\":{\"@type\":\"EntryPoint\",\"urlTemplate\":\"https:\/\/www.machinesproduction.fr\/tv\/?s={search_term_string}\"},\"query-input\":{\"@type\":\"PropertyValueSpecification\",\"valueRequired\":true,\"valueName\":\"search_term_string\"}}],\"inLanguage\":\"fr-FR\"}]}<\/script>\n<!-- \/ Yoast SEO plugin. -->","yoast_head_json":{"title":"Vinh Kok Quach - AIF - Atelier Ile de France","description":"Vinh Kok Quach, Pr\u00e9sident Directeur G\u00e9n\u00e9ral de AIF - les Ateliers d'Ile de France est l'invit\u00e9 de l'\u00e9mission \"Plan France Relance\" sur Machines Production TV","robots":{"index":"index","follow":"follow","max-snippet":"max-snippet:-1","max-image-preview":"max-image-preview:large","max-video-preview":"max-video-preview:-1"},"canonical":"https:\/\/www.machinesproduction.fr\/tv\/vinh-kok-quach-aif\/","og_locale":"fr_FR","og_type":"article","og_title":"Vinh Kok Quach - AIF - Atelier Ile de France","og_description":"Vinh Kok Quach, Pr\u00e9sident Directeur G\u00e9n\u00e9ral de AIF - les Ateliers d'Ile de France est l'invit\u00e9 de l'\u00e9mission \"Plan France Relance\" sur Machines Production TV","og_url":"https:\/\/www.machinesproduction.fr\/tv\/vinh-kok-quach-aif\/","og_site_name":"Machines Production TV","article_modified_time":"2021-07-22T14:00:34+00:00","og_image":[{"url":"https:\/\/www.machinesproduction.fr\/tv\/wp-content\/uploads\/2021\/07\/Capture-de\u0301cran-2021-07-22-a\u0300-15.25.30.png","type":"","width":"","height":""}],"twitter_card":"summary_large_image","twitter_misc":{"Dur\u00e9e de lecture estim\u00e9e":"6 minutes"},"schema":{"@context":"https:\/\/schema.org","@graph":[{"@type":"WebPage","@id":"https:\/\/www.machinesproduction.fr\/tv\/vinh-kok-quach-aif\/","url":"https:\/\/www.machinesproduction.fr\/tv\/vinh-kok-quach-aif\/","name":"Vinh Kok Quach - AIF - Atelier Ile de France","isPartOf":{"@id":"https:\/\/www.machinesproduction.fr\/tv\/#website"},"datePublished":"2021-07-22T12:42:25+00:00","dateModified":"2021-07-22T14:00:34+00:00","description":"Vinh Kok Quach, Pr\u00e9sident Directeur G\u00e9n\u00e9ral de AIF - les Ateliers d'Ile de France est l'invit\u00e9 de l'\u00e9mission \"Plan France Relance\" sur Machines Production TV","breadcrumb":{"@id":"https:\/\/www.machinesproduction.fr\/tv\/vinh-kok-quach-aif\/#breadcrumb"},"inLanguage":"fr-FR","potentialAction":[{"@type":"ReadAction","target":["https:\/\/www.machinesproduction.fr\/tv\/vinh-kok-quach-aif\/"]}]},{"@type":"BreadcrumbList","@id":"https:\/\/www.machinesproduction.fr\/tv\/vinh-kok-quach-aif\/#breadcrumb","itemListElement":[{"@type":"ListItem","position":1,"name":"Home","item":"https:\/\/www.machinesproduction.fr\/tv\/"},{"@type":"ListItem","position":2,"name":"Vinh Kok Quach &#8211; AIF"}]},{"@type":"WebSite","@id":"https:\/\/www.machinesproduction.fr\/tv\/#website","url":"https:\/\/www.machinesproduction.fr\/tv\/","name":"Machines Production TV","description":"","potentialAction":[{"@type":"SearchAction","target":{"@type":"EntryPoint","urlTemplate":"https:\/\/www.machinesproduction.fr\/tv\/?s={search_term_string}"},"query-input":{"@type":"PropertyValueSpecification","valueRequired":true,"valueName":"search_term_string"}}],"inLanguage":"fr-FR"}]}},"_links":{"self":[{"href":"https:\/\/www.machinesproduction.fr\/tv\/wp-json\/wp\/v2\/pages\/842","targetHints":{"allow":["GET"]}}],"collection":[{"href":"https:\/\/www.machinesproduction.fr\/tv\/wp-json\/wp\/v2\/pages"}],"about":[{"href":"https:\/\/www.machinesproduction.fr\/tv\/wp-json\/wp\/v2\/types\/page"}],"author":[{"embeddable":true,"href":"https:\/\/www.machinesproduction.fr\/tv\/wp-json\/wp\/v2\/users\/3"}],"replies":[{"embeddable":true,"href":"https:\/\/www.machinesproduction.fr\/tv\/wp-json\/wp\/v2\/comments?post=842"}],"version-history":[{"count":4,"href":"https:\/\/www.machinesproduction.fr\/tv\/wp-json\/wp\/v2\/pages\/842\/revisions"}],"predecessor-version":[{"id":849,"href":"https:\/\/www.machinesproduction.fr\/tv\/wp-json\/wp\/v2\/pages\/842\/revisions\/849"}],"wp:attachment":[{"href":"https:\/\/www.machinesproduction.fr\/tv\/wp-json\/wp\/v2\/media?parent=842"}],"wp:term":[{"taxonomy":"wf_page_folders","embeddable":true,"href":"https:\/\/www.machinesproduction.fr\/tv\/wp-json\/wp\/v2\/wf_page_folders?post=842"}],"curies":[{"name":"wp","href":"https:\/\/api.w.org\/{rel}","templated":true}]}}