{"id":788,"date":"2021-06-15T11:10:15","date_gmt":"2021-06-15T10:10:15","guid":{"rendered":"https:\/\/www.machinesproduction.fr\/tv\/?page_id=788"},"modified":"2021-06-15T12:55:16","modified_gmt":"2021-06-15T11:55:16","slug":"reportage-8-beck-crespel","status":"publish","type":"page","link":"https:\/\/www.machinesproduction.fr\/tv\/reportage-8-beck-crespel\/","title":{"rendered":"Reportage 8 &#8211; BECK-CRESPEL"},"content":{"rendered":"<section class=\"wpb-content-wrapper\"><p>[vc_row][vc_column][vc_column_text]<\/p>\n<h3><span style=\"color: #ffffff;\">Reportage r\u00e9alis\u00e9 dans le cadre de l&#8217;\u00e9mission #3<a href=\"https:\/\/www.machinesproduction.fr\/tv\/emission-3-formation-apprentissage\/\"> &#8220;FORMATION ET APPRENTISSAGE&#8221;<\/a><\/span><\/h3>\n<p>[\/vc_column_text][vc_video link=&#8221;https:\/\/youtu.be\/pz53rZM5Ykg&#8221;][vc_btn title=&#8221;Retour aux REPORTAGES&#8221; style=&#8221;custom&#8221; custom_background=&#8221;#009ddf&#8221; custom_text=&#8221;#ffffff&#8221; shape=&#8221;round&#8221; i_icon_fontawesome=&#8221;fas fa-arrow-left&#8221; add_icon=&#8221;true&#8221; link=&#8221;url:https%3A%2F%2Fwww.machinesproduction.fr%2Ftv%2Fles-reportages%2F|title:les%20Focus&#8221;][\/vc_column][\/vc_row]<\/p>\n<\/section>","protected":false},"excerpt":{"rendered":"<p>[vc_row][vc_column][vc_column_text] Reportage r\u00e9alis\u00e9 dans le cadre de l&#8217;\u00e9mission #3 &#8220;FORMATION ET APPRENTISSAGE&#8221; [\/vc_column_text][vc_video link=&#8221;https:\/\/youtu.be\/pz53rZM5Ykg&#8221;][vc_btn title=&#8221;Retour aux REPORTAGES&#8221; style=&#8221;custom&#8221; custom_background=&#8221;#009ddf&#8221; custom_text=&#8221;#ffffff&#8221; shape=&#8221;round&#8221; i_icon_fontawesome=&#8221;fas fa-arrow-left&#8221; add_icon=&#8221;true&#8221; link=&#8221;url:https%3A%2F%2Fwww.machinesproduction.fr%2Ftv%2Fles-reportages%2F|title:les%20Focus&#8221;][\/vc_column][\/vc_row]<\/p>\n","protected":false},"author":2,"featured_media":0,"parent":0,"menu_order":0,"comment_status":"closed","ping_status":"closed","template":"","meta":{"_monsterinsights_skip_tracking":false,"_monsterinsights_sitenote_active":false,"_monsterinsights_sitenote_note":"","_monsterinsights_sitenote_category":0,"footnotes":""},"wf_page_folders":[12],"class_list":["post-788","page","type-page","status-publish","hentry"],"yoast_head":"<!-- This site is optimized with the Yoast SEO plugin v27.1.1 - https:\/\/yoast.com\/product\/yoast-seo-wordpress\/ -->\n<title>Reportage BECK-CRESPEL Boulonnerie Visserie<\/title>\n<meta name=\"description\" content=\"Reportage sur la Formation et l&#039;Apprentissage au sein de l&#039;entreprise Beck-Crespel situ\u00e9e dans le Nord r\u00e9alis\u00e9 par Machines Production TV.\" \/>\n<meta name=\"robots\" content=\"index, follow, max-snippet:-1, max-image-preview:large, max-video-preview:-1\" \/>\n<link rel=\"canonical\" href=\"https:\/\/www.machinesproduction.fr\/tv\/reportage-8-beck-crespel\/\" \/>\n<meta property=\"og:locale\" content=\"fr_FR\" \/>\n<meta property=\"og:type\" content=\"article\" \/>\n<meta property=\"og:title\" content=\"Reportage BECK-CRESPEL Boulonnerie Visserie\" \/>\n<meta property=\"og:description\" content=\"Reportage sur la Formation et l&#039;Apprentissage au sein de l&#039;entreprise Beck-Crespel situ\u00e9e dans le Nord r\u00e9alis\u00e9 par Machines Production TV.\" \/>\n<meta property=\"og:url\" content=\"https:\/\/www.machinesproduction.fr\/tv\/reportage-8-beck-crespel\/\" \/>\n<meta property=\"og:site_name\" content=\"Machines Production TV\" \/>\n<meta property=\"article:modified_time\" content=\"2021-06-15T11:55:16+00:00\" \/>\n<meta name=\"twitter:card\" content=\"summary_large_image\" \/>\n<meta name=\"twitter:label1\" content=\"Dur\u00e9e de lecture estim\u00e9e\" \/>\n\t<meta name=\"twitter:data1\" content=\"1 minute\" \/>\n<script type=\"application\/ld+json\" class=\"yoast-schema-graph\">{\"@context\":\"https:\/\/schema.org\",\"@graph\":[{\"@type\":\"WebPage\",\"@id\":\"https:\/\/www.machinesproduction.fr\/tv\/reportage-8-beck-crespel\/\",\"url\":\"https:\/\/www.machinesproduction.fr\/tv\/reportage-8-beck-crespel\/\",\"name\":\"Reportage BECK-CRESPEL Boulonnerie Visserie\",\"isPartOf\":{\"@id\":\"https:\/\/www.machinesproduction.fr\/tv\/#website\"},\"datePublished\":\"2021-06-15T10:10:15+00:00\",\"dateModified\":\"2021-06-15T11:55:16+00:00\",\"description\":\"Reportage sur la Formation et l'Apprentissage au sein de l'entreprise Beck-Crespel situ\u00e9e dans le Nord r\u00e9alis\u00e9 par Machines Production TV.\",\"breadcrumb\":{\"@id\":\"https:\/\/www.machinesproduction.fr\/tv\/reportage-8-beck-crespel\/#breadcrumb\"},\"inLanguage\":\"fr-FR\",\"potentialAction\":[{\"@type\":\"ReadAction\",\"target\":[\"https:\/\/www.machinesproduction.fr\/tv\/reportage-8-beck-crespel\/\"]}]},{\"@type\":\"BreadcrumbList\",\"@id\":\"https:\/\/www.machinesproduction.fr\/tv\/reportage-8-beck-crespel\/#breadcrumb\",\"itemListElement\":[{\"@type\":\"ListItem\",\"position\":1,\"name\":\"Home\",\"item\":\"https:\/\/www.machinesproduction.fr\/tv\/\"},{\"@type\":\"ListItem\",\"position\":2,\"name\":\"Reportage 8 &#8211; BECK-CRESPEL\"}]},{\"@type\":\"WebSite\",\"@id\":\"https:\/\/www.machinesproduction.fr\/tv\/#website\",\"url\":\"https:\/\/www.machinesproduction.fr\/tv\/\",\"name\":\"Machines Production TV\",\"description\":\"\",\"potentialAction\":[{\"@type\":\"SearchAction\",\"target\":{\"@type\":\"EntryPoint\",\"urlTemplate\":\"https:\/\/www.machinesproduction.fr\/tv\/?s={search_term_string}\"},\"query-input\":{\"@type\":\"PropertyValueSpecification\",\"valueRequired\":true,\"valueName\":\"search_term_string\"}}],\"inLanguage\":\"fr-FR\"}]}<\/script>\n<!-- \/ Yoast SEO plugin. -->","yoast_head_json":{"title":"Reportage BECK-CRESPEL Boulonnerie Visserie","description":"Reportage sur la Formation et l'Apprentissage au sein de l'entreprise Beck-Crespel situ\u00e9e dans le Nord r\u00e9alis\u00e9 par Machines Production TV.","robots":{"index":"index","follow":"follow","max-snippet":"max-snippet:-1","max-image-preview":"max-image-preview:large","max-video-preview":"max-video-preview:-1"},"canonical":"https:\/\/www.machinesproduction.fr\/tv\/reportage-8-beck-crespel\/","og_locale":"fr_FR","og_type":"article","og_title":"Reportage BECK-CRESPEL Boulonnerie Visserie","og_description":"Reportage sur la Formation et l'Apprentissage au sein de l'entreprise Beck-Crespel situ\u00e9e dans le Nord r\u00e9alis\u00e9 par Machines Production TV.","og_url":"https:\/\/www.machinesproduction.fr\/tv\/reportage-8-beck-crespel\/","og_site_name":"Machines Production TV","article_modified_time":"2021-06-15T11:55:16+00:00","twitter_card":"summary_large_image","twitter_misc":{"Dur\u00e9e de lecture estim\u00e9e":"1 minute"},"schema":{"@context":"https:\/\/schema.org","@graph":[{"@type":"WebPage","@id":"https:\/\/www.machinesproduction.fr\/tv\/reportage-8-beck-crespel\/","url":"https:\/\/www.machinesproduction.fr\/tv\/reportage-8-beck-crespel\/","name":"Reportage BECK-CRESPEL Boulonnerie Visserie","isPartOf":{"@id":"https:\/\/www.machinesproduction.fr\/tv\/#website"},"datePublished":"2021-06-15T10:10:15+00:00","dateModified":"2021-06-15T11:55:16+00:00","description":"Reportage sur la Formation et l'Apprentissage au sein de l'entreprise Beck-Crespel situ\u00e9e dans le Nord r\u00e9alis\u00e9 par Machines Production TV.","breadcrumb":{"@id":"https:\/\/www.machinesproduction.fr\/tv\/reportage-8-beck-crespel\/#breadcrumb"},"inLanguage":"fr-FR","potentialAction":[{"@type":"ReadAction","target":["https:\/\/www.machinesproduction.fr\/tv\/reportage-8-beck-crespel\/"]}]},{"@type":"BreadcrumbList","@id":"https:\/\/www.machinesproduction.fr\/tv\/reportage-8-beck-crespel\/#breadcrumb","itemListElement":[{"@type":"ListItem","position":1,"name":"Home","item":"https:\/\/www.machinesproduction.fr\/tv\/"},{"@type":"ListItem","position":2,"name":"Reportage 8 &#8211; BECK-CRESPEL"}]},{"@type":"WebSite","@id":"https:\/\/www.machinesproduction.fr\/tv\/#website","url":"https:\/\/www.machinesproduction.fr\/tv\/","name":"Machines Production TV","description":"","potentialAction":[{"@type":"SearchAction","target":{"@type":"EntryPoint","urlTemplate":"https:\/\/www.machinesproduction.fr\/tv\/?s={search_term_string}"},"query-input":{"@type":"PropertyValueSpecification","valueRequired":true,"valueName":"search_term_string"}}],"inLanguage":"fr-FR"}]}},"_links":{"self":[{"href":"https:\/\/www.machinesproduction.fr\/tv\/wp-json\/wp\/v2\/pages\/788","targetHints":{"allow":["GET"]}}],"collection":[{"href":"https:\/\/www.machinesproduction.fr\/tv\/wp-json\/wp\/v2\/pages"}],"about":[{"href":"https:\/\/www.machinesproduction.fr\/tv\/wp-json\/wp\/v2\/types\/page"}],"author":[{"embeddable":true,"href":"https:\/\/www.machinesproduction.fr\/tv\/wp-json\/wp\/v2\/users\/2"}],"replies":[{"embeddable":true,"href":"https:\/\/www.machinesproduction.fr\/tv\/wp-json\/wp\/v2\/comments?post=788"}],"version-history":[{"count":4,"href":"https:\/\/www.machinesproduction.fr\/tv\/wp-json\/wp\/v2\/pages\/788\/revisions"}],"predecessor-version":[{"id":793,"href":"https:\/\/www.machinesproduction.fr\/tv\/wp-json\/wp\/v2\/pages\/788\/revisions\/793"}],"wp:attachment":[{"href":"https:\/\/www.machinesproduction.fr\/tv\/wp-json\/wp\/v2\/media?parent=788"}],"wp:term":[{"taxonomy":"wf_page_folders","embeddable":true,"href":"https:\/\/www.machinesproduction.fr\/tv\/wp-json\/wp\/v2\/wf_page_folders?post=788"}],"curies":[{"name":"wp","href":"https:\/\/api.w.org\/{rel}","templated":true}]}}