{"id":785,"date":"2021-06-14T18:16:50","date_gmt":"2021-06-14T17:16:50","guid":{"rendered":"https:\/\/www.machinesproduction.fr\/tv\/?page_id=785"},"modified":"2021-06-29T14:47:52","modified_gmt":"2021-06-29T13:47:52","slug":"emission-4-aeronautique","status":"publish","type":"page","link":"https:\/\/www.machinesproduction.fr\/tv\/emission-4-aeronautique\/","title":{"rendered":"Emission 4 A\u00e9ronautique"},"content":{"rendered":"<section class=\"wpb-content-wrapper\"><p>[vc_row][vc_column][vc_video link=&#8221;https:\/\/youtu.be\/YuSieFtwo3o&#8221;][\/vc_column][\/vc_row][vc_row top_padding=&#8221;40&#8243;][vc_column][vc_custom_heading text=&#8221;L&#8217;a\u00e9ronautique&#8221; font_container=&#8221;tag:h1|font_size:60|text_align:left|color:%23009ddf&#8221; use_theme_fonts=&#8221;yes&#8221; css=&#8221;.vc_custom_1624629496133{padding-bottom: 5px !important;}&#8221;][vc_text_separator title=&#8221;&#8221; title_align=&#8221;separator_align_left&#8221; color=&#8221;custom&#8221; accent_color=&#8221;#009ddf&#8221;][\/vc_column][\/vc_row][vc_row content_placement=&#8221;middle&#8221;][vc_column width=&#8221;1\/2&#8243;][vc_empty_space height=&#8221;30&#8243;][vc_column_text]<span style=\"color: #ffffff;\">Alors que la fili\u00e8re a\u00e9ronautique a \u00e9t\u00e9 durement touch\u00e9e par la pand\u00e9mie due au Covid-19, quelles cons\u00e9quences aura la reprise du trafic a\u00e9rien sur les cha\u00eenes de production. Quels mod\u00e8les d\u2019avions commerciaux reprendront leur envol, alors que les campagnes de vaccination redonnent la possibilit\u00e9 de voyager ? Qu\u2019en est-il \u00e9galement du march\u00e9 des jets d\u2019affaires et des avions militaires ? <\/span><\/p>\n<p><span style=\"color: #ffffff;\">Dans le plan de soutien massif de l\u2019Etat de plus de 15 milliards d\u2019euros visant \u00e0 relancer une fili\u00e8re balay\u00e9e par la temp\u00eate du Covid-19, il est notamment question d\u2019aider les sous-traitants \u00e0 innover pour participer \u00e0 la construction de l\u2019avion du futur. Une chose est s\u00fbre, il s\u2019agira de concevoir un appareil sans \u00e9mission de CO2.<br \/>\nAfin de faire de la France, \u00ab l\u2019un des pays les plus avanc\u00e9s dans les technologies de l\u2019avion propre \u00bb, selon le minist\u00e8re de l\u2019Economie, une enveloppe de 1,5 milliard d\u2019euros est destin\u00e9e exclusivement \u00e0 soutenir les entreprises qui participent aux d\u00e9veloppements de solutions pour r\u00e9duire la consommation en carburant des avions de ligne, mais aussi pour \u00e9lectrifier les appareils et pr\u00e9parer la transition vers des carburants neutres en carbone comme l\u2019hydrog\u00e8ne.<br \/>\n<\/span><\/p>\n<p><span style=\"color: #ffffff;\">Quelles sont ces technologies de rupture qui permettront de r\u00e9duire l\u2019empreinte carbone de l\u2019avion du futur ? Le moteur \u00e0 hydrog\u00e8ne n\u00e9cessitera-t-il autant de composants m\u00e9caniques ? Sera-t-il question de nouveaux mat\u00e9riaux ?<br \/>\nOn en parle dans<span style=\"color: #009ddf;\"> &#8220;Machines Production l&#8217;\u00c9mission&#8221;<\/span><\/span>[\/vc_column_text][\/vc_column][vc_column width=&#8221;1\/2&#8243;][media image=&#8221;422&#8243;][\/vc_column][\/vc_row][vc_row top_padding=&#8221;20&#8243;][vc_column width=&#8221;1\/2&#8243;][vc_icon icon_fontawesome=&#8221;fas fa-search&#8221; color=&#8221;custom&#8221; size=&#8221;lg&#8221; custom_color=&#8221;#009ddf&#8221;][vc_custom_heading text=&#8221;D\u00e9cryptage&#8221; font_container=&#8221;tag:h2|font_size:40|text_align:left|color:%23009ddf&#8221; use_theme_fonts=&#8221;yes&#8221; css=&#8221;.vc_custom_1619084016292{margin-top: -30px !important;padding-bottom: 20px !important;}&#8221;][vc_column_text css=&#8221;.vc_custom_1624628651007{margin-bottom: 15px !important;}&#8221;]Nous recevons deux invit\u00e9s\u00a0:<\/p>\n<p>D\u00e9sormais consultant en transport a\u00e9rien, Eric Schulz a \u00e9t\u00e9 pr\u00e9sident de Rolls-Royce a\u00e9ronautique civile avant de rejoindre, en janvier 2018, le groupe Airbus comme directeur des ventes de la branche avions commerciaux.<\/p>\n<p>Jean-Michel Schulz est ing\u00e9nieur sp\u00e9cialis\u00e9 de l\u2019ISAE-SUPAERO, et enseigne les technologies a\u00e9ronautiques, la propulsion et le management technique \u00e0 la Haute Ecole d\u2019Ing\u00e9nierie et de Gestion du canton de Vaud (Suisse) et \u00e0 l\u2019EIGSI de La Rochelle.<\/p>\n<p>Sur notre plateau, ils \u00e9voquent les cons\u00e9quences de la pand\u00e9mie de Covid-19 sur la reprise du trafic a\u00e9rien et ses r\u00e9percussions sur les cha\u00eenes de production. Il sera \u00e9galement question de l\u2019avion du futur\u00a0: un appareil nettement moins polluant, voire plus polluant du tout, gr\u00e2ce \u00e0 l\u2019hydrog\u00e8ne.[\/vc_column_text][\/vc_column][vc_column width=&#8221;1\/2&#8243;][vc_icon icon_fontawesome=&#8221;fas fa-video&#8221; color=&#8221;custom&#8221; size=&#8221;lg&#8221; custom_color=&#8221;#009ddf&#8221;][vc_custom_heading text=&#8221;Vid\u00e9os&#8221; font_container=&#8221;tag:h2|font_size:40|text_align:left|color:%23009ddf&#8221; use_theme_fonts=&#8221;yes&#8221; css=&#8221;.vc_custom_1624628952960{margin-top: -30px !important;padding-bottom: 20px !important;}&#8221;][vc_column_text css=&#8221;.vc_custom_1624629454697{margin-bottom: 15px !important;}&#8221;]<span style=\"color: #ffffff;\">Airbus pr\u00e9sente, \u00e0 travers cette vid\u00e9o, trois concepts pr\u00e9figurant \u00ab le premier avion commercial z\u00e9ro \u00e9mission au monde \u00bb, affirme le constructeur de Toulouse, dont la mise en service est pr\u00e9vue en 2035. Chacun de ces concepts pr\u00e9sente une approche diff\u00e9rente du vol z\u00e9ro \u00e9mission, explorant diverses pistes technologiques et configurations a\u00e9rodynamiques. <\/span><\/p>\n<p><span style=\"color: #ffffff;\">Un turbor\u00e9acteur aliment\u00e9 par une turbine \u00e0 gaz modifi\u00e9e fonctionnant \u00e0 l\u2019hydrog\u00e8ne, au lieu du k\u00e9ros\u00e8ne, par combustion. Un turbopropulseur (avion \u00e0 h\u00e9lices) aliment\u00e9 par la combustion \u00e0 l\u2019hydrog\u00e8ne dans des turbines \u00e0 gaz modifi\u00e9es. Et un a\u00e9ronef dont la voilure se fond dans le fuselage principal, exceptionnellement large, afin d\u2019offrir de multiples possibilit\u00e9s pour le stockage et la distribution d\u2019hydrog\u00e8ne, ainsi que pour l\u2019am\u00e9nagement de la cabine.<\/span><\/p>\n<p><span style=\"color: #ffffff;\">Dassault Aviation a d\u00e9voil\u00e9 son futur avion d\u2019affaires Falcon 10X, qui sera commercialis\u00e9 en 2025. Nous le d\u00e9couvrons dans cette vid\u00e9o : un cockpit ultramoderne, une cabine passager spacieuse, un nouveau fuselage enti\u00e8rement, une voilure enti\u00e8rement en composites et une paire de r\u00e9acteur Rolls-Royce Pearl 10X, \u00ab le plus avanc\u00e9 et le plus performant de l\u2019aviation d\u2019affaires \u00bb, selon le constructeur du Falcon.<\/span>[\/vc_column_text][\/vc_column][\/vc_row][vc_row top_padding=&#8221;40&#8243;][vc_column][vc_custom_heading text=&#8221;Intervenants&#8221; font_container=&#8221;tag:h1|font_size:60|text_align:left|color:%23009ddf&#8221; use_theme_fonts=&#8221;yes&#8221; css=&#8221;.vc_custom_1616683913325{padding-bottom: 5px !important;}&#8221;][vc_text_separator title=&#8221;&#8221; title_align=&#8221;separator_align_left&#8221; color=&#8221;custom&#8221; accent_color=&#8221;#009ddf&#8221;][\/vc_column][\/vc_row][vc_row][vc_column width=&#8221;1\/4&#8243; offset=&#8221;vc_col-xs-4\/5&#8243;][media alignment=&#8221;center&#8221; animation=&#8221;none&#8221; image=&#8221;805&#8243; width=&#8221;200&#8243;][vc_empty_space][vc_custom_heading text=&#8221;Jean-Michel Schulz&#8221; font_container=&#8221;tag:h4|text_align:center|color:%23009ddf&#8221; use_theme_fonts=&#8221;yes&#8221; css=&#8221;.vc_custom_1624972067664{padding-top: 40px !important;}&#8221;][vc_column_text]<\/p>\n<p style=\"text-align: center;\"><span style=\"font-weight: inherit; font-style: inherit;\">HEIG-VD<\/span><\/p>\n<p style=\"text-align: center;\"><span style=\"font-weight: inherit; font-style: inherit;\">Professeur-chercheur en a\u00e9ronautique<\/span><\/p>\n<p>[\/vc_column_text][\/vc_column][vc_column width=&#8221;1\/4&#8243; offset=&#8221;vc_col-xs-4\/5&#8243;][media alignment=&#8221;center&#8221; animation=&#8221;none&#8221; image=&#8221;806&#8243; width=&#8221;200&#8243;][vc_empty_space][vc_custom_heading text=&#8221;Eric Schulz&#8221; font_container=&#8221;tag:h4|text_align:center|color:%23009ddf&#8221; use_theme_fonts=&#8221;yes&#8221;][vc_column_text]<\/p>\n<p style=\"text-align: center;\">SHZ Consulting<\/p>\n<p style=\"text-align: center;\">Pr\u00e9sident<\/p>\n<p>[\/vc_column_text][\/vc_column][vc_column width=&#8221;1\/4&#8243; offset=&#8221;vc_col-xs-4\/5&#8243;][media alignment=&#8221;center&#8221; animation=&#8221;none&#8221; image=&#8221;445&#8243; width=&#8221;200&#8243;][vc_empty_space][vc_custom_heading text=&#8221;J\u00e9r\u00f4me Meyrand&#8221; font_container=&#8221;tag:h4|text_align:center|color:%23009ddf&#8221; use_theme_fonts=&#8221;yes&#8221;][vc_column_text]<\/p>\n<p style=\"text-align: center;\">Machines Production<\/p>\n<p style=\"text-align: center;\">R\u00e9dacteur en Chef<\/p>\n<p>[\/vc_column_text][\/vc_column][vc_column width=&#8221;1\/4&#8243; offset=&#8221;vc_col-xs-4\/5&#8243;][media alignment=&#8221;center&#8221; animation=&#8221;none&#8221; image=&#8221;446&#8243; width=&#8221;200&#8243;][vc_empty_space][vc_custom_heading text=&#8221;Patrick Cazier&#8221; font_container=&#8221;tag:h4|text_align:center|color:%23009ddf&#8221; use_theme_fonts=&#8221;yes&#8221;][vc_column_text]<\/p>\n<p style=\"text-align: center;\">Machines Production<\/p>\n<p style=\"text-align: center;\">R\u00e9dacteur<\/p>\n<p>[\/vc_column_text][\/vc_column][\/vc_row]<\/p>\n<\/section>","protected":false},"excerpt":{"rendered":"<p>[vc_row][vc_column][vc_video link=&#8221;https:\/\/youtu.be\/YuSieFtwo3o&#8221;][\/vc_column][\/vc_row][vc_row top_padding=&#8221;40&#8243;][vc_column][vc_custom_heading text=&#8221;L&#8217;a\u00e9ronautique&#8221; font_container=&#8221;tag:h1|font_size:60|text_align:left|color:%23009ddf&#8221; use_theme_fonts=&#8221;yes&#8221; css=&#8221;.vc_custom_1624629496133{padding-bottom: 5px !important;}&#8221;][vc_text_separator title=&#8221;&#8221; title_align=&#8221;separator_align_left&#8221; color=&#8221;custom&#8221; accent_color=&#8221;#009ddf&#8221;][\/vc_column][\/vc_row][vc_row content_placement=&#8221;middle&#8221;][vc_column width=&#8221;1\/2&#8243;][vc_empty_space height=&#8221;30&#8243;][vc_column_text]Alors que la fili\u00e8re a\u00e9ronautique a \u00e9t\u00e9 durement touch\u00e9e par la pand\u00e9mie due au Covid-19, quelles cons\u00e9quences aura la reprise du trafic a\u00e9rien sur les cha\u00eenes de production. Quels mod\u00e8les d\u2019avions commerciaux reprendront leur envol, alors que les campagnes de [&hellip;]<\/p>\n","protected":false},"author":3,"featured_media":0,"parent":0,"menu_order":0,"comment_status":"closed","ping_status":"closed","template":"","meta":{"_monsterinsights_skip_tracking":false,"_monsterinsights_sitenote_active":false,"_monsterinsights_sitenote_note":"","_monsterinsights_sitenote_category":0,"footnotes":""},"wf_page_folders":[11],"class_list":["post-785","page","type-page","status-publish","hentry"],"yoast_head":"<!-- This site is optimized with the Yoast SEO plugin v27.1.1 - https:\/\/yoast.com\/product\/yoast-seo-wordpress\/ -->\n<title>Emission - L&#039;a\u00e9ronautique - Machines Production TV<\/title>\n<meta name=\"description\" content=\"D\u00e9couvrez l&#039;\u00e9mission de Machines Production TV consacr\u00e9e \u00e0 l&#039;a\u00e9ronautique. Plus de trente minutes d&#039;infos, de d\u00e9bats et de reportages sur l&#039;actualit\u00e9 de l&#039;industrie m\u00e9canique fran\u00e7aise.\" \/>\n<meta name=\"robots\" content=\"index, follow, max-snippet:-1, max-image-preview:large, max-video-preview:-1\" \/>\n<link rel=\"canonical\" href=\"https:\/\/www.machinesproduction.fr\/tv\/emission-4-aeronautique\/\" \/>\n<meta property=\"og:locale\" content=\"fr_FR\" \/>\n<meta property=\"og:type\" content=\"article\" \/>\n<meta property=\"og:title\" content=\"Emission - L&#039;a\u00e9ronautique - Machines Production TV\" \/>\n<meta property=\"og:description\" content=\"D\u00e9couvrez l&#039;\u00e9mission de Machines Production TV consacr\u00e9e \u00e0 l&#039;a\u00e9ronautique. Plus de trente minutes d&#039;infos, de d\u00e9bats et de reportages sur l&#039;actualit\u00e9 de l&#039;industrie m\u00e9canique fran\u00e7aise.\" \/>\n<meta property=\"og:url\" content=\"https:\/\/www.machinesproduction.fr\/tv\/emission-4-aeronautique\/\" \/>\n<meta property=\"og:site_name\" content=\"Machines Production TV\" \/>\n<meta property=\"article:modified_time\" content=\"2021-06-29T13:47:52+00:00\" \/>\n<meta name=\"twitter:card\" content=\"summary_large_image\" \/>\n<meta name=\"twitter:label1\" content=\"Dur\u00e9e de lecture estim\u00e9e\" \/>\n\t<meta name=\"twitter:data1\" content=\"3 minutes\" \/>\n<script type=\"application\/ld+json\" class=\"yoast-schema-graph\">{\"@context\":\"https:\/\/schema.org\",\"@graph\":[{\"@type\":\"WebPage\",\"@id\":\"https:\/\/www.machinesproduction.fr\/tv\/emission-4-aeronautique\/\",\"url\":\"https:\/\/www.machinesproduction.fr\/tv\/emission-4-aeronautique\/\",\"name\":\"Emission - L'a\u00e9ronautique - Machines Production TV\",\"isPartOf\":{\"@id\":\"https:\/\/www.machinesproduction.fr\/tv\/#website\"},\"datePublished\":\"2021-06-14T17:16:50+00:00\",\"dateModified\":\"2021-06-29T13:47:52+00:00\",\"description\":\"D\u00e9couvrez l'\u00e9mission de Machines Production TV consacr\u00e9e \u00e0 l'a\u00e9ronautique. Plus de trente minutes d'infos, de d\u00e9bats et de reportages sur l'actualit\u00e9 de l'industrie m\u00e9canique fran\u00e7aise.\",\"breadcrumb\":{\"@id\":\"https:\/\/www.machinesproduction.fr\/tv\/emission-4-aeronautique\/#breadcrumb\"},\"inLanguage\":\"fr-FR\",\"potentialAction\":[{\"@type\":\"ReadAction\",\"target\":[\"https:\/\/www.machinesproduction.fr\/tv\/emission-4-aeronautique\/\"]}]},{\"@type\":\"BreadcrumbList\",\"@id\":\"https:\/\/www.machinesproduction.fr\/tv\/emission-4-aeronautique\/#breadcrumb\",\"itemListElement\":[{\"@type\":\"ListItem\",\"position\":1,\"name\":\"Home\",\"item\":\"https:\/\/www.machinesproduction.fr\/tv\/\"},{\"@type\":\"ListItem\",\"position\":2,\"name\":\"Emission 4 A\u00e9ronautique\"}]},{\"@type\":\"WebSite\",\"@id\":\"https:\/\/www.machinesproduction.fr\/tv\/#website\",\"url\":\"https:\/\/www.machinesproduction.fr\/tv\/\",\"name\":\"Machines Production TV\",\"description\":\"\",\"potentialAction\":[{\"@type\":\"SearchAction\",\"target\":{\"@type\":\"EntryPoint\",\"urlTemplate\":\"https:\/\/www.machinesproduction.fr\/tv\/?s={search_term_string}\"},\"query-input\":{\"@type\":\"PropertyValueSpecification\",\"valueRequired\":true,\"valueName\":\"search_term_string\"}}],\"inLanguage\":\"fr-FR\"}]}<\/script>\n<!-- \/ Yoast SEO plugin. -->","yoast_head_json":{"title":"Emission - L'a\u00e9ronautique - Machines Production TV","description":"D\u00e9couvrez l'\u00e9mission de Machines Production TV consacr\u00e9e \u00e0 l'a\u00e9ronautique. Plus de trente minutes d'infos, de d\u00e9bats et de reportages sur l'actualit\u00e9 de l'industrie m\u00e9canique fran\u00e7aise.","robots":{"index":"index","follow":"follow","max-snippet":"max-snippet:-1","max-image-preview":"max-image-preview:large","max-video-preview":"max-video-preview:-1"},"canonical":"https:\/\/www.machinesproduction.fr\/tv\/emission-4-aeronautique\/","og_locale":"fr_FR","og_type":"article","og_title":"Emission - L'a\u00e9ronautique - Machines Production TV","og_description":"D\u00e9couvrez l'\u00e9mission de Machines Production TV consacr\u00e9e \u00e0 l'a\u00e9ronautique. Plus de trente minutes d'infos, de d\u00e9bats et de reportages sur l'actualit\u00e9 de l'industrie m\u00e9canique fran\u00e7aise.","og_url":"https:\/\/www.machinesproduction.fr\/tv\/emission-4-aeronautique\/","og_site_name":"Machines Production TV","article_modified_time":"2021-06-29T13:47:52+00:00","twitter_card":"summary_large_image","twitter_misc":{"Dur\u00e9e de lecture estim\u00e9e":"3 minutes"},"schema":{"@context":"https:\/\/schema.org","@graph":[{"@type":"WebPage","@id":"https:\/\/www.machinesproduction.fr\/tv\/emission-4-aeronautique\/","url":"https:\/\/www.machinesproduction.fr\/tv\/emission-4-aeronautique\/","name":"Emission - L'a\u00e9ronautique - Machines Production TV","isPartOf":{"@id":"https:\/\/www.machinesproduction.fr\/tv\/#website"},"datePublished":"2021-06-14T17:16:50+00:00","dateModified":"2021-06-29T13:47:52+00:00","description":"D\u00e9couvrez l'\u00e9mission de Machines Production TV consacr\u00e9e \u00e0 l'a\u00e9ronautique. Plus de trente minutes d'infos, de d\u00e9bats et de reportages sur l'actualit\u00e9 de l'industrie m\u00e9canique fran\u00e7aise.","breadcrumb":{"@id":"https:\/\/www.machinesproduction.fr\/tv\/emission-4-aeronautique\/#breadcrumb"},"inLanguage":"fr-FR","potentialAction":[{"@type":"ReadAction","target":["https:\/\/www.machinesproduction.fr\/tv\/emission-4-aeronautique\/"]}]},{"@type":"BreadcrumbList","@id":"https:\/\/www.machinesproduction.fr\/tv\/emission-4-aeronautique\/#breadcrumb","itemListElement":[{"@type":"ListItem","position":1,"name":"Home","item":"https:\/\/www.machinesproduction.fr\/tv\/"},{"@type":"ListItem","position":2,"name":"Emission 4 A\u00e9ronautique"}]},{"@type":"WebSite","@id":"https:\/\/www.machinesproduction.fr\/tv\/#website","url":"https:\/\/www.machinesproduction.fr\/tv\/","name":"Machines Production TV","description":"","potentialAction":[{"@type":"SearchAction","target":{"@type":"EntryPoint","urlTemplate":"https:\/\/www.machinesproduction.fr\/tv\/?s={search_term_string}"},"query-input":{"@type":"PropertyValueSpecification","valueRequired":true,"valueName":"search_term_string"}}],"inLanguage":"fr-FR"}]}},"_links":{"self":[{"href":"https:\/\/www.machinesproduction.fr\/tv\/wp-json\/wp\/v2\/pages\/785","targetHints":{"allow":["GET"]}}],"collection":[{"href":"https:\/\/www.machinesproduction.fr\/tv\/wp-json\/wp\/v2\/pages"}],"about":[{"href":"https:\/\/www.machinesproduction.fr\/tv\/wp-json\/wp\/v2\/types\/page"}],"author":[{"embeddable":true,"href":"https:\/\/www.machinesproduction.fr\/tv\/wp-json\/wp\/v2\/users\/3"}],"replies":[{"embeddable":true,"href":"https:\/\/www.machinesproduction.fr\/tv\/wp-json\/wp\/v2\/comments?post=785"}],"version-history":[{"count":10,"href":"https:\/\/www.machinesproduction.fr\/tv\/wp-json\/wp\/v2\/pages\/785\/revisions"}],"predecessor-version":[{"id":812,"href":"https:\/\/www.machinesproduction.fr\/tv\/wp-json\/wp\/v2\/pages\/785\/revisions\/812"}],"wp:attachment":[{"href":"https:\/\/www.machinesproduction.fr\/tv\/wp-json\/wp\/v2\/media?parent=785"}],"wp:term":[{"taxonomy":"wf_page_folders","embeddable":true,"href":"https:\/\/www.machinesproduction.fr\/tv\/wp-json\/wp\/v2\/wf_page_folders?post=785"}],"curies":[{"name":"wp","href":"https:\/\/api.w.org\/{rel}","templated":true}]}}