{"id":700,"date":"2021-04-22T09:53:13","date_gmt":"2021-04-22T08:53:13","guid":{"rendered":"https:\/\/www.machinesproduction.fr\/tv\/?page_id=700"},"modified":"2021-06-08T18:51:35","modified_gmt":"2021-06-08T17:51:35","slug":"bien-etre-au-travail","status":"publish","type":"page","link":"https:\/\/www.machinesproduction.fr\/tv\/bien-etre-au-travail\/","title":{"rendered":"Emission 2 Bien Etre au Travail"},"content":{"rendered":"<section class=\"wpb-content-wrapper\"><p>[vc_row][vc_column][vc_video link=&#8221;https:\/\/youtu.be\/BQiMncFAUPM&#8221;][\/vc_column][\/vc_row][vc_row top_padding=&#8221;40&#8243;][vc_column][vc_custom_heading text=&#8221;Le Bien Etre au Travail&#8221; font_container=&#8221;tag:h1|font_size:60|text_align:left|color:%23009ddf&#8221; use_theme_fonts=&#8221;yes&#8221; css=&#8221;.vc_custom_1619081799665{padding-bottom: 5px !important;}&#8221;][vc_text_separator title=&#8221;&#8221; title_align=&#8221;separator_align_left&#8221; color=&#8221;custom&#8221; accent_color=&#8221;#009ddf&#8221;][\/vc_column][\/vc_row][vc_row content_placement=&#8221;middle&#8221;][vc_column width=&#8221;1\/2&#8243;][vc_empty_space height=&#8221;60&#8243;][vc_column_text]<span style=\"color: #ffffff;\">Avoir des salari\u00e9s heureux et surtout en pleine forme physique dans leur milieu de travail est un crit\u00e8re d\u00e9terminant pour am\u00e9liorer la productivit\u00e9 dans les ateliers d\u2019usinage.<\/span><\/p>\n<p><span style=\"color: #ffffff;\">D\u00e9couvrez quels sont les risques \u00e0 \u00e9liminer, les aides pour y parvenir et les cons\u00e9quences en mati\u00e8re \u00e9conomique pour votre entreprise.<\/span><\/p>\n<p><span style=\"color: #ffffff;\">Des TMS aux ph\u00e9nom\u00e8nes d\u2019allergie aux huiles de coupe, en passant la qualit\u00e9 de l\u2019air dans l\u2019atelier, <span style=\"color: #009ddf;\"> &#8220;Machines Production l&#8217;\u00c9mission&#8221;<\/span><\/span> vous livre ici les solutions pour vous en pr\u00e9munir.[\/vc_column_text][\/vc_column][vc_column width=&#8221;1\/2&#8243;][media image=&#8221;422&#8243;][\/vc_column][\/vc_row][vc_row top_padding=&#8221;20&#8243;][vc_column width=&#8221;1\/2&#8243;][vc_icon icon_fontawesome=&#8221;fas fa-search&#8221; color=&#8221;custom&#8221; size=&#8221;lg&#8221; custom_color=&#8221;#009ddf&#8221;][vc_custom_heading text=&#8221;D\u00e9cryptage&#8221; font_container=&#8221;tag:h2|font_size:40|text_align:left|color:%23009ddf&#8221; use_theme_fonts=&#8221;yes&#8221; css=&#8221;.vc_custom_1619084016292{margin-top: -30px !important;padding-bottom: 20px !important;}&#8221;][vc_column_text css=&#8221;.vc_custom_1620296777514{margin-bottom: 15px !important;}&#8221;]Nous recevons deux invit\u00e9s :<\/p>\n<ul>\n<li>Micka\u00ebl Guih\u00e9neuf, ing\u00e9nieur-conseil sur les risques professionnels \u00e0 l\u2019Assurance Maladie<\/li>\n<li>Bruno Courtois, expert en pr\u00e9vention des risques chimiques \u00e0 l&#8217;INRS, l\u2019Institut national de recherche et de s\u00e9curit\u00e9.<\/li>\n<\/ul>\n<p>Ils \u00e9voquent les questions r\u00e9glementaires, mais aussi les cons\u00e9quences \u00ab\u00a0\u00e9conomiques\u00a0\u00bb pour une entreprise qui met tout en \u0153uvre pour am\u00e9liorer le bien-\u00eatre de ses salari\u00e9s. Et enfin les dispositifs pour les accompagner.[\/vc_column_text][\/vc_column][vc_column width=&#8221;1\/2&#8243;][vc_icon icon_fontawesome=&#8221;fas fa-video&#8221; color=&#8221;custom&#8221; size=&#8221;lg&#8221; custom_color=&#8221;#009ddf&#8221;][vc_custom_heading text=&#8221;Reportages&#8221; font_container=&#8221;tag:h2|font_size:40|text_align:left|color:%23009ddf&#8221; use_theme_fonts=&#8221;yes&#8221; css=&#8221;.vc_custom_1616682550610{margin-top: -30px !important;padding-bottom: 20px !important;}&#8221;][vc_column_text css=&#8221;.vc_custom_1619084255310{margin-bottom: 15px !important;}&#8221;]<span style=\"color: #ffffff;\">Nous vous emmenons au sein de deux entreprises d\u2019usinage de pr\u00e9cision, chez UND (Doubs) et Bouverat-Pernat (Haute-Savoie). Ces deux PME familiales ont mis en place une s\u00e9rie d\u2019actions visant \u00e0 am\u00e9liorer la qualit\u00e9 de vie au travail.<\/span><\/p>\n<ul>\n<li><span style=\"color: #ffffff;\">Utilisation d\u2019une huile de coupe non cytotoxique,<\/span><\/li>\n<li><span style=\"color: #ffffff;\">Un indicateur mesurant l\u2019\u00e9panouissement de leurs salari\u00e9s,<\/span><\/li>\n<li><span style=\"color: #ffffff;\">L\u2019automatisation d\u2019un poste de polissage manuel, qui g\u00e9n\u00e9rait des troubles musculosquelettiques,<\/span><\/li>\n<li><span style=\"color: #ffffff;\">L\u2019\u00e9limination des brouillards d\u2019huile dans l\u2019atelier et la fin de toute manutention manuelle de charges lourdes.<\/span><\/li>\n<\/ul>\n<p><span style=\"color: #ffffff;\">Enfin, le t\u00e9moignage d\u2019un installeur d\u2019appareils de traitement des brouillards d\u2019huile.<\/span>[\/vc_column_text][\/vc_column][\/vc_row][vc_row top_padding=&#8221;40&#8243;][vc_column][vc_custom_heading text=&#8221;Intervenants&#8221; font_container=&#8221;tag:h1|font_size:60|text_align:left|color:%23009ddf&#8221; use_theme_fonts=&#8221;yes&#8221; css=&#8221;.vc_custom_1616683913325{padding-bottom: 5px !important;}&#8221;][vc_text_separator title=&#8221;&#8221; title_align=&#8221;separator_align_left&#8221; color=&#8221;custom&#8221; accent_color=&#8221;#009ddf&#8221;][\/vc_column][\/vc_row][vc_row][vc_column width=&#8221;1\/4&#8243; offset=&#8221;vc_col-xs-4\/5&#8243;][media alignment=&#8221;center&#8221; animation=&#8221;none&#8221; image=&#8221;706&#8243; width=&#8221;200&#8243;][vc_empty_space][vc_custom_heading text=&#8221;Micka\u00ebl Guih\u00e9neuf&#8221; font_container=&#8221;tag:h4|text_align:center|color:%23009ddf&#8221; use_theme_fonts=&#8221;yes&#8221; css=&#8221;.vc_custom_1620296792273{padding-top: 40px !important;}&#8221;][vc_column_text]<\/p>\n<p style=\"text-align: center;\">Caisse Nationale de l&#8217;Assurance Maladie<\/p>\n<p style=\"text-align: center;\">Ing\u00e9nieur-conseil sur les risques professionnels<\/p>\n<p>[\/vc_column_text][\/vc_column][vc_column width=&#8221;1\/4&#8243; offset=&#8221;vc_col-xs-4\/5&#8243;][media alignment=&#8221;center&#8221; animation=&#8221;none&#8221; image=&#8221;712&#8243; width=&#8221;200&#8243;][vc_empty_space][vc_custom_heading text=&#8221;Bruno Courtois&#8221; font_container=&#8221;tag:h4|text_align:center|color:%23009ddf&#8221; use_theme_fonts=&#8221;yes&#8221;][vc_column_text]<\/p>\n<p style=\"text-align: center;\">INRS &#8211; Institut National de Recherche et de S\u00e9curit\u00e9<\/p>\n<p style=\"text-align: center;\">Expert en pr\u00e9vention des risques chimiques<\/p>\n<p>[\/vc_column_text][\/vc_column][vc_column width=&#8221;1\/4&#8243; offset=&#8221;vc_col-xs-4\/5&#8243;][media alignment=&#8221;center&#8221; animation=&#8221;none&#8221; image=&#8221;445&#8243; width=&#8221;200&#8243;][vc_empty_space][vc_custom_heading text=&#8221;J\u00e9r\u00f4me Meyrand&#8221; font_container=&#8221;tag:h4|text_align:center|color:%23009ddf&#8221; use_theme_fonts=&#8221;yes&#8221;][vc_column_text]<\/p>\n<p style=\"text-align: center;\">Machines Production<\/p>\n<p style=\"text-align: center;\">R\u00e9dacteur en Chef<\/p>\n<p>[\/vc_column_text][\/vc_column][vc_column width=&#8221;1\/4&#8243; offset=&#8221;vc_col-xs-4\/5&#8243;][media alignment=&#8221;center&#8221; animation=&#8221;none&#8221; image=&#8221;446&#8243; width=&#8221;200&#8243;][vc_empty_space][vc_custom_heading text=&#8221;Patrick Cazier&#8221; font_container=&#8221;tag:h4|text_align:center|color:%23009ddf&#8221; use_theme_fonts=&#8221;yes&#8221;][vc_column_text]<\/p>\n<p style=\"text-align: center;\">Machines Production<\/p>\n<p style=\"text-align: center;\">R\u00e9dacteur<\/p>\n<p>[\/vc_column_text][\/vc_column][\/vc_row]<\/p>\n<\/section>","protected":false},"excerpt":{"rendered":"<p>[vc_row][vc_column][vc_video link=&#8221;https:\/\/youtu.be\/BQiMncFAUPM&#8221;][\/vc_column][\/vc_row][vc_row top_padding=&#8221;40&#8243;][vc_column][vc_custom_heading text=&#8221;Le Bien Etre au Travail&#8221; font_container=&#8221;tag:h1|font_size:60|text_align:left|color:%23009ddf&#8221; use_theme_fonts=&#8221;yes&#8221; css=&#8221;.vc_custom_1619081799665{padding-bottom: 5px !important;}&#8221;][vc_text_separator title=&#8221;&#8221; title_align=&#8221;separator_align_left&#8221; color=&#8221;custom&#8221; accent_color=&#8221;#009ddf&#8221;][\/vc_column][\/vc_row][vc_row content_placement=&#8221;middle&#8221;][vc_column width=&#8221;1\/2&#8243;][vc_empty_space height=&#8221;60&#8243;][vc_column_text]Avoir des salari\u00e9s heureux et surtout en pleine forme physique dans leur milieu de travail est un crit\u00e8re d\u00e9terminant pour am\u00e9liorer la productivit\u00e9 dans les ateliers d\u2019usinage. D\u00e9couvrez quels sont les risques \u00e0 \u00e9liminer, les aides [&hellip;]<\/p>\n","protected":false},"author":3,"featured_media":0,"parent":0,"menu_order":0,"comment_status":"closed","ping_status":"closed","template":"","meta":{"_monsterinsights_skip_tracking":false,"_monsterinsights_sitenote_active":false,"_monsterinsights_sitenote_note":"","_monsterinsights_sitenote_category":0,"footnotes":""},"wf_page_folders":[11],"class_list":["post-700","page","type-page","status-publish","hentry"],"yoast_head":"<!-- This site is optimized with the Yoast SEO plugin v27.1.1 - https:\/\/yoast.com\/product\/yoast-seo-wordpress\/ -->\n<title>Emission - Le Bien-Etre au Travail - Machines Production TV<\/title>\n<meta name=\"description\" content=\"D\u00e9couvrez l&#039;\u00e9mission de Machines Production TV consacr\u00e9 au &quot;Bien-\u00eatre au Travail&quot;. Plus de trente minutes d&#039;infos, de d\u00e9bats et de reportages sur l&#039;actualit\u00e9 de l&#039;industrie m\u00e9canique fran\u00e7aise.\" \/>\n<meta name=\"robots\" content=\"index, follow, max-snippet:-1, max-image-preview:large, max-video-preview:-1\" \/>\n<link rel=\"canonical\" href=\"https:\/\/www.machinesproduction.fr\/tv\/bien-etre-au-travail\/\" \/>\n<meta property=\"og:locale\" content=\"fr_FR\" \/>\n<meta property=\"og:type\" content=\"article\" \/>\n<meta property=\"og:title\" content=\"Emission - Le Bien-Etre au Travail - Machines Production TV\" \/>\n<meta property=\"og:description\" content=\"D\u00e9couvrez l&#039;\u00e9mission de Machines Production TV consacr\u00e9 au &quot;Bien-\u00eatre au Travail&quot;. Plus de trente minutes d&#039;infos, de d\u00e9bats et de reportages sur l&#039;actualit\u00e9 de l&#039;industrie m\u00e9canique fran\u00e7aise.\" \/>\n<meta property=\"og:url\" content=\"https:\/\/www.machinesproduction.fr\/tv\/bien-etre-au-travail\/\" \/>\n<meta property=\"og:site_name\" content=\"Machines Production TV\" \/>\n<meta property=\"article:modified_time\" content=\"2021-06-08T17:51:35+00:00\" \/>\n<meta name=\"twitter:card\" content=\"summary_large_image\" \/>\n<meta name=\"twitter:label1\" content=\"Dur\u00e9e de lecture estim\u00e9e\" \/>\n\t<meta name=\"twitter:data1\" content=\"2 minutes\" \/>\n<script type=\"application\/ld+json\" class=\"yoast-schema-graph\">{\"@context\":\"https:\/\/schema.org\",\"@graph\":[{\"@type\":\"WebPage\",\"@id\":\"https:\/\/www.machinesproduction.fr\/tv\/bien-etre-au-travail\/\",\"url\":\"https:\/\/www.machinesproduction.fr\/tv\/bien-etre-au-travail\/\",\"name\":\"Emission - Le Bien-Etre au Travail - Machines Production TV\",\"isPartOf\":{\"@id\":\"https:\/\/www.machinesproduction.fr\/tv\/#website\"},\"datePublished\":\"2021-04-22T08:53:13+00:00\",\"dateModified\":\"2021-06-08T17:51:35+00:00\",\"description\":\"D\u00e9couvrez l'\u00e9mission de Machines Production TV consacr\u00e9 au \\\"Bien-\u00eatre au Travail\\\". Plus de trente minutes d'infos, de d\u00e9bats et de reportages sur l'actualit\u00e9 de l'industrie m\u00e9canique fran\u00e7aise.\",\"breadcrumb\":{\"@id\":\"https:\/\/www.machinesproduction.fr\/tv\/bien-etre-au-travail\/#breadcrumb\"},\"inLanguage\":\"fr-FR\",\"potentialAction\":[{\"@type\":\"ReadAction\",\"target\":[\"https:\/\/www.machinesproduction.fr\/tv\/bien-etre-au-travail\/\"]}]},{\"@type\":\"BreadcrumbList\",\"@id\":\"https:\/\/www.machinesproduction.fr\/tv\/bien-etre-au-travail\/#breadcrumb\",\"itemListElement\":[{\"@type\":\"ListItem\",\"position\":1,\"name\":\"Home\",\"item\":\"https:\/\/www.machinesproduction.fr\/tv\/\"},{\"@type\":\"ListItem\",\"position\":2,\"name\":\"Emission 2 Bien Etre au Travail\"}]},{\"@type\":\"WebSite\",\"@id\":\"https:\/\/www.machinesproduction.fr\/tv\/#website\",\"url\":\"https:\/\/www.machinesproduction.fr\/tv\/\",\"name\":\"Machines Production TV\",\"description\":\"\",\"potentialAction\":[{\"@type\":\"SearchAction\",\"target\":{\"@type\":\"EntryPoint\",\"urlTemplate\":\"https:\/\/www.machinesproduction.fr\/tv\/?s={search_term_string}\"},\"query-input\":{\"@type\":\"PropertyValueSpecification\",\"valueRequired\":true,\"valueName\":\"search_term_string\"}}],\"inLanguage\":\"fr-FR\"}]}<\/script>\n<!-- \/ Yoast SEO plugin. -->","yoast_head_json":{"title":"Emission - Le Bien-Etre au Travail - Machines Production TV","description":"D\u00e9couvrez l'\u00e9mission de Machines Production TV consacr\u00e9 au \"Bien-\u00eatre au Travail\". Plus de trente minutes d'infos, de d\u00e9bats et de reportages sur l'actualit\u00e9 de l'industrie m\u00e9canique fran\u00e7aise.","robots":{"index":"index","follow":"follow","max-snippet":"max-snippet:-1","max-image-preview":"max-image-preview:large","max-video-preview":"max-video-preview:-1"},"canonical":"https:\/\/www.machinesproduction.fr\/tv\/bien-etre-au-travail\/","og_locale":"fr_FR","og_type":"article","og_title":"Emission - Le Bien-Etre au Travail - Machines Production TV","og_description":"D\u00e9couvrez l'\u00e9mission de Machines Production TV consacr\u00e9 au \"Bien-\u00eatre au Travail\". Plus de trente minutes d'infos, de d\u00e9bats et de reportages sur l'actualit\u00e9 de l'industrie m\u00e9canique fran\u00e7aise.","og_url":"https:\/\/www.machinesproduction.fr\/tv\/bien-etre-au-travail\/","og_site_name":"Machines Production TV","article_modified_time":"2021-06-08T17:51:35+00:00","twitter_card":"summary_large_image","twitter_misc":{"Dur\u00e9e de lecture estim\u00e9e":"2 minutes"},"schema":{"@context":"https:\/\/schema.org","@graph":[{"@type":"WebPage","@id":"https:\/\/www.machinesproduction.fr\/tv\/bien-etre-au-travail\/","url":"https:\/\/www.machinesproduction.fr\/tv\/bien-etre-au-travail\/","name":"Emission - Le Bien-Etre au Travail - Machines Production TV","isPartOf":{"@id":"https:\/\/www.machinesproduction.fr\/tv\/#website"},"datePublished":"2021-04-22T08:53:13+00:00","dateModified":"2021-06-08T17:51:35+00:00","description":"D\u00e9couvrez l'\u00e9mission de Machines Production TV consacr\u00e9 au \"Bien-\u00eatre au Travail\". Plus de trente minutes d'infos, de d\u00e9bats et de reportages sur l'actualit\u00e9 de l'industrie m\u00e9canique fran\u00e7aise.","breadcrumb":{"@id":"https:\/\/www.machinesproduction.fr\/tv\/bien-etre-au-travail\/#breadcrumb"},"inLanguage":"fr-FR","potentialAction":[{"@type":"ReadAction","target":["https:\/\/www.machinesproduction.fr\/tv\/bien-etre-au-travail\/"]}]},{"@type":"BreadcrumbList","@id":"https:\/\/www.machinesproduction.fr\/tv\/bien-etre-au-travail\/#breadcrumb","itemListElement":[{"@type":"ListItem","position":1,"name":"Home","item":"https:\/\/www.machinesproduction.fr\/tv\/"},{"@type":"ListItem","position":2,"name":"Emission 2 Bien Etre au Travail"}]},{"@type":"WebSite","@id":"https:\/\/www.machinesproduction.fr\/tv\/#website","url":"https:\/\/www.machinesproduction.fr\/tv\/","name":"Machines Production TV","description":"","potentialAction":[{"@type":"SearchAction","target":{"@type":"EntryPoint","urlTemplate":"https:\/\/www.machinesproduction.fr\/tv\/?s={search_term_string}"},"query-input":{"@type":"PropertyValueSpecification","valueRequired":true,"valueName":"search_term_string"}}],"inLanguage":"fr-FR"}]}},"_links":{"self":[{"href":"https:\/\/www.machinesproduction.fr\/tv\/wp-json\/wp\/v2\/pages\/700","targetHints":{"allow":["GET"]}}],"collection":[{"href":"https:\/\/www.machinesproduction.fr\/tv\/wp-json\/wp\/v2\/pages"}],"about":[{"href":"https:\/\/www.machinesproduction.fr\/tv\/wp-json\/wp\/v2\/types\/page"}],"author":[{"embeddable":true,"href":"https:\/\/www.machinesproduction.fr\/tv\/wp-json\/wp\/v2\/users\/3"}],"replies":[{"embeddable":true,"href":"https:\/\/www.machinesproduction.fr\/tv\/wp-json\/wp\/v2\/comments?post=700"}],"version-history":[{"count":13,"href":"https:\/\/www.machinesproduction.fr\/tv\/wp-json\/wp\/v2\/pages\/700\/revisions"}],"predecessor-version":[{"id":776,"href":"https:\/\/www.machinesproduction.fr\/tv\/wp-json\/wp\/v2\/pages\/700\/revisions\/776"}],"wp:attachment":[{"href":"https:\/\/www.machinesproduction.fr\/tv\/wp-json\/wp\/v2\/media?parent=700"}],"wp:term":[{"taxonomy":"wf_page_folders","embeddable":true,"href":"https:\/\/www.machinesproduction.fr\/tv\/wp-json\/wp\/v2\/wf_page_folders?post=700"}],"curies":[{"name":"wp","href":"https:\/\/api.w.org\/{rel}","templated":true}]}}