{"id":593,"date":"2021-03-30T11:55:01","date_gmt":"2021-03-30T10:55:01","guid":{"rendered":"https:\/\/www.machinesproduction.fr\/tv\/?page_id=593"},"modified":"2023-03-22T12:17:42","modified_gmt":"2023-03-22T11:17:42","slug":"focus-2-top-solid","status":"publish","type":"page","link":"https:\/\/www.machinesproduction.fr\/tv\/focus-2-top-solid\/","title":{"rendered":"Focus 2 &#8211; TOP SOLID"},"content":{"rendered":"<section class=\"wpb-content-wrapper\"><p>[vc_row][vc_column][vc_video link=&#8221;https:\/\/youtu.be\/sh8YiylcOLE&#8221;][vc_btn title=&#8221;Retour aux FOCUS&#8221; style=&#8221;custom&#8221; custom_background=&#8221;#009ddf&#8221; custom_text=&#8221;#ffffff&#8221; shape=&#8221;round&#8221; i_icon_fontawesome=&#8221;fas fa-arrow-left&#8221; add_icon=&#8221;true&#8221; link=&#8221;url:https%3A%2F%2Fwww.machinesproduction.fr%2Ftv%2Fles-focus%2F|title:les%20Focus&#8221;][\/vc_column][\/vc_row]<\/p>\n<\/section>","protected":false},"excerpt":{"rendered":"<p>[vc_row][vc_column][vc_video link=&#8221;https:\/\/youtu.be\/sh8YiylcOLE&#8221;][vc_btn title=&#8221;Retour aux FOCUS&#8221; style=&#8221;custom&#8221; custom_background=&#8221;#009ddf&#8221; custom_text=&#8221;#ffffff&#8221; shape=&#8221;round&#8221; i_icon_fontawesome=&#8221;fas fa-arrow-left&#8221; add_icon=&#8221;true&#8221; link=&#8221;url:https%3A%2F%2Fwww.machinesproduction.fr%2Ftv%2Fles-focus%2F|title:les%20Focus&#8221;][\/vc_column][\/vc_row]<\/p>\n","protected":false},"author":3,"featured_media":1835,"parent":0,"menu_order":0,"comment_status":"closed","ping_status":"closed","template":"","meta":{"_monsterinsights_skip_tracking":false,"_monsterinsights_sitenote_active":false,"_monsterinsights_sitenote_note":"","_monsterinsights_sitenote_category":0,"footnotes":""},"wf_page_folders":[14],"class_list":["post-593","page","type-page","status-publish","has-post-thumbnail","hentry"],"yoast_head":"<!-- This site is optimized with the Yoast SEO plugin v27.1.1 - https:\/\/yoast.com\/product\/yoast-seo-wordpress\/ -->\n<title>Focus - Top Solid - Machines Production TV<\/title>\n<meta name=\"description\" content=\"Focus sur l&#039;entreprise TOP SOLID. Machines Production TV donne la parole \u00e0 Richard Lamure, Pr\u00e9sident de TOP SOLID afin de pr\u00e9senter son entreprise et ses savoirs-faire\" \/>\n<meta name=\"robots\" content=\"index, follow, max-snippet:-1, max-image-preview:large, max-video-preview:-1\" \/>\n<link rel=\"canonical\" href=\"https:\/\/www.machinesproduction.fr\/tv\/focus-2-top-solid\/\" \/>\n<meta property=\"og:locale\" content=\"fr_FR\" \/>\n<meta property=\"og:type\" content=\"article\" \/>\n<meta property=\"og:title\" content=\"Focus sur TOP SOLID\" \/>\n<meta property=\"og:description\" content=\"Focus sur l&#039;entreprise TOP SOLID. Machines Production TV donne la parole \u00e0 Richard Lamure, Pr\u00e9sident de TOP SOLID afin de pr\u00e9senter son entreprise et ses savoirs-faire\" \/>\n<meta property=\"og:url\" content=\"https:\/\/www.machinesproduction.fr\/tv\/focus-2-top-solid\/\" \/>\n<meta property=\"og:site_name\" content=\"Machines Production TV\" \/>\n<meta property=\"article:modified_time\" content=\"2023-03-22T11:17:42+00:00\" \/>\n<meta property=\"og:image\" content=\"https:\/\/www.machinesproduction.fr\/tv\/wp-content\/uploads\/2023\/03\/Focus-TopSolid.jpg\" \/>\n\t<meta property=\"og:image:width\" content=\"1280\" \/>\n\t<meta property=\"og:image:height\" content=\"720\" \/>\n\t<meta property=\"og:image:type\" content=\"image\/jpeg\" \/>\n<meta name=\"twitter:card\" content=\"summary_large_image\" \/>\n<meta name=\"twitter:title\" content=\"Focus sur TOP SOLID\" \/>\n<meta name=\"twitter:description\" content=\"Focus sur l&#039;entreprise TOP SOLID. Machines Production TV donne la parole \u00e0 Richard Lamure, Pr\u00e9sident de TOP SOLID afin de pr\u00e9senter son entreprise et ses savoirs-faire\" \/>\n<meta name=\"twitter:image\" content=\"https:\/\/www.machinesproduction.fr\/tv\/wp-content\/uploads\/2023\/03\/Focus-TopSolid.jpg\" \/>\n<meta name=\"twitter:label1\" content=\"Dur\u00e9e de lecture estim\u00e9e\" \/>\n\t<meta name=\"twitter:data1\" content=\"1 minute\" \/>\n<script type=\"application\/ld+json\" class=\"yoast-schema-graph\">{\"@context\":\"https:\/\/schema.org\",\"@graph\":[{\"@type\":\"WebPage\",\"@id\":\"https:\/\/www.machinesproduction.fr\/tv\/focus-2-top-solid\/\",\"url\":\"https:\/\/www.machinesproduction.fr\/tv\/focus-2-top-solid\/\",\"name\":\"Focus - Top Solid - Machines Production TV\",\"isPartOf\":{\"@id\":\"https:\/\/www.machinesproduction.fr\/tv\/#website\"},\"primaryImageOfPage\":{\"@id\":\"https:\/\/www.machinesproduction.fr\/tv\/focus-2-top-solid\/#primaryimage\"},\"image\":{\"@id\":\"https:\/\/www.machinesproduction.fr\/tv\/focus-2-top-solid\/#primaryimage\"},\"thumbnailUrl\":\"https:\/\/www.machinesproduction.fr\/tv\/wp-content\/uploads\/2023\/03\/Focus-TopSolid.jpg\",\"datePublished\":\"2021-03-30T10:55:01+00:00\",\"dateModified\":\"2023-03-22T11:17:42+00:00\",\"description\":\"Focus sur l'entreprise TOP SOLID. Machines Production TV donne la parole \u00e0 Richard Lamure, Pr\u00e9sident de TOP SOLID afin de pr\u00e9senter son entreprise et ses savoirs-faire\",\"breadcrumb\":{\"@id\":\"https:\/\/www.machinesproduction.fr\/tv\/focus-2-top-solid\/#breadcrumb\"},\"inLanguage\":\"fr-FR\",\"potentialAction\":[{\"@type\":\"ReadAction\",\"target\":[\"https:\/\/www.machinesproduction.fr\/tv\/focus-2-top-solid\/\"]}]},{\"@type\":\"ImageObject\",\"inLanguage\":\"fr-FR\",\"@id\":\"https:\/\/www.machinesproduction.fr\/tv\/focus-2-top-solid\/#primaryimage\",\"url\":\"https:\/\/www.machinesproduction.fr\/tv\/wp-content\/uploads\/2023\/03\/Focus-TopSolid.jpg\",\"contentUrl\":\"https:\/\/www.machinesproduction.fr\/tv\/wp-content\/uploads\/2023\/03\/Focus-TopSolid.jpg\",\"width\":1280,\"height\":720},{\"@type\":\"BreadcrumbList\",\"@id\":\"https:\/\/www.machinesproduction.fr\/tv\/focus-2-top-solid\/#breadcrumb\",\"itemListElement\":[{\"@type\":\"ListItem\",\"position\":1,\"name\":\"Home\",\"item\":\"https:\/\/www.machinesproduction.fr\/tv\/\"},{\"@type\":\"ListItem\",\"position\":2,\"name\":\"Focus 2 &#8211; TOP SOLID\"}]},{\"@type\":\"WebSite\",\"@id\":\"https:\/\/www.machinesproduction.fr\/tv\/#website\",\"url\":\"https:\/\/www.machinesproduction.fr\/tv\/\",\"name\":\"Machines Production TV\",\"description\":\"\",\"potentialAction\":[{\"@type\":\"SearchAction\",\"target\":{\"@type\":\"EntryPoint\",\"urlTemplate\":\"https:\/\/www.machinesproduction.fr\/tv\/?s={search_term_string}\"},\"query-input\":{\"@type\":\"PropertyValueSpecification\",\"valueRequired\":true,\"valueName\":\"search_term_string\"}}],\"inLanguage\":\"fr-FR\"}]}<\/script>\n<!-- \/ Yoast SEO plugin. -->","yoast_head_json":{"title":"Focus - Top Solid - Machines Production TV","description":"Focus sur l'entreprise TOP SOLID. Machines Production TV donne la parole \u00e0 Richard Lamure, Pr\u00e9sident de TOP SOLID afin de pr\u00e9senter son entreprise et ses savoirs-faire","robots":{"index":"index","follow":"follow","max-snippet":"max-snippet:-1","max-image-preview":"max-image-preview:large","max-video-preview":"max-video-preview:-1"},"canonical":"https:\/\/www.machinesproduction.fr\/tv\/focus-2-top-solid\/","og_locale":"fr_FR","og_type":"article","og_title":"Focus sur TOP SOLID","og_description":"Focus sur l'entreprise TOP SOLID. Machines Production TV donne la parole \u00e0 Richard Lamure, Pr\u00e9sident de TOP SOLID afin de pr\u00e9senter son entreprise et ses savoirs-faire","og_url":"https:\/\/www.machinesproduction.fr\/tv\/focus-2-top-solid\/","og_site_name":"Machines Production TV","article_modified_time":"2023-03-22T11:17:42+00:00","og_image":[{"width":1280,"height":720,"url":"https:\/\/www.machinesproduction.fr\/tv\/wp-content\/uploads\/2023\/03\/Focus-TopSolid.jpg","type":"image\/jpeg"}],"twitter_card":"summary_large_image","twitter_title":"Focus sur TOP SOLID","twitter_description":"Focus sur l'entreprise TOP SOLID. Machines Production TV donne la parole \u00e0 Richard Lamure, Pr\u00e9sident de TOP SOLID afin de pr\u00e9senter son entreprise et ses savoirs-faire","twitter_image":"https:\/\/www.machinesproduction.fr\/tv\/wp-content\/uploads\/2023\/03\/Focus-TopSolid.jpg","twitter_misc":{"Dur\u00e9e de lecture estim\u00e9e":"1 minute"},"schema":{"@context":"https:\/\/schema.org","@graph":[{"@type":"WebPage","@id":"https:\/\/www.machinesproduction.fr\/tv\/focus-2-top-solid\/","url":"https:\/\/www.machinesproduction.fr\/tv\/focus-2-top-solid\/","name":"Focus - Top Solid - Machines Production TV","isPartOf":{"@id":"https:\/\/www.machinesproduction.fr\/tv\/#website"},"primaryImageOfPage":{"@id":"https:\/\/www.machinesproduction.fr\/tv\/focus-2-top-solid\/#primaryimage"},"image":{"@id":"https:\/\/www.machinesproduction.fr\/tv\/focus-2-top-solid\/#primaryimage"},"thumbnailUrl":"https:\/\/www.machinesproduction.fr\/tv\/wp-content\/uploads\/2023\/03\/Focus-TopSolid.jpg","datePublished":"2021-03-30T10:55:01+00:00","dateModified":"2023-03-22T11:17:42+00:00","description":"Focus sur l'entreprise TOP SOLID. Machines Production TV donne la parole \u00e0 Richard Lamure, Pr\u00e9sident de TOP SOLID afin de pr\u00e9senter son entreprise et ses savoirs-faire","breadcrumb":{"@id":"https:\/\/www.machinesproduction.fr\/tv\/focus-2-top-solid\/#breadcrumb"},"inLanguage":"fr-FR","potentialAction":[{"@type":"ReadAction","target":["https:\/\/www.machinesproduction.fr\/tv\/focus-2-top-solid\/"]}]},{"@type":"ImageObject","inLanguage":"fr-FR","@id":"https:\/\/www.machinesproduction.fr\/tv\/focus-2-top-solid\/#primaryimage","url":"https:\/\/www.machinesproduction.fr\/tv\/wp-content\/uploads\/2023\/03\/Focus-TopSolid.jpg","contentUrl":"https:\/\/www.machinesproduction.fr\/tv\/wp-content\/uploads\/2023\/03\/Focus-TopSolid.jpg","width":1280,"height":720},{"@type":"BreadcrumbList","@id":"https:\/\/www.machinesproduction.fr\/tv\/focus-2-top-solid\/#breadcrumb","itemListElement":[{"@type":"ListItem","position":1,"name":"Home","item":"https:\/\/www.machinesproduction.fr\/tv\/"},{"@type":"ListItem","position":2,"name":"Focus 2 &#8211; TOP SOLID"}]},{"@type":"WebSite","@id":"https:\/\/www.machinesproduction.fr\/tv\/#website","url":"https:\/\/www.machinesproduction.fr\/tv\/","name":"Machines Production TV","description":"","potentialAction":[{"@type":"SearchAction","target":{"@type":"EntryPoint","urlTemplate":"https:\/\/www.machinesproduction.fr\/tv\/?s={search_term_string}"},"query-input":{"@type":"PropertyValueSpecification","valueRequired":true,"valueName":"search_term_string"}}],"inLanguage":"fr-FR"}]}},"_links":{"self":[{"href":"https:\/\/www.machinesproduction.fr\/tv\/wp-json\/wp\/v2\/pages\/593","targetHints":{"allow":["GET"]}}],"collection":[{"href":"https:\/\/www.machinesproduction.fr\/tv\/wp-json\/wp\/v2\/pages"}],"about":[{"href":"https:\/\/www.machinesproduction.fr\/tv\/wp-json\/wp\/v2\/types\/page"}],"author":[{"embeddable":true,"href":"https:\/\/www.machinesproduction.fr\/tv\/wp-json\/wp\/v2\/users\/3"}],"replies":[{"embeddable":true,"href":"https:\/\/www.machinesproduction.fr\/tv\/wp-json\/wp\/v2\/comments?post=593"}],"version-history":[{"count":5,"href":"https:\/\/www.machinesproduction.fr\/tv\/wp-json\/wp\/v2\/pages\/593\/revisions"}],"predecessor-version":[{"id":1836,"href":"https:\/\/www.machinesproduction.fr\/tv\/wp-json\/wp\/v2\/pages\/593\/revisions\/1836"}],"wp:featuredmedia":[{"embeddable":true,"href":"https:\/\/www.machinesproduction.fr\/tv\/wp-json\/wp\/v2\/media\/1835"}],"wp:attachment":[{"href":"https:\/\/www.machinesproduction.fr\/tv\/wp-json\/wp\/v2\/media?parent=593"}],"wp:term":[{"taxonomy":"wf_page_folders","embeddable":true,"href":"https:\/\/www.machinesproduction.fr\/tv\/wp-json\/wp\/v2\/wf_page_folders?post=593"}],"curies":[{"name":"wp","href":"https:\/\/api.w.org\/{rel}","templated":true}]}}