{"id":494,"date":"2021-03-27T12:16:43","date_gmt":"2021-03-27T11:16:43","guid":{"rendered":"https:\/\/www.machinesproduction.fr\/tv\/?page_id=494"},"modified":"2021-03-30T11:43:32","modified_gmt":"2021-03-30T10:43:32","slug":"les-focus","status":"publish","type":"page","link":"https:\/\/www.machinesproduction.fr\/tv\/les-focus\/","title":{"rendered":"les Focus"},"content":{"rendered":"<section class=\"wpb-content-wrapper\"><p>[vc_row][vc_column][vc_empty_space height=&#8221;64px&#8221;][vc_custom_heading text=&#8221;LES FOCUS &#8211; Machines Production TV&#8221; font_container=&#8221;tag:h2|font_size:30|text_align:left|color:%23009ddf&#8221; google_fonts=&#8221;font_family:Lato%3A100%2C100italic%2C300%2C300italic%2Cregular%2Citalic%2C700%2C700italic%2C900%2C900italic|font_style:400%20regular%3A400%3Anormal&#8221;][vc_column_text]<em>Cliquez sur la vignette de votre choix<\/em>[\/vc_column_text][vc_empty_space][\/vc_column][\/vc_row][vc_row][vc_column][recent_portfolio space=&#8221;no_space&#8221; columns=&#8221;4&#8243; carousel=&#8221;no&#8221; from_where=&#8221;cat&#8221; category=&#8221;8&#8243;][vc_empty_space height=&#8221;80px&#8221;][\/vc_column][\/vc_row]<\/p>\n<\/section>","protected":false},"excerpt":{"rendered":"<p>[vc_row][vc_column][vc_empty_space height=&#8221;64px&#8221;][vc_custom_heading text=&#8221;LES FOCUS &#8211; Machines Production TV&#8221; font_container=&#8221;tag:h2|font_size:30|text_align:left|color:%23009ddf&#8221; google_fonts=&#8221;font_family:Lato%3A100%2C100italic%2C300%2C300italic%2Cregular%2Citalic%2C700%2C700italic%2C900%2C900italic|font_style:400%20regular%3A400%3Anormal&#8221;][vc_column_text]Cliquez sur la vignette de votre choix[\/vc_column_text][vc_empty_space][\/vc_column][\/vc_row][vc_row][vc_column][recent_portfolio space=&#8221;no_space&#8221; columns=&#8221;4&#8243; carousel=&#8221;no&#8221; from_where=&#8221;cat&#8221; category=&#8221;8&#8243;][vc_empty_space height=&#8221;80px&#8221;][\/vc_column][\/vc_row]<\/p>\n","protected":false},"author":1,"featured_media":0,"parent":0,"menu_order":0,"comment_status":"closed","ping_status":"closed","template":"","meta":{"_monsterinsights_skip_tracking":false,"_monsterinsights_sitenote_active":false,"_monsterinsights_sitenote_note":"","_monsterinsights_sitenote_category":0,"footnotes":""},"wf_page_folders":[],"class_list":["post-494","page","type-page","status-publish","hentry"],"yoast_head":"<!-- This site is optimized with the Yoast SEO plugin v27.1.1 - https:\/\/yoast.com\/product\/yoast-seo-wordpress\/ -->\n<title>Les Focus - Machines Production TV<\/title>\n<meta name=\"description\" content=\"D\u00e9couvrez les Focus de Machine Production TV. Mise en avant des capitaines d\u2019industries qui font la force de leur secteur d\u2019activit\u00e9. Au programme : Innovations technologiques, cr\u00e9ativit\u00e9 manag\u00e9riale et authenticit\u00e9 assum\u00e9.\" \/>\n<meta name=\"robots\" content=\"index, follow, max-snippet:-1, max-image-preview:large, max-video-preview:-1\" \/>\n<link rel=\"canonical\" href=\"https:\/\/www.machinesproduction.fr\/tv\/les-focus\/\" \/>\n<meta property=\"og:locale\" content=\"fr_FR\" \/>\n<meta property=\"og:type\" content=\"article\" \/>\n<meta property=\"og:title\" content=\"Les Focus - Machines Production TV\" \/>\n<meta property=\"og:description\" content=\"D\u00e9couvrez les Focus de Machine Production TV. Mise en avant des capitaines d\u2019industries qui font la force de leur secteur d\u2019activit\u00e9. Au programme : Innovations technologiques, cr\u00e9ativit\u00e9 manag\u00e9riale et authenticit\u00e9 assum\u00e9.\" \/>\n<meta property=\"og:url\" content=\"https:\/\/www.machinesproduction.fr\/tv\/les-focus\/\" \/>\n<meta property=\"og:site_name\" content=\"Machines Production TV\" \/>\n<meta property=\"article:modified_time\" content=\"2021-03-30T10:43:32+00:00\" \/>\n<meta name=\"twitter:card\" content=\"summary_large_image\" \/>\n<meta name=\"twitter:label1\" content=\"Dur\u00e9e de lecture estim\u00e9e\" \/>\n\t<meta name=\"twitter:data1\" content=\"1 minute\" \/>\n<script type=\"application\/ld+json\" class=\"yoast-schema-graph\">{\"@context\":\"https:\/\/schema.org\",\"@graph\":[{\"@type\":\"WebPage\",\"@id\":\"https:\/\/www.machinesproduction.fr\/tv\/les-focus\/\",\"url\":\"https:\/\/www.machinesproduction.fr\/tv\/les-focus\/\",\"name\":\"Les Focus - Machines Production TV\",\"isPartOf\":{\"@id\":\"https:\/\/www.machinesproduction.fr\/tv\/#website\"},\"datePublished\":\"2021-03-27T11:16:43+00:00\",\"dateModified\":\"2021-03-30T10:43:32+00:00\",\"description\":\"D\u00e9couvrez les Focus de Machine Production TV. Mise en avant des capitaines d\u2019industries qui font la force de leur secteur d\u2019activit\u00e9. Au programme : Innovations technologiques, cr\u00e9ativit\u00e9 manag\u00e9riale et authenticit\u00e9 assum\u00e9.\",\"breadcrumb\":{\"@id\":\"https:\/\/www.machinesproduction.fr\/tv\/les-focus\/#breadcrumb\"},\"inLanguage\":\"fr-FR\",\"potentialAction\":[{\"@type\":\"ReadAction\",\"target\":[\"https:\/\/www.machinesproduction.fr\/tv\/les-focus\/\"]}]},{\"@type\":\"BreadcrumbList\",\"@id\":\"https:\/\/www.machinesproduction.fr\/tv\/les-focus\/#breadcrumb\",\"itemListElement\":[{\"@type\":\"ListItem\",\"position\":1,\"name\":\"Home\",\"item\":\"https:\/\/www.machinesproduction.fr\/tv\/\"},{\"@type\":\"ListItem\",\"position\":2,\"name\":\"les Focus\"}]},{\"@type\":\"WebSite\",\"@id\":\"https:\/\/www.machinesproduction.fr\/tv\/#website\",\"url\":\"https:\/\/www.machinesproduction.fr\/tv\/\",\"name\":\"Machines Production TV\",\"description\":\"\",\"potentialAction\":[{\"@type\":\"SearchAction\",\"target\":{\"@type\":\"EntryPoint\",\"urlTemplate\":\"https:\/\/www.machinesproduction.fr\/tv\/?s={search_term_string}\"},\"query-input\":{\"@type\":\"PropertyValueSpecification\",\"valueRequired\":true,\"valueName\":\"search_term_string\"}}],\"inLanguage\":\"fr-FR\"}]}<\/script>\n<!-- \/ Yoast SEO plugin. -->","yoast_head_json":{"title":"Les Focus - Machines Production TV","description":"D\u00e9couvrez les Focus de Machine Production TV. Mise en avant des capitaines d\u2019industries qui font la force de leur secteur d\u2019activit\u00e9. Au programme : Innovations technologiques, cr\u00e9ativit\u00e9 manag\u00e9riale et authenticit\u00e9 assum\u00e9.","robots":{"index":"index","follow":"follow","max-snippet":"max-snippet:-1","max-image-preview":"max-image-preview:large","max-video-preview":"max-video-preview:-1"},"canonical":"https:\/\/www.machinesproduction.fr\/tv\/les-focus\/","og_locale":"fr_FR","og_type":"article","og_title":"Les Focus - Machines Production TV","og_description":"D\u00e9couvrez les Focus de Machine Production TV. Mise en avant des capitaines d\u2019industries qui font la force de leur secteur d\u2019activit\u00e9. Au programme : Innovations technologiques, cr\u00e9ativit\u00e9 manag\u00e9riale et authenticit\u00e9 assum\u00e9.","og_url":"https:\/\/www.machinesproduction.fr\/tv\/les-focus\/","og_site_name":"Machines Production TV","article_modified_time":"2021-03-30T10:43:32+00:00","twitter_card":"summary_large_image","twitter_misc":{"Dur\u00e9e de lecture estim\u00e9e":"1 minute"},"schema":{"@context":"https:\/\/schema.org","@graph":[{"@type":"WebPage","@id":"https:\/\/www.machinesproduction.fr\/tv\/les-focus\/","url":"https:\/\/www.machinesproduction.fr\/tv\/les-focus\/","name":"Les Focus - Machines Production TV","isPartOf":{"@id":"https:\/\/www.machinesproduction.fr\/tv\/#website"},"datePublished":"2021-03-27T11:16:43+00:00","dateModified":"2021-03-30T10:43:32+00:00","description":"D\u00e9couvrez les Focus de Machine Production TV. Mise en avant des capitaines d\u2019industries qui font la force de leur secteur d\u2019activit\u00e9. Au programme : Innovations technologiques, cr\u00e9ativit\u00e9 manag\u00e9riale et authenticit\u00e9 assum\u00e9.","breadcrumb":{"@id":"https:\/\/www.machinesproduction.fr\/tv\/les-focus\/#breadcrumb"},"inLanguage":"fr-FR","potentialAction":[{"@type":"ReadAction","target":["https:\/\/www.machinesproduction.fr\/tv\/les-focus\/"]}]},{"@type":"BreadcrumbList","@id":"https:\/\/www.machinesproduction.fr\/tv\/les-focus\/#breadcrumb","itemListElement":[{"@type":"ListItem","position":1,"name":"Home","item":"https:\/\/www.machinesproduction.fr\/tv\/"},{"@type":"ListItem","position":2,"name":"les Focus"}]},{"@type":"WebSite","@id":"https:\/\/www.machinesproduction.fr\/tv\/#website","url":"https:\/\/www.machinesproduction.fr\/tv\/","name":"Machines Production TV","description":"","potentialAction":[{"@type":"SearchAction","target":{"@type":"EntryPoint","urlTemplate":"https:\/\/www.machinesproduction.fr\/tv\/?s={search_term_string}"},"query-input":{"@type":"PropertyValueSpecification","valueRequired":true,"valueName":"search_term_string"}}],"inLanguage":"fr-FR"}]}},"_links":{"self":[{"href":"https:\/\/www.machinesproduction.fr\/tv\/wp-json\/wp\/v2\/pages\/494","targetHints":{"allow":["GET"]}}],"collection":[{"href":"https:\/\/www.machinesproduction.fr\/tv\/wp-json\/wp\/v2\/pages"}],"about":[{"href":"https:\/\/www.machinesproduction.fr\/tv\/wp-json\/wp\/v2\/types\/page"}],"author":[{"embeddable":true,"href":"https:\/\/www.machinesproduction.fr\/tv\/wp-json\/wp\/v2\/users\/1"}],"replies":[{"embeddable":true,"href":"https:\/\/www.machinesproduction.fr\/tv\/wp-json\/wp\/v2\/comments?post=494"}],"version-history":[{"count":7,"href":"https:\/\/www.machinesproduction.fr\/tv\/wp-json\/wp\/v2\/pages\/494\/revisions"}],"predecessor-version":[{"id":589,"href":"https:\/\/www.machinesproduction.fr\/tv\/wp-json\/wp\/v2\/pages\/494\/revisions\/589"}],"wp:attachment":[{"href":"https:\/\/www.machinesproduction.fr\/tv\/wp-json\/wp\/v2\/media?parent=494"}],"wp:term":[{"taxonomy":"wf_page_folders","embeddable":true,"href":"https:\/\/www.machinesproduction.fr\/tv\/wp-json\/wp\/v2\/wf_page_folders?post=494"}],"curies":[{"name":"wp","href":"https:\/\/api.w.org\/{rel}","templated":true}]}}