{"id":487,"date":"2021-03-27T12:04:45","date_gmt":"2021-03-27T11:04:45","guid":{"rendered":"https:\/\/www.machinesproduction.fr\/tv\/?page_id=487"},"modified":"2023-09-15T15:55:01","modified_gmt":"2023-09-15T14:55:01","slug":"les-emissions","status":"publish","type":"page","link":"https:\/\/www.machinesproduction.fr\/tv\/les-emissions\/","title":{"rendered":"Les Emissions"},"content":{"rendered":"<section class=\"wpb-content-wrapper\"><p>[vc_row][vc_column][vc_empty_space][vc_empty_space][vc_custom_heading text=&#8221;LES EMISSIONS &#8211; Machines Production TV&#8221; font_container=&#8221;tag:h2|font_size:30|text_align:left|color:%23009ddf&#8221; google_fonts=&#8221;font_family:Lato%3A100%2C100italic%2C300%2C300italic%2Cregular%2Citalic%2C700%2C700italic%2C900%2C900italic|font_style:400%20regular%3A400%3Anormal&#8221;][vc_column_text css=&#8221;.vc_custom_1617096591213{padding-top: 10px !important;}&#8221;]<em>Cliquez sur la vignette de votre choix<\/em>[\/vc_column_text][vc_empty_space][\/vc_column][\/vc_row][vc_row][vc_column][vc_tta_tabs][vc_tta_section title=&#8221;Page 1&#8243; tab_id=&#8221;1694789381294-37521db8-b14a&#8221;][recent_portfolio space=&#8221;no_space&#8221; columns=&#8221;4&#8243; rows=&#8221;4&#8243; from_where=&#8221;cat&#8221; category=&#8221;25&#8243;][\/vc_tta_section][vc_tta_section title=&#8221;Page 2&#8243; tab_id=&#8221;1694789381295-e0a97fe9-f488&#8243;][recent_portfolio space=&#8221;no_space&#8221; columns=&#8221;4&#8243; rows=&#8221;4&#8243; from_where=&#8221;cat&#8221; category=&#8221;7&#8243;][\/vc_tta_section][\/vc_tta_tabs][\/vc_column][\/vc_row][vc_row][vc_column][vc_empty_space height=&#8221;80px&#8221;][\/vc_column][\/vc_row]<\/p>\n<\/section>","protected":false},"excerpt":{"rendered":"<p>[vc_row][vc_column][vc_empty_space][vc_empty_space][vc_custom_heading text=&#8221;LES EMISSIONS &#8211; Machines Production TV&#8221; font_container=&#8221;tag:h2|font_size:30|text_align:left|color:%23009ddf&#8221; google_fonts=&#8221;font_family:Lato%3A100%2C100italic%2C300%2C300italic%2Cregular%2Citalic%2C700%2C700italic%2C900%2C900italic|font_style:400%20regular%3A400%3Anormal&#8221;][vc_column_text css=&#8221;.vc_custom_1617096591213{padding-top: 10px !important;}&#8221;]Cliquez sur la vignette de votre choix[\/vc_column_text][vc_empty_space][\/vc_column][\/vc_row][vc_row][vc_column][vc_tta_tabs][vc_tta_section title=&#8221;Page 1&#8243; tab_id=&#8221;1694789381294-37521db8-b14a&#8221;][recent_portfolio space=&#8221;no_space&#8221; columns=&#8221;4&#8243; rows=&#8221;4&#8243; from_where=&#8221;cat&#8221; category=&#8221;25&#8243;][\/vc_tta_section][vc_tta_section title=&#8221;Page 2&#8243; tab_id=&#8221;1694789381295-e0a97fe9-f488&#8243;][recent_portfolio space=&#8221;no_space&#8221; columns=&#8221;4&#8243; rows=&#8221;4&#8243; from_where=&#8221;cat&#8221; category=&#8221;7&#8243;][\/vc_tta_section][\/vc_tta_tabs][\/vc_column][\/vc_row][vc_row][vc_column][vc_empty_space height=&#8221;80px&#8221;][\/vc_column][\/vc_row]<\/p>\n","protected":false},"author":1,"featured_media":0,"parent":0,"menu_order":0,"comment_status":"closed","ping_status":"closed","template":"","meta":{"_monsterinsights_skip_tracking":false,"_monsterinsights_sitenote_active":false,"_monsterinsights_sitenote_note":"","_monsterinsights_sitenote_category":0,"footnotes":""},"wf_page_folders":[],"class_list":["post-487","page","type-page","status-publish","hentry"],"yoast_head":"<!-- This site is optimized with the Yoast SEO plugin v27.1.1 - https:\/\/yoast.com\/product\/yoast-seo-wordpress\/ -->\n<title>Les Emissions - Machines Production TV<\/title>\n<meta name=\"description\" content=\"D\u00e9couvrez l&#039;ensemble des Emissions de Machines Production TV. Emissions consacr\u00e9es \u00e0 l&#039;actualit\u00e9 de l&#039;industrie m\u00e9canique fran\u00e7aise. Au programme : d\u00e9bats, reportages et focus entreprises\" \/>\n<meta name=\"robots\" content=\"index, follow, max-snippet:-1, max-image-preview:large, max-video-preview:-1\" \/>\n<link rel=\"canonical\" href=\"https:\/\/www.machinesproduction.fr\/tv\/les-emissions\/\" \/>\n<meta property=\"og:locale\" content=\"fr_FR\" \/>\n<meta property=\"og:type\" content=\"article\" \/>\n<meta property=\"og:title\" content=\"Les Emissions - Machines Production TV\" \/>\n<meta property=\"og:description\" content=\"D\u00e9couvrez l&#039;ensemble des Emissions de Machines Production TV. Emissions consacr\u00e9es \u00e0 l&#039;actualit\u00e9 de l&#039;industrie m\u00e9canique fran\u00e7aise. Au programme : d\u00e9bats, reportages et focus entreprises\" \/>\n<meta property=\"og:url\" content=\"https:\/\/www.machinesproduction.fr\/tv\/les-emissions\/\" \/>\n<meta property=\"og:site_name\" content=\"Machines Production TV\" \/>\n<meta property=\"article:modified_time\" content=\"2023-09-15T14:55:01+00:00\" \/>\n<meta name=\"twitter:card\" content=\"summary_large_image\" \/>\n<meta name=\"twitter:label1\" content=\"Dur\u00e9e de lecture estim\u00e9e\" \/>\n\t<meta name=\"twitter:data1\" content=\"1 minute\" \/>\n<script type=\"application\/ld+json\" class=\"yoast-schema-graph\">{\"@context\":\"https:\/\/schema.org\",\"@graph\":[{\"@type\":\"WebPage\",\"@id\":\"https:\/\/www.machinesproduction.fr\/tv\/les-emissions\/\",\"url\":\"https:\/\/www.machinesproduction.fr\/tv\/les-emissions\/\",\"name\":\"Les Emissions - Machines Production TV\",\"isPartOf\":{\"@id\":\"https:\/\/www.machinesproduction.fr\/tv\/#website\"},\"datePublished\":\"2021-03-27T11:04:45+00:00\",\"dateModified\":\"2023-09-15T14:55:01+00:00\",\"description\":\"D\u00e9couvrez l'ensemble des Emissions de Machines Production TV. Emissions consacr\u00e9es \u00e0 l'actualit\u00e9 de l'industrie m\u00e9canique fran\u00e7aise. Au programme : d\u00e9bats, reportages et focus entreprises\",\"breadcrumb\":{\"@id\":\"https:\/\/www.machinesproduction.fr\/tv\/les-emissions\/#breadcrumb\"},\"inLanguage\":\"fr-FR\",\"potentialAction\":[{\"@type\":\"ReadAction\",\"target\":[\"https:\/\/www.machinesproduction.fr\/tv\/les-emissions\/\"]}]},{\"@type\":\"BreadcrumbList\",\"@id\":\"https:\/\/www.machinesproduction.fr\/tv\/les-emissions\/#breadcrumb\",\"itemListElement\":[{\"@type\":\"ListItem\",\"position\":1,\"name\":\"Home\",\"item\":\"https:\/\/www.machinesproduction.fr\/tv\/\"},{\"@type\":\"ListItem\",\"position\":2,\"name\":\"Les Emissions\"}]},{\"@type\":\"WebSite\",\"@id\":\"https:\/\/www.machinesproduction.fr\/tv\/#website\",\"url\":\"https:\/\/www.machinesproduction.fr\/tv\/\",\"name\":\"Machines Production TV\",\"description\":\"\",\"potentialAction\":[{\"@type\":\"SearchAction\",\"target\":{\"@type\":\"EntryPoint\",\"urlTemplate\":\"https:\/\/www.machinesproduction.fr\/tv\/?s={search_term_string}\"},\"query-input\":{\"@type\":\"PropertyValueSpecification\",\"valueRequired\":true,\"valueName\":\"search_term_string\"}}],\"inLanguage\":\"fr-FR\"}]}<\/script>\n<!-- \/ Yoast SEO plugin. -->","yoast_head_json":{"title":"Les Emissions - Machines Production TV","description":"D\u00e9couvrez l'ensemble des Emissions de Machines Production TV. Emissions consacr\u00e9es \u00e0 l'actualit\u00e9 de l'industrie m\u00e9canique fran\u00e7aise. Au programme : d\u00e9bats, reportages et focus entreprises","robots":{"index":"index","follow":"follow","max-snippet":"max-snippet:-1","max-image-preview":"max-image-preview:large","max-video-preview":"max-video-preview:-1"},"canonical":"https:\/\/www.machinesproduction.fr\/tv\/les-emissions\/","og_locale":"fr_FR","og_type":"article","og_title":"Les Emissions - Machines Production TV","og_description":"D\u00e9couvrez l'ensemble des Emissions de Machines Production TV. Emissions consacr\u00e9es \u00e0 l'actualit\u00e9 de l'industrie m\u00e9canique fran\u00e7aise. Au programme : d\u00e9bats, reportages et focus entreprises","og_url":"https:\/\/www.machinesproduction.fr\/tv\/les-emissions\/","og_site_name":"Machines Production TV","article_modified_time":"2023-09-15T14:55:01+00:00","twitter_card":"summary_large_image","twitter_misc":{"Dur\u00e9e de lecture estim\u00e9e":"1 minute"},"schema":{"@context":"https:\/\/schema.org","@graph":[{"@type":"WebPage","@id":"https:\/\/www.machinesproduction.fr\/tv\/les-emissions\/","url":"https:\/\/www.machinesproduction.fr\/tv\/les-emissions\/","name":"Les Emissions - Machines Production TV","isPartOf":{"@id":"https:\/\/www.machinesproduction.fr\/tv\/#website"},"datePublished":"2021-03-27T11:04:45+00:00","dateModified":"2023-09-15T14:55:01+00:00","description":"D\u00e9couvrez l'ensemble des Emissions de Machines Production TV. Emissions consacr\u00e9es \u00e0 l'actualit\u00e9 de l'industrie m\u00e9canique fran\u00e7aise. Au programme : d\u00e9bats, reportages et focus entreprises","breadcrumb":{"@id":"https:\/\/www.machinesproduction.fr\/tv\/les-emissions\/#breadcrumb"},"inLanguage":"fr-FR","potentialAction":[{"@type":"ReadAction","target":["https:\/\/www.machinesproduction.fr\/tv\/les-emissions\/"]}]},{"@type":"BreadcrumbList","@id":"https:\/\/www.machinesproduction.fr\/tv\/les-emissions\/#breadcrumb","itemListElement":[{"@type":"ListItem","position":1,"name":"Home","item":"https:\/\/www.machinesproduction.fr\/tv\/"},{"@type":"ListItem","position":2,"name":"Les Emissions"}]},{"@type":"WebSite","@id":"https:\/\/www.machinesproduction.fr\/tv\/#website","url":"https:\/\/www.machinesproduction.fr\/tv\/","name":"Machines Production TV","description":"","potentialAction":[{"@type":"SearchAction","target":{"@type":"EntryPoint","urlTemplate":"https:\/\/www.machinesproduction.fr\/tv\/?s={search_term_string}"},"query-input":{"@type":"PropertyValueSpecification","valueRequired":true,"valueName":"search_term_string"}}],"inLanguage":"fr-FR"}]}},"_links":{"self":[{"href":"https:\/\/www.machinesproduction.fr\/tv\/wp-json\/wp\/v2\/pages\/487","targetHints":{"allow":["GET"]}}],"collection":[{"href":"https:\/\/www.machinesproduction.fr\/tv\/wp-json\/wp\/v2\/pages"}],"about":[{"href":"https:\/\/www.machinesproduction.fr\/tv\/wp-json\/wp\/v2\/types\/page"}],"author":[{"embeddable":true,"href":"https:\/\/www.machinesproduction.fr\/tv\/wp-json\/wp\/v2\/users\/1"}],"replies":[{"embeddable":true,"href":"https:\/\/www.machinesproduction.fr\/tv\/wp-json\/wp\/v2\/comments?post=487"}],"version-history":[{"count":16,"href":"https:\/\/www.machinesproduction.fr\/tv\/wp-json\/wp\/v2\/pages\/487\/revisions"}],"predecessor-version":[{"id":1955,"href":"https:\/\/www.machinesproduction.fr\/tv\/wp-json\/wp\/v2\/pages\/487\/revisions\/1955"}],"wp:attachment":[{"href":"https:\/\/www.machinesproduction.fr\/tv\/wp-json\/wp\/v2\/media?parent=487"}],"wp:term":[{"taxonomy":"wf_page_folders","embeddable":true,"href":"https:\/\/www.machinesproduction.fr\/tv\/wp-json\/wp\/v2\/wf_page_folders?post=487"}],"curies":[{"name":"wp","href":"https:\/\/api.w.org\/{rel}","templated":true}]}}