{"id":408,"date":"2021-03-23T23:33:32","date_gmt":"2021-03-23T22:33:32","guid":{"rendered":"https:\/\/www.machinesproduction.fr\/tv\/?page_id=408"},"modified":"2022-07-04T10:19:37","modified_gmt":"2022-07-04T09:19:37","slug":"plan-france-relance","status":"publish","type":"page","link":"https:\/\/www.machinesproduction.fr\/tv\/plan-france-relance\/","title":{"rendered":"Emission 1 Plan France Relance"},"content":{"rendered":"<section class=\"wpb-content-wrapper\"><p>[vc_row][vc_column][vc_video link=&#8221;https:\/\/www.youtube.com\/watch?v=hhpYXSbGE1g&amp;t=23s&amp;ab_channel=MACHINESPRODUCTION&#8221;][\/vc_column][\/vc_row][vc_row top_padding=&#8221;40&#8243;][vc_column][vc_custom_heading text=&#8221;Plan France Relance&#8221; font_container=&#8221;tag:h1|font_size:60|text_align:left|color:%23009ddf&#8221; use_theme_fonts=&#8221;yes&#8221; css=&#8221;.vc_custom_1618415097090{padding-bottom: 5px !important;}&#8221;][vc_text_separator title=&#8221;&#8221; title_align=&#8221;separator_align_left&#8221; color=&#8221;custom&#8221; accent_color=&#8221;#009ddf&#8221;][\/vc_column][\/vc_row][vc_row content_placement=&#8221;middle&#8221;][vc_column width=&#8221;1\/2&#8243;][vc_empty_space height=&#8221;60&#8243;][vc_column_text]<span style=\"color: #ffffff;\">Un effort in\u00e9dit de l\u2019Etat en soutien de notre industrie est une v\u00e9ritable opportunit\u00e9 pour les entreprises de m\u00e9canique, d\u00e9sireuses de moderniser leur outil de production. <\/span><\/p>\n<p><span style=\"color: #ffffff;\">Comment peuvent-elles b\u00e9n\u00e9ficier de ces aides ? <\/span><\/p>\n<p><span style=\"color: #ffffff;\">Quels crit\u00e8res faut-il remplir pour \u00eatre laur\u00e9at? <\/span><\/p>\n<p><span style=\"color: #ffffff;\">Et jusqu\u2019\u00e0 quelle hauteur votre projet peut-il \u00eatre subventionn\u00e9 ? <\/span><\/p>\n<p><span style=\"color: #999999;\"><span style=\"color: #ffffff;\">Nous y r\u00e9pondons dans<\/span><span style=\"color: #009ddf;\"> &#8220;Machine Production l&#8217;\u00c9mission&#8221;<\/span><\/span>[\/vc_column_text][\/vc_column][vc_column width=&#8221;1\/2&#8243;][media image=&#8221;422&#8243;][\/vc_column][\/vc_row][vc_row top_padding=&#8221;20&#8243;][vc_column width=&#8221;1\/2&#8243;][vc_icon icon_fontawesome=&#8221;fas fa-search&#8221; color=&#8221;custom&#8221; size=&#8221;lg&#8221; custom_color=&#8221;#009ddf&#8221;][vc_custom_heading text=&#8221;Focus&#8221; font_container=&#8221;tag:h2|font_size:40|text_align:left|color:%23009ddf&#8221; use_theme_fonts=&#8221;yes&#8221; css=&#8221;.vc_custom_1616682538720{margin-top: -30px !important;padding-bottom: 20px !important;}&#8221;][vc_column_text css=&#8221;.vc_custom_1616838423604{margin-bottom: 15px !important;}&#8221;]<span style=\"color: #ffffff;\">Nous recevrons deux invit\u00e9s. Benjamin Frugier, qui est le directeur du d\u00e9veloppement des entreprises et des projets \u00e0 la FIM, la F\u00e9d\u00e9ration des industries m\u00e9caniques. Il nous donnera toutes les informations pour capter les bons financements. Et Vinh Kok Quach, le pr\u00e9sident des Ateliers de l\u2019Ile-de-France, laur\u00e9at du plan de relance.<\/span>[\/vc_column_text][\/vc_column][vc_column width=&#8221;1\/2&#8243;][vc_icon icon_fontawesome=&#8221;fas fa-video&#8221; color=&#8221;custom&#8221; size=&#8221;lg&#8221; custom_color=&#8221;#009ddf&#8221;][vc_custom_heading text=&#8221;Reportages&#8221; font_container=&#8221;tag:h2|font_size:40|text_align:left|color:%23009ddf&#8221; use_theme_fonts=&#8221;yes&#8221; css=&#8221;.vc_custom_1616682550610{margin-top: -30px !important;padding-bottom: 20px !important;}&#8221;][vc_column_text css=&#8221;.vc_custom_1616838550481{margin-bottom: 15px !important;}&#8221;]<span style=\"color: #ffffff;\">Nous irons chez trois laur\u00e9ats du plan de relance\u00a0:\u00a0 L\u2019entreprise de d\u00e9colletage DVF, en Haute-Savoie. Le fabricant d\u2019outils coupants Les Ateliers de l\u2019Ile-de-France, \u00e0 Villeparisis, en Seine-et-Marne. Et le m\u00e9trologue Carl Zeiss, \u00e0 Neuville-sur-Oise, dans le Val-d\u2019Oise.<\/span>[\/vc_column_text][\/vc_column][\/vc_row][vc_row top_padding=&#8221;40&#8243;][vc_column][vc_custom_heading text=&#8221;Intervenants&#8221; font_container=&#8221;tag:h1|font_size:60|text_align:left|color:%23009ddf&#8221; use_theme_fonts=&#8221;yes&#8221; css=&#8221;.vc_custom_1616683913325{padding-bottom: 5px !important;}&#8221;][vc_text_separator title=&#8221;&#8221; title_align=&#8221;separator_align_left&#8221; color=&#8221;custom&#8221; accent_color=&#8221;#009ddf&#8221;][\/vc_column][\/vc_row][vc_row][vc_column width=&#8221;1\/4&#8243; offset=&#8221;vc_col-xs-4\/5&#8243;][media alignment=&#8221;center&#8221; animation=&#8221;none&#8221; image=&#8221;316&#8243; width=&#8221;200&#8243;][vc_empty_space][vc_custom_heading text=&#8221;Vinh Kok Quach&#8221; font_container=&#8221;tag:h4|text_align:center|color:%23009ddf&#8221; use_theme_fonts=&#8221;yes&#8221; css=&#8221;.vc_custom_1626960843476{padding-top: 40px !important;}&#8221; link=&#8221;url:https%3A%2F%2Fwww.machinesproduction.fr%2Ftv%2Fvinh-kok-quach-aif%2F|title:Vinh%20Kok%20Quach%20%E2%80%93%20AIF&#8221;][vc_column_text]<\/p>\n<p style=\"text-align: center;\">AIF &#8211; Les Ateliers de l&#8217;\u00eele de France<\/p>\n<p style=\"text-align: center;\">Pr\u00e9sident Directeur G\u00e9n\u00e9ral<\/p>\n<p>[\/vc_column_text][\/vc_column][vc_column width=&#8221;1\/4&#8243; offset=&#8221;vc_col-xs-4\/5&#8243;][media alignment=&#8221;center&#8221; animation=&#8221;none&#8221; image=&#8221;447&#8243; width=&#8221;200&#8243;][vc_empty_space][vc_custom_heading text=&#8221;Benjamin Frugier&#8221; font_container=&#8221;tag:h4|text_align:center|color:%23009ddf&#8221; use_theme_fonts=&#8221;yes&#8221; link=&#8221;url:https%3A%2F%2Fwww.machinesproduction.fr%2Ftv%2Fbenjamin-frugier-fim%2F|title:Benjamin%20Frugier%20%E2%80%93%20FIM&#8221;][vc_column_text]<\/p>\n<p style=\"text-align: center;\">FIM &#8211; F\u00e9d\u00e9ration des Industries M\u00e9caniques<\/p>\n<p style=\"text-align: center;\">Directeur &#8211; D\u00e9veloppement des Entreprises et Projets<\/p>\n<p>[\/vc_column_text][\/vc_column][vc_column width=&#8221;1\/4&#8243; offset=&#8221;vc_col-xs-4\/5&#8243;][media alignment=&#8221;center&#8221; animation=&#8221;none&#8221; image=&#8221;445&#8243; width=&#8221;200&#8243;][vc_empty_space][vc_custom_heading text=&#8221;J\u00e9r\u00f4me Meyrand&#8221; font_container=&#8221;tag:h4|text_align:center|color:%23009ddf&#8221; use_theme_fonts=&#8221;yes&#8221;][vc_column_text]<\/p>\n<p style=\"text-align: center;\">Machines Production<\/p>\n<p style=\"text-align: center;\">R\u00e9dacteur en Chef<\/p>\n<p>[\/vc_column_text][\/vc_column][vc_column width=&#8221;1\/4&#8243; offset=&#8221;vc_col-xs-4\/5&#8243;][media alignment=&#8221;center&#8221; animation=&#8221;none&#8221; image=&#8221;446&#8243; width=&#8221;200&#8243;][vc_empty_space][vc_custom_heading text=&#8221;Patrick Cazier&#8221; font_container=&#8221;tag:h4|text_align:center|color:%23009ddf&#8221; use_theme_fonts=&#8221;yes&#8221;][vc_column_text]<\/p>\n<p style=\"text-align: center;\">Machines Production<\/p>\n<p style=\"text-align: center;\">R\u00e9dacteur<\/p>\n<p>[\/vc_column_text][\/vc_column][\/vc_row]<\/p>\n<\/section>","protected":false},"excerpt":{"rendered":"<p>[vc_row][vc_column][vc_video link=&#8221;https:\/\/www.youtube.com\/watch?v=hhpYXSbGE1g&amp;t=23s&amp;ab_channel=MACHINESPRODUCTION&#8221;][\/vc_column][\/vc_row][vc_row top_padding=&#8221;40&#8243;][vc_column][vc_custom_heading text=&#8221;Plan France Relance&#8221; font_container=&#8221;tag:h1|font_size:60|text_align:left|color:%23009ddf&#8221; use_theme_fonts=&#8221;yes&#8221; css=&#8221;.vc_custom_1618415097090{padding-bottom: 5px !important;}&#8221;][vc_text_separator title=&#8221;&#8221; title_align=&#8221;separator_align_left&#8221; color=&#8221;custom&#8221; accent_color=&#8221;#009ddf&#8221;][\/vc_column][\/vc_row][vc_row content_placement=&#8221;middle&#8221;][vc_column width=&#8221;1\/2&#8243;][vc_empty_space height=&#8221;60&#8243;][vc_column_text]Un effort in\u00e9dit de l\u2019Etat en soutien de notre industrie est une v\u00e9ritable opportunit\u00e9 pour les entreprises de m\u00e9canique, d\u00e9sireuses de moderniser leur outil de production. Comment peuvent-elles b\u00e9n\u00e9ficier de ces aides ? Quels crit\u00e8res faut-il remplir pour [&hellip;]<\/p>\n","protected":false},"author":1,"featured_media":0,"parent":0,"menu_order":0,"comment_status":"closed","ping_status":"closed","template":"","meta":{"_monsterinsights_skip_tracking":false,"_monsterinsights_sitenote_active":false,"_monsterinsights_sitenote_note":"","_monsterinsights_sitenote_category":0,"footnotes":""},"wf_page_folders":[11],"class_list":["post-408","page","type-page","status-publish","hentry"],"yoast_head":"<!-- This site is optimized with the Yoast SEO plugin v27.1.1 - https:\/\/yoast.com\/product\/yoast-seo-wordpress\/ -->\n<title>Emission - Plan France Relance - Machines Production TV<\/title>\n<meta name=\"description\" content=\"D\u00e9couvrez la premi\u00e8re \u00e9mission de Machines Production TV consacr\u00e9 au &quot;Plan France Relance&quot;. Plus de trente minutes d&#039;infos, de d\u00e9bats et de reportages sur l&#039;actualit\u00e9 de l&#039;industrie m\u00e9canique fran\u00e7aise.\" \/>\n<meta name=\"robots\" content=\"index, follow, max-snippet:-1, max-image-preview:large, max-video-preview:-1\" \/>\n<link rel=\"canonical\" href=\"https:\/\/www.machinesproduction.fr\/tv\/plan-france-relance\/\" \/>\n<meta property=\"og:locale\" content=\"fr_FR\" \/>\n<meta property=\"og:type\" content=\"article\" \/>\n<meta property=\"og:title\" content=\"Emission - Plan France Relance - Machines Production TV\" \/>\n<meta property=\"og:description\" content=\"D\u00e9couvrez la premi\u00e8re \u00e9mission de Machines Production TV consacr\u00e9 au &quot;Plan France Relance&quot;. Plus de trente minutes d&#039;infos, de d\u00e9bats et de reportages sur l&#039;actualit\u00e9 de l&#039;industrie m\u00e9canique fran\u00e7aise.\" \/>\n<meta property=\"og:url\" content=\"https:\/\/www.machinesproduction.fr\/tv\/plan-france-relance\/\" \/>\n<meta property=\"og:site_name\" content=\"Machines Production TV\" \/>\n<meta property=\"article:modified_time\" content=\"2022-07-04T09:19:37+00:00\" \/>\n<meta name=\"twitter:card\" content=\"summary_large_image\" \/>\n<meta name=\"twitter:label1\" content=\"Dur\u00e9e de lecture estim\u00e9e\" \/>\n\t<meta name=\"twitter:data1\" content=\"2 minutes\" \/>\n<script type=\"application\/ld+json\" class=\"yoast-schema-graph\">{\"@context\":\"https:\/\/schema.org\",\"@graph\":[{\"@type\":\"WebPage\",\"@id\":\"https:\/\/www.machinesproduction.fr\/tv\/plan-france-relance\/\",\"url\":\"https:\/\/www.machinesproduction.fr\/tv\/plan-france-relance\/\",\"name\":\"Emission - Plan France Relance - Machines Production TV\",\"isPartOf\":{\"@id\":\"https:\/\/www.machinesproduction.fr\/tv\/#website\"},\"datePublished\":\"2021-03-23T22:33:32+00:00\",\"dateModified\":\"2022-07-04T09:19:37+00:00\",\"description\":\"D\u00e9couvrez la premi\u00e8re \u00e9mission de Machines Production TV consacr\u00e9 au \\\"Plan France Relance\\\". Plus de trente minutes d'infos, de d\u00e9bats et de reportages sur l'actualit\u00e9 de l'industrie m\u00e9canique fran\u00e7aise.\",\"breadcrumb\":{\"@id\":\"https:\/\/www.machinesproduction.fr\/tv\/plan-france-relance\/#breadcrumb\"},\"inLanguage\":\"fr-FR\",\"potentialAction\":[{\"@type\":\"ReadAction\",\"target\":[\"https:\/\/www.machinesproduction.fr\/tv\/plan-france-relance\/\"]}]},{\"@type\":\"BreadcrumbList\",\"@id\":\"https:\/\/www.machinesproduction.fr\/tv\/plan-france-relance\/#breadcrumb\",\"itemListElement\":[{\"@type\":\"ListItem\",\"position\":1,\"name\":\"Home\",\"item\":\"https:\/\/www.machinesproduction.fr\/tv\/\"},{\"@type\":\"ListItem\",\"position\":2,\"name\":\"Emission 1 Plan France Relance\"}]},{\"@type\":\"WebSite\",\"@id\":\"https:\/\/www.machinesproduction.fr\/tv\/#website\",\"url\":\"https:\/\/www.machinesproduction.fr\/tv\/\",\"name\":\"Machines Production TV\",\"description\":\"\",\"potentialAction\":[{\"@type\":\"SearchAction\",\"target\":{\"@type\":\"EntryPoint\",\"urlTemplate\":\"https:\/\/www.machinesproduction.fr\/tv\/?s={search_term_string}\"},\"query-input\":{\"@type\":\"PropertyValueSpecification\",\"valueRequired\":true,\"valueName\":\"search_term_string\"}}],\"inLanguage\":\"fr-FR\"}]}<\/script>\n<!-- \/ Yoast SEO plugin. -->","yoast_head_json":{"title":"Emission - Plan France Relance - Machines Production TV","description":"D\u00e9couvrez la premi\u00e8re \u00e9mission de Machines Production TV consacr\u00e9 au \"Plan France Relance\". Plus de trente minutes d'infos, de d\u00e9bats et de reportages sur l'actualit\u00e9 de l'industrie m\u00e9canique fran\u00e7aise.","robots":{"index":"index","follow":"follow","max-snippet":"max-snippet:-1","max-image-preview":"max-image-preview:large","max-video-preview":"max-video-preview:-1"},"canonical":"https:\/\/www.machinesproduction.fr\/tv\/plan-france-relance\/","og_locale":"fr_FR","og_type":"article","og_title":"Emission - Plan France Relance - Machines Production TV","og_description":"D\u00e9couvrez la premi\u00e8re \u00e9mission de Machines Production TV consacr\u00e9 au \"Plan France Relance\". Plus de trente minutes d'infos, de d\u00e9bats et de reportages sur l'actualit\u00e9 de l'industrie m\u00e9canique fran\u00e7aise.","og_url":"https:\/\/www.machinesproduction.fr\/tv\/plan-france-relance\/","og_site_name":"Machines Production TV","article_modified_time":"2022-07-04T09:19:37+00:00","twitter_card":"summary_large_image","twitter_misc":{"Dur\u00e9e de lecture estim\u00e9e":"2 minutes"},"schema":{"@context":"https:\/\/schema.org","@graph":[{"@type":"WebPage","@id":"https:\/\/www.machinesproduction.fr\/tv\/plan-france-relance\/","url":"https:\/\/www.machinesproduction.fr\/tv\/plan-france-relance\/","name":"Emission - Plan France Relance - Machines Production TV","isPartOf":{"@id":"https:\/\/www.machinesproduction.fr\/tv\/#website"},"datePublished":"2021-03-23T22:33:32+00:00","dateModified":"2022-07-04T09:19:37+00:00","description":"D\u00e9couvrez la premi\u00e8re \u00e9mission de Machines Production TV consacr\u00e9 au \"Plan France Relance\". Plus de trente minutes d'infos, de d\u00e9bats et de reportages sur l'actualit\u00e9 de l'industrie m\u00e9canique fran\u00e7aise.","breadcrumb":{"@id":"https:\/\/www.machinesproduction.fr\/tv\/plan-france-relance\/#breadcrumb"},"inLanguage":"fr-FR","potentialAction":[{"@type":"ReadAction","target":["https:\/\/www.machinesproduction.fr\/tv\/plan-france-relance\/"]}]},{"@type":"BreadcrumbList","@id":"https:\/\/www.machinesproduction.fr\/tv\/plan-france-relance\/#breadcrumb","itemListElement":[{"@type":"ListItem","position":1,"name":"Home","item":"https:\/\/www.machinesproduction.fr\/tv\/"},{"@type":"ListItem","position":2,"name":"Emission 1 Plan France Relance"}]},{"@type":"WebSite","@id":"https:\/\/www.machinesproduction.fr\/tv\/#website","url":"https:\/\/www.machinesproduction.fr\/tv\/","name":"Machines Production TV","description":"","potentialAction":[{"@type":"SearchAction","target":{"@type":"EntryPoint","urlTemplate":"https:\/\/www.machinesproduction.fr\/tv\/?s={search_term_string}"},"query-input":{"@type":"PropertyValueSpecification","valueRequired":true,"valueName":"search_term_string"}}],"inLanguage":"fr-FR"}]}},"_links":{"self":[{"href":"https:\/\/www.machinesproduction.fr\/tv\/wp-json\/wp\/v2\/pages\/408","targetHints":{"allow":["GET"]}}],"collection":[{"href":"https:\/\/www.machinesproduction.fr\/tv\/wp-json\/wp\/v2\/pages"}],"about":[{"href":"https:\/\/www.machinesproduction.fr\/tv\/wp-json\/wp\/v2\/types\/page"}],"author":[{"embeddable":true,"href":"https:\/\/www.machinesproduction.fr\/tv\/wp-json\/wp\/v2\/users\/1"}],"replies":[{"embeddable":true,"href":"https:\/\/www.machinesproduction.fr\/tv\/wp-json\/wp\/v2\/comments?post=408"}],"version-history":[{"count":42,"href":"https:\/\/www.machinesproduction.fr\/tv\/wp-json\/wp\/v2\/pages\/408\/revisions"}],"predecessor-version":[{"id":1531,"href":"https:\/\/www.machinesproduction.fr\/tv\/wp-json\/wp\/v2\/pages\/408\/revisions\/1531"}],"wp:attachment":[{"href":"https:\/\/www.machinesproduction.fr\/tv\/wp-json\/wp\/v2\/media?parent=408"}],"wp:term":[{"taxonomy":"wf_page_folders","embeddable":true,"href":"https:\/\/www.machinesproduction.fr\/tv\/wp-json\/wp\/v2\/wf_page_folders?post=408"}],"curies":[{"name":"wp","href":"https:\/\/api.w.org\/{rel}","templated":true}]}}