{"id":2645,"date":"2026-01-19T22:28:25","date_gmt":"2026-01-19T21:28:25","guid":{"rendered":"https:\/\/www.machinesproduction.fr\/tv\/?page_id=2645"},"modified":"2026-01-19T22:37:49","modified_gmt":"2026-01-19T21:37:49","slug":"reportage-48-%e2%80%8churon-graffenstaden","status":"publish","type":"page","link":"https:\/\/www.machinesproduction.fr\/tv\/reportage-48-%e2%80%8churon-graffenstaden\/","title":{"rendered":"Reportage 48 &#8211; \u200cHuron Graffenstaden"},"content":{"rendered":"<section class=\"wpb-content-wrapper\"><p>[vc_row equal_height=&#8221;yes&#8221; content_placement=&#8221;middle&#8221;][vc_column][vc_row_inner equal_height=&#8221;yes&#8221; content_placement=&#8221;middle&#8221;][vc_column_inner centered_cont_vertical=&#8221;true&#8221;][vc_column_text]<\/p>\n<div class=\"wpb_text_column wpb_content_element \">\n<div class=\"wpb_wrapper\">\n<h3><span style=\"color: #ffffff;\">Reportage<\/span> <span style=\"color: #009ddf;\">\u200cHuron Graffenstaden <\/span><\/h3>\n<\/div>\n<\/div>\n<div class=\"wpb_video_widget wpb_content_element vc_clearfix vc_video-aspect-ratio-169 vc_video-el-width-100 vc_video-align-left\">\n<div class=\"wpb_wrapper\"><\/div>\n<\/div>\n<p>[\/vc_column_text][\/vc_column_inner][\/vc_row_inner][\/vc_column][\/vc_row][vc_row full_width=&#8221;stretch_row_content_no_spaces&#8221; top_padding=&#8221;50&#8243;][vc_column offset=&#8221;vc_col-xs-12&#8243;][vc_raw_html]JTNDZGl2JTIwY2xhc3MlM0QlMjJyZXNwb25zaXZlLXZpZGVvJTIyJTNFJTBBJTNDaWZyYW1lJTIwd2lkdGglM0QlMjI2OTMlMjIlMjBoZWlnaHQlM0QlMjIxMjMyJTIyJTIwc3JjJTNEJTIyaHR0cHMlM0ElMkYlMkZ3d3cueW91dHViZS5jb20lMkZlbWJlZCUyRndXTlBaX0RWU1lBJTNGc2klM0Q0SDI0SndaRjVwSXhXM09lJTIyJTIwdGl0bGUlM0QlMjJQcm9ncmFtbWF0aW9uJTJDJTIwcHIlQzMlQTljaXNpb24lMkMlMjBmaWVydCVDMyVBOSUyMCUzQSUyME1pZ3VlbCUyMGNvbnN0cnVpdCUyMHNvbiUyMGF2ZW5pciUyMGRhbnMlMjBsJUUyJTgwJTk5aW5kdXN0cmllJTIyJTIwZnJhbWVib3JkZXIlM0QlMjIwJTIyJTIwYWxsb3clM0QlMjJhY2NlbGVyb21ldGVyJTNCJTIwYXV0b3BsYXklM0IlMjBjbGlwYm9hcmQtd3JpdGUlM0IlMjBlbmNyeXB0ZWQtbWVkaWElM0IlMjBneXJvc2NvcGUlM0IlMjBwaWN0dXJlLWluLXBpY3R1cmUlM0IlMjB3ZWItc2hhcmUlMjIlMjByZWZlcnJlcnBvbGljeSUzRCUyMnN0cmljdC1vcmlnaW4td2hlbi1jcm9zcy1vcmlnaW4lMjIlMjBhbGxvd2Z1bGxzY3JlZW4lM0UlM0MlMkZpZnJhbWUlM0UlMEElM0MlMkZkaXYlM0U=[\/vc_raw_html][vc_column_text]<\/p>\n<h2><span style=\"color: #009ddf;\"><strong>Une usine XXL et tourn\u00e9e vers l\u2019avenir<\/strong><\/span><\/h2>\n<p>\u200cMachines Production vous emm\u00e8ne dans le Bas-Rhin pour l\u2019inauguration d\u2019un projet d\u2019envergure : l\u2019extension du site de production de \u200cHuron Graffenstaden \u00e0 Eschau. Ici, le fabricant de machines-outils franchit une \u00e9tape historique en doublant sa surface d\u00e9di\u00e9e \u00e0 la fabrication avec 8 000 m\u00b2 d\u2019ateliers et 1 200m\u00b2 de bureaux suppl\u00e9mentaires.<br \/>\nLoin de n\u2019\u00eatre qu\u2019une question de m\u00b2 suppl\u00e9mentaires, cet agrandissement est une v\u00e9ritable refonte qui va permettre \u00e0 l\u2019entreprise d\u2019aller encore plus loin avec :<br \/>\n-Une nouvelle dalle de b\u00e9ton d\u20191,80 m d\u2019\u00e9paisseur pour supporter les machines et garantir leur parfaite g\u00e9om\u00e9trie<br \/>\n-De nouveaux ponts roulants, qui permettent l\u2019assemblage de sous-ensembles plus lourds<br \/>\n-Un nouveau laboratoire de m\u00e9trologie, dot\u00e9 d\u2019un sas de stabilisation thermique pour assurer une pr\u00e9cision optimale avant chaque livraison<br \/>\nL\u2019ambition derri\u00e8re ces investissements est claire : produire plus, plus vite, et surtout attirer des march\u00e9s strat\u00e9giques comme la d\u00e9fense, le m\u00e9dical ou l\u2019\u00e9nergie.<br \/>\nCette mont\u00e9e en puissance s\u2019accompagne d\u2019un volet humain essentiel : apr\u00e8s avoir recrut\u00e9 50 personnes ces deux derni\u00e8res ann\u00e9es, Huron pr\u00e9voit d\u2019int\u00e9grer 50 nouveaux collaborateurs d\u2019ici deux ans. C\u2019est aussi l\u2019occasion pour l\u2019entreprise de d\u00e9mystifier les m\u00e9tiers de l\u2019industrie aupr\u00e8s des jeunes g\u00e9n\u00e9rations en montrant un environnement de travail moderne, loin des clich\u00e9s habituels.<\/p>\n<p>D\u00e9couvrez les coulisses de ce nouveau site industriel et les perspectives qu\u2019il ouvre pour le constructeur fran\u00e7ais, dans notre reportage vid\u00e9o.<br \/>\n[\/vc_column_text][\/vc_column][\/vc_row][vc_row equal_height=&#8221;yes&#8221; content_placement=&#8221;middle&#8221; top_padding=&#8221;40&#8243;][vc_column][vc_empty_space height=&#8221;30px&#8221;][vc_btn title=&#8221;Retour aux REPORTAGES&#8221; style=&#8221;custom&#8221; custom_background=&#8221;#009ddf&#8221; custom_text=&#8221;#ffffff&#8221; shape=&#8221;round&#8221; i_icon_fontawesome=&#8221;fas fa-arrow-left&#8221; add_icon=&#8221;true&#8221; link=&#8221;url:https%3A%2F%2Fwww.machinesproduction.fr%2Ftv%2Fles-reportages%2F&#8221;][\/vc_column][\/vc_row]<\/p>\n<\/section>","protected":false},"excerpt":{"rendered":"<p>[vc_row equal_height=&#8221;yes&#8221; content_placement=&#8221;middle&#8221;][vc_column][vc_row_inner equal_height=&#8221;yes&#8221; content_placement=&#8221;middle&#8221;][vc_column_inner centered_cont_vertical=&#8221;true&#8221;][vc_column_text] Reportage \u200cHuron Graffenstaden [\/vc_column_text][\/vc_column_inner][\/vc_row_inner][\/vc_column][\/vc_row][vc_row full_width=&#8221;stretch_row_content_no_spaces&#8221; top_padding=&#8221;50&#8243;][vc_column offset=&#8221;vc_col-xs-12&#8243;][vc_raw_html]JTNDZGl2JTIwY2xhc3MlM0QlMjJyZXNwb25zaXZlLXZpZGVvJTIyJTNFJTBBJTNDaWZyYW1lJTIwd2lkdGglM0QlMjI2OTMlMjIlMjBoZWlnaHQlM0QlMjIxMjMyJTIyJTIwc3JjJTNEJTIyaHR0cHMlM0ElMkYlMkZ3d3cueW91dHViZS5jb20lMkZlbWJlZCUyRndXTlBaX0RWU1lBJTNGc2klM0Q0SDI0SndaRjVwSXhXM09lJTIyJTIwdGl0bGUlM0QlMjJQcm9ncmFtbWF0aW9uJTJDJTIwcHIlQzMlQTljaXNpb24lMkMlMjBmaWVydCVDMyVBOSUyMCUzQSUyME1pZ3VlbCUyMGNvbnN0cnVpdCUyMHNvbiUyMGF2ZW5pciUyMGRhbnMlMjBsJUUyJTgwJTk5aW5kdXN0cmllJTIyJTIwZnJhbWVib3JkZXIlM0QlMjIwJTIyJTIwYWxsb3clM0QlMjJhY2NlbGVyb21ldGVyJTNCJTIwYXV0b3BsYXklM0IlMjBjbGlwYm9hcmQtd3JpdGUlM0IlMjBlbmNyeXB0ZWQtbWVkaWElM0IlMjBneXJvc2NvcGUlM0IlMjBwaWN0dXJlLWluLXBpY3R1cmUlM0IlMjB3ZWItc2hhcmUlMjIlMjByZWZlcnJlcnBvbGljeSUzRCUyMnN0cmljdC1vcmlnaW4td2hlbi1jcm9zcy1vcmlnaW4lMjIlMjBhbGxvd2Z1bGxzY3JlZW4lM0UlM0MlMkZpZnJhbWUlM0UlMEElM0MlMkZkaXYlM0U=[\/vc_raw_html][vc_column_text] Une usine XXL et tourn\u00e9e vers l\u2019avenir \u200cMachines Production vous emm\u00e8ne dans le Bas-Rhin pour l\u2019inauguration d\u2019un projet d\u2019envergure : l\u2019extension du site de production de \u200cHuron Graffenstaden \u00e0 Eschau. Ici, le fabricant de machines-outils franchit une \u00e9tape historique en doublant sa [&hellip;]<\/p>\n","protected":false},"author":3,"featured_media":2648,"parent":0,"menu_order":0,"comment_status":"closed","ping_status":"closed","template":"","meta":{"_monsterinsights_skip_tracking":false,"_monsterinsights_sitenote_active":false,"_monsterinsights_sitenote_note":"","_monsterinsights_sitenote_category":0,"footnotes":""},"wf_page_folders":[12],"class_list":["post-2645","page","type-page","status-publish","has-post-thumbnail","hentry"],"yoast_head":"<!-- This site is optimized with the Yoast SEO plugin v27.1.1 - https:\/\/yoast.com\/product\/yoast-seo-wordpress\/ -->\n<title>Huron Graffenstaden inaugure son usine XXL \u00e0 Eschau | Machines Production TV<\/title>\n<meta name=\"description\" content=\"Machines Production TV vous emm\u00e8ne \u00e0 Eschau pour d\u00e9couvrir l\u2019extension XXL du site Huron Graffenstaden : 8 000 m\u00b2 d\u2019ateliers, m\u00e9trologie de pointe et nouveaux march\u00e9s industriels.\" \/>\n<meta name=\"robots\" content=\"index, follow, max-snippet:-1, max-image-preview:large, max-video-preview:-1\" \/>\n<link rel=\"canonical\" href=\"https:\/\/www.machinesproduction.fr\/tv\/reportage-48-\u200churon-graffenstaden\/\" \/>\n<meta property=\"og:locale\" content=\"fr_FR\" \/>\n<meta property=\"og:type\" content=\"article\" \/>\n<meta property=\"og:title\" content=\"Huron Graffenstaden inaugure son usine XXL \u00e0 Eschau | Machines Production TV\" \/>\n<meta property=\"og:description\" content=\"Machines Production TV vous emm\u00e8ne \u00e0 Eschau pour d\u00e9couvrir l\u2019extension XXL du site Huron Graffenstaden : 8 000 m\u00b2 d\u2019ateliers, m\u00e9trologie de pointe et nouveaux march\u00e9s industriels.\" \/>\n<meta property=\"og:url\" content=\"https:\/\/www.machinesproduction.fr\/tv\/reportage-48-\u200churon-graffenstaden\/\" \/>\n<meta property=\"og:site_name\" content=\"Machines Production TV\" \/>\n<meta property=\"article:modified_time\" content=\"2026-01-19T21:37:49+00:00\" \/>\n<meta property=\"og:image\" content=\"https:\/\/www.machinesproduction.fr\/tv\/wp-content\/uploads\/2026\/01\/Reportage_Huron.png\" \/>\n\t<meta property=\"og:image:width\" content=\"1280\" \/>\n\t<meta property=\"og:image:height\" content=\"720\" \/>\n\t<meta property=\"og:image:type\" content=\"image\/png\" \/>\n<meta name=\"twitter:card\" content=\"summary_large_image\" \/>\n<meta name=\"twitter:title\" content=\"Huron Graffenstaden inaugure son usine XXL \u00e0 Eschau | Machines Production TV\" \/>\n<meta name=\"twitter:description\" content=\"Machines Production TV vous emm\u00e8ne \u00e0 Eschau pour d\u00e9couvrir l\u2019extension XXL du site Huron Graffenstaden : 8 000 m\u00b2 d\u2019ateliers, m\u00e9trologie de pointe et nouveaux march\u00e9s industriels.\" \/>\n<meta name=\"twitter:image\" content=\"https:\/\/www.machinesproduction.fr\/tv\/wp-content\/uploads\/2026\/01\/Reportage_Huron.png\" \/>\n<meta name=\"twitter:label1\" content=\"Dur\u00e9e de lecture estim\u00e9e\" \/>\n\t<meta name=\"twitter:data1\" content=\"1 minute\" \/>\n<script type=\"application\/ld+json\" class=\"yoast-schema-graph\">{\"@context\":\"https:\/\/schema.org\",\"@graph\":[{\"@type\":\"WebPage\",\"@id\":\"https:\/\/www.machinesproduction.fr\/tv\/reportage-48-%e2%80%8churon-graffenstaden\/\",\"url\":\"https:\/\/www.machinesproduction.fr\/tv\/reportage-48-%e2%80%8churon-graffenstaden\/\",\"name\":\"Huron Graffenstaden inaugure son usine XXL \u00e0 Eschau | Machines Production TV\",\"isPartOf\":{\"@id\":\"https:\/\/www.machinesproduction.fr\/tv\/#website\"},\"primaryImageOfPage\":{\"@id\":\"https:\/\/www.machinesproduction.fr\/tv\/reportage-48-%e2%80%8churon-graffenstaden\/#primaryimage\"},\"image\":{\"@id\":\"https:\/\/www.machinesproduction.fr\/tv\/reportage-48-%e2%80%8churon-graffenstaden\/#primaryimage\"},\"thumbnailUrl\":\"https:\/\/www.machinesproduction.fr\/tv\/wp-content\/uploads\/2026\/01\/Reportage_Huron_carre\u0301.png\",\"datePublished\":\"2026-01-19T21:28:25+00:00\",\"dateModified\":\"2026-01-19T21:37:49+00:00\",\"description\":\"Machines Production TV vous emm\u00e8ne \u00e0 Eschau pour d\u00e9couvrir l\u2019extension XXL du site Huron Graffenstaden : 8 000 m\u00b2 d\u2019ateliers, m\u00e9trologie de pointe et nouveaux march\u00e9s industriels.\",\"breadcrumb\":{\"@id\":\"https:\/\/www.machinesproduction.fr\/tv\/reportage-48-%e2%80%8churon-graffenstaden\/#breadcrumb\"},\"inLanguage\":\"fr-FR\",\"potentialAction\":[{\"@type\":\"ReadAction\",\"target\":[\"https:\/\/www.machinesproduction.fr\/tv\/reportage-48-%e2%80%8churon-graffenstaden\/\"]}]},{\"@type\":\"ImageObject\",\"inLanguage\":\"fr-FR\",\"@id\":\"https:\/\/www.machinesproduction.fr\/tv\/reportage-48-%e2%80%8churon-graffenstaden\/#primaryimage\",\"url\":\"https:\/\/www.machinesproduction.fr\/tv\/wp-content\/uploads\/2026\/01\/Reportage_Huron_carre\u0301.png\",\"contentUrl\":\"https:\/\/www.machinesproduction.fr\/tv\/wp-content\/uploads\/2026\/01\/Reportage_Huron_carre\u0301.png\",\"width\":1080,\"height\":1080},{\"@type\":\"BreadcrumbList\",\"@id\":\"https:\/\/www.machinesproduction.fr\/tv\/reportage-48-%e2%80%8churon-graffenstaden\/#breadcrumb\",\"itemListElement\":[{\"@type\":\"ListItem\",\"position\":1,\"name\":\"Home\",\"item\":\"https:\/\/www.machinesproduction.fr\/tv\/\"},{\"@type\":\"ListItem\",\"position\":2,\"name\":\"Reportage 48 &#8211; \u200cHuron Graffenstaden\"}]},{\"@type\":\"WebSite\",\"@id\":\"https:\/\/www.machinesproduction.fr\/tv\/#website\",\"url\":\"https:\/\/www.machinesproduction.fr\/tv\/\",\"name\":\"Machines Production TV\",\"description\":\"\",\"potentialAction\":[{\"@type\":\"SearchAction\",\"target\":{\"@type\":\"EntryPoint\",\"urlTemplate\":\"https:\/\/www.machinesproduction.fr\/tv\/?s={search_term_string}\"},\"query-input\":{\"@type\":\"PropertyValueSpecification\",\"valueRequired\":true,\"valueName\":\"search_term_string\"}}],\"inLanguage\":\"fr-FR\"}]}<\/script>\n<!-- \/ Yoast SEO plugin. -->","yoast_head_json":{"title":"Huron Graffenstaden inaugure son usine XXL \u00e0 Eschau | Machines Production TV","description":"Machines Production TV vous emm\u00e8ne \u00e0 Eschau pour d\u00e9couvrir l\u2019extension XXL du site Huron Graffenstaden : 8 000 m\u00b2 d\u2019ateliers, m\u00e9trologie de pointe et nouveaux march\u00e9s industriels.","robots":{"index":"index","follow":"follow","max-snippet":"max-snippet:-1","max-image-preview":"max-image-preview:large","max-video-preview":"max-video-preview:-1"},"canonical":"https:\/\/www.machinesproduction.fr\/tv\/reportage-48-\u200churon-graffenstaden\/","og_locale":"fr_FR","og_type":"article","og_title":"Huron Graffenstaden inaugure son usine XXL \u00e0 Eschau | Machines Production TV","og_description":"Machines Production TV vous emm\u00e8ne \u00e0 Eschau pour d\u00e9couvrir l\u2019extension XXL du site Huron Graffenstaden : 8 000 m\u00b2 d\u2019ateliers, m\u00e9trologie de pointe et nouveaux march\u00e9s industriels.","og_url":"https:\/\/www.machinesproduction.fr\/tv\/reportage-48-\u200churon-graffenstaden\/","og_site_name":"Machines Production TV","article_modified_time":"2026-01-19T21:37:49+00:00","og_image":[{"width":1280,"height":720,"url":"https:\/\/www.machinesproduction.fr\/tv\/wp-content\/uploads\/2026\/01\/Reportage_Huron.png","type":"image\/png"}],"twitter_card":"summary_large_image","twitter_title":"Huron Graffenstaden inaugure son usine XXL \u00e0 Eschau | Machines Production TV","twitter_description":"Machines Production TV vous emm\u00e8ne \u00e0 Eschau pour d\u00e9couvrir l\u2019extension XXL du site Huron Graffenstaden : 8 000 m\u00b2 d\u2019ateliers, m\u00e9trologie de pointe et nouveaux march\u00e9s industriels.","twitter_image":"https:\/\/www.machinesproduction.fr\/tv\/wp-content\/uploads\/2026\/01\/Reportage_Huron.png","twitter_misc":{"Dur\u00e9e de lecture estim\u00e9e":"1 minute"},"schema":{"@context":"https:\/\/schema.org","@graph":[{"@type":"WebPage","@id":"https:\/\/www.machinesproduction.fr\/tv\/reportage-48-%e2%80%8churon-graffenstaden\/","url":"https:\/\/www.machinesproduction.fr\/tv\/reportage-48-%e2%80%8churon-graffenstaden\/","name":"Huron Graffenstaden inaugure son usine XXL \u00e0 Eschau | Machines Production TV","isPartOf":{"@id":"https:\/\/www.machinesproduction.fr\/tv\/#website"},"primaryImageOfPage":{"@id":"https:\/\/www.machinesproduction.fr\/tv\/reportage-48-%e2%80%8churon-graffenstaden\/#primaryimage"},"image":{"@id":"https:\/\/www.machinesproduction.fr\/tv\/reportage-48-%e2%80%8churon-graffenstaden\/#primaryimage"},"thumbnailUrl":"https:\/\/www.machinesproduction.fr\/tv\/wp-content\/uploads\/2026\/01\/Reportage_Huron_carre\u0301.png","datePublished":"2026-01-19T21:28:25+00:00","dateModified":"2026-01-19T21:37:49+00:00","description":"Machines Production TV vous emm\u00e8ne \u00e0 Eschau pour d\u00e9couvrir l\u2019extension XXL du site Huron Graffenstaden : 8 000 m\u00b2 d\u2019ateliers, m\u00e9trologie de pointe et nouveaux march\u00e9s industriels.","breadcrumb":{"@id":"https:\/\/www.machinesproduction.fr\/tv\/reportage-48-%e2%80%8churon-graffenstaden\/#breadcrumb"},"inLanguage":"fr-FR","potentialAction":[{"@type":"ReadAction","target":["https:\/\/www.machinesproduction.fr\/tv\/reportage-48-%e2%80%8churon-graffenstaden\/"]}]},{"@type":"ImageObject","inLanguage":"fr-FR","@id":"https:\/\/www.machinesproduction.fr\/tv\/reportage-48-%e2%80%8churon-graffenstaden\/#primaryimage","url":"https:\/\/www.machinesproduction.fr\/tv\/wp-content\/uploads\/2026\/01\/Reportage_Huron_carre\u0301.png","contentUrl":"https:\/\/www.machinesproduction.fr\/tv\/wp-content\/uploads\/2026\/01\/Reportage_Huron_carre\u0301.png","width":1080,"height":1080},{"@type":"BreadcrumbList","@id":"https:\/\/www.machinesproduction.fr\/tv\/reportage-48-%e2%80%8churon-graffenstaden\/#breadcrumb","itemListElement":[{"@type":"ListItem","position":1,"name":"Home","item":"https:\/\/www.machinesproduction.fr\/tv\/"},{"@type":"ListItem","position":2,"name":"Reportage 48 &#8211; \u200cHuron Graffenstaden"}]},{"@type":"WebSite","@id":"https:\/\/www.machinesproduction.fr\/tv\/#website","url":"https:\/\/www.machinesproduction.fr\/tv\/","name":"Machines Production TV","description":"","potentialAction":[{"@type":"SearchAction","target":{"@type":"EntryPoint","urlTemplate":"https:\/\/www.machinesproduction.fr\/tv\/?s={search_term_string}"},"query-input":{"@type":"PropertyValueSpecification","valueRequired":true,"valueName":"search_term_string"}}],"inLanguage":"fr-FR"}]}},"_links":{"self":[{"href":"https:\/\/www.machinesproduction.fr\/tv\/wp-json\/wp\/v2\/pages\/2645","targetHints":{"allow":["GET"]}}],"collection":[{"href":"https:\/\/www.machinesproduction.fr\/tv\/wp-json\/wp\/v2\/pages"}],"about":[{"href":"https:\/\/www.machinesproduction.fr\/tv\/wp-json\/wp\/v2\/types\/page"}],"author":[{"embeddable":true,"href":"https:\/\/www.machinesproduction.fr\/tv\/wp-json\/wp\/v2\/users\/3"}],"replies":[{"embeddable":true,"href":"https:\/\/www.machinesproduction.fr\/tv\/wp-json\/wp\/v2\/comments?post=2645"}],"version-history":[{"count":2,"href":"https:\/\/www.machinesproduction.fr\/tv\/wp-json\/wp\/v2\/pages\/2645\/revisions"}],"predecessor-version":[{"id":2647,"href":"https:\/\/www.machinesproduction.fr\/tv\/wp-json\/wp\/v2\/pages\/2645\/revisions\/2647"}],"wp:featuredmedia":[{"embeddable":true,"href":"https:\/\/www.machinesproduction.fr\/tv\/wp-json\/wp\/v2\/media\/2648"}],"wp:attachment":[{"href":"https:\/\/www.machinesproduction.fr\/tv\/wp-json\/wp\/v2\/media?parent=2645"}],"wp:term":[{"taxonomy":"wf_page_folders","embeddable":true,"href":"https:\/\/www.machinesproduction.fr\/tv\/wp-json\/wp\/v2\/wf_page_folders?post=2645"}],"curies":[{"name":"wp","href":"https:\/\/api.w.org\/{rel}","templated":true}]}}