{"id":2639,"date":"2026-01-15T18:45:40","date_gmt":"2026-01-15T17:45:40","guid":{"rendered":"https:\/\/www.machinesproduction.fr\/tv\/?page_id=2639"},"modified":"2026-01-15T18:58:29","modified_gmt":"2026-01-15T17:58:29","slug":"reportage-47-sandvik-coromant","status":"publish","type":"page","link":"https:\/\/www.machinesproduction.fr\/tv\/reportage-47-sandvik-coromant\/","title":{"rendered":"Reportage 47 &#8211; Sandvik Coromant"},"content":{"rendered":"<section class=\"wpb-content-wrapper\"><p>[vc_row equal_height=&#8221;yes&#8221; content_placement=&#8221;middle&#8221;][vc_column][vc_row_inner equal_height=&#8221;yes&#8221; content_placement=&#8221;middle&#8221;][vc_column_inner centered_cont_vertical=&#8221;true&#8221;][vc_column_text]<\/p>\n<div class=\"wpb_text_column wpb_content_element \">\n<div class=\"wpb_wrapper\">\n<h3><span style=\"color: #ffffff;\">Reportage \u00e0 Orl\u00e9ans<\/span> <span style=\"color: #009ddf;\">au coeur du Sandvik Coromant Center<\/span><\/h3>\n<\/div>\n<\/div>\n<div class=\"wpb_video_widget wpb_content_element vc_clearfix vc_video-aspect-ratio-169 vc_video-el-width-100 vc_video-align-left\">\n<div class=\"wpb_wrapper\"><\/div>\n<\/div>\n<p>[\/vc_column_text][\/vc_column_inner][\/vc_row_inner][\/vc_column][\/vc_row][vc_row full_width=&#8221;stretch_row_content_no_spaces&#8221; top_padding=&#8221;50&#8243;][vc_column offset=&#8221;vc_col-xs-12&#8243;][vc_raw_html]JTNDZGl2JTIwY2xhc3MlM0QlMjJyZXNwb25zaXZlLXZpZGVvJTIyJTNFJTBBJTNDaWZyYW1lJTIwd2lkdGglM0QlMjI2OTMlMjIlMjBoZWlnaHQlM0QlMjIxMjMyJTIyJTIwc3JjJTNEJTIyaHR0cHMlM0ElMkYlMkZ3d3cueW91dHViZS5jb20lMkZlbWJlZCUyRlFYY0tTUEI0c0RjJTNGc2klM0RFY29HcEZKZ0IzLUJUTmJyJTIyJTIwdGl0bGUlM0QlMjJQcm9ncmFtbWF0aW9uJTJDJTIwcHIlQzMlQTljaXNpb24lMkMlMjBmaWVydCVDMyVBOSUyMCUzQSUyME1pZ3VlbCUyMGNvbnN0cnVpdCUyMHNvbiUyMGF2ZW5pciUyMGRhbnMlMjBsJUUyJTgwJTk5aW5kdXN0cmllJTIyJTIwZnJhbWVib3JkZXIlM0QlMjIwJTIyJTIwYWxsb3clM0QlMjJhY2NlbGVyb21ldGVyJTNCJTIwYXV0b3BsYXklM0IlMjBjbGlwYm9hcmQtd3JpdGUlM0IlMjBlbmNyeXB0ZWQtbWVkaWElM0IlMjBneXJvc2NvcGUlM0IlMjBwaWN0dXJlLWluLXBpY3R1cmUlM0IlMjB3ZWItc2hhcmUlMjIlMjByZWZlcnJlcnBvbGljeSUzRCUyMnN0cmljdC1vcmlnaW4td2hlbi1jcm9zcy1vcmlnaW4lMjIlMjBhbGxvd2Z1bGxzY3JlZW4lM0UlM0MlMkZpZnJhbWUlM0UlMEElM0MlMkZkaXYlM0U=[\/vc_raw_html][vc_column_text]<\/p>\n<h2><span style=\"color: #009ddf;\"><strong>R\u00e9duire les temps de cycle de 20 % : le pari num\u00e9rique r\u00e9ussi de Sandvik Coromant<\/strong><\/span><\/h2>\n<p>Aujourd\u2019hui, l\u2019\u00e9quipe de \u200cMachines Production vous emm\u00e8ne \u00e0 Orl\u00e9ans, pour une plong\u00e9e au c\u0153ur du Sandvik Coromant Center. Nos cam\u00e9ras se sont ainsi pos\u00e9es chez l\u2019un des plus gros fabricants d\u2019outils coupants dans le monde, pour comprendre comment les solutions DELMIA Machining de \u200cDassault Syst\u00e8mes ont permis de num\u00e9riser sa production pour am\u00e9liorer sa productivit\u00e9 et celle de ses clients.<\/p>\n<p>Gr\u00e2ce \u00e0 cette solution num\u00e9rique, qui va au-del\u00e0 de la CAO\/FAO, l\u2019ensemble du processus, de la conception \u00e0 la fabrication, est coordonn\u00e9 au sein d\u2019une m\u00eame plateforme num\u00e9rique nomm\u00e9e 3DEXPERIENCE. Cette continuit\u00e9 num\u00e9rique permet ainsi de tester et de valider des strat\u00e9gies d\u2019usinage bien avant de lancer la production r\u00e9elle.<\/p>\n<p>Concr\u00e8tement, cette m\u00e9thode a permis de r\u00e9duire le temps de cycle de 20 %, gr\u00e2ce \u00e0 l\u2019optimisation des parcours outils et a l\u2019intelligence artificielle qui oriente les choix des programmeurs. L\u2019acc\u00e8s imm\u00e9diat \u00e0 CoroPlus, une biblioth\u00e8que d\u2019outils de \u200cSandvik Coromant directement int\u00e9gr\u00e9e \u00e0 la solution, a \u00e9galement permis de mieux s\u00e9curiser chaque \u00e9tape en limitant les risques d\u2019erreurs.<\/p>\n<p>D\u00e9couvrez en images les tenants et les aboutissants de cette transformation num\u00e9rique dans notre reportage.[\/vc_column_text][\/vc_column][\/vc_row][vc_row equal_height=&#8221;yes&#8221; content_placement=&#8221;middle&#8221; top_padding=&#8221;40&#8243;][vc_column][vc_empty_space height=&#8221;30px&#8221;][vc_btn title=&#8221;Retour aux REPORTAGES&#8221; style=&#8221;custom&#8221; custom_background=&#8221;#009ddf&#8221; custom_text=&#8221;#ffffff&#8221; shape=&#8221;round&#8221; i_icon_fontawesome=&#8221;fas fa-arrow-left&#8221; add_icon=&#8221;true&#8221; link=&#8221;url:https%3A%2F%2Fwww.machinesproduction.fr%2Ftv%2Fles-reportages%2F&#8221;][\/vc_column][\/vc_row]<\/p>\n<\/section>","protected":false},"excerpt":{"rendered":"<p>[vc_row equal_height=&#8221;yes&#8221; content_placement=&#8221;middle&#8221;][vc_column][vc_row_inner equal_height=&#8221;yes&#8221; content_placement=&#8221;middle&#8221;][vc_column_inner centered_cont_vertical=&#8221;true&#8221;][vc_column_text] Reportage \u00e0 Orl\u00e9ans au coeur du Sandvik Coromant Center [\/vc_column_text][\/vc_column_inner][\/vc_row_inner][\/vc_column][\/vc_row][vc_row full_width=&#8221;stretch_row_content_no_spaces&#8221; top_padding=&#8221;50&#8243;][vc_column offset=&#8221;vc_col-xs-12&#8243;][vc_raw_html]JTNDZGl2JTIwY2xhc3MlM0QlMjJyZXNwb25zaXZlLXZpZGVvJTIyJTNFJTBBJTNDaWZyYW1lJTIwd2lkdGglM0QlMjI2OTMlMjIlMjBoZWlnaHQlM0QlMjIxMjMyJTIyJTIwc3JjJTNEJTIyaHR0cHMlM0ElMkYlMkZ3d3cueW91dHViZS5jb20lMkZlbWJlZCUyRlFYY0tTUEI0c0RjJTNGc2klM0RFY29HcEZKZ0IzLUJUTmJyJTIyJTIwdGl0bGUlM0QlMjJQcm9ncmFtbWF0aW9uJTJDJTIwcHIlQzMlQTljaXNpb24lMkMlMjBmaWVydCVDMyVBOSUyMCUzQSUyME1pZ3VlbCUyMGNvbnN0cnVpdCUyMHNvbiUyMGF2ZW5pciUyMGRhbnMlMjBsJUUyJTgwJTk5aW5kdXN0cmllJTIyJTIwZnJhbWVib3JkZXIlM0QlMjIwJTIyJTIwYWxsb3clM0QlMjJhY2NlbGVyb21ldGVyJTNCJTIwYXV0b3BsYXklM0IlMjBjbGlwYm9hcmQtd3JpdGUlM0IlMjBlbmNyeXB0ZWQtbWVkaWElM0IlMjBneXJvc2NvcGUlM0IlMjBwaWN0dXJlLWluLXBpY3R1cmUlM0IlMjB3ZWItc2hhcmUlMjIlMjByZWZlcnJlcnBvbGljeSUzRCUyMnN0cmljdC1vcmlnaW4td2hlbi1jcm9zcy1vcmlnaW4lMjIlMjBhbGxvd2Z1bGxzY3JlZW4lM0UlM0MlMkZpZnJhbWUlM0UlMEElM0MlMkZkaXYlM0U=[\/vc_raw_html][vc_column_text] R\u00e9duire les temps de cycle de 20 % : le pari num\u00e9rique r\u00e9ussi de Sandvik Coromant Aujourd\u2019hui, l\u2019\u00e9quipe de \u200cMachines Production vous emm\u00e8ne \u00e0 Orl\u00e9ans, pour une plong\u00e9e au c\u0153ur du Sandvik Coromant Center. Nos cam\u00e9ras [&hellip;]<\/p>\n","protected":false},"author":3,"featured_media":2570,"parent":0,"menu_order":0,"comment_status":"closed","ping_status":"closed","template":"","meta":{"_monsterinsights_skip_tracking":false,"_monsterinsights_sitenote_active":false,"_monsterinsights_sitenote_note":"","_monsterinsights_sitenote_category":0,"footnotes":""},"wf_page_folders":[12],"class_list":["post-2639","page","type-page","status-publish","has-post-thumbnail","hentry"],"yoast_head":"<!-- This site is optimized with the Yoast SEO plugin v27.1.1 - https:\/\/yoast.com\/product\/yoast-seo-wordpress\/ -->\n<title>Portrait de Miguel, \u00e9tudiant \u00e0 l\u2019\u00e9cole de production Gorge de Loup<\/title>\n<meta name=\"description\" content=\"Nos Jeunes ont du talent ! D\u00e9couvrez le parcours de Miguel, \u00e9tudiant \u00e0 l\u2019\u00e9cole de production Gorge de Loup\" \/>\n<meta name=\"robots\" content=\"index, follow, max-snippet:-1, max-image-preview:large, max-video-preview:-1\" \/>\n<link rel=\"canonical\" href=\"https:\/\/www.machinesproduction.fr\/tv\/reportage-47-sandvik-coromant\/\" \/>\n<meta property=\"og:locale\" content=\"fr_FR\" \/>\n<meta property=\"og:type\" content=\"article\" \/>\n<meta property=\"og:title\" content=\"Portrait de Gabin Thomann, La fabrique Acad\u00e9mie de M\u00e9canique\" \/>\n<meta property=\"og:description\" content=\"Nos Jeunes ont du talent ! D\u00e9couvrez le parcours de Gabin Thomann, \u00e9l\u00e8ve en CAP de tournage, fraisage et ajusteur\" \/>\n<meta property=\"og:url\" content=\"https:\/\/www.machinesproduction.fr\/tv\/reportage-47-sandvik-coromant\/\" \/>\n<meta property=\"og:site_name\" content=\"Machines Production TV\" \/>\n<meta property=\"article:modified_time\" content=\"2026-01-15T17:58:29+00:00\" \/>\n<meta property=\"og:image\" content=\"https:\/\/www.machinesproduction.fr\/tv\/wp-content\/uploads\/2025\/02\/PortraitGABIN.png\" \/>\n\t<meta property=\"og:image:width\" content=\"1280\" \/>\n\t<meta property=\"og:image:height\" content=\"720\" \/>\n\t<meta property=\"og:image:type\" content=\"image\/png\" \/>\n<meta name=\"twitter:card\" content=\"summary_large_image\" \/>\n<meta name=\"twitter:title\" content=\"Portrait de Gabin Thomann, La fabrique Acad\u00e9mie de M\u00e9canique\" \/>\n<meta name=\"twitter:description\" content=\"Nos Jeunes ont du talent ! D\u00e9couvrez le parcours de Gabin Thomann, \u00e9l\u00e8ve en CAP de tournage, fraisage et ajusteur\" \/>\n<meta name=\"twitter:image\" content=\"https:\/\/www.machinesproduction.fr\/tv\/wp-content\/uploads\/2025\/02\/PortraitGABIN.png\" \/>\n<meta name=\"twitter:label1\" content=\"Dur\u00e9e de lecture estim\u00e9e\" \/>\n\t<meta name=\"twitter:data1\" content=\"1 minute\" \/>\n<script type=\"application\/ld+json\" class=\"yoast-schema-graph\">{\"@context\":\"https:\/\/schema.org\",\"@graph\":[{\"@type\":\"WebPage\",\"@id\":\"https:\/\/www.machinesproduction.fr\/tv\/reportage-47-sandvik-coromant\/\",\"url\":\"https:\/\/www.machinesproduction.fr\/tv\/reportage-47-sandvik-coromant\/\",\"name\":\"Portrait de Miguel, \u00e9tudiant \u00e0 l\u2019\u00e9cole de production Gorge de Loup\",\"isPartOf\":{\"@id\":\"https:\/\/www.machinesproduction.fr\/tv\/#website\"},\"primaryImageOfPage\":{\"@id\":\"https:\/\/www.machinesproduction.fr\/tv\/reportage-47-sandvik-coromant\/#primaryimage\"},\"image\":{\"@id\":\"https:\/\/www.machinesproduction.fr\/tv\/reportage-47-sandvik-coromant\/#primaryimage\"},\"thumbnailUrl\":\"https:\/\/www.machinesproduction.fr\/tv\/wp-content\/uploads\/2025\/09\/Portrait_Miguel_Gorge_de_Loup_carre\u0301.png\",\"datePublished\":\"2026-01-15T17:45:40+00:00\",\"dateModified\":\"2026-01-15T17:58:29+00:00\",\"description\":\"Nos Jeunes ont du talent ! D\u00e9couvrez le parcours de Miguel, \u00e9tudiant \u00e0 l\u2019\u00e9cole de production Gorge de Loup\",\"breadcrumb\":{\"@id\":\"https:\/\/www.machinesproduction.fr\/tv\/reportage-47-sandvik-coromant\/#breadcrumb\"},\"inLanguage\":\"fr-FR\",\"potentialAction\":[{\"@type\":\"ReadAction\",\"target\":[\"https:\/\/www.machinesproduction.fr\/tv\/reportage-47-sandvik-coromant\/\"]}]},{\"@type\":\"ImageObject\",\"inLanguage\":\"fr-FR\",\"@id\":\"https:\/\/www.machinesproduction.fr\/tv\/reportage-47-sandvik-coromant\/#primaryimage\",\"url\":\"https:\/\/www.machinesproduction.fr\/tv\/wp-content\/uploads\/2025\/09\/Portrait_Miguel_Gorge_de_Loup_carre\u0301.png\",\"contentUrl\":\"https:\/\/www.machinesproduction.fr\/tv\/wp-content\/uploads\/2025\/09\/Portrait_Miguel_Gorge_de_Loup_carre\u0301.png\",\"width\":1080,\"height\":1080},{\"@type\":\"BreadcrumbList\",\"@id\":\"https:\/\/www.machinesproduction.fr\/tv\/reportage-47-sandvik-coromant\/#breadcrumb\",\"itemListElement\":[{\"@type\":\"ListItem\",\"position\":1,\"name\":\"Home\",\"item\":\"https:\/\/www.machinesproduction.fr\/tv\/\"},{\"@type\":\"ListItem\",\"position\":2,\"name\":\"Reportage 47 &#8211; Sandvik Coromant\"}]},{\"@type\":\"WebSite\",\"@id\":\"https:\/\/www.machinesproduction.fr\/tv\/#website\",\"url\":\"https:\/\/www.machinesproduction.fr\/tv\/\",\"name\":\"Machines Production TV\",\"description\":\"\",\"potentialAction\":[{\"@type\":\"SearchAction\",\"target\":{\"@type\":\"EntryPoint\",\"urlTemplate\":\"https:\/\/www.machinesproduction.fr\/tv\/?s={search_term_string}\"},\"query-input\":{\"@type\":\"PropertyValueSpecification\",\"valueRequired\":true,\"valueName\":\"search_term_string\"}}],\"inLanguage\":\"fr-FR\"}]}<\/script>\n<!-- \/ Yoast SEO plugin. -->","yoast_head_json":{"title":"Portrait de Miguel, \u00e9tudiant \u00e0 l\u2019\u00e9cole de production Gorge de Loup","description":"Nos Jeunes ont du talent ! D\u00e9couvrez le parcours de Miguel, \u00e9tudiant \u00e0 l\u2019\u00e9cole de production Gorge de Loup","robots":{"index":"index","follow":"follow","max-snippet":"max-snippet:-1","max-image-preview":"max-image-preview:large","max-video-preview":"max-video-preview:-1"},"canonical":"https:\/\/www.machinesproduction.fr\/tv\/reportage-47-sandvik-coromant\/","og_locale":"fr_FR","og_type":"article","og_title":"Portrait de Gabin Thomann, La fabrique Acad\u00e9mie de M\u00e9canique","og_description":"Nos Jeunes ont du talent ! D\u00e9couvrez le parcours de Gabin Thomann, \u00e9l\u00e8ve en CAP de tournage, fraisage et ajusteur","og_url":"https:\/\/www.machinesproduction.fr\/tv\/reportage-47-sandvik-coromant\/","og_site_name":"Machines Production TV","article_modified_time":"2026-01-15T17:58:29+00:00","og_image":[{"width":1280,"height":720,"url":"https:\/\/www.machinesproduction.fr\/tv\/wp-content\/uploads\/2025\/02\/PortraitGABIN.png","type":"image\/png"}],"twitter_card":"summary_large_image","twitter_title":"Portrait de Gabin Thomann, La fabrique Acad\u00e9mie de M\u00e9canique","twitter_description":"Nos Jeunes ont du talent ! D\u00e9couvrez le parcours de Gabin Thomann, \u00e9l\u00e8ve en CAP de tournage, fraisage et ajusteur","twitter_image":"https:\/\/www.machinesproduction.fr\/tv\/wp-content\/uploads\/2025\/02\/PortraitGABIN.png","twitter_misc":{"Dur\u00e9e de lecture estim\u00e9e":"1 minute"},"schema":{"@context":"https:\/\/schema.org","@graph":[{"@type":"WebPage","@id":"https:\/\/www.machinesproduction.fr\/tv\/reportage-47-sandvik-coromant\/","url":"https:\/\/www.machinesproduction.fr\/tv\/reportage-47-sandvik-coromant\/","name":"Portrait de Miguel, \u00e9tudiant \u00e0 l\u2019\u00e9cole de production Gorge de Loup","isPartOf":{"@id":"https:\/\/www.machinesproduction.fr\/tv\/#website"},"primaryImageOfPage":{"@id":"https:\/\/www.machinesproduction.fr\/tv\/reportage-47-sandvik-coromant\/#primaryimage"},"image":{"@id":"https:\/\/www.machinesproduction.fr\/tv\/reportage-47-sandvik-coromant\/#primaryimage"},"thumbnailUrl":"https:\/\/www.machinesproduction.fr\/tv\/wp-content\/uploads\/2025\/09\/Portrait_Miguel_Gorge_de_Loup_carre\u0301.png","datePublished":"2026-01-15T17:45:40+00:00","dateModified":"2026-01-15T17:58:29+00:00","description":"Nos Jeunes ont du talent ! D\u00e9couvrez le parcours de Miguel, \u00e9tudiant \u00e0 l\u2019\u00e9cole de production Gorge de Loup","breadcrumb":{"@id":"https:\/\/www.machinesproduction.fr\/tv\/reportage-47-sandvik-coromant\/#breadcrumb"},"inLanguage":"fr-FR","potentialAction":[{"@type":"ReadAction","target":["https:\/\/www.machinesproduction.fr\/tv\/reportage-47-sandvik-coromant\/"]}]},{"@type":"ImageObject","inLanguage":"fr-FR","@id":"https:\/\/www.machinesproduction.fr\/tv\/reportage-47-sandvik-coromant\/#primaryimage","url":"https:\/\/www.machinesproduction.fr\/tv\/wp-content\/uploads\/2025\/09\/Portrait_Miguel_Gorge_de_Loup_carre\u0301.png","contentUrl":"https:\/\/www.machinesproduction.fr\/tv\/wp-content\/uploads\/2025\/09\/Portrait_Miguel_Gorge_de_Loup_carre\u0301.png","width":1080,"height":1080},{"@type":"BreadcrumbList","@id":"https:\/\/www.machinesproduction.fr\/tv\/reportage-47-sandvik-coromant\/#breadcrumb","itemListElement":[{"@type":"ListItem","position":1,"name":"Home","item":"https:\/\/www.machinesproduction.fr\/tv\/"},{"@type":"ListItem","position":2,"name":"Reportage 47 &#8211; Sandvik Coromant"}]},{"@type":"WebSite","@id":"https:\/\/www.machinesproduction.fr\/tv\/#website","url":"https:\/\/www.machinesproduction.fr\/tv\/","name":"Machines Production TV","description":"","potentialAction":[{"@type":"SearchAction","target":{"@type":"EntryPoint","urlTemplate":"https:\/\/www.machinesproduction.fr\/tv\/?s={search_term_string}"},"query-input":{"@type":"PropertyValueSpecification","valueRequired":true,"valueName":"search_term_string"}}],"inLanguage":"fr-FR"}]}},"_links":{"self":[{"href":"https:\/\/www.machinesproduction.fr\/tv\/wp-json\/wp\/v2\/pages\/2639","targetHints":{"allow":["GET"]}}],"collection":[{"href":"https:\/\/www.machinesproduction.fr\/tv\/wp-json\/wp\/v2\/pages"}],"about":[{"href":"https:\/\/www.machinesproduction.fr\/tv\/wp-json\/wp\/v2\/types\/page"}],"author":[{"embeddable":true,"href":"https:\/\/www.machinesproduction.fr\/tv\/wp-json\/wp\/v2\/users\/3"}],"replies":[{"embeddable":true,"href":"https:\/\/www.machinesproduction.fr\/tv\/wp-json\/wp\/v2\/comments?post=2639"}],"version-history":[{"count":2,"href":"https:\/\/www.machinesproduction.fr\/tv\/wp-json\/wp\/v2\/pages\/2639\/revisions"}],"predecessor-version":[{"id":2644,"href":"https:\/\/www.machinesproduction.fr\/tv\/wp-json\/wp\/v2\/pages\/2639\/revisions\/2644"}],"wp:featuredmedia":[{"embeddable":true,"href":"https:\/\/www.machinesproduction.fr\/tv\/wp-json\/wp\/v2\/media\/2570"}],"wp:attachment":[{"href":"https:\/\/www.machinesproduction.fr\/tv\/wp-json\/wp\/v2\/media?parent=2639"}],"wp:term":[{"taxonomy":"wf_page_folders","embeddable":true,"href":"https:\/\/www.machinesproduction.fr\/tv\/wp-json\/wp\/v2\/wf_page_folders?post=2639"}],"curies":[{"name":"wp","href":"https:\/\/api.w.org\/{rel}","templated":true}]}}