{"id":2412,"date":"2025-02-18T20:31:31","date_gmt":"2025-02-18T19:31:31","guid":{"rendered":"https:\/\/www.machinesproduction.fr\/tv\/?page_id=2412"},"modified":"2025-02-19T08:52:39","modified_gmt":"2025-02-19T07:52:39","slug":"reportage-40-hrt-manufacture-thierry","status":"publish","type":"page","link":"https:\/\/www.machinesproduction.fr\/tv\/reportage-40-hrt-manufacture-thierry\/","title":{"rendered":"Reportage 40 &#8211; HRT \/ Manufacture Thierry"},"content":{"rendered":"<section class=\"wpb-content-wrapper\"><p>[vc_row equal_height=&#8221;yes&#8221; content_placement=&#8221;middle&#8221;][vc_column][vc_row_inner equal_height=&#8221;yes&#8221; content_placement=&#8221;middle&#8221;][vc_column_inner centered_cont_vertical=&#8221;true&#8221;][vc_column_text]<\/p>\n<h2 style=\"text-align: left; font-size: 20pt;\"><span style=\"color: #009ddf;\"><strong>Usinage et Impression 3D : deux technologies compl\u00e9mentaires<\/strong><\/span><\/h2>\n<h1><span style=\"color: #009ddf;\">GROUPE HRT \/ MANUFACTURE THIERRY<\/span><\/h1>\n<p>[\/vc_column_text][\/vc_column_inner][\/vc_row_inner][\/vc_column][\/vc_row][vc_row full_width=&#8221;stretch_row_content_no_spaces&#8221; top_padding=&#8221;50&#8243;][vc_column offset=&#8221;vc_col-xs-12&#8243;][vc_raw_html]JTNDc3R5bGUlM0UlMEEudmlkZW8tY29udGFpbmVyJTIwJTdCJTBBJTIwJTIwJTIwJTIwcG9zaXRpb24lM0ElMjByZWxhdGl2ZSUzQiUwQSUyMCUyMCUyMCUyMHBhZGRpbmctYm90dG9tJTNBJTIwNTYuMjUlMjUlM0IlMjAlMkYlMkElMjBSYXRpbyUyMDE2JTNBOSUyMCUyOGhhdXRldXIlMkZsYXJnZXVyJTIwJTNEJTIwOSUyRjE2JTIwJTNEJTIwNTYuMjUlMjUlMjklMjAlMkElMkYlMEElMjAlMjAlMjAlMjBoZWlnaHQlM0ElMjAwJTNCJTBBJTIwJTIwJTIwJTIwb3ZlcmZsb3clM0ElMjBoaWRkZW4lM0IlMEElMjAlMjAlMjAlMjBtYXgtd2lkdGglM0ElMjAxMDAlMjUlM0IlMEElMjAlMjAlMjAlMjBiYWNrZ3JvdW5kLWNvbG9yJTNBJTIwJTIzMDAwJTNCJTBBJTdEJTBBJTBBLnZpZGVvLWNvbnRhaW5lciUyMGlmcmFtZSUyMCU3QiUwQSUyMCUyMCUyMCUyMHBvc2l0aW9uJTNBJTIwYWJzb2x1dGUlM0IlMEElMjAlMjAlMjAlMjB0b3AlM0ElMjAwJTNCJTBBJTIwJTIwJTIwJTIwbGVmdCUzQSUyMDAlM0IlMEElMjAlMjAlMjAlMjB3aWR0aCUzQSUyMDEwMCUyNSUzQiUwQSUyMCUyMCUyMCUyMGhlaWdodCUzQSUyMDEwMCUyNSUzQiUwQSU3RCUwQSUzQyUyRnN0eWxlJTNFJTBBJTBBJTNDZGl2JTIwY2xhc3MlM0QlMjJ2aWRlby1jb250YWluZXIlMjIlM0UlMEElM0NpZnJhbWUlMjB3aWR0aCUzRCUyMjU2MCUyMiUyMGhlaWdodCUzRCUyMjMxNSUyMiUyMHNyYyUzRCUyMmh0dHBzJTNBJTJGJTJGd3d3LnlvdXR1YmUuY29tJTJGZW1iZWQlMkZ1dUFMVXJWQklBcyUzRnNpJTNETDNiUXNUTXQ4RDZIcGlpQyUyMiUyMHRpdGxlJTNEJTIyWW91VHViZSUyMHZpZGVvJTIwcGxheWVyJTIyJTIwZnJhbWVib3JkZXIlM0QlMjIwJTIyJTIwYWxsb3clM0QlMjJhY2NlbGVyb21ldGVyJTNCJTIwYXV0b3BsYXklM0IlMjBjbGlwYm9hcmQtd3JpdGUlM0IlMjBlbmNyeXB0ZWQtbWVkaWElM0IlMjBneXJvc2NvcGUlM0IlMjBwaWN0dXJlLWluLXBpY3R1cmUlM0IlMjB3ZWItc2hhcmUlMjIlMjByZWZlcnJlcnBvbGljeSUzRCUyMnN0cmljdC1vcmlnaW4td2hlbi1jcm9zcy1vcmlnaW4lMjIlMjBhbGxvd2Z1bGxzY3JlZW4lM0UlM0MlMkZpZnJhbWUlM0UlMEElM0MlMkZkaXYlM0U=[\/vc_raw_html][\/vc_column][\/vc_row][vc_row equal_height=&#8221;yes&#8221; content_placement=&#8221;middle&#8221; top_padding=&#8221;40&#8243;][vc_column][vc_empty_space height=&#8221;30px&#8221;][vc_column_text]<\/p>\n<h2 class=\"LEMONDE\"><span style=\"color: #009ddf;\"><b>Entre tradition et innovation : l\u2019usinage et la fabrication additive au service de la lunetterie<\/b><\/span><\/h2>\n<p class=\"LEMONDE\">Au c\u0153ur du Haut-Jura, \u00e0 Morbier, la manufacture de lunetterie Thierry perp\u00e9tue un savoir-faire ancestral tout en int\u00e9grant les derni\u00e8res technologies de fabrication. Sp\u00e9cialis\u00e9e dans la production de montures haut de gamme, cette entreprise familiale conjugue aujourd\u2019hui l\u2019usinage traditionnel et la fabrication additive, une transformation rendue possible gr\u00e2ce \u00e0 son partenariat avec le groupe HRT*.<\/p>\n<h2 class=\"LEMONDE\"><span style=\"color: #009ddf;\"><b>Une collaboration strat\u00e9gique pour innover<\/b><\/span><\/h2>\n<p class=\"LEMONDE\">Depuis 2020, la manufacture Thierry travaille en \u00e9troite collaboration avec le groupe HRT pour d\u00e9velopper de nouvelles m\u00e9thodes de production. \u00ab Nous avons toujours \u00e9t\u00e9 en veille technologique pour rester comp\u00e9titifs. Ce partenariat nous a permis d\u2019investir dans nos premi\u00e8res machines d\u2019usinage CNC, notamment des Robodrill Fanuc, qui ont grandement am\u00e9lior\u00e9 notre cha\u00eene de production \u00bb, explique Hubert Gagea, programmeur CN.<\/p>\n<p class=\"LEMONDE\">Encourag\u00e9e par ces premiers succ\u00e8s, l\u2019entreprise familiale que dirige Mathieu Thierry a poursuivi ses investissements et dispose aujourd\u2019hui d\u2019une dizaine de machines. Cette modernisation a r\u00e9volutionn\u00e9 le processus de fabrication, optimisant les d\u00e9lais et la pr\u00e9cision des pi\u00e8ces usin\u00e9es.<\/p>\n<h2 class=\"LEMONDE\"><span style=\"color: #009ddf;\"><b>L\u2019impression 3D au service de la r\u00e9activit\u00e9<\/b><\/span><\/h2>\n<p class=\"LEMONDE\">Au-del\u00e0 de l\u2019usinage, le sp\u00e9cialiste des montures a \u00e9galement mis\u00e9 sur la fabrication additive pour renforcer sa capacit\u00e9 d\u2019innovation. \u00ab L\u2019impression 3D nous permet d\u2019\u00eatre r\u00e9actifs et flexibles. Nous l\u2019utilisons pour trois domaines cl\u00e9s : le prototypage, la production de pi\u00e8ces et l\u2019outillage \u00bb, pr\u00e9cise Antonin Blardone, m\u00e9thodiste.<\/p>\n<p class=\"LEMONDE\">Dans le cadre du prototypage, cette technologie permet de concevoir des mod\u00e8les rapidement et de les envoyer aux clients pour valider les designs. La production, quant \u00e0 elle, concerne principalement de petits \u00e9l\u00e9ments de protection destin\u00e9s aux faces principales des montures. Enfin, l\u2019outillage imprim\u00e9 en 3D permet de r\u00e9duire les co\u00fbts et d\u2019acc\u00e9l\u00e9rer les d\u00e9lais en limitant le recours \u00e0 la sous-traitance.<\/p>\n<h2 class=\"LEMONDE\"><span style=\"color: #009ddf;\"><b>Une strat\u00e9gie d\u2019avenir<\/b><\/span><\/h2>\n<p class=\"LEMONDE\">L\u2019entreprise ne compte pas s\u2019arr\u00eater en si bon chemin et envisage d\u2019explorer d\u2019autres pistes d\u2019innovation. \u00ab Nous travaillons sur de nouveaux projets int\u00e9grant toujours plus la fabrication additive, mais avec des technologies diff\u00e9rentes du FDM, ainsi que sur l\u2019usinage et la robotique \u00bb, confie Mathieu Nayard, responsable du bureau d\u2019\u00e9tudes.<\/p>\n<p class=\"LEMONDE\">Dans un secteur o\u00f9 l\u2019excellence et la personnalisation sont essentielles, la manufacture de lunetterie Thierry illustre parfaitement comment l\u2019alliance entre tradition et innovation permet de repousser les limites de la production. Une strat\u00e9gie gagnante qui assure \u00e0 cette entreprise jurassienne un avenir prometteur.<\/p>\n<p class=\"LEMONDE\">*Halbronn Repmo Techni-CN x Tronchet Machines-Outils<\/p>\n<p>[\/vc_column_text][vc_btn title=&#8221;Retour aux REPORTAGES&#8221; style=&#8221;custom&#8221; custom_background=&#8221;#009ddf&#8221; custom_text=&#8221;#ffffff&#8221; shape=&#8221;round&#8221; i_icon_fontawesome=&#8221;fas fa-arrow-left&#8221; add_icon=&#8221;true&#8221; link=&#8221;url:https%3A%2F%2Fwww.machinesproduction.fr%2Ftv%2Fles-reportages%2F&#8221;][\/vc_column][\/vc_row]<\/p>\n<\/section>","protected":false},"excerpt":{"rendered":"<p>[vc_row equal_height=&#8221;yes&#8221; content_placement=&#8221;middle&#8221;][vc_column][vc_row_inner equal_height=&#8221;yes&#8221; content_placement=&#8221;middle&#8221;][vc_column_inner centered_cont_vertical=&#8221;true&#8221;][vc_column_text] Usinage et Impression 3D : deux technologies compl\u00e9mentaires GROUPE HRT \/ MANUFACTURE THIERRY [\/vc_column_text][\/vc_column_inner][\/vc_row_inner][\/vc_column][\/vc_row][vc_row full_width=&#8221;stretch_row_content_no_spaces&#8221; top_padding=&#8221;50&#8243;][vc_column offset=&#8221;vc_col-xs-12&#8243;][vc_raw_html]JTNDc3R5bGUlM0UlMEEudmlkZW8tY29udGFpbmVyJTIwJTdCJTBBJTIwJTIwJTIwJTIwcG9zaXRpb24lM0ElMjByZWxhdGl2ZSUzQiUwQSUyMCUyMCUyMCUyMHBhZGRpbmctYm90dG9tJTNBJTIwNTYuMjUlMjUlM0IlMjAlMkYlMkElMjBSYXRpbyUyMDE2JTNBOSUyMCUyOGhhdXRldXIlMkZsYXJnZXVyJTIwJTNEJTIwOSUyRjE2JTIwJTNEJTIwNTYuMjUlMjUlMjklMjAlMkElMkYlMEElMjAlMjAlMjAlMjBoZWlnaHQlM0ElMjAwJTNCJTBBJTIwJTIwJTIwJTIwb3ZlcmZsb3clM0ElMjBoaWRkZW4lM0IlMEElMjAlMjAlMjAlMjBtYXgtd2lkdGglM0ElMjAxMDAlMjUlM0IlMEElMjAlMjAlMjAlMjBiYWNrZ3JvdW5kLWNvbG9yJTNBJTIwJTIzMDAwJTNCJTBBJTdEJTBBJTBBLnZpZGVvLWNvbnRhaW5lciUyMGlmcmFtZSUyMCU3QiUwQSUyMCUyMCUyMCUyMHBvc2l0aW9uJTNBJTIwYWJzb2x1dGUlM0IlMEElMjAlMjAlMjAlMjB0b3AlM0ElMjAwJTNCJTBBJTIwJTIwJTIwJTIwbGVmdCUzQSUyMDAlM0IlMEElMjAlMjAlMjAlMjB3aWR0aCUzQSUyMDEwMCUyNSUzQiUwQSUyMCUyMCUyMCUyMGhlaWdodCUzQSUyMDEwMCUyNSUzQiUwQSU3RCUwQSUzQyUyRnN0eWxlJTNFJTBBJTBBJTNDZGl2JTIwY2xhc3MlM0QlMjJ2aWRlby1jb250YWluZXIlMjIlM0UlMEElM0NpZnJhbWUlMjB3aWR0aCUzRCUyMjU2MCUyMiUyMGhlaWdodCUzRCUyMjMxNSUyMiUyMHNyYyUzRCUyMmh0dHBzJTNBJTJGJTJGd3d3LnlvdXR1YmUuY29tJTJGZW1iZWQlMkZ1dUFMVXJWQklBcyUzRnNpJTNETDNiUXNUTXQ4RDZIcGlpQyUyMiUyMHRpdGxlJTNEJTIyWW91VHViZSUyMHZpZGVvJTIwcGxheWVyJTIyJTIwZnJhbWVib3JkZXIlM0QlMjIwJTIyJTIwYWxsb3clM0QlMjJhY2NlbGVyb21ldGVyJTNCJTIwYXV0b3BsYXklM0IlMjBjbGlwYm9hcmQtd3JpdGUlM0IlMjBlbmNyeXB0ZWQtbWVkaWElM0IlMjBneXJvc2NvcGUlM0IlMjBwaWN0dXJlLWluLXBpY3R1cmUlM0IlMjB3ZWItc2hhcmUlMjIlMjByZWZlcnJlcnBvbGljeSUzRCUyMnN0cmljdC1vcmlnaW4td2hlbi1jcm9zcy1vcmlnaW4lMjIlMjBhbGxvd2Z1bGxzY3JlZW4lM0UlM0MlMkZpZnJhbWUlM0UlMEElM0MlMkZkaXYlM0U=[\/vc_raw_html][\/vc_column][\/vc_row][vc_row equal_height=&#8221;yes&#8221; content_placement=&#8221;middle&#8221; top_padding=&#8221;40&#8243;][vc_column][vc_empty_space height=&#8221;30px&#8221;][vc_column_text] Entre tradition et innovation : l\u2019usinage et la fabrication additive au service de la lunetterie Au c\u0153ur du Haut-Jura, \u00e0 Morbier, la manufacture de lunetterie Thierry perp\u00e9tue un [&hellip;]<\/p>\n","protected":false},"author":3,"featured_media":2416,"parent":0,"menu_order":0,"comment_status":"closed","ping_status":"closed","template":"","meta":{"_monsterinsights_skip_tracking":false,"_monsterinsights_sitenote_active":false,"_monsterinsights_sitenote_note":"","_monsterinsights_sitenote_category":0,"footnotes":""},"wf_page_folders":[12],"class_list":["post-2412","page","type-page","status-publish","has-post-thumbnail","hentry"],"yoast_head":"<!-- This site is optimized with the Yoast SEO plugin v27.1.1 - https:\/\/yoast.com\/product\/yoast-seo-wordpress\/ -->\n<title>Usinage et Impression 3D : technologies compl\u00e9mentaires | Manufacture Thierry &amp; Groupe HRT<\/title>\n<meta name=\"description\" content=\"D\u00e9couvrez comment la manufacture Thierry, en partenariat avec le groupe HRT, allie usinage traditionnel et impression 3D pour innover dans la fabrication de montures haut de gamme. Une alliance entre tradition et modernit\u00e9 au c\u0153ur du Haut-Jura.\" \/>\n<meta name=\"robots\" content=\"index, follow, max-snippet:-1, max-image-preview:large, max-video-preview:-1\" \/>\n<link rel=\"canonical\" href=\"https:\/\/www.machinesproduction.fr\/tv\/reportage-40-hrt-manufacture-thierry\/\" \/>\n<meta property=\"og:locale\" content=\"fr_FR\" \/>\n<meta property=\"og:type\" content=\"article\" \/>\n<meta property=\"og:title\" content=\"Usinage et Impression 3D : technologies compl\u00e9mentaires | Manufacture Thierry &amp; Groupe HRT\" \/>\n<meta property=\"og:description\" content=\"D\u00e9couvrez comment la manufacture Thierry, en partenariat avec le groupe HRT, allie usinage traditionnel et impression 3D pour innover dans la fabrication de montures haut de gamme. Une alliance entre tradition et modernit\u00e9 au c\u0153ur du Haut-Jura.\" \/>\n<meta property=\"og:url\" content=\"https:\/\/www.machinesproduction.fr\/tv\/reportage-40-hrt-manufacture-thierry\/\" \/>\n<meta property=\"og:site_name\" content=\"Machines Production TV\" \/>\n<meta property=\"article:modified_time\" content=\"2025-02-19T07:52:39+00:00\" \/>\n<meta property=\"og:image\" content=\"https:\/\/www.machinesproduction.fr\/tv\/wp-content\/uploads\/2025\/02\/Reportage-groupeHTR-rectangle-1.png\" \/>\n\t<meta property=\"og:image:width\" content=\"1280\" \/>\n\t<meta property=\"og:image:height\" content=\"720\" \/>\n\t<meta property=\"og:image:type\" content=\"image\/png\" \/>\n<meta name=\"twitter:card\" content=\"summary_large_image\" \/>\n<meta name=\"twitter:title\" content=\"Usinage et Impression 3D : technologies compl\u00e9mentaires | Manufacture Thierry &amp; Groupe HRT\" \/>\n<meta name=\"twitter:description\" content=\"D\u00e9couvrez comment la manufacture Thierry, en partenariat avec le groupe HRT, allie usinage traditionnel et impression 3D pour innover dans la fabrication de montures haut de gamme. Une alliance entre tradition et modernit\u00e9 au c\u0153ur du Haut-Jura.\" \/>\n<meta name=\"twitter:image\" content=\"https:\/\/www.machinesproduction.fr\/tv\/wp-content\/uploads\/2025\/02\/Reportage-groupeHTR-rectangle-1.png\" \/>\n<meta name=\"twitter:label1\" content=\"Dur\u00e9e de lecture estim\u00e9e\" \/>\n\t<meta name=\"twitter:data1\" content=\"1 minute\" \/>\n<script type=\"application\/ld+json\" class=\"yoast-schema-graph\">{\"@context\":\"https:\/\/schema.org\",\"@graph\":[{\"@type\":\"WebPage\",\"@id\":\"https:\/\/www.machinesproduction.fr\/tv\/reportage-40-hrt-manufacture-thierry\/\",\"url\":\"https:\/\/www.machinesproduction.fr\/tv\/reportage-40-hrt-manufacture-thierry\/\",\"name\":\"Usinage et Impression 3D : technologies compl\u00e9mentaires | Manufacture Thierry & Groupe HRT\",\"isPartOf\":{\"@id\":\"https:\/\/www.machinesproduction.fr\/tv\/#website\"},\"primaryImageOfPage\":{\"@id\":\"https:\/\/www.machinesproduction.fr\/tv\/reportage-40-hrt-manufacture-thierry\/#primaryimage\"},\"image\":{\"@id\":\"https:\/\/www.machinesproduction.fr\/tv\/reportage-40-hrt-manufacture-thierry\/#primaryimage\"},\"thumbnailUrl\":\"https:\/\/www.machinesproduction.fr\/tv\/wp-content\/uploads\/2025\/02\/IMG_1775.jpg\",\"datePublished\":\"2025-02-18T19:31:31+00:00\",\"dateModified\":\"2025-02-19T07:52:39+00:00\",\"description\":\"D\u00e9couvrez comment la manufacture Thierry, en partenariat avec le groupe HRT, allie usinage traditionnel et impression 3D pour innover dans la fabrication de montures haut de gamme. Une alliance entre tradition et modernit\u00e9 au c\u0153ur du Haut-Jura.\",\"breadcrumb\":{\"@id\":\"https:\/\/www.machinesproduction.fr\/tv\/reportage-40-hrt-manufacture-thierry\/#breadcrumb\"},\"inLanguage\":\"fr-FR\",\"potentialAction\":[{\"@type\":\"ReadAction\",\"target\":[\"https:\/\/www.machinesproduction.fr\/tv\/reportage-40-hrt-manufacture-thierry\/\"]}]},{\"@type\":\"ImageObject\",\"inLanguage\":\"fr-FR\",\"@id\":\"https:\/\/www.machinesproduction.fr\/tv\/reportage-40-hrt-manufacture-thierry\/#primaryimage\",\"url\":\"https:\/\/www.machinesproduction.fr\/tv\/wp-content\/uploads\/2025\/02\/IMG_1775.jpg\",\"contentUrl\":\"https:\/\/www.machinesproduction.fr\/tv\/wp-content\/uploads\/2025\/02\/IMG_1775.jpg\",\"width\":1080,\"height\":1080},{\"@type\":\"BreadcrumbList\",\"@id\":\"https:\/\/www.machinesproduction.fr\/tv\/reportage-40-hrt-manufacture-thierry\/#breadcrumb\",\"itemListElement\":[{\"@type\":\"ListItem\",\"position\":1,\"name\":\"Home\",\"item\":\"https:\/\/www.machinesproduction.fr\/tv\/\"},{\"@type\":\"ListItem\",\"position\":2,\"name\":\"Reportage 40 &#8211; HRT \/ Manufacture Thierry\"}]},{\"@type\":\"WebSite\",\"@id\":\"https:\/\/www.machinesproduction.fr\/tv\/#website\",\"url\":\"https:\/\/www.machinesproduction.fr\/tv\/\",\"name\":\"Machines Production TV\",\"description\":\"\",\"potentialAction\":[{\"@type\":\"SearchAction\",\"target\":{\"@type\":\"EntryPoint\",\"urlTemplate\":\"https:\/\/www.machinesproduction.fr\/tv\/?s={search_term_string}\"},\"query-input\":{\"@type\":\"PropertyValueSpecification\",\"valueRequired\":true,\"valueName\":\"search_term_string\"}}],\"inLanguage\":\"fr-FR\"}]}<\/script>\n<!-- \/ Yoast SEO plugin. -->","yoast_head_json":{"title":"Usinage et Impression 3D : technologies compl\u00e9mentaires | Manufacture Thierry & Groupe HRT","description":"D\u00e9couvrez comment la manufacture Thierry, en partenariat avec le groupe HRT, allie usinage traditionnel et impression 3D pour innover dans la fabrication de montures haut de gamme. Une alliance entre tradition et modernit\u00e9 au c\u0153ur du Haut-Jura.","robots":{"index":"index","follow":"follow","max-snippet":"max-snippet:-1","max-image-preview":"max-image-preview:large","max-video-preview":"max-video-preview:-1"},"canonical":"https:\/\/www.machinesproduction.fr\/tv\/reportage-40-hrt-manufacture-thierry\/","og_locale":"fr_FR","og_type":"article","og_title":"Usinage et Impression 3D : technologies compl\u00e9mentaires | Manufacture Thierry & Groupe HRT","og_description":"D\u00e9couvrez comment la manufacture Thierry, en partenariat avec le groupe HRT, allie usinage traditionnel et impression 3D pour innover dans la fabrication de montures haut de gamme. Une alliance entre tradition et modernit\u00e9 au c\u0153ur du Haut-Jura.","og_url":"https:\/\/www.machinesproduction.fr\/tv\/reportage-40-hrt-manufacture-thierry\/","og_site_name":"Machines Production TV","article_modified_time":"2025-02-19T07:52:39+00:00","og_image":[{"width":1280,"height":720,"url":"https:\/\/www.machinesproduction.fr\/tv\/wp-content\/uploads\/2025\/02\/Reportage-groupeHTR-rectangle-1.png","type":"image\/png"}],"twitter_card":"summary_large_image","twitter_title":"Usinage et Impression 3D : technologies compl\u00e9mentaires | Manufacture Thierry & Groupe HRT","twitter_description":"D\u00e9couvrez comment la manufacture Thierry, en partenariat avec le groupe HRT, allie usinage traditionnel et impression 3D pour innover dans la fabrication de montures haut de gamme. Une alliance entre tradition et modernit\u00e9 au c\u0153ur du Haut-Jura.","twitter_image":"https:\/\/www.machinesproduction.fr\/tv\/wp-content\/uploads\/2025\/02\/Reportage-groupeHTR-rectangle-1.png","twitter_misc":{"Dur\u00e9e de lecture estim\u00e9e":"1 minute"},"schema":{"@context":"https:\/\/schema.org","@graph":[{"@type":"WebPage","@id":"https:\/\/www.machinesproduction.fr\/tv\/reportage-40-hrt-manufacture-thierry\/","url":"https:\/\/www.machinesproduction.fr\/tv\/reportage-40-hrt-manufacture-thierry\/","name":"Usinage et Impression 3D : technologies compl\u00e9mentaires | Manufacture Thierry & Groupe HRT","isPartOf":{"@id":"https:\/\/www.machinesproduction.fr\/tv\/#website"},"primaryImageOfPage":{"@id":"https:\/\/www.machinesproduction.fr\/tv\/reportage-40-hrt-manufacture-thierry\/#primaryimage"},"image":{"@id":"https:\/\/www.machinesproduction.fr\/tv\/reportage-40-hrt-manufacture-thierry\/#primaryimage"},"thumbnailUrl":"https:\/\/www.machinesproduction.fr\/tv\/wp-content\/uploads\/2025\/02\/IMG_1775.jpg","datePublished":"2025-02-18T19:31:31+00:00","dateModified":"2025-02-19T07:52:39+00:00","description":"D\u00e9couvrez comment la manufacture Thierry, en partenariat avec le groupe HRT, allie usinage traditionnel et impression 3D pour innover dans la fabrication de montures haut de gamme. Une alliance entre tradition et modernit\u00e9 au c\u0153ur du Haut-Jura.","breadcrumb":{"@id":"https:\/\/www.machinesproduction.fr\/tv\/reportage-40-hrt-manufacture-thierry\/#breadcrumb"},"inLanguage":"fr-FR","potentialAction":[{"@type":"ReadAction","target":["https:\/\/www.machinesproduction.fr\/tv\/reportage-40-hrt-manufacture-thierry\/"]}]},{"@type":"ImageObject","inLanguage":"fr-FR","@id":"https:\/\/www.machinesproduction.fr\/tv\/reportage-40-hrt-manufacture-thierry\/#primaryimage","url":"https:\/\/www.machinesproduction.fr\/tv\/wp-content\/uploads\/2025\/02\/IMG_1775.jpg","contentUrl":"https:\/\/www.machinesproduction.fr\/tv\/wp-content\/uploads\/2025\/02\/IMG_1775.jpg","width":1080,"height":1080},{"@type":"BreadcrumbList","@id":"https:\/\/www.machinesproduction.fr\/tv\/reportage-40-hrt-manufacture-thierry\/#breadcrumb","itemListElement":[{"@type":"ListItem","position":1,"name":"Home","item":"https:\/\/www.machinesproduction.fr\/tv\/"},{"@type":"ListItem","position":2,"name":"Reportage 40 &#8211; HRT \/ Manufacture Thierry"}]},{"@type":"WebSite","@id":"https:\/\/www.machinesproduction.fr\/tv\/#website","url":"https:\/\/www.machinesproduction.fr\/tv\/","name":"Machines Production TV","description":"","potentialAction":[{"@type":"SearchAction","target":{"@type":"EntryPoint","urlTemplate":"https:\/\/www.machinesproduction.fr\/tv\/?s={search_term_string}"},"query-input":{"@type":"PropertyValueSpecification","valueRequired":true,"valueName":"search_term_string"}}],"inLanguage":"fr-FR"}]}},"_links":{"self":[{"href":"https:\/\/www.machinesproduction.fr\/tv\/wp-json\/wp\/v2\/pages\/2412","targetHints":{"allow":["GET"]}}],"collection":[{"href":"https:\/\/www.machinesproduction.fr\/tv\/wp-json\/wp\/v2\/pages"}],"about":[{"href":"https:\/\/www.machinesproduction.fr\/tv\/wp-json\/wp\/v2\/types\/page"}],"author":[{"embeddable":true,"href":"https:\/\/www.machinesproduction.fr\/tv\/wp-json\/wp\/v2\/users\/3"}],"replies":[{"embeddable":true,"href":"https:\/\/www.machinesproduction.fr\/tv\/wp-json\/wp\/v2\/comments?post=2412"}],"version-history":[{"count":3,"href":"https:\/\/www.machinesproduction.fr\/tv\/wp-json\/wp\/v2\/pages\/2412\/revisions"}],"predecessor-version":[{"id":2415,"href":"https:\/\/www.machinesproduction.fr\/tv\/wp-json\/wp\/v2\/pages\/2412\/revisions\/2415"}],"wp:featuredmedia":[{"embeddable":true,"href":"https:\/\/www.machinesproduction.fr\/tv\/wp-json\/wp\/v2\/media\/2416"}],"wp:attachment":[{"href":"https:\/\/www.machinesproduction.fr\/tv\/wp-json\/wp\/v2\/media?parent=2412"}],"wp:term":[{"taxonomy":"wf_page_folders","embeddable":true,"href":"https:\/\/www.machinesproduction.fr\/tv\/wp-json\/wp\/v2\/wf_page_folders?post=2412"}],"curies":[{"name":"wp","href":"https:\/\/api.w.org\/{rel}","templated":true}]}}