{"id":2398,"date":"2025-02-04T18:05:45","date_gmt":"2025-02-04T17:05:45","guid":{"rendered":"https:\/\/www.machinesproduction.fr\/tv\/?page_id=2398"},"modified":"2026-02-16T20:33:43","modified_gmt":"2026-02-16T19:33:43","slug":"gabin-thomann-la-fabrique-academie-de-mecanique","status":"publish","type":"page","link":"https:\/\/www.machinesproduction.fr\/tv\/gabin-thomann-la-fabrique-academie-de-mecanique\/","title":{"rendered":"Gabin Thomann, La fabrique Acad\u00e9mie de M\u00e9canique"},"content":{"rendered":"<section class=\"wpb-content-wrapper\"><p>[vc_row equal_height=&#8221;yes&#8221; content_placement=&#8221;middle&#8221;][vc_column][vc_row_inner equal_height=&#8221;yes&#8221; content_placement=&#8221;middle&#8221;][vc_column_inner centered_cont_vertical=&#8221;true&#8221;][vc_column_text]<\/p>\n<div class=\"wpb_text_column wpb_content_element \">\n<div class=\"wpb_wrapper\">\n<h3><span style=\"color: #ffffff;\">Reportage r\u00e9alis\u00e9 dans le cadre de notre s\u00e9rie<\/span>\u00a0<span style=\"color: #009ddf;\">\u201cNos Jeunes ont du Talent\u201d<\/span><\/h3>\n<\/div>\n<\/div>\n<div class=\"wpb_video_widget wpb_content_element vc_clearfix vc_video-aspect-ratio-169 vc_video-el-width-100 vc_video-align-left\">\n<div class=\"wpb_wrapper\"><\/div>\n<\/div>\n<p>[\/vc_column_text][\/vc_column_inner][\/vc_row_inner][\/vc_column][\/vc_row][vc_row full_width=&#8221;stretch_row_content_no_spaces&#8221; top_padding=&#8221;50&#8243;][vc_column offset=&#8221;vc_col-xs-12&#8243;][vc_raw_html]JTNDZGl2JTIwY2xhc3MlM0QlMjJyZXNwb25zaXZlLXZpZGVvJTIyJTNFJTBBJTNDaWZyYW1lJTIwd2lkdGglM0QlMjI2OTMlMjIlMjBoZWlnaHQlM0QlMjIxMjMyJTIyJTIwc3JjJTNEJTIyaHR0cHMlM0ElMkYlMkZ3d3cueW91dHViZS5jb20lMkZlbWJlZCUyRkNaanNWTXhnM1dZJTIyJTIwdGl0bGUlM0QlMjIlRjAlOUQlOTclOUElRjAlOUQlOTclQUUlRjAlOUQlOTclQUYlRjAlOUQlOTclQjYlRjAlOUQlOTclQkIlMkMlMjAlRjAlOUQlOUYlQUQlRjAlOUQlOUYlQjElMjAlRjAlOUQlOTclQUUlRjAlOUQlOTclQkIlRjAlOUQlOTglODAlMkMlMjAlRjAlOUQlOTclQjMlRjAlOUQlOTclQkMlRjAlOUQlOTclQkYlRjAlOUQlOTclQjQlRjAlOUQlOTclQjIlMjAlRjAlOUQlOTglODAlRjAlOUQlOTclQkMlRjAlOUQlOTclQkIlMjAlRjAlOUQlOTclQUUlRjAlOUQlOTglODMlRjAlOUQlOTclQjIlRjAlOUQlOTclQkIlRjAlOUQlOTclQjYlRjAlOUQlOTclQkYlMjAlRjAlOUQlOTclQjElRjAlOUQlOTclQUUlRjAlOUQlOTclQkIlRjAlOUQlOTglODAlMjAlRjAlOUQlOTclQjklRTIlODAlOTklRjAlOUQlOTglODIlRjAlOUQlOTglODAlRjAlOUQlOTclQjYlRjAlOUQlOTclQkIlRjAlOUQlOTclQUUlRjAlOUQlOTclQjQlRjAlOUQlOTclQjIlMjIlMjBmcmFtZWJvcmRlciUzRCUyMjAlMjIlMjBhbGxvdyUzRCUyMmFjY2VsZXJvbWV0ZXIlM0IlMjBhdXRvcGxheSUzQiUyMGNsaXBib2FyZC13cml0ZSUzQiUyMGVuY3J5cHRlZC1tZWRpYSUzQiUyMGd5cm9zY29wZSUzQiUyMHBpY3R1cmUtaW4tcGljdHVyZSUzQiUyMHdlYi1zaGFyZSUyMiUyMHJlZmVycmVycG9saWN5JTNEJTIyc3RyaWN0LW9yaWdpbi13aGVuLWNyb3NzLW9yaWdpbiUyMiUyMGFsbG93ZnVsbHNjcmVlbiUzRSUzQyUyRmlmcmFtZSUzRSUwQSUzQyUyRmRpdiUzRQ==[\/vc_raw_html][\/vc_column][\/vc_row][vc_row equal_height=&#8221;yes&#8221; content_placement=&#8221;middle&#8221; top_padding=&#8221;40&#8243;][vc_column][vc_empty_space height=&#8221;30px&#8221;][vc_btn title=&#8221;Retour aux REPORTAGES&#8221; style=&#8221;custom&#8221; custom_background=&#8221;#009ddf&#8221; custom_text=&#8221;#ffffff&#8221; shape=&#8221;round&#8221; i_icon_fontawesome=&#8221;fas fa-arrow-left&#8221; add_icon=&#8221;true&#8221; link=&#8221;url:https%3A%2F%2Fwww.machinesproduction.fr%2Ftv%2Fles-reportages%2F&#8221;][\/vc_column][\/vc_row]<\/p>\n<\/section>","protected":false},"excerpt":{"rendered":"<p>[vc_row equal_height=&#8221;yes&#8221; content_placement=&#8221;middle&#8221;][vc_column][vc_row_inner equal_height=&#8221;yes&#8221; content_placement=&#8221;middle&#8221;][vc_column_inner centered_cont_vertical=&#8221;true&#8221;][vc_column_text] Reportage r\u00e9alis\u00e9 dans le cadre de notre s\u00e9rie\u00a0\u201cNos Jeunes ont du Talent\u201d [\/vc_column_text][\/vc_column_inner][\/vc_row_inner][\/vc_column][\/vc_row][vc_row full_width=&#8221;stretch_row_content_no_spaces&#8221; top_padding=&#8221;50&#8243;][vc_column offset=&#8221;vc_col-xs-12&#8243;][vc_raw_html]JTNDZGl2JTIwY2xhc3MlM0QlMjJyZXNwb25zaXZlLXZpZGVvJTIyJTNFJTBBJTNDaWZyYW1lJTIwd2lkdGglM0QlMjI2OTMlMjIlMjBoZWlnaHQlM0QlMjIxMjMyJTIyJTIwc3JjJTNEJTIyaHR0cHMlM0ElMkYlMkZ3d3cueW91dHViZS5jb20lMkZlbWJlZCUyRkNaanNWTXhnM1dZJTIyJTIwdGl0bGUlM0QlMjIlRjAlOUQlOTclOUElRjAlOUQlOTclQUUlRjAlOUQlOTclQUYlRjAlOUQlOTclQjYlRjAlOUQlOTclQkIlMkMlMjAlRjAlOUQlOUYlQUQlRjAlOUQlOUYlQjElMjAlRjAlOUQlOTclQUUlRjAlOUQlOTclQkIlRjAlOUQlOTglODAlMkMlMjAlRjAlOUQlOTclQjMlRjAlOUQlOTclQkMlRjAlOUQlOTclQkYlRjAlOUQlOTclQjQlRjAlOUQlOTclQjIlMjAlRjAlOUQlOTglODAlRjAlOUQlOTclQkMlRjAlOUQlOTclQkIlMjAlRjAlOUQlOTclQUUlRjAlOUQlOTglODMlRjAlOUQlOTclQjIlRjAlOUQlOTclQkIlRjAlOUQlOTclQjYlRjAlOUQlOTclQkYlMjAlRjAlOUQlOTclQjElRjAlOUQlOTclQUUlRjAlOUQlOTclQkIlRjAlOUQlOTglODAlMjAlRjAlOUQlOTclQjklRTIlODAlOTklRjAlOUQlOTglODIlRjAlOUQlOTglODAlRjAlOUQlOTclQjYlRjAlOUQlOTclQkIlRjAlOUQlOTclQUUlRjAlOUQlOTclQjQlRjAlOUQlOTclQjIlMjIlMjBmcmFtZWJvcmRlciUzRCUyMjAlMjIlMjBhbGxvdyUzRCUyMmFjY2VsZXJvbWV0ZXIlM0IlMjBhdXRvcGxheSUzQiUyMGNsaXBib2FyZC13cml0ZSUzQiUyMGVuY3J5cHRlZC1tZWRpYSUzQiUyMGd5cm9zY29wZSUzQiUyMHBpY3R1cmUtaW4tcGljdHVyZSUzQiUyMHdlYi1zaGFyZSUyMiUyMHJlZmVycmVycG9saWN5JTNEJTIyc3RyaWN0LW9yaWdpbi13aGVuLWNyb3NzLW9yaWdpbiUyMiUyMGFsbG93ZnVsbHNjcmVlbiUzRSUzQyUyRmlmcmFtZSUzRSUwQSUzQyUyRmRpdiUzRQ==[\/vc_raw_html][\/vc_column][\/vc_row][vc_row equal_height=&#8221;yes&#8221; content_placement=&#8221;middle&#8221; top_padding=&#8221;40&#8243;][vc_column][vc_empty_space height=&#8221;30px&#8221;][vc_btn title=&#8221;Retour aux REPORTAGES&#8221; style=&#8221;custom&#8221; custom_background=&#8221;#009ddf&#8221; custom_text=&#8221;#ffffff&#8221; shape=&#8221;round&#8221; i_icon_fontawesome=&#8221;fas fa-arrow-left&#8221; add_icon=&#8221;true&#8221; link=&#8221;url:https%3A%2F%2Fwww.machinesproduction.fr%2Ftv%2Fles-reportages%2F&#8221;][\/vc_column][\/vc_row]<\/p>\n","protected":false},"author":3,"featured_media":2400,"parent":0,"menu_order":0,"comment_status":"closed","ping_status":"closed","template":"","meta":{"_monsterinsights_skip_tracking":false,"_monsterinsights_sitenote_active":false,"_monsterinsights_sitenote_note":"","_monsterinsights_sitenote_category":0,"footnotes":""},"wf_page_folders":[35],"class_list":["post-2398","page","type-page","status-publish","has-post-thumbnail","hentry"],"yoast_head":"<!-- This site is optimized with the Yoast SEO plugin v27.1.1 - https:\/\/yoast.com\/product\/yoast-seo-wordpress\/ -->\n<title>Portrait de Gabin Thomann, La fabrique Acad\u00e9mie de M\u00e9canique<\/title>\n<meta name=\"description\" content=\"Nos Jeunes ont du talent ! D\u00e9couvrez le parcours de Gabin Thomann, \u00e9l\u00e8ve en CAP de tournage, fraisage et ajusteur\" \/>\n<meta name=\"robots\" content=\"index, follow, max-snippet:-1, max-image-preview:large, max-video-preview:-1\" \/>\n<link rel=\"canonical\" href=\"https:\/\/www.machinesproduction.fr\/tv\/gabin-thomann-la-fabrique-academie-de-mecanique\/\" \/>\n<meta property=\"og:locale\" content=\"fr_FR\" \/>\n<meta property=\"og:type\" content=\"article\" \/>\n<meta property=\"og:title\" content=\"Portrait de Gabin Thomann, La fabrique Acad\u00e9mie de M\u00e9canique\" \/>\n<meta property=\"og:description\" content=\"Nos Jeunes ont du talent ! D\u00e9couvrez le parcours de Gabin Thomann, \u00e9l\u00e8ve en CAP de tournage, fraisage et ajusteur\" \/>\n<meta property=\"og:url\" content=\"https:\/\/www.machinesproduction.fr\/tv\/gabin-thomann-la-fabrique-academie-de-mecanique\/\" \/>\n<meta property=\"og:site_name\" content=\"Machines Production TV\" \/>\n<meta property=\"article:modified_time\" content=\"2026-02-16T19:33:43+00:00\" \/>\n<meta property=\"og:image\" content=\"https:\/\/www.machinesproduction.fr\/tv\/wp-content\/uploads\/2025\/02\/PortraitGABIN.png\" \/>\n\t<meta property=\"og:image:width\" content=\"1280\" \/>\n\t<meta property=\"og:image:height\" content=\"720\" \/>\n\t<meta property=\"og:image:type\" content=\"image\/png\" \/>\n<meta name=\"twitter:card\" content=\"summary_large_image\" \/>\n<meta name=\"twitter:title\" content=\"Portrait de Gabin Thomann, La fabrique Acad\u00e9mie de M\u00e9canique\" \/>\n<meta name=\"twitter:description\" content=\"Nos Jeunes ont du talent ! D\u00e9couvrez le parcours de Gabin Thomann, \u00e9l\u00e8ve en CAP de tournage, fraisage et ajusteur\" \/>\n<meta name=\"twitter:image\" content=\"https:\/\/www.machinesproduction.fr\/tv\/wp-content\/uploads\/2025\/02\/PortraitGABIN.png\" \/>\n<meta name=\"twitter:label1\" content=\"Dur\u00e9e de lecture estim\u00e9e\" \/>\n\t<meta name=\"twitter:data1\" content=\"1 minute\" \/>\n<script type=\"application\/ld+json\" class=\"yoast-schema-graph\">{\"@context\":\"https:\/\/schema.org\",\"@graph\":[{\"@type\":\"WebPage\",\"@id\":\"https:\/\/www.machinesproduction.fr\/tv\/gabin-thomann-la-fabrique-academie-de-mecanique\/\",\"url\":\"https:\/\/www.machinesproduction.fr\/tv\/gabin-thomann-la-fabrique-academie-de-mecanique\/\",\"name\":\"Portrait de Gabin Thomann, La fabrique Acad\u00e9mie de M\u00e9canique\",\"isPartOf\":{\"@id\":\"https:\/\/www.machinesproduction.fr\/tv\/#website\"},\"primaryImageOfPage\":{\"@id\":\"https:\/\/www.machinesproduction.fr\/tv\/gabin-thomann-la-fabrique-academie-de-mecanique\/#primaryimage\"},\"image\":{\"@id\":\"https:\/\/www.machinesproduction.fr\/tv\/gabin-thomann-la-fabrique-academie-de-mecanique\/#primaryimage\"},\"thumbnailUrl\":\"https:\/\/www.machinesproduction.fr\/tv\/wp-content\/uploads\/2025\/02\/Portrait-GABIN-carre\u0301.png\",\"datePublished\":\"2025-02-04T17:05:45+00:00\",\"dateModified\":\"2026-02-16T19:33:43+00:00\",\"description\":\"Nos Jeunes ont du talent ! D\u00e9couvrez le parcours de Gabin Thomann, \u00e9l\u00e8ve en CAP de tournage, fraisage et ajusteur\",\"breadcrumb\":{\"@id\":\"https:\/\/www.machinesproduction.fr\/tv\/gabin-thomann-la-fabrique-academie-de-mecanique\/#breadcrumb\"},\"inLanguage\":\"fr-FR\",\"potentialAction\":[{\"@type\":\"ReadAction\",\"target\":[\"https:\/\/www.machinesproduction.fr\/tv\/gabin-thomann-la-fabrique-academie-de-mecanique\/\"]}]},{\"@type\":\"ImageObject\",\"inLanguage\":\"fr-FR\",\"@id\":\"https:\/\/www.machinesproduction.fr\/tv\/gabin-thomann-la-fabrique-academie-de-mecanique\/#primaryimage\",\"url\":\"https:\/\/www.machinesproduction.fr\/tv\/wp-content\/uploads\/2025\/02\/Portrait-GABIN-carre\u0301.png\",\"contentUrl\":\"https:\/\/www.machinesproduction.fr\/tv\/wp-content\/uploads\/2025\/02\/Portrait-GABIN-carre\u0301.png\",\"width\":1080,\"height\":1080},{\"@type\":\"BreadcrumbList\",\"@id\":\"https:\/\/www.machinesproduction.fr\/tv\/gabin-thomann-la-fabrique-academie-de-mecanique\/#breadcrumb\",\"itemListElement\":[{\"@type\":\"ListItem\",\"position\":1,\"name\":\"Home\",\"item\":\"https:\/\/www.machinesproduction.fr\/tv\/\"},{\"@type\":\"ListItem\",\"position\":2,\"name\":\"Gabin Thomann, La fabrique Acad\u00e9mie de M\u00e9canique\"}]},{\"@type\":\"WebSite\",\"@id\":\"https:\/\/www.machinesproduction.fr\/tv\/#website\",\"url\":\"https:\/\/www.machinesproduction.fr\/tv\/\",\"name\":\"Machines Production TV\",\"description\":\"\",\"potentialAction\":[{\"@type\":\"SearchAction\",\"target\":{\"@type\":\"EntryPoint\",\"urlTemplate\":\"https:\/\/www.machinesproduction.fr\/tv\/?s={search_term_string}\"},\"query-input\":{\"@type\":\"PropertyValueSpecification\",\"valueRequired\":true,\"valueName\":\"search_term_string\"}}],\"inLanguage\":\"fr-FR\"}]}<\/script>\n<!-- \/ Yoast SEO plugin. -->","yoast_head_json":{"title":"Portrait de Gabin Thomann, La fabrique Acad\u00e9mie de M\u00e9canique","description":"Nos Jeunes ont du talent ! D\u00e9couvrez le parcours de Gabin Thomann, \u00e9l\u00e8ve en CAP de tournage, fraisage et ajusteur","robots":{"index":"index","follow":"follow","max-snippet":"max-snippet:-1","max-image-preview":"max-image-preview:large","max-video-preview":"max-video-preview:-1"},"canonical":"https:\/\/www.machinesproduction.fr\/tv\/gabin-thomann-la-fabrique-academie-de-mecanique\/","og_locale":"fr_FR","og_type":"article","og_title":"Portrait de Gabin Thomann, La fabrique Acad\u00e9mie de M\u00e9canique","og_description":"Nos Jeunes ont du talent ! D\u00e9couvrez le parcours de Gabin Thomann, \u00e9l\u00e8ve en CAP de tournage, fraisage et ajusteur","og_url":"https:\/\/www.machinesproduction.fr\/tv\/gabin-thomann-la-fabrique-academie-de-mecanique\/","og_site_name":"Machines Production TV","article_modified_time":"2026-02-16T19:33:43+00:00","og_image":[{"width":1280,"height":720,"url":"https:\/\/www.machinesproduction.fr\/tv\/wp-content\/uploads\/2025\/02\/PortraitGABIN.png","type":"image\/png"}],"twitter_card":"summary_large_image","twitter_title":"Portrait de Gabin Thomann, La fabrique Acad\u00e9mie de M\u00e9canique","twitter_description":"Nos Jeunes ont du talent ! D\u00e9couvrez le parcours de Gabin Thomann, \u00e9l\u00e8ve en CAP de tournage, fraisage et ajusteur","twitter_image":"https:\/\/www.machinesproduction.fr\/tv\/wp-content\/uploads\/2025\/02\/PortraitGABIN.png","twitter_misc":{"Dur\u00e9e de lecture estim\u00e9e":"1 minute"},"schema":{"@context":"https:\/\/schema.org","@graph":[{"@type":"WebPage","@id":"https:\/\/www.machinesproduction.fr\/tv\/gabin-thomann-la-fabrique-academie-de-mecanique\/","url":"https:\/\/www.machinesproduction.fr\/tv\/gabin-thomann-la-fabrique-academie-de-mecanique\/","name":"Portrait de Gabin Thomann, La fabrique Acad\u00e9mie de M\u00e9canique","isPartOf":{"@id":"https:\/\/www.machinesproduction.fr\/tv\/#website"},"primaryImageOfPage":{"@id":"https:\/\/www.machinesproduction.fr\/tv\/gabin-thomann-la-fabrique-academie-de-mecanique\/#primaryimage"},"image":{"@id":"https:\/\/www.machinesproduction.fr\/tv\/gabin-thomann-la-fabrique-academie-de-mecanique\/#primaryimage"},"thumbnailUrl":"https:\/\/www.machinesproduction.fr\/tv\/wp-content\/uploads\/2025\/02\/Portrait-GABIN-carre\u0301.png","datePublished":"2025-02-04T17:05:45+00:00","dateModified":"2026-02-16T19:33:43+00:00","description":"Nos Jeunes ont du talent ! D\u00e9couvrez le parcours de Gabin Thomann, \u00e9l\u00e8ve en CAP de tournage, fraisage et ajusteur","breadcrumb":{"@id":"https:\/\/www.machinesproduction.fr\/tv\/gabin-thomann-la-fabrique-academie-de-mecanique\/#breadcrumb"},"inLanguage":"fr-FR","potentialAction":[{"@type":"ReadAction","target":["https:\/\/www.machinesproduction.fr\/tv\/gabin-thomann-la-fabrique-academie-de-mecanique\/"]}]},{"@type":"ImageObject","inLanguage":"fr-FR","@id":"https:\/\/www.machinesproduction.fr\/tv\/gabin-thomann-la-fabrique-academie-de-mecanique\/#primaryimage","url":"https:\/\/www.machinesproduction.fr\/tv\/wp-content\/uploads\/2025\/02\/Portrait-GABIN-carre\u0301.png","contentUrl":"https:\/\/www.machinesproduction.fr\/tv\/wp-content\/uploads\/2025\/02\/Portrait-GABIN-carre\u0301.png","width":1080,"height":1080},{"@type":"BreadcrumbList","@id":"https:\/\/www.machinesproduction.fr\/tv\/gabin-thomann-la-fabrique-academie-de-mecanique\/#breadcrumb","itemListElement":[{"@type":"ListItem","position":1,"name":"Home","item":"https:\/\/www.machinesproduction.fr\/tv\/"},{"@type":"ListItem","position":2,"name":"Gabin Thomann, La fabrique Acad\u00e9mie de M\u00e9canique"}]},{"@type":"WebSite","@id":"https:\/\/www.machinesproduction.fr\/tv\/#website","url":"https:\/\/www.machinesproduction.fr\/tv\/","name":"Machines Production TV","description":"","potentialAction":[{"@type":"SearchAction","target":{"@type":"EntryPoint","urlTemplate":"https:\/\/www.machinesproduction.fr\/tv\/?s={search_term_string}"},"query-input":{"@type":"PropertyValueSpecification","valueRequired":true,"valueName":"search_term_string"}}],"inLanguage":"fr-FR"}]}},"_links":{"self":[{"href":"https:\/\/www.machinesproduction.fr\/tv\/wp-json\/wp\/v2\/pages\/2398","targetHints":{"allow":["GET"]}}],"collection":[{"href":"https:\/\/www.machinesproduction.fr\/tv\/wp-json\/wp\/v2\/pages"}],"about":[{"href":"https:\/\/www.machinesproduction.fr\/tv\/wp-json\/wp\/v2\/types\/page"}],"author":[{"embeddable":true,"href":"https:\/\/www.machinesproduction.fr\/tv\/wp-json\/wp\/v2\/users\/3"}],"replies":[{"embeddable":true,"href":"https:\/\/www.machinesproduction.fr\/tv\/wp-json\/wp\/v2\/comments?post=2398"}],"version-history":[{"count":3,"href":"https:\/\/www.machinesproduction.fr\/tv\/wp-json\/wp\/v2\/pages\/2398\/revisions"}],"predecessor-version":[{"id":2679,"href":"https:\/\/www.machinesproduction.fr\/tv\/wp-json\/wp\/v2\/pages\/2398\/revisions\/2679"}],"wp:featuredmedia":[{"embeddable":true,"href":"https:\/\/www.machinesproduction.fr\/tv\/wp-json\/wp\/v2\/media\/2400"}],"wp:attachment":[{"href":"https:\/\/www.machinesproduction.fr\/tv\/wp-json\/wp\/v2\/media?parent=2398"}],"wp:term":[{"taxonomy":"wf_page_folders","embeddable":true,"href":"https:\/\/www.machinesproduction.fr\/tv\/wp-json\/wp\/v2\/wf_page_folders?post=2398"}],"curies":[{"name":"wp","href":"https:\/\/api.w.org\/{rel}","templated":true}]}}