{"id":2329,"date":"2024-10-23T09:21:23","date_gmt":"2024-10-23T08:21:23","guid":{"rendered":"https:\/\/www.machinesproduction.fr\/tv\/?page_id=2329"},"modified":"2024-10-23T09:34:09","modified_gmt":"2024-10-23T08:34:09","slug":"reportage-35-tomographie-et-mesure-3d","status":"publish","type":"page","link":"https:\/\/www.machinesproduction.fr\/tv\/reportage-35-tomographie-et-mesure-3d\/","title":{"rendered":"Reportage 35 &#8211; Tomographie et mesure 3D"},"content":{"rendered":"<section class=\"wpb-content-wrapper\"><p>[vc_row equal_height=&#8221;yes&#8221; content_placement=&#8221;middle&#8221;][vc_column][vc_row_inner equal_height=&#8221;yes&#8221; content_placement=&#8221;middle&#8221;][vc_column_inner centered_cont_vertical=&#8221;true&#8221;][vc_column_text]<\/p>\n<h1 style=\"text-align: left;\"><span style=\"color: #009ddf;\"><strong>Tomographie et mesure 3D :<\/strong> \u00e0 la d\u00e9couverte du savoir-faire du laboratoire Zeiss de Sabl\u00e9-sur-Sarthe<\/span><\/h1>\n<p>[\/vc_column_text][\/vc_column_inner][\/vc_row_inner][\/vc_column][\/vc_row][vc_row full_width=&#8221;stretch_row_content_no_spaces&#8221; top_padding=&#8221;50&#8243;][vc_column offset=&#8221;vc_col-xs-12&#8243;][vc_raw_html]JTNDc3R5bGUlM0UlMEEudmlkZW8tY29udGFpbmVyJTIwJTdCJTBBJTIwJTIwJTIwJTIwcG9zaXRpb24lM0ElMjByZWxhdGl2ZSUzQiUwQSUyMCUyMCUyMCUyMHBhZGRpbmctYm90dG9tJTNBJTIwNTYuMjUlMjUlM0IlMjAlMkYlMkElMjBSYXRpbyUyMDE2JTNBOSUyMCUyOGhhdXRldXIlMkZsYXJnZXVyJTIwJTNEJTIwOSUyRjE2JTIwJTNEJTIwNTYuMjUlMjUlMjklMjAlMkElMkYlMEElMjAlMjAlMjAlMjBoZWlnaHQlM0ElMjAwJTNCJTBBJTIwJTIwJTIwJTIwb3ZlcmZsb3clM0ElMjBoaWRkZW4lM0IlMEElMjAlMjAlMjAlMjBtYXgtd2lkdGglM0ElMjAxMDAlMjUlM0IlMEElMjAlMjAlMjAlMjBiYWNrZ3JvdW5kLWNvbG9yJTNBJTIwJTIzMDAwJTNCJTBBJTdEJTBBJTBBLnZpZGVvLWNvbnRhaW5lciUyMGlmcmFtZSUyMCU3QiUwQSUyMCUyMCUyMCUyMHBvc2l0aW9uJTNBJTIwYWJzb2x1dGUlM0IlMEElMjAlMjAlMjAlMjB0b3AlM0ElMjAwJTNCJTBBJTIwJTIwJTIwJTIwbGVmdCUzQSUyMDAlM0IlMEElMjAlMjAlMjAlMjB3aWR0aCUzQSUyMDEwMCUyNSUzQiUwQSUyMCUyMCUyMCUyMGhlaWdodCUzQSUyMDEwMCUyNSUzQiUwQSU3RCUwQSUzQyUyRnN0eWxlJTNFJTBBJTBBJTNDZGl2JTIwY2xhc3MlM0QlMjJ2aWRlby1jb250YWluZXIlMjIlM0UlMEElMjAlMjAlMjAlMjAlM0NpZnJhbWUlMjBzcmMlM0QlMjJodHRwcyUzQSUyRiUyRnd3dy55b3V0dWJlLmNvbSUyRmVtYmVkJTJGXzlRVmtYM242SkklM0ZzaSUzREt6dGhwNFhJQTNZVkpXNm0lMjIlMjB0aXRsZSUzRCUyMllvdVR1YmUlMjB2aWRlbyUyMHBsYXllciUyMiUyMGZyYW1lYm9yZGVyJTNEJTIyMCUyMiUyMGFsbG93JTNEJTIyYWNjZWxlcm9tZXRlciUzQiUyMGF1dG9wbGF5JTNCJTIwY2xpcGJvYXJkLXdyaXRlJTNCJTIwZW5jcnlwdGVkLW1lZGlhJTNCJTIwZ3lyb3Njb3BlJTNCJTIwcGljdHVyZS1pbi1waWN0dXJlJTNCJTIwd2ViLXNoYXJlJTIyJTIwYWxsb3dmdWxsc2NyZWVuJTNFJTNDJTJGaWZyYW1lJTNFJTBBJTNDJTJGZGl2JTNF[\/vc_raw_html][\/vc_column][\/vc_row][vc_row equal_height=&#8221;yes&#8221; content_placement=&#8221;middle&#8221; top_padding=&#8221;40&#8243;][vc_column][vc_empty_space height=&#8221;30px&#8221;][vc_column_text]<\/p>\n<p class=\"LEMONDE\"><span style=\"font-size: 12.0pt; line-height: 107%;\">Ce reportage vous am\u00e8ne \u00e0 Sabl\u00e9-sur-Sarthe, dans l\u2019un des cinq laboratoires de m\u00e9trologie du groupe Zeiss. Il s\u2019agit du centre historique des prestations de m\u00e9trologie sur pi\u00e8ces industrielles. Pour ses 20 ans d\u2019existence, le site a fait peau neuve avec une surface totale de 700 m\u00e8tres carr\u00e9s \u00e9quip\u00e9s des derni\u00e8res technologies Zeiss.<\/span><\/p>\n<p class=\"LEMONDE\"><span style=\"font-size: 12.0pt; line-height: 107%;\">\u00ab\u00a0Nous offrons \u00e0 nos clients la possibilit\u00e9 de faire des d\u00e9monstrations directement sur leurs pi\u00e8ces et \u00e9galement de les former soit en m\u00e9trologie 3D via des formations Coffmet, soit sur nos propres logiciels de mesure\u00a0\u00bb, explique Thomas Beuvier, responsable des prestations par tomographie. Le centre dispose d\u2019un bureau d\u2019\u00e9tudes permettant de r\u00e9aliser du dessin, jusqu\u2019\u00e0 la fabrication, mais aussi des solutions de posage et des gabarits de contr\u00f4le en bord de ligne. <\/span><\/p>\n<p class=\"LEMONDE\"><span style=\"color: #009ddf;\"><b><span style=\"font-size: 14.0pt; line-height: 107%;\">Prestation par tomographie<\/span><\/b><\/span><\/p>\n<p class=\"LEMONDE\"><span style=\"font-size: 12.0pt; line-height: 107%;\">Si le laboratoire sarthois propose des prestations sur des machines \u00e0 mesurer tridimensionnelles, sur des scanners optiques, il est aussi sp\u00e9cialis\u00e9 dans la tomographie \u00e0 rayons X. Pour r\u00e9aliser une prestation par tomographie, les industriels ou les chercheurs doivent contacter le centre afin d\u2019\u00e9changer sur leurs probl\u00e9matiques. \u00ab\u00a0Suite \u00e0 l\u2019analyse du besoin, ils nous envoient leurs pi\u00e8ces \u00e0 inspecter ou se d\u00e9placent pour que nous fassions ensemble leurs mesures, poursuit M. Beuvier. Une fois les scans termin\u00e9s, le client re\u00e7oit ses donn\u00e9es sous forme de rapports de m\u00e9trologie, de fichiers 3D ou de vid\u00e9o. Nous terminons par une phase de discussion pour s\u2019assurer de la pertinence et de la bonne compr\u00e9hension des r\u00e9sultats.\u00a0\u00bb<\/span><\/p>\n<p>[\/vc_column_text][vc_btn title=&#8221;Retour aux REPORTAGES&#8221; style=&#8221;custom&#8221; custom_background=&#8221;#009ddf&#8221; custom_text=&#8221;#ffffff&#8221; shape=&#8221;round&#8221; i_icon_fontawesome=&#8221;fas fa-arrow-left&#8221; add_icon=&#8221;true&#8221; link=&#8221;url:https%3A%2F%2Fwww.machinesproduction.fr%2Ftv%2Fles-reportages%2F&#8221;][\/vc_column][\/vc_row]<\/p>\n<\/section>","protected":false},"excerpt":{"rendered":"<p>[vc_row equal_height=&#8221;yes&#8221; content_placement=&#8221;middle&#8221;][vc_column][vc_row_inner equal_height=&#8221;yes&#8221; content_placement=&#8221;middle&#8221;][vc_column_inner centered_cont_vertical=&#8221;true&#8221;][vc_column_text] Tomographie et mesure 3D : \u00e0 la d\u00e9couverte du savoir-faire du laboratoire Zeiss de Sabl\u00e9-sur-Sarthe [\/vc_column_text][\/vc_column_inner][\/vc_row_inner][\/vc_column][\/vc_row][vc_row full_width=&#8221;stretch_row_content_no_spaces&#8221; top_padding=&#8221;50&#8243;][vc_column offset=&#8221;vc_col-xs-12&#8243;][vc_raw_html]JTNDc3R5bGUlM0UlMEEudmlkZW8tY29udGFpbmVyJTIwJTdCJTBBJTIwJTIwJTIwJTIwcG9zaXRpb24lM0ElMjByZWxhdGl2ZSUzQiUwQSUyMCUyMCUyMCUyMHBhZGRpbmctYm90dG9tJTNBJTIwNTYuMjUlMjUlM0IlMjAlMkYlMkElMjBSYXRpbyUyMDE2JTNBOSUyMCUyOGhhdXRldXIlMkZsYXJnZXVyJTIwJTNEJTIwOSUyRjE2JTIwJTNEJTIwNTYuMjUlMjUlMjklMjAlMkElMkYlMEElMjAlMjAlMjAlMjBoZWlnaHQlM0ElMjAwJTNCJTBBJTIwJTIwJTIwJTIwb3ZlcmZsb3clM0ElMjBoaWRkZW4lM0IlMEElMjAlMjAlMjAlMjBtYXgtd2lkdGglM0ElMjAxMDAlMjUlM0IlMEElMjAlMjAlMjAlMjBiYWNrZ3JvdW5kLWNvbG9yJTNBJTIwJTIzMDAwJTNCJTBBJTdEJTBBJTBBLnZpZGVvLWNvbnRhaW5lciUyMGlmcmFtZSUyMCU3QiUwQSUyMCUyMCUyMCUyMHBvc2l0aW9uJTNBJTIwYWJzb2x1dGUlM0IlMEElMjAlMjAlMjAlMjB0b3AlM0ElMjAwJTNCJTBBJTIwJTIwJTIwJTIwbGVmdCUzQSUyMDAlM0IlMEElMjAlMjAlMjAlMjB3aWR0aCUzQSUyMDEwMCUyNSUzQiUwQSUyMCUyMCUyMCUyMGhlaWdodCUzQSUyMDEwMCUyNSUzQiUwQSU3RCUwQSUzQyUyRnN0eWxlJTNFJTBBJTBBJTNDZGl2JTIwY2xhc3MlM0QlMjJ2aWRlby1jb250YWluZXIlMjIlM0UlMEElMjAlMjAlMjAlMjAlM0NpZnJhbWUlMjBzcmMlM0QlMjJodHRwcyUzQSUyRiUyRnd3dy55b3V0dWJlLmNvbSUyRmVtYmVkJTJGXzlRVmtYM242SkklM0ZzaSUzREt6dGhwNFhJQTNZVkpXNm0lMjIlMjB0aXRsZSUzRCUyMllvdVR1YmUlMjB2aWRlbyUyMHBsYXllciUyMiUyMGZyYW1lYm9yZGVyJTNEJTIyMCUyMiUyMGFsbG93JTNEJTIyYWNjZWxlcm9tZXRlciUzQiUyMGF1dG9wbGF5JTNCJTIwY2xpcGJvYXJkLXdyaXRlJTNCJTIwZW5jcnlwdGVkLW1lZGlhJTNCJTIwZ3lyb3Njb3BlJTNCJTIwcGljdHVyZS1pbi1waWN0dXJlJTNCJTIwd2ViLXNoYXJlJTIyJTIwYWxsb3dmdWxsc2NyZWVuJTNFJTNDJTJGaWZyYW1lJTNFJTBBJTNDJTJGZGl2JTNF[\/vc_raw_html][\/vc_column][\/vc_row][vc_row equal_height=&#8221;yes&#8221; content_placement=&#8221;middle&#8221; top_padding=&#8221;40&#8243;][vc_column][vc_empty_space height=&#8221;30px&#8221;][vc_column_text] Ce reportage vous am\u00e8ne \u00e0 Sabl\u00e9-sur-Sarthe, dans l\u2019un des cinq laboratoires de m\u00e9trologie du groupe Zeiss. Il s\u2019agit du centre historique des prestations de m\u00e9trologie sur [&hellip;]<\/p>\n","protected":false},"author":3,"featured_media":2333,"parent":0,"menu_order":0,"comment_status":"closed","ping_status":"closed","template":"","meta":{"_monsterinsights_skip_tracking":false,"_monsterinsights_sitenote_active":false,"_monsterinsights_sitenote_note":"","_monsterinsights_sitenote_category":0,"footnotes":""},"wf_page_folders":[12],"class_list":["post-2329","page","type-page","status-publish","has-post-thumbnail","hentry"],"yoast_head":"<!-- This site is optimized with the Yoast SEO plugin v27.1.1 - https:\/\/yoast.com\/product\/yoast-seo-wordpress\/ -->\n<title>Tomographie et mesure 3D : \u00e0 la d\u00e9couverte du savoir-faire du laboratoire Zeiss de Sabl\u00e9-sur-Sarthe<\/title>\n<meta name=\"description\" content=\"D\u00e9couvrez le savoir-faire du laboratoire Zeiss de Sabl\u00e9-sur-Sarthe en m\u00e9trologie industrielle. Tomographie 3D, formation Coffmet, solutions de mesure innovantes avec les derni\u00e8res technologies Zeiss.\" \/>\n<meta name=\"robots\" content=\"index, follow, max-snippet:-1, max-image-preview:large, max-video-preview:-1\" \/>\n<link rel=\"canonical\" href=\"https:\/\/www.machinesproduction.fr\/tv\/reportage-35-tomographie-et-mesure-3d\/\" \/>\n<meta property=\"og:locale\" content=\"fr_FR\" \/>\n<meta property=\"og:type\" content=\"article\" \/>\n<meta property=\"og:title\" content=\"Tomographie et mesure 3D : \u00e0 la d\u00e9couverte du savoir-faire du laboratoire Zeiss de Sabl\u00e9-sur-Sarthe\" \/>\n<meta property=\"og:description\" content=\"D\u00e9couvrez le savoir-faire du laboratoire Zeiss de Sabl\u00e9-sur-Sarthe en m\u00e9trologie industrielle. Tomographie 3D, formation Coffmet, solutions de mesure innovantes avec les derni\u00e8res technologies Zeiss.\" \/>\n<meta property=\"og:url\" content=\"https:\/\/www.machinesproduction.fr\/tv\/reportage-35-tomographie-et-mesure-3d\/\" \/>\n<meta property=\"og:site_name\" content=\"Machines Production TV\" \/>\n<meta property=\"article:modified_time\" content=\"2024-10-23T08:34:09+00:00\" \/>\n<meta property=\"og:image\" content=\"https:\/\/www.machinesproduction.fr\/tv\/wp-content\/uploads\/2024\/10\/1280x720-Reportage-ZEISS-SABLE-SUR-SARTHE.jpg\" \/>\n\t<meta property=\"og:image:width\" content=\"1280\" \/>\n\t<meta property=\"og:image:height\" content=\"720\" \/>\n\t<meta property=\"og:image:type\" content=\"image\/jpeg\" \/>\n<meta name=\"twitter:card\" content=\"summary_large_image\" \/>\n<meta name=\"twitter:title\" content=\"Tomographie et mesure 3D : \u00e0 la d\u00e9couverte du savoir-faire du laboratoire Zeiss de Sabl\u00e9-sur-Sarthe\" \/>\n<meta name=\"twitter:description\" content=\"D\u00e9couvrez le savoir-faire du laboratoire Zeiss de Sabl\u00e9-sur-Sarthe en m\u00e9trologie industrielle. Tomographie 3D, formation Coffmet, solutions de mesure innovantes avec les derni\u00e8res technologies Zeiss.\" \/>\n<meta name=\"twitter:image\" content=\"https:\/\/www.machinesproduction.fr\/tv\/wp-content\/uploads\/2024\/10\/1280x720-Reportage-ZEISS-SABLE-SUR-SARTHE.jpg\" \/>\n<meta name=\"twitter:label1\" content=\"Dur\u00e9e de lecture estim\u00e9e\" \/>\n\t<meta name=\"twitter:data1\" content=\"1 minute\" \/>\n<script type=\"application\/ld+json\" class=\"yoast-schema-graph\">{\"@context\":\"https:\/\/schema.org\",\"@graph\":[{\"@type\":\"WebPage\",\"@id\":\"https:\/\/www.machinesproduction.fr\/tv\/reportage-35-tomographie-et-mesure-3d\/\",\"url\":\"https:\/\/www.machinesproduction.fr\/tv\/reportage-35-tomographie-et-mesure-3d\/\",\"name\":\"Tomographie et mesure 3D : \u00e0 la d\u00e9couverte du savoir-faire du laboratoire Zeiss de Sabl\u00e9-sur-Sarthe\",\"isPartOf\":{\"@id\":\"https:\/\/www.machinesproduction.fr\/tv\/#website\"},\"primaryImageOfPage\":{\"@id\":\"https:\/\/www.machinesproduction.fr\/tv\/reportage-35-tomographie-et-mesure-3d\/#primaryimage\"},\"image\":{\"@id\":\"https:\/\/www.machinesproduction.fr\/tv\/reportage-35-tomographie-et-mesure-3d\/#primaryimage\"},\"thumbnailUrl\":\"https:\/\/www.machinesproduction.fr\/tv\/wp-content\/uploads\/2024\/10\/1080x1080-Reportage-ZEISS-SABLE-SUR-SARTHE.jpg\",\"datePublished\":\"2024-10-23T08:21:23+00:00\",\"dateModified\":\"2024-10-23T08:34:09+00:00\",\"description\":\"D\u00e9couvrez le savoir-faire du laboratoire Zeiss de Sabl\u00e9-sur-Sarthe en m\u00e9trologie industrielle. Tomographie 3D, formation Coffmet, solutions de mesure innovantes avec les derni\u00e8res technologies Zeiss.\",\"breadcrumb\":{\"@id\":\"https:\/\/www.machinesproduction.fr\/tv\/reportage-35-tomographie-et-mesure-3d\/#breadcrumb\"},\"inLanguage\":\"fr-FR\",\"potentialAction\":[{\"@type\":\"ReadAction\",\"target\":[\"https:\/\/www.machinesproduction.fr\/tv\/reportage-35-tomographie-et-mesure-3d\/\"]}]},{\"@type\":\"ImageObject\",\"inLanguage\":\"fr-FR\",\"@id\":\"https:\/\/www.machinesproduction.fr\/tv\/reportage-35-tomographie-et-mesure-3d\/#primaryimage\",\"url\":\"https:\/\/www.machinesproduction.fr\/tv\/wp-content\/uploads\/2024\/10\/1080x1080-Reportage-ZEISS-SABLE-SUR-SARTHE.jpg\",\"contentUrl\":\"https:\/\/www.machinesproduction.fr\/tv\/wp-content\/uploads\/2024\/10\/1080x1080-Reportage-ZEISS-SABLE-SUR-SARTHE.jpg\",\"width\":1080,\"height\":1080},{\"@type\":\"BreadcrumbList\",\"@id\":\"https:\/\/www.machinesproduction.fr\/tv\/reportage-35-tomographie-et-mesure-3d\/#breadcrumb\",\"itemListElement\":[{\"@type\":\"ListItem\",\"position\":1,\"name\":\"Home\",\"item\":\"https:\/\/www.machinesproduction.fr\/tv\/\"},{\"@type\":\"ListItem\",\"position\":2,\"name\":\"Reportage 35 &#8211; Tomographie et mesure 3D\"}]},{\"@type\":\"WebSite\",\"@id\":\"https:\/\/www.machinesproduction.fr\/tv\/#website\",\"url\":\"https:\/\/www.machinesproduction.fr\/tv\/\",\"name\":\"Machines Production TV\",\"description\":\"\",\"potentialAction\":[{\"@type\":\"SearchAction\",\"target\":{\"@type\":\"EntryPoint\",\"urlTemplate\":\"https:\/\/www.machinesproduction.fr\/tv\/?s={search_term_string}\"},\"query-input\":{\"@type\":\"PropertyValueSpecification\",\"valueRequired\":true,\"valueName\":\"search_term_string\"}}],\"inLanguage\":\"fr-FR\"}]}<\/script>\n<!-- \/ Yoast SEO plugin. -->","yoast_head_json":{"title":"Tomographie et mesure 3D : \u00e0 la d\u00e9couverte du savoir-faire du laboratoire Zeiss de Sabl\u00e9-sur-Sarthe","description":"D\u00e9couvrez le savoir-faire du laboratoire Zeiss de Sabl\u00e9-sur-Sarthe en m\u00e9trologie industrielle. Tomographie 3D, formation Coffmet, solutions de mesure innovantes avec les derni\u00e8res technologies Zeiss.","robots":{"index":"index","follow":"follow","max-snippet":"max-snippet:-1","max-image-preview":"max-image-preview:large","max-video-preview":"max-video-preview:-1"},"canonical":"https:\/\/www.machinesproduction.fr\/tv\/reportage-35-tomographie-et-mesure-3d\/","og_locale":"fr_FR","og_type":"article","og_title":"Tomographie et mesure 3D : \u00e0 la d\u00e9couverte du savoir-faire du laboratoire Zeiss de Sabl\u00e9-sur-Sarthe","og_description":"D\u00e9couvrez le savoir-faire du laboratoire Zeiss de Sabl\u00e9-sur-Sarthe en m\u00e9trologie industrielle. Tomographie 3D, formation Coffmet, solutions de mesure innovantes avec les derni\u00e8res technologies Zeiss.","og_url":"https:\/\/www.machinesproduction.fr\/tv\/reportage-35-tomographie-et-mesure-3d\/","og_site_name":"Machines Production TV","article_modified_time":"2024-10-23T08:34:09+00:00","og_image":[{"width":1280,"height":720,"url":"https:\/\/www.machinesproduction.fr\/tv\/wp-content\/uploads\/2024\/10\/1280x720-Reportage-ZEISS-SABLE-SUR-SARTHE.jpg","type":"image\/jpeg"}],"twitter_card":"summary_large_image","twitter_title":"Tomographie et mesure 3D : \u00e0 la d\u00e9couverte du savoir-faire du laboratoire Zeiss de Sabl\u00e9-sur-Sarthe","twitter_description":"D\u00e9couvrez le savoir-faire du laboratoire Zeiss de Sabl\u00e9-sur-Sarthe en m\u00e9trologie industrielle. Tomographie 3D, formation Coffmet, solutions de mesure innovantes avec les derni\u00e8res technologies Zeiss.","twitter_image":"https:\/\/www.machinesproduction.fr\/tv\/wp-content\/uploads\/2024\/10\/1280x720-Reportage-ZEISS-SABLE-SUR-SARTHE.jpg","twitter_misc":{"Dur\u00e9e de lecture estim\u00e9e":"1 minute"},"schema":{"@context":"https:\/\/schema.org","@graph":[{"@type":"WebPage","@id":"https:\/\/www.machinesproduction.fr\/tv\/reportage-35-tomographie-et-mesure-3d\/","url":"https:\/\/www.machinesproduction.fr\/tv\/reportage-35-tomographie-et-mesure-3d\/","name":"Tomographie et mesure 3D : \u00e0 la d\u00e9couverte du savoir-faire du laboratoire Zeiss de Sabl\u00e9-sur-Sarthe","isPartOf":{"@id":"https:\/\/www.machinesproduction.fr\/tv\/#website"},"primaryImageOfPage":{"@id":"https:\/\/www.machinesproduction.fr\/tv\/reportage-35-tomographie-et-mesure-3d\/#primaryimage"},"image":{"@id":"https:\/\/www.machinesproduction.fr\/tv\/reportage-35-tomographie-et-mesure-3d\/#primaryimage"},"thumbnailUrl":"https:\/\/www.machinesproduction.fr\/tv\/wp-content\/uploads\/2024\/10\/1080x1080-Reportage-ZEISS-SABLE-SUR-SARTHE.jpg","datePublished":"2024-10-23T08:21:23+00:00","dateModified":"2024-10-23T08:34:09+00:00","description":"D\u00e9couvrez le savoir-faire du laboratoire Zeiss de Sabl\u00e9-sur-Sarthe en m\u00e9trologie industrielle. Tomographie 3D, formation Coffmet, solutions de mesure innovantes avec les derni\u00e8res technologies Zeiss.","breadcrumb":{"@id":"https:\/\/www.machinesproduction.fr\/tv\/reportage-35-tomographie-et-mesure-3d\/#breadcrumb"},"inLanguage":"fr-FR","potentialAction":[{"@type":"ReadAction","target":["https:\/\/www.machinesproduction.fr\/tv\/reportage-35-tomographie-et-mesure-3d\/"]}]},{"@type":"ImageObject","inLanguage":"fr-FR","@id":"https:\/\/www.machinesproduction.fr\/tv\/reportage-35-tomographie-et-mesure-3d\/#primaryimage","url":"https:\/\/www.machinesproduction.fr\/tv\/wp-content\/uploads\/2024\/10\/1080x1080-Reportage-ZEISS-SABLE-SUR-SARTHE.jpg","contentUrl":"https:\/\/www.machinesproduction.fr\/tv\/wp-content\/uploads\/2024\/10\/1080x1080-Reportage-ZEISS-SABLE-SUR-SARTHE.jpg","width":1080,"height":1080},{"@type":"BreadcrumbList","@id":"https:\/\/www.machinesproduction.fr\/tv\/reportage-35-tomographie-et-mesure-3d\/#breadcrumb","itemListElement":[{"@type":"ListItem","position":1,"name":"Home","item":"https:\/\/www.machinesproduction.fr\/tv\/"},{"@type":"ListItem","position":2,"name":"Reportage 35 &#8211; Tomographie et mesure 3D"}]},{"@type":"WebSite","@id":"https:\/\/www.machinesproduction.fr\/tv\/#website","url":"https:\/\/www.machinesproduction.fr\/tv\/","name":"Machines Production TV","description":"","potentialAction":[{"@type":"SearchAction","target":{"@type":"EntryPoint","urlTemplate":"https:\/\/www.machinesproduction.fr\/tv\/?s={search_term_string}"},"query-input":{"@type":"PropertyValueSpecification","valueRequired":true,"valueName":"search_term_string"}}],"inLanguage":"fr-FR"}]}},"_links":{"self":[{"href":"https:\/\/www.machinesproduction.fr\/tv\/wp-json\/wp\/v2\/pages\/2329","targetHints":{"allow":["GET"]}}],"collection":[{"href":"https:\/\/www.machinesproduction.fr\/tv\/wp-json\/wp\/v2\/pages"}],"about":[{"href":"https:\/\/www.machinesproduction.fr\/tv\/wp-json\/wp\/v2\/types\/page"}],"author":[{"embeddable":true,"href":"https:\/\/www.machinesproduction.fr\/tv\/wp-json\/wp\/v2\/users\/3"}],"replies":[{"embeddable":true,"href":"https:\/\/www.machinesproduction.fr\/tv\/wp-json\/wp\/v2\/comments?post=2329"}],"version-history":[{"count":3,"href":"https:\/\/www.machinesproduction.fr\/tv\/wp-json\/wp\/v2\/pages\/2329\/revisions"}],"predecessor-version":[{"id":2334,"href":"https:\/\/www.machinesproduction.fr\/tv\/wp-json\/wp\/v2\/pages\/2329\/revisions\/2334"}],"wp:featuredmedia":[{"embeddable":true,"href":"https:\/\/www.machinesproduction.fr\/tv\/wp-json\/wp\/v2\/media\/2333"}],"wp:attachment":[{"href":"https:\/\/www.machinesproduction.fr\/tv\/wp-json\/wp\/v2\/media?parent=2329"}],"wp:term":[{"taxonomy":"wf_page_folders","embeddable":true,"href":"https:\/\/www.machinesproduction.fr\/tv\/wp-json\/wp\/v2\/wf_page_folders?post=2329"}],"curies":[{"name":"wp","href":"https:\/\/api.w.org\/{rel}","templated":true}]}}