{"id":2259,"date":"2024-06-06T21:02:34","date_gmt":"2024-06-06T20:02:34","guid":{"rendered":"https:\/\/www.machinesproduction.fr\/tv\/?page_id=2259"},"modified":"2024-06-06T21:19:35","modified_gmt":"2024-06-06T20:19:35","slug":"live-44-biemh-live2","status":"publish","type":"page","link":"https:\/\/www.machinesproduction.fr\/tv\/live-44-biemh-live2\/","title":{"rendered":"Live 44 &#8211; BIEMH Live2"},"content":{"rendered":"<section class=\"wpb-content-wrapper\"><p>[vc_row equal_height=&#8221;yes&#8221; content_placement=&#8221;middle&#8221;][vc_column][vc_row_inner equal_height=&#8221;yes&#8221; content_placement=&#8221;middle&#8221;][vc_column_inner centered_cont_vertical=&#8221;true&#8221;][vc_column_text]<\/p>\n<h1 data-wp-editing=\"1\"><span style=\"color: #009ddf;\">BIEMH 2024, l\u2019usinage en grand<\/span><\/h1>\n<p>[\/vc_column_text][\/vc_column_inner][\/vc_row_inner][\/vc_column][\/vc_row][vc_row full_width=&#8221;stretch_row_content_no_spaces&#8221; top_padding=&#8221;50&#8243;][vc_column offset=&#8221;vc_col-xs-12&#8243;][vc_raw_html el_class=&#8221;video-container&#8221; el_id=&#8221;video-container&#8221;]JTNDZGl2JTIwY2xhc3MlM0QlMjJ2aWRlby1jb250YWluZXIlMjIlM0UlMEElMjAlM0NpZnJhbWUlMjB3aWR0aCUzRCUyMjEyODAlMjIlMjBoZWlnaHQlM0QlMjI3MjAlMjIlMjBzcmMlM0QlMjJodHRwcyUzQSUyRiUyRnd3dy55b3V0dWJlLmNvbSUyRmVtYmVkJTJGWlhnV1NwU3YtNlklM0ZzaSUzRF8yS2QzbnNNOG5GVTVDUFglMjIlMjB0aXRsZSUzRCUyMllvdVR1YmUlMjB2aWRlbyUyMHBsYXllciUyMiUyMGZyYW1lYm9yZGVyJTNEJTIyMCUyMiUyMGFsbG93JTNEJTIyYWNjZWxlcm9tZXRlciUzQiUyMGF1dG9wbGF5JTNCJTIwY2xpcGJvYXJkLXdyaXRlJTNCJTIwZW5jcnlwdGVkLW1lZGlhJTNCJTIwZ3lyb3Njb3BlJTNCJTIwcGljdHVyZS1pbi1waWN0dXJlJTNCJTIwd2ViLXNoYXJlJTIyJTIwYWxsb3dmdWxsc2NyZWVuJTNFJTNDJTJGaWZyYW1lJTNFJTBBJTNDJTJGZGl2JTNFJTBB[\/vc_raw_html][\/vc_column][\/vc_row][vc_row equal_height=&#8221;yes&#8221; content_placement=&#8221;middle&#8221; top_padding=&#8221;40&#8243;][vc_column][vc_empty_space height=&#8221;30px&#8221;][vc_column_text]<\/p>\n<h2><span style=\"color: #009ddf;\"><strong>BIEMH, l\u2019usinage en grand<\/strong><\/span><\/h2>\n<p>Les professionnels de l\u2019usinage de pointe s\u2019\u00e9taient donn\u00e9 rendez-vous \u00e0 la BIEMH, la biennale internationale de la machine-outil, jusqu\u2019au 7 juin \u00e0 Bilbao, dans le Pays basque espagnol. Au Bilbao Exhibition Centre (BEC), pour cette 32e \u00e9dition, ce sont plus de 1 600 entreprises exposantes, venues de 29 pays, et plus de 3 500 produits et services pr\u00e9sent\u00e9s.<\/p>\n<p>\u00ab\u00a0Le Pays basque est une vitrine industrielle \u00e0 impact local et international, a assur\u00e9 Arantxa Tapia, ministre r\u00e9gionale du D\u00e9veloppement \u00e9conomique, de la Durabilit\u00e9 et de l\u2019Environnement, et pr\u00e9sidente du BEC. L\u2019industrie est le moteur de notre \u00e9conomie. Les machines-outils repr\u00e9sentent notre ADN industriel.\u00a0\u00bb Un secteur soutenu par le gouvernement, puisque le minist\u00e8re de l\u2019Industrie a allou\u00e9 une enveloppe de 17 millions d\u2019euros, \u00e0 travers le Plan sp\u00e9cifique de modernisation des machines-outils, dont plus de 6 millions d\u2019euros ont \u00e9t\u00e9 attribu\u00e9s aux PME et industries du Pays basque. A cela s\u2019ajoute un nouveau financement de 10 millions d\u2019euros, qui entre dans le cadre du plan de relance \u00ab\u00a0transformation et r\u00e9silience\u00a0\u00bb, du gouvernement espagnol, pour soutenir les groupements d\u2019entreprises innovantes et dynamiser la modernisation du secteur des machines-outils.<\/p>\n<p>La BIMEH, c\u2019est aussi trois autres \u00e9v\u00e9nements li\u00e9s \u00e0 l\u2019industrie\u00a0: : ADDIT\u0190D, BeDIGITAL et WORKinn Talent Hub.<\/p>\n<p><span style=\"color: #009ddf;\"><strong>Lire aussi\u00a0:<\/strong> <\/span><a href=\"https:\/\/www.machinesproduction.fr\/article\/le-mexique-invite-dhonneur-de-le-32e-biemh\">Le Mexique, invit\u00e9 d\u2019honneur de la 32e BIEMH<\/a><\/p>\n<p><span style=\"color: #009ddf;\"><strong>Lire aussi\u00a0:<\/strong> <\/span><a href=\"https:\/\/www.machinesproduction.fr\/article\/le-mexique-invite-dhonneur-de-le-32e-biemh\">BIEMH 2024, le Rendez-vous de la fabrication avanc\u00e9e<\/a><\/p>\n<p>&nbsp;<\/p>\n<p>[\/vc_column_text][\/vc_column][\/vc_row][vc_row][vc_column][\/vc_column][\/vc_row]<\/p>\n<\/section>","protected":false},"excerpt":{"rendered":"<p>[vc_row equal_height=&#8221;yes&#8221; content_placement=&#8221;middle&#8221;][vc_column][vc_row_inner equal_height=&#8221;yes&#8221; content_placement=&#8221;middle&#8221;][vc_column_inner centered_cont_vertical=&#8221;true&#8221;][vc_column_text] BIEMH 2024, l\u2019usinage en grand [\/vc_column_text][\/vc_column_inner][\/vc_row_inner][\/vc_column][\/vc_row][vc_row full_width=&#8221;stretch_row_content_no_spaces&#8221; top_padding=&#8221;50&#8243;][vc_column offset=&#8221;vc_col-xs-12&#8243;][vc_raw_html el_class=&#8221;video-container&#8221; el_id=&#8221;video-container&#8221;]JTNDZGl2JTIwY2xhc3MlM0QlMjJ2aWRlby1jb250YWluZXIlMjIlM0UlMEElMjAlM0NpZnJhbWUlMjB3aWR0aCUzRCUyMjEyODAlMjIlMjBoZWlnaHQlM0QlMjI3MjAlMjIlMjBzcmMlM0QlMjJodHRwcyUzQSUyRiUyRnd3dy55b3V0dWJlLmNvbSUyRmVtYmVkJTJGWlhnV1NwU3YtNlklM0ZzaSUzRF8yS2QzbnNNOG5GVTVDUFglMjIlMjB0aXRsZSUzRCUyMllvdVR1YmUlMjB2aWRlbyUyMHBsYXllciUyMiUyMGZyYW1lYm9yZGVyJTNEJTIyMCUyMiUyMGFsbG93JTNEJTIyYWNjZWxlcm9tZXRlciUzQiUyMGF1dG9wbGF5JTNCJTIwY2xpcGJvYXJkLXdyaXRlJTNCJTIwZW5jcnlwdGVkLW1lZGlhJTNCJTIwZ3lyb3Njb3BlJTNCJTIwcGljdHVyZS1pbi1waWN0dXJlJTNCJTIwd2ViLXNoYXJlJTIyJTIwYWxsb3dmdWxsc2NyZWVuJTNFJTNDJTJGaWZyYW1lJTNFJTBBJTNDJTJGZGl2JTNFJTBB[\/vc_raw_html][\/vc_column][\/vc_row][vc_row equal_height=&#8221;yes&#8221; content_placement=&#8221;middle&#8221; top_padding=&#8221;40&#8243;][vc_column][vc_empty_space height=&#8221;30px&#8221;][vc_column_text] BIEMH, l\u2019usinage en grand Les professionnels de l\u2019usinage de pointe s\u2019\u00e9taient donn\u00e9 rendez-vous \u00e0 la BIEMH, la biennale internationale de la machine-outil, jusqu\u2019au 7 juin \u00e0 Bilbao, dans le Pays basque espagnol. Au Bilbao [&hellip;]<\/p>\n","protected":false},"author":3,"featured_media":2262,"parent":0,"menu_order":0,"comment_status":"closed","ping_status":"closed","template":"","meta":{"_monsterinsights_skip_tracking":false,"_monsterinsights_sitenote_active":false,"_monsterinsights_sitenote_note":"","_monsterinsights_sitenote_category":0,"footnotes":""},"wf_page_folders":[13],"class_list":["post-2259","page","type-page","status-publish","has-post-thumbnail","hentry"],"yoast_head":"<!-- This site is optimized with the Yoast SEO plugin v27.1.1 - https:\/\/yoast.com\/product\/yoast-seo-wordpress\/ -->\n<title>BIEMH 2024 en Direct : Innovations en Fabrication Avanc\u00e9e<\/title>\n<meta name=\"description\" content=\"Suivez en direct BIEMH 2024 depuis le Bilbao Exhibition Centre ! D\u00e9couvrez les derni\u00e8res technologies de fabrication avanc\u00e9e avec plus de 1 600 exposants de 29 pays. Regardez la couverture compl\u00e8te sur Machines Production TV.\" \/>\n<meta name=\"robots\" content=\"index, follow, max-snippet:-1, max-image-preview:large, max-video-preview:-1\" \/>\n<link rel=\"canonical\" href=\"https:\/\/www.machinesproduction.fr\/tv\/live-44-biemh-live2\/\" \/>\n<meta property=\"og:locale\" content=\"fr_FR\" \/>\n<meta property=\"og:type\" content=\"article\" \/>\n<meta property=\"og:title\" content=\"BIEMH 2024 en Direct : Innovations en Fabrication Avanc\u00e9e\" \/>\n<meta property=\"og:description\" content=\"Suivez en direct BIEMH 2024 depuis le Bilbao Exhibition Centre ! D\u00e9couvrez les derni\u00e8res technologies de fabrication avanc\u00e9e avec plus de 1 600 exposants de 29 pays. Regardez la couverture compl\u00e8te sur Machines Production TV.\" \/>\n<meta property=\"og:url\" content=\"https:\/\/www.machinesproduction.fr\/tv\/live-44-biemh-live2\/\" \/>\n<meta property=\"og:site_name\" content=\"Machines Production TV\" \/>\n<meta property=\"article:modified_time\" content=\"2024-06-06T20:19:35+00:00\" \/>\n<meta property=\"og:image\" content=\"https:\/\/www.machinesproduction.fr\/tv\/wp-content\/uploads\/2024\/06\/Live-BIEMH-32e-usinage-en-grand.jpg\" \/>\n\t<meta property=\"og:image:width\" content=\"1280\" \/>\n\t<meta property=\"og:image:height\" content=\"720\" \/>\n\t<meta property=\"og:image:type\" content=\"image\/jpeg\" \/>\n<meta name=\"twitter:card\" content=\"summary_large_image\" \/>\n<meta name=\"twitter:title\" content=\"BIEMH 2024 en Direct : Innovations en Fabrication Avanc\u00e9e\" \/>\n<meta name=\"twitter:description\" content=\"Suivez en direct BIEMH 2024 depuis le Bilbao Exhibition Centre ! D\u00e9couvrez les derni\u00e8res technologies de fabrication avanc\u00e9e avec plus de 1 600 exposants de 29 pays. Regardez la couverture compl\u00e8te sur Machines Production TV.\" \/>\n<meta name=\"twitter:image\" content=\"https:\/\/www.machinesproduction.fr\/tv\/wp-content\/uploads\/2024\/06\/Live-BIEMH-32e-usinage-en-grand.jpg\" \/>\n<meta name=\"twitter:label1\" content=\"Dur\u00e9e de lecture estim\u00e9e\" \/>\n\t<meta name=\"twitter:data1\" content=\"1 minute\" \/>\n<script type=\"application\/ld+json\" class=\"yoast-schema-graph\">{\"@context\":\"https:\/\/schema.org\",\"@graph\":[{\"@type\":\"WebPage\",\"@id\":\"https:\/\/www.machinesproduction.fr\/tv\/live-44-biemh-live2\/\",\"url\":\"https:\/\/www.machinesproduction.fr\/tv\/live-44-biemh-live2\/\",\"name\":\"BIEMH 2024 en Direct : Innovations en Fabrication Avanc\u00e9e\",\"isPartOf\":{\"@id\":\"https:\/\/www.machinesproduction.fr\/tv\/#website\"},\"primaryImageOfPage\":{\"@id\":\"https:\/\/www.machinesproduction.fr\/tv\/live-44-biemh-live2\/#primaryimage\"},\"image\":{\"@id\":\"https:\/\/www.machinesproduction.fr\/tv\/live-44-biemh-live2\/#primaryimage\"},\"thumbnailUrl\":\"https:\/\/www.machinesproduction.fr\/tv\/wp-content\/uploads\/2024\/06\/Live-BIEMH-32e-usinage-en-grand-carre\u0301.jpg\",\"datePublished\":\"2024-06-06T20:02:34+00:00\",\"dateModified\":\"2024-06-06T20:19:35+00:00\",\"description\":\"Suivez en direct BIEMH 2024 depuis le Bilbao Exhibition Centre ! D\u00e9couvrez les derni\u00e8res technologies de fabrication avanc\u00e9e avec plus de 1 600 exposants de 29 pays. Regardez la couverture compl\u00e8te sur Machines Production TV.\",\"breadcrumb\":{\"@id\":\"https:\/\/www.machinesproduction.fr\/tv\/live-44-biemh-live2\/#breadcrumb\"},\"inLanguage\":\"fr-FR\",\"potentialAction\":[{\"@type\":\"ReadAction\",\"target\":[\"https:\/\/www.machinesproduction.fr\/tv\/live-44-biemh-live2\/\"]}]},{\"@type\":\"ImageObject\",\"inLanguage\":\"fr-FR\",\"@id\":\"https:\/\/www.machinesproduction.fr\/tv\/live-44-biemh-live2\/#primaryimage\",\"url\":\"https:\/\/www.machinesproduction.fr\/tv\/wp-content\/uploads\/2024\/06\/Live-BIEMH-32e-usinage-en-grand-carre\u0301.jpg\",\"contentUrl\":\"https:\/\/www.machinesproduction.fr\/tv\/wp-content\/uploads\/2024\/06\/Live-BIEMH-32e-usinage-en-grand-carre\u0301.jpg\",\"width\":1080,\"height\":1080},{\"@type\":\"BreadcrumbList\",\"@id\":\"https:\/\/www.machinesproduction.fr\/tv\/live-44-biemh-live2\/#breadcrumb\",\"itemListElement\":[{\"@type\":\"ListItem\",\"position\":1,\"name\":\"Home\",\"item\":\"https:\/\/www.machinesproduction.fr\/tv\/\"},{\"@type\":\"ListItem\",\"position\":2,\"name\":\"Live 44 &#8211; BIEMH Live2\"}]},{\"@type\":\"WebSite\",\"@id\":\"https:\/\/www.machinesproduction.fr\/tv\/#website\",\"url\":\"https:\/\/www.machinesproduction.fr\/tv\/\",\"name\":\"Machines Production TV\",\"description\":\"\",\"potentialAction\":[{\"@type\":\"SearchAction\",\"target\":{\"@type\":\"EntryPoint\",\"urlTemplate\":\"https:\/\/www.machinesproduction.fr\/tv\/?s={search_term_string}\"},\"query-input\":{\"@type\":\"PropertyValueSpecification\",\"valueRequired\":true,\"valueName\":\"search_term_string\"}}],\"inLanguage\":\"fr-FR\"}]}<\/script>\n<!-- \/ Yoast SEO plugin. -->","yoast_head_json":{"title":"BIEMH 2024 en Direct : Innovations en Fabrication Avanc\u00e9e","description":"Suivez en direct BIEMH 2024 depuis le Bilbao Exhibition Centre ! D\u00e9couvrez les derni\u00e8res technologies de fabrication avanc\u00e9e avec plus de 1 600 exposants de 29 pays. Regardez la couverture compl\u00e8te sur Machines Production TV.","robots":{"index":"index","follow":"follow","max-snippet":"max-snippet:-1","max-image-preview":"max-image-preview:large","max-video-preview":"max-video-preview:-1"},"canonical":"https:\/\/www.machinesproduction.fr\/tv\/live-44-biemh-live2\/","og_locale":"fr_FR","og_type":"article","og_title":"BIEMH 2024 en Direct : Innovations en Fabrication Avanc\u00e9e","og_description":"Suivez en direct BIEMH 2024 depuis le Bilbao Exhibition Centre ! D\u00e9couvrez les derni\u00e8res technologies de fabrication avanc\u00e9e avec plus de 1 600 exposants de 29 pays. Regardez la couverture compl\u00e8te sur Machines Production TV.","og_url":"https:\/\/www.machinesproduction.fr\/tv\/live-44-biemh-live2\/","og_site_name":"Machines Production TV","article_modified_time":"2024-06-06T20:19:35+00:00","og_image":[{"width":1280,"height":720,"url":"https:\/\/www.machinesproduction.fr\/tv\/wp-content\/uploads\/2024\/06\/Live-BIEMH-32e-usinage-en-grand.jpg","type":"image\/jpeg"}],"twitter_card":"summary_large_image","twitter_title":"BIEMH 2024 en Direct : Innovations en Fabrication Avanc\u00e9e","twitter_description":"Suivez en direct BIEMH 2024 depuis le Bilbao Exhibition Centre ! D\u00e9couvrez les derni\u00e8res technologies de fabrication avanc\u00e9e avec plus de 1 600 exposants de 29 pays. Regardez la couverture compl\u00e8te sur Machines Production TV.","twitter_image":"https:\/\/www.machinesproduction.fr\/tv\/wp-content\/uploads\/2024\/06\/Live-BIEMH-32e-usinage-en-grand.jpg","twitter_misc":{"Dur\u00e9e de lecture estim\u00e9e":"1 minute"},"schema":{"@context":"https:\/\/schema.org","@graph":[{"@type":"WebPage","@id":"https:\/\/www.machinesproduction.fr\/tv\/live-44-biemh-live2\/","url":"https:\/\/www.machinesproduction.fr\/tv\/live-44-biemh-live2\/","name":"BIEMH 2024 en Direct : Innovations en Fabrication Avanc\u00e9e","isPartOf":{"@id":"https:\/\/www.machinesproduction.fr\/tv\/#website"},"primaryImageOfPage":{"@id":"https:\/\/www.machinesproduction.fr\/tv\/live-44-biemh-live2\/#primaryimage"},"image":{"@id":"https:\/\/www.machinesproduction.fr\/tv\/live-44-biemh-live2\/#primaryimage"},"thumbnailUrl":"https:\/\/www.machinesproduction.fr\/tv\/wp-content\/uploads\/2024\/06\/Live-BIEMH-32e-usinage-en-grand-carre\u0301.jpg","datePublished":"2024-06-06T20:02:34+00:00","dateModified":"2024-06-06T20:19:35+00:00","description":"Suivez en direct BIEMH 2024 depuis le Bilbao Exhibition Centre ! D\u00e9couvrez les derni\u00e8res technologies de fabrication avanc\u00e9e avec plus de 1 600 exposants de 29 pays. Regardez la couverture compl\u00e8te sur Machines Production TV.","breadcrumb":{"@id":"https:\/\/www.machinesproduction.fr\/tv\/live-44-biemh-live2\/#breadcrumb"},"inLanguage":"fr-FR","potentialAction":[{"@type":"ReadAction","target":["https:\/\/www.machinesproduction.fr\/tv\/live-44-biemh-live2\/"]}]},{"@type":"ImageObject","inLanguage":"fr-FR","@id":"https:\/\/www.machinesproduction.fr\/tv\/live-44-biemh-live2\/#primaryimage","url":"https:\/\/www.machinesproduction.fr\/tv\/wp-content\/uploads\/2024\/06\/Live-BIEMH-32e-usinage-en-grand-carre\u0301.jpg","contentUrl":"https:\/\/www.machinesproduction.fr\/tv\/wp-content\/uploads\/2024\/06\/Live-BIEMH-32e-usinage-en-grand-carre\u0301.jpg","width":1080,"height":1080},{"@type":"BreadcrumbList","@id":"https:\/\/www.machinesproduction.fr\/tv\/live-44-biemh-live2\/#breadcrumb","itemListElement":[{"@type":"ListItem","position":1,"name":"Home","item":"https:\/\/www.machinesproduction.fr\/tv\/"},{"@type":"ListItem","position":2,"name":"Live 44 &#8211; BIEMH Live2"}]},{"@type":"WebSite","@id":"https:\/\/www.machinesproduction.fr\/tv\/#website","url":"https:\/\/www.machinesproduction.fr\/tv\/","name":"Machines Production TV","description":"","potentialAction":[{"@type":"SearchAction","target":{"@type":"EntryPoint","urlTemplate":"https:\/\/www.machinesproduction.fr\/tv\/?s={search_term_string}"},"query-input":{"@type":"PropertyValueSpecification","valueRequired":true,"valueName":"search_term_string"}}],"inLanguage":"fr-FR"}]}},"_links":{"self":[{"href":"https:\/\/www.machinesproduction.fr\/tv\/wp-json\/wp\/v2\/pages\/2259","targetHints":{"allow":["GET"]}}],"collection":[{"href":"https:\/\/www.machinesproduction.fr\/tv\/wp-json\/wp\/v2\/pages"}],"about":[{"href":"https:\/\/www.machinesproduction.fr\/tv\/wp-json\/wp\/v2\/types\/page"}],"author":[{"embeddable":true,"href":"https:\/\/www.machinesproduction.fr\/tv\/wp-json\/wp\/v2\/users\/3"}],"replies":[{"embeddable":true,"href":"https:\/\/www.machinesproduction.fr\/tv\/wp-json\/wp\/v2\/comments?post=2259"}],"version-history":[{"count":3,"href":"https:\/\/www.machinesproduction.fr\/tv\/wp-json\/wp\/v2\/pages\/2259\/revisions"}],"predecessor-version":[{"id":2264,"href":"https:\/\/www.machinesproduction.fr\/tv\/wp-json\/wp\/v2\/pages\/2259\/revisions\/2264"}],"wp:featuredmedia":[{"embeddable":true,"href":"https:\/\/www.machinesproduction.fr\/tv\/wp-json\/wp\/v2\/media\/2262"}],"wp:attachment":[{"href":"https:\/\/www.machinesproduction.fr\/tv\/wp-json\/wp\/v2\/media?parent=2259"}],"wp:term":[{"taxonomy":"wf_page_folders","embeddable":true,"href":"https:\/\/www.machinesproduction.fr\/tv\/wp-json\/wp\/v2\/wf_page_folders?post=2259"}],"curies":[{"name":"wp","href":"https:\/\/api.w.org\/{rel}","templated":true}]}}