{"id":2252,"date":"2024-06-05T09:49:05","date_gmt":"2024-06-05T08:49:05","guid":{"rendered":"https:\/\/www.machinesproduction.fr\/tv\/?page_id=2252"},"modified":"2024-06-05T09:57:20","modified_gmt":"2024-06-05T08:57:20","slug":"live-44-biemh","status":"publish","type":"page","link":"https:\/\/www.machinesproduction.fr\/tv\/live-44-biemh\/","title":{"rendered":"Live 44 &#8211; BIEMH"},"content":{"rendered":"<section class=\"wpb-content-wrapper\"><p>[vc_row equal_height=&#8221;yes&#8221; content_placement=&#8221;middle&#8221;][vc_column][vc_row_inner equal_height=&#8221;yes&#8221; content_placement=&#8221;middle&#8221;][vc_column_inner centered_cont_vertical=&#8221;true&#8221;][vc_column_text]<\/p>\n<h1 data-wp-editing=\"1\"><span style=\"color: #009ddf;\">BIEMH 2024 &#8211; Le Rendez-vous de la fabrication avanc\u00e9e<\/span><\/h1>\n<p>[\/vc_column_text][\/vc_column_inner][\/vc_row_inner][\/vc_column][\/vc_row][vc_row full_width=&#8221;stretch_row_content_no_spaces&#8221; top_padding=&#8221;50&#8243;][vc_column offset=&#8221;vc_col-xs-12&#8243;][vc_raw_html el_class=&#8221;video-container&#8221; el_id=&#8221;video-container&#8221;]JTNDZGl2JTIwY2xhc3MlM0QlMjJ2aWRlby1jb250YWluZXIlMjIlM0UlMEElMjAlM0NpZnJhbWUlMjB3aWR0aCUzRCUyMjEyODAlMjIlMjBoZWlnaHQlM0QlMjI3MjAlMjIlMjBzcmMlM0QlMjJodHRwcyUzQSUyRiUyRnd3dy55b3V0dWJlLmNvbSUyRmVtYmVkJTJGOGg4TU5WLTR4cmclM0ZzaSUzRGIyQzNxcVJVWUZSdzBIazklMjIlMjB0aXRsZSUzRCUyMllvdVR1YmUlMjB2aWRlbyUyMHBsYXllciUyMiUyMGZyYW1lYm9yZGVyJTNEJTIyMCUyMiUyMGFsbG93JTNEJTIyYWNjZWxlcm9tZXRlciUzQiUyMGF1dG9wbGF5JTNCJTIwY2xpcGJvYXJkLXdyaXRlJTNCJTIwZW5jcnlwdGVkLW1lZGlhJTNCJTIwZ3lyb3Njb3BlJTNCJTIwcGljdHVyZS1pbi1waWN0dXJlJTNCJTIwd2ViLXNoYXJlJTIyJTIwYWxsb3dmdWxsc2NyZWVuJTNFJTNDJTJGaWZyYW1lJTNFJTBBJTNDJTJGZGl2JTNF[\/vc_raw_html][\/vc_column][\/vc_row][vc_row equal_height=&#8221;yes&#8221; content_placement=&#8221;middle&#8221; top_padding=&#8221;40&#8243;][vc_column][vc_empty_space height=&#8221;30px&#8221;][vc_column_text]<\/p>\n<h2 class=\"LEMONDE\"><span style=\"color: #009ddf;\"><b>BIEMH, le rendez-vous de la fabrication avanc\u00e9e<\/b><\/span><\/h2>\n<p class=\"LEMONDE\"><span style=\"color: #ffffff;\">A BIEMH, les stars, ce sont les grandes machines-outils. Et elles en imposent de l\u2019autre c\u00f4t\u00e9 des Pyr\u00e9n\u00e9es, au sein du parc des expositions de Bilbao Exhibition Centre (BEC), qui accueille jusqu\u2019au 7 juin la biennale internationale de la machine-outil, au c\u0153ur du pays basque espagnol.<\/span><\/p>\n<p class=\"LEMONDE\"><span style=\"color: #ffffff;\">Pour cette 32e \u00e9dition, ce sont plus de 1 600 entreprises exposantes, venues de 29 pays, et plus de 3 500 produits et services pr\u00e9sent\u00e9s.<\/span><\/p>\n<p class=\"LEMONDE\"><span style=\"color: #ffffff;\">Pour Cristina Campo, la directrice visiteurs au BEC, ce sont non seulement plusieurs grandes machines expos\u00e9es, mais qui sont surtout en fonctionnement. En effet, cette typologie de machine est \u00ab\u00a0une partie importante de la structure industrielle au Pays basque\u00a0\u00bb, assure-t-elle au micro de Machines Production TV, dans un accent fran\u00e7ais impeccable. C\u2019est un \u00e9l\u00e9ment qui fait la diff\u00e9rence.\u00a0\u00bb<\/span><\/p>\n<p class=\"LEMONDE\"><span style=\"color: #ffffff;\">Une des volont\u00e9s de l\u2019\u00e9quipe organisatrice est d\u2019offrir \u00ab\u00a0des solutions\u00a0de fabrication avanc\u00e9e\u00a0\u00bb, car l\u2019industrie 4.0, qui n\u2019a aucune fronti\u00e8re, se refl\u00e8te par une transformation des modes de production, qui pousse les industriels \u00e0 se doter d\u2019outils encore plus agiles. C\u2019est ce que les visiteurs peuvent retrouver \u00e0 la BIEMH. Et comme le souligne Cristina Campo, un \u00ab\u00a0gros travail\u00a0\u00bb a \u00e9t\u00e9 r\u00e9alis\u00e9 en amont du salon pour attirer les professionnels au salon bilbayen. \u00ab\u00a0Des visiteurs ayant un pouvoir de d\u00e9cision et un pouvoir d\u2019investissement\u00a0\u00bb, glisse Mme Campo.<\/span><\/p>\n<p class=\"LEMONDE\"><span style=\"color: #ffffff;\">Le climat, en dehors du ciel bleu azur, qui illuminait, mardi 4 juin, le grand complexe aux six pavillons, est \u00e9galement au beau fixe sur le front des affaires. Et la BIEMH arrive \u00e0 point nomm\u00e9\u00a0: \u00ab\u00a0Le climat est parfait, parce qu\u2019en 2023, la France a \u00e9t\u00e9 un march\u00e9 tr\u00e8s important pour le secteur de la machine-outil en Espagne.\u00a0\u00bb Et cela se ressentait dans les all\u00e9es du Bilbao Exhibition Centre, \u00ab\u00a0puisque beaucoup de visiteurs fran\u00e7ais ont montr\u00e9 leur int\u00e9r\u00eat \u00e0 venir sur notre salon\u00a0\u00bb, assure Cristina Campo.<\/span><\/p>\n<p>[\/vc_column_text][\/vc_column][\/vc_row][vc_row][vc_column][\/vc_column][\/vc_row]<\/p>\n<\/section>","protected":false},"excerpt":{"rendered":"<p>[vc_row equal_height=&#8221;yes&#8221; content_placement=&#8221;middle&#8221;][vc_column][vc_row_inner equal_height=&#8221;yes&#8221; content_placement=&#8221;middle&#8221;][vc_column_inner centered_cont_vertical=&#8221;true&#8221;][vc_column_text] BIEMH 2024 &#8211; Le Rendez-vous de la fabrication avanc\u00e9e [\/vc_column_text][\/vc_column_inner][\/vc_row_inner][\/vc_column][\/vc_row][vc_row full_width=&#8221;stretch_row_content_no_spaces&#8221; top_padding=&#8221;50&#8243;][vc_column offset=&#8221;vc_col-xs-12&#8243;][vc_raw_html el_class=&#8221;video-container&#8221; el_id=&#8221;video-container&#8221;]JTNDZGl2JTIwY2xhc3MlM0QlMjJ2aWRlby1jb250YWluZXIlMjIlM0UlMEElMjAlM0NpZnJhbWUlMjB3aWR0aCUzRCUyMjEyODAlMjIlMjBoZWlnaHQlM0QlMjI3MjAlMjIlMjBzcmMlM0QlMjJodHRwcyUzQSUyRiUyRnd3dy55b3V0dWJlLmNvbSUyRmVtYmVkJTJGOGg4TU5WLTR4cmclM0ZzaSUzRGIyQzNxcVJVWUZSdzBIazklMjIlMjB0aXRsZSUzRCUyMllvdVR1YmUlMjB2aWRlbyUyMHBsYXllciUyMiUyMGZyYW1lYm9yZGVyJTNEJTIyMCUyMiUyMGFsbG93JTNEJTIyYWNjZWxlcm9tZXRlciUzQiUyMGF1dG9wbGF5JTNCJTIwY2xpcGJvYXJkLXdyaXRlJTNCJTIwZW5jcnlwdGVkLW1lZGlhJTNCJTIwZ3lyb3Njb3BlJTNCJTIwcGljdHVyZS1pbi1waWN0dXJlJTNCJTIwd2ViLXNoYXJlJTIyJTIwYWxsb3dmdWxsc2NyZWVuJTNFJTNDJTJGaWZyYW1lJTNFJTBBJTNDJTJGZGl2JTNF[\/vc_raw_html][\/vc_column][\/vc_row][vc_row equal_height=&#8221;yes&#8221; content_placement=&#8221;middle&#8221; top_padding=&#8221;40&#8243;][vc_column][vc_empty_space height=&#8221;30px&#8221;][vc_column_text] BIEMH, le rendez-vous de la fabrication avanc\u00e9e A BIEMH, les stars, ce sont les grandes machines-outils. Et elles en imposent de l\u2019autre c\u00f4t\u00e9 des Pyr\u00e9n\u00e9es, au sein du parc des [&hellip;]<\/p>\n","protected":false},"author":3,"featured_media":2255,"parent":0,"menu_order":0,"comment_status":"closed","ping_status":"closed","template":"","meta":{"_monsterinsights_skip_tracking":false,"_monsterinsights_sitenote_active":false,"_monsterinsights_sitenote_note":"","_monsterinsights_sitenote_category":0,"footnotes":""},"wf_page_folders":[13],"class_list":["post-2252","page","type-page","status-publish","has-post-thumbnail","hentry"],"yoast_head":"<!-- This site is optimized with the Yoast SEO plugin v27.1.1 - https:\/\/yoast.com\/product\/yoast-seo-wordpress\/ -->\n<title>MP Live - BIEMH 2024: Le Salon Incontournable de la Fabrication Avanc\u00e9e<\/title>\n<meta name=\"description\" content=\"Plongez dans l\u2019\u00e9dition 2024 de la BIEMH au Bilbao Exhibition Centre, o\u00f9 plus de 1 600 entreprises de 29 pays pr\u00e9sentent les derni\u00e8res innovations en machines-outils et solutions pour l\u2019industrie 4.0. D\u00e9couvrez plus sur Machines Production TV.\" \/>\n<meta name=\"robots\" content=\"index, follow, max-snippet:-1, max-image-preview:large, max-video-preview:-1\" \/>\n<link rel=\"canonical\" href=\"https:\/\/www.machinesproduction.fr\/tv\/live-44-biemh\/\" \/>\n<meta property=\"og:locale\" content=\"fr_FR\" \/>\n<meta property=\"og:type\" content=\"article\" \/>\n<meta property=\"og:title\" content=\"BIEMH 2024: Le Salon Incontournable de la Fabrication Avanc\u00e9e\" \/>\n<meta property=\"og:description\" content=\"Plongez dans l\u2019\u00e9dition 2024 de la BIEMH au Bilbao Exhibition Centre, o\u00f9 plus de 1 600 entreprises de 29 pays pr\u00e9sentent les derni\u00e8res innovations en machines-outils et solutions pour l\u2019industrie 4.0. D\u00e9couvrez plus sur Machines Production TV.\" \/>\n<meta property=\"og:url\" content=\"https:\/\/www.machinesproduction.fr\/tv\/live-44-biemh\/\" \/>\n<meta property=\"og:site_name\" content=\"Machines Production TV\" \/>\n<meta property=\"article:modified_time\" content=\"2024-06-05T08:57:20+00:00\" \/>\n<meta property=\"og:image\" content=\"https:\/\/www.machinesproduction.fr\/tv\/wp-content\/uploads\/2024\/06\/Live-BIEMH-32e.jpg\" \/>\n\t<meta property=\"og:image:width\" content=\"1280\" \/>\n\t<meta property=\"og:image:height\" content=\"720\" \/>\n\t<meta property=\"og:image:type\" content=\"image\/jpeg\" \/>\n<meta name=\"twitter:card\" content=\"summary_large_image\" \/>\n<meta name=\"twitter:title\" content=\"BIEMH 2024: Le Salon Incontournable de la Fabrication Avanc\u00e9e\" \/>\n<meta name=\"twitter:description\" content=\"Plongez dans l\u2019\u00e9dition 2024 de la BIEMH au Bilbao Exhibition Centre, o\u00f9 plus de 1 600 entreprises de 29 pays pr\u00e9sentent les derni\u00e8res innovations en machines-outils et solutions pour l\u2019industrie 4.0. D\u00e9couvrez plus sur Machines Production TV.\" \/>\n<meta name=\"twitter:image\" content=\"https:\/\/www.machinesproduction.fr\/tv\/wp-content\/uploads\/2024\/06\/Live-BIEMH-32e.jpg\" \/>\n<meta name=\"twitter:label1\" content=\"Dur\u00e9e de lecture estim\u00e9e\" \/>\n\t<meta name=\"twitter:data1\" content=\"1 minute\" \/>\n<script type=\"application\/ld+json\" class=\"yoast-schema-graph\">{\"@context\":\"https:\/\/schema.org\",\"@graph\":[{\"@type\":\"WebPage\",\"@id\":\"https:\/\/www.machinesproduction.fr\/tv\/live-44-biemh\/\",\"url\":\"https:\/\/www.machinesproduction.fr\/tv\/live-44-biemh\/\",\"name\":\"MP Live - BIEMH 2024: Le Salon Incontournable de la Fabrication Avanc\u00e9e\",\"isPartOf\":{\"@id\":\"https:\/\/www.machinesproduction.fr\/tv\/#website\"},\"primaryImageOfPage\":{\"@id\":\"https:\/\/www.machinesproduction.fr\/tv\/live-44-biemh\/#primaryimage\"},\"image\":{\"@id\":\"https:\/\/www.machinesproduction.fr\/tv\/live-44-biemh\/#primaryimage\"},\"thumbnailUrl\":\"https:\/\/www.machinesproduction.fr\/tv\/wp-content\/uploads\/2024\/06\/Live-BIEMH-32e.jpg\",\"datePublished\":\"2024-06-05T08:49:05+00:00\",\"dateModified\":\"2024-06-05T08:57:20+00:00\",\"description\":\"Plongez dans l\u2019\u00e9dition 2024 de la BIEMH au Bilbao Exhibition Centre, o\u00f9 plus de 1 600 entreprises de 29 pays pr\u00e9sentent les derni\u00e8res innovations en machines-outils et solutions pour l\u2019industrie 4.0. D\u00e9couvrez plus sur Machines Production TV.\",\"breadcrumb\":{\"@id\":\"https:\/\/www.machinesproduction.fr\/tv\/live-44-biemh\/#breadcrumb\"},\"inLanguage\":\"fr-FR\",\"potentialAction\":[{\"@type\":\"ReadAction\",\"target\":[\"https:\/\/www.machinesproduction.fr\/tv\/live-44-biemh\/\"]}]},{\"@type\":\"ImageObject\",\"inLanguage\":\"fr-FR\",\"@id\":\"https:\/\/www.machinesproduction.fr\/tv\/live-44-biemh\/#primaryimage\",\"url\":\"https:\/\/www.machinesproduction.fr\/tv\/wp-content\/uploads\/2024\/06\/Live-BIEMH-32e.jpg\",\"contentUrl\":\"https:\/\/www.machinesproduction.fr\/tv\/wp-content\/uploads\/2024\/06\/Live-BIEMH-32e.jpg\",\"width\":1280,\"height\":720},{\"@type\":\"BreadcrumbList\",\"@id\":\"https:\/\/www.machinesproduction.fr\/tv\/live-44-biemh\/#breadcrumb\",\"itemListElement\":[{\"@type\":\"ListItem\",\"position\":1,\"name\":\"Home\",\"item\":\"https:\/\/www.machinesproduction.fr\/tv\/\"},{\"@type\":\"ListItem\",\"position\":2,\"name\":\"Live 44 &#8211; BIEMH\"}]},{\"@type\":\"WebSite\",\"@id\":\"https:\/\/www.machinesproduction.fr\/tv\/#website\",\"url\":\"https:\/\/www.machinesproduction.fr\/tv\/\",\"name\":\"Machines Production TV\",\"description\":\"\",\"potentialAction\":[{\"@type\":\"SearchAction\",\"target\":{\"@type\":\"EntryPoint\",\"urlTemplate\":\"https:\/\/www.machinesproduction.fr\/tv\/?s={search_term_string}\"},\"query-input\":{\"@type\":\"PropertyValueSpecification\",\"valueRequired\":true,\"valueName\":\"search_term_string\"}}],\"inLanguage\":\"fr-FR\"}]}<\/script>\n<!-- \/ Yoast SEO plugin. -->","yoast_head_json":{"title":"MP Live - BIEMH 2024: Le Salon Incontournable de la Fabrication Avanc\u00e9e","description":"Plongez dans l\u2019\u00e9dition 2024 de la BIEMH au Bilbao Exhibition Centre, o\u00f9 plus de 1 600 entreprises de 29 pays pr\u00e9sentent les derni\u00e8res innovations en machines-outils et solutions pour l\u2019industrie 4.0. D\u00e9couvrez plus sur Machines Production TV.","robots":{"index":"index","follow":"follow","max-snippet":"max-snippet:-1","max-image-preview":"max-image-preview:large","max-video-preview":"max-video-preview:-1"},"canonical":"https:\/\/www.machinesproduction.fr\/tv\/live-44-biemh\/","og_locale":"fr_FR","og_type":"article","og_title":"BIEMH 2024: Le Salon Incontournable de la Fabrication Avanc\u00e9e","og_description":"Plongez dans l\u2019\u00e9dition 2024 de la BIEMH au Bilbao Exhibition Centre, o\u00f9 plus de 1 600 entreprises de 29 pays pr\u00e9sentent les derni\u00e8res innovations en machines-outils et solutions pour l\u2019industrie 4.0. D\u00e9couvrez plus sur Machines Production TV.","og_url":"https:\/\/www.machinesproduction.fr\/tv\/live-44-biemh\/","og_site_name":"Machines Production TV","article_modified_time":"2024-06-05T08:57:20+00:00","og_image":[{"width":1280,"height":720,"url":"https:\/\/www.machinesproduction.fr\/tv\/wp-content\/uploads\/2024\/06\/Live-BIEMH-32e.jpg","type":"image\/jpeg"}],"twitter_card":"summary_large_image","twitter_title":"BIEMH 2024: Le Salon Incontournable de la Fabrication Avanc\u00e9e","twitter_description":"Plongez dans l\u2019\u00e9dition 2024 de la BIEMH au Bilbao Exhibition Centre, o\u00f9 plus de 1 600 entreprises de 29 pays pr\u00e9sentent les derni\u00e8res innovations en machines-outils et solutions pour l\u2019industrie 4.0. D\u00e9couvrez plus sur Machines Production TV.","twitter_image":"https:\/\/www.machinesproduction.fr\/tv\/wp-content\/uploads\/2024\/06\/Live-BIEMH-32e.jpg","twitter_misc":{"Dur\u00e9e de lecture estim\u00e9e":"1 minute"},"schema":{"@context":"https:\/\/schema.org","@graph":[{"@type":"WebPage","@id":"https:\/\/www.machinesproduction.fr\/tv\/live-44-biemh\/","url":"https:\/\/www.machinesproduction.fr\/tv\/live-44-biemh\/","name":"MP Live - BIEMH 2024: Le Salon Incontournable de la Fabrication Avanc\u00e9e","isPartOf":{"@id":"https:\/\/www.machinesproduction.fr\/tv\/#website"},"primaryImageOfPage":{"@id":"https:\/\/www.machinesproduction.fr\/tv\/live-44-biemh\/#primaryimage"},"image":{"@id":"https:\/\/www.machinesproduction.fr\/tv\/live-44-biemh\/#primaryimage"},"thumbnailUrl":"https:\/\/www.machinesproduction.fr\/tv\/wp-content\/uploads\/2024\/06\/Live-BIEMH-32e.jpg","datePublished":"2024-06-05T08:49:05+00:00","dateModified":"2024-06-05T08:57:20+00:00","description":"Plongez dans l\u2019\u00e9dition 2024 de la BIEMH au Bilbao Exhibition Centre, o\u00f9 plus de 1 600 entreprises de 29 pays pr\u00e9sentent les derni\u00e8res innovations en machines-outils et solutions pour l\u2019industrie 4.0. D\u00e9couvrez plus sur Machines Production TV.","breadcrumb":{"@id":"https:\/\/www.machinesproduction.fr\/tv\/live-44-biemh\/#breadcrumb"},"inLanguage":"fr-FR","potentialAction":[{"@type":"ReadAction","target":["https:\/\/www.machinesproduction.fr\/tv\/live-44-biemh\/"]}]},{"@type":"ImageObject","inLanguage":"fr-FR","@id":"https:\/\/www.machinesproduction.fr\/tv\/live-44-biemh\/#primaryimage","url":"https:\/\/www.machinesproduction.fr\/tv\/wp-content\/uploads\/2024\/06\/Live-BIEMH-32e.jpg","contentUrl":"https:\/\/www.machinesproduction.fr\/tv\/wp-content\/uploads\/2024\/06\/Live-BIEMH-32e.jpg","width":1280,"height":720},{"@type":"BreadcrumbList","@id":"https:\/\/www.machinesproduction.fr\/tv\/live-44-biemh\/#breadcrumb","itemListElement":[{"@type":"ListItem","position":1,"name":"Home","item":"https:\/\/www.machinesproduction.fr\/tv\/"},{"@type":"ListItem","position":2,"name":"Live 44 &#8211; BIEMH"}]},{"@type":"WebSite","@id":"https:\/\/www.machinesproduction.fr\/tv\/#website","url":"https:\/\/www.machinesproduction.fr\/tv\/","name":"Machines Production TV","description":"","potentialAction":[{"@type":"SearchAction","target":{"@type":"EntryPoint","urlTemplate":"https:\/\/www.machinesproduction.fr\/tv\/?s={search_term_string}"},"query-input":{"@type":"PropertyValueSpecification","valueRequired":true,"valueName":"search_term_string"}}],"inLanguage":"fr-FR"}]}},"_links":{"self":[{"href":"https:\/\/www.machinesproduction.fr\/tv\/wp-json\/wp\/v2\/pages\/2252","targetHints":{"allow":["GET"]}}],"collection":[{"href":"https:\/\/www.machinesproduction.fr\/tv\/wp-json\/wp\/v2\/pages"}],"about":[{"href":"https:\/\/www.machinesproduction.fr\/tv\/wp-json\/wp\/v2\/types\/page"}],"author":[{"embeddable":true,"href":"https:\/\/www.machinesproduction.fr\/tv\/wp-json\/wp\/v2\/users\/3"}],"replies":[{"embeddable":true,"href":"https:\/\/www.machinesproduction.fr\/tv\/wp-json\/wp\/v2\/comments?post=2252"}],"version-history":[{"count":3,"href":"https:\/\/www.machinesproduction.fr\/tv\/wp-json\/wp\/v2\/pages\/2252\/revisions"}],"predecessor-version":[{"id":2257,"href":"https:\/\/www.machinesproduction.fr\/tv\/wp-json\/wp\/v2\/pages\/2252\/revisions\/2257"}],"wp:featuredmedia":[{"embeddable":true,"href":"https:\/\/www.machinesproduction.fr\/tv\/wp-json\/wp\/v2\/media\/2255"}],"wp:attachment":[{"href":"https:\/\/www.machinesproduction.fr\/tv\/wp-json\/wp\/v2\/media?parent=2252"}],"wp:term":[{"taxonomy":"wf_page_folders","embeddable":true,"href":"https:\/\/www.machinesproduction.fr\/tv\/wp-json\/wp\/v2\/wf_page_folders?post=2252"}],"curies":[{"name":"wp","href":"https:\/\/api.w.org\/{rel}","templated":true}]}}