{"id":2242,"date":"2024-05-22T21:21:13","date_gmt":"2024-05-22T20:21:13","guid":{"rendered":"https:\/\/www.machinesproduction.fr\/tv\/?page_id=2242"},"modified":"2024-05-22T21:58:20","modified_gmt":"2024-05-22T20:58:20","slug":"live-43-smw-autoblok","status":"publish","type":"page","link":"https:\/\/www.machinesproduction.fr\/tv\/live-43-smw-autoblok\/","title":{"rendered":"Live 43 &#8211; SMW Autoblok"},"content":{"rendered":"<section class=\"wpb-content-wrapper\"><p>[vc_row equal_height=&#8221;yes&#8221; content_placement=&#8221;middle&#8221;][vc_column][vc_row_inner equal_height=&#8221;yes&#8221; content_placement=&#8221;middle&#8221;][vc_column_inner centered_cont_vertical=&#8221;true&#8221;][vc_column_text]<\/p>\n<h1 data-wp-editing=\"1\"><span style=\"color: #009ddf;\">SMW AUTOBLOK &#8211; Syst\u00e8me de Palettisation Manuel<\/span><\/h1>\n<p>[\/vc_column_text][\/vc_column_inner][\/vc_row_inner][\/vc_column][\/vc_row][vc_row full_width=&#8221;stretch_row_content_no_spaces&#8221; top_padding=&#8221;50&#8243;][vc_column offset=&#8221;vc_col-xs-12&#8243;][vc_raw_html el_class=&#8221;video-container&#8221; el_id=&#8221;video-container&#8221;]JTNDZGl2JTIwY2xhc3MlM0QlMjJ2aWRlby1jb250YWluZXIlMjIlM0UlMEElMjAlM0NpZnJhbWUlMjB3aWR0aCUzRCUyMjEyODAlMjIlMjBoZWlnaHQlM0QlMjI3MjAlMjIlMjBzcmMlM0QlMjJodHRwcyUzQSUyRiUyRnd3dy55b3V0dWJlLmNvbSUyRmVtYmVkJTJGU3dYLUV5dmhsaTQlM0ZzaSUzREFLMUVaSU5kek8zRDhnM1UlMjIlMjB0aXRsZSUzRCUyMllvdVR1YmUlMjB2aWRlbyUyMHBsYXllciUyMiUyMGZyYW1lYm9yZGVyJTNEJTIyMCUyMiUyMGFsbG93JTNEJTIyYWNjZWxlcm9tZXRlciUzQiUyMGF1dG9wbGF5JTNCJTIwY2xpcGJvYXJkLXdyaXRlJTNCJTIwZW5jcnlwdGVkLW1lZGlhJTNCJTIwZ3lyb3Njb3BlJTNCJTIwcGljdHVyZS1pbi1waWN0dXJlJTNCJTIwd2ViLXNoYXJlJTIyJTIwYWxsb3dmdWxsc2NyZWVuJTNFJTNDJTJGaWZyYW1lJTNFJTBBJTNDJTJGZGl2JTNF[\/vc_raw_html][\/vc_column][\/vc_row][vc_row equal_height=&#8221;yes&#8221; content_placement=&#8221;middle&#8221; top_padding=&#8221;40&#8243;][vc_column][vc_empty_space height=&#8221;30px&#8221;][vc_column_text]<\/p>\n<h2 style=\"font-weight: 400;\"><span style=\"color: #009ddf;\">Gagnez du temps lors des changements d\u2019outillage sur les centres d\u2019usinage.<\/span><\/h2>\n<p style=\"font-weight: 400;\"><span style=\"color: #ffffff;\">Ce nouveau syst\u00e8me de palettisation \u00e0 serrage manuel d\u00e9couvert lors du salon Global Industrie, \u00e0 Paris, permettra d\u2019accroitre votre productivit\u00e9.<br \/>\nCar ce dispositif a \u00e9t\u00e9 con\u00e7u pour des changements d\u2019outils de mani\u00e8re pr\u00e9cise et rapide, r\u00e9duisant tout autant les temps d\u2019arr\u00eat machine.<br \/>\nCe syst\u00e8me a un autre avantage : il permet de rendre la version palette des outillages SMW Autoblok encore plus accessibles pour les entreprises de m\u00e9canique, en particulier lorsqu\u2019ils sont associ\u00e9s \u00e0 des \u00e9taux de type V5.<br \/>\nD\u00e9monstration en vid\u00e9o, avec Pierre Nocent, r\u00e9f\u00e9rent produit fraisage chez SMW Autoblok.<\/span>[\/vc_column_text][\/vc_column][\/vc_row][vc_row][vc_column][\/vc_column][\/vc_row]<\/p>\n<\/section>","protected":false},"excerpt":{"rendered":"<p>[vc_row equal_height=&#8221;yes&#8221; content_placement=&#8221;middle&#8221;][vc_column][vc_row_inner equal_height=&#8221;yes&#8221; content_placement=&#8221;middle&#8221;][vc_column_inner centered_cont_vertical=&#8221;true&#8221;][vc_column_text] SMW AUTOBLOK &#8211; Syst\u00e8me de Palettisation Manuel [\/vc_column_text][\/vc_column_inner][\/vc_row_inner][\/vc_column][\/vc_row][vc_row full_width=&#8221;stretch_row_content_no_spaces&#8221; top_padding=&#8221;50&#8243;][vc_column offset=&#8221;vc_col-xs-12&#8243;][vc_raw_html el_class=&#8221;video-container&#8221; el_id=&#8221;video-container&#8221;]JTNDZGl2JTIwY2xhc3MlM0QlMjJ2aWRlby1jb250YWluZXIlMjIlM0UlMEElMjAlM0NpZnJhbWUlMjB3aWR0aCUzRCUyMjEyODAlMjIlMjBoZWlnaHQlM0QlMjI3MjAlMjIlMjBzcmMlM0QlMjJodHRwcyUzQSUyRiUyRnd3dy55b3V0dWJlLmNvbSUyRmVtYmVkJTJGU3dYLUV5dmhsaTQlM0ZzaSUzREFLMUVaSU5kek8zRDhnM1UlMjIlMjB0aXRsZSUzRCUyMllvdVR1YmUlMjB2aWRlbyUyMHBsYXllciUyMiUyMGZyYW1lYm9yZGVyJTNEJTIyMCUyMiUyMGFsbG93JTNEJTIyYWNjZWxlcm9tZXRlciUzQiUyMGF1dG9wbGF5JTNCJTIwY2xpcGJvYXJkLXdyaXRlJTNCJTIwZW5jcnlwdGVkLW1lZGlhJTNCJTIwZ3lyb3Njb3BlJTNCJTIwcGljdHVyZS1pbi1waWN0dXJlJTNCJTIwd2ViLXNoYXJlJTIyJTIwYWxsb3dmdWxsc2NyZWVuJTNFJTNDJTJGaWZyYW1lJTNFJTBBJTNDJTJGZGl2JTNF[\/vc_raw_html][\/vc_column][\/vc_row][vc_row equal_height=&#8221;yes&#8221; content_placement=&#8221;middle&#8221; top_padding=&#8221;40&#8243;][vc_column][vc_empty_space height=&#8221;30px&#8221;][vc_column_text] Gagnez du temps lors des changements d\u2019outillage sur les centres d\u2019usinage. Ce nouveau syst\u00e8me de palettisation \u00e0 serrage manuel d\u00e9couvert lors du salon Global Industrie, \u00e0 Paris, permettra d\u2019accroitre votre productivit\u00e9. Car [&hellip;]<\/p>\n","protected":false},"author":3,"featured_media":2245,"parent":0,"menu_order":0,"comment_status":"closed","ping_status":"closed","template":"","meta":{"_monsterinsights_skip_tracking":false,"_monsterinsights_sitenote_active":false,"_monsterinsights_sitenote_note":"","_monsterinsights_sitenote_category":0,"footnotes":""},"wf_page_folders":[13],"class_list":["post-2242","page","type-page","status-publish","has-post-thumbnail","hentry"],"yoast_head":"<!-- This site is optimized with the Yoast SEO plugin v27.1.1 - https:\/\/yoast.com\/product\/yoast-seo-wordpress\/ -->\n<title>MP Live : SMW Autoblok: Optimisez Votre Production avec le Nouveau Syst\u00e8me de Palettisation Manuel<\/title>\n<meta name=\"description\" content=\"D\u00e9couvrez le nouveau syst\u00e8me de palettisation \u00e0 serrage manuel de SMW Autoblok pr\u00e9sent\u00e9 lors du salon Global Industrie. Acc\u00e9l\u00e9rez les changements d&#039;outillage sur vos centres d&#039;usinage et augmentez votre productivit\u00e9 avec des d\u00e9monstrations vid\u00e9o et des explications d\u00e9taill\u00e9es par Pierre Nocent.\" \/>\n<meta name=\"robots\" content=\"index, follow, max-snippet:-1, max-image-preview:large, max-video-preview:-1\" \/>\n<link rel=\"canonical\" href=\"https:\/\/www.machinesproduction.fr\/tv\/live-43-smw-autoblok\/\" \/>\n<meta property=\"og:locale\" content=\"fr_FR\" \/>\n<meta property=\"og:type\" content=\"article\" \/>\n<meta property=\"og:title\" content=\"SMW Autoblok: Optimisez Votre Production avec le Nouveau Syst\u00e8me de Palettisation Manuel\" \/>\n<meta property=\"og:description\" content=\"D\u00e9couvrez le nouveau syst\u00e8me de palettisation \u00e0 serrage manuel de SMW Autoblok pr\u00e9sent\u00e9 lors du salon Global Industrie. Acc\u00e9l\u00e9rez les changements d&#039;outillage sur vos centres d&#039;usinage et augmentez votre productivit\u00e9 avec des d\u00e9monstrations vid\u00e9o et des explications d\u00e9taill\u00e9es par Pierre Nocent.\" \/>\n<meta property=\"og:url\" content=\"https:\/\/www.machinesproduction.fr\/tv\/live-43-smw-autoblok\/\" \/>\n<meta property=\"og:site_name\" content=\"Machines Production TV\" \/>\n<meta property=\"article:modified_time\" content=\"2024-05-22T20:58:20+00:00\" \/>\n<meta property=\"og:image\" content=\"https:\/\/www.machinesproduction.fr\/tv\/wp-content\/uploads\/2024\/05\/Live-SMW-Autoblok.jpg\" \/>\n\t<meta property=\"og:image:width\" content=\"1280\" \/>\n\t<meta property=\"og:image:height\" content=\"720\" \/>\n\t<meta property=\"og:image:type\" content=\"image\/jpeg\" \/>\n<meta name=\"twitter:card\" content=\"summary_large_image\" \/>\n<meta name=\"twitter:title\" content=\"SMW Autoblok: Optimisez Votre Production avec le Nouveau Syst\u00e8me de Palettisation Manuel\" \/>\n<meta name=\"twitter:description\" content=\"D\u00e9couvrez le nouveau syst\u00e8me de palettisation \u00e0 serrage manuel de SMW Autoblok pr\u00e9sent\u00e9 lors du salon Global Industrie. Acc\u00e9l\u00e9rez les changements d&#039;outillage sur vos centres d&#039;usinage et augmentez votre productivit\u00e9 avec des d\u00e9monstrations vid\u00e9o et des explications d\u00e9taill\u00e9es par Pierre Nocent.\" \/>\n<meta name=\"twitter:image\" content=\"https:\/\/www.machinesproduction.fr\/tv\/wp-content\/uploads\/2024\/05\/Live-SMW-Autoblok.jpg\" \/>\n<meta name=\"twitter:label1\" content=\"Dur\u00e9e de lecture estim\u00e9e\" \/>\n\t<meta name=\"twitter:data1\" content=\"1 minute\" \/>\n<script type=\"application\/ld+json\" class=\"yoast-schema-graph\">{\"@context\":\"https:\/\/schema.org\",\"@graph\":[{\"@type\":\"WebPage\",\"@id\":\"https:\/\/www.machinesproduction.fr\/tv\/live-43-smw-autoblok\/\",\"url\":\"https:\/\/www.machinesproduction.fr\/tv\/live-43-smw-autoblok\/\",\"name\":\"MP Live : SMW Autoblok: Optimisez Votre Production avec le Nouveau Syst\u00e8me de Palettisation Manuel\",\"isPartOf\":{\"@id\":\"https:\/\/www.machinesproduction.fr\/tv\/#website\"},\"primaryImageOfPage\":{\"@id\":\"https:\/\/www.machinesproduction.fr\/tv\/live-43-smw-autoblok\/#primaryimage\"},\"image\":{\"@id\":\"https:\/\/www.machinesproduction.fr\/tv\/live-43-smw-autoblok\/#primaryimage\"},\"thumbnailUrl\":\"https:\/\/www.machinesproduction.fr\/tv\/wp-content\/uploads\/2024\/05\/Live-SMW-Autoblok.jpg\",\"datePublished\":\"2024-05-22T20:21:13+00:00\",\"dateModified\":\"2024-05-22T20:58:20+00:00\",\"description\":\"D\u00e9couvrez le nouveau syst\u00e8me de palettisation \u00e0 serrage manuel de SMW Autoblok pr\u00e9sent\u00e9 lors du salon Global Industrie. Acc\u00e9l\u00e9rez les changements d'outillage sur vos centres d'usinage et augmentez votre productivit\u00e9 avec des d\u00e9monstrations vid\u00e9o et des explications d\u00e9taill\u00e9es par Pierre Nocent.\",\"breadcrumb\":{\"@id\":\"https:\/\/www.machinesproduction.fr\/tv\/live-43-smw-autoblok\/#breadcrumb\"},\"inLanguage\":\"fr-FR\",\"potentialAction\":[{\"@type\":\"ReadAction\",\"target\":[\"https:\/\/www.machinesproduction.fr\/tv\/live-43-smw-autoblok\/\"]}]},{\"@type\":\"ImageObject\",\"inLanguage\":\"fr-FR\",\"@id\":\"https:\/\/www.machinesproduction.fr\/tv\/live-43-smw-autoblok\/#primaryimage\",\"url\":\"https:\/\/www.machinesproduction.fr\/tv\/wp-content\/uploads\/2024\/05\/Live-SMW-Autoblok.jpg\",\"contentUrl\":\"https:\/\/www.machinesproduction.fr\/tv\/wp-content\/uploads\/2024\/05\/Live-SMW-Autoblok.jpg\",\"width\":1280,\"height\":720},{\"@type\":\"BreadcrumbList\",\"@id\":\"https:\/\/www.machinesproduction.fr\/tv\/live-43-smw-autoblok\/#breadcrumb\",\"itemListElement\":[{\"@type\":\"ListItem\",\"position\":1,\"name\":\"Home\",\"item\":\"https:\/\/www.machinesproduction.fr\/tv\/\"},{\"@type\":\"ListItem\",\"position\":2,\"name\":\"Live 43 &#8211; SMW Autoblok\"}]},{\"@type\":\"WebSite\",\"@id\":\"https:\/\/www.machinesproduction.fr\/tv\/#website\",\"url\":\"https:\/\/www.machinesproduction.fr\/tv\/\",\"name\":\"Machines Production TV\",\"description\":\"\",\"potentialAction\":[{\"@type\":\"SearchAction\",\"target\":{\"@type\":\"EntryPoint\",\"urlTemplate\":\"https:\/\/www.machinesproduction.fr\/tv\/?s={search_term_string}\"},\"query-input\":{\"@type\":\"PropertyValueSpecification\",\"valueRequired\":true,\"valueName\":\"search_term_string\"}}],\"inLanguage\":\"fr-FR\"}]}<\/script>\n<!-- \/ Yoast SEO plugin. -->","yoast_head_json":{"title":"MP Live : SMW Autoblok: Optimisez Votre Production avec le Nouveau Syst\u00e8me de Palettisation Manuel","description":"D\u00e9couvrez le nouveau syst\u00e8me de palettisation \u00e0 serrage manuel de SMW Autoblok pr\u00e9sent\u00e9 lors du salon Global Industrie. Acc\u00e9l\u00e9rez les changements d'outillage sur vos centres d'usinage et augmentez votre productivit\u00e9 avec des d\u00e9monstrations vid\u00e9o et des explications d\u00e9taill\u00e9es par Pierre Nocent.","robots":{"index":"index","follow":"follow","max-snippet":"max-snippet:-1","max-image-preview":"max-image-preview:large","max-video-preview":"max-video-preview:-1"},"canonical":"https:\/\/www.machinesproduction.fr\/tv\/live-43-smw-autoblok\/","og_locale":"fr_FR","og_type":"article","og_title":"SMW Autoblok: Optimisez Votre Production avec le Nouveau Syst\u00e8me de Palettisation Manuel","og_description":"D\u00e9couvrez le nouveau syst\u00e8me de palettisation \u00e0 serrage manuel de SMW Autoblok pr\u00e9sent\u00e9 lors du salon Global Industrie. Acc\u00e9l\u00e9rez les changements d'outillage sur vos centres d'usinage et augmentez votre productivit\u00e9 avec des d\u00e9monstrations vid\u00e9o et des explications d\u00e9taill\u00e9es par Pierre Nocent.","og_url":"https:\/\/www.machinesproduction.fr\/tv\/live-43-smw-autoblok\/","og_site_name":"Machines Production TV","article_modified_time":"2024-05-22T20:58:20+00:00","og_image":[{"width":1280,"height":720,"url":"https:\/\/www.machinesproduction.fr\/tv\/wp-content\/uploads\/2024\/05\/Live-SMW-Autoblok.jpg","type":"image\/jpeg"}],"twitter_card":"summary_large_image","twitter_title":"SMW Autoblok: Optimisez Votre Production avec le Nouveau Syst\u00e8me de Palettisation Manuel","twitter_description":"D\u00e9couvrez le nouveau syst\u00e8me de palettisation \u00e0 serrage manuel de SMW Autoblok pr\u00e9sent\u00e9 lors du salon Global Industrie. Acc\u00e9l\u00e9rez les changements d'outillage sur vos centres d'usinage et augmentez votre productivit\u00e9 avec des d\u00e9monstrations vid\u00e9o et des explications d\u00e9taill\u00e9es par Pierre Nocent.","twitter_image":"https:\/\/www.machinesproduction.fr\/tv\/wp-content\/uploads\/2024\/05\/Live-SMW-Autoblok.jpg","twitter_misc":{"Dur\u00e9e de lecture estim\u00e9e":"1 minute"},"schema":{"@context":"https:\/\/schema.org","@graph":[{"@type":"WebPage","@id":"https:\/\/www.machinesproduction.fr\/tv\/live-43-smw-autoblok\/","url":"https:\/\/www.machinesproduction.fr\/tv\/live-43-smw-autoblok\/","name":"MP Live : SMW Autoblok: Optimisez Votre Production avec le Nouveau Syst\u00e8me de Palettisation Manuel","isPartOf":{"@id":"https:\/\/www.machinesproduction.fr\/tv\/#website"},"primaryImageOfPage":{"@id":"https:\/\/www.machinesproduction.fr\/tv\/live-43-smw-autoblok\/#primaryimage"},"image":{"@id":"https:\/\/www.machinesproduction.fr\/tv\/live-43-smw-autoblok\/#primaryimage"},"thumbnailUrl":"https:\/\/www.machinesproduction.fr\/tv\/wp-content\/uploads\/2024\/05\/Live-SMW-Autoblok.jpg","datePublished":"2024-05-22T20:21:13+00:00","dateModified":"2024-05-22T20:58:20+00:00","description":"D\u00e9couvrez le nouveau syst\u00e8me de palettisation \u00e0 serrage manuel de SMW Autoblok pr\u00e9sent\u00e9 lors du salon Global Industrie. Acc\u00e9l\u00e9rez les changements d'outillage sur vos centres d'usinage et augmentez votre productivit\u00e9 avec des d\u00e9monstrations vid\u00e9o et des explications d\u00e9taill\u00e9es par Pierre Nocent.","breadcrumb":{"@id":"https:\/\/www.machinesproduction.fr\/tv\/live-43-smw-autoblok\/#breadcrumb"},"inLanguage":"fr-FR","potentialAction":[{"@type":"ReadAction","target":["https:\/\/www.machinesproduction.fr\/tv\/live-43-smw-autoblok\/"]}]},{"@type":"ImageObject","inLanguage":"fr-FR","@id":"https:\/\/www.machinesproduction.fr\/tv\/live-43-smw-autoblok\/#primaryimage","url":"https:\/\/www.machinesproduction.fr\/tv\/wp-content\/uploads\/2024\/05\/Live-SMW-Autoblok.jpg","contentUrl":"https:\/\/www.machinesproduction.fr\/tv\/wp-content\/uploads\/2024\/05\/Live-SMW-Autoblok.jpg","width":1280,"height":720},{"@type":"BreadcrumbList","@id":"https:\/\/www.machinesproduction.fr\/tv\/live-43-smw-autoblok\/#breadcrumb","itemListElement":[{"@type":"ListItem","position":1,"name":"Home","item":"https:\/\/www.machinesproduction.fr\/tv\/"},{"@type":"ListItem","position":2,"name":"Live 43 &#8211; SMW Autoblok"}]},{"@type":"WebSite","@id":"https:\/\/www.machinesproduction.fr\/tv\/#website","url":"https:\/\/www.machinesproduction.fr\/tv\/","name":"Machines Production TV","description":"","potentialAction":[{"@type":"SearchAction","target":{"@type":"EntryPoint","urlTemplate":"https:\/\/www.machinesproduction.fr\/tv\/?s={search_term_string}"},"query-input":{"@type":"PropertyValueSpecification","valueRequired":true,"valueName":"search_term_string"}}],"inLanguage":"fr-FR"}]}},"_links":{"self":[{"href":"https:\/\/www.machinesproduction.fr\/tv\/wp-json\/wp\/v2\/pages\/2242","targetHints":{"allow":["GET"]}}],"collection":[{"href":"https:\/\/www.machinesproduction.fr\/tv\/wp-json\/wp\/v2\/pages"}],"about":[{"href":"https:\/\/www.machinesproduction.fr\/tv\/wp-json\/wp\/v2\/types\/page"}],"author":[{"embeddable":true,"href":"https:\/\/www.machinesproduction.fr\/tv\/wp-json\/wp\/v2\/users\/3"}],"replies":[{"embeddable":true,"href":"https:\/\/www.machinesproduction.fr\/tv\/wp-json\/wp\/v2\/comments?post=2242"}],"version-history":[{"count":5,"href":"https:\/\/www.machinesproduction.fr\/tv\/wp-json\/wp\/v2\/pages\/2242\/revisions"}],"predecessor-version":[{"id":2250,"href":"https:\/\/www.machinesproduction.fr\/tv\/wp-json\/wp\/v2\/pages\/2242\/revisions\/2250"}],"wp:featuredmedia":[{"embeddable":true,"href":"https:\/\/www.machinesproduction.fr\/tv\/wp-json\/wp\/v2\/media\/2245"}],"wp:attachment":[{"href":"https:\/\/www.machinesproduction.fr\/tv\/wp-json\/wp\/v2\/media?parent=2242"}],"wp:term":[{"taxonomy":"wf_page_folders","embeddable":true,"href":"https:\/\/www.machinesproduction.fr\/tv\/wp-json\/wp\/v2\/wf_page_folders?post=2242"}],"curies":[{"name":"wp","href":"https:\/\/api.w.org\/{rel}","templated":true}]}}