{"id":2187,"date":"2024-03-06T22:21:38","date_gmt":"2024-03-06T21:21:38","guid":{"rendered":"https:\/\/www.machinesproduction.fr\/tv\/?page_id=2187"},"modified":"2024-03-07T12:17:21","modified_gmt":"2024-03-07T11:17:21","slug":"live-42-reduire-emprunte-carbone","status":"publish","type":"page","link":"https:\/\/www.machinesproduction.fr\/tv\/live-42-reduire-emprunte-carbone\/","title":{"rendered":"Live 42 &#8211; R\u00e9duire emprunte carbone"},"content":{"rendered":"<section class=\"wpb-content-wrapper\"><p>[vc_row equal_height=&#8221;yes&#8221; content_placement=&#8221;middle&#8221;][vc_column][vc_row_inner equal_height=&#8221;yes&#8221; content_placement=&#8221;middle&#8221;][vc_column_inner centered_cont_vertical=&#8221;true&#8221;][vc_column_text]<\/p>\n<h1 data-wp-editing=\"1\"><span style=\"color: #009ddf;\">SIMODEC 2024 : R\u00e9duire son empreinte carbone<\/span><\/h1>\n<p>[\/vc_column_text][\/vc_column_inner][\/vc_row_inner][\/vc_column][\/vc_row][vc_row equal_height=&#8221;yes&#8221; content_placement=&#8221;middle&#8221;][vc_column][vc_empty_space height=&#8221;30px&#8221;][vc_video link=&#8221;https:\/\/youtu.be\/sgWecEDS78c&#8221;][vc_column_text]<\/p>\n<h2><strong><span style=\"color: #009ddf;\">La r\u00e9daction de Machines Production se mobilise au Simodec, le salon du d\u00e9colletage et de la fabrication m\u00e9canique de pr\u00e9cision, jusqu\u2019au 8 mars, \u00e0 La Roche-sur-Foron, en Haute-Savoie.<\/span><\/strong><\/h2>\n<p class=\"LEMONDE\">Dans ce Live, nous d\u00e9battons sur la d\u00e9carbonation des industries m\u00e9caniques. Comment financer des actions qui visent \u00e0 r\u00e9duire ses \u00e9missions de gaz \u00e0 effet de serre\u00a0? Comment r\u00e9aliser un bilan un carbone et quels b\u00e9n\u00e9fices peut-on en tirer. Avec les t\u00e9moignages de deux industriels.<\/p>\n<p class=\"LEMONDE\">D\u00e9couvrez comment cette transformation vers une production plus durable peut avoir des avantages parfois insoup\u00e7onn\u00e9s.<\/p>\n<p>[\/vc_column_text][\/vc_column][\/vc_row][vc_row][vc_column][\/vc_column][\/vc_row]<\/p>\n<\/section>","protected":false},"excerpt":{"rendered":"<p>[vc_row equal_height=&#8221;yes&#8221; content_placement=&#8221;middle&#8221;][vc_column][vc_row_inner equal_height=&#8221;yes&#8221; content_placement=&#8221;middle&#8221;][vc_column_inner centered_cont_vertical=&#8221;true&#8221;][vc_column_text] SIMODEC 2024 : R\u00e9duire son empreinte carbone [\/vc_column_text][\/vc_column_inner][\/vc_row_inner][\/vc_column][\/vc_row][vc_row equal_height=&#8221;yes&#8221; content_placement=&#8221;middle&#8221;][vc_column][vc_empty_space height=&#8221;30px&#8221;][vc_video link=&#8221;https:\/\/youtu.be\/sgWecEDS78c&#8221;][vc_column_text] La r\u00e9daction de Machines Production se mobilise au Simodec, le salon du d\u00e9colletage et de la fabrication m\u00e9canique de pr\u00e9cision, jusqu\u2019au 8 mars, \u00e0 La Roche-sur-Foron, en Haute-Savoie. Dans ce Live, nous d\u00e9battons sur la d\u00e9carbonation des [&hellip;]<\/p>\n","protected":false},"author":3,"featured_media":0,"parent":0,"menu_order":0,"comment_status":"closed","ping_status":"closed","template":"","meta":{"_monsterinsights_skip_tracking":false,"_monsterinsights_sitenote_active":false,"_monsterinsights_sitenote_note":"","_monsterinsights_sitenote_category":0,"footnotes":""},"wf_page_folders":[13],"class_list":["post-2187","page","type-page","status-publish","hentry"],"yoast_head":"<!-- This site is optimized with the Yoast SEO plugin v27.1.1 - https:\/\/yoast.com\/product\/yoast-seo-wordpress\/ -->\n<title>Live au SIMODEC : R\u00e9duire son Empreinte Carbone<\/title>\n<meta name=\"description\" content=\"Suivez la r\u00e9daction de Machines Production au Simodec pour un d\u00e9bat approfondi sur la d\u00e9carbonation des industries m\u00e9caniques. D\u00e9couvrez des strat\u00e9gies pour une production plus durable\" \/>\n<meta name=\"robots\" content=\"index, follow, max-snippet:-1, max-image-preview:large, max-video-preview:-1\" \/>\n<link rel=\"canonical\" href=\"https:\/\/www.machinesproduction.fr\/tv\/live-42-reduire-emprunte-carbone\/\" \/>\n<meta property=\"og:locale\" content=\"fr_FR\" \/>\n<meta property=\"og:type\" content=\"article\" \/>\n<meta property=\"og:title\" content=\"Live au SIMODEC : R\u00e9duire son Empreinte Carbone\" \/>\n<meta property=\"og:description\" content=\"Suivez la r\u00e9daction de Machines Production au Simodec pour un d\u00e9bat approfondi sur la d\u00e9carbonation des industries m\u00e9caniques. D\u00e9couvrez des strat\u00e9gies pour une production plus durable\" \/>\n<meta property=\"og:url\" content=\"https:\/\/www.machinesproduction.fr\/tv\/live-42-reduire-emprunte-carbone\/\" \/>\n<meta property=\"og:site_name\" content=\"Machines Production TV\" \/>\n<meta property=\"article:modified_time\" content=\"2024-03-07T11:17:21+00:00\" \/>\n<meta property=\"og:image\" content=\"https:\/\/www.machinesproduction.fr\/tv\/wp-content\/uploads\/2024\/03\/Live-Re\u0301duire-son-empreinte-carbone-Simodec.jpg\" \/>\n\t<meta property=\"og:image:width\" content=\"1280\" \/>\n\t<meta property=\"og:image:height\" content=\"720\" \/>\n\t<meta property=\"og:image:type\" content=\"image\/jpeg\" \/>\n<meta name=\"twitter:card\" content=\"summary_large_image\" \/>\n<meta name=\"twitter:title\" content=\"Live au SIMODEC : R\u00e9duire son Empreinte Carbone\" \/>\n<meta name=\"twitter:description\" content=\"Suivez la r\u00e9daction de Machines Production au Simodec pour un d\u00e9bat approfondi sur la d\u00e9carbonation des industries m\u00e9caniques. D\u00e9couvrez des strat\u00e9gies pour une production plus durable\" \/>\n<meta name=\"twitter:image\" content=\"https:\/\/www.machinesproduction.fr\/tv\/wp-content\/uploads\/2024\/03\/Live-Re\u0301duire-son-empreinte-carbone-Simodec.jpg\" \/>\n<meta name=\"twitter:label1\" content=\"Dur\u00e9e de lecture estim\u00e9e\" \/>\n\t<meta name=\"twitter:data1\" content=\"3 minutes\" \/>\n<script type=\"application\/ld+json\" class=\"yoast-schema-graph\">{\"@context\":\"https:\/\/schema.org\",\"@graph\":[{\"@type\":\"WebPage\",\"@id\":\"https:\/\/www.machinesproduction.fr\/tv\/live-42-reduire-emprunte-carbone\/\",\"url\":\"https:\/\/www.machinesproduction.fr\/tv\/live-42-reduire-emprunte-carbone\/\",\"name\":\"Live au SIMODEC : R\u00e9duire son Empreinte Carbone\",\"isPartOf\":{\"@id\":\"https:\/\/www.machinesproduction.fr\/tv\/#website\"},\"datePublished\":\"2024-03-06T21:21:38+00:00\",\"dateModified\":\"2024-03-07T11:17:21+00:00\",\"description\":\"Suivez la r\u00e9daction de Machines Production au Simodec pour un d\u00e9bat approfondi sur la d\u00e9carbonation des industries m\u00e9caniques. D\u00e9couvrez des strat\u00e9gies pour une production plus durable\",\"breadcrumb\":{\"@id\":\"https:\/\/www.machinesproduction.fr\/tv\/live-42-reduire-emprunte-carbone\/#breadcrumb\"},\"inLanguage\":\"fr-FR\",\"potentialAction\":[{\"@type\":\"ReadAction\",\"target\":[\"https:\/\/www.machinesproduction.fr\/tv\/live-42-reduire-emprunte-carbone\/\"]}]},{\"@type\":\"BreadcrumbList\",\"@id\":\"https:\/\/www.machinesproduction.fr\/tv\/live-42-reduire-emprunte-carbone\/#breadcrumb\",\"itemListElement\":[{\"@type\":\"ListItem\",\"position\":1,\"name\":\"Home\",\"item\":\"https:\/\/www.machinesproduction.fr\/tv\/\"},{\"@type\":\"ListItem\",\"position\":2,\"name\":\"Live 42 &#8211; R\u00e9duire emprunte carbone\"}]},{\"@type\":\"WebSite\",\"@id\":\"https:\/\/www.machinesproduction.fr\/tv\/#website\",\"url\":\"https:\/\/www.machinesproduction.fr\/tv\/\",\"name\":\"Machines Production TV\",\"description\":\"\",\"potentialAction\":[{\"@type\":\"SearchAction\",\"target\":{\"@type\":\"EntryPoint\",\"urlTemplate\":\"https:\/\/www.machinesproduction.fr\/tv\/?s={search_term_string}\"},\"query-input\":{\"@type\":\"PropertyValueSpecification\",\"valueRequired\":true,\"valueName\":\"search_term_string\"}}],\"inLanguage\":\"fr-FR\"}]}<\/script>\n<!-- \/ Yoast SEO plugin. -->","yoast_head_json":{"title":"Live au SIMODEC : R\u00e9duire son Empreinte Carbone","description":"Suivez la r\u00e9daction de Machines Production au Simodec pour un d\u00e9bat approfondi sur la d\u00e9carbonation des industries m\u00e9caniques. D\u00e9couvrez des strat\u00e9gies pour une production plus durable","robots":{"index":"index","follow":"follow","max-snippet":"max-snippet:-1","max-image-preview":"max-image-preview:large","max-video-preview":"max-video-preview:-1"},"canonical":"https:\/\/www.machinesproduction.fr\/tv\/live-42-reduire-emprunte-carbone\/","og_locale":"fr_FR","og_type":"article","og_title":"Live au SIMODEC : R\u00e9duire son Empreinte Carbone","og_description":"Suivez la r\u00e9daction de Machines Production au Simodec pour un d\u00e9bat approfondi sur la d\u00e9carbonation des industries m\u00e9caniques. D\u00e9couvrez des strat\u00e9gies pour une production plus durable","og_url":"https:\/\/www.machinesproduction.fr\/tv\/live-42-reduire-emprunte-carbone\/","og_site_name":"Machines Production TV","article_modified_time":"2024-03-07T11:17:21+00:00","og_image":[{"width":1280,"height":720,"url":"https:\/\/www.machinesproduction.fr\/tv\/wp-content\/uploads\/2024\/03\/Live-Re\u0301duire-son-empreinte-carbone-Simodec.jpg","type":"image\/jpeg"}],"twitter_card":"summary_large_image","twitter_title":"Live au SIMODEC : R\u00e9duire son Empreinte Carbone","twitter_description":"Suivez la r\u00e9daction de Machines Production au Simodec pour un d\u00e9bat approfondi sur la d\u00e9carbonation des industries m\u00e9caniques. D\u00e9couvrez des strat\u00e9gies pour une production plus durable","twitter_image":"https:\/\/www.machinesproduction.fr\/tv\/wp-content\/uploads\/2024\/03\/Live-Re\u0301duire-son-empreinte-carbone-Simodec.jpg","twitter_misc":{"Dur\u00e9e de lecture estim\u00e9e":"3 minutes"},"schema":{"@context":"https:\/\/schema.org","@graph":[{"@type":"WebPage","@id":"https:\/\/www.machinesproduction.fr\/tv\/live-42-reduire-emprunte-carbone\/","url":"https:\/\/www.machinesproduction.fr\/tv\/live-42-reduire-emprunte-carbone\/","name":"Live au SIMODEC : R\u00e9duire son Empreinte Carbone","isPartOf":{"@id":"https:\/\/www.machinesproduction.fr\/tv\/#website"},"datePublished":"2024-03-06T21:21:38+00:00","dateModified":"2024-03-07T11:17:21+00:00","description":"Suivez la r\u00e9daction de Machines Production au Simodec pour un d\u00e9bat approfondi sur la d\u00e9carbonation des industries m\u00e9caniques. D\u00e9couvrez des strat\u00e9gies pour une production plus durable","breadcrumb":{"@id":"https:\/\/www.machinesproduction.fr\/tv\/live-42-reduire-emprunte-carbone\/#breadcrumb"},"inLanguage":"fr-FR","potentialAction":[{"@type":"ReadAction","target":["https:\/\/www.machinesproduction.fr\/tv\/live-42-reduire-emprunte-carbone\/"]}]},{"@type":"BreadcrumbList","@id":"https:\/\/www.machinesproduction.fr\/tv\/live-42-reduire-emprunte-carbone\/#breadcrumb","itemListElement":[{"@type":"ListItem","position":1,"name":"Home","item":"https:\/\/www.machinesproduction.fr\/tv\/"},{"@type":"ListItem","position":2,"name":"Live 42 &#8211; R\u00e9duire emprunte carbone"}]},{"@type":"WebSite","@id":"https:\/\/www.machinesproduction.fr\/tv\/#website","url":"https:\/\/www.machinesproduction.fr\/tv\/","name":"Machines Production TV","description":"","potentialAction":[{"@type":"SearchAction","target":{"@type":"EntryPoint","urlTemplate":"https:\/\/www.machinesproduction.fr\/tv\/?s={search_term_string}"},"query-input":{"@type":"PropertyValueSpecification","valueRequired":true,"valueName":"search_term_string"}}],"inLanguage":"fr-FR"}]}},"_links":{"self":[{"href":"https:\/\/www.machinesproduction.fr\/tv\/wp-json\/wp\/v2\/pages\/2187","targetHints":{"allow":["GET"]}}],"collection":[{"href":"https:\/\/www.machinesproduction.fr\/tv\/wp-json\/wp\/v2\/pages"}],"about":[{"href":"https:\/\/www.machinesproduction.fr\/tv\/wp-json\/wp\/v2\/types\/page"}],"author":[{"embeddable":true,"href":"https:\/\/www.machinesproduction.fr\/tv\/wp-json\/wp\/v2\/users\/3"}],"replies":[{"embeddable":true,"href":"https:\/\/www.machinesproduction.fr\/tv\/wp-json\/wp\/v2\/comments?post=2187"}],"version-history":[{"count":3,"href":"https:\/\/www.machinesproduction.fr\/tv\/wp-json\/wp\/v2\/pages\/2187\/revisions"}],"predecessor-version":[{"id":2195,"href":"https:\/\/www.machinesproduction.fr\/tv\/wp-json\/wp\/v2\/pages\/2187\/revisions\/2195"}],"wp:attachment":[{"href":"https:\/\/www.machinesproduction.fr\/tv\/wp-json\/wp\/v2\/media?parent=2187"}],"wp:term":[{"taxonomy":"wf_page_folders","embeddable":true,"href":"https:\/\/www.machinesproduction.fr\/tv\/wp-json\/wp\/v2\/wf_page_folders?post=2187"}],"curies":[{"name":"wp","href":"https:\/\/api.w.org\/{rel}","templated":true}]}}