{"id":2162,"date":"2024-02-06T21:48:20","date_gmt":"2024-02-06T20:48:20","guid":{"rendered":"https:\/\/www.machinesproduction.fr\/tv\/?page_id=2162"},"modified":"2024-02-07T22:12:42","modified_gmt":"2024-02-07T21:12:42","slug":"live-41-tech-fest-2024","status":"publish","type":"page","link":"https:\/\/www.machinesproduction.fr\/tv\/live-41-tech-fest-2024\/","title":{"rendered":"Live 41 &#8211; Tech &#038; Fest 2024"},"content":{"rendered":"<section class=\"wpb-content-wrapper\"><p>[vc_row equal_height=&#8221;yes&#8221; content_placement=&#8221;middle&#8221;][vc_column][vc_row_inner equal_height=&#8221;yes&#8221; content_placement=&#8221;middle&#8221;][vc_column_inner centered_cont_vertical=&#8221;true&#8221;][vc_column_text]<\/p>\n<h1 data-wp-editing=\"1\"><span style=\"color: #009ddf;\">Tech &amp; Fest 2024 : Faites du bruit pour l&#8217;industrie !<\/span><\/h1>\n<p>[\/vc_column_text][\/vc_column_inner][\/vc_row_inner][\/vc_column][\/vc_row][vc_row equal_height=&#8221;yes&#8221; content_placement=&#8221;middle&#8221;][vc_column][vc_empty_space height=&#8221;30px&#8221;][vc_video link=&#8221;https:\/\/youtu.be\/hlfGHz-Youo&#8221;][vc_column_text]<\/p>\n<h2><strong><span style=\"color: #009ddf;\">Machines Production \u00e9tait en direct de Tech&amp;Fest, le 1er et 2 f\u00e9vrier \u00e0 Grenoble, nouveau rendez-vous d\u00e9di\u00e9 \u00e0 l\u2019innovation technologique dans l\u2019industrie.<\/span><\/strong><\/h2>\n<p>Le lieu id\u00e9al pour lancer notre mouvement <strong>Faites du bruit pour l\u2019industrie<\/strong>, qui invite les industriels \u00e0 partager aupr\u00e8s de notre magazine toutes les initiatives qu\u2019ils ont entreprises visant \u00e0 donner un nouvel \u00e9lan \u00e0 l\u2019industrie.<\/p>\n<blockquote>\n<p>Les actions inspirantes que vous auriez avez en place dans votre entreprise seront mises en avant \u00e0 travers l\u2019ensemble de nos supports : magazine, articles sur notre site Internet, vid\u00e9os sur notre cha\u00eene TV. Vos initiatives seront ensuite relay\u00e9es sur les r\u00e9seaux sociaux, \u00e0 travers le hashtag #faitesdubruitpourlindustrie.<\/p>\n<p>Trois th\u00e8mes nous tiennent particuli\u00e8rement \u00e0 c\u0153ur : la place de l\u2019humain dans l\u2019industrie, la d\u00e9carbonation et les innovations technologiques. Ecrivez-nous !<\/p>\n<\/blockquote>\n<p>En attendant de recevoir vos contributions, \u00e0 nous adresser \u00e0 <a href=\"mailto:maparticipation@faitesdubruitpourlindustrie.fr\">maparticipation@faitesdubruitpourlindustrie.fr<\/a>, d\u00e9couvrez dans notre vid\u00e9o pour quelles bonnes raisons les participants crois\u00e9s au Tech&amp;Fest feraient-ils du bruit pour l\u2019industrie.[\/vc_column_text][\/vc_column][\/vc_row][vc_row][vc_column][\/vc_column][\/vc_row]<\/p>\n<\/section>","protected":false},"excerpt":{"rendered":"<p>[vc_row equal_height=&#8221;yes&#8221; content_placement=&#8221;middle&#8221;][vc_column][vc_row_inner equal_height=&#8221;yes&#8221; content_placement=&#8221;middle&#8221;][vc_column_inner centered_cont_vertical=&#8221;true&#8221;][vc_column_text] Tech &amp; Fest 2024 : Faites du bruit pour l&#8217;industrie ! [\/vc_column_text][\/vc_column_inner][\/vc_row_inner][\/vc_column][\/vc_row][vc_row equal_height=&#8221;yes&#8221; content_placement=&#8221;middle&#8221;][vc_column][vc_empty_space height=&#8221;30px&#8221;][vc_video link=&#8221;https:\/\/youtu.be\/hlfGHz-Youo&#8221;][vc_column_text] Machines Production \u00e9tait en direct de Tech&amp;Fest, le 1er et 2 f\u00e9vrier \u00e0 Grenoble, nouveau rendez-vous d\u00e9di\u00e9 \u00e0 l\u2019innovation technologique dans l\u2019industrie. Le lieu id\u00e9al pour lancer notre mouvement Faites du bruit pour [&hellip;]<\/p>\n","protected":false},"author":3,"featured_media":0,"parent":0,"menu_order":0,"comment_status":"closed","ping_status":"closed","template":"","meta":{"_monsterinsights_skip_tracking":false,"_monsterinsights_sitenote_active":false,"_monsterinsights_sitenote_note":"","_monsterinsights_sitenote_category":0,"footnotes":""},"wf_page_folders":[13],"class_list":["post-2162","page","type-page","status-publish","hentry"],"yoast_head":"<!-- This site is optimized with the Yoast SEO plugin v27.1.1 - https:\/\/yoast.com\/product\/yoast-seo-wordpress\/ -->\n<title>Tech &amp; Fest 2024 : Faites du bruit pour l&#039;industrie !<\/title>\n<meta name=\"description\" content=\"D\u00e9couvrez le Tech&amp;Fest 2024, le rendez-vous incontournable \u00e0 Grenoble pour les passionn\u00e9s d&#039;innovation industrielle. Rejoignez-nous pour c\u00e9l\u00e9brer et inspirer le renouveau de l&#039;industrie.\" \/>\n<meta name=\"robots\" content=\"index, follow, max-snippet:-1, max-image-preview:large, max-video-preview:-1\" \/>\n<link rel=\"canonical\" href=\"https:\/\/www.machinesproduction.fr\/tv\/live-41-tech-fest-2024\/\" \/>\n<meta property=\"og:locale\" content=\"fr_FR\" \/>\n<meta property=\"og:type\" content=\"article\" \/>\n<meta property=\"og:title\" content=\"Tech &amp; Fest 2024 : Faites du bruit pour l&#039;industrie !\" \/>\n<meta property=\"og:description\" content=\"D\u00e9couvrez le Tech&amp;Fest 2024, le rendez-vous incontournable \u00e0 Grenoble pour les passionn\u00e9s d&#039;innovation industrielle. Rejoignez-nous pour c\u00e9l\u00e9brer et inspirer le renouveau de l&#039;industrie.\" \/>\n<meta property=\"og:url\" content=\"https:\/\/www.machinesproduction.fr\/tv\/live-41-tech-fest-2024\/\" \/>\n<meta property=\"og:site_name\" content=\"Machines Production TV\" \/>\n<meta property=\"article:modified_time\" content=\"2024-02-07T21:12:42+00:00\" \/>\n<meta property=\"og:image\" content=\"https:\/\/www.machinesproduction.fr\/tv\/wp-content\/uploads\/2024\/02\/Live-TechFest-2024.jpg\" \/>\n\t<meta property=\"og:image:width\" content=\"1280\" \/>\n\t<meta property=\"og:image:height\" content=\"720\" \/>\n\t<meta property=\"og:image:type\" content=\"image\/jpeg\" \/>\n<meta name=\"twitter:card\" content=\"summary_large_image\" \/>\n<meta name=\"twitter:title\" content=\"Tech &amp; Fest 2024 : Faites du bruit pour l&#039;industrie !\" \/>\n<meta name=\"twitter:description\" content=\"D\u00e9couvrez le Tech&amp;Fest 2024, le rendez-vous incontournable \u00e0 Grenoble pour les passionn\u00e9s d&#039;innovation industrielle. Rejoignez-nous pour c\u00e9l\u00e9brer et inspirer le renouveau de l&#039;industrie.\" \/>\n<meta name=\"twitter:image\" content=\"https:\/\/www.machinesproduction.fr\/tv\/wp-content\/uploads\/2024\/02\/Live-TechFest-2024.jpg\" \/>\n<meta name=\"twitter:label1\" content=\"Dur\u00e9e de lecture estim\u00e9e\" \/>\n\t<meta name=\"twitter:data1\" content=\"3 minutes\" \/>\n<script type=\"application\/ld+json\" class=\"yoast-schema-graph\">{\"@context\":\"https:\/\/schema.org\",\"@graph\":[{\"@type\":\"WebPage\",\"@id\":\"https:\/\/www.machinesproduction.fr\/tv\/live-41-tech-fest-2024\/\",\"url\":\"https:\/\/www.machinesproduction.fr\/tv\/live-41-tech-fest-2024\/\",\"name\":\"Tech & Fest 2024 : Faites du bruit pour l'industrie !\",\"isPartOf\":{\"@id\":\"https:\/\/www.machinesproduction.fr\/tv\/#website\"},\"datePublished\":\"2024-02-06T20:48:20+00:00\",\"dateModified\":\"2024-02-07T21:12:42+00:00\",\"description\":\"D\u00e9couvrez le Tech&Fest 2024, le rendez-vous incontournable \u00e0 Grenoble pour les passionn\u00e9s d'innovation industrielle. Rejoignez-nous pour c\u00e9l\u00e9brer et inspirer le renouveau de l'industrie.\",\"breadcrumb\":{\"@id\":\"https:\/\/www.machinesproduction.fr\/tv\/live-41-tech-fest-2024\/#breadcrumb\"},\"inLanguage\":\"fr-FR\",\"potentialAction\":[{\"@type\":\"ReadAction\",\"target\":[\"https:\/\/www.machinesproduction.fr\/tv\/live-41-tech-fest-2024\/\"]}]},{\"@type\":\"BreadcrumbList\",\"@id\":\"https:\/\/www.machinesproduction.fr\/tv\/live-41-tech-fest-2024\/#breadcrumb\",\"itemListElement\":[{\"@type\":\"ListItem\",\"position\":1,\"name\":\"Home\",\"item\":\"https:\/\/www.machinesproduction.fr\/tv\/\"},{\"@type\":\"ListItem\",\"position\":2,\"name\":\"Live 41 &#8211; Tech &#038; Fest 2024\"}]},{\"@type\":\"WebSite\",\"@id\":\"https:\/\/www.machinesproduction.fr\/tv\/#website\",\"url\":\"https:\/\/www.machinesproduction.fr\/tv\/\",\"name\":\"Machines Production TV\",\"description\":\"\",\"potentialAction\":[{\"@type\":\"SearchAction\",\"target\":{\"@type\":\"EntryPoint\",\"urlTemplate\":\"https:\/\/www.machinesproduction.fr\/tv\/?s={search_term_string}\"},\"query-input\":{\"@type\":\"PropertyValueSpecification\",\"valueRequired\":true,\"valueName\":\"search_term_string\"}}],\"inLanguage\":\"fr-FR\"}]}<\/script>\n<!-- \/ Yoast SEO plugin. -->","yoast_head_json":{"title":"Tech & Fest 2024 : Faites du bruit pour l'industrie !","description":"D\u00e9couvrez le Tech&Fest 2024, le rendez-vous incontournable \u00e0 Grenoble pour les passionn\u00e9s d'innovation industrielle. Rejoignez-nous pour c\u00e9l\u00e9brer et inspirer le renouveau de l'industrie.","robots":{"index":"index","follow":"follow","max-snippet":"max-snippet:-1","max-image-preview":"max-image-preview:large","max-video-preview":"max-video-preview:-1"},"canonical":"https:\/\/www.machinesproduction.fr\/tv\/live-41-tech-fest-2024\/","og_locale":"fr_FR","og_type":"article","og_title":"Tech & Fest 2024 : Faites du bruit pour l'industrie !","og_description":"D\u00e9couvrez le Tech&Fest 2024, le rendez-vous incontournable \u00e0 Grenoble pour les passionn\u00e9s d'innovation industrielle. Rejoignez-nous pour c\u00e9l\u00e9brer et inspirer le renouveau de l'industrie.","og_url":"https:\/\/www.machinesproduction.fr\/tv\/live-41-tech-fest-2024\/","og_site_name":"Machines Production TV","article_modified_time":"2024-02-07T21:12:42+00:00","og_image":[{"width":1280,"height":720,"url":"https:\/\/www.machinesproduction.fr\/tv\/wp-content\/uploads\/2024\/02\/Live-TechFest-2024.jpg","type":"image\/jpeg"}],"twitter_card":"summary_large_image","twitter_title":"Tech & Fest 2024 : Faites du bruit pour l'industrie !","twitter_description":"D\u00e9couvrez le Tech&Fest 2024, le rendez-vous incontournable \u00e0 Grenoble pour les passionn\u00e9s d'innovation industrielle. Rejoignez-nous pour c\u00e9l\u00e9brer et inspirer le renouveau de l'industrie.","twitter_image":"https:\/\/www.machinesproduction.fr\/tv\/wp-content\/uploads\/2024\/02\/Live-TechFest-2024.jpg","twitter_misc":{"Dur\u00e9e de lecture estim\u00e9e":"3 minutes"},"schema":{"@context":"https:\/\/schema.org","@graph":[{"@type":"WebPage","@id":"https:\/\/www.machinesproduction.fr\/tv\/live-41-tech-fest-2024\/","url":"https:\/\/www.machinesproduction.fr\/tv\/live-41-tech-fest-2024\/","name":"Tech & Fest 2024 : Faites du bruit pour l'industrie !","isPartOf":{"@id":"https:\/\/www.machinesproduction.fr\/tv\/#website"},"datePublished":"2024-02-06T20:48:20+00:00","dateModified":"2024-02-07T21:12:42+00:00","description":"D\u00e9couvrez le Tech&Fest 2024, le rendez-vous incontournable \u00e0 Grenoble pour les passionn\u00e9s d'innovation industrielle. Rejoignez-nous pour c\u00e9l\u00e9brer et inspirer le renouveau de l'industrie.","breadcrumb":{"@id":"https:\/\/www.machinesproduction.fr\/tv\/live-41-tech-fest-2024\/#breadcrumb"},"inLanguage":"fr-FR","potentialAction":[{"@type":"ReadAction","target":["https:\/\/www.machinesproduction.fr\/tv\/live-41-tech-fest-2024\/"]}]},{"@type":"BreadcrumbList","@id":"https:\/\/www.machinesproduction.fr\/tv\/live-41-tech-fest-2024\/#breadcrumb","itemListElement":[{"@type":"ListItem","position":1,"name":"Home","item":"https:\/\/www.machinesproduction.fr\/tv\/"},{"@type":"ListItem","position":2,"name":"Live 41 &#8211; Tech &#038; Fest 2024"}]},{"@type":"WebSite","@id":"https:\/\/www.machinesproduction.fr\/tv\/#website","url":"https:\/\/www.machinesproduction.fr\/tv\/","name":"Machines Production TV","description":"","potentialAction":[{"@type":"SearchAction","target":{"@type":"EntryPoint","urlTemplate":"https:\/\/www.machinesproduction.fr\/tv\/?s={search_term_string}"},"query-input":{"@type":"PropertyValueSpecification","valueRequired":true,"valueName":"search_term_string"}}],"inLanguage":"fr-FR"}]}},"_links":{"self":[{"href":"https:\/\/www.machinesproduction.fr\/tv\/wp-json\/wp\/v2\/pages\/2162","targetHints":{"allow":["GET"]}}],"collection":[{"href":"https:\/\/www.machinesproduction.fr\/tv\/wp-json\/wp\/v2\/pages"}],"about":[{"href":"https:\/\/www.machinesproduction.fr\/tv\/wp-json\/wp\/v2\/types\/page"}],"author":[{"embeddable":true,"href":"https:\/\/www.machinesproduction.fr\/tv\/wp-json\/wp\/v2\/users\/3"}],"replies":[{"embeddable":true,"href":"https:\/\/www.machinesproduction.fr\/tv\/wp-json\/wp\/v2\/comments?post=2162"}],"version-history":[{"count":4,"href":"https:\/\/www.machinesproduction.fr\/tv\/wp-json\/wp\/v2\/pages\/2162\/revisions"}],"predecessor-version":[{"id":2169,"href":"https:\/\/www.machinesproduction.fr\/tv\/wp-json\/wp\/v2\/pages\/2162\/revisions\/2169"}],"wp:attachment":[{"href":"https:\/\/www.machinesproduction.fr\/tv\/wp-json\/wp\/v2\/media?parent=2162"}],"wp:term":[{"taxonomy":"wf_page_folders","embeddable":true,"href":"https:\/\/www.machinesproduction.fr\/tv\/wp-json\/wp\/v2\/wf_page_folders?post=2162"}],"curies":[{"name":"wp","href":"https:\/\/api.w.org\/{rel}","templated":true}]}}