{"id":2127,"date":"2023-12-19T10:10:17","date_gmt":"2023-12-19T09:10:17","guid":{"rendered":"https:\/\/www.machinesproduction.fr\/tv\/?page_id=2127"},"modified":"2023-12-19T10:31:39","modified_gmt":"2023-12-19T09:31:39","slug":"reportage-31-lhers-grob","status":"publish","type":"page","link":"https:\/\/www.machinesproduction.fr\/tv\/reportage-31-lhers-grob\/","title":{"rendered":"Reportage 31 &#8211; LHERS-GROB"},"content":{"rendered":"<section class=\"wpb-content-wrapper\"><p>[vc_row equal_height=&#8221;yes&#8221; content_placement=&#8221;middle&#8221;][vc_column][vc_row_inner equal_height=&#8221;yes&#8221; content_placement=&#8221;middle&#8221;][vc_column_inner centered_cont_vertical=&#8221;true&#8221;][vc_column_text]<\/p>\n<h1 style=\"text-align: left;\"><span style=\"color: #009ddf;\">LHERS-GROB<\/span><\/h1>\n<p>[\/vc_column_text][\/vc_column_inner][\/vc_row_inner][\/vc_column][\/vc_row][vc_row full_width=&#8221;stretch_row_content_no_spaces&#8221; top_padding=&#8221;50&#8243;][vc_column offset=&#8221;vc_col-xs-12&#8243;][vc_raw_html]JTNDZGl2JTIwY2xhc3MlM0QlMjJ2aWRlby1jb250YWluZXIlMjIlM0UlMEElMjAlMjAlMjAlMjAlM0NpZnJhbWUlMjB3aWR0aCUzRCUyMjU2MCUyMiUyMGhlaWdodCUzRCUyMjMxNSUyMiUyMHNyYyUzRCUyMmh0dHBzJTNBJTJGJTJGd3d3LnlvdXR1YmUuY29tJTJGZW1iZWQlMkY3RmhGWHZZOVhvRSUyMiUyMHRpdGxlJTNEJTIyWW91VHViZSUyMHZpZGVvJTIwcGxheWVyJTIyJTIwZnJhbWVib3JkZXIlM0QlMjIwJTIyJTIwYWxsb3clM0QlMjJhY2NlbGVyb21ldGVyJTNCJTIwYXV0b3BsYXklM0IlMjBjbGlwYm9hcmQtd3JpdGUlM0IlMjBlbmNyeXB0ZWQtbWVkaWElM0IlMjBneXJvc2NvcGUlM0IlMjBwaWN0dXJlLWluLXBpY3R1cmUlM0IlMjB3ZWItc2hhcmUlMjIlMjBhbGxvd2Z1bGxzY3JlZW4lM0UlM0MlMkZpZnJhbWUlM0UlMEElM0MlMkZkaXYlM0U=[\/vc_raw_html][\/vc_column][\/vc_row][vc_row equal_height=&#8221;yes&#8221; content_placement=&#8221;middle&#8221; top_padding=&#8221;40&#8243;][vc_column][vc_empty_space height=&#8221;30px&#8221;][vc_column_text]<\/p>\n<p class=\"LEMONDE\"><strong><span style=\"color: #009ddf;\">L&#8217;entreprise LHERS a choisi un centre d&#8217;usinage GROB<\/span> <\/strong>muni d&#8217;un palettiseur pour am\u00e9liorer sa productivit\u00e9. D\u00e9couvrez avec Olivier Geysels, g\u00e9rant de cette PME implant\u00e9e \u00e0 proximit\u00e9 de Toulouse, les avantages de la combinaison gagnante G350T et PSS-T300.<\/p>\n<p>[\/vc_column_text][vc_btn title=&#8221;Retour aux REPORTAGES&#8221; style=&#8221;custom&#8221; custom_background=&#8221;#009ddf&#8221; custom_text=&#8221;#ffffff&#8221; shape=&#8221;round&#8221; i_icon_fontawesome=&#8221;fas fa-arrow-left&#8221; add_icon=&#8221;true&#8221; link=&#8221;url:https%3A%2F%2Fwww.machinesproduction.fr%2Ftv%2Fles-reportages%2F&#8221;][\/vc_column][\/vc_row]<\/p>\n<\/section>","protected":false},"excerpt":{"rendered":"<p>[vc_row equal_height=&#8221;yes&#8221; content_placement=&#8221;middle&#8221;][vc_column][vc_row_inner equal_height=&#8221;yes&#8221; content_placement=&#8221;middle&#8221;][vc_column_inner centered_cont_vertical=&#8221;true&#8221;][vc_column_text] LHERS-GROB [\/vc_column_text][\/vc_column_inner][\/vc_row_inner][\/vc_column][\/vc_row][vc_row full_width=&#8221;stretch_row_content_no_spaces&#8221; top_padding=&#8221;50&#8243;][vc_column offset=&#8221;vc_col-xs-12&#8243;][vc_raw_html]JTNDZGl2JTIwY2xhc3MlM0QlMjJ2aWRlby1jb250YWluZXIlMjIlM0UlMEElMjAlMjAlMjAlMjAlM0NpZnJhbWUlMjB3aWR0aCUzRCUyMjU2MCUyMiUyMGhlaWdodCUzRCUyMjMxNSUyMiUyMHNyYyUzRCUyMmh0dHBzJTNBJTJGJTJGd3d3LnlvdXR1YmUuY29tJTJGZW1iZWQlMkY3RmhGWHZZOVhvRSUyMiUyMHRpdGxlJTNEJTIyWW91VHViZSUyMHZpZGVvJTIwcGxheWVyJTIyJTIwZnJhbWVib3JkZXIlM0QlMjIwJTIyJTIwYWxsb3clM0QlMjJhY2NlbGVyb21ldGVyJTNCJTIwYXV0b3BsYXklM0IlMjBjbGlwYm9hcmQtd3JpdGUlM0IlMjBlbmNyeXB0ZWQtbWVkaWElM0IlMjBneXJvc2NvcGUlM0IlMjBwaWN0dXJlLWluLXBpY3R1cmUlM0IlMjB3ZWItc2hhcmUlMjIlMjBhbGxvd2Z1bGxzY3JlZW4lM0UlM0MlMkZpZnJhbWUlM0UlMEElM0MlMkZkaXYlM0U=[\/vc_raw_html][\/vc_column][\/vc_row][vc_row equal_height=&#8221;yes&#8221; content_placement=&#8221;middle&#8221; top_padding=&#8221;40&#8243;][vc_column][vc_empty_space height=&#8221;30px&#8221;][vc_column_text] L&#8217;entreprise LHERS a choisi un centre d&#8217;usinage GROB muni d&#8217;un palettiseur pour am\u00e9liorer sa productivit\u00e9. D\u00e9couvrez avec Olivier Geysels, g\u00e9rant de cette PME implant\u00e9e \u00e0 proximit\u00e9 de Toulouse, les avantages de la combinaison gagnante G350T et PSS-T300. [\/vc_column_text][vc_btn title=&#8221;Retour aux [&hellip;]<\/p>\n","protected":false},"author":3,"featured_media":2130,"parent":0,"menu_order":0,"comment_status":"closed","ping_status":"closed","template":"","meta":{"_monsterinsights_skip_tracking":false,"_monsterinsights_sitenote_active":false,"_monsterinsights_sitenote_note":"","_monsterinsights_sitenote_category":0,"footnotes":""},"wf_page_folders":[12],"class_list":["post-2127","page","type-page","status-publish","has-post-thumbnail","hentry"],"yoast_head":"<!-- This site is optimized with the Yoast SEO plugin v27.1.1 - https:\/\/yoast.com\/product\/yoast-seo-wordpress\/ -->\n<title>LHERS Transforme sa Production avec le Centre d&#039;Usinage GROB<\/title>\n<meta name=\"description\" content=\"D\u00e9couvrez comment LHERS a am\u00e9lior\u00e9 sa productivit\u00e9 avec un centre d&#039;usinage GROB \u00e9quip\u00e9 d&#039;un palettiseur. Une \u00e9tude de cas sur l&#039;innovation dans l&#039;usinage.\" \/>\n<meta name=\"robots\" content=\"index, follow, max-snippet:-1, max-image-preview:large, max-video-preview:-1\" \/>\n<link rel=\"canonical\" href=\"https:\/\/www.machinesproduction.fr\/tv\/reportage-31-lhers-grob\/\" \/>\n<meta property=\"og:locale\" content=\"fr_FR\" \/>\n<meta property=\"og:type\" content=\"article\" \/>\n<meta property=\"og:title\" content=\"LHERS Transforme sa Production avec le Centre d&#039;Usinage GROB\" \/>\n<meta property=\"og:description\" content=\"D\u00e9couvrez comment LHERS a am\u00e9lior\u00e9 sa productivit\u00e9 avec un centre d&#039;usinage GROB \u00e9quip\u00e9 d&#039;un palettiseur. Une \u00e9tude de cas sur l&#039;innovation dans l&#039;usinage.\" \/>\n<meta property=\"og:url\" content=\"https:\/\/www.machinesproduction.fr\/tv\/reportage-31-lhers-grob\/\" \/>\n<meta property=\"og:site_name\" content=\"Machines Production TV\" \/>\n<meta property=\"article:modified_time\" content=\"2023-12-19T09:31:39+00:00\" \/>\n<meta property=\"og:image\" content=\"https:\/\/www.machinesproduction.fr\/tv\/wp-content\/uploads\/2023\/12\/Reportage-GROB_LHERS.jpg\" \/>\n\t<meta property=\"og:image:width\" content=\"1280\" \/>\n\t<meta property=\"og:image:height\" content=\"720\" \/>\n\t<meta property=\"og:image:type\" content=\"image\/jpeg\" \/>\n<meta name=\"twitter:card\" content=\"summary_large_image\" \/>\n<meta name=\"twitter:title\" content=\"LHERS Transforme sa Production avec le Centre d&#039;Usinage GROB\" \/>\n<meta name=\"twitter:description\" content=\"D\u00e9couvrez comment LHERS a am\u00e9lior\u00e9 sa productivit\u00e9 avec un centre d&#039;usinage GROB \u00e9quip\u00e9 d&#039;un palettiseur. Une \u00e9tude de cas sur l&#039;innovation dans l&#039;usinage.\" \/>\n<meta name=\"twitter:image\" content=\"https:\/\/www.machinesproduction.fr\/tv\/wp-content\/uploads\/2023\/12\/Reportage-GROB_LHERS.jpg\" \/>\n<meta name=\"twitter:label1\" content=\"Dur\u00e9e de lecture estim\u00e9e\" \/>\n\t<meta name=\"twitter:data1\" content=\"1 minute\" \/>\n<script type=\"application\/ld+json\" class=\"yoast-schema-graph\">{\"@context\":\"https:\/\/schema.org\",\"@graph\":[{\"@type\":\"WebPage\",\"@id\":\"https:\/\/www.machinesproduction.fr\/tv\/reportage-31-lhers-grob\/\",\"url\":\"https:\/\/www.machinesproduction.fr\/tv\/reportage-31-lhers-grob\/\",\"name\":\"LHERS Transforme sa Production avec le Centre d'Usinage GROB\",\"isPartOf\":{\"@id\":\"https:\/\/www.machinesproduction.fr\/tv\/#website\"},\"primaryImageOfPage\":{\"@id\":\"https:\/\/www.machinesproduction.fr\/tv\/reportage-31-lhers-grob\/#primaryimage\"},\"image\":{\"@id\":\"https:\/\/www.machinesproduction.fr\/tv\/reportage-31-lhers-grob\/#primaryimage\"},\"thumbnailUrl\":\"https:\/\/www.machinesproduction.fr\/tv\/wp-content\/uploads\/2023\/12\/Reportage-GROB_LHERS-carre\u0301.jpg\",\"datePublished\":\"2023-12-19T09:10:17+00:00\",\"dateModified\":\"2023-12-19T09:31:39+00:00\",\"description\":\"D\u00e9couvrez comment LHERS a am\u00e9lior\u00e9 sa productivit\u00e9 avec un centre d'usinage GROB \u00e9quip\u00e9 d'un palettiseur. Une \u00e9tude de cas sur l'innovation dans l'usinage.\",\"breadcrumb\":{\"@id\":\"https:\/\/www.machinesproduction.fr\/tv\/reportage-31-lhers-grob\/#breadcrumb\"},\"inLanguage\":\"fr-FR\",\"potentialAction\":[{\"@type\":\"ReadAction\",\"target\":[\"https:\/\/www.machinesproduction.fr\/tv\/reportage-31-lhers-grob\/\"]}]},{\"@type\":\"ImageObject\",\"inLanguage\":\"fr-FR\",\"@id\":\"https:\/\/www.machinesproduction.fr\/tv\/reportage-31-lhers-grob\/#primaryimage\",\"url\":\"https:\/\/www.machinesproduction.fr\/tv\/wp-content\/uploads\/2023\/12\/Reportage-GROB_LHERS-carre\u0301.jpg\",\"contentUrl\":\"https:\/\/www.machinesproduction.fr\/tv\/wp-content\/uploads\/2023\/12\/Reportage-GROB_LHERS-carre\u0301.jpg\",\"width\":1080,\"height\":1080},{\"@type\":\"BreadcrumbList\",\"@id\":\"https:\/\/www.machinesproduction.fr\/tv\/reportage-31-lhers-grob\/#breadcrumb\",\"itemListElement\":[{\"@type\":\"ListItem\",\"position\":1,\"name\":\"Home\",\"item\":\"https:\/\/www.machinesproduction.fr\/tv\/\"},{\"@type\":\"ListItem\",\"position\":2,\"name\":\"Reportage 31 &#8211; LHERS-GROB\"}]},{\"@type\":\"WebSite\",\"@id\":\"https:\/\/www.machinesproduction.fr\/tv\/#website\",\"url\":\"https:\/\/www.machinesproduction.fr\/tv\/\",\"name\":\"Machines Production TV\",\"description\":\"\",\"potentialAction\":[{\"@type\":\"SearchAction\",\"target\":{\"@type\":\"EntryPoint\",\"urlTemplate\":\"https:\/\/www.machinesproduction.fr\/tv\/?s={search_term_string}\"},\"query-input\":{\"@type\":\"PropertyValueSpecification\",\"valueRequired\":true,\"valueName\":\"search_term_string\"}}],\"inLanguage\":\"fr-FR\"}]}<\/script>\n<!-- \/ Yoast SEO plugin. -->","yoast_head_json":{"title":"LHERS Transforme sa Production avec le Centre d'Usinage GROB","description":"D\u00e9couvrez comment LHERS a am\u00e9lior\u00e9 sa productivit\u00e9 avec un centre d'usinage GROB \u00e9quip\u00e9 d'un palettiseur. Une \u00e9tude de cas sur l'innovation dans l'usinage.","robots":{"index":"index","follow":"follow","max-snippet":"max-snippet:-1","max-image-preview":"max-image-preview:large","max-video-preview":"max-video-preview:-1"},"canonical":"https:\/\/www.machinesproduction.fr\/tv\/reportage-31-lhers-grob\/","og_locale":"fr_FR","og_type":"article","og_title":"LHERS Transforme sa Production avec le Centre d'Usinage GROB","og_description":"D\u00e9couvrez comment LHERS a am\u00e9lior\u00e9 sa productivit\u00e9 avec un centre d'usinage GROB \u00e9quip\u00e9 d'un palettiseur. Une \u00e9tude de cas sur l'innovation dans l'usinage.","og_url":"https:\/\/www.machinesproduction.fr\/tv\/reportage-31-lhers-grob\/","og_site_name":"Machines Production TV","article_modified_time":"2023-12-19T09:31:39+00:00","og_image":[{"width":1280,"height":720,"url":"https:\/\/www.machinesproduction.fr\/tv\/wp-content\/uploads\/2023\/12\/Reportage-GROB_LHERS.jpg","type":"image\/jpeg"}],"twitter_card":"summary_large_image","twitter_title":"LHERS Transforme sa Production avec le Centre d'Usinage GROB","twitter_description":"D\u00e9couvrez comment LHERS a am\u00e9lior\u00e9 sa productivit\u00e9 avec un centre d'usinage GROB \u00e9quip\u00e9 d'un palettiseur. Une \u00e9tude de cas sur l'innovation dans l'usinage.","twitter_image":"https:\/\/www.machinesproduction.fr\/tv\/wp-content\/uploads\/2023\/12\/Reportage-GROB_LHERS.jpg","twitter_misc":{"Dur\u00e9e de lecture estim\u00e9e":"1 minute"},"schema":{"@context":"https:\/\/schema.org","@graph":[{"@type":"WebPage","@id":"https:\/\/www.machinesproduction.fr\/tv\/reportage-31-lhers-grob\/","url":"https:\/\/www.machinesproduction.fr\/tv\/reportage-31-lhers-grob\/","name":"LHERS Transforme sa Production avec le Centre d'Usinage GROB","isPartOf":{"@id":"https:\/\/www.machinesproduction.fr\/tv\/#website"},"primaryImageOfPage":{"@id":"https:\/\/www.machinesproduction.fr\/tv\/reportage-31-lhers-grob\/#primaryimage"},"image":{"@id":"https:\/\/www.machinesproduction.fr\/tv\/reportage-31-lhers-grob\/#primaryimage"},"thumbnailUrl":"https:\/\/www.machinesproduction.fr\/tv\/wp-content\/uploads\/2023\/12\/Reportage-GROB_LHERS-carre\u0301.jpg","datePublished":"2023-12-19T09:10:17+00:00","dateModified":"2023-12-19T09:31:39+00:00","description":"D\u00e9couvrez comment LHERS a am\u00e9lior\u00e9 sa productivit\u00e9 avec un centre d'usinage GROB \u00e9quip\u00e9 d'un palettiseur. Une \u00e9tude de cas sur l'innovation dans l'usinage.","breadcrumb":{"@id":"https:\/\/www.machinesproduction.fr\/tv\/reportage-31-lhers-grob\/#breadcrumb"},"inLanguage":"fr-FR","potentialAction":[{"@type":"ReadAction","target":["https:\/\/www.machinesproduction.fr\/tv\/reportage-31-lhers-grob\/"]}]},{"@type":"ImageObject","inLanguage":"fr-FR","@id":"https:\/\/www.machinesproduction.fr\/tv\/reportage-31-lhers-grob\/#primaryimage","url":"https:\/\/www.machinesproduction.fr\/tv\/wp-content\/uploads\/2023\/12\/Reportage-GROB_LHERS-carre\u0301.jpg","contentUrl":"https:\/\/www.machinesproduction.fr\/tv\/wp-content\/uploads\/2023\/12\/Reportage-GROB_LHERS-carre\u0301.jpg","width":1080,"height":1080},{"@type":"BreadcrumbList","@id":"https:\/\/www.machinesproduction.fr\/tv\/reportage-31-lhers-grob\/#breadcrumb","itemListElement":[{"@type":"ListItem","position":1,"name":"Home","item":"https:\/\/www.machinesproduction.fr\/tv\/"},{"@type":"ListItem","position":2,"name":"Reportage 31 &#8211; LHERS-GROB"}]},{"@type":"WebSite","@id":"https:\/\/www.machinesproduction.fr\/tv\/#website","url":"https:\/\/www.machinesproduction.fr\/tv\/","name":"Machines Production TV","description":"","potentialAction":[{"@type":"SearchAction","target":{"@type":"EntryPoint","urlTemplate":"https:\/\/www.machinesproduction.fr\/tv\/?s={search_term_string}"},"query-input":{"@type":"PropertyValueSpecification","valueRequired":true,"valueName":"search_term_string"}}],"inLanguage":"fr-FR"}]}},"_links":{"self":[{"href":"https:\/\/www.machinesproduction.fr\/tv\/wp-json\/wp\/v2\/pages\/2127","targetHints":{"allow":["GET"]}}],"collection":[{"href":"https:\/\/www.machinesproduction.fr\/tv\/wp-json\/wp\/v2\/pages"}],"about":[{"href":"https:\/\/www.machinesproduction.fr\/tv\/wp-json\/wp\/v2\/types\/page"}],"author":[{"embeddable":true,"href":"https:\/\/www.machinesproduction.fr\/tv\/wp-json\/wp\/v2\/users\/3"}],"replies":[{"embeddable":true,"href":"https:\/\/www.machinesproduction.fr\/tv\/wp-json\/wp\/v2\/comments?post=2127"}],"version-history":[{"count":3,"href":"https:\/\/www.machinesproduction.fr\/tv\/wp-json\/wp\/v2\/pages\/2127\/revisions"}],"predecessor-version":[{"id":2131,"href":"https:\/\/www.machinesproduction.fr\/tv\/wp-json\/wp\/v2\/pages\/2127\/revisions\/2131"}],"wp:featuredmedia":[{"embeddable":true,"href":"https:\/\/www.machinesproduction.fr\/tv\/wp-json\/wp\/v2\/media\/2130"}],"wp:attachment":[{"href":"https:\/\/www.machinesproduction.fr\/tv\/wp-json\/wp\/v2\/media?parent=2127"}],"wp:term":[{"taxonomy":"wf_page_folders","embeddable":true,"href":"https:\/\/www.machinesproduction.fr\/tv\/wp-json\/wp\/v2\/wf_page_folders?post=2127"}],"curies":[{"name":"wp","href":"https:\/\/api.w.org\/{rel}","templated":true}]}}