{"id":2121,"date":"2023-12-15T01:09:56","date_gmt":"2023-12-15T00:09:56","guid":{"rendered":"https:\/\/www.machinesproduction.fr\/tv\/?page_id=2121"},"modified":"2023-12-15T09:13:35","modified_gmt":"2023-12-15T08:13:35","slug":"reportage-30-emco-mecof","status":"publish","type":"page","link":"https:\/\/www.machinesproduction.fr\/tv\/reportage-30-emco-mecof\/","title":{"rendered":"Reportage 30 &#8211; EMCO MECOF"},"content":{"rendered":"<section class=\"wpb-content-wrapper\"><p>[vc_row equal_height=&#8221;yes&#8221; content_placement=&#8221;middle&#8221;][vc_column][vc_row_inner equal_height=&#8221;yes&#8221; content_placement=&#8221;middle&#8221;][vc_column_inner centered_cont_vertical=&#8221;true&#8221;][vc_column_text]<\/p>\n<h1 style=\"text-align: left;\"><span style=\"color: #009ddf;\">EMCO MECOF \/ BESTECHNOLOGIES<\/span><\/h1>\n<p>[\/vc_column_text][\/vc_column_inner][\/vc_row_inner][\/vc_column][\/vc_row][vc_row full_width=&#8221;stretch_row_content_no_spaces&#8221; top_padding=&#8221;50&#8243;][vc_column offset=&#8221;vc_col-xs-12&#8243;][vc_raw_html]JTNDZGl2JTIwY2xhc3MlM0QlMjJ2aWRlby1jb250YWluZXIlMjIlM0UlMEElMjAlMjAlMjAlMjAlM0NpZnJhbWUlMjB3aWR0aCUzRCUyMjU2MCUyMiUyMGhlaWdodCUzRCUyMjMxNSUyMiUyMHNyYyUzRCUyMmh0dHBzJTNBJTJGJTJGd3d3LnlvdXR1YmUuY29tJTJGZW1iZWQlMkZyNDJOVmg3bm13dyUyMiUyMHRpdGxlJTNEJTIyWW91VHViZSUyMHZpZGVvJTIwcGxheWVyJTIyJTIwZnJhbWVib3JkZXIlM0QlMjIwJTIyJTIwYWxsb3clM0QlMjJhY2NlbGVyb21ldGVyJTNCJTIwYXV0b3BsYXklM0IlMjBjbGlwYm9hcmQtd3JpdGUlM0IlMjBlbmNyeXB0ZWQtbWVkaWElM0IlMjBneXJvc2NvcGUlM0IlMjBwaWN0dXJlLWluLXBpY3R1cmUlM0IlMjB3ZWItc2hhcmUlMjIlMjBhbGxvd2Z1bGxzY3JlZW4lM0UlM0MlMkZpZnJhbWUlM0UlMEElM0MlMkZkaXYlM0UlMEE=[\/vc_raw_html][\/vc_column][\/vc_row][vc_row equal_height=&#8221;yes&#8221; content_placement=&#8221;middle&#8221; top_padding=&#8221;40&#8243;][vc_column][vc_empty_space height=&#8221;30px&#8221;][vc_column_text]<\/p>\n<p class=\"LEMONDE\"><span style=\"color: #333333;\"><span style=\"color: #ffffff;\">L&#8217;entreprise<\/span> <strong><span style=\"color: #009ddf;\">BESTECHNOLOGIES<\/span><\/strong> <span style=\"color: #ffffff;\">s&#8217;est \u00e9quip\u00e9e d&#8217;une fraiseuse<\/span> <strong><span style=\"color: #009ddf;\">EMCO MECOF<\/span><\/strong> <span style=\"color: #ffffff;\">Mecmill afin de booster sa productivit\u00e9. D\u00e9couvrons cette machine-outil qui lui a permis de gagner trois nouveaux march\u00e9s.<\/span><\/span><\/p>\n<p>[\/vc_column_text][vc_btn title=&#8221;Retour aux REPORTAGES&#8221; style=&#8221;custom&#8221; custom_background=&#8221;#009ddf&#8221; custom_text=&#8221;#ffffff&#8221; shape=&#8221;round&#8221; i_icon_fontawesome=&#8221;fas fa-arrow-left&#8221; add_icon=&#8221;true&#8221; link=&#8221;url:https%3A%2F%2Fwww.machinesproduction.fr%2Ftv%2Fles-reportages%2F&#8221;][\/vc_column][\/vc_row]<\/p>\n<\/section>","protected":false},"excerpt":{"rendered":"<p>[vc_row equal_height=&#8221;yes&#8221; content_placement=&#8221;middle&#8221;][vc_column][vc_row_inner equal_height=&#8221;yes&#8221; content_placement=&#8221;middle&#8221;][vc_column_inner centered_cont_vertical=&#8221;true&#8221;][vc_column_text] EMCO MECOF \/ BESTECHNOLOGIES [\/vc_column_text][\/vc_column_inner][\/vc_row_inner][\/vc_column][\/vc_row][vc_row full_width=&#8221;stretch_row_content_no_spaces&#8221; top_padding=&#8221;50&#8243;][vc_column offset=&#8221;vc_col-xs-12&#8243;][vc_raw_html]JTNDZGl2JTIwY2xhc3MlM0QlMjJ2aWRlby1jb250YWluZXIlMjIlM0UlMEElMjAlMjAlMjAlMjAlM0NpZnJhbWUlMjB3aWR0aCUzRCUyMjU2MCUyMiUyMGhlaWdodCUzRCUyMjMxNSUyMiUyMHNyYyUzRCUyMmh0dHBzJTNBJTJGJTJGd3d3LnlvdXR1YmUuY29tJTJGZW1iZWQlMkZyNDJOVmg3bm13dyUyMiUyMHRpdGxlJTNEJTIyWW91VHViZSUyMHZpZGVvJTIwcGxheWVyJTIyJTIwZnJhbWVib3JkZXIlM0QlMjIwJTIyJTIwYWxsb3clM0QlMjJhY2NlbGVyb21ldGVyJTNCJTIwYXV0b3BsYXklM0IlMjBjbGlwYm9hcmQtd3JpdGUlM0IlMjBlbmNyeXB0ZWQtbWVkaWElM0IlMjBneXJvc2NvcGUlM0IlMjBwaWN0dXJlLWluLXBpY3R1cmUlM0IlMjB3ZWItc2hhcmUlMjIlMjBhbGxvd2Z1bGxzY3JlZW4lM0UlM0MlMkZpZnJhbWUlM0UlMEElM0MlMkZkaXYlM0UlMEE=[\/vc_raw_html][\/vc_column][\/vc_row][vc_row equal_height=&#8221;yes&#8221; content_placement=&#8221;middle&#8221; top_padding=&#8221;40&#8243;][vc_column][vc_empty_space height=&#8221;30px&#8221;][vc_column_text] L&#8217;entreprise BESTECHNOLOGIES s&#8217;est \u00e9quip\u00e9e d&#8217;une fraiseuse EMCO MECOF Mecmill afin de booster sa productivit\u00e9. D\u00e9couvrons cette machine-outil qui lui a permis de gagner trois nouveaux march\u00e9s. [\/vc_column_text][vc_btn title=&#8221;Retour aux REPORTAGES&#8221; style=&#8221;custom&#8221; custom_background=&#8221;#009ddf&#8221; custom_text=&#8221;#ffffff&#8221; shape=&#8221;round&#8221; i_icon_fontawesome=&#8221;fas fa-arrow-left&#8221; add_icon=&#8221;true&#8221; [&hellip;]<\/p>\n","protected":false},"author":3,"featured_media":2118,"parent":0,"menu_order":0,"comment_status":"closed","ping_status":"closed","template":"","meta":{"_monsterinsights_skip_tracking":false,"_monsterinsights_sitenote_active":false,"_monsterinsights_sitenote_note":"","_monsterinsights_sitenote_category":0,"footnotes":""},"wf_page_folders":[12],"class_list":["post-2121","page","type-page","status-publish","has-post-thumbnail","hentry"],"yoast_head":"<!-- This site is optimized with the Yoast SEO plugin v27.1.1 - https:\/\/yoast.com\/product\/yoast-seo-wordpress\/ -->\n<title>D\u00e9couverte des Solutions Avanc\u00e9es en Outillage de Machine : Pr\u00e9sentation EMCO MECOF &amp; BESTECHNOLOGIES<\/title>\n<meta name=\"description\" content=\"Plongez dans l&#039;univers de la technologie de pointe des outils de machine avec notre reportage exclusif sur EMCO MECOF et BESTECHNOLOGIES. D\u00e9couvrez comment ces leaders du secteur fa\u00e7onnent l&#039;avenir de la fabrication avec des solutions innovantes.\" \/>\n<meta name=\"robots\" content=\"index, follow, max-snippet:-1, max-image-preview:large, max-video-preview:-1\" \/>\n<link rel=\"canonical\" href=\"https:\/\/www.machinesproduction.fr\/tv\/reportage-30-emco-mecof\/\" \/>\n<meta property=\"og:locale\" content=\"fr_FR\" \/>\n<meta property=\"og:type\" content=\"article\" \/>\n<meta property=\"og:title\" content=\"D\u00e9couverte des Solutions Avanc\u00e9es en Outillage de Machine : Pr\u00e9sentation EMCO MECOF &amp; BESTECHNOLOGIES\" \/>\n<meta property=\"og:description\" content=\"Plongez dans l&#039;univers de la technologie de pointe des outils de machine avec notre reportage exclusif sur EMCO MECOF et BESTECHNOLOGIES. D\u00e9couvrez comment ces leaders du secteur fa\u00e7onnent l&#039;avenir de la fabrication avec des solutions innovantes.\" \/>\n<meta property=\"og:url\" content=\"https:\/\/www.machinesproduction.fr\/tv\/reportage-30-emco-mecof\/\" \/>\n<meta property=\"og:site_name\" content=\"Machines Production TV\" \/>\n<meta property=\"article:modified_time\" content=\"2023-12-15T08:13:35+00:00\" \/>\n<meta property=\"og:image\" content=\"https:\/\/www.machinesproduction.fr\/tv\/wp-content\/uploads\/2023\/12\/Reportage-EMCO_BESTECHNOLOGIES.jpg\" \/>\n\t<meta property=\"og:image:width\" content=\"1280\" \/>\n\t<meta property=\"og:image:height\" content=\"720\" \/>\n\t<meta property=\"og:image:type\" content=\"image\/jpeg\" \/>\n<meta name=\"twitter:card\" content=\"summary_large_image\" \/>\n<meta name=\"twitter:title\" content=\"D\u00e9couverte des Solutions Avanc\u00e9es en Outillage de Machine : Pr\u00e9sentation EMCO MECOF &amp; BESTECHNOLOGIES\" \/>\n<meta name=\"twitter:description\" content=\"Plongez dans l&#039;univers de la technologie de pointe des outils de machine avec notre reportage exclusif sur EMCO MECOF et BESTECHNOLOGIES. D\u00e9couvrez comment ces leaders du secteur fa\u00e7onnent l&#039;avenir de la fabrication avec des solutions innovantes.\" \/>\n<meta name=\"twitter:image\" content=\"https:\/\/www.machinesproduction.fr\/tv\/wp-content\/uploads\/2023\/12\/Reportage-EMCO_BESTECHNOLOGIES.jpg\" \/>\n<meta name=\"twitter:label1\" content=\"Dur\u00e9e de lecture estim\u00e9e\" \/>\n\t<meta name=\"twitter:data1\" content=\"1 minute\" \/>\n<script type=\"application\/ld+json\" class=\"yoast-schema-graph\">{\"@context\":\"https:\/\/schema.org\",\"@graph\":[{\"@type\":\"WebPage\",\"@id\":\"https:\/\/www.machinesproduction.fr\/tv\/reportage-30-emco-mecof\/\",\"url\":\"https:\/\/www.machinesproduction.fr\/tv\/reportage-30-emco-mecof\/\",\"name\":\"D\u00e9couverte des Solutions Avanc\u00e9es en Outillage de Machine : Pr\u00e9sentation EMCO MECOF & BESTECHNOLOGIES\",\"isPartOf\":{\"@id\":\"https:\/\/www.machinesproduction.fr\/tv\/#website\"},\"primaryImageOfPage\":{\"@id\":\"https:\/\/www.machinesproduction.fr\/tv\/reportage-30-emco-mecof\/#primaryimage\"},\"image\":{\"@id\":\"https:\/\/www.machinesproduction.fr\/tv\/reportage-30-emco-mecof\/#primaryimage\"},\"thumbnailUrl\":\"https:\/\/www.machinesproduction.fr\/tv\/wp-content\/uploads\/2023\/12\/Reportage-EMCO_BESTECHNOLOGIES-carre\u0301.jpg\",\"datePublished\":\"2023-12-15T00:09:56+00:00\",\"dateModified\":\"2023-12-15T08:13:35+00:00\",\"description\":\"Plongez dans l'univers de la technologie de pointe des outils de machine avec notre reportage exclusif sur EMCO MECOF et BESTECHNOLOGIES. D\u00e9couvrez comment ces leaders du secteur fa\u00e7onnent l'avenir de la fabrication avec des solutions innovantes.\",\"breadcrumb\":{\"@id\":\"https:\/\/www.machinesproduction.fr\/tv\/reportage-30-emco-mecof\/#breadcrumb\"},\"inLanguage\":\"fr-FR\",\"potentialAction\":[{\"@type\":\"ReadAction\",\"target\":[\"https:\/\/www.machinesproduction.fr\/tv\/reportage-30-emco-mecof\/\"]}]},{\"@type\":\"ImageObject\",\"inLanguage\":\"fr-FR\",\"@id\":\"https:\/\/www.machinesproduction.fr\/tv\/reportage-30-emco-mecof\/#primaryimage\",\"url\":\"https:\/\/www.machinesproduction.fr\/tv\/wp-content\/uploads\/2023\/12\/Reportage-EMCO_BESTECHNOLOGIES-carre\u0301.jpg\",\"contentUrl\":\"https:\/\/www.machinesproduction.fr\/tv\/wp-content\/uploads\/2023\/12\/Reportage-EMCO_BESTECHNOLOGIES-carre\u0301.jpg\",\"width\":1080,\"height\":1080},{\"@type\":\"BreadcrumbList\",\"@id\":\"https:\/\/www.machinesproduction.fr\/tv\/reportage-30-emco-mecof\/#breadcrumb\",\"itemListElement\":[{\"@type\":\"ListItem\",\"position\":1,\"name\":\"Home\",\"item\":\"https:\/\/www.machinesproduction.fr\/tv\/\"},{\"@type\":\"ListItem\",\"position\":2,\"name\":\"Reportage 30 &#8211; EMCO MECOF\"}]},{\"@type\":\"WebSite\",\"@id\":\"https:\/\/www.machinesproduction.fr\/tv\/#website\",\"url\":\"https:\/\/www.machinesproduction.fr\/tv\/\",\"name\":\"Machines Production TV\",\"description\":\"\",\"potentialAction\":[{\"@type\":\"SearchAction\",\"target\":{\"@type\":\"EntryPoint\",\"urlTemplate\":\"https:\/\/www.machinesproduction.fr\/tv\/?s={search_term_string}\"},\"query-input\":{\"@type\":\"PropertyValueSpecification\",\"valueRequired\":true,\"valueName\":\"search_term_string\"}}],\"inLanguage\":\"fr-FR\"}]}<\/script>\n<!-- \/ Yoast SEO plugin. -->","yoast_head_json":{"title":"D\u00e9couverte des Solutions Avanc\u00e9es en Outillage de Machine : Pr\u00e9sentation EMCO MECOF & BESTECHNOLOGIES","description":"Plongez dans l'univers de la technologie de pointe des outils de machine avec notre reportage exclusif sur EMCO MECOF et BESTECHNOLOGIES. D\u00e9couvrez comment ces leaders du secteur fa\u00e7onnent l'avenir de la fabrication avec des solutions innovantes.","robots":{"index":"index","follow":"follow","max-snippet":"max-snippet:-1","max-image-preview":"max-image-preview:large","max-video-preview":"max-video-preview:-1"},"canonical":"https:\/\/www.machinesproduction.fr\/tv\/reportage-30-emco-mecof\/","og_locale":"fr_FR","og_type":"article","og_title":"D\u00e9couverte des Solutions Avanc\u00e9es en Outillage de Machine : Pr\u00e9sentation EMCO MECOF & BESTECHNOLOGIES","og_description":"Plongez dans l'univers de la technologie de pointe des outils de machine avec notre reportage exclusif sur EMCO MECOF et BESTECHNOLOGIES. D\u00e9couvrez comment ces leaders du secteur fa\u00e7onnent l'avenir de la fabrication avec des solutions innovantes.","og_url":"https:\/\/www.machinesproduction.fr\/tv\/reportage-30-emco-mecof\/","og_site_name":"Machines Production TV","article_modified_time":"2023-12-15T08:13:35+00:00","og_image":[{"width":1280,"height":720,"url":"https:\/\/www.machinesproduction.fr\/tv\/wp-content\/uploads\/2023\/12\/Reportage-EMCO_BESTECHNOLOGIES.jpg","type":"image\/jpeg"}],"twitter_card":"summary_large_image","twitter_title":"D\u00e9couverte des Solutions Avanc\u00e9es en Outillage de Machine : Pr\u00e9sentation EMCO MECOF & BESTECHNOLOGIES","twitter_description":"Plongez dans l'univers de la technologie de pointe des outils de machine avec notre reportage exclusif sur EMCO MECOF et BESTECHNOLOGIES. D\u00e9couvrez comment ces leaders du secteur fa\u00e7onnent l'avenir de la fabrication avec des solutions innovantes.","twitter_image":"https:\/\/www.machinesproduction.fr\/tv\/wp-content\/uploads\/2023\/12\/Reportage-EMCO_BESTECHNOLOGIES.jpg","twitter_misc":{"Dur\u00e9e de lecture estim\u00e9e":"1 minute"},"schema":{"@context":"https:\/\/schema.org","@graph":[{"@type":"WebPage","@id":"https:\/\/www.machinesproduction.fr\/tv\/reportage-30-emco-mecof\/","url":"https:\/\/www.machinesproduction.fr\/tv\/reportage-30-emco-mecof\/","name":"D\u00e9couverte des Solutions Avanc\u00e9es en Outillage de Machine : Pr\u00e9sentation EMCO MECOF & BESTECHNOLOGIES","isPartOf":{"@id":"https:\/\/www.machinesproduction.fr\/tv\/#website"},"primaryImageOfPage":{"@id":"https:\/\/www.machinesproduction.fr\/tv\/reportage-30-emco-mecof\/#primaryimage"},"image":{"@id":"https:\/\/www.machinesproduction.fr\/tv\/reportage-30-emco-mecof\/#primaryimage"},"thumbnailUrl":"https:\/\/www.machinesproduction.fr\/tv\/wp-content\/uploads\/2023\/12\/Reportage-EMCO_BESTECHNOLOGIES-carre\u0301.jpg","datePublished":"2023-12-15T00:09:56+00:00","dateModified":"2023-12-15T08:13:35+00:00","description":"Plongez dans l'univers de la technologie de pointe des outils de machine avec notre reportage exclusif sur EMCO MECOF et BESTECHNOLOGIES. D\u00e9couvrez comment ces leaders du secteur fa\u00e7onnent l'avenir de la fabrication avec des solutions innovantes.","breadcrumb":{"@id":"https:\/\/www.machinesproduction.fr\/tv\/reportage-30-emco-mecof\/#breadcrumb"},"inLanguage":"fr-FR","potentialAction":[{"@type":"ReadAction","target":["https:\/\/www.machinesproduction.fr\/tv\/reportage-30-emco-mecof\/"]}]},{"@type":"ImageObject","inLanguage":"fr-FR","@id":"https:\/\/www.machinesproduction.fr\/tv\/reportage-30-emco-mecof\/#primaryimage","url":"https:\/\/www.machinesproduction.fr\/tv\/wp-content\/uploads\/2023\/12\/Reportage-EMCO_BESTECHNOLOGIES-carre\u0301.jpg","contentUrl":"https:\/\/www.machinesproduction.fr\/tv\/wp-content\/uploads\/2023\/12\/Reportage-EMCO_BESTECHNOLOGIES-carre\u0301.jpg","width":1080,"height":1080},{"@type":"BreadcrumbList","@id":"https:\/\/www.machinesproduction.fr\/tv\/reportage-30-emco-mecof\/#breadcrumb","itemListElement":[{"@type":"ListItem","position":1,"name":"Home","item":"https:\/\/www.machinesproduction.fr\/tv\/"},{"@type":"ListItem","position":2,"name":"Reportage 30 &#8211; EMCO MECOF"}]},{"@type":"WebSite","@id":"https:\/\/www.machinesproduction.fr\/tv\/#website","url":"https:\/\/www.machinesproduction.fr\/tv\/","name":"Machines Production TV","description":"","potentialAction":[{"@type":"SearchAction","target":{"@type":"EntryPoint","urlTemplate":"https:\/\/www.machinesproduction.fr\/tv\/?s={search_term_string}"},"query-input":{"@type":"PropertyValueSpecification","valueRequired":true,"valueName":"search_term_string"}}],"inLanguage":"fr-FR"}]}},"_links":{"self":[{"href":"https:\/\/www.machinesproduction.fr\/tv\/wp-json\/wp\/v2\/pages\/2121","targetHints":{"allow":["GET"]}}],"collection":[{"href":"https:\/\/www.machinesproduction.fr\/tv\/wp-json\/wp\/v2\/pages"}],"about":[{"href":"https:\/\/www.machinesproduction.fr\/tv\/wp-json\/wp\/v2\/types\/page"}],"author":[{"embeddable":true,"href":"https:\/\/www.machinesproduction.fr\/tv\/wp-json\/wp\/v2\/users\/3"}],"replies":[{"embeddable":true,"href":"https:\/\/www.machinesproduction.fr\/tv\/wp-json\/wp\/v2\/comments?post=2121"}],"version-history":[{"count":4,"href":"https:\/\/www.machinesproduction.fr\/tv\/wp-json\/wp\/v2\/pages\/2121\/revisions"}],"predecessor-version":[{"id":2126,"href":"https:\/\/www.machinesproduction.fr\/tv\/wp-json\/wp\/v2\/pages\/2121\/revisions\/2126"}],"wp:featuredmedia":[{"embeddable":true,"href":"https:\/\/www.machinesproduction.fr\/tv\/wp-json\/wp\/v2\/media\/2118"}],"wp:attachment":[{"href":"https:\/\/www.machinesproduction.fr\/tv\/wp-json\/wp\/v2\/media?parent=2121"}],"wp:term":[{"taxonomy":"wf_page_folders","embeddable":true,"href":"https:\/\/www.machinesproduction.fr\/tv\/wp-json\/wp\/v2\/wf_page_folders?post=2121"}],"curies":[{"name":"wp","href":"https:\/\/api.w.org\/{rel}","templated":true}]}}