{"id":2075,"date":"2023-11-08T22:08:32","date_gmt":"2023-11-08T21:08:32","guid":{"rendered":"https:\/\/www.machinesproduction.fr\/tv\/?page_id=2075"},"modified":"2023-11-09T15:30:11","modified_gmt":"2023-11-09T14:30:11","slug":"reportage-28-amada","status":"publish","type":"page","link":"https:\/\/www.machinesproduction.fr\/tv\/reportage-28-amada\/","title":{"rendered":"Reportage 28 &#8211; Amada"},"content":{"rendered":"<section class=\"wpb-content-wrapper\"><p>[vc_row equal_height=&#8221;yes&#8221; content_placement=&#8221;middle&#8221;][vc_column][vc_row_inner equal_height=&#8221;yes&#8221; content_placement=&#8221;middle&#8221;][vc_column_inner centered_cont_vertical=&#8221;true&#8221;][vc_column_text]<\/p>\n<h1 style=\"text-align: left;\"><span style=\"color: #009ddf;\">Microrectif s\u2019\u00e9quipe de sa premi\u00e8re rectifieuse Amada<\/span><\/h1>\n<p>[\/vc_column_text][\/vc_column_inner][\/vc_row_inner][\/vc_column][\/vc_row][vc_row full_width=&#8221;stretch_row_content_no_spaces&#8221; top_padding=&#8221;50&#8243;][vc_column offset=&#8221;vc_col-xs-12&#8243;][vc_raw_html]JTNDZGl2JTIwY2xhc3MlM0QlMjJ2aWRlby1jb250YWluZXIlMjIlM0UlMEElMjAlM0NpZnJhbWUlMjB3aWR0aCUzRCUyMjU2MCUyMiUyMGhlaWdodCUzRCUyMjMxNSUyMiUyMHNyYyUzRCUyMmh0dHBzJTNBJTJGJTJGd3d3LnlvdXR1YmUuY29tJTJGZW1iZWQlMkZmSGJzMlljRGxBOCUyMiUyMHRpdGxlJTNEJTIyWW91VHViZSUyMHZpZGVvJTIwcGxheWVyJTIyJTIwZnJhbWVib3JkZXIlM0QlMjIwJTIyJTIwYWxsb3clM0QlMjJhY2NlbGVyb21ldGVyJTNCJTIwYXV0b3BsYXklM0IlMjBjbGlwYm9hcmQtd3JpdGUlM0IlMjBlbmNyeXB0ZWQtbWVkaWElM0IlMjBneXJvc2NvcGUlM0IlMjBwaWN0dXJlLWluLXBpY3R1cmUlM0IlMjB3ZWItc2hhcmUlMjIlMjBhbGxvd2Z1bGxzY3JlZW4lM0UlM0MlMkZpZnJhbWUlM0UlMEElM0MlMkZkaXYlM0U=[\/vc_raw_html][\/vc_column][\/vc_row][vc_row equal_height=&#8221;yes&#8221; content_placement=&#8221;middle&#8221; top_padding=&#8221;40&#8243;][vc_column][vc_empty_space height=&#8221;30px&#8221;][vc_column_text]<\/p>\n<p class=\"LEMONDE\">A Saint-Etienne, Microrectif s\u2019est \u00e9quip\u00e9e de sa premi\u00e8re rectifieuse Amada. Il s\u2019agit d\u2019une rectifieuse plane et de profil plane Techster sp\u00e9cialement d\u00e9velopp\u00e9e pour cette PME sp\u00e9cialis\u00e9e dans la rectification de tr\u00e8s haute pr\u00e9cision, qui compte plus de 800 clients. Elle a \u00e9t\u00e9 \u00e9quip\u00e9e de nombreux accessoires, dont un axe rotatif et une contre-pointe.<\/p>\n<p class=\"LEMONDE\">\u00ab\u00a0L\u2019id\u00e9e de base, c\u2019\u00e9tait de trouver une rectifieuse plane et de profil permettant du contournage suivant un pilotage de l\u2019axe de meule. La possibilit\u00e9 d\u2019int\u00e9grer une cin\u00e9matique avec un plateau diviseur et une contre-pointe, bref un v\u00e9ritable couteau suisse\u00a0\u00bb, explique J\u00e9r\u00f4me Moulin, directeur technique de Microrectif.<\/p>\n<p class=\"LEMONDE\">La PME st\u00e9phanoise a consult\u00e9 plusieurs fabricants de machines, et c\u2019est \u00ab\u00a0Amada qui a su r\u00e9pondre\u00a0\u00bb au cahier des charges du rectifieur. \u00ab\u00a0La demande au d\u00e9part a \u00e9t\u00e9 de construire une machine sans plan, t\u00e9moigne Paul Santiago, directeur de la succursale Amada Machinery Europe-France. Nous n\u2019avions pas l\u2019habitude de ce genre de choses, mais avec notre partenaire GTECH, nous avons essay\u00e9 de r\u00e9pondre \u00e0 toutes les demandes de Microrectif.\u00a0\u00bb<\/p>\n<blockquote>\n<p class=\"LEMONDE\"><b><span style=\"font-size: 18.0pt; line-height: 107%;\">\u00ab\u00a0Avec Amada, on a vraiment \u201cmatch\u00e9\u201d ensemble\u00a0\u00bb<\/span><\/b><\/p>\n<\/blockquote>\n<p class=\"LEMONDE\">Un logiciel \u00e9tait indispensable pour piloter cette rectifieuse tr\u00e8s complexe\u00a0: \u00ab\u00a0Avec toutes les possibilit\u00e9s qu\u2019elle offre,\u00a0il fallait \u00eatre en mesure de pouvoir bien conduire cette machine en toute s\u00e9curit\u00e9, surtout pour obtenir la meilleure qualit\u00e9 possible\u00a0\u00bb, affirme M. Moulin. D\u00e9velopp\u00e9e par Amada, la FAO CGS a obtenu la \u00ab\u00a0mention sp\u00e9ciale du jury\u00a0\u00bb, lors de la c\u00e9r\u00e9monie des Microns d\u2019or, au salon Micronora 2022.<\/p>\n<p class=\"LEMONDE\">\u00ab\u00a0Apr\u00e8s l\u2019arriv\u00e9e de cette machine, un client important dans le domaine de l\u2019a\u00e9ronautique nous a sollicit\u00e9s pour une certaine qualification autour de la maintenance MRO, se f\u00e9licite J\u00e9r\u00f4me Moulin. Une partie de la configuration de cette machine correspondait parfaitement \u00e0 l\u2019application d\u2019une pi\u00e8ce de ce client. Il nous a fait confiance et nous a qualifi\u00e9s et travaille d\u00e9sormais avec nous sur cette typologie de pi\u00e8ce.\u00a0\u00bb<\/p>\n<p class=\"LEMONDE\">\u00ab\u00a0Avec Amada, on a vraiment \u201cmatch\u00e9\u201d ensemble\u00a0\u00bb, conclut G\u00e9rald Chatain, le dirigeant de Microrectif.<\/p>\n<p>[\/vc_column_text][vc_btn title=&#8221;Retour aux REPORTAGES&#8221; style=&#8221;custom&#8221; custom_background=&#8221;#009ddf&#8221; custom_text=&#8221;#ffffff&#8221; shape=&#8221;round&#8221; i_icon_fontawesome=&#8221;fas fa-arrow-left&#8221; add_icon=&#8221;true&#8221; link=&#8221;url:https%3A%2F%2Fwww.machinesproduction.fr%2Ftv%2Fles-reportages%2F&#8221;][\/vc_column][\/vc_row]<\/p>\n<\/section>","protected":false},"excerpt":{"rendered":"<p>[vc_row equal_height=&#8221;yes&#8221; content_placement=&#8221;middle&#8221;][vc_column][vc_row_inner equal_height=&#8221;yes&#8221; content_placement=&#8221;middle&#8221;][vc_column_inner centered_cont_vertical=&#8221;true&#8221;][vc_column_text] Microrectif s\u2019\u00e9quipe de sa premi\u00e8re rectifieuse Amada [\/vc_column_text][\/vc_column_inner][\/vc_row_inner][\/vc_column][\/vc_row][vc_row full_width=&#8221;stretch_row_content_no_spaces&#8221; top_padding=&#8221;50&#8243;][vc_column offset=&#8221;vc_col-xs-12&#8243;][vc_raw_html]JTNDZGl2JTIwY2xhc3MlM0QlMjJ2aWRlby1jb250YWluZXIlMjIlM0UlMEElMjAlM0NpZnJhbWUlMjB3aWR0aCUzRCUyMjU2MCUyMiUyMGhlaWdodCUzRCUyMjMxNSUyMiUyMHNyYyUzRCUyMmh0dHBzJTNBJTJGJTJGd3d3LnlvdXR1YmUuY29tJTJGZW1iZWQlMkZmSGJzMlljRGxBOCUyMiUyMHRpdGxlJTNEJTIyWW91VHViZSUyMHZpZGVvJTIwcGxheWVyJTIyJTIwZnJhbWVib3JkZXIlM0QlMjIwJTIyJTIwYWxsb3clM0QlMjJhY2NlbGVyb21ldGVyJTNCJTIwYXV0b3BsYXklM0IlMjBjbGlwYm9hcmQtd3JpdGUlM0IlMjBlbmNyeXB0ZWQtbWVkaWElM0IlMjBneXJvc2NvcGUlM0IlMjBwaWN0dXJlLWluLXBpY3R1cmUlM0IlMjB3ZWItc2hhcmUlMjIlMjBhbGxvd2Z1bGxzY3JlZW4lM0UlM0MlMkZpZnJhbWUlM0UlMEElM0MlMkZkaXYlM0U=[\/vc_raw_html][\/vc_column][\/vc_row][vc_row equal_height=&#8221;yes&#8221; content_placement=&#8221;middle&#8221; top_padding=&#8221;40&#8243;][vc_column][vc_empty_space height=&#8221;30px&#8221;][vc_column_text] A Saint-Etienne, Microrectif s\u2019est \u00e9quip\u00e9e de sa premi\u00e8re rectifieuse Amada. Il s\u2019agit d\u2019une rectifieuse plane et de profil plane Techster sp\u00e9cialement d\u00e9velopp\u00e9e pour cette PME sp\u00e9cialis\u00e9e dans la rectification de tr\u00e8s haute pr\u00e9cision, qui [&hellip;]<\/p>\n","protected":false},"author":3,"featured_media":2078,"parent":0,"menu_order":0,"comment_status":"closed","ping_status":"closed","template":"","meta":{"_monsterinsights_skip_tracking":false,"_monsterinsights_sitenote_active":false,"_monsterinsights_sitenote_note":"","_monsterinsights_sitenote_category":0,"footnotes":""},"wf_page_folders":[12],"class_list":["post-2075","page","type-page","status-publish","has-post-thumbnail","hentry"],"yoast_head":"<!-- This site is optimized with the Yoast SEO plugin v27.1.1 - https:\/\/yoast.com\/product\/yoast-seo-wordpress\/ -->\n<title>Microrectif et Amada : Partenariat Innovant pour la Rectification Haute Pr\u00e9cision<\/title>\n<meta name=\"description\" content=\"Plongez dans le monde de la haute pr\u00e9cision avec Microrectif et leur nouvelle acquisition : la rectifieuse Amada. Technologie de pointe et innovation au service de plus de 800 clients\" \/>\n<meta name=\"robots\" content=\"index, follow, max-snippet:-1, max-image-preview:large, max-video-preview:-1\" \/>\n<link rel=\"canonical\" href=\"https:\/\/www.machinesproduction.fr\/tv\/reportage-28-amada\/\" \/>\n<meta property=\"og:locale\" content=\"fr_FR\" \/>\n<meta property=\"og:type\" content=\"article\" \/>\n<meta property=\"og:title\" content=\"Microrectif et Amada : Partenariat Innovant pour la Rectification Haute Pr\u00e9cision\" \/>\n<meta property=\"og:description\" content=\"Plongez dans le monde de la haute pr\u00e9cision avec Microrectif et leur nouvelle acquisition : la rectifieuse Amada. Technologie de pointe et innovation au service de plus de 800 clients\" \/>\n<meta property=\"og:url\" content=\"https:\/\/www.machinesproduction.fr\/tv\/reportage-28-amada\/\" \/>\n<meta property=\"og:site_name\" content=\"Machines Production TV\" \/>\n<meta property=\"article:modified_time\" content=\"2023-11-09T14:30:11+00:00\" \/>\n<meta property=\"og:image\" content=\"https:\/\/www.machinesproduction.fr\/tv\/wp-content\/uploads\/2023\/11\/Reportage-AMADA-Microrectif.jpg\" \/>\n\t<meta property=\"og:image:width\" content=\"1280\" \/>\n\t<meta property=\"og:image:height\" content=\"720\" \/>\n\t<meta property=\"og:image:type\" content=\"image\/jpeg\" \/>\n<meta name=\"twitter:card\" content=\"summary_large_image\" \/>\n<meta name=\"twitter:title\" content=\"Microrectif et Amada : Partenariat Innovant pour la Rectification Haute Pr\u00e9cision\" \/>\n<meta name=\"twitter:description\" content=\"Plongez dans le monde de la haute pr\u00e9cision avec Microrectif et leur nouvelle acquisition : la rectifieuse Amada. Technologie de pointe et innovation au service de plus de 800 clients\" \/>\n<meta name=\"twitter:image\" content=\"https:\/\/www.machinesproduction.fr\/tv\/wp-content\/uploads\/2023\/11\/Reportage-AMADA-Microrectif.jpg\" \/>\n<meta name=\"twitter:label1\" content=\"Dur\u00e9e de lecture estim\u00e9e\" \/>\n\t<meta name=\"twitter:data1\" content=\"1 minute\" \/>\n<script type=\"application\/ld+json\" class=\"yoast-schema-graph\">{\"@context\":\"https:\/\/schema.org\",\"@graph\":[{\"@type\":\"WebPage\",\"@id\":\"https:\/\/www.machinesproduction.fr\/tv\/reportage-28-amada\/\",\"url\":\"https:\/\/www.machinesproduction.fr\/tv\/reportage-28-amada\/\",\"name\":\"Microrectif et Amada : Partenariat Innovant pour la Rectification Haute Pr\u00e9cision\",\"isPartOf\":{\"@id\":\"https:\/\/www.machinesproduction.fr\/tv\/#website\"},\"primaryImageOfPage\":{\"@id\":\"https:\/\/www.machinesproduction.fr\/tv\/reportage-28-amada\/#primaryimage\"},\"image\":{\"@id\":\"https:\/\/www.machinesproduction.fr\/tv\/reportage-28-amada\/#primaryimage\"},\"thumbnailUrl\":\"https:\/\/www.machinesproduction.fr\/tv\/wp-content\/uploads\/2023\/11\/Reportage-AMADA-Microrectif-carre\u0301.jpg\",\"datePublished\":\"2023-11-08T21:08:32+00:00\",\"dateModified\":\"2023-11-09T14:30:11+00:00\",\"description\":\"Plongez dans le monde de la haute pr\u00e9cision avec Microrectif et leur nouvelle acquisition : la rectifieuse Amada. Technologie de pointe et innovation au service de plus de 800 clients\",\"breadcrumb\":{\"@id\":\"https:\/\/www.machinesproduction.fr\/tv\/reportage-28-amada\/#breadcrumb\"},\"inLanguage\":\"fr-FR\",\"potentialAction\":[{\"@type\":\"ReadAction\",\"target\":[\"https:\/\/www.machinesproduction.fr\/tv\/reportage-28-amada\/\"]}]},{\"@type\":\"ImageObject\",\"inLanguage\":\"fr-FR\",\"@id\":\"https:\/\/www.machinesproduction.fr\/tv\/reportage-28-amada\/#primaryimage\",\"url\":\"https:\/\/www.machinesproduction.fr\/tv\/wp-content\/uploads\/2023\/11\/Reportage-AMADA-Microrectif-carre\u0301.jpg\",\"contentUrl\":\"https:\/\/www.machinesproduction.fr\/tv\/wp-content\/uploads\/2023\/11\/Reportage-AMADA-Microrectif-carre\u0301.jpg\",\"width\":1080,\"height\":1080,\"caption\":\"microrectif s'\u00e9quipe de Amada\"},{\"@type\":\"BreadcrumbList\",\"@id\":\"https:\/\/www.machinesproduction.fr\/tv\/reportage-28-amada\/#breadcrumb\",\"itemListElement\":[{\"@type\":\"ListItem\",\"position\":1,\"name\":\"Home\",\"item\":\"https:\/\/www.machinesproduction.fr\/tv\/\"},{\"@type\":\"ListItem\",\"position\":2,\"name\":\"Reportage 28 &#8211; Amada\"}]},{\"@type\":\"WebSite\",\"@id\":\"https:\/\/www.machinesproduction.fr\/tv\/#website\",\"url\":\"https:\/\/www.machinesproduction.fr\/tv\/\",\"name\":\"Machines Production TV\",\"description\":\"\",\"potentialAction\":[{\"@type\":\"SearchAction\",\"target\":{\"@type\":\"EntryPoint\",\"urlTemplate\":\"https:\/\/www.machinesproduction.fr\/tv\/?s={search_term_string}\"},\"query-input\":{\"@type\":\"PropertyValueSpecification\",\"valueRequired\":true,\"valueName\":\"search_term_string\"}}],\"inLanguage\":\"fr-FR\"}]}<\/script>\n<!-- \/ Yoast SEO plugin. -->","yoast_head_json":{"title":"Microrectif et Amada : Partenariat Innovant pour la Rectification Haute Pr\u00e9cision","description":"Plongez dans le monde de la haute pr\u00e9cision avec Microrectif et leur nouvelle acquisition : la rectifieuse Amada. Technologie de pointe et innovation au service de plus de 800 clients","robots":{"index":"index","follow":"follow","max-snippet":"max-snippet:-1","max-image-preview":"max-image-preview:large","max-video-preview":"max-video-preview:-1"},"canonical":"https:\/\/www.machinesproduction.fr\/tv\/reportage-28-amada\/","og_locale":"fr_FR","og_type":"article","og_title":"Microrectif et Amada : Partenariat Innovant pour la Rectification Haute Pr\u00e9cision","og_description":"Plongez dans le monde de la haute pr\u00e9cision avec Microrectif et leur nouvelle acquisition : la rectifieuse Amada. Technologie de pointe et innovation au service de plus de 800 clients","og_url":"https:\/\/www.machinesproduction.fr\/tv\/reportage-28-amada\/","og_site_name":"Machines Production TV","article_modified_time":"2023-11-09T14:30:11+00:00","og_image":[{"width":1280,"height":720,"url":"https:\/\/www.machinesproduction.fr\/tv\/wp-content\/uploads\/2023\/11\/Reportage-AMADA-Microrectif.jpg","type":"image\/jpeg"}],"twitter_card":"summary_large_image","twitter_title":"Microrectif et Amada : Partenariat Innovant pour la Rectification Haute Pr\u00e9cision","twitter_description":"Plongez dans le monde de la haute pr\u00e9cision avec Microrectif et leur nouvelle acquisition : la rectifieuse Amada. Technologie de pointe et innovation au service de plus de 800 clients","twitter_image":"https:\/\/www.machinesproduction.fr\/tv\/wp-content\/uploads\/2023\/11\/Reportage-AMADA-Microrectif.jpg","twitter_misc":{"Dur\u00e9e de lecture estim\u00e9e":"1 minute"},"schema":{"@context":"https:\/\/schema.org","@graph":[{"@type":"WebPage","@id":"https:\/\/www.machinesproduction.fr\/tv\/reportage-28-amada\/","url":"https:\/\/www.machinesproduction.fr\/tv\/reportage-28-amada\/","name":"Microrectif et Amada : Partenariat Innovant pour la Rectification Haute Pr\u00e9cision","isPartOf":{"@id":"https:\/\/www.machinesproduction.fr\/tv\/#website"},"primaryImageOfPage":{"@id":"https:\/\/www.machinesproduction.fr\/tv\/reportage-28-amada\/#primaryimage"},"image":{"@id":"https:\/\/www.machinesproduction.fr\/tv\/reportage-28-amada\/#primaryimage"},"thumbnailUrl":"https:\/\/www.machinesproduction.fr\/tv\/wp-content\/uploads\/2023\/11\/Reportage-AMADA-Microrectif-carre\u0301.jpg","datePublished":"2023-11-08T21:08:32+00:00","dateModified":"2023-11-09T14:30:11+00:00","description":"Plongez dans le monde de la haute pr\u00e9cision avec Microrectif et leur nouvelle acquisition : la rectifieuse Amada. Technologie de pointe et innovation au service de plus de 800 clients","breadcrumb":{"@id":"https:\/\/www.machinesproduction.fr\/tv\/reportage-28-amada\/#breadcrumb"},"inLanguage":"fr-FR","potentialAction":[{"@type":"ReadAction","target":["https:\/\/www.machinesproduction.fr\/tv\/reportage-28-amada\/"]}]},{"@type":"ImageObject","inLanguage":"fr-FR","@id":"https:\/\/www.machinesproduction.fr\/tv\/reportage-28-amada\/#primaryimage","url":"https:\/\/www.machinesproduction.fr\/tv\/wp-content\/uploads\/2023\/11\/Reportage-AMADA-Microrectif-carre\u0301.jpg","contentUrl":"https:\/\/www.machinesproduction.fr\/tv\/wp-content\/uploads\/2023\/11\/Reportage-AMADA-Microrectif-carre\u0301.jpg","width":1080,"height":1080,"caption":"microrectif s'\u00e9quipe de Amada"},{"@type":"BreadcrumbList","@id":"https:\/\/www.machinesproduction.fr\/tv\/reportage-28-amada\/#breadcrumb","itemListElement":[{"@type":"ListItem","position":1,"name":"Home","item":"https:\/\/www.machinesproduction.fr\/tv\/"},{"@type":"ListItem","position":2,"name":"Reportage 28 &#8211; Amada"}]},{"@type":"WebSite","@id":"https:\/\/www.machinesproduction.fr\/tv\/#website","url":"https:\/\/www.machinesproduction.fr\/tv\/","name":"Machines Production TV","description":"","potentialAction":[{"@type":"SearchAction","target":{"@type":"EntryPoint","urlTemplate":"https:\/\/www.machinesproduction.fr\/tv\/?s={search_term_string}"},"query-input":{"@type":"PropertyValueSpecification","valueRequired":true,"valueName":"search_term_string"}}],"inLanguage":"fr-FR"}]}},"_links":{"self":[{"href":"https:\/\/www.machinesproduction.fr\/tv\/wp-json\/wp\/v2\/pages\/2075","targetHints":{"allow":["GET"]}}],"collection":[{"href":"https:\/\/www.machinesproduction.fr\/tv\/wp-json\/wp\/v2\/pages"}],"about":[{"href":"https:\/\/www.machinesproduction.fr\/tv\/wp-json\/wp\/v2\/types\/page"}],"author":[{"embeddable":true,"href":"https:\/\/www.machinesproduction.fr\/tv\/wp-json\/wp\/v2\/users\/3"}],"replies":[{"embeddable":true,"href":"https:\/\/www.machinesproduction.fr\/tv\/wp-json\/wp\/v2\/comments?post=2075"}],"version-history":[{"count":4,"href":"https:\/\/www.machinesproduction.fr\/tv\/wp-json\/wp\/v2\/pages\/2075\/revisions"}],"predecessor-version":[{"id":2082,"href":"https:\/\/www.machinesproduction.fr\/tv\/wp-json\/wp\/v2\/pages\/2075\/revisions\/2082"}],"wp:featuredmedia":[{"embeddable":true,"href":"https:\/\/www.machinesproduction.fr\/tv\/wp-json\/wp\/v2\/media\/2078"}],"wp:attachment":[{"href":"https:\/\/www.machinesproduction.fr\/tv\/wp-json\/wp\/v2\/media?parent=2075"}],"wp:term":[{"taxonomy":"wf_page_folders","embeddable":true,"href":"https:\/\/www.machinesproduction.fr\/tv\/wp-json\/wp\/v2\/wf_page_folders?post=2075"}],"curies":[{"name":"wp","href":"https:\/\/api.w.org\/{rel}","templated":true}]}}