{"id":2064,"date":"2023-10-20T13:45:42","date_gmt":"2023-10-20T12:45:42","guid":{"rendered":"https:\/\/www.machinesproduction.fr\/tv\/?page_id=2064"},"modified":"2023-10-23T16:19:57","modified_gmt":"2023-10-23T15:19:57","slug":"live-40-siane-industries","status":"publish","type":"page","link":"https:\/\/www.machinesproduction.fr\/tv\/live-40-siane-industries\/","title":{"rendered":"Live 40 &#8211; Siane Industries"},"content":{"rendered":"<section class=\"wpb-content-wrapper\"><p>[vc_row equal_height=&#8221;yes&#8221; content_placement=&#8221;middle&#8221;][vc_column][vc_row_inner equal_height=&#8221;yes&#8221; content_placement=&#8221;middle&#8221;][vc_column_inner width=&#8221;1\/4&#8243; centered_cont_vertical=&#8221;true&#8221;][media image=&#8221;2059&#8243;][\/vc_column_inner][vc_column_inner width=&#8221;3\/4&#8243; centered_cont_vertical=&#8221;true&#8221;][vc_column_text]<\/p>\n<h1 data-wp-editing=\"1\"><span style=\"color: #009ddf;\">Siane Industries 2023<\/span><\/h1>\n<p>[\/vc_column_text][\/vc_column_inner][\/vc_row_inner][\/vc_column][\/vc_row][vc_row full_width=&#8221;stretch_row_content_no_spaces&#8221; top_padding=&#8221;50&#8243;][vc_column offset=&#8221;vc_col-xs-12&#8243;][vc_raw_html]JTNDZGl2JTIwY2xhc3MlM0QlMjJ2aWRlby1jb250YWluZXIlMjIlM0UlMEElMjAlM0NpZnJhbWUlMjB3aWR0aCUzRCUyMjEyODAlMjIlMjBoZWlnaHQlM0QlMjI3MjAlMjIlMjBzcmMlM0QlMjJodHRwcyUzQSUyRiUyRnd3dy55b3V0dWJlLmNvbSUyRmVtYmVkJTJGZzM2aFYyWWxYTnMlM0ZzaSUzRG5GNnhyaHRiV3hBOXc3bHQlMjIlMjB0aXRsZSUzRCUyMllvdVR1YmUlMjB2aWRlbyUyMHBsYXllciUyMiUyMGZyYW1lYm9yZGVyJTNEJTIyMCUyMiUyMGFsbG93JTNEJTIyYWNjZWxlcm9tZXRlciUzQiUyMGF1dG9wbGF5JTNCJTIwY2xpcGJvYXJkLXdyaXRlJTNCJTIwZW5jcnlwdGVkLW1lZGlhJTNCJTIwZ3lyb3Njb3BlJTNCJTIwcGljdHVyZS1pbi1waWN0dXJlJTNCJTIwd2ViLXNoYXJlJTIyJTIwYWxsb3dmdWxsc2NyZWVuJTNFJTNDJTJGaWZyYW1lJTNFJTBBJTNDJTJGZGl2JTNFJTBB[\/vc_raw_html][\/vc_column][\/vc_row][vc_row equal_height=&#8221;yes&#8221; content_placement=&#8221;middle&#8221; top_padding=&#8221;40&#8243;][vc_column][vc_empty_space height=&#8221;30px&#8221;][vc_column_text]<\/p>\n<h2 style=\"font-weight: 400;\"><span style=\"color: #009ddf;\">Du 17 au 19 octobre s\u2019est d\u00e9roul\u00e9 au MEETT, le parc des expositions de Toulouse, la 18e \u00e9dition du Siane Industries.<\/span><\/h2>\n<p style=\"font-weight: 400;\">Carrefour des comp\u00e9tences industrielles, le Siane Industries constitue un v\u00e9ritable lieu de rencontres et d\u2019\u00e9changes pour les professionnels. Pour cette \u00e9dition, ce salon industriel du Grand Sud a mis un coup de projecteur sur les leviers d\u2019une nouvelle croissance industrielle qui combinent valorisation du travail humain, attractivit\u00e9 des fili\u00e8res, modernisation de l\u2019outil de production, performance de l\u2019entreprise et transition \u00e9nerg\u00e9tique.<\/p>\n<p style=\"font-weight: 400;\">La vocation du salon Siane est d\u2019\u00eatre un vecteur de relance de l\u2019activit\u00e9 dans l\u2019ensemble des fili\u00e8res industrielles. Il est donc le grand rendez-vous industriel de la rentr\u00e9e pour tous les acteurs du monde de l\u2019industrie et l\u2019occasion de reprendre contact en s\u2019appuyant sur les d\u00e9marches de relocalisation industrielle \u00e9co-responsable initi\u00e9e par les grands donneurs d\u2019ordres et les partenaires institutionnels. Machines Production vous propose de d\u00e9couvrir en images quelques-unes des entreprises et marques pr\u00e9sentes.<\/p>\n<p>[\/vc_column_text][\/vc_column][\/vc_row][vc_row][vc_column][\/vc_column][\/vc_row]<\/p>\n<\/section>","protected":false},"excerpt":{"rendered":"<p>[vc_row equal_height=&#8221;yes&#8221; content_placement=&#8221;middle&#8221;][vc_column][vc_row_inner equal_height=&#8221;yes&#8221; content_placement=&#8221;middle&#8221;][vc_column_inner width=&#8221;1\/4&#8243; centered_cont_vertical=&#8221;true&#8221;][media image=&#8221;2059&#8243;][\/vc_column_inner][vc_column_inner width=&#8221;3\/4&#8243; centered_cont_vertical=&#8221;true&#8221;][vc_column_text] Siane Industries 2023 [\/vc_column_text][\/vc_column_inner][\/vc_row_inner][\/vc_column][\/vc_row][vc_row full_width=&#8221;stretch_row_content_no_spaces&#8221; top_padding=&#8221;50&#8243;][vc_column offset=&#8221;vc_col-xs-12&#8243;][vc_raw_html]JTNDZGl2JTIwY2xhc3MlM0QlMjJ2aWRlby1jb250YWluZXIlMjIlM0UlMEElMjAlM0NpZnJhbWUlMjB3aWR0aCUzRCUyMjEyODAlMjIlMjBoZWlnaHQlM0QlMjI3MjAlMjIlMjBzcmMlM0QlMjJodHRwcyUzQSUyRiUyRnd3dy55b3V0dWJlLmNvbSUyRmVtYmVkJTJGZzM2aFYyWWxYTnMlM0ZzaSUzRG5GNnhyaHRiV3hBOXc3bHQlMjIlMjB0aXRsZSUzRCUyMllvdVR1YmUlMjB2aWRlbyUyMHBsYXllciUyMiUyMGZyYW1lYm9yZGVyJTNEJTIyMCUyMiUyMGFsbG93JTNEJTIyYWNjZWxlcm9tZXRlciUzQiUyMGF1dG9wbGF5JTNCJTIwY2xpcGJvYXJkLXdyaXRlJTNCJTIwZW5jcnlwdGVkLW1lZGlhJTNCJTIwZ3lyb3Njb3BlJTNCJTIwcGljdHVyZS1pbi1waWN0dXJlJTNCJTIwd2ViLXNoYXJlJTIyJTIwYWxsb3dmdWxsc2NyZWVuJTNFJTNDJTJGaWZyYW1lJTNFJTBBJTNDJTJGZGl2JTNFJTBB[\/vc_raw_html][\/vc_column][\/vc_row][vc_row equal_height=&#8221;yes&#8221; content_placement=&#8221;middle&#8221; top_padding=&#8221;40&#8243;][vc_column][vc_empty_space height=&#8221;30px&#8221;][vc_column_text] Du 17 au 19 octobre s\u2019est d\u00e9roul\u00e9 au MEETT, le parc des expositions de Toulouse, la 18e \u00e9dition du Siane Industries. Carrefour des comp\u00e9tences industrielles, le Siane Industries constitue un v\u00e9ritable lieu de rencontres [&hellip;]<\/p>\n","protected":false},"author":3,"featured_media":0,"parent":0,"menu_order":0,"comment_status":"closed","ping_status":"closed","template":"","meta":{"_monsterinsights_skip_tracking":false,"_monsterinsights_sitenote_active":false,"_monsterinsights_sitenote_note":"","_monsterinsights_sitenote_category":0,"footnotes":""},"wf_page_folders":[13],"class_list":["post-2064","page","type-page","status-publish","hentry"],"yoast_head":"<!-- This site is optimized with the Yoast SEO plugin v27.1.1 - https:\/\/yoast.com\/product\/yoast-seo-wordpress\/ -->\n<title>MP Live : En direct Du Siane Industrie 2023<\/title>\n<meta name=\"description\" content=\"Du 17 au 19 octobre, s&#039;est d\u00e9roul\u00e9 la 18e \u00e9dition du Siane Industries \u00e0 Toulouse. Un carrefour des comp\u00e9tences industrielles et un rendez-vous majeur pour les professionnels.\" \/>\n<meta name=\"robots\" content=\"index, follow, max-snippet:-1, max-image-preview:large, max-video-preview:-1\" \/>\n<link rel=\"canonical\" href=\"https:\/\/www.machinesproduction.fr\/tv\/live-40-siane-industries\/\" \/>\n<meta property=\"og:locale\" content=\"fr_FR\" \/>\n<meta property=\"og:type\" content=\"article\" \/>\n<meta property=\"og:title\" content=\"MP Live : En direct Du Siane Industrie 2023\" \/>\n<meta property=\"og:description\" content=\"Du 17 au 19 octobre, s&#039;est d\u00e9roul\u00e9 la 18e \u00e9dition du Siane Industries \u00e0 Toulouse. Un carrefour des comp\u00e9tences industrielles et un rendez-vous majeur pour les professionnels.\" \/>\n<meta property=\"og:url\" content=\"https:\/\/www.machinesproduction.fr\/tv\/live-40-siane-industries\/\" \/>\n<meta property=\"og:site_name\" content=\"Machines Production TV\" \/>\n<meta property=\"article:modified_time\" content=\"2023-10-23T15:19:57+00:00\" \/>\n<meta property=\"og:image\" content=\"https:\/\/www.machinesproduction.fr\/tv\/wp-content\/uploads\/2023\/10\/Live-Siane2023.jpg\" \/>\n\t<meta property=\"og:image:width\" content=\"1280\" \/>\n\t<meta property=\"og:image:height\" content=\"720\" \/>\n\t<meta property=\"og:image:type\" content=\"image\/jpeg\" \/>\n<meta name=\"twitter:card\" content=\"summary_large_image\" \/>\n<meta name=\"twitter:title\" content=\"MP Live : En direct Du Siane Industrie 2023\" \/>\n<meta name=\"twitter:description\" content=\"Du 17 au 19 octobre, s&#039;est d\u00e9roul\u00e9 la 18e \u00e9dition du Siane Industries \u00e0 Toulouse. Un carrefour des comp\u00e9tences industrielles et un rendez-vous majeur pour les professionnels.\" \/>\n<meta name=\"twitter:image\" content=\"https:\/\/www.machinesproduction.fr\/tv\/wp-content\/uploads\/2023\/10\/Live-Siane2023.jpg\" \/>\n<meta name=\"twitter:label1\" content=\"Dur\u00e9e de lecture estim\u00e9e\" \/>\n\t<meta name=\"twitter:data1\" content=\"1 minute\" \/>\n<script type=\"application\/ld+json\" class=\"yoast-schema-graph\">{\"@context\":\"https:\/\/schema.org\",\"@graph\":[{\"@type\":\"WebPage\",\"@id\":\"https:\/\/www.machinesproduction.fr\/tv\/live-40-siane-industries\/\",\"url\":\"https:\/\/www.machinesproduction.fr\/tv\/live-40-siane-industries\/\",\"name\":\"MP Live : En direct Du Siane Industrie 2023\",\"isPartOf\":{\"@id\":\"https:\/\/www.machinesproduction.fr\/tv\/#website\"},\"datePublished\":\"2023-10-20T12:45:42+00:00\",\"dateModified\":\"2023-10-23T15:19:57+00:00\",\"description\":\"Du 17 au 19 octobre, s'est d\u00e9roul\u00e9 la 18e \u00e9dition du Siane Industries \u00e0 Toulouse. Un carrefour des comp\u00e9tences industrielles et un rendez-vous majeur pour les professionnels.\",\"breadcrumb\":{\"@id\":\"https:\/\/www.machinesproduction.fr\/tv\/live-40-siane-industries\/#breadcrumb\"},\"inLanguage\":\"fr-FR\",\"potentialAction\":[{\"@type\":\"ReadAction\",\"target\":[\"https:\/\/www.machinesproduction.fr\/tv\/live-40-siane-industries\/\"]}]},{\"@type\":\"BreadcrumbList\",\"@id\":\"https:\/\/www.machinesproduction.fr\/tv\/live-40-siane-industries\/#breadcrumb\",\"itemListElement\":[{\"@type\":\"ListItem\",\"position\":1,\"name\":\"Home\",\"item\":\"https:\/\/www.machinesproduction.fr\/tv\/\"},{\"@type\":\"ListItem\",\"position\":2,\"name\":\"Live 40 &#8211; Siane Industries\"}]},{\"@type\":\"WebSite\",\"@id\":\"https:\/\/www.machinesproduction.fr\/tv\/#website\",\"url\":\"https:\/\/www.machinesproduction.fr\/tv\/\",\"name\":\"Machines Production TV\",\"description\":\"\",\"potentialAction\":[{\"@type\":\"SearchAction\",\"target\":{\"@type\":\"EntryPoint\",\"urlTemplate\":\"https:\/\/www.machinesproduction.fr\/tv\/?s={search_term_string}\"},\"query-input\":{\"@type\":\"PropertyValueSpecification\",\"valueRequired\":true,\"valueName\":\"search_term_string\"}}],\"inLanguage\":\"fr-FR\"}]}<\/script>\n<!-- \/ Yoast SEO plugin. -->","yoast_head_json":{"title":"MP Live : En direct Du Siane Industrie 2023","description":"Du 17 au 19 octobre, s'est d\u00e9roul\u00e9 la 18e \u00e9dition du Siane Industries \u00e0 Toulouse. Un carrefour des comp\u00e9tences industrielles et un rendez-vous majeur pour les professionnels.","robots":{"index":"index","follow":"follow","max-snippet":"max-snippet:-1","max-image-preview":"max-image-preview:large","max-video-preview":"max-video-preview:-1"},"canonical":"https:\/\/www.machinesproduction.fr\/tv\/live-40-siane-industries\/","og_locale":"fr_FR","og_type":"article","og_title":"MP Live : En direct Du Siane Industrie 2023","og_description":"Du 17 au 19 octobre, s'est d\u00e9roul\u00e9 la 18e \u00e9dition du Siane Industries \u00e0 Toulouse. Un carrefour des comp\u00e9tences industrielles et un rendez-vous majeur pour les professionnels.","og_url":"https:\/\/www.machinesproduction.fr\/tv\/live-40-siane-industries\/","og_site_name":"Machines Production TV","article_modified_time":"2023-10-23T15:19:57+00:00","og_image":[{"width":1280,"height":720,"url":"https:\/\/www.machinesproduction.fr\/tv\/wp-content\/uploads\/2023\/10\/Live-Siane2023.jpg","type":"image\/jpeg"}],"twitter_card":"summary_large_image","twitter_title":"MP Live : En direct Du Siane Industrie 2023","twitter_description":"Du 17 au 19 octobre, s'est d\u00e9roul\u00e9 la 18e \u00e9dition du Siane Industries \u00e0 Toulouse. Un carrefour des comp\u00e9tences industrielles et un rendez-vous majeur pour les professionnels.","twitter_image":"https:\/\/www.machinesproduction.fr\/tv\/wp-content\/uploads\/2023\/10\/Live-Siane2023.jpg","twitter_misc":{"Dur\u00e9e de lecture estim\u00e9e":"1 minute"},"schema":{"@context":"https:\/\/schema.org","@graph":[{"@type":"WebPage","@id":"https:\/\/www.machinesproduction.fr\/tv\/live-40-siane-industries\/","url":"https:\/\/www.machinesproduction.fr\/tv\/live-40-siane-industries\/","name":"MP Live : En direct Du Siane Industrie 2023","isPartOf":{"@id":"https:\/\/www.machinesproduction.fr\/tv\/#website"},"datePublished":"2023-10-20T12:45:42+00:00","dateModified":"2023-10-23T15:19:57+00:00","description":"Du 17 au 19 octobre, s'est d\u00e9roul\u00e9 la 18e \u00e9dition du Siane Industries \u00e0 Toulouse. Un carrefour des comp\u00e9tences industrielles et un rendez-vous majeur pour les professionnels.","breadcrumb":{"@id":"https:\/\/www.machinesproduction.fr\/tv\/live-40-siane-industries\/#breadcrumb"},"inLanguage":"fr-FR","potentialAction":[{"@type":"ReadAction","target":["https:\/\/www.machinesproduction.fr\/tv\/live-40-siane-industries\/"]}]},{"@type":"BreadcrumbList","@id":"https:\/\/www.machinesproduction.fr\/tv\/live-40-siane-industries\/#breadcrumb","itemListElement":[{"@type":"ListItem","position":1,"name":"Home","item":"https:\/\/www.machinesproduction.fr\/tv\/"},{"@type":"ListItem","position":2,"name":"Live 40 &#8211; Siane Industries"}]},{"@type":"WebSite","@id":"https:\/\/www.machinesproduction.fr\/tv\/#website","url":"https:\/\/www.machinesproduction.fr\/tv\/","name":"Machines Production TV","description":"","potentialAction":[{"@type":"SearchAction","target":{"@type":"EntryPoint","urlTemplate":"https:\/\/www.machinesproduction.fr\/tv\/?s={search_term_string}"},"query-input":{"@type":"PropertyValueSpecification","valueRequired":true,"valueName":"search_term_string"}}],"inLanguage":"fr-FR"}]}},"_links":{"self":[{"href":"https:\/\/www.machinesproduction.fr\/tv\/wp-json\/wp\/v2\/pages\/2064","targetHints":{"allow":["GET"]}}],"collection":[{"href":"https:\/\/www.machinesproduction.fr\/tv\/wp-json\/wp\/v2\/pages"}],"about":[{"href":"https:\/\/www.machinesproduction.fr\/tv\/wp-json\/wp\/v2\/types\/page"}],"author":[{"embeddable":true,"href":"https:\/\/www.machinesproduction.fr\/tv\/wp-json\/wp\/v2\/users\/3"}],"replies":[{"embeddable":true,"href":"https:\/\/www.machinesproduction.fr\/tv\/wp-json\/wp\/v2\/comments?post=2064"}],"version-history":[{"count":5,"href":"https:\/\/www.machinesproduction.fr\/tv\/wp-json\/wp\/v2\/pages\/2064\/revisions"}],"predecessor-version":[{"id":2072,"href":"https:\/\/www.machinesproduction.fr\/tv\/wp-json\/wp\/v2\/pages\/2064\/revisions\/2072"}],"wp:attachment":[{"href":"https:\/\/www.machinesproduction.fr\/tv\/wp-json\/wp\/v2\/media?parent=2064"}],"wp:term":[{"taxonomy":"wf_page_folders","embeddable":true,"href":"https:\/\/www.machinesproduction.fr\/tv\/wp-json\/wp\/v2\/wf_page_folders?post=2064"}],"curies":[{"name":"wp","href":"https:\/\/api.w.org\/{rel}","templated":true}]}}