{"id":2025,"date":"2023-10-05T21:43:19","date_gmt":"2023-10-05T20:43:19","guid":{"rendered":"https:\/\/www.machinesproduction.fr\/tv\/?page_id=2025"},"modified":"2023-10-05T22:15:38","modified_gmt":"2023-10-05T21:15:38","slug":"live-39-salon-tite","status":"publish","type":"page","link":"https:\/\/www.machinesproduction.fr\/tv\/live-39-salon-tite\/","title":{"rendered":"Live 39 &#8211; Salon Tite"},"content":{"rendered":"<section class=\"wpb-content-wrapper\"><p>[vc_row equal_height=&#8221;yes&#8221; content_placement=&#8221;middle&#8221;][vc_column][vc_row_inner equal_height=&#8221;yes&#8221; content_placement=&#8221;middle&#8221;][vc_column_inner width=&#8221;1\/4&#8243; centered_cont_vertical=&#8221;true&#8221;][media image=&#8221;2027&#8243;][\/vc_column_inner][vc_column_inner width=&#8221;3\/4&#8243; centered_cont_vertical=&#8221;true&#8221;][vc_column_text]<\/p>\n<h1 data-wp-editing=\"1\"><span style=\"color: #009ddf;\">En direct de Ta\u00efwan au salon TiTE<\/span><\/h1>\n<p>[\/vc_column_text][\/vc_column_inner][\/vc_row_inner][\/vc_column][\/vc_row][vc_row equal_height=&#8221;yes&#8221; content_placement=&#8221;middle&#8221;][vc_column][vc_empty_space height=&#8221;30px&#8221;][vc_video link=&#8221;https:\/\/youtu.be\/GIcadEBdVO0&#8243;][vc_column_text]<\/p>\n<h2><span style=\"color: #009ddf;\"><strong>A peine ouverte, la Ta\u00efwan International Tools &amp; Hardware Expo a d\u00fb refermer provisoirement ses portes d\u00e8s le deuxi\u00e8me jour, en raison du passage d\u2019un typhon. Heureusement pour les exposants, le salon devrait rouvrir vendredi<\/strong><\/span><\/h2>\n<p>Ouverte mercredi 4 octobre, la deuxi\u00e8me \u00e9dition de Ta\u00efwan International Tools &amp; Hardware Expo (TiTE) se d\u00e9roule \u00e0 Taichung, au centre-ouest de l\u2019\u00eele, jusqu\u2019au 6 octobre, dont le mot d\u2019ordre est cette ann\u00e9e \u00ab Tools Kingdom : la cha\u00eene d\u2019approvisionnement la plus solide du monde se trouve \u00e0 Ta\u00efwan. \u00bb Soutenu par le gouvernement, il s\u2019agit du premier salon des outils et du mat\u00e9riel de ce territoire de l\u2019oc\u00e9an Pacifique.<br \/>\nMorgan Railane, notre envoy\u00e9 sp\u00e9cial, nous rapportait, mercredi, qu\u2019un bulletin d\u2019alerte m\u00e9t\u00e9orologique sur la pr\u00e9sence d\u2019un typhon a forc\u00e9 les organisateurs \u00e0 fermer le salon pour la journ\u00e9e du jeudi 5 octobre, mais il devrait rouvrir d\u00e8s le lendemain.<br \/>\nRetrouvez dans ce live, l\u2019interview de Lai Lian Zuh, \u00e0 la fois pr\u00e9sident de l\u2019association des producteurs d\u2019outils de Ta\u00efwan et du salon TiTE 2023. Une exposition qui permet aux industriels de Taichung de d\u00e9couvrir les derni\u00e8res innovations,<\/p>\n<blockquote><p>\u00ab mais aussi de favoriser des synergies comme un salon tel que le TiTE peut en cr\u00e9er \u00bb, assure Lai Lian Zuh, qui confie au micro de Machines Production que \u00ab le march\u00e9 de l\u2019outillage \u00e0 Ta\u00efwan se porte bien et c\u2019est la raison pour laquelle de nombreuses entreprises viennent s\u2019installer sur l\u2019\u00eele \u00bb.<\/p><\/blockquote>\n<p>[\/vc_column_text][\/vc_column][\/vc_row][vc_row][vc_column][\/vc_column][\/vc_row]<\/p>\n<\/section>","protected":false},"excerpt":{"rendered":"<p>[vc_row equal_height=&#8221;yes&#8221; content_placement=&#8221;middle&#8221;][vc_column][vc_row_inner equal_height=&#8221;yes&#8221; content_placement=&#8221;middle&#8221;][vc_column_inner width=&#8221;1\/4&#8243; centered_cont_vertical=&#8221;true&#8221;][media image=&#8221;2027&#8243;][\/vc_column_inner][vc_column_inner width=&#8221;3\/4&#8243; centered_cont_vertical=&#8221;true&#8221;][vc_column_text] En direct de Ta\u00efwan au salon TiTE [\/vc_column_text][\/vc_column_inner][\/vc_row_inner][\/vc_column][\/vc_row][vc_row equal_height=&#8221;yes&#8221; content_placement=&#8221;middle&#8221;][vc_column][vc_empty_space height=&#8221;30px&#8221;][vc_video link=&#8221;https:\/\/youtu.be\/GIcadEBdVO0&#8243;][vc_column_text] A peine ouverte, la Ta\u00efwan International Tools &amp; Hardware Expo a d\u00fb refermer provisoirement ses portes d\u00e8s le deuxi\u00e8me jour, en raison du passage d\u2019un typhon. Heureusement pour les exposants, le salon devrait [&hellip;]<\/p>\n","protected":false},"author":3,"featured_media":0,"parent":0,"menu_order":0,"comment_status":"closed","ping_status":"closed","template":"","meta":{"_monsterinsights_skip_tracking":false,"_monsterinsights_sitenote_active":false,"_monsterinsights_sitenote_note":"","_monsterinsights_sitenote_category":0,"footnotes":""},"wf_page_folders":[13],"class_list":["post-2025","page","type-page","status-publish","hentry"],"yoast_head":"<!-- This site is optimized with the Yoast SEO plugin v27.1.1 - https:\/\/yoast.com\/product\/yoast-seo-wordpress\/ -->\n<title>Salon TiTE 2023 : Machines Production en direct de Ta\u00efwan<\/title>\n<meta name=\"description\" content=\"D\u00e9couvrez les derni\u00e8res innovations en mati\u00e8re d&#039;outillage \u00e0 Ta\u00efwan au salon TiTE 2023. Rejoignez-nous pour explorer la cha\u00eene d&#039;approvisionnement la plus solide du monde \u00e0 Taichung, du 4 au 6 octobre.\" \/>\n<meta name=\"robots\" content=\"index, follow, max-snippet:-1, max-image-preview:large, max-video-preview:-1\" \/>\n<link rel=\"canonical\" href=\"https:\/\/www.machinesproduction.fr\/tv\/live-39-salon-tite\/\" \/>\n<meta property=\"og:locale\" content=\"fr_FR\" \/>\n<meta property=\"og:type\" content=\"article\" \/>\n<meta property=\"og:title\" content=\"Salon TiTE 2023 : Machines Production en direct de Ta\u00efwan\" \/>\n<meta property=\"og:description\" content=\"D\u00e9couvrez les derni\u00e8res innovations en mati\u00e8re d&#039;outillage \u00e0 Ta\u00efwan au salon TiTE 2023. Rejoignez-nous pour explorer la cha\u00eene d&#039;approvisionnement la plus solide du monde \u00e0 Taichung, du 4 au 6 octobre.\" \/>\n<meta property=\"og:url\" content=\"https:\/\/www.machinesproduction.fr\/tv\/live-39-salon-tite\/\" \/>\n<meta property=\"og:site_name\" content=\"Machines Production TV\" \/>\n<meta property=\"article:modified_time\" content=\"2023-10-05T21:15:38+00:00\" \/>\n<meta property=\"og:image\" content=\"https:\/\/www.machinesproduction.fr\/tv\/wp-content\/uploads\/2023\/10\/Live-Tite2023.jpg\" \/>\n\t<meta property=\"og:image:width\" content=\"1280\" \/>\n\t<meta property=\"og:image:height\" content=\"720\" \/>\n\t<meta property=\"og:image:type\" content=\"image\/jpeg\" \/>\n<meta name=\"twitter:card\" content=\"summary_large_image\" \/>\n<meta name=\"twitter:title\" content=\"Salon TiTE 2023 : Machines Production en direct de Ta\u00efwan\" \/>\n<meta name=\"twitter:description\" content=\"D\u00e9couvrez les derni\u00e8res innovations en mati\u00e8re d&#039;outillage \u00e0 Ta\u00efwan au salon TiTE 2023. Rejoignez-nous pour explorer la cha\u00eene d&#039;approvisionnement la plus solide du monde \u00e0 Taichung, du 4 au 6 octobre.\" \/>\n<meta name=\"twitter:image\" content=\"https:\/\/www.machinesproduction.fr\/tv\/wp-content\/uploads\/2023\/10\/Live-Tite2023.jpg\" \/>\n<meta name=\"twitter:label1\" content=\"Dur\u00e9e de lecture estim\u00e9e\" \/>\n\t<meta name=\"twitter:data1\" content=\"3 minutes\" \/>\n<script type=\"application\/ld+json\" class=\"yoast-schema-graph\">{\"@context\":\"https:\/\/schema.org\",\"@graph\":[{\"@type\":\"WebPage\",\"@id\":\"https:\/\/www.machinesproduction.fr\/tv\/live-39-salon-tite\/\",\"url\":\"https:\/\/www.machinesproduction.fr\/tv\/live-39-salon-tite\/\",\"name\":\"Salon TiTE 2023 : Machines Production en direct de Ta\u00efwan\",\"isPartOf\":{\"@id\":\"https:\/\/www.machinesproduction.fr\/tv\/#website\"},\"datePublished\":\"2023-10-05T20:43:19+00:00\",\"dateModified\":\"2023-10-05T21:15:38+00:00\",\"description\":\"D\u00e9couvrez les derni\u00e8res innovations en mati\u00e8re d'outillage \u00e0 Ta\u00efwan au salon TiTE 2023. Rejoignez-nous pour explorer la cha\u00eene d'approvisionnement la plus solide du monde \u00e0 Taichung, du 4 au 6 octobre.\",\"breadcrumb\":{\"@id\":\"https:\/\/www.machinesproduction.fr\/tv\/live-39-salon-tite\/#breadcrumb\"},\"inLanguage\":\"fr-FR\",\"potentialAction\":[{\"@type\":\"ReadAction\",\"target\":[\"https:\/\/www.machinesproduction.fr\/tv\/live-39-salon-tite\/\"]}]},{\"@type\":\"BreadcrumbList\",\"@id\":\"https:\/\/www.machinesproduction.fr\/tv\/live-39-salon-tite\/#breadcrumb\",\"itemListElement\":[{\"@type\":\"ListItem\",\"position\":1,\"name\":\"Home\",\"item\":\"https:\/\/www.machinesproduction.fr\/tv\/\"},{\"@type\":\"ListItem\",\"position\":2,\"name\":\"Live 39 &#8211; Salon Tite\"}]},{\"@type\":\"WebSite\",\"@id\":\"https:\/\/www.machinesproduction.fr\/tv\/#website\",\"url\":\"https:\/\/www.machinesproduction.fr\/tv\/\",\"name\":\"Machines Production TV\",\"description\":\"\",\"potentialAction\":[{\"@type\":\"SearchAction\",\"target\":{\"@type\":\"EntryPoint\",\"urlTemplate\":\"https:\/\/www.machinesproduction.fr\/tv\/?s={search_term_string}\"},\"query-input\":{\"@type\":\"PropertyValueSpecification\",\"valueRequired\":true,\"valueName\":\"search_term_string\"}}],\"inLanguage\":\"fr-FR\"}]}<\/script>\n<!-- \/ Yoast SEO plugin. -->","yoast_head_json":{"title":"Salon TiTE 2023 : Machines Production en direct de Ta\u00efwan","description":"D\u00e9couvrez les derni\u00e8res innovations en mati\u00e8re d'outillage \u00e0 Ta\u00efwan au salon TiTE 2023. Rejoignez-nous pour explorer la cha\u00eene d'approvisionnement la plus solide du monde \u00e0 Taichung, du 4 au 6 octobre.","robots":{"index":"index","follow":"follow","max-snippet":"max-snippet:-1","max-image-preview":"max-image-preview:large","max-video-preview":"max-video-preview:-1"},"canonical":"https:\/\/www.machinesproduction.fr\/tv\/live-39-salon-tite\/","og_locale":"fr_FR","og_type":"article","og_title":"Salon TiTE 2023 : Machines Production en direct de Ta\u00efwan","og_description":"D\u00e9couvrez les derni\u00e8res innovations en mati\u00e8re d'outillage \u00e0 Ta\u00efwan au salon TiTE 2023. Rejoignez-nous pour explorer la cha\u00eene d'approvisionnement la plus solide du monde \u00e0 Taichung, du 4 au 6 octobre.","og_url":"https:\/\/www.machinesproduction.fr\/tv\/live-39-salon-tite\/","og_site_name":"Machines Production TV","article_modified_time":"2023-10-05T21:15:38+00:00","og_image":[{"width":1280,"height":720,"url":"https:\/\/www.machinesproduction.fr\/tv\/wp-content\/uploads\/2023\/10\/Live-Tite2023.jpg","type":"image\/jpeg"}],"twitter_card":"summary_large_image","twitter_title":"Salon TiTE 2023 : Machines Production en direct de Ta\u00efwan","twitter_description":"D\u00e9couvrez les derni\u00e8res innovations en mati\u00e8re d'outillage \u00e0 Ta\u00efwan au salon TiTE 2023. Rejoignez-nous pour explorer la cha\u00eene d'approvisionnement la plus solide du monde \u00e0 Taichung, du 4 au 6 octobre.","twitter_image":"https:\/\/www.machinesproduction.fr\/tv\/wp-content\/uploads\/2023\/10\/Live-Tite2023.jpg","twitter_misc":{"Dur\u00e9e de lecture estim\u00e9e":"3 minutes"},"schema":{"@context":"https:\/\/schema.org","@graph":[{"@type":"WebPage","@id":"https:\/\/www.machinesproduction.fr\/tv\/live-39-salon-tite\/","url":"https:\/\/www.machinesproduction.fr\/tv\/live-39-salon-tite\/","name":"Salon TiTE 2023 : Machines Production en direct de Ta\u00efwan","isPartOf":{"@id":"https:\/\/www.machinesproduction.fr\/tv\/#website"},"datePublished":"2023-10-05T20:43:19+00:00","dateModified":"2023-10-05T21:15:38+00:00","description":"D\u00e9couvrez les derni\u00e8res innovations en mati\u00e8re d'outillage \u00e0 Ta\u00efwan au salon TiTE 2023. Rejoignez-nous pour explorer la cha\u00eene d'approvisionnement la plus solide du monde \u00e0 Taichung, du 4 au 6 octobre.","breadcrumb":{"@id":"https:\/\/www.machinesproduction.fr\/tv\/live-39-salon-tite\/#breadcrumb"},"inLanguage":"fr-FR","potentialAction":[{"@type":"ReadAction","target":["https:\/\/www.machinesproduction.fr\/tv\/live-39-salon-tite\/"]}]},{"@type":"BreadcrumbList","@id":"https:\/\/www.machinesproduction.fr\/tv\/live-39-salon-tite\/#breadcrumb","itemListElement":[{"@type":"ListItem","position":1,"name":"Home","item":"https:\/\/www.machinesproduction.fr\/tv\/"},{"@type":"ListItem","position":2,"name":"Live 39 &#8211; Salon Tite"}]},{"@type":"WebSite","@id":"https:\/\/www.machinesproduction.fr\/tv\/#website","url":"https:\/\/www.machinesproduction.fr\/tv\/","name":"Machines Production TV","description":"","potentialAction":[{"@type":"SearchAction","target":{"@type":"EntryPoint","urlTemplate":"https:\/\/www.machinesproduction.fr\/tv\/?s={search_term_string}"},"query-input":{"@type":"PropertyValueSpecification","valueRequired":true,"valueName":"search_term_string"}}],"inLanguage":"fr-FR"}]}},"_links":{"self":[{"href":"https:\/\/www.machinesproduction.fr\/tv\/wp-json\/wp\/v2\/pages\/2025","targetHints":{"allow":["GET"]}}],"collection":[{"href":"https:\/\/www.machinesproduction.fr\/tv\/wp-json\/wp\/v2\/pages"}],"about":[{"href":"https:\/\/www.machinesproduction.fr\/tv\/wp-json\/wp\/v2\/types\/page"}],"author":[{"embeddable":true,"href":"https:\/\/www.machinesproduction.fr\/tv\/wp-json\/wp\/v2\/users\/3"}],"replies":[{"embeddable":true,"href":"https:\/\/www.machinesproduction.fr\/tv\/wp-json\/wp\/v2\/comments?post=2025"}],"version-history":[{"count":3,"href":"https:\/\/www.machinesproduction.fr\/tv\/wp-json\/wp\/v2\/pages\/2025\/revisions"}],"predecessor-version":[{"id":2030,"href":"https:\/\/www.machinesproduction.fr\/tv\/wp-json\/wp\/v2\/pages\/2025\/revisions\/2030"}],"wp:attachment":[{"href":"https:\/\/www.machinesproduction.fr\/tv\/wp-json\/wp\/v2\/media?parent=2025"}],"wp:term":[{"taxonomy":"wf_page_folders","embeddable":true,"href":"https:\/\/www.machinesproduction.fr\/tv\/wp-json\/wp\/v2\/wf_page_folders?post=2025"}],"curies":[{"name":"wp","href":"https:\/\/api.w.org\/{rel}","templated":true}]}}