{"id":1919,"date":"2023-06-19T23:17:43","date_gmt":"2023-06-19T22:17:43","guid":{"rendered":"https:\/\/www.machinesproduction.fr\/tv\/?page_id=1919"},"modified":"2023-06-19T23:29:22","modified_gmt":"2023-06-19T22:29:22","slug":"live-36-viva-technology","status":"publish","type":"page","link":"https:\/\/www.machinesproduction.fr\/tv\/live-36-viva-technology\/","title":{"rendered":"Live 36 &#8211; Viva Technology"},"content":{"rendered":"<section class=\"wpb-content-wrapper\"><p>[vc_row equal_height=&#8221;yes&#8221; content_placement=&#8221;middle&#8221;][vc_column][vc_row_inner equal_height=&#8221;yes&#8221; content_placement=&#8221;middle&#8221;][vc_column_inner width=&#8221;1\/4&#8243; centered_cont_vertical=&#8221;true&#8221;][media image=&#8221;1921&#8243;][\/vc_column_inner][vc_column_inner width=&#8221;3\/4&#8243; centered_cont_vertical=&#8221;true&#8221;][vc_column_text]<\/p>\n<h1 data-wp-editing=\"1\"><span style=\"color: #009ddf;\">Viva Technology : Startup &amp; Technologie<\/span><\/h1>\n<p>[\/vc_column_text][\/vc_column_inner][\/vc_row_inner][\/vc_column][\/vc_row][vc_row equal_height=&#8221;yes&#8221; content_placement=&#8221;middle&#8221;][vc_column][vc_empty_space height=&#8221;30px&#8221;][vc_video link=&#8221;https:\/\/youtu.be\/mAOcIxwP1ic&#8221;][vc_column_text]<\/p>\n<p class=\"LEMONDE\"><span style=\"color: #ffffff;\"> Machines Production TV vous propose de d\u00e9couvrir en images le salon europ\u00e9en \u00ab\u00a0Viva Technogy\u00a0\u00bb, \u00e9v\u00e8nement consacr\u00e9 aux start-ups et \u00e0 la technologie. VivaTech veut s\u2019imposer comme le rendez-vous incontournable mondial de la tech et des startups. <\/span><\/p>\n<p class=\"LEMONDE\"><span style=\"color: #ffffff;\">Beaucoup de nouvelles technologies \u00e0 d\u00e9couvrir dans tous les secteurs d\u2019activit\u00e9. Innovations et industries sont les ingr\u00e9dients indispensables pour notre futur.<\/span><\/p>\n<p>[\/vc_column_text][\/vc_column][\/vc_row][vc_row][vc_column][\/vc_column][\/vc_row]<\/p>\n<\/section>","protected":false},"excerpt":{"rendered":"<p>[vc_row equal_height=&#8221;yes&#8221; content_placement=&#8221;middle&#8221;][vc_column][vc_row_inner equal_height=&#8221;yes&#8221; content_placement=&#8221;middle&#8221;][vc_column_inner width=&#8221;1\/4&#8243; centered_cont_vertical=&#8221;true&#8221;][media image=&#8221;1921&#8243;][\/vc_column_inner][vc_column_inner width=&#8221;3\/4&#8243; centered_cont_vertical=&#8221;true&#8221;][vc_column_text] Viva Technology : Startup &amp; Technologie [\/vc_column_text][\/vc_column_inner][\/vc_row_inner][\/vc_column][\/vc_row][vc_row equal_height=&#8221;yes&#8221; content_placement=&#8221;middle&#8221;][vc_column][vc_empty_space height=&#8221;30px&#8221;][vc_video link=&#8221;https:\/\/youtu.be\/mAOcIxwP1ic&#8221;][vc_column_text] Machines Production TV vous propose de d\u00e9couvrir en images le salon europ\u00e9en \u00ab\u00a0Viva Technogy\u00a0\u00bb, \u00e9v\u00e8nement consacr\u00e9 aux start-ups et \u00e0 la technologie. VivaTech veut s\u2019imposer comme le rendez-vous incontournable mondial de la tech et [&hellip;]<\/p>\n","protected":false},"author":3,"featured_media":0,"parent":0,"menu_order":0,"comment_status":"closed","ping_status":"closed","template":"","meta":{"_monsterinsights_skip_tracking":false,"_monsterinsights_sitenote_active":false,"_monsterinsights_sitenote_note":"","_monsterinsights_sitenote_category":0,"footnotes":""},"wf_page_folders":[13],"class_list":["post-1919","page","type-page","status-publish","hentry"],"yoast_head":"<!-- This site is optimized with the Yoast SEO plugin v27.1.1 - https:\/\/yoast.com\/product\/yoast-seo-wordpress\/ -->\n<title>Viva Technology : Le Salon Europ\u00e9en de la Tech et des Startups | Machines Production TV<\/title>\n<meta name=\"description\" content=\"D\u00e9couvrez en images le salon europ\u00e9en Viva Technology, un \u00e9v\u00e9nement d\u00e9di\u00e9 aux start-ups et \u00e0 la technologie. VivaTech est le rendez-vous mondial incontournable de la tech et des startups, proposant de nombreuses nouvelles technologies \u00e0 d\u00e9couvrir dans tous les secteurs d&#039;activit\u00e9. Explorez les innovations et les industries qui fa\u00e7onnent notre futur.\" \/>\n<meta name=\"robots\" content=\"index, follow, max-snippet:-1, max-image-preview:large, max-video-preview:-1\" \/>\n<link rel=\"canonical\" href=\"https:\/\/www.machinesproduction.fr\/tv\/live-36-viva-technology\/\" \/>\n<meta property=\"og:locale\" content=\"fr_FR\" \/>\n<meta property=\"og:type\" content=\"article\" \/>\n<meta property=\"og:title\" content=\"Viva Technology : Le Salon Europ\u00e9en de la Tech et des Startups | Machines Production TV\" \/>\n<meta property=\"og:description\" content=\"D\u00e9couvrez en images le salon europ\u00e9en Viva Technology, un \u00e9v\u00e9nement d\u00e9di\u00e9 aux start-ups et \u00e0 la technologie. VivaTech est le rendez-vous mondial incontournable de la tech et des startups, proposant de nombreuses nouvelles technologies \u00e0 d\u00e9couvrir dans tous les secteurs d&#039;activit\u00e9. Explorez les innovations et les industries qui fa\u00e7onnent notre futur.\" \/>\n<meta property=\"og:url\" content=\"https:\/\/www.machinesproduction.fr\/tv\/live-36-viva-technology\/\" \/>\n<meta property=\"og:site_name\" content=\"Machines Production TV\" \/>\n<meta property=\"article:modified_time\" content=\"2023-06-19T22:29:22+00:00\" \/>\n<meta property=\"og:image\" content=\"https:\/\/www.machinesproduction.fr\/tv\/wp-content\/uploads\/2023\/06\/Live-Viva-Technology-v2.jpg\" \/>\n\t<meta property=\"og:image:width\" content=\"1280\" \/>\n\t<meta property=\"og:image:height\" content=\"720\" \/>\n\t<meta property=\"og:image:type\" content=\"image\/jpeg\" \/>\n<meta name=\"twitter:card\" content=\"summary_large_image\" \/>\n<meta name=\"twitter:title\" content=\"Viva Technology : Le Salon Europ\u00e9en de la Tech et des Startups | Machines Production TV\" \/>\n<meta name=\"twitter:description\" content=\"D\u00e9couvrez en images le salon europ\u00e9en Viva Technology, un \u00e9v\u00e9nement d\u00e9di\u00e9 aux start-ups et \u00e0 la technologie. VivaTech est le rendez-vous mondial incontournable de la tech et des startups, proposant de nombreuses nouvelles technologies \u00e0 d\u00e9couvrir dans tous les secteurs d&#039;activit\u00e9. Explorez les innovations et les industries qui fa\u00e7onnent notre futur.\" \/>\n<meta name=\"twitter:image\" content=\"https:\/\/www.machinesproduction.fr\/tv\/wp-content\/uploads\/2023\/06\/Live-Viva-Technology-v2.jpg\" \/>\n<meta name=\"twitter:label1\" content=\"Dur\u00e9e de lecture estim\u00e9e\" \/>\n\t<meta name=\"twitter:data1\" content=\"3 minutes\" \/>\n<script type=\"application\/ld+json\" class=\"yoast-schema-graph\">{\"@context\":\"https:\/\/schema.org\",\"@graph\":[{\"@type\":\"WebPage\",\"@id\":\"https:\/\/www.machinesproduction.fr\/tv\/live-36-viva-technology\/\",\"url\":\"https:\/\/www.machinesproduction.fr\/tv\/live-36-viva-technology\/\",\"name\":\"Viva Technology : Le Salon Europ\u00e9en de la Tech et des Startups | Machines Production TV\",\"isPartOf\":{\"@id\":\"https:\/\/www.machinesproduction.fr\/tv\/#website\"},\"datePublished\":\"2023-06-19T22:17:43+00:00\",\"dateModified\":\"2023-06-19T22:29:22+00:00\",\"description\":\"D\u00e9couvrez en images le salon europ\u00e9en Viva Technology, un \u00e9v\u00e9nement d\u00e9di\u00e9 aux start-ups et \u00e0 la technologie. VivaTech est le rendez-vous mondial incontournable de la tech et des startups, proposant de nombreuses nouvelles technologies \u00e0 d\u00e9couvrir dans tous les secteurs d'activit\u00e9. Explorez les innovations et les industries qui fa\u00e7onnent notre futur.\",\"breadcrumb\":{\"@id\":\"https:\/\/www.machinesproduction.fr\/tv\/live-36-viva-technology\/#breadcrumb\"},\"inLanguage\":\"fr-FR\",\"potentialAction\":[{\"@type\":\"ReadAction\",\"target\":[\"https:\/\/www.machinesproduction.fr\/tv\/live-36-viva-technology\/\"]}]},{\"@type\":\"BreadcrumbList\",\"@id\":\"https:\/\/www.machinesproduction.fr\/tv\/live-36-viva-technology\/#breadcrumb\",\"itemListElement\":[{\"@type\":\"ListItem\",\"position\":1,\"name\":\"Home\",\"item\":\"https:\/\/www.machinesproduction.fr\/tv\/\"},{\"@type\":\"ListItem\",\"position\":2,\"name\":\"Live 36 &#8211; Viva Technology\"}]},{\"@type\":\"WebSite\",\"@id\":\"https:\/\/www.machinesproduction.fr\/tv\/#website\",\"url\":\"https:\/\/www.machinesproduction.fr\/tv\/\",\"name\":\"Machines Production TV\",\"description\":\"\",\"potentialAction\":[{\"@type\":\"SearchAction\",\"target\":{\"@type\":\"EntryPoint\",\"urlTemplate\":\"https:\/\/www.machinesproduction.fr\/tv\/?s={search_term_string}\"},\"query-input\":{\"@type\":\"PropertyValueSpecification\",\"valueRequired\":true,\"valueName\":\"search_term_string\"}}],\"inLanguage\":\"fr-FR\"}]}<\/script>\n<!-- \/ Yoast SEO plugin. -->","yoast_head_json":{"title":"Viva Technology : Le Salon Europ\u00e9en de la Tech et des Startups | Machines Production TV","description":"D\u00e9couvrez en images le salon europ\u00e9en Viva Technology, un \u00e9v\u00e9nement d\u00e9di\u00e9 aux start-ups et \u00e0 la technologie. VivaTech est le rendez-vous mondial incontournable de la tech et des startups, proposant de nombreuses nouvelles technologies \u00e0 d\u00e9couvrir dans tous les secteurs d'activit\u00e9. Explorez les innovations et les industries qui fa\u00e7onnent notre futur.","robots":{"index":"index","follow":"follow","max-snippet":"max-snippet:-1","max-image-preview":"max-image-preview:large","max-video-preview":"max-video-preview:-1"},"canonical":"https:\/\/www.machinesproduction.fr\/tv\/live-36-viva-technology\/","og_locale":"fr_FR","og_type":"article","og_title":"Viva Technology : Le Salon Europ\u00e9en de la Tech et des Startups | Machines Production TV","og_description":"D\u00e9couvrez en images le salon europ\u00e9en Viva Technology, un \u00e9v\u00e9nement d\u00e9di\u00e9 aux start-ups et \u00e0 la technologie. VivaTech est le rendez-vous mondial incontournable de la tech et des startups, proposant de nombreuses nouvelles technologies \u00e0 d\u00e9couvrir dans tous les secteurs d'activit\u00e9. Explorez les innovations et les industries qui fa\u00e7onnent notre futur.","og_url":"https:\/\/www.machinesproduction.fr\/tv\/live-36-viva-technology\/","og_site_name":"Machines Production TV","article_modified_time":"2023-06-19T22:29:22+00:00","og_image":[{"width":1280,"height":720,"url":"https:\/\/www.machinesproduction.fr\/tv\/wp-content\/uploads\/2023\/06\/Live-Viva-Technology-v2.jpg","type":"image\/jpeg"}],"twitter_card":"summary_large_image","twitter_title":"Viva Technology : Le Salon Europ\u00e9en de la Tech et des Startups | Machines Production TV","twitter_description":"D\u00e9couvrez en images le salon europ\u00e9en Viva Technology, un \u00e9v\u00e9nement d\u00e9di\u00e9 aux start-ups et \u00e0 la technologie. VivaTech est le rendez-vous mondial incontournable de la tech et des startups, proposant de nombreuses nouvelles technologies \u00e0 d\u00e9couvrir dans tous les secteurs d'activit\u00e9. Explorez les innovations et les industries qui fa\u00e7onnent notre futur.","twitter_image":"https:\/\/www.machinesproduction.fr\/tv\/wp-content\/uploads\/2023\/06\/Live-Viva-Technology-v2.jpg","twitter_misc":{"Dur\u00e9e de lecture estim\u00e9e":"3 minutes"},"schema":{"@context":"https:\/\/schema.org","@graph":[{"@type":"WebPage","@id":"https:\/\/www.machinesproduction.fr\/tv\/live-36-viva-technology\/","url":"https:\/\/www.machinesproduction.fr\/tv\/live-36-viva-technology\/","name":"Viva Technology : Le Salon Europ\u00e9en de la Tech et des Startups | Machines Production TV","isPartOf":{"@id":"https:\/\/www.machinesproduction.fr\/tv\/#website"},"datePublished":"2023-06-19T22:17:43+00:00","dateModified":"2023-06-19T22:29:22+00:00","description":"D\u00e9couvrez en images le salon europ\u00e9en Viva Technology, un \u00e9v\u00e9nement d\u00e9di\u00e9 aux start-ups et \u00e0 la technologie. VivaTech est le rendez-vous mondial incontournable de la tech et des startups, proposant de nombreuses nouvelles technologies \u00e0 d\u00e9couvrir dans tous les secteurs d'activit\u00e9. Explorez les innovations et les industries qui fa\u00e7onnent notre futur.","breadcrumb":{"@id":"https:\/\/www.machinesproduction.fr\/tv\/live-36-viva-technology\/#breadcrumb"},"inLanguage":"fr-FR","potentialAction":[{"@type":"ReadAction","target":["https:\/\/www.machinesproduction.fr\/tv\/live-36-viva-technology\/"]}]},{"@type":"BreadcrumbList","@id":"https:\/\/www.machinesproduction.fr\/tv\/live-36-viva-technology\/#breadcrumb","itemListElement":[{"@type":"ListItem","position":1,"name":"Home","item":"https:\/\/www.machinesproduction.fr\/tv\/"},{"@type":"ListItem","position":2,"name":"Live 36 &#8211; Viva Technology"}]},{"@type":"WebSite","@id":"https:\/\/www.machinesproduction.fr\/tv\/#website","url":"https:\/\/www.machinesproduction.fr\/tv\/","name":"Machines Production TV","description":"","potentialAction":[{"@type":"SearchAction","target":{"@type":"EntryPoint","urlTemplate":"https:\/\/www.machinesproduction.fr\/tv\/?s={search_term_string}"},"query-input":{"@type":"PropertyValueSpecification","valueRequired":true,"valueName":"search_term_string"}}],"inLanguage":"fr-FR"}]}},"_links":{"self":[{"href":"https:\/\/www.machinesproduction.fr\/tv\/wp-json\/wp\/v2\/pages\/1919","targetHints":{"allow":["GET"]}}],"collection":[{"href":"https:\/\/www.machinesproduction.fr\/tv\/wp-json\/wp\/v2\/pages"}],"about":[{"href":"https:\/\/www.machinesproduction.fr\/tv\/wp-json\/wp\/v2\/types\/page"}],"author":[{"embeddable":true,"href":"https:\/\/www.machinesproduction.fr\/tv\/wp-json\/wp\/v2\/users\/3"}],"replies":[{"embeddable":true,"href":"https:\/\/www.machinesproduction.fr\/tv\/wp-json\/wp\/v2\/comments?post=1919"}],"version-history":[{"count":3,"href":"https:\/\/www.machinesproduction.fr\/tv\/wp-json\/wp\/v2\/pages\/1919\/revisions"}],"predecessor-version":[{"id":1924,"href":"https:\/\/www.machinesproduction.fr\/tv\/wp-json\/wp\/v2\/pages\/1919\/revisions\/1924"}],"wp:attachment":[{"href":"https:\/\/www.machinesproduction.fr\/tv\/wp-json\/wp\/v2\/media?parent=1919"}],"wp:term":[{"taxonomy":"wf_page_folders","embeddable":true,"href":"https:\/\/www.machinesproduction.fr\/tv\/wp-json\/wp\/v2\/wf_page_folders?post=1919"}],"curies":[{"name":"wp","href":"https:\/\/api.w.org\/{rel}","templated":true}]}}