{"id":1899,"date":"2023-06-08T21:37:16","date_gmt":"2023-06-08T20:37:16","guid":{"rendered":"https:\/\/www.machinesproduction.fr\/tv\/?page_id=1899"},"modified":"2023-06-09T16:21:32","modified_gmt":"2023-06-09T15:21:32","slug":"live-35-ephj-2023-apprentisssage-en-bijouterie","status":"publish","type":"page","link":"https:\/\/www.machinesproduction.fr\/tv\/live-35-ephj-2023-apprentisssage-en-bijouterie\/","title":{"rendered":"Live 35 &#8211; EPHJ 2023 Apprentisssage en Bijouterie"},"content":{"rendered":"<section class=\"wpb-content-wrapper\"><p>[vc_row equal_height=&#8221;yes&#8221; content_placement=&#8221;middle&#8221;][vc_column][vc_row_inner equal_height=&#8221;yes&#8221; content_placement=&#8221;middle&#8221;][vc_column_inner width=&#8221;1\/4&#8243; centered_cont_vertical=&#8221;true&#8221;][media image=&#8221;1872&#8243;][\/vc_column_inner][vc_column_inner width=&#8221;3\/4&#8243; centered_cont_vertical=&#8221;true&#8221;][vc_column_text]<\/p>\n<h1 data-wp-editing=\"1\"><span style=\"color: #009ddf;\">EPHJ 2023 : L&#8217;apprentissage en Bijouterie<\/span><\/h1>\n<p>[\/vc_column_text][\/vc_column_inner][\/vc_row_inner][\/vc_column][\/vc_row][vc_row equal_height=&#8221;yes&#8221; content_placement=&#8221;middle&#8221;][vc_column][vc_empty_space height=&#8221;30px&#8221;][vc_video link=&#8221;https:\/\/www.youtube.com\/watch?v=nDZI9ocAmQc&#8221;][vc_column_text]<\/p>\n<h2 class=\"LEMONDE\"><span style=\"color: #009ddf;\"><b>Une \u00e9l\u00e8ve de l\u2019\u00e9cole Saint Eloi raconte son bonheur de fabriquer des bijoux<\/b><\/span><\/h2>\n<p class=\"LEMONDE\">Machines Production TV est en direct de l\u2019EPHJ, le salon de la microm\u00e9canique de haute pr\u00e9cision, qui se tient \u00e0 Gen\u00e8ve du 6 au 9 juin. Nous avons rencontr\u00e9 Molly Reitzer, 16 ans, \u00e9l\u00e8ve en premi\u00e8re ann\u00e9e de CAP art et techniques de la bijouterie-joaillerie \u00e0 l\u2019\u00e9cole de production Saint Eloi, \u00e0 Annecy (Haute-Savoie).<\/p>\n<p class=\"LEMONDE\">Etablissements d\u2019enseignement technique priv\u00e9s, les \u00e9coles de production accueillent des jeunes \u00e0 partir de 15 ans. Elles reposent sur un mode de formation initiale au m\u00eame titre que les lyc\u00e9es d\u2019enseignement professionnel (LEP) ou les centre de formation d\u2019apprentis (CFA). Sauf qu\u2019ici les \u00e9l\u00e8ves apprennent leur m\u00e9tier, pour deux tiers de leur temps, dans la production de commandes pass\u00e9es par des industriels ou particuliers, situ\u00e9s bien souvent dans la m\u00eame r\u00e9gion o\u00f9 est implant\u00e9e l\u2019\u00e9cole. Des commandes pass\u00e9es aux conditions du march\u00e9. Ainsi, \u00e9l\u00e8ves et formateurs (appel\u00e9 ma\u00eetre-professionnel) sont soumis aux m\u00eames exigences impos\u00e9es par le client.<\/p>\n<p class=\"LEMONDE\">Si Molly a choisi d\u2019entrer dans une \u00e9cole de production, c\u2019est gr\u00e2ce \u00e0 sa conseill\u00e8re d\u2019orientation. Elle ne connaissait pas les m\u00e9tiers de la bijouterie-joaillerie, et c\u2019est elle \u00ab\u00a0qui m\u2019a appris qu\u2019il y avait une nouvelle \u00e9cole, l\u2019\u00e9cole Saint Eloi, qui avait ouverte\u00a0\u00bb, confie Molly au micro de Machines Production TV. Apr\u00e8s un test r\u00e9alis\u00e9 dans une entreprise pendant une semaine, la jeune fille reconna\u00eet avoir \u00e9t\u00e9 tr\u00e8s attir\u00e9e par le m\u00e9tier. Le stage de deux jours \u00e0 l\u2019\u00e9cole Saint Eloi a fini par la convaincre d\u00e9finitivement. \u00ab\u00a0J\u2019ai vraiment accroch\u00e9\u00a0\u00bb, sourit-elle.<\/p>\n<blockquote>\n<p class=\"LEMONDE\">Son quotidien \u00e0 l\u2019\u00e9cole\u00a0? \u00ab\u00a0Je travaille sur plusieurs pi\u00e8ces diff\u00e9rentes, r\u00e9pond Molly. Des pi\u00e8ces clientes sur lesquelles je peux faire, par exemple, du rattrapage de fonte, mais aussi des maquettes.\u00a0En ce moment, je travaille sur une maquette en cire. Je fabrique le bijou d\u2019une cliente de mani\u00e8re \u00e0 pouvoir lui donner un aper\u00e7u de sa future bague\u00a0\u00bb, explique notre \u00e9l\u00e8ve en bijouterie. La maquette en cire permet d\u2019appr\u00e9cier les volumes du futur bijou, avant de proc\u00e9der \u00e0 la fonte \u00e0 la cire perdue de la maquette.<\/p>\n<\/blockquote>\n<p class=\"LEMONDE\">Molly se dit \u00ab\u00a0passionn\u00e9e par tout ce qui est minutieux\u00a0\u00bb. Et de confier\u00a0: \u00ab\u00a0Donc la bijouterie, c\u2019est vraiment tout ce qui est dans mon domaine. Je suis fascin\u00e9e par le fait de pouvoir d\u00e9couvrir des nouvelles pi\u00e8ces \u00e0 fabriquer.\u00a0\u00bb Une \u00e9cole o\u00f9 elle s\u2019\u00e9panouie et a trouv\u00e9 sa voie\u00a0: \u00ab\u00a0J\u2019aime beaucoup aussi le fait de se dire que chaque jour on peut avancer et apprendre de nouvelles choses.\u00a0\u00bb<\/p>\n<p>[\/vc_column_text][\/vc_column][\/vc_row][vc_row][vc_column][\/vc_column][\/vc_row]<\/p>\n<\/section>","protected":false},"excerpt":{"rendered":"<p>[vc_row equal_height=&#8221;yes&#8221; content_placement=&#8221;middle&#8221;][vc_column][vc_row_inner equal_height=&#8221;yes&#8221; content_placement=&#8221;middle&#8221;][vc_column_inner width=&#8221;1\/4&#8243; centered_cont_vertical=&#8221;true&#8221;][media image=&#8221;1872&#8243;][\/vc_column_inner][vc_column_inner width=&#8221;3\/4&#8243; centered_cont_vertical=&#8221;true&#8221;][vc_column_text] EPHJ 2023 : L&#8217;apprentissage en Bijouterie [\/vc_column_text][\/vc_column_inner][\/vc_row_inner][\/vc_column][\/vc_row][vc_row equal_height=&#8221;yes&#8221; content_placement=&#8221;middle&#8221;][vc_column][vc_empty_space height=&#8221;30px&#8221;][vc_video link=&#8221;https:\/\/www.youtube.com\/watch?v=nDZI9ocAmQc&#8221;][vc_column_text] Une \u00e9l\u00e8ve de l\u2019\u00e9cole Saint Eloi raconte son bonheur de fabriquer des bijoux Machines Production TV est en direct de l\u2019EPHJ, le salon de la microm\u00e9canique de haute pr\u00e9cision, qui se tient \u00e0 Gen\u00e8ve [&hellip;]<\/p>\n","protected":false},"author":3,"featured_media":0,"parent":0,"menu_order":0,"comment_status":"closed","ping_status":"closed","template":"","meta":{"_monsterinsights_skip_tracking":false,"_monsterinsights_sitenote_active":false,"_monsterinsights_sitenote_note":"","_monsterinsights_sitenote_category":0,"footnotes":""},"wf_page_folders":[13],"class_list":["post-1899","page","type-page","status-publish","hentry"],"yoast_head":"<!-- This site is optimized with the Yoast SEO plugin v27.1.1 - https:\/\/yoast.com\/product\/yoast-seo-wordpress\/ -->\n<title>MP LIVE ! Interview au Salon EPHJ : L&#039;Apprentissage en Bijouterie<\/title>\n<meta name=\"description\" content=\"En direct du salon EPHJ 2023 de Gen\u00e8ve : D\u00e9couvrez le bonheur de Molly, \u00e9l\u00e8ve \u00e0 l&#039;\u00e9cole Saint Eloi, qui fabrique des bijoux. Une vid\u00e9o inspirante sur son parcours passionnant et \u00e9panouissant.\" \/>\n<meta name=\"robots\" content=\"index, follow, max-snippet:-1, max-image-preview:large, max-video-preview:-1\" \/>\n<link rel=\"canonical\" href=\"https:\/\/www.machinesproduction.fr\/tv\/live-35-ephj-2023-apprentisssage-en-bijouterie\/\" \/>\n<meta property=\"og:locale\" content=\"fr_FR\" \/>\n<meta property=\"og:type\" content=\"article\" \/>\n<meta property=\"og:title\" content=\"MP LIVE ! Interview au Salon EPHJ : L&#039;Apprentissage en Bijouterie\" \/>\n<meta property=\"og:description\" content=\"En direct du salon EPHJ 2023 de Gen\u00e8ve : D\u00e9couvrez le bonheur de Molly, \u00e9l\u00e8ve \u00e0 l&#039;\u00e9cole Saint Eloi, qui fabrique des bijoux. Une vid\u00e9o inspirante sur son parcours passionnant et \u00e9panouissant.\" \/>\n<meta property=\"og:url\" content=\"https:\/\/www.machinesproduction.fr\/tv\/live-35-ephj-2023-apprentisssage-en-bijouterie\/\" \/>\n<meta property=\"og:site_name\" content=\"Machines Production TV\" \/>\n<meta property=\"article:modified_time\" content=\"2023-06-09T15:21:32+00:00\" \/>\n<meta property=\"og:image\" content=\"https:\/\/www.machinesproduction.fr\/tv\/wp-content\/uploads\/2023\/06\/Live-EPHJ-Ecole-Saint-Eloi.jpg\" \/>\n\t<meta property=\"og:image:width\" content=\"1280\" \/>\n\t<meta property=\"og:image:height\" content=\"720\" \/>\n\t<meta property=\"og:image:type\" content=\"image\/jpeg\" \/>\n<meta name=\"twitter:card\" content=\"summary_large_image\" \/>\n<meta name=\"twitter:title\" content=\"MP LIVE ! Interview au Salon EPHJ : L&#039;Apprentissage en Bijouterie\" \/>\n<meta name=\"twitter:description\" content=\"En direct du salon EPHJ 2023 de Gen\u00e8ve : D\u00e9couvrez le bonheur de Molly, \u00e9l\u00e8ve \u00e0 l&#039;\u00e9cole Saint Eloi, qui fabrique des bijoux. Une vid\u00e9o inspirante sur son parcours passionnant et \u00e9panouissant.\" \/>\n<meta name=\"twitter:image\" content=\"https:\/\/www.machinesproduction.fr\/tv\/wp-content\/uploads\/2023\/06\/Live-EPHJ-Ecole-Saint-Eloi.jpg\" \/>\n<meta name=\"twitter:label1\" content=\"Dur\u00e9e de lecture estim\u00e9e\" \/>\n\t<meta name=\"twitter:data1\" content=\"3 minutes\" \/>\n<script type=\"application\/ld+json\" class=\"yoast-schema-graph\">{\"@context\":\"https:\/\/schema.org\",\"@graph\":[{\"@type\":\"WebPage\",\"@id\":\"https:\/\/www.machinesproduction.fr\/tv\/live-35-ephj-2023-apprentisssage-en-bijouterie\/\",\"url\":\"https:\/\/www.machinesproduction.fr\/tv\/live-35-ephj-2023-apprentisssage-en-bijouterie\/\",\"name\":\"MP LIVE ! Interview au Salon EPHJ : L'Apprentissage en Bijouterie\",\"isPartOf\":{\"@id\":\"https:\/\/www.machinesproduction.fr\/tv\/#website\"},\"datePublished\":\"2023-06-08T20:37:16+00:00\",\"dateModified\":\"2023-06-09T15:21:32+00:00\",\"description\":\"En direct du salon EPHJ 2023 de Gen\u00e8ve : D\u00e9couvrez le bonheur de Molly, \u00e9l\u00e8ve \u00e0 l'\u00e9cole Saint Eloi, qui fabrique des bijoux. Une vid\u00e9o inspirante sur son parcours passionnant et \u00e9panouissant.\",\"breadcrumb\":{\"@id\":\"https:\/\/www.machinesproduction.fr\/tv\/live-35-ephj-2023-apprentisssage-en-bijouterie\/#breadcrumb\"},\"inLanguage\":\"fr-FR\",\"potentialAction\":[{\"@type\":\"ReadAction\",\"target\":[\"https:\/\/www.machinesproduction.fr\/tv\/live-35-ephj-2023-apprentisssage-en-bijouterie\/\"]}]},{\"@type\":\"BreadcrumbList\",\"@id\":\"https:\/\/www.machinesproduction.fr\/tv\/live-35-ephj-2023-apprentisssage-en-bijouterie\/#breadcrumb\",\"itemListElement\":[{\"@type\":\"ListItem\",\"position\":1,\"name\":\"Home\",\"item\":\"https:\/\/www.machinesproduction.fr\/tv\/\"},{\"@type\":\"ListItem\",\"position\":2,\"name\":\"Live 35 &#8211; EPHJ 2023 Apprentisssage en Bijouterie\"}]},{\"@type\":\"WebSite\",\"@id\":\"https:\/\/www.machinesproduction.fr\/tv\/#website\",\"url\":\"https:\/\/www.machinesproduction.fr\/tv\/\",\"name\":\"Machines Production TV\",\"description\":\"\",\"potentialAction\":[{\"@type\":\"SearchAction\",\"target\":{\"@type\":\"EntryPoint\",\"urlTemplate\":\"https:\/\/www.machinesproduction.fr\/tv\/?s={search_term_string}\"},\"query-input\":{\"@type\":\"PropertyValueSpecification\",\"valueRequired\":true,\"valueName\":\"search_term_string\"}}],\"inLanguage\":\"fr-FR\"}]}<\/script>\n<!-- \/ Yoast SEO plugin. -->","yoast_head_json":{"title":"MP LIVE ! Interview au Salon EPHJ : L'Apprentissage en Bijouterie","description":"En direct du salon EPHJ 2023 de Gen\u00e8ve : D\u00e9couvrez le bonheur de Molly, \u00e9l\u00e8ve \u00e0 l'\u00e9cole Saint Eloi, qui fabrique des bijoux. Une vid\u00e9o inspirante sur son parcours passionnant et \u00e9panouissant.","robots":{"index":"index","follow":"follow","max-snippet":"max-snippet:-1","max-image-preview":"max-image-preview:large","max-video-preview":"max-video-preview:-1"},"canonical":"https:\/\/www.machinesproduction.fr\/tv\/live-35-ephj-2023-apprentisssage-en-bijouterie\/","og_locale":"fr_FR","og_type":"article","og_title":"MP LIVE ! Interview au Salon EPHJ : L'Apprentissage en Bijouterie","og_description":"En direct du salon EPHJ 2023 de Gen\u00e8ve : D\u00e9couvrez le bonheur de Molly, \u00e9l\u00e8ve \u00e0 l'\u00e9cole Saint Eloi, qui fabrique des bijoux. Une vid\u00e9o inspirante sur son parcours passionnant et \u00e9panouissant.","og_url":"https:\/\/www.machinesproduction.fr\/tv\/live-35-ephj-2023-apprentisssage-en-bijouterie\/","og_site_name":"Machines Production TV","article_modified_time":"2023-06-09T15:21:32+00:00","og_image":[{"width":1280,"height":720,"url":"https:\/\/www.machinesproduction.fr\/tv\/wp-content\/uploads\/2023\/06\/Live-EPHJ-Ecole-Saint-Eloi.jpg","type":"image\/jpeg"}],"twitter_card":"summary_large_image","twitter_title":"MP LIVE ! Interview au Salon EPHJ : L'Apprentissage en Bijouterie","twitter_description":"En direct du salon EPHJ 2023 de Gen\u00e8ve : D\u00e9couvrez le bonheur de Molly, \u00e9l\u00e8ve \u00e0 l'\u00e9cole Saint Eloi, qui fabrique des bijoux. Une vid\u00e9o inspirante sur son parcours passionnant et \u00e9panouissant.","twitter_image":"https:\/\/www.machinesproduction.fr\/tv\/wp-content\/uploads\/2023\/06\/Live-EPHJ-Ecole-Saint-Eloi.jpg","twitter_misc":{"Dur\u00e9e de lecture estim\u00e9e":"3 minutes"},"schema":{"@context":"https:\/\/schema.org","@graph":[{"@type":"WebPage","@id":"https:\/\/www.machinesproduction.fr\/tv\/live-35-ephj-2023-apprentisssage-en-bijouterie\/","url":"https:\/\/www.machinesproduction.fr\/tv\/live-35-ephj-2023-apprentisssage-en-bijouterie\/","name":"MP LIVE ! Interview au Salon EPHJ : L'Apprentissage en Bijouterie","isPartOf":{"@id":"https:\/\/www.machinesproduction.fr\/tv\/#website"},"datePublished":"2023-06-08T20:37:16+00:00","dateModified":"2023-06-09T15:21:32+00:00","description":"En direct du salon EPHJ 2023 de Gen\u00e8ve : D\u00e9couvrez le bonheur de Molly, \u00e9l\u00e8ve \u00e0 l'\u00e9cole Saint Eloi, qui fabrique des bijoux. Une vid\u00e9o inspirante sur son parcours passionnant et \u00e9panouissant.","breadcrumb":{"@id":"https:\/\/www.machinesproduction.fr\/tv\/live-35-ephj-2023-apprentisssage-en-bijouterie\/#breadcrumb"},"inLanguage":"fr-FR","potentialAction":[{"@type":"ReadAction","target":["https:\/\/www.machinesproduction.fr\/tv\/live-35-ephj-2023-apprentisssage-en-bijouterie\/"]}]},{"@type":"BreadcrumbList","@id":"https:\/\/www.machinesproduction.fr\/tv\/live-35-ephj-2023-apprentisssage-en-bijouterie\/#breadcrumb","itemListElement":[{"@type":"ListItem","position":1,"name":"Home","item":"https:\/\/www.machinesproduction.fr\/tv\/"},{"@type":"ListItem","position":2,"name":"Live 35 &#8211; EPHJ 2023 Apprentisssage en Bijouterie"}]},{"@type":"WebSite","@id":"https:\/\/www.machinesproduction.fr\/tv\/#website","url":"https:\/\/www.machinesproduction.fr\/tv\/","name":"Machines Production TV","description":"","potentialAction":[{"@type":"SearchAction","target":{"@type":"EntryPoint","urlTemplate":"https:\/\/www.machinesproduction.fr\/tv\/?s={search_term_string}"},"query-input":{"@type":"PropertyValueSpecification","valueRequired":true,"valueName":"search_term_string"}}],"inLanguage":"fr-FR"}]}},"_links":{"self":[{"href":"https:\/\/www.machinesproduction.fr\/tv\/wp-json\/wp\/v2\/pages\/1899","targetHints":{"allow":["GET"]}}],"collection":[{"href":"https:\/\/www.machinesproduction.fr\/tv\/wp-json\/wp\/v2\/pages"}],"about":[{"href":"https:\/\/www.machinesproduction.fr\/tv\/wp-json\/wp\/v2\/types\/page"}],"author":[{"embeddable":true,"href":"https:\/\/www.machinesproduction.fr\/tv\/wp-json\/wp\/v2\/users\/3"}],"replies":[{"embeddable":true,"href":"https:\/\/www.machinesproduction.fr\/tv\/wp-json\/wp\/v2\/comments?post=1899"}],"version-history":[{"count":4,"href":"https:\/\/www.machinesproduction.fr\/tv\/wp-json\/wp\/v2\/pages\/1899\/revisions"}],"predecessor-version":[{"id":1906,"href":"https:\/\/www.machinesproduction.fr\/tv\/wp-json\/wp\/v2\/pages\/1899\/revisions\/1906"}],"wp:attachment":[{"href":"https:\/\/www.machinesproduction.fr\/tv\/wp-json\/wp\/v2\/media?parent=1899"}],"wp:term":[{"taxonomy":"wf_page_folders","embeddable":true,"href":"https:\/\/www.machinesproduction.fr\/tv\/wp-json\/wp\/v2\/wf_page_folders?post=1899"}],"curies":[{"name":"wp","href":"https:\/\/api.w.org\/{rel}","templated":true}]}}