{"id":1882,"date":"2023-06-07T12:00:56","date_gmt":"2023-06-07T11:00:56","guid":{"rendered":"https:\/\/www.machinesproduction.fr\/tv\/?page_id=1882"},"modified":"2023-06-07T12:18:37","modified_gmt":"2023-06-07T11:18:37","slug":"live-33-ephj-2023-micropince-tulip","status":"publish","type":"page","link":"https:\/\/www.machinesproduction.fr\/tv\/live-33-ephj-2023-micropince-tulip\/","title":{"rendered":"Live 33 &#8211; EPHJ 2023 Micropince TULIP"},"content":{"rendered":"<section class=\"wpb-content-wrapper\"><p>[vc_row equal_height=&#8221;yes&#8221; content_placement=&#8221;middle&#8221;][vc_column][vc_row_inner equal_height=&#8221;yes&#8221; content_placement=&#8221;middle&#8221;][vc_column_inner width=&#8221;1\/4&#8243; centered_cont_vertical=&#8221;true&#8221;][media image=&#8221;1872&#8243;][\/vc_column_inner][vc_column_inner width=&#8221;3\/4&#8243; centered_cont_vertical=&#8221;true&#8221;][vc_column_text]<\/p>\n<h1 data-wp-editing=\"1\"><span style=\"color: #009ddf;\">EPHJ 2023 : La Micropince Tulip<\/span><\/h1>\n<p>[\/vc_column_text][\/vc_column_inner][\/vc_row_inner][\/vc_column][\/vc_row][vc_row equal_height=&#8221;yes&#8221; content_placement=&#8221;middle&#8221;][vc_column][vc_empty_space height=&#8221;30px&#8221;][vc_video link=&#8221;https:\/\/youtu.be\/lMRGHog8Jkc&#8221;][vc_column_text]<\/p>\n<h2 class=\"LEMONDE\"><span style=\"color: #009ddf;\"><b>Tulip, une innovante micropince de pr\u00e9hension<\/b><\/span><\/h2>\n<p>Machines Production TV est en direct de l\u2019EPHJ, le salon de la microm\u00e9canique de haute pr\u00e9cision, qui se tient \u00e0 Gen\u00e8ve du 6 au 9 juin.<br \/>\n<span style=\"color: #009ddf;\"><span style=\"color: #000000;\"><span style=\"color: #ffffff;\">Nous avons rencontr\u00e9<\/span> <\/span><strong>Yann Buaillon, le directeur g\u00e9n\u00e9ral de Percipio Robotics<\/strong><\/span>. Ce spin-off de l\u2019institut Femto-ST \u00e0 Besan\u00e7on est sp\u00e9cialis\u00e9 en robotique de micropr\u00e9hension et de microassemblage.<br \/>\nCette jeune pousse a \u00e9t\u00e9 nomin\u00e9e au Grand Prix des exposants du salon pour son micropr\u00e9henseur innovant con\u00e7u pour la manipulation d\u2019objets de 50 \u00b5m \u00e0 10 mm. D\u00e9nomm\u00e9e pince Tulip, elle se distingue par sa \u00ab compacit\u00e9 \u00bb, sa \u00ab robustesse \u00bb et sa \u00ab fiabilit\u00e9 \u00bb, assure son concepteur. Si ce micropr\u00e9henseur affiche \u00e0 la fois une course \u00e9lev\u00e9e, une force de serrage importante et une grande adaptabilit\u00e9, c\u2019est avant tout \u00ab gr\u00e2ce \u00e0 des syst\u00e8mes de fixation d\u2019outils et des outils sur mesure peu exigeants \u00bb, rel\u00e8ve Percipio Robotics.<br \/>\nDevant les cam\u00e9ras de Machines Production TV, Yann Buaillon nous montre sa micropince Tulip.<\/p>\n<blockquote><p>Une pince, d\u00e9crit-il, \u00ab compos\u00e9e d\u2019un stack pi\u00e9zo\u00e9lectrique qu\u2019on va associer \u00e0 un syst\u00e8me d\u2019amplification de mouvement, ce qui va lui permettre d\u2019avoir une course efficace de pr\u00e9hension de 650 microns \u00bb. Mais l\u2019autre caract\u00e9ristique de cet outil innovant, c\u2019est qu\u2019elle permet \u00ab d\u2019adapter facilement les organes terminaux \u00e0 l\u2019application sur laquelle on a besoin de travailler, en utilisant des organes terminaux aussi bien en inox, en silicium, voire en carbure pour les applications haute cadence \u00bb.<\/p><\/blockquote>\n<p>Les applications d\u2019une telle pince sont multiples, car elle peut devenir un \u00ab outil quotidien pour venir attraper des pi\u00e8ces, les d\u00e9poser sur un substrat, pour cr\u00e9er un assemblage qu\u2019on va fiabiliser ensuite par de la soudure, par du collage \u00bb. Toutefois, la pince Tulip, peut aussi bien, \u00ab de par sa robustesse \u00bb, \u00eatre utilis\u00e9e pour des solutions qui n\u00e9cessitent de la haute cadence, par exemple de l\u2019alimentation de machines. \u00ab Nous avons d\u00e9j\u00e0 une application en ce sens en production o\u00f9 nous alimentons une machine horlog\u00e8re en lui envoyant une pi\u00e8ce toutes les secondes \u00bb, confie Yann Buaillon au micro de Machines Production TV.<br \/>\nPourquoi avoir choisi comme identit\u00e9 Percipio ? \u00ab C\u2019est un terme latin qui veut aussi bien dire percevoir dans le sens de voir que d\u2019attraper, r\u00e9pond son directeur g\u00e9n\u00e9ral. Et dans notre m\u00e9tier, voir, c\u2019est la premi\u00e8re des bases. C\u2019est \u00eatre capable de voir les microcomposants pour ensuite les attraper. Donc Percipio, c\u2019est vraiment l\u2019association de ces deux disciplines. \u00bb[\/vc_column_text][\/vc_column][\/vc_row][vc_row][vc_column][\/vc_column][\/vc_row]<\/p>\n<\/section>","protected":false},"excerpt":{"rendered":"<p>[vc_row equal_height=&#8221;yes&#8221; content_placement=&#8221;middle&#8221;][vc_column][vc_row_inner equal_height=&#8221;yes&#8221; content_placement=&#8221;middle&#8221;][vc_column_inner width=&#8221;1\/4&#8243; centered_cont_vertical=&#8221;true&#8221;][media image=&#8221;1872&#8243;][\/vc_column_inner][vc_column_inner width=&#8221;3\/4&#8243; centered_cont_vertical=&#8221;true&#8221;][vc_column_text] EPHJ 2023 : La Micropince Tulip [\/vc_column_text][\/vc_column_inner][\/vc_row_inner][\/vc_column][\/vc_row][vc_row equal_height=&#8221;yes&#8221; content_placement=&#8221;middle&#8221;][vc_column][vc_empty_space height=&#8221;30px&#8221;][vc_video link=&#8221;https:\/\/youtu.be\/lMRGHog8Jkc&#8221;][vc_column_text] Tulip, une innovante micropince de pr\u00e9hension Machines Production TV est en direct de l\u2019EPHJ, le salon de la microm\u00e9canique de haute pr\u00e9cision, qui se tient \u00e0 Gen\u00e8ve du 6 au 9 juin. Nous avons [&hellip;]<\/p>\n","protected":false},"author":3,"featured_media":0,"parent":0,"menu_order":0,"comment_status":"closed","ping_status":"closed","template":"","meta":{"_monsterinsights_skip_tracking":false,"_monsterinsights_sitenote_active":false,"_monsterinsights_sitenote_note":"","_monsterinsights_sitenote_category":0,"footnotes":""},"wf_page_folders":[13],"class_list":["post-1882","page","type-page","status-publish","hentry"],"yoast_head":"<!-- This site is optimized with the Yoast SEO plugin v27.1.1 - https:\/\/yoast.com\/product\/yoast-seo-wordpress\/ -->\n<title>MP LIVE ! En direct du salon EPHJ \u00e0 Gen\u00e8ve, Tulip , une innovante micropince de pr\u00e9hension<\/title>\n<meta name=\"description\" content=\"En direct du salon EPHJ 2023 du 6 au 9 juin \u00e0 Palexpo, Gen\u00e8ve. Retrouvez l&#039;interview de Yann Buaillon, le directeur g\u00e9n\u00e9ral de Percipio Robotics, qui nous pr\u00e9sente sa pince Tulip !\" \/>\n<meta name=\"robots\" content=\"index, follow, max-snippet:-1, max-image-preview:large, max-video-preview:-1\" \/>\n<link rel=\"canonical\" href=\"https:\/\/www.machinesproduction.fr\/tv\/live-33-ephj-2023-micropince-tulip\/\" \/>\n<meta property=\"og:locale\" content=\"fr_FR\" \/>\n<meta property=\"og:type\" content=\"article\" \/>\n<meta property=\"og:title\" content=\"MP LIVE ! En direct du salon EPHJ \u00e0 Gen\u00e8ve, Tulip , une innovante micropince de pr\u00e9hension\" \/>\n<meta property=\"og:description\" content=\"En direct du salon EPHJ 2023 du 6 au 9 juin \u00e0 Palexpo, Gen\u00e8ve. Retrouvez l&#039;interview de Yann Buaillon, le directeur g\u00e9n\u00e9ral de Percipio Robotics, qui nous pr\u00e9sente sa pince Tulip !\" \/>\n<meta property=\"og:url\" content=\"https:\/\/www.machinesproduction.fr\/tv\/live-33-ephj-2023-micropince-tulip\/\" \/>\n<meta property=\"og:site_name\" content=\"Machines Production TV\" \/>\n<meta property=\"article:modified_time\" content=\"2023-06-07T11:18:37+00:00\" \/>\n<meta property=\"og:image\" content=\"https:\/\/www.machinesproduction.fr\/tv\/wp-content\/uploads\/2023\/06\/Live-EPHJ-Percipio-Robotics.jpg\" \/>\n\t<meta property=\"og:image:width\" content=\"1280\" \/>\n\t<meta property=\"og:image:height\" content=\"720\" \/>\n\t<meta property=\"og:image:type\" content=\"image\/jpeg\" \/>\n<meta name=\"twitter:card\" content=\"summary_large_image\" \/>\n<meta name=\"twitter:title\" content=\"MP LIVE ! En direct du salon EPHJ \u00e0 Gen\u00e8ve, Tulip , une innovante micropince de pr\u00e9hension\" \/>\n<meta name=\"twitter:description\" content=\"En direct du salon EPHJ 2023 du 6 au 9 juin \u00e0 Palexpo, Gen\u00e8ve. Retrouvez l&#039;interview de Yann Buaillon, le directeur g\u00e9n\u00e9ral de Percipio Robotics, qui nous pr\u00e9sente sa pince Tulip !\" \/>\n<meta name=\"twitter:image\" content=\"https:\/\/www.machinesproduction.fr\/tv\/wp-content\/uploads\/2023\/06\/Live-EPHJ-Percipio-Robotics.jpg\" \/>\n<meta name=\"twitter:label1\" content=\"Dur\u00e9e de lecture estim\u00e9e\" \/>\n\t<meta name=\"twitter:data1\" content=\"3 minutes\" \/>\n<script type=\"application\/ld+json\" class=\"yoast-schema-graph\">{\"@context\":\"https:\/\/schema.org\",\"@graph\":[{\"@type\":\"WebPage\",\"@id\":\"https:\/\/www.machinesproduction.fr\/tv\/live-33-ephj-2023-micropince-tulip\/\",\"url\":\"https:\/\/www.machinesproduction.fr\/tv\/live-33-ephj-2023-micropince-tulip\/\",\"name\":\"MP LIVE ! En direct du salon EPHJ \u00e0 Gen\u00e8ve, Tulip , une innovante micropince de pr\u00e9hension\",\"isPartOf\":{\"@id\":\"https:\/\/www.machinesproduction.fr\/tv\/#website\"},\"datePublished\":\"2023-06-07T11:00:56+00:00\",\"dateModified\":\"2023-06-07T11:18:37+00:00\",\"description\":\"En direct du salon EPHJ 2023 du 6 au 9 juin \u00e0 Palexpo, Gen\u00e8ve. Retrouvez l'interview de Yann Buaillon, le directeur g\u00e9n\u00e9ral de Percipio Robotics, qui nous pr\u00e9sente sa pince Tulip !\",\"breadcrumb\":{\"@id\":\"https:\/\/www.machinesproduction.fr\/tv\/live-33-ephj-2023-micropince-tulip\/#breadcrumb\"},\"inLanguage\":\"fr-FR\",\"potentialAction\":[{\"@type\":\"ReadAction\",\"target\":[\"https:\/\/www.machinesproduction.fr\/tv\/live-33-ephj-2023-micropince-tulip\/\"]}]},{\"@type\":\"BreadcrumbList\",\"@id\":\"https:\/\/www.machinesproduction.fr\/tv\/live-33-ephj-2023-micropince-tulip\/#breadcrumb\",\"itemListElement\":[{\"@type\":\"ListItem\",\"position\":1,\"name\":\"Home\",\"item\":\"https:\/\/www.machinesproduction.fr\/tv\/\"},{\"@type\":\"ListItem\",\"position\":2,\"name\":\"Live 33 &#8211; EPHJ 2023 Micropince TULIP\"}]},{\"@type\":\"WebSite\",\"@id\":\"https:\/\/www.machinesproduction.fr\/tv\/#website\",\"url\":\"https:\/\/www.machinesproduction.fr\/tv\/\",\"name\":\"Machines Production TV\",\"description\":\"\",\"potentialAction\":[{\"@type\":\"SearchAction\",\"target\":{\"@type\":\"EntryPoint\",\"urlTemplate\":\"https:\/\/www.machinesproduction.fr\/tv\/?s={search_term_string}\"},\"query-input\":{\"@type\":\"PropertyValueSpecification\",\"valueRequired\":true,\"valueName\":\"search_term_string\"}}],\"inLanguage\":\"fr-FR\"}]}<\/script>\n<!-- \/ Yoast SEO plugin. -->","yoast_head_json":{"title":"MP LIVE ! En direct du salon EPHJ \u00e0 Gen\u00e8ve, Tulip , une innovante micropince de pr\u00e9hension","description":"En direct du salon EPHJ 2023 du 6 au 9 juin \u00e0 Palexpo, Gen\u00e8ve. Retrouvez l'interview de Yann Buaillon, le directeur g\u00e9n\u00e9ral de Percipio Robotics, qui nous pr\u00e9sente sa pince Tulip !","robots":{"index":"index","follow":"follow","max-snippet":"max-snippet:-1","max-image-preview":"max-image-preview:large","max-video-preview":"max-video-preview:-1"},"canonical":"https:\/\/www.machinesproduction.fr\/tv\/live-33-ephj-2023-micropince-tulip\/","og_locale":"fr_FR","og_type":"article","og_title":"MP LIVE ! En direct du salon EPHJ \u00e0 Gen\u00e8ve, Tulip , une innovante micropince de pr\u00e9hension","og_description":"En direct du salon EPHJ 2023 du 6 au 9 juin \u00e0 Palexpo, Gen\u00e8ve. Retrouvez l'interview de Yann Buaillon, le directeur g\u00e9n\u00e9ral de Percipio Robotics, qui nous pr\u00e9sente sa pince Tulip !","og_url":"https:\/\/www.machinesproduction.fr\/tv\/live-33-ephj-2023-micropince-tulip\/","og_site_name":"Machines Production TV","article_modified_time":"2023-06-07T11:18:37+00:00","og_image":[{"width":1280,"height":720,"url":"https:\/\/www.machinesproduction.fr\/tv\/wp-content\/uploads\/2023\/06\/Live-EPHJ-Percipio-Robotics.jpg","type":"image\/jpeg"}],"twitter_card":"summary_large_image","twitter_title":"MP LIVE ! En direct du salon EPHJ \u00e0 Gen\u00e8ve, Tulip , une innovante micropince de pr\u00e9hension","twitter_description":"En direct du salon EPHJ 2023 du 6 au 9 juin \u00e0 Palexpo, Gen\u00e8ve. Retrouvez l'interview de Yann Buaillon, le directeur g\u00e9n\u00e9ral de Percipio Robotics, qui nous pr\u00e9sente sa pince Tulip !","twitter_image":"https:\/\/www.machinesproduction.fr\/tv\/wp-content\/uploads\/2023\/06\/Live-EPHJ-Percipio-Robotics.jpg","twitter_misc":{"Dur\u00e9e de lecture estim\u00e9e":"3 minutes"},"schema":{"@context":"https:\/\/schema.org","@graph":[{"@type":"WebPage","@id":"https:\/\/www.machinesproduction.fr\/tv\/live-33-ephj-2023-micropince-tulip\/","url":"https:\/\/www.machinesproduction.fr\/tv\/live-33-ephj-2023-micropince-tulip\/","name":"MP LIVE ! En direct du salon EPHJ \u00e0 Gen\u00e8ve, Tulip , une innovante micropince de pr\u00e9hension","isPartOf":{"@id":"https:\/\/www.machinesproduction.fr\/tv\/#website"},"datePublished":"2023-06-07T11:00:56+00:00","dateModified":"2023-06-07T11:18:37+00:00","description":"En direct du salon EPHJ 2023 du 6 au 9 juin \u00e0 Palexpo, Gen\u00e8ve. Retrouvez l'interview de Yann Buaillon, le directeur g\u00e9n\u00e9ral de Percipio Robotics, qui nous pr\u00e9sente sa pince Tulip !","breadcrumb":{"@id":"https:\/\/www.machinesproduction.fr\/tv\/live-33-ephj-2023-micropince-tulip\/#breadcrumb"},"inLanguage":"fr-FR","potentialAction":[{"@type":"ReadAction","target":["https:\/\/www.machinesproduction.fr\/tv\/live-33-ephj-2023-micropince-tulip\/"]}]},{"@type":"BreadcrumbList","@id":"https:\/\/www.machinesproduction.fr\/tv\/live-33-ephj-2023-micropince-tulip\/#breadcrumb","itemListElement":[{"@type":"ListItem","position":1,"name":"Home","item":"https:\/\/www.machinesproduction.fr\/tv\/"},{"@type":"ListItem","position":2,"name":"Live 33 &#8211; EPHJ 2023 Micropince TULIP"}]},{"@type":"WebSite","@id":"https:\/\/www.machinesproduction.fr\/tv\/#website","url":"https:\/\/www.machinesproduction.fr\/tv\/","name":"Machines Production TV","description":"","potentialAction":[{"@type":"SearchAction","target":{"@type":"EntryPoint","urlTemplate":"https:\/\/www.machinesproduction.fr\/tv\/?s={search_term_string}"},"query-input":{"@type":"PropertyValueSpecification","valueRequired":true,"valueName":"search_term_string"}}],"inLanguage":"fr-FR"}]}},"_links":{"self":[{"href":"https:\/\/www.machinesproduction.fr\/tv\/wp-json\/wp\/v2\/pages\/1882","targetHints":{"allow":["GET"]}}],"collection":[{"href":"https:\/\/www.machinesproduction.fr\/tv\/wp-json\/wp\/v2\/pages"}],"about":[{"href":"https:\/\/www.machinesproduction.fr\/tv\/wp-json\/wp\/v2\/types\/page"}],"author":[{"embeddable":true,"href":"https:\/\/www.machinesproduction.fr\/tv\/wp-json\/wp\/v2\/users\/3"}],"replies":[{"embeddable":true,"href":"https:\/\/www.machinesproduction.fr\/tv\/wp-json\/wp\/v2\/comments?post=1882"}],"version-history":[{"count":3,"href":"https:\/\/www.machinesproduction.fr\/tv\/wp-json\/wp\/v2\/pages\/1882\/revisions"}],"predecessor-version":[{"id":1886,"href":"https:\/\/www.machinesproduction.fr\/tv\/wp-json\/wp\/v2\/pages\/1882\/revisions\/1886"}],"wp:attachment":[{"href":"https:\/\/www.machinesproduction.fr\/tv\/wp-json\/wp\/v2\/media?parent=1882"}],"wp:term":[{"taxonomy":"wf_page_folders","embeddable":true,"href":"https:\/\/www.machinesproduction.fr\/tv\/wp-json\/wp\/v2\/wf_page_folders?post=1882"}],"curies":[{"name":"wp","href":"https:\/\/api.w.org\/{rel}","templated":true}]}}