{"id":1819,"date":"2023-03-08T21:57:48","date_gmt":"2023-03-08T20:57:48","guid":{"rendered":"https:\/\/www.machinesproduction.fr\/tv\/?page_id=1819"},"modified":"2023-03-08T22:19:25","modified_gmt":"2023-03-08T21:19:25","slug":"live-30-global-industrie-en-route-pour-les-golden-tech","status":"publish","type":"page","link":"https:\/\/www.machinesproduction.fr\/tv\/live-30-global-industrie-en-route-pour-les-golden-tech\/","title":{"rendered":"Live 30 &#8211; Global Industrie &#8211; En route pour les Golden Tech"},"content":{"rendered":"<section class=\"wpb-content-wrapper\"><p>[vc_row equal_height=&#8221;yes&#8221; content_placement=&#8221;middle&#8221;][vc_column][vc_row_inner equal_height=&#8221;yes&#8221; content_placement=&#8221;middle&#8221;][vc_column_inner width=&#8221;1\/4&#8243; centered_cont_vertical=&#8221;true&#8221;][media image=&#8221;1806&#8243;][vc_column_text]<\/p>\n<h2><span style=\"color: #459bd9;\">Global Industrie 2023<\/span><\/h2>\n<p>[\/vc_column_text][\/vc_column_inner][vc_column_inner width=&#8221;3\/4&#8243; centered_cont_vertical=&#8221;true&#8221;][vc_column_text]<\/p>\n<p data-wp-editing=\"1\"><em><span style=\"color: #459bd9; font-size: 18pt;\">En direct du salon :\u00a0<\/span><\/em><\/p>\n<h1 data-wp-editing=\"1\"><span style=\"color: #009ddf;\">En route pour les Golden Tech<\/span><\/h1>\n<p>[\/vc_column_text][\/vc_column_inner][\/vc_row_inner][\/vc_column][\/vc_row][vc_row equal_height=&#8221;yes&#8221; content_placement=&#8221;middle&#8221;][vc_column][vc_empty_space height=&#8221;30px&#8221;][vc_column_text]Pour ce nouveau Live de Machines Production, en plein c\u0153ur de Global Industrie, du 7 au 10 mars \u00e0 Eurexpo Lyon, d\u00e9couvrez la comp\u00e9tition d\u2019excellence industrielle Golden Tech, l\u2019un des \u00e9v\u00e9nements-phares du salon. Cette deuxi\u00e8me \u00e9dition de ce concours des m\u00e9tiers se pr\u00e9sente sous la forme d\u2019un grand espace, divis\u00e9 en rings, avec 14 m\u00e9tiers en comp\u00e9tition, autour du th\u00e8me de l\u2019hydrog\u00e8ne.<\/p>\n<p>Machines Production TV est all\u00e9e \u00e0 la rencontre de Marc Troia, directeur g\u00e9n\u00e9ral Huron, dont la marque de machines-outils est partenaire, de Thomas Jauniaux, arbitre, et Lambert Delion, soudeur.[\/vc_column_text][vc_video link=&#8221;https:\/\/youtu.be\/M0ilYhWvpmc&#8221;][vc_btn title=&#8221;Retour aux MP LIVE&#8221; style=&#8221;custom&#8221; custom_background=&#8221;#009ddf&#8221; custom_text=&#8221;#ffffff&#8221; shape=&#8221;round&#8221; i_icon_fontawesome=&#8221;fas fa-arrow-left&#8221; add_icon=&#8221;true&#8221; link=&#8221;url:https%3A%2F%2Fwww.machinesproduction.fr%2Ftv%2Fles-mp-live%2F|title:les%20Focus&#8221;][\/vc_column][\/vc_row]<\/p>\n<\/section>","protected":false},"excerpt":{"rendered":"<p>[vc_row equal_height=&#8221;yes&#8221; content_placement=&#8221;middle&#8221;][vc_column][vc_row_inner equal_height=&#8221;yes&#8221; content_placement=&#8221;middle&#8221;][vc_column_inner width=&#8221;1\/4&#8243; centered_cont_vertical=&#8221;true&#8221;][media image=&#8221;1806&#8243;][vc_column_text] Global Industrie 2023 [\/vc_column_text][\/vc_column_inner][vc_column_inner width=&#8221;3\/4&#8243; centered_cont_vertical=&#8221;true&#8221;][vc_column_text] En direct du salon :\u00a0 En route pour les Golden Tech [\/vc_column_text][\/vc_column_inner][\/vc_row_inner][\/vc_column][\/vc_row][vc_row equal_height=&#8221;yes&#8221; content_placement=&#8221;middle&#8221;][vc_column][vc_empty_space height=&#8221;30px&#8221;][vc_column_text]Pour ce nouveau Live de Machines Production, en plein c\u0153ur de Global Industrie, du 7 au 10 mars \u00e0 Eurexpo Lyon, d\u00e9couvrez la comp\u00e9tition d\u2019excellence industrielle Golden [&hellip;]<\/p>\n","protected":false},"author":3,"featured_media":0,"parent":0,"menu_order":0,"comment_status":"closed","ping_status":"closed","template":"","meta":{"_monsterinsights_skip_tracking":false,"_monsterinsights_sitenote_active":false,"_monsterinsights_sitenote_note":"","_monsterinsights_sitenote_category":0,"footnotes":""},"wf_page_folders":[13],"class_list":["post-1819","page","type-page","status-publish","hentry"],"yoast_head":"<!-- This site is optimized with the Yoast SEO plugin v27.1.1 - https:\/\/yoast.com\/product\/yoast-seo-wordpress\/ -->\n<title>Live 30 - Global Industrie - En route pour les Golden Tech<\/title>\n<meta name=\"description\" content=\"Pour ce nouveau Live de Machines Production, en plein c\u0153ur de Global Industrie, d\u00e9couvrez la comp\u00e9tition d\u2019excellence industrielle Golden Tech, l\u2019un des \u00e9v\u00e9nements-phares du salon.\" \/>\n<meta name=\"robots\" content=\"index, follow, max-snippet:-1, max-image-preview:large, max-video-preview:-1\" \/>\n<link rel=\"canonical\" href=\"https:\/\/www.machinesproduction.fr\/tv\/live-30-global-industrie-en-route-pour-les-golden-tech\/\" \/>\n<meta property=\"og:locale\" content=\"fr_FR\" \/>\n<meta property=\"og:type\" content=\"article\" \/>\n<meta property=\"og:title\" content=\"MP Live - Global industrie 2023 - En route pour les Golden Tech\" \/>\n<meta property=\"og:description\" content=\"Pour ce nouveau Live de Machines Production, en plein c\u0153ur de Global Industrie, d\u00e9couvrez la comp\u00e9tition d\u2019excellence industrielle Golden Tech, l\u2019un des \u00e9v\u00e9nements-phares du salon.\" \/>\n<meta property=\"og:url\" content=\"https:\/\/www.machinesproduction.fr\/tv\/live-30-global-industrie-en-route-pour-les-golden-tech\/\" \/>\n<meta property=\"og:site_name\" content=\"Machines Production TV\" \/>\n<meta property=\"article:modified_time\" content=\"2023-03-08T21:19:25+00:00\" \/>\n<meta property=\"og:image\" content=\"https:\/\/www.machinesproduction.fr\/tv\/wp-content\/uploads\/2023\/03\/Live-GoldenTech-GI-2023.jpg\" \/>\n\t<meta property=\"og:image:width\" content=\"1280\" \/>\n\t<meta property=\"og:image:height\" content=\"720\" \/>\n\t<meta property=\"og:image:type\" content=\"image\/jpeg\" \/>\n<meta name=\"twitter:card\" content=\"summary_large_image\" \/>\n<meta name=\"twitter:title\" content=\"MP Live - Global industrie 2023 - En route pour les Golden Tech\" \/>\n<meta name=\"twitter:description\" content=\"Pour ce nouveau Live de Machines Production, en plein c\u0153ur de Global Industrie, d\u00e9couvrez la comp\u00e9tition d\u2019excellence industrielle Golden Tech, l\u2019un des \u00e9v\u00e9nements-phares du salon.\" \/>\n<meta name=\"twitter:image\" content=\"https:\/\/www.machinesproduction.fr\/tv\/wp-content\/uploads\/2023\/03\/Live-GoldenTech-GI-2023.jpg\" \/>\n<meta name=\"twitter:label1\" content=\"Dur\u00e9e de lecture estim\u00e9e\" \/>\n\t<meta name=\"twitter:data1\" content=\"3 minutes\" \/>\n<script type=\"application\/ld+json\" class=\"yoast-schema-graph\">{\"@context\":\"https:\/\/schema.org\",\"@graph\":[{\"@type\":\"WebPage\",\"@id\":\"https:\/\/www.machinesproduction.fr\/tv\/live-30-global-industrie-en-route-pour-les-golden-tech\/\",\"url\":\"https:\/\/www.machinesproduction.fr\/tv\/live-30-global-industrie-en-route-pour-les-golden-tech\/\",\"name\":\"Live 30 - Global Industrie - En route pour les Golden Tech\",\"isPartOf\":{\"@id\":\"https:\/\/www.machinesproduction.fr\/tv\/#website\"},\"datePublished\":\"2023-03-08T20:57:48+00:00\",\"dateModified\":\"2023-03-08T21:19:25+00:00\",\"description\":\"Pour ce nouveau Live de Machines Production, en plein c\u0153ur de Global Industrie, d\u00e9couvrez la comp\u00e9tition d\u2019excellence industrielle Golden Tech, l\u2019un des \u00e9v\u00e9nements-phares du salon.\",\"breadcrumb\":{\"@id\":\"https:\/\/www.machinesproduction.fr\/tv\/live-30-global-industrie-en-route-pour-les-golden-tech\/#breadcrumb\"},\"inLanguage\":\"fr-FR\",\"potentialAction\":[{\"@type\":\"ReadAction\",\"target\":[\"https:\/\/www.machinesproduction.fr\/tv\/live-30-global-industrie-en-route-pour-les-golden-tech\/\"]}]},{\"@type\":\"BreadcrumbList\",\"@id\":\"https:\/\/www.machinesproduction.fr\/tv\/live-30-global-industrie-en-route-pour-les-golden-tech\/#breadcrumb\",\"itemListElement\":[{\"@type\":\"ListItem\",\"position\":1,\"name\":\"Home\",\"item\":\"https:\/\/www.machinesproduction.fr\/tv\/\"},{\"@type\":\"ListItem\",\"position\":2,\"name\":\"Live 30 &#8211; Global Industrie &#8211; En route pour les Golden Tech\"}]},{\"@type\":\"WebSite\",\"@id\":\"https:\/\/www.machinesproduction.fr\/tv\/#website\",\"url\":\"https:\/\/www.machinesproduction.fr\/tv\/\",\"name\":\"Machines Production TV\",\"description\":\"\",\"potentialAction\":[{\"@type\":\"SearchAction\",\"target\":{\"@type\":\"EntryPoint\",\"urlTemplate\":\"https:\/\/www.machinesproduction.fr\/tv\/?s={search_term_string}\"},\"query-input\":{\"@type\":\"PropertyValueSpecification\",\"valueRequired\":true,\"valueName\":\"search_term_string\"}}],\"inLanguage\":\"fr-FR\"}]}<\/script>\n<!-- \/ Yoast SEO plugin. -->","yoast_head_json":{"title":"Live 30 - Global Industrie - En route pour les Golden Tech","description":"Pour ce nouveau Live de Machines Production, en plein c\u0153ur de Global Industrie, d\u00e9couvrez la comp\u00e9tition d\u2019excellence industrielle Golden Tech, l\u2019un des \u00e9v\u00e9nements-phares du salon.","robots":{"index":"index","follow":"follow","max-snippet":"max-snippet:-1","max-image-preview":"max-image-preview:large","max-video-preview":"max-video-preview:-1"},"canonical":"https:\/\/www.machinesproduction.fr\/tv\/live-30-global-industrie-en-route-pour-les-golden-tech\/","og_locale":"fr_FR","og_type":"article","og_title":"MP Live - Global industrie 2023 - En route pour les Golden Tech","og_description":"Pour ce nouveau Live de Machines Production, en plein c\u0153ur de Global Industrie, d\u00e9couvrez la comp\u00e9tition d\u2019excellence industrielle Golden Tech, l\u2019un des \u00e9v\u00e9nements-phares du salon.","og_url":"https:\/\/www.machinesproduction.fr\/tv\/live-30-global-industrie-en-route-pour-les-golden-tech\/","og_site_name":"Machines Production TV","article_modified_time":"2023-03-08T21:19:25+00:00","og_image":[{"width":1280,"height":720,"url":"https:\/\/www.machinesproduction.fr\/tv\/wp-content\/uploads\/2023\/03\/Live-GoldenTech-GI-2023.jpg","type":"image\/jpeg"}],"twitter_card":"summary_large_image","twitter_title":"MP Live - Global industrie 2023 - En route pour les Golden Tech","twitter_description":"Pour ce nouveau Live de Machines Production, en plein c\u0153ur de Global Industrie, d\u00e9couvrez la comp\u00e9tition d\u2019excellence industrielle Golden Tech, l\u2019un des \u00e9v\u00e9nements-phares du salon.","twitter_image":"https:\/\/www.machinesproduction.fr\/tv\/wp-content\/uploads\/2023\/03\/Live-GoldenTech-GI-2023.jpg","twitter_misc":{"Dur\u00e9e de lecture estim\u00e9e":"3 minutes"},"schema":{"@context":"https:\/\/schema.org","@graph":[{"@type":"WebPage","@id":"https:\/\/www.machinesproduction.fr\/tv\/live-30-global-industrie-en-route-pour-les-golden-tech\/","url":"https:\/\/www.machinesproduction.fr\/tv\/live-30-global-industrie-en-route-pour-les-golden-tech\/","name":"Live 30 - Global Industrie - En route pour les Golden Tech","isPartOf":{"@id":"https:\/\/www.machinesproduction.fr\/tv\/#website"},"datePublished":"2023-03-08T20:57:48+00:00","dateModified":"2023-03-08T21:19:25+00:00","description":"Pour ce nouveau Live de Machines Production, en plein c\u0153ur de Global Industrie, d\u00e9couvrez la comp\u00e9tition d\u2019excellence industrielle Golden Tech, l\u2019un des \u00e9v\u00e9nements-phares du salon.","breadcrumb":{"@id":"https:\/\/www.machinesproduction.fr\/tv\/live-30-global-industrie-en-route-pour-les-golden-tech\/#breadcrumb"},"inLanguage":"fr-FR","potentialAction":[{"@type":"ReadAction","target":["https:\/\/www.machinesproduction.fr\/tv\/live-30-global-industrie-en-route-pour-les-golden-tech\/"]}]},{"@type":"BreadcrumbList","@id":"https:\/\/www.machinesproduction.fr\/tv\/live-30-global-industrie-en-route-pour-les-golden-tech\/#breadcrumb","itemListElement":[{"@type":"ListItem","position":1,"name":"Home","item":"https:\/\/www.machinesproduction.fr\/tv\/"},{"@type":"ListItem","position":2,"name":"Live 30 &#8211; Global Industrie &#8211; En route pour les Golden Tech"}]},{"@type":"WebSite","@id":"https:\/\/www.machinesproduction.fr\/tv\/#website","url":"https:\/\/www.machinesproduction.fr\/tv\/","name":"Machines Production TV","description":"","potentialAction":[{"@type":"SearchAction","target":{"@type":"EntryPoint","urlTemplate":"https:\/\/www.machinesproduction.fr\/tv\/?s={search_term_string}"},"query-input":{"@type":"PropertyValueSpecification","valueRequired":true,"valueName":"search_term_string"}}],"inLanguage":"fr-FR"}]}},"_links":{"self":[{"href":"https:\/\/www.machinesproduction.fr\/tv\/wp-json\/wp\/v2\/pages\/1819","targetHints":{"allow":["GET"]}}],"collection":[{"href":"https:\/\/www.machinesproduction.fr\/tv\/wp-json\/wp\/v2\/pages"}],"about":[{"href":"https:\/\/www.machinesproduction.fr\/tv\/wp-json\/wp\/v2\/types\/page"}],"author":[{"embeddable":true,"href":"https:\/\/www.machinesproduction.fr\/tv\/wp-json\/wp\/v2\/users\/3"}],"replies":[{"embeddable":true,"href":"https:\/\/www.machinesproduction.fr\/tv\/wp-json\/wp\/v2\/comments?post=1819"}],"version-history":[{"count":2,"href":"https:\/\/www.machinesproduction.fr\/tv\/wp-json\/wp\/v2\/pages\/1819\/revisions"}],"predecessor-version":[{"id":1822,"href":"https:\/\/www.machinesproduction.fr\/tv\/wp-json\/wp\/v2\/pages\/1819\/revisions\/1822"}],"wp:attachment":[{"href":"https:\/\/www.machinesproduction.fr\/tv\/wp-json\/wp\/v2\/media?parent=1819"}],"wp:term":[{"taxonomy":"wf_page_folders","embeddable":true,"href":"https:\/\/www.machinesproduction.fr\/tv\/wp-json\/wp\/v2\/wf_page_folders?post=1819"}],"curies":[{"name":"wp","href":"https:\/\/api.w.org\/{rel}","templated":true}]}}