{"id":1747,"date":"2023-01-31T19:38:59","date_gmt":"2023-01-31T18:38:59","guid":{"rendered":"https:\/\/www.machinesproduction.fr\/tv\/?page_id=1747"},"modified":"2023-02-06T11:07:22","modified_gmt":"2023-02-06T10:07:22","slug":"reportage-23-hexagon","status":"publish","type":"page","link":"https:\/\/www.machinesproduction.fr\/tv\/reportage-23-hexagon\/","title":{"rendered":"Reportage 23 &#8211; Hexagon"},"content":{"rendered":"<section class=\"wpb-content-wrapper\"><p>[vc_row][vc_column][vc_column_text]<\/p>\n<h3><span style=\"color: #ffffff;\">Reportage : Hexagon &#8211;<span style=\"color: #009ddf;\">Machine Trainer &#8211; Un simulateur de machines outils \u00e0 CN<\/span><\/span><\/h3>\n<p>[\/vc_column_text][vc_video link=&#8221;https:\/\/youtu.be\/fWPOpQrtEPs&#8221;][vc_btn title=&#8221;Retour aux REPORTAGES&#8221; style=&#8221;custom&#8221; custom_background=&#8221;#009ddf&#8221; custom_text=&#8221;#ffffff&#8221; shape=&#8221;round&#8221; i_icon_fontawesome=&#8221;fas fa-arrow-left&#8221; add_icon=&#8221;true&#8221; link=&#8221;url:https%3A%2F%2Fwww.machinesproduction.fr%2Ftv%2Fles-reportages%2F|title:les%20Focus&#8221;][vc_column_text]<\/p>\n<p style=\"font-weight: 400;\">Hexagon propose l&#8217;HxGN Machine Trainer afin de r\u00e9pondre aux besoins de formation des futurs pilotes de machines \u00e0 commande num\u00e9rique et pour autant, sans immobiliser les moyens r\u00e9els de production. Les possibilit\u00e9s de formation avec cette machine sont comme un simulateur de vol mais pour machine \u00e0 commande num\u00e9rique.<\/p>\n<p style=\"font-weight: 400;\">l&#8217;Hexagon Machine Trainer permet de former au tournage, au fraisage et au contr\u00f4le tridimensionnel gr\u00e2ce au jumeau num\u00e9rique et ce sur contr\u00f4leur Siemens, Fanuc et Heidenhain.<\/p>\n<p>&nbsp;<\/p>\n<p>Patrick Cazier[\/vc_column_text][\/vc_column][\/vc_row]<\/p>\n<\/section>","protected":false},"excerpt":{"rendered":"<p>[vc_row][vc_column][vc_column_text] Reportage : Hexagon &#8211;Machine Trainer &#8211; Un simulateur de machines outils \u00e0 CN [\/vc_column_text][vc_video link=&#8221;https:\/\/youtu.be\/fWPOpQrtEPs&#8221;][vc_btn title=&#8221;Retour aux REPORTAGES&#8221; style=&#8221;custom&#8221; custom_background=&#8221;#009ddf&#8221; custom_text=&#8221;#ffffff&#8221; shape=&#8221;round&#8221; i_icon_fontawesome=&#8221;fas fa-arrow-left&#8221; add_icon=&#8221;true&#8221; link=&#8221;url:https%3A%2F%2Fwww.machinesproduction.fr%2Ftv%2Fles-reportages%2F|title:les%20Focus&#8221;][vc_column_text] Hexagon propose l&#8217;HxGN Machine Trainer afin de r\u00e9pondre aux besoins de formation des futurs pilotes de machines \u00e0 commande num\u00e9rique et pour autant, sans immobiliser les moyens r\u00e9els [&hellip;]<\/p>\n","protected":false},"author":3,"featured_media":0,"parent":0,"menu_order":0,"comment_status":"closed","ping_status":"closed","template":"","meta":{"_monsterinsights_skip_tracking":false,"_monsterinsights_sitenote_active":false,"_monsterinsights_sitenote_note":"","_monsterinsights_sitenote_category":0,"footnotes":""},"wf_page_folders":[12],"class_list":["post-1747","page","type-page","status-publish","hentry"],"yoast_head":"<!-- This site is optimized with the Yoast SEO plugin v27.1.1 - https:\/\/yoast.com\/product\/yoast-seo-wordpress\/ -->\n<title>Hexagon Machine Trainer - Un simulateur de machines outils \u00e0 CN<\/title>\n<meta name=\"description\" content=\"Retrouvez le reportage de Machines Production TV consacr\u00e9 au &quot;Hexagon Machine Trainer&quot; - Un simulateur de machines outils \u00e0 CN\" \/>\n<meta name=\"robots\" content=\"index, follow, max-snippet:-1, max-image-preview:large, max-video-preview:-1\" \/>\n<link rel=\"canonical\" href=\"https:\/\/www.machinesproduction.fr\/tv\/reportage-23-hexagon\/\" \/>\n<meta property=\"og:locale\" content=\"fr_FR\" \/>\n<meta property=\"og:type\" content=\"article\" \/>\n<meta property=\"og:title\" content=\"Hexagon Machine Trainer - Un simulateur de machines-outils \u00e0 CN\" \/>\n<meta property=\"og:description\" content=\"Retrouvez le reportage de Machines Production TV consacr\u00e9 au &quot;Hexagon Machine Trainer&quot; - Un simulateur de machines-outils \u00e0 CN\" \/>\n<meta property=\"og:url\" content=\"https:\/\/www.machinesproduction.fr\/tv\/reportage-23-hexagon\/\" \/>\n<meta property=\"og:site_name\" content=\"Machines Production TV\" \/>\n<meta property=\"article:modified_time\" content=\"2023-02-06T10:07:22+00:00\" \/>\n<meta property=\"og:image\" content=\"https:\/\/www.machinesproduction.fr\/tv\/wp-content\/uploads\/2023\/02\/Reportage-Hexagon-MPLE17.jpg\" \/>\n\t<meta property=\"og:image:width\" content=\"1280\" \/>\n\t<meta property=\"og:image:height\" content=\"720\" \/>\n\t<meta property=\"og:image:type\" content=\"image\/jpeg\" \/>\n<meta name=\"twitter:card\" content=\"summary_large_image\" \/>\n<meta name=\"twitter:title\" content=\"Hexagon Machine Trainer - Un simulateur de machines-outils \u00e0 CN\" \/>\n<meta name=\"twitter:description\" content=\"Retrouvez le reportage de Machines Production TV consacr\u00e9 au &quot;Hexagon Machine Trainer&quot; - Un simulateur de machines-outils \u00e0 CN\" \/>\n<meta name=\"twitter:image\" content=\"https:\/\/www.machinesproduction.fr\/tv\/wp-content\/uploads\/2023\/02\/Reportage-Hexagon-MPLE17.jpg\" \/>\n<meta name=\"twitter:label1\" content=\"Dur\u00e9e de lecture estim\u00e9e\" \/>\n\t<meta name=\"twitter:data1\" content=\"1 minute\" \/>\n<script type=\"application\/ld+json\" class=\"yoast-schema-graph\">{\"@context\":\"https:\/\/schema.org\",\"@graph\":[{\"@type\":\"WebPage\",\"@id\":\"https:\/\/www.machinesproduction.fr\/tv\/reportage-23-hexagon\/\",\"url\":\"https:\/\/www.machinesproduction.fr\/tv\/reportage-23-hexagon\/\",\"name\":\"Hexagon Machine Trainer - Un simulateur de machines outils \u00e0 CN\",\"isPartOf\":{\"@id\":\"https:\/\/www.machinesproduction.fr\/tv\/#website\"},\"datePublished\":\"2023-01-31T18:38:59+00:00\",\"dateModified\":\"2023-02-06T10:07:22+00:00\",\"description\":\"Retrouvez le reportage de Machines Production TV consacr\u00e9 au \\\"Hexagon Machine Trainer\\\" - Un simulateur de machines outils \u00e0 CN\",\"breadcrumb\":{\"@id\":\"https:\/\/www.machinesproduction.fr\/tv\/reportage-23-hexagon\/#breadcrumb\"},\"inLanguage\":\"fr-FR\",\"potentialAction\":[{\"@type\":\"ReadAction\",\"target\":[\"https:\/\/www.machinesproduction.fr\/tv\/reportage-23-hexagon\/\"]}]},{\"@type\":\"BreadcrumbList\",\"@id\":\"https:\/\/www.machinesproduction.fr\/tv\/reportage-23-hexagon\/#breadcrumb\",\"itemListElement\":[{\"@type\":\"ListItem\",\"position\":1,\"name\":\"Home\",\"item\":\"https:\/\/www.machinesproduction.fr\/tv\/\"},{\"@type\":\"ListItem\",\"position\":2,\"name\":\"Reportage 23 &#8211; Hexagon\"}]},{\"@type\":\"WebSite\",\"@id\":\"https:\/\/www.machinesproduction.fr\/tv\/#website\",\"url\":\"https:\/\/www.machinesproduction.fr\/tv\/\",\"name\":\"Machines Production TV\",\"description\":\"\",\"potentialAction\":[{\"@type\":\"SearchAction\",\"target\":{\"@type\":\"EntryPoint\",\"urlTemplate\":\"https:\/\/www.machinesproduction.fr\/tv\/?s={search_term_string}\"},\"query-input\":{\"@type\":\"PropertyValueSpecification\",\"valueRequired\":true,\"valueName\":\"search_term_string\"}}],\"inLanguage\":\"fr-FR\"}]}<\/script>\n<!-- \/ Yoast SEO plugin. -->","yoast_head_json":{"title":"Hexagon Machine Trainer - Un simulateur de machines outils \u00e0 CN","description":"Retrouvez le reportage de Machines Production TV consacr\u00e9 au \"Hexagon Machine Trainer\" - Un simulateur de machines outils \u00e0 CN","robots":{"index":"index","follow":"follow","max-snippet":"max-snippet:-1","max-image-preview":"max-image-preview:large","max-video-preview":"max-video-preview:-1"},"canonical":"https:\/\/www.machinesproduction.fr\/tv\/reportage-23-hexagon\/","og_locale":"fr_FR","og_type":"article","og_title":"Hexagon Machine Trainer - Un simulateur de machines-outils \u00e0 CN","og_description":"Retrouvez le reportage de Machines Production TV consacr\u00e9 au \"Hexagon Machine Trainer\" - Un simulateur de machines-outils \u00e0 CN","og_url":"https:\/\/www.machinesproduction.fr\/tv\/reportage-23-hexagon\/","og_site_name":"Machines Production TV","article_modified_time":"2023-02-06T10:07:22+00:00","og_image":[{"width":1280,"height":720,"url":"https:\/\/www.machinesproduction.fr\/tv\/wp-content\/uploads\/2023\/02\/Reportage-Hexagon-MPLE17.jpg","type":"image\/jpeg"}],"twitter_card":"summary_large_image","twitter_title":"Hexagon Machine Trainer - Un simulateur de machines-outils \u00e0 CN","twitter_description":"Retrouvez le reportage de Machines Production TV consacr\u00e9 au \"Hexagon Machine Trainer\" - Un simulateur de machines-outils \u00e0 CN","twitter_image":"https:\/\/www.machinesproduction.fr\/tv\/wp-content\/uploads\/2023\/02\/Reportage-Hexagon-MPLE17.jpg","twitter_misc":{"Dur\u00e9e de lecture estim\u00e9e":"1 minute"},"schema":{"@context":"https:\/\/schema.org","@graph":[{"@type":"WebPage","@id":"https:\/\/www.machinesproduction.fr\/tv\/reportage-23-hexagon\/","url":"https:\/\/www.machinesproduction.fr\/tv\/reportage-23-hexagon\/","name":"Hexagon Machine Trainer - Un simulateur de machines outils \u00e0 CN","isPartOf":{"@id":"https:\/\/www.machinesproduction.fr\/tv\/#website"},"datePublished":"2023-01-31T18:38:59+00:00","dateModified":"2023-02-06T10:07:22+00:00","description":"Retrouvez le reportage de Machines Production TV consacr\u00e9 au \"Hexagon Machine Trainer\" - Un simulateur de machines outils \u00e0 CN","breadcrumb":{"@id":"https:\/\/www.machinesproduction.fr\/tv\/reportage-23-hexagon\/#breadcrumb"},"inLanguage":"fr-FR","potentialAction":[{"@type":"ReadAction","target":["https:\/\/www.machinesproduction.fr\/tv\/reportage-23-hexagon\/"]}]},{"@type":"BreadcrumbList","@id":"https:\/\/www.machinesproduction.fr\/tv\/reportage-23-hexagon\/#breadcrumb","itemListElement":[{"@type":"ListItem","position":1,"name":"Home","item":"https:\/\/www.machinesproduction.fr\/tv\/"},{"@type":"ListItem","position":2,"name":"Reportage 23 &#8211; Hexagon"}]},{"@type":"WebSite","@id":"https:\/\/www.machinesproduction.fr\/tv\/#website","url":"https:\/\/www.machinesproduction.fr\/tv\/","name":"Machines Production TV","description":"","potentialAction":[{"@type":"SearchAction","target":{"@type":"EntryPoint","urlTemplate":"https:\/\/www.machinesproduction.fr\/tv\/?s={search_term_string}"},"query-input":{"@type":"PropertyValueSpecification","valueRequired":true,"valueName":"search_term_string"}}],"inLanguage":"fr-FR"}]}},"_links":{"self":[{"href":"https:\/\/www.machinesproduction.fr\/tv\/wp-json\/wp\/v2\/pages\/1747","targetHints":{"allow":["GET"]}}],"collection":[{"href":"https:\/\/www.machinesproduction.fr\/tv\/wp-json\/wp\/v2\/pages"}],"about":[{"href":"https:\/\/www.machinesproduction.fr\/tv\/wp-json\/wp\/v2\/types\/page"}],"author":[{"embeddable":true,"href":"https:\/\/www.machinesproduction.fr\/tv\/wp-json\/wp\/v2\/users\/3"}],"replies":[{"embeddable":true,"href":"https:\/\/www.machinesproduction.fr\/tv\/wp-json\/wp\/v2\/comments?post=1747"}],"version-history":[{"count":3,"href":"https:\/\/www.machinesproduction.fr\/tv\/wp-json\/wp\/v2\/pages\/1747\/revisions"}],"predecessor-version":[{"id":1760,"href":"https:\/\/www.machinesproduction.fr\/tv\/wp-json\/wp\/v2\/pages\/1747\/revisions\/1760"}],"wp:attachment":[{"href":"https:\/\/www.machinesproduction.fr\/tv\/wp-json\/wp\/v2\/media?parent=1747"}],"wp:term":[{"taxonomy":"wf_page_folders","embeddable":true,"href":"https:\/\/www.machinesproduction.fr\/tv\/wp-json\/wp\/v2\/wf_page_folders?post=1747"}],"curies":[{"name":"wp","href":"https:\/\/api.w.org\/{rel}","templated":true}]}}