{"id":1703,"date":"2022-12-09T10:00:08","date_gmt":"2022-12-09T09:00:08","guid":{"rendered":"https:\/\/www.machinesproduction.fr\/tv\/?page_id=1703"},"modified":"2022-12-12T15:11:55","modified_gmt":"2022-12-12T14:11:55","slug":"reportage-22-grob","status":"publish","type":"page","link":"https:\/\/www.machinesproduction.fr\/tv\/reportage-22-grob\/","title":{"rendered":"Reportage 22 &#8211; Grob"},"content":{"rendered":"<section class=\"wpb-content-wrapper\"><p>[vc_row][vc_column][vc_column_text]<\/p>\n<h3><span style=\"color: #ffffff;\">Reportage : GROB &#8211;<span style=\"color: #009ddf;\">La soci\u00e9t\u00e9 Grimal Bernard fait le choix du centre d&#8217;usinage Grob G550<\/span><\/span><\/h3>\n<p>[\/vc_column_text][vc_video link=&#8221;https:\/\/youtu.be\/vIT4zsDP_uQ&#8221;][vc_btn title=&#8221;Retour aux REPORTAGES&#8221; style=&#8221;custom&#8221; custom_background=&#8221;#009ddf&#8221; custom_text=&#8221;#ffffff&#8221; shape=&#8221;round&#8221; i_icon_fontawesome=&#8221;fas fa-arrow-left&#8221; add_icon=&#8221;true&#8221; link=&#8221;url:https%3A%2F%2Fwww.machinesproduction.fr%2Ftv%2Fles-reportages%2F|title:les%20Focus&#8221;][vc_column_text]<\/p>\n<p style=\"font-weight: 400;\">La soci\u00e9t\u00e9 aveyronnaise GRIMAL BERNARD, sp\u00e9cialis\u00e9e dans la fabrication de moules ou outillages pour l\u2019injection plastique essentiellement pour la cosm\u00e9tique (luxe), a choisi un centre d\u2019usinage Grob G550 pour am\u00e9liorer sa productivit\u00e9.<\/p>\n<p style=\"font-weight: 400;\">Dans ce reportage vid\u00e9o de Machines Production, vous d\u00e9couvrirez l\u2019entreprise de sous-traitance et pourquoi son g\u00e9rant Julien Grimal a d\u00e9cid\u00e9 d\u2019investir dans cette machine-outil.<\/p>\n<p style=\"font-weight: 400;\">De m\u00eame, Florent L\u00e9on Lepage, directeur de la filiale GROB France, pr\u00e9sente les avantages des machines-outils de la marque et les services propos\u00e9s.<\/p>\n<p>&nbsp;<\/p>\n<p>Patrick Cazier[\/vc_column_text][\/vc_column][\/vc_row]<\/p>\n<\/section>","protected":false},"excerpt":{"rendered":"<p>[vc_row][vc_column][vc_column_text] Reportage : GROB &#8211;La soci\u00e9t\u00e9 Grimal Bernard fait le choix du centre d&#8217;usinage Grob G550 [\/vc_column_text][vc_video link=&#8221;https:\/\/youtu.be\/vIT4zsDP_uQ&#8221;][vc_btn title=&#8221;Retour aux REPORTAGES&#8221; style=&#8221;custom&#8221; custom_background=&#8221;#009ddf&#8221; custom_text=&#8221;#ffffff&#8221; shape=&#8221;round&#8221; i_icon_fontawesome=&#8221;fas fa-arrow-left&#8221; add_icon=&#8221;true&#8221; link=&#8221;url:https%3A%2F%2Fwww.machinesproduction.fr%2Ftv%2Fles-reportages%2F|title:les%20Focus&#8221;][vc_column_text] La soci\u00e9t\u00e9 aveyronnaise GRIMAL BERNARD, sp\u00e9cialis\u00e9e dans la fabrication de moules ou outillages pour l\u2019injection plastique essentiellement pour la cosm\u00e9tique (luxe), a choisi un centre d\u2019usinage [&hellip;]<\/p>\n","protected":false},"author":3,"featured_media":0,"parent":0,"menu_order":0,"comment_status":"closed","ping_status":"closed","template":"","meta":{"_monsterinsights_skip_tracking":false,"_monsterinsights_sitenote_active":false,"_monsterinsights_sitenote_note":"","_monsterinsights_sitenote_category":0,"footnotes":""},"wf_page_folders":[12],"class_list":["post-1703","page","type-page","status-publish","hentry"],"yoast_head":"<!-- This site is optimized with the Yoast SEO plugin v27.1.1 - https:\/\/yoast.com\/product\/yoast-seo-wordpress\/ -->\n<title>La soci\u00e9t\u00e9 Grimal Bernard fait le choix du centre d&#039;usinage Grob G550<\/title>\n<meta name=\"description\" content=\"Retrouvez le reportage de Machines Production TV \u00e0 l&#039;occasion de la soci\u00e9t\u00e9 Grimal Bernard qui fait le choix de du centre d&#039;usinage Grob G550\" \/>\n<meta name=\"robots\" content=\"index, follow, max-snippet:-1, max-image-preview:large, max-video-preview:-1\" \/>\n<link rel=\"canonical\" href=\"https:\/\/www.machinesproduction.fr\/tv\/reportage-22-grob\/\" \/>\n<meta property=\"og:locale\" content=\"fr_FR\" \/>\n<meta property=\"og:type\" content=\"article\" \/>\n<meta property=\"og:title\" content=\"Reportage GROB : La soci\u00e9t\u00e9 Grimal Bernard fait le choix du centre d&#039;usinage Grob G550\" \/>\n<meta property=\"og:description\" content=\"Dans ce reportage vid\u00e9o de Machines Production, vous d\u00e9couvrirez l&#039;entreprise de sous-traitance et pourquoi son g\u00e9rant Julien Grimal a d\u00e9cid\u00e9 d&#039;investir dans cette machine-outil.\" \/>\n<meta property=\"og:url\" content=\"https:\/\/www.machinesproduction.fr\/tv\/reportage-22-grob\/\" \/>\n<meta property=\"og:site_name\" content=\"Machines Production TV\" \/>\n<meta property=\"article:modified_time\" content=\"2022-12-12T14:11:55+00:00\" \/>\n<meta property=\"og:image\" content=\"https:\/\/www.machinesproduction.fr\/tv\/wp-content\/uploads\/2022\/12\/Reportage-GROB-Grimal.jpg\" \/>\n\t<meta property=\"og:image:width\" content=\"1280\" \/>\n\t<meta property=\"og:image:height\" content=\"720\" \/>\n\t<meta property=\"og:image:type\" content=\"image\/jpeg\" \/>\n<meta name=\"twitter:card\" content=\"summary_large_image\" \/>\n<meta name=\"twitter:title\" content=\"Reportage GROB : La soci\u00e9t\u00e9 Grimal Bernard fait le choix du centre d&#039;usinage Grob G550\" \/>\n<meta name=\"twitter:description\" content=\"Dans ce reportage vid\u00e9o de Machines Production, vous d\u00e9couvrirez l&#039;entreprise de sous-traitance et pourquoi son g\u00e9rant Julien Grimal a d\u00e9cid\u00e9 d&#039;investir dans cette machine-outil.\" \/>\n<meta name=\"twitter:image\" content=\"https:\/\/www.machinesproduction.fr\/tv\/wp-content\/uploads\/2022\/12\/Reportage-GROB-Grimal.jpg\" \/>\n<meta name=\"twitter:label1\" content=\"Dur\u00e9e de lecture estim\u00e9e\" \/>\n\t<meta name=\"twitter:data1\" content=\"1 minute\" \/>\n<script type=\"application\/ld+json\" class=\"yoast-schema-graph\">{\"@context\":\"https:\/\/schema.org\",\"@graph\":[{\"@type\":\"WebPage\",\"@id\":\"https:\/\/www.machinesproduction.fr\/tv\/reportage-22-grob\/\",\"url\":\"https:\/\/www.machinesproduction.fr\/tv\/reportage-22-grob\/\",\"name\":\"La soci\u00e9t\u00e9 Grimal Bernard fait le choix du centre d'usinage Grob G550\",\"isPartOf\":{\"@id\":\"https:\/\/www.machinesproduction.fr\/tv\/#website\"},\"datePublished\":\"2022-12-09T09:00:08+00:00\",\"dateModified\":\"2022-12-12T14:11:55+00:00\",\"description\":\"Retrouvez le reportage de Machines Production TV \u00e0 l'occasion de la soci\u00e9t\u00e9 Grimal Bernard qui fait le choix de du centre d'usinage Grob G550\",\"breadcrumb\":{\"@id\":\"https:\/\/www.machinesproduction.fr\/tv\/reportage-22-grob\/#breadcrumb\"},\"inLanguage\":\"fr-FR\",\"potentialAction\":[{\"@type\":\"ReadAction\",\"target\":[\"https:\/\/www.machinesproduction.fr\/tv\/reportage-22-grob\/\"]}]},{\"@type\":\"BreadcrumbList\",\"@id\":\"https:\/\/www.machinesproduction.fr\/tv\/reportage-22-grob\/#breadcrumb\",\"itemListElement\":[{\"@type\":\"ListItem\",\"position\":1,\"name\":\"Home\",\"item\":\"https:\/\/www.machinesproduction.fr\/tv\/\"},{\"@type\":\"ListItem\",\"position\":2,\"name\":\"Reportage 22 &#8211; Grob\"}]},{\"@type\":\"WebSite\",\"@id\":\"https:\/\/www.machinesproduction.fr\/tv\/#website\",\"url\":\"https:\/\/www.machinesproduction.fr\/tv\/\",\"name\":\"Machines Production TV\",\"description\":\"\",\"potentialAction\":[{\"@type\":\"SearchAction\",\"target\":{\"@type\":\"EntryPoint\",\"urlTemplate\":\"https:\/\/www.machinesproduction.fr\/tv\/?s={search_term_string}\"},\"query-input\":{\"@type\":\"PropertyValueSpecification\",\"valueRequired\":true,\"valueName\":\"search_term_string\"}}],\"inLanguage\":\"fr-FR\"}]}<\/script>\n<!-- \/ Yoast SEO plugin. -->","yoast_head_json":{"title":"La soci\u00e9t\u00e9 Grimal Bernard fait le choix du centre d'usinage Grob G550","description":"Retrouvez le reportage de Machines Production TV \u00e0 l'occasion de la soci\u00e9t\u00e9 Grimal Bernard qui fait le choix de du centre d'usinage Grob G550","robots":{"index":"index","follow":"follow","max-snippet":"max-snippet:-1","max-image-preview":"max-image-preview:large","max-video-preview":"max-video-preview:-1"},"canonical":"https:\/\/www.machinesproduction.fr\/tv\/reportage-22-grob\/","og_locale":"fr_FR","og_type":"article","og_title":"Reportage GROB : La soci\u00e9t\u00e9 Grimal Bernard fait le choix du centre d'usinage Grob G550","og_description":"Dans ce reportage vid\u00e9o de Machines Production, vous d\u00e9couvrirez l'entreprise de sous-traitance et pourquoi son g\u00e9rant Julien Grimal a d\u00e9cid\u00e9 d'investir dans cette machine-outil.","og_url":"https:\/\/www.machinesproduction.fr\/tv\/reportage-22-grob\/","og_site_name":"Machines Production TV","article_modified_time":"2022-12-12T14:11:55+00:00","og_image":[{"width":1280,"height":720,"url":"https:\/\/www.machinesproduction.fr\/tv\/wp-content\/uploads\/2022\/12\/Reportage-GROB-Grimal.jpg","type":"image\/jpeg"}],"twitter_card":"summary_large_image","twitter_title":"Reportage GROB : La soci\u00e9t\u00e9 Grimal Bernard fait le choix du centre d'usinage Grob G550","twitter_description":"Dans ce reportage vid\u00e9o de Machines Production, vous d\u00e9couvrirez l'entreprise de sous-traitance et pourquoi son g\u00e9rant Julien Grimal a d\u00e9cid\u00e9 d'investir dans cette machine-outil.","twitter_image":"https:\/\/www.machinesproduction.fr\/tv\/wp-content\/uploads\/2022\/12\/Reportage-GROB-Grimal.jpg","twitter_misc":{"Dur\u00e9e de lecture estim\u00e9e":"1 minute"},"schema":{"@context":"https:\/\/schema.org","@graph":[{"@type":"WebPage","@id":"https:\/\/www.machinesproduction.fr\/tv\/reportage-22-grob\/","url":"https:\/\/www.machinesproduction.fr\/tv\/reportage-22-grob\/","name":"La soci\u00e9t\u00e9 Grimal Bernard fait le choix du centre d'usinage Grob G550","isPartOf":{"@id":"https:\/\/www.machinesproduction.fr\/tv\/#website"},"datePublished":"2022-12-09T09:00:08+00:00","dateModified":"2022-12-12T14:11:55+00:00","description":"Retrouvez le reportage de Machines Production TV \u00e0 l'occasion de la soci\u00e9t\u00e9 Grimal Bernard qui fait le choix de du centre d'usinage Grob G550","breadcrumb":{"@id":"https:\/\/www.machinesproduction.fr\/tv\/reportage-22-grob\/#breadcrumb"},"inLanguage":"fr-FR","potentialAction":[{"@type":"ReadAction","target":["https:\/\/www.machinesproduction.fr\/tv\/reportage-22-grob\/"]}]},{"@type":"BreadcrumbList","@id":"https:\/\/www.machinesproduction.fr\/tv\/reportage-22-grob\/#breadcrumb","itemListElement":[{"@type":"ListItem","position":1,"name":"Home","item":"https:\/\/www.machinesproduction.fr\/tv\/"},{"@type":"ListItem","position":2,"name":"Reportage 22 &#8211; Grob"}]},{"@type":"WebSite","@id":"https:\/\/www.machinesproduction.fr\/tv\/#website","url":"https:\/\/www.machinesproduction.fr\/tv\/","name":"Machines Production TV","description":"","potentialAction":[{"@type":"SearchAction","target":{"@type":"EntryPoint","urlTemplate":"https:\/\/www.machinesproduction.fr\/tv\/?s={search_term_string}"},"query-input":{"@type":"PropertyValueSpecification","valueRequired":true,"valueName":"search_term_string"}}],"inLanguage":"fr-FR"}]}},"_links":{"self":[{"href":"https:\/\/www.machinesproduction.fr\/tv\/wp-json\/wp\/v2\/pages\/1703","targetHints":{"allow":["GET"]}}],"collection":[{"href":"https:\/\/www.machinesproduction.fr\/tv\/wp-json\/wp\/v2\/pages"}],"about":[{"href":"https:\/\/www.machinesproduction.fr\/tv\/wp-json\/wp\/v2\/types\/page"}],"author":[{"embeddable":true,"href":"https:\/\/www.machinesproduction.fr\/tv\/wp-json\/wp\/v2\/users\/3"}],"replies":[{"embeddable":true,"href":"https:\/\/www.machinesproduction.fr\/tv\/wp-json\/wp\/v2\/comments?post=1703"}],"version-history":[{"count":8,"href":"https:\/\/www.machinesproduction.fr\/tv\/wp-json\/wp\/v2\/pages\/1703\/revisions"}],"predecessor-version":[{"id":1715,"href":"https:\/\/www.machinesproduction.fr\/tv\/wp-json\/wp\/v2\/pages\/1703\/revisions\/1715"}],"wp:attachment":[{"href":"https:\/\/www.machinesproduction.fr\/tv\/wp-json\/wp\/v2\/media?parent=1703"}],"wp:term":[{"taxonomy":"wf_page_folders","embeddable":true,"href":"https:\/\/www.machinesproduction.fr\/tv\/wp-json\/wp\/v2\/wf_page_folders?post=1703"}],"curies":[{"name":"wp","href":"https:\/\/api.w.org\/{rel}","templated":true}]}}