{"id":1597,"date":"2022-09-28T20:43:52","date_gmt":"2022-09-28T19:43:52","guid":{"rendered":"https:\/\/www.machinesproduction.fr\/tv\/?page_id=1597"},"modified":"2022-09-29T08:32:07","modified_gmt":"2022-09-29T07:32:07","slug":"live-23-micronora-vulkam","status":"publish","type":"page","link":"https:\/\/www.machinesproduction.fr\/tv\/live-23-micronora-vulkam\/","title":{"rendered":"Live 23 &#8211; Micronora &#8211; Vulkam"},"content":{"rendered":"<section class=\"wpb-content-wrapper\"><p>[vc_row equal_height=&#8221;yes&#8221; content_placement=&#8221;middle&#8221;][vc_column][vc_row_inner content_placement=&#8221;top&#8221;][vc_column_inner width=&#8221;1\/4&#8243;][media image=&#8221;1581&#8243;][vc_column_text]<\/p>\n<h2><span style=\"color: #459bd9;\">Micronora 2022<\/span><\/h2>\n<p>[\/vc_column_text][\/vc_column_inner][vc_column_inner width=&#8221;3\/4&#8243;][vc_column_text]<\/p>\n<p data-wp-editing=\"1\"><em><span style=\"color: #459bd9; font-size: 18pt;\">Interview :\u00a0<\/span><\/em><\/p>\n<h1 data-wp-editing=\"1\"><span style=\"color: #009ddf;\">S\u00e9bastien Gravier, CEO de Vulkam.<\/span><\/h1>\n<p>[\/vc_column_text][\/vc_column_inner][\/vc_row_inner][\/vc_column][\/vc_row][vc_row equal_height=&#8221;yes&#8221; content_placement=&#8221;middle&#8221;][vc_column][vc_row_inner][vc_column_inner][\/vc_column_inner][\/vc_row_inner][vc_empty_space height=&#8221;30px&#8221;][vc_column_text]<\/p>\n<p align=\"justify\">C\u2019est avec son troph\u00e9e entre les mains que S\u00e9bastien Gravier est venu pr\u00e9senter son innovation sur le plateau de Machines Production TV, lors du salon Micronora, qui se tenait \u00e0 Besan\u00e7on du 27 au 30 septembre.<br \/>\nLe CEO de Vulkam venait de <span style=\"color: #009ddf;\">remporter le Micron d\u2019or de la cat\u00e9gorie \u00ab composants microtechniques \u00bb<\/span> pour son nouveau proc\u00e9d\u00e9 industriel bas\u00e9 sur le thermomoulage d\u2019alliages m\u00e9talliques amorphes.<\/p>\n<blockquote>\n<p>Mais qu\u2019est-ce qu\u2019un alliage amorphe ? \u00ab C\u2019est un alliage qui a une structure atomique qui est compl\u00e8tement diff\u00e9rente de ce qu\u2019on a actuellement dans l\u2019industrie \u00bb, r\u00e9pond M. Gravier, au micro de Machines Production.<\/p>\n<\/blockquote>\n<p align=\"justify\">Alors que tous les m\u00e9taux dans l\u2019industrie ont une organisation atomique cristalline, celle d\u00e9velopp\u00e9e par cette start-up grenobloise est diff\u00e9rente : \u00ab Nous avons cass\u00e9 cette structure pour mettre une structure al\u00e9atoire. La cons\u00e9quence, c\u2019est qu\u2019on a des propri\u00e9t\u00e9s de la mati\u00e8re qui sont extr\u00eamement plus r\u00e9sistantes que les produits actuels. Et on a aussi des capacit\u00e9s de mise en forme qui sont compl\u00e8tement diff\u00e9rentes. \u00bb<\/p>\n<h2><span style=\"color: #009ddf;\">R\u00e9duire le nombre d\u2019\u00e9tapes de fabrication<\/span><\/h2>\n<p align=\"justify\">Quant au proc\u00e9d\u00e9 de microthermomoulage de Vulkam, il permet de mouler des pi\u00e8ces de tr\u00e8s petite \u00e9chelle et de grande pr\u00e9cision, telles que \u00ab des pi\u00e8ces de mouvements horlogers qui ont des flancs droits, ce qui est indispensable pour la transmission de mouvements, qui ont des pr\u00e9cisions de +\/- 3 microm\u00e8tres, qui pr\u00e9sentent des per\u00e7ages, lamages, anglages \u00bb, explique le fondateur de cette \u00ab deeptech \u00bb de 20 personnes.<br \/>\nCe proc\u00e9d\u00e9 innovant permettra aux fabricants de composants microtechniques de r\u00e9duire le nombre d\u2019\u00e9tapes de fabrication. \u00ab A l\u2019heure actuelle, si on reste dans le domaine des pi\u00e8ces du mouvement horloger, les fabricants doivent passer par diff\u00e9rentes \u00e9tapes : d\u00e9coupe par \u00e9lectro\u00e9rosion, fraisage, finition, etc. Grosso modo, on a calcul\u00e9 qu\u2019il y avait \u00e0 peu pr\u00e8s huit \u00e9tapes de fabrication pour fabriquer ce type de pi\u00e8ces. Nous, on arrive maintenant, avec notre nouveau proc\u00e9d\u00e9, \u00e0 fabriquer le m\u00eame type de g\u00e9om\u00e9trie, mais en deux \u00e9tapes de fabrication. \u00bb<\/p>\n<h2><span style=\"color: #009ddf;\">Un jury d\u2019industriels et de chercheurs<\/span><\/h2>\n<p align=\"justify\">Les Microns et Nano d\u2019Or r\u00e9compensent des r\u00e9alisations microtechniques et nanotechnologiques innovantes, pr\u00e9sent\u00e9es pour la premi\u00e8re fois dans le cadre de Micronora, le salon international des microtechniques.<br \/>\nIls sont d\u00e9cern\u00e9s par un jury constitu\u00e9 d\u2019industriels et de chercheurs actifs dans le domaine des microtechniques. La remise des prix a \u00e9t\u00e9 organis\u00e9e, mardi 27 septembre, \u00e0 l\u2019issue de l\u2019inauguration du salon par Marie-Guite Dufay, pr\u00e9sidente de la r\u00e9gion Bourgogne-Franche-Comt\u00e9.<\/p>\n<p>[\/vc_column_text][vc_video link=&#8221;https:\/\/youtu.be\/NZAsdgyDne0&#8243;][vc_btn title=&#8221;Retour aux MP LIVE&#8221; style=&#8221;custom&#8221; custom_background=&#8221;#009ddf&#8221; custom_text=&#8221;#ffffff&#8221; shape=&#8221;round&#8221; i_icon_fontawesome=&#8221;fas fa-arrow-left&#8221; add_icon=&#8221;true&#8221; link=&#8221;url:https%3A%2F%2Fwww.machinesproduction.fr%2Ftv%2Fles-mp-live%2F|title:les%20Focus&#8221;][\/vc_column][\/vc_row]<\/p>\n<\/section>","protected":false},"excerpt":{"rendered":"<p>[vc_row equal_height=&#8221;yes&#8221; content_placement=&#8221;middle&#8221;][vc_column][vc_row_inner content_placement=&#8221;top&#8221;][vc_column_inner width=&#8221;1\/4&#8243;][media image=&#8221;1581&#8243;][vc_column_text] Micronora 2022 [\/vc_column_text][\/vc_column_inner][vc_column_inner width=&#8221;3\/4&#8243;][vc_column_text] Interview :\u00a0 S\u00e9bastien Gravier, CEO de Vulkam. [\/vc_column_text][\/vc_column_inner][\/vc_row_inner][\/vc_column][\/vc_row][vc_row equal_height=&#8221;yes&#8221; content_placement=&#8221;middle&#8221;][vc_column][vc_row_inner][vc_column_inner][\/vc_column_inner][\/vc_row_inner][vc_empty_space height=&#8221;30px&#8221;][vc_column_text] C\u2019est avec son troph\u00e9e entre les mains que S\u00e9bastien Gravier est venu pr\u00e9senter son innovation sur le plateau de Machines Production TV, lors du salon Micronora, qui se tenait \u00e0 Besan\u00e7on du 27 au [&hellip;]<\/p>\n","protected":false},"author":3,"featured_media":0,"parent":0,"menu_order":0,"comment_status":"closed","ping_status":"closed","template":"","meta":{"_monsterinsights_skip_tracking":false,"_monsterinsights_sitenote_active":false,"_monsterinsights_sitenote_note":"","_monsterinsights_sitenote_category":0,"footnotes":""},"wf_page_folders":[13],"class_list":["post-1597","page","type-page","status-publish","hentry"],"yoast_head":"<!-- This site is optimized with the Yoast SEO plugin v27.1.1 - https:\/\/yoast.com\/product\/yoast-seo-wordpress\/ -->\n<title>Live 23 - Micronora - Vulkam<\/title>\n<meta name=\"description\" content=\"En direct du salon Micronora 2022, J\u00e9r\u00f4me Meyrand, R\u00e9dacteur en Chef de Machines Production TV, interview S\u00e9bastien Gravier, CEO de Vulkam.\" \/>\n<meta name=\"robots\" content=\"index, follow, max-snippet:-1, max-image-preview:large, max-video-preview:-1\" \/>\n<link rel=\"canonical\" href=\"https:\/\/www.machinesproduction.fr\/tv\/live-23-micronora-vulkam\/\" \/>\n<meta property=\"og:locale\" content=\"fr_FR\" \/>\n<meta property=\"og:type\" content=\"article\" \/>\n<meta property=\"og:title\" content=\"En Live depuis Micronora 2022 - Interview de S\u00e9bastien Gravier, CEO de Vulkam\" \/>\n<meta property=\"og:description\" content=\"En direct du salon Micronora 2022, J\u00e9r\u00f4me Meyrand, R\u00e9dacteur en Chef de Machines Production TV, interview S\u00e9bastien Gravier, CEO de Vulkam vainqueur du prix Micron d\u2019or de la cat\u00e9gorie \u00ab composants microtechniques \u00bb\" \/>\n<meta property=\"og:url\" content=\"https:\/\/www.machinesproduction.fr\/tv\/live-23-micronora-vulkam\/\" \/>\n<meta property=\"og:site_name\" content=\"Machines Production TV\" \/>\n<meta property=\"article:modified_time\" content=\"2022-09-29T07:32:07+00:00\" \/>\n<meta property=\"og:image\" content=\"https:\/\/www.machinesproduction.fr\/tv\/wp-content\/uploads\/2022\/09\/Live-Vulkam-Micronora.jpg\" \/>\n\t<meta property=\"og:image:width\" content=\"1280\" \/>\n\t<meta property=\"og:image:height\" content=\"720\" \/>\n\t<meta property=\"og:image:type\" content=\"image\/jpeg\" \/>\n<meta name=\"twitter:card\" content=\"summary_large_image\" \/>\n<meta name=\"twitter:title\" content=\"En Live depuis Micronora 2022 - Interview de S\u00e9bastien Gravier, CEO de Vulkam\" \/>\n<meta name=\"twitter:description\" content=\"En direct du salon Micronora 2022, J\u00e9r\u00f4me Meyrand, R\u00e9dacteur en Chef de Machines Production TV, interview S\u00e9bastien Gravier, CEO de Vulkam vainqueur du prix Micron d\u2019or de la cat\u00e9gorie \u00ab composants microtechniques \u00bb\" \/>\n<meta name=\"twitter:image\" content=\"https:\/\/www.machinesproduction.fr\/tv\/wp-content\/uploads\/2022\/09\/Live-Vulkam-Micronora.jpg\" \/>\n<meta name=\"twitter:label1\" content=\"Dur\u00e9e de lecture estim\u00e9e\" \/>\n\t<meta name=\"twitter:data1\" content=\"3 minutes\" \/>\n<script type=\"application\/ld+json\" class=\"yoast-schema-graph\">{\"@context\":\"https:\/\/schema.org\",\"@graph\":[{\"@type\":\"WebPage\",\"@id\":\"https:\/\/www.machinesproduction.fr\/tv\/live-23-micronora-vulkam\/\",\"url\":\"https:\/\/www.machinesproduction.fr\/tv\/live-23-micronora-vulkam\/\",\"name\":\"Live 23 - Micronora - Vulkam\",\"isPartOf\":{\"@id\":\"https:\/\/www.machinesproduction.fr\/tv\/#website\"},\"datePublished\":\"2022-09-28T19:43:52+00:00\",\"dateModified\":\"2022-09-29T07:32:07+00:00\",\"description\":\"En direct du salon Micronora 2022, J\u00e9r\u00f4me Meyrand, R\u00e9dacteur en Chef de Machines Production TV, interview S\u00e9bastien Gravier, CEO de Vulkam.\",\"breadcrumb\":{\"@id\":\"https:\/\/www.machinesproduction.fr\/tv\/live-23-micronora-vulkam\/#breadcrumb\"},\"inLanguage\":\"fr-FR\",\"potentialAction\":[{\"@type\":\"ReadAction\",\"target\":[\"https:\/\/www.machinesproduction.fr\/tv\/live-23-micronora-vulkam\/\"]}]},{\"@type\":\"BreadcrumbList\",\"@id\":\"https:\/\/www.machinesproduction.fr\/tv\/live-23-micronora-vulkam\/#breadcrumb\",\"itemListElement\":[{\"@type\":\"ListItem\",\"position\":1,\"name\":\"Home\",\"item\":\"https:\/\/www.machinesproduction.fr\/tv\/\"},{\"@type\":\"ListItem\",\"position\":2,\"name\":\"Live 23 &#8211; Micronora &#8211; Vulkam\"}]},{\"@type\":\"WebSite\",\"@id\":\"https:\/\/www.machinesproduction.fr\/tv\/#website\",\"url\":\"https:\/\/www.machinesproduction.fr\/tv\/\",\"name\":\"Machines Production TV\",\"description\":\"\",\"potentialAction\":[{\"@type\":\"SearchAction\",\"target\":{\"@type\":\"EntryPoint\",\"urlTemplate\":\"https:\/\/www.machinesproduction.fr\/tv\/?s={search_term_string}\"},\"query-input\":{\"@type\":\"PropertyValueSpecification\",\"valueRequired\":true,\"valueName\":\"search_term_string\"}}],\"inLanguage\":\"fr-FR\"}]}<\/script>\n<!-- \/ Yoast SEO plugin. -->","yoast_head_json":{"title":"Live 23 - Micronora - Vulkam","description":"En direct du salon Micronora 2022, J\u00e9r\u00f4me Meyrand, R\u00e9dacteur en Chef de Machines Production TV, interview S\u00e9bastien Gravier, CEO de Vulkam.","robots":{"index":"index","follow":"follow","max-snippet":"max-snippet:-1","max-image-preview":"max-image-preview:large","max-video-preview":"max-video-preview:-1"},"canonical":"https:\/\/www.machinesproduction.fr\/tv\/live-23-micronora-vulkam\/","og_locale":"fr_FR","og_type":"article","og_title":"En Live depuis Micronora 2022 - Interview de S\u00e9bastien Gravier, CEO de Vulkam","og_description":"En direct du salon Micronora 2022, J\u00e9r\u00f4me Meyrand, R\u00e9dacteur en Chef de Machines Production TV, interview S\u00e9bastien Gravier, CEO de Vulkam vainqueur du prix Micron d\u2019or de la cat\u00e9gorie \u00ab composants microtechniques \u00bb","og_url":"https:\/\/www.machinesproduction.fr\/tv\/live-23-micronora-vulkam\/","og_site_name":"Machines Production TV","article_modified_time":"2022-09-29T07:32:07+00:00","og_image":[{"width":1280,"height":720,"url":"https:\/\/www.machinesproduction.fr\/tv\/wp-content\/uploads\/2022\/09\/Live-Vulkam-Micronora.jpg","type":"image\/jpeg"}],"twitter_card":"summary_large_image","twitter_title":"En Live depuis Micronora 2022 - Interview de S\u00e9bastien Gravier, CEO de Vulkam","twitter_description":"En direct du salon Micronora 2022, J\u00e9r\u00f4me Meyrand, R\u00e9dacteur en Chef de Machines Production TV, interview S\u00e9bastien Gravier, CEO de Vulkam vainqueur du prix Micron d\u2019or de la cat\u00e9gorie \u00ab composants microtechniques \u00bb","twitter_image":"https:\/\/www.machinesproduction.fr\/tv\/wp-content\/uploads\/2022\/09\/Live-Vulkam-Micronora.jpg","twitter_misc":{"Dur\u00e9e de lecture estim\u00e9e":"3 minutes"},"schema":{"@context":"https:\/\/schema.org","@graph":[{"@type":"WebPage","@id":"https:\/\/www.machinesproduction.fr\/tv\/live-23-micronora-vulkam\/","url":"https:\/\/www.machinesproduction.fr\/tv\/live-23-micronora-vulkam\/","name":"Live 23 - Micronora - Vulkam","isPartOf":{"@id":"https:\/\/www.machinesproduction.fr\/tv\/#website"},"datePublished":"2022-09-28T19:43:52+00:00","dateModified":"2022-09-29T07:32:07+00:00","description":"En direct du salon Micronora 2022, J\u00e9r\u00f4me Meyrand, R\u00e9dacteur en Chef de Machines Production TV, interview S\u00e9bastien Gravier, CEO de Vulkam.","breadcrumb":{"@id":"https:\/\/www.machinesproduction.fr\/tv\/live-23-micronora-vulkam\/#breadcrumb"},"inLanguage":"fr-FR","potentialAction":[{"@type":"ReadAction","target":["https:\/\/www.machinesproduction.fr\/tv\/live-23-micronora-vulkam\/"]}]},{"@type":"BreadcrumbList","@id":"https:\/\/www.machinesproduction.fr\/tv\/live-23-micronora-vulkam\/#breadcrumb","itemListElement":[{"@type":"ListItem","position":1,"name":"Home","item":"https:\/\/www.machinesproduction.fr\/tv\/"},{"@type":"ListItem","position":2,"name":"Live 23 &#8211; Micronora &#8211; Vulkam"}]},{"@type":"WebSite","@id":"https:\/\/www.machinesproduction.fr\/tv\/#website","url":"https:\/\/www.machinesproduction.fr\/tv\/","name":"Machines Production TV","description":"","potentialAction":[{"@type":"SearchAction","target":{"@type":"EntryPoint","urlTemplate":"https:\/\/www.machinesproduction.fr\/tv\/?s={search_term_string}"},"query-input":{"@type":"PropertyValueSpecification","valueRequired":true,"valueName":"search_term_string"}}],"inLanguage":"fr-FR"}]}},"_links":{"self":[{"href":"https:\/\/www.machinesproduction.fr\/tv\/wp-json\/wp\/v2\/pages\/1597","targetHints":{"allow":["GET"]}}],"collection":[{"href":"https:\/\/www.machinesproduction.fr\/tv\/wp-json\/wp\/v2\/pages"}],"about":[{"href":"https:\/\/www.machinesproduction.fr\/tv\/wp-json\/wp\/v2\/types\/page"}],"author":[{"embeddable":true,"href":"https:\/\/www.machinesproduction.fr\/tv\/wp-json\/wp\/v2\/users\/3"}],"replies":[{"embeddable":true,"href":"https:\/\/www.machinesproduction.fr\/tv\/wp-json\/wp\/v2\/comments?post=1597"}],"version-history":[{"count":9,"href":"https:\/\/www.machinesproduction.fr\/tv\/wp-json\/wp\/v2\/pages\/1597\/revisions"}],"predecessor-version":[{"id":1612,"href":"https:\/\/www.machinesproduction.fr\/tv\/wp-json\/wp\/v2\/pages\/1597\/revisions\/1612"}],"wp:attachment":[{"href":"https:\/\/www.machinesproduction.fr\/tv\/wp-json\/wp\/v2\/media?parent=1597"}],"wp:term":[{"taxonomy":"wf_page_folders","embeddable":true,"href":"https:\/\/www.machinesproduction.fr\/tv\/wp-json\/wp\/v2\/wf_page_folders?post=1597"}],"curies":[{"name":"wp","href":"https:\/\/api.w.org\/{rel}","templated":true}]}}