{"id":1570,"date":"2022-09-26T12:04:16","date_gmt":"2022-09-26T11:04:16","guid":{"rendered":"https:\/\/www.machinesproduction.fr\/tv\/?page_id=1570"},"modified":"2022-09-26T14:01:13","modified_gmt":"2022-09-26T13:01:13","slug":"reportage-18-visite-bruno-le-maire","status":"publish","type":"page","link":"https:\/\/www.machinesproduction.fr\/tv\/reportage-18-visite-bruno-le-maire\/","title":{"rendered":"Reportage 18-Visite Bruno Le Maire"},"content":{"rendered":"<section class=\"wpb-content-wrapper\"><p>[vc_row][vc_column][vc_column_text]<\/p>\n<h3><span style=\"color: #ffffff;\">Reportage : Visite de <span style=\"color: #009ddf;\">Bruno Le Maire <\/span><span style=\"color: #ffffff;\">dans la vall\u00e9e de l&#8217;Arve<\/span><\/span><\/h3>\n<p>[\/vc_column_text][vc_video link=&#8221;https:\/\/youtu.be\/a-WAyWNEv00&#8243;][vc_btn title=&#8221;Retour aux REPORTAGES&#8221; style=&#8221;custom&#8221; custom_background=&#8221;#009ddf&#8221; custom_text=&#8221;#ffffff&#8221; shape=&#8221;round&#8221; i_icon_fontawesome=&#8221;fas fa-arrow-left&#8221; add_icon=&#8221;true&#8221; link=&#8221;url:https%3A%2F%2Fwww.machinesproduction.fr%2Ftv%2Fles-reportages%2F|title:les%20Focus&#8221;][vc_column_text]<\/p>\n<h2><span style=\"color: #009ddf;\"><strong>Aider les d\u00e9colleteurs \u00e0 ne plus d\u00e9pendre de l\u2019automobile<\/strong><\/span><\/h2>\n<p><span style=\"color: #009ddf;\"><strong>La visite, vendredi 23 septembre, de Bruno Le Maire, ministre de l\u2019Economie, et de Roland Lescure, son ministre d\u00e9l\u00e9gu\u00e9 \u00e0 l\u2019Industrie, dans la vall\u00e9e de l\u2019Arve, en Haute-Savoie, avait pour but d\u2019annoncer une nouvelle aide financi\u00e8re aux sous-traitants d\u00e9pendants du march\u00e9 des v\u00e9hicules thermiques.<\/strong><\/span><\/p>\n<p>Vendredi 23 septembre, Bruno Le Maire, ministre de l\u2019Economie, et Roland Lescure, ministre charg\u00e9 de l\u2019Industrie, \u00e9taient en Haute-Savoie, dans la vall\u00e9e de l\u2019Arve, afin de rencontrer une entreprise de d\u00e9colletage, alors d\u00e9pendante du march\u00e9 des v\u00e9hicules thermiques, qui a su se diversifier, alors qu\u2019\u00e0 partir de 2035, les constructeurs automobiles europ\u00e9ens ne pourront produire que des v\u00e9hicules \u00e0 z\u00e9ro \u00e9mission. Et les sous-traitants sp\u00e9cialis\u00e9s dans l\u2019usinage, dont beaucoup se trouvent dans cette vall\u00e9e alpine, sont particuli\u00e8rement expos\u00e9s \u00e0 cette transformation \u00e9lectrique, puisque le nombre de composants m\u00e9caniques sera consid\u00e9rablement r\u00e9duit.<\/p>\n<p><span style=\"color: #009ddf;\"><strong>D\u00e9colletage : \u00ab Une technologie qui est une tradition dans la vall\u00e9e de l\u2019Arve \u00bb<\/strong><\/span><\/p>\n<p>En milieu de matin\u00e9e, les deux ministres se sont rendus chez Bontaz, \u00e0 Marnaz. C\u2019est l\u2019un des rares d\u00e9colleteurs, &#8211; si ce n\u2019est le seul \u2013 \u00e0 \u00eatre \u00e9quipementier de rang 1. L\u2019entreprise familiale fond\u00e9e en 1965 a pour ambition de devenir, dans ces prochaines ann\u00e9es, \u00ab un fournisseur de r\u00e9f\u00e9rence \u00bb sur le march\u00e9 des v\u00e9hicules \u00e0 batteries. Mais le d\u00e9colleteur haut-savoyard compte \u00e9galement se positionner sur le march\u00e9 de l\u2019hydrog\u00e8ne afin de devenir un fabricant de rang 1 de sous-syst\u00e8mes d\u2019admission d\u2019hydrog\u00e8ne dans la pile \u00e0 combustible. L\u2019entreprise, qui compte 4 000 salari\u00e9s dans le monde, dont 500 en France, fournit d\u2019ores et d\u00e9j\u00e0 de nombreux composants pour le march\u00e9 du v\u00e9lo \u00e9lectrique.<\/p>\n<blockquote><p>\u00ab Le d\u00e9colletage est une activit\u00e9 qui a plus d\u2019un si\u00e8cle maintenant dans la vall\u00e9e de l\u2019Arve, que nous soutenons totalement avec Roland Lescure [ministre d\u00e9l\u00e9gu\u00e9 charg\u00e9 de l\u2019Industrie], et que nous admirons. C\u2019est un savoir-faire, qui a une technologie qui est une tradition dans la vall\u00e9e. Mais cette activit\u00e9 de d\u00e9colletage est confront\u00e9e \u00e0 la transition \u00e9nerg\u00e9tique et \u00e0 la fin du v\u00e9hicule thermique \u00bb, a d\u00e9clar\u00e9 Bruno Le Maire, ministre de l\u2019Economie, des Finances et de la Souverainet\u00e9 industrielle et num\u00e9rique. D\u2019ailleurs, il a rappel\u00e9 que le moteur thermique repr\u00e9sentait encore entre 50 et 60 % du carnet de commandes des d\u00e9colleteurs. \u00ab\u00a0Donc il faut les accompagner dans cette diversification \u00bb, a-t-il insist\u00e9.<\/p><\/blockquote>\n<p><span style=\"color: #009ddf;\"><strong>45 millions d\u2019euros d\u2019aides<\/strong><\/span><\/p>\n<p>Apr\u00e8s avoir visit\u00e9 les ateliers de production et \u00e9chang\u00e9 avec des salari\u00e9s (ouvriers sp\u00e9cialis\u00e9s et cadres), Bruno Le Maire a pu observer que Bontaz avait su se diversifier \u00ab vers l\u2019hydrog\u00e8ne, vers les piles \u00e0 combustible, vers les volets roulants pour les maisons individuelles. Ils ont d\u00e9j\u00e0 plein de projets qui sont tr\u00e8s engag\u00e9s. Mais derri\u00e8re Bontaz, il y a aussi de plus petits d\u00e9colleteurs, d\u00e9colleteurs de rang 2 ou 3 qui sont plus modestes, avec moins de salari\u00e9s, moins de capacit\u00e9 financi\u00e8re. Donc, nous voulons les aider \u00e0 r\u00e9ussir cette transition \u00bb, a-t-il assur\u00e9. Et d\u2019annoncer une nouvelle enveloppe de 45 millions d\u2019euros, dans le cadre du programme strat\u00e9gique France 2030, visant \u00e0 \u00ab accompagner ces entreprises et financer des projets de diversification \u00bb.<\/p>\n<p>Premi\u00e8re r\u00e9gion m\u00e9canicienne de France, Auvergne-Rh\u00f4ne-Alpes est le territoire le plus repr\u00e9sent\u00e9 dans le cadre de l\u2019appel \u00e0 projets \u00ab Diversification des sous-traitants de la fili\u00e8re automobile \u00bb, dont les laur\u00e9ats ont \u00e9t\u00e9 d\u00e9voil\u00e9s, le jour du d\u00e9placement de MM. Le Maire et Lescure en Haute-Savoie. Ce sont 19 projets qui seront soutenus, dont plus de la moiti\u00e9 situ\u00e9e dans la vall\u00e9e de l\u2019Arve, parmi les 46 dossiers retenus.<\/p>\n<p><span style=\"color: #009ddf;\"><strong>\u00ab Se diversifier concr\u00e8tement, \u00e7a veut dire quoi ? \u00bb<\/strong><\/span><\/p>\n<p>\u00ab Se diversifier concr\u00e8tement, \u00e7a veut dire quoi ? \u00bb, a interpell\u00e9 le ministre de l\u2019Economie. \u00ab\u00a0\u00c7a veut dire faire des \u00e9tudes, ouvrir des bureaux d\u2019\u00e9tudes, tester des projets qui vont marcher ou qui ne vont pas marcher, a-t-il poursuivi. \u00c7a co\u00fbte de l\u2019argent. L\u2019Etat sera derri\u00e8re le d\u00e9colletage de la vall\u00e9e de l\u2019Arve et derri\u00e8re tous les industriels qui doivent accomplir cette transformation et se diversifier dans leur activit\u00e9. \u00bb<\/p>\n<p>Bruno Le Maire, ministre de l\u2019Economie, a rencontr\u00e9 des apprentis de l\u2019industrie du CFAI de Thyez (Haute-Savoie), le 23 septembre.<\/p>\n<p>En d\u00e9but d\u2019apr\u00e8s-midi, les deux ministres ont ensuite visit\u00e9 le Centre de formation des apprentis de l&#8217;industrie (CFAI), \u00e0 Thyez, toujours dans la vall\u00e9e de l\u2019Arve, \u00e0 la rencontre des jeunes apprentis en bac pro et BTS.<\/p>\n<p><span style=\"color: #009ddf;\"><strong>Des entreprises qui peinent \u00e0 recruter<\/strong><\/span><\/p>\n<p>Bruno Le Maire a justifi\u00e9 cette visite, en reconnaissant que les d\u00e9colleteurs cherchaient d\u00e9sesp\u00e9r\u00e9ment des comp\u00e9tences. Et ces comp\u00e9tences, \u00ab elles ont \u00e9t\u00e9 form\u00e9es ici, en Haute-Savoie, dans ce CFA et dans d\u2019autres lieux de formation. Il est bon qu\u2019elles restent en Haute-Savoie. Qu\u2019on n\u2019ait pas autant de difficult\u00e9s aujourd\u2019hui pour les entreprises de d\u00e9colletage \u00e0 recruter et \u00e0 trouver les comp\u00e9tences dont elles ont besoin, a-t-il d\u00e9clar\u00e9, apr\u00e8s avoir \u00e9chang\u00e9s avec les \u00e9l\u00e8ves et leurs enseignants. Je pense qu\u2019il faut regarder le probl\u00e8me dans toutes ses dimensions et essayer d\u2019apporter des solutions. J\u2019ai demand\u00e9 aux parlementaires de travailler l\u00e0-dessus. \u00bb<\/p>\n<p>Le patron de Bercy s\u2019est r\u00e9joui d\u2019avoir rencontr\u00e9 des jeunes \u00ab enthousiastes \u00bb, qui savent tr\u00e8s bien ce qu\u2019ils veulent faire. \u00ab Alors qu\u2019ils ont 18, 19 ou 20 ans, ils savent qu\u2019\u00e0 la sortie, ils seront embauch\u00e9s \u00e0 100 %. Ici, quand on sort de ce CFA, on a un travail avec un niveau de r\u00e9mun\u00e9ration qui est un niveau de r\u00e9mun\u00e9ration tr\u00e8s au-dessus du Smic, quasiment plus du double du Smic. \u00bb<\/p>\n<p><span style=\"color: #009ddf;\"><strong>Viser un million de jeunes apprentis<\/strong><\/span><\/p>\n<p>Bruno Le Maire s\u2019est dit convaincu qu\u2019il y a un \u00ab int\u00e9r\u00eat \u00e0 d\u00e9fendre cette formation en alternance \u00bb. Pr\u00f4nant l\u2019apprentissage, il compte pousser le compteur en passant de 750\u00a0000\u00a0jeunes apprentis \u00e0 un million. \u00ab Mais je pense qu\u2019il y a une vraie bataille culturelle \u00e0 livrer pour revaloriser les m\u00e9tiers industriels au moment du coll\u00e8ge \u00bb, a-t-il affirm\u00e9. Et pour ces coll\u00e9giens, \u00ab l\u2019industrie doit faire partie du possible \u00bb.<\/p>\n<p>En visitant le CFAI, Bruno Le Maire et Roland Lescure ont constat\u00e9 que sur les 400 places du centre d\u2019apprentissage, seules 300 en \u00e9taient pourvues. \u00ab Je trouve que c\u2019est regrettable dans un centre de formation de grande qualit\u00e9, avec un taux d\u2019employabilit\u00e9 \u00e0 la sortie de 100 %, des niveaux de r\u00e9mun\u00e9ration qui sont \u00e9lev\u00e9s, des perspectives de m\u00e9tiers qui sont attrayantes, que toutes les places ne sont pas pourvues \u00bb, s\u2019est-il d\u00e9sol\u00e9. Le combat pour inciter les jeunes \u00e0 choisir l\u2019apprentissage reste \u00e0 poursuivre.[\/vc_column_text][\/vc_column][\/vc_row]<\/p>\n<\/section>","protected":false},"excerpt":{"rendered":"<p>[vc_row][vc_column][vc_column_text] Reportage : Visite de Bruno Le Maire dans la vall\u00e9e de l&#8217;Arve [\/vc_column_text][vc_video link=&#8221;https:\/\/youtu.be\/a-WAyWNEv00&#8243;][vc_btn title=&#8221;Retour aux REPORTAGES&#8221; style=&#8221;custom&#8221; custom_background=&#8221;#009ddf&#8221; custom_text=&#8221;#ffffff&#8221; shape=&#8221;round&#8221; i_icon_fontawesome=&#8221;fas fa-arrow-left&#8221; add_icon=&#8221;true&#8221; link=&#8221;url:https%3A%2F%2Fwww.machinesproduction.fr%2Ftv%2Fles-reportages%2F|title:les%20Focus&#8221;][vc_column_text] Aider les d\u00e9colleteurs \u00e0 ne plus d\u00e9pendre de l\u2019automobile La visite, vendredi 23 septembre, de Bruno Le Maire, ministre de l\u2019Economie, et de Roland Lescure, son ministre d\u00e9l\u00e9gu\u00e9 \u00e0 [&hellip;]<\/p>\n","protected":false},"author":3,"featured_media":0,"parent":0,"menu_order":0,"comment_status":"closed","ping_status":"closed","template":"","meta":{"_monsterinsights_skip_tracking":false,"_monsterinsights_sitenote_active":false,"_monsterinsights_sitenote_note":"","_monsterinsights_sitenote_category":0,"footnotes":""},"wf_page_folders":[12],"class_list":["post-1570","page","type-page","status-publish","hentry"],"yoast_head":"<!-- This site is optimized with the Yoast SEO plugin v27.1.1 - https:\/\/yoast.com\/product\/yoast-seo-wordpress\/ -->\n<title>Visite de Bruno Le Maire dans la vall\u00e9e de l&#039;Arve<\/title>\n<meta name=\"description\" content=\"Retrouvez le reportage de Machines Production TV \u00e0 l&#039;occasion de la visite de Bruno Le Maire dans la vall\u00e9e de l&#039;Arve.\" \/>\n<meta name=\"robots\" content=\"index, follow, max-snippet:-1, max-image-preview:large, max-video-preview:-1\" \/>\n<link rel=\"canonical\" href=\"https:\/\/www.machinesproduction.fr\/tv\/reportage-18-visite-bruno-le-maire\/\" \/>\n<meta property=\"og:locale\" content=\"fr_FR\" \/>\n<meta property=\"og:type\" content=\"article\" \/>\n<meta property=\"og:title\" content=\"Visite de Bruno Le Maire dans la vall\u00e9e de l&#039;Arve\" \/>\n<meta property=\"og:description\" content=\"Retrouvez le reportage de Machines Production TV \u00e0 l&#039;occasion de la visite de Bruno Le Maire dans la vall\u00e9e de l&#039;Arve.\" \/>\n<meta property=\"og:url\" content=\"https:\/\/www.machinesproduction.fr\/tv\/reportage-18-visite-bruno-le-maire\/\" \/>\n<meta property=\"og:site_name\" content=\"Machines Production TV\" \/>\n<meta property=\"article:modified_time\" content=\"2022-09-26T13:01:13+00:00\" \/>\n<meta name=\"twitter:card\" content=\"summary_large_image\" \/>\n<meta name=\"twitter:label1\" content=\"Dur\u00e9e de lecture estim\u00e9e\" \/>\n\t<meta name=\"twitter:data1\" content=\"1 minute\" \/>\n<script type=\"application\/ld+json\" class=\"yoast-schema-graph\">{\"@context\":\"https:\/\/schema.org\",\"@graph\":[{\"@type\":\"WebPage\",\"@id\":\"https:\/\/www.machinesproduction.fr\/tv\/reportage-18-visite-bruno-le-maire\/\",\"url\":\"https:\/\/www.machinesproduction.fr\/tv\/reportage-18-visite-bruno-le-maire\/\",\"name\":\"Visite de Bruno Le Maire dans la vall\u00e9e de l'Arve\",\"isPartOf\":{\"@id\":\"https:\/\/www.machinesproduction.fr\/tv\/#website\"},\"datePublished\":\"2022-09-26T11:04:16+00:00\",\"dateModified\":\"2022-09-26T13:01:13+00:00\",\"description\":\"Retrouvez le reportage de Machines Production TV \u00e0 l'occasion de la visite de Bruno Le Maire dans la vall\u00e9e de l'Arve.\",\"breadcrumb\":{\"@id\":\"https:\/\/www.machinesproduction.fr\/tv\/reportage-18-visite-bruno-le-maire\/#breadcrumb\"},\"inLanguage\":\"fr-FR\",\"potentialAction\":[{\"@type\":\"ReadAction\",\"target\":[\"https:\/\/www.machinesproduction.fr\/tv\/reportage-18-visite-bruno-le-maire\/\"]}]},{\"@type\":\"BreadcrumbList\",\"@id\":\"https:\/\/www.machinesproduction.fr\/tv\/reportage-18-visite-bruno-le-maire\/#breadcrumb\",\"itemListElement\":[{\"@type\":\"ListItem\",\"position\":1,\"name\":\"Home\",\"item\":\"https:\/\/www.machinesproduction.fr\/tv\/\"},{\"@type\":\"ListItem\",\"position\":2,\"name\":\"Reportage 18-Visite Bruno Le Maire\"}]},{\"@type\":\"WebSite\",\"@id\":\"https:\/\/www.machinesproduction.fr\/tv\/#website\",\"url\":\"https:\/\/www.machinesproduction.fr\/tv\/\",\"name\":\"Machines Production TV\",\"description\":\"\",\"potentialAction\":[{\"@type\":\"SearchAction\",\"target\":{\"@type\":\"EntryPoint\",\"urlTemplate\":\"https:\/\/www.machinesproduction.fr\/tv\/?s={search_term_string}\"},\"query-input\":{\"@type\":\"PropertyValueSpecification\",\"valueRequired\":true,\"valueName\":\"search_term_string\"}}],\"inLanguage\":\"fr-FR\"}]}<\/script>\n<!-- \/ Yoast SEO plugin. -->","yoast_head_json":{"title":"Visite de Bruno Le Maire dans la vall\u00e9e de l'Arve","description":"Retrouvez le reportage de Machines Production TV \u00e0 l'occasion de la visite de Bruno Le Maire dans la vall\u00e9e de l'Arve.","robots":{"index":"index","follow":"follow","max-snippet":"max-snippet:-1","max-image-preview":"max-image-preview:large","max-video-preview":"max-video-preview:-1"},"canonical":"https:\/\/www.machinesproduction.fr\/tv\/reportage-18-visite-bruno-le-maire\/","og_locale":"fr_FR","og_type":"article","og_title":"Visite de Bruno Le Maire dans la vall\u00e9e de l'Arve","og_description":"Retrouvez le reportage de Machines Production TV \u00e0 l'occasion de la visite de Bruno Le Maire dans la vall\u00e9e de l'Arve.","og_url":"https:\/\/www.machinesproduction.fr\/tv\/reportage-18-visite-bruno-le-maire\/","og_site_name":"Machines Production TV","article_modified_time":"2022-09-26T13:01:13+00:00","twitter_card":"summary_large_image","twitter_misc":{"Dur\u00e9e de lecture estim\u00e9e":"1 minute"},"schema":{"@context":"https:\/\/schema.org","@graph":[{"@type":"WebPage","@id":"https:\/\/www.machinesproduction.fr\/tv\/reportage-18-visite-bruno-le-maire\/","url":"https:\/\/www.machinesproduction.fr\/tv\/reportage-18-visite-bruno-le-maire\/","name":"Visite de Bruno Le Maire dans la vall\u00e9e de l'Arve","isPartOf":{"@id":"https:\/\/www.machinesproduction.fr\/tv\/#website"},"datePublished":"2022-09-26T11:04:16+00:00","dateModified":"2022-09-26T13:01:13+00:00","description":"Retrouvez le reportage de Machines Production TV \u00e0 l'occasion de la visite de Bruno Le Maire dans la vall\u00e9e de l'Arve.","breadcrumb":{"@id":"https:\/\/www.machinesproduction.fr\/tv\/reportage-18-visite-bruno-le-maire\/#breadcrumb"},"inLanguage":"fr-FR","potentialAction":[{"@type":"ReadAction","target":["https:\/\/www.machinesproduction.fr\/tv\/reportage-18-visite-bruno-le-maire\/"]}]},{"@type":"BreadcrumbList","@id":"https:\/\/www.machinesproduction.fr\/tv\/reportage-18-visite-bruno-le-maire\/#breadcrumb","itemListElement":[{"@type":"ListItem","position":1,"name":"Home","item":"https:\/\/www.machinesproduction.fr\/tv\/"},{"@type":"ListItem","position":2,"name":"Reportage 18-Visite Bruno Le Maire"}]},{"@type":"WebSite","@id":"https:\/\/www.machinesproduction.fr\/tv\/#website","url":"https:\/\/www.machinesproduction.fr\/tv\/","name":"Machines Production TV","description":"","potentialAction":[{"@type":"SearchAction","target":{"@type":"EntryPoint","urlTemplate":"https:\/\/www.machinesproduction.fr\/tv\/?s={search_term_string}"},"query-input":{"@type":"PropertyValueSpecification","valueRequired":true,"valueName":"search_term_string"}}],"inLanguage":"fr-FR"}]}},"_links":{"self":[{"href":"https:\/\/www.machinesproduction.fr\/tv\/wp-json\/wp\/v2\/pages\/1570","targetHints":{"allow":["GET"]}}],"collection":[{"href":"https:\/\/www.machinesproduction.fr\/tv\/wp-json\/wp\/v2\/pages"}],"about":[{"href":"https:\/\/www.machinesproduction.fr\/tv\/wp-json\/wp\/v2\/types\/page"}],"author":[{"embeddable":true,"href":"https:\/\/www.machinesproduction.fr\/tv\/wp-json\/wp\/v2\/users\/3"}],"replies":[{"embeddable":true,"href":"https:\/\/www.machinesproduction.fr\/tv\/wp-json\/wp\/v2\/comments?post=1570"}],"version-history":[{"count":3,"href":"https:\/\/www.machinesproduction.fr\/tv\/wp-json\/wp\/v2\/pages\/1570\/revisions"}],"predecessor-version":[{"id":1573,"href":"https:\/\/www.machinesproduction.fr\/tv\/wp-json\/wp\/v2\/pages\/1570\/revisions\/1573"}],"wp:attachment":[{"href":"https:\/\/www.machinesproduction.fr\/tv\/wp-json\/wp\/v2\/media?parent=1570"}],"wp:term":[{"taxonomy":"wf_page_folders","embeddable":true,"href":"https:\/\/www.machinesproduction.fr\/tv\/wp-json\/wp\/v2\/wf_page_folders?post=1570"}],"curies":[{"name":"wp","href":"https:\/\/api.w.org\/{rel}","templated":true}]}}