{"id":1552,"date":"2022-07-08T11:49:21","date_gmt":"2022-07-08T10:49:21","guid":{"rendered":"https:\/\/www.machinesproduction.fr\/tv\/?page_id=1552"},"modified":"2022-07-11T14:09:38","modified_gmt":"2022-07-11T13:09:38","slug":"reportage-16-datron-france-nouveau-siege-social","status":"publish","type":"page","link":"https:\/\/www.machinesproduction.fr\/tv\/reportage-16-datron-france-nouveau-siege-social\/","title":{"rendered":"Reportage 16-DATRON France &#8211; Nouveau siege social"},"content":{"rendered":"<section class=\"wpb-content-wrapper\"><p>[vc_row][vc_column][vc_column_text]<\/p>\n<h3><span style=\"color: #ffffff;\">Reportage : Inauguration du nouveau si\u00e8ge social de <span style=\"color: #009ddf;\">Datron France<\/span><\/span><\/h3>\n<p>[\/vc_column_text][vc_video link=&#8221;https:\/\/youtu.be\/E6CFvt9alVQ&#8221;][vc_btn title=&#8221;Retour aux REPORTAGES&#8221; style=&#8221;custom&#8221; custom_background=&#8221;#009ddf&#8221; custom_text=&#8221;#ffffff&#8221; shape=&#8221;round&#8221; i_icon_fontawesome=&#8221;fas fa-arrow-left&#8221; add_icon=&#8221;true&#8221; link=&#8221;url:https%3A%2F%2Fwww.machinesproduction.fr%2Ftv%2Fles-reportages%2F|title:les%20Focus&#8221;][vc_column_text]<span style=\"color: #009ddf;\">Lanc\u00e9e il y a neuf ans, la filiale du constructeur allemand de fraiseuses CNC a quitt\u00e9 son local qu\u2019elle louait \u00e0 Pringy pour un b\u00e2timent de 500 m\u00b2 acquis en plein crise sanitaire. Retour sur une inauguration charg\u00e9e d\u2019\u00e9motion.<\/span><\/p>\n<p>\u00ab\u00a0Enfin, \u00e7a y est, on inaugure ce beau nouveau site.\u00a0\u00bb C\u2019est non sans une certaine \u00e9motion et un grand ouf de soulagement que St\u00e9phanie Gouttegatte, directrice des op\u00e9rations de Datron France a v\u00e9cu cette journ\u00e9e du 30 juin. Apr\u00e8s avoir quitt\u00e9 un local, que la filiale du constructeur allemand de machines d\u2019usinage grande vitesse (UGV) louait \u00e0 Pringy, pr\u00e8s d\u2019Annecy (Haute-Savoie), Datron France est d\u00e9sormais dans ses propres b\u00e2timents, \u00e0 Sevrier, \u00e0 500 m\u00e8tres de rives du lac d\u2019Annecy.<\/p>\n<blockquote>\n<p>\u00ab\u00a0C\u2019est l\u2019aboutissement de trois ann\u00e9es de recherche d\u2019un local, ensuite de travaux, confie Mme Gouttegatte. Car on commen\u00e7ait vraiment \u00e0 se sentir \u00e0 l\u2019\u00e9troit \u00e0 Pringy. A un moment donn\u00e9, je me suis rappel\u00e9 que le poisson rouge est un animal qui s\u2019adapte \u00e0 son habitat, ce qui signifie que, dans un petit bocal, il stoppera sa croissance. Chez nous, cela devenait pareil\u00a0\u00bb, sourit-elle. \u00ab\u00a0Comment je peux montrer plus de machines, alors que je n\u2019ai pas la place\u00a0?, s\u2019est interrog\u00e9e St\u00e9phanie Gouttegatte. Cr\u00e9er un service applications pour faire plein de tests, alors que je ne peux avoir que deux machines\u00a0? Donc, je commen\u00e7ais vraiment \u00e0 craindre cet effet poisson rouge. Il nous fallait changer de bocal, mais trouver un bocal plus grand en Haute-Savoie, avec la tension immobili\u00e8re que l\u2019on connait, cela n\u2019a pas \u00e9t\u00e9 facile.\u00a0\u00bb<\/p>\n<\/blockquote>\n<p><span style=\"color: #009ddf;\">Une ancienne salle de gym<\/span><\/p>\n<p>Apr\u00e8s un an de recherche, c\u2019est en f\u00e9vrier 2020 qu\u2019un b\u00e2timent de 500 m\u00b2 est enfin trouv\u00e9 \u00e0 Sevrier, la pand\u00e9mie de Covid-19 n\u2019a pas encore touch\u00e9 la France. Et si l\u2019acte notarial a tout de m\u00eame \u00e9t\u00e9 sign\u00e9 en ao\u00fbt 2020, alors que le coronavirus glace l\u2019\u00e9conomie mondiale, c\u2019est parce qu\u2019outre-Rhin, la maison m\u00e8re pense d\u00e9j\u00e0 \u00e0 l\u2019apr\u00e8s-Covid. Les travaux pour transformer cette ancienne salle de gym en des bureaux et un show-room dureront un an et demi. \u00ab\u00a0Une r\u00e9union par semaine avec les corps de m\u00e9tier, et un d\u00e9m\u00e9nagement qui s\u2019\u00e9talera de d\u00e9cembre 2021 \u00e0 mars 2022\u00a0\u00bb, se souvient St\u00e9phanie Gouttegatte.<\/p>\n<p>Et en ce 30 juin, ce sont de nombreux clients de Datron France et les dirigeants allemands qui se sont retrouv\u00e9s \u00e0 Sevrier. \u00ab\u00a0Nous sommes l\u00e0 pour f\u00e9liciter St\u00e9phanie pour son dur travail. Elle est le c\u0153ur, l\u2019\u00e2me et le moteur de Datron France\u00a0\u00bb, a confi\u00e9 Michael Daniel, le PDG de l\u2019entreprise allemande de 235 salari\u00e9s, et directeur g\u00e9n\u00e9ral de la filiale fran\u00e7aise.<\/p>\n<blockquote>\n<p>\u00ab Voil\u00e0, maintenant nous disposons d\u2019un beau show-room \u00e0 la taille de nos objectifs, de nos espoirs et de notre vision de ce que sera Datron demain, s\u2019est r\u00e9jouie St\u00e9phanie Gouttegatte, heureuse \u00e9galement de retrouver Arne Br\u00fcsch, l\u2019ancien PDG avec qui toute l\u2019histoire de Datron France a commenc\u00e9.<\/p>\n<\/blockquote>\n<p><span style=\"color: #009ddf;\">De trois \u00e0 huit salari\u00e9s<\/span><\/p>\n<p>\u00ab\u00a0Nous avons cr\u00e9\u00e9 cette filiale en 2013, et nous \u00e9tions alors seulement trois personnes, raconte-t-elle. C\u2019\u00e9tait une volont\u00e9 du si\u00e8ge allemand, qui voulait s\u2019implanter en France avec un show-room, une \u00e9quipe technique, des formations en fran\u00e7ais. Arne, \u00e0 l\u2019\u00e9poque, a d\u00fb mettre une demi-journ\u00e9e \u00e0 se d\u00e9cider.\u00a0\u00bb C\u2019est \u00e0 Pringy qu\u2019un local de 170 m\u00b2 est trouv\u00e9, c\u2019est aujourd\u2019hui la surface du show-room de Sevrier. De trois salari\u00e9s, la filiale compte aujourd\u2019hui huit personnes, \u00ab\u00a0mais nous avons beaucoup de mal \u00e0 recruter deux nouveaux collaborateurs\u00a0\u00bb, regrette la directrice des op\u00e9rations, tellement le march\u00e9 du travail est tendu.<\/p>\n<p>\u00ab\u00a0Neuf ans de Datron France, et aujourd\u2019hui nous voil\u00e0 dans notre propre b\u00e2timent, encore plus grand et avec des machines encore plus high-tech qu\u2019avant\u00a0\u00bb, s\u2019est f\u00e9licit\u00e9e Mme Gouttegatte au micro de Machines Production TV, au c\u0153ur du show-room qui abrite une MXCube, deux mod\u00e8les Neo dont une version \u00e0 4 axes, et une M8Cube. &gt;&gt;Une demi-journ\u00e9e de d\u00e9monstrations d\u2019usinage, aux clients venus partager ces deux jours d\u2019inauguration, avec la participation de ses partenaires \u00e9diteurs de logiciels Mastercam et Aplicit. Le lendemain, c\u2019est au sommet du Semnoz, \u00ab\u00a0la plus ann\u00e9cienne des montagnes\u00a0\u00bb, que St\u00e9phanie Gouttegatte et son \u00e9quipe ont emmen\u00e9 leurs invit\u00e9s, qui, depuis ses 1 700 m\u00e8tres d\u2019altitude, offre \u00ab\u00a0un panorama magnifique sur la cha\u00eene du Mont Blanc\u00a0\u00bb.<\/p>\n<p>\u00ab\u00a0C\u2019est vraiment un grand moment de joie, l\u2019aboutissement de plusieurs ann\u00e9es d\u2019un dur travail, apr\u00e8s des p\u00e9riodes qui n\u2019ont pas \u00e9t\u00e9 faciles, et on a besoin d\u2019\u00e9v\u00e9nements positifs, de se retrouver aussi\u00a0\u00bb, a-t-elle encore confi\u00e9 \u00e0 Machines Production, de son large sourire communicatif.[\/vc_column_text][\/vc_column][\/vc_row]<\/p>\n<\/section>","protected":false},"excerpt":{"rendered":"<p>[vc_row][vc_column][vc_column_text] Reportage : Inauguration du nouveau si\u00e8ge social de Datron France [\/vc_column_text][vc_video link=&#8221;https:\/\/youtu.be\/E6CFvt9alVQ&#8221;][vc_btn title=&#8221;Retour aux REPORTAGES&#8221; style=&#8221;custom&#8221; custom_background=&#8221;#009ddf&#8221; custom_text=&#8221;#ffffff&#8221; shape=&#8221;round&#8221; i_icon_fontawesome=&#8221;fas fa-arrow-left&#8221; add_icon=&#8221;true&#8221; link=&#8221;url:https%3A%2F%2Fwww.machinesproduction.fr%2Ftv%2Fles-reportages%2F|title:les%20Focus&#8221;][vc_column_text]Lanc\u00e9e il y a neuf ans, la filiale du constructeur allemand de fraiseuses CNC a quitt\u00e9 son local qu\u2019elle louait \u00e0 Pringy pour un b\u00e2timent de 500 m\u00b2 acquis en plein crise [&hellip;]<\/p>\n","protected":false},"author":3,"featured_media":0,"parent":0,"menu_order":0,"comment_status":"closed","ping_status":"closed","template":"","meta":{"_monsterinsights_skip_tracking":false,"_monsterinsights_sitenote_active":false,"_monsterinsights_sitenote_note":"","_monsterinsights_sitenote_category":0,"footnotes":""},"wf_page_folders":[12],"class_list":["post-1552","page","type-page","status-publish","hentry"],"yoast_head":"<!-- This site is optimized with the Yoast SEO plugin v27.1.1 - https:\/\/yoast.com\/product\/yoast-seo-wordpress\/ -->\n<title>Datron France - Inauguration nouveau si\u00e8ge social<\/title>\n<meta name=\"description\" content=\"Retrouvez le reportage de Machines Production TV \u00e0 l&#039;occasion de l&#039;inauguration du nouveau si\u00e8ge social de DATRON France\" \/>\n<meta name=\"robots\" content=\"index, follow, max-snippet:-1, max-image-preview:large, max-video-preview:-1\" \/>\n<link rel=\"canonical\" href=\"https:\/\/www.machinesproduction.fr\/tv\/reportage-16-datron-france-nouveau-siege-social\/\" \/>\n<meta property=\"og:locale\" content=\"fr_FR\" \/>\n<meta property=\"og:type\" content=\"article\" \/>\n<meta property=\"og:title\" content=\"Datron France - Inauguration nouveau si\u00e8ge social\" \/>\n<meta property=\"og:description\" content=\"Retrouvez le reportage de Machines Production TV \u00e0 l&#039;occasion de l&#039;inauguration du nouveau si\u00e8ge social de DATRON France\" \/>\n<meta property=\"og:url\" content=\"https:\/\/www.machinesproduction.fr\/tv\/reportage-16-datron-france-nouveau-siege-social\/\" \/>\n<meta property=\"og:site_name\" content=\"Machines Production TV\" \/>\n<meta property=\"article:modified_time\" content=\"2022-07-11T13:09:38+00:00\" \/>\n<meta name=\"twitter:card\" content=\"summary_large_image\" \/>\n<meta name=\"twitter:label1\" content=\"Dur\u00e9e de lecture estim\u00e9e\" \/>\n\t<meta name=\"twitter:data1\" content=\"1 minute\" \/>\n<script type=\"application\/ld+json\" class=\"yoast-schema-graph\">{\"@context\":\"https:\/\/schema.org\",\"@graph\":[{\"@type\":\"WebPage\",\"@id\":\"https:\/\/www.machinesproduction.fr\/tv\/reportage-16-datron-france-nouveau-siege-social\/\",\"url\":\"https:\/\/www.machinesproduction.fr\/tv\/reportage-16-datron-france-nouveau-siege-social\/\",\"name\":\"Datron France - Inauguration nouveau si\u00e8ge social\",\"isPartOf\":{\"@id\":\"https:\/\/www.machinesproduction.fr\/tv\/#website\"},\"datePublished\":\"2022-07-08T10:49:21+00:00\",\"dateModified\":\"2022-07-11T13:09:38+00:00\",\"description\":\"Retrouvez le reportage de Machines Production TV \u00e0 l'occasion de l'inauguration du nouveau si\u00e8ge social de DATRON France\",\"breadcrumb\":{\"@id\":\"https:\/\/www.machinesproduction.fr\/tv\/reportage-16-datron-france-nouveau-siege-social\/#breadcrumb\"},\"inLanguage\":\"fr-FR\",\"potentialAction\":[{\"@type\":\"ReadAction\",\"target\":[\"https:\/\/www.machinesproduction.fr\/tv\/reportage-16-datron-france-nouveau-siege-social\/\"]}]},{\"@type\":\"BreadcrumbList\",\"@id\":\"https:\/\/www.machinesproduction.fr\/tv\/reportage-16-datron-france-nouveau-siege-social\/#breadcrumb\",\"itemListElement\":[{\"@type\":\"ListItem\",\"position\":1,\"name\":\"Home\",\"item\":\"https:\/\/www.machinesproduction.fr\/tv\/\"},{\"@type\":\"ListItem\",\"position\":2,\"name\":\"Reportage 16-DATRON France &#8211; Nouveau siege social\"}]},{\"@type\":\"WebSite\",\"@id\":\"https:\/\/www.machinesproduction.fr\/tv\/#website\",\"url\":\"https:\/\/www.machinesproduction.fr\/tv\/\",\"name\":\"Machines Production TV\",\"description\":\"\",\"potentialAction\":[{\"@type\":\"SearchAction\",\"target\":{\"@type\":\"EntryPoint\",\"urlTemplate\":\"https:\/\/www.machinesproduction.fr\/tv\/?s={search_term_string}\"},\"query-input\":{\"@type\":\"PropertyValueSpecification\",\"valueRequired\":true,\"valueName\":\"search_term_string\"}}],\"inLanguage\":\"fr-FR\"}]}<\/script>\n<!-- \/ Yoast SEO plugin. -->","yoast_head_json":{"title":"Datron France - Inauguration nouveau si\u00e8ge social","description":"Retrouvez le reportage de Machines Production TV \u00e0 l'occasion de l'inauguration du nouveau si\u00e8ge social de DATRON France","robots":{"index":"index","follow":"follow","max-snippet":"max-snippet:-1","max-image-preview":"max-image-preview:large","max-video-preview":"max-video-preview:-1"},"canonical":"https:\/\/www.machinesproduction.fr\/tv\/reportage-16-datron-france-nouveau-siege-social\/","og_locale":"fr_FR","og_type":"article","og_title":"Datron France - Inauguration nouveau si\u00e8ge social","og_description":"Retrouvez le reportage de Machines Production TV \u00e0 l'occasion de l'inauguration du nouveau si\u00e8ge social de DATRON France","og_url":"https:\/\/www.machinesproduction.fr\/tv\/reportage-16-datron-france-nouveau-siege-social\/","og_site_name":"Machines Production TV","article_modified_time":"2022-07-11T13:09:38+00:00","twitter_card":"summary_large_image","twitter_misc":{"Dur\u00e9e de lecture estim\u00e9e":"1 minute"},"schema":{"@context":"https:\/\/schema.org","@graph":[{"@type":"WebPage","@id":"https:\/\/www.machinesproduction.fr\/tv\/reportage-16-datron-france-nouveau-siege-social\/","url":"https:\/\/www.machinesproduction.fr\/tv\/reportage-16-datron-france-nouveau-siege-social\/","name":"Datron France - Inauguration nouveau si\u00e8ge social","isPartOf":{"@id":"https:\/\/www.machinesproduction.fr\/tv\/#website"},"datePublished":"2022-07-08T10:49:21+00:00","dateModified":"2022-07-11T13:09:38+00:00","description":"Retrouvez le reportage de Machines Production TV \u00e0 l'occasion de l'inauguration du nouveau si\u00e8ge social de DATRON France","breadcrumb":{"@id":"https:\/\/www.machinesproduction.fr\/tv\/reportage-16-datron-france-nouveau-siege-social\/#breadcrumb"},"inLanguage":"fr-FR","potentialAction":[{"@type":"ReadAction","target":["https:\/\/www.machinesproduction.fr\/tv\/reportage-16-datron-france-nouveau-siege-social\/"]}]},{"@type":"BreadcrumbList","@id":"https:\/\/www.machinesproduction.fr\/tv\/reportage-16-datron-france-nouveau-siege-social\/#breadcrumb","itemListElement":[{"@type":"ListItem","position":1,"name":"Home","item":"https:\/\/www.machinesproduction.fr\/tv\/"},{"@type":"ListItem","position":2,"name":"Reportage 16-DATRON France &#8211; Nouveau siege social"}]},{"@type":"WebSite","@id":"https:\/\/www.machinesproduction.fr\/tv\/#website","url":"https:\/\/www.machinesproduction.fr\/tv\/","name":"Machines Production TV","description":"","potentialAction":[{"@type":"SearchAction","target":{"@type":"EntryPoint","urlTemplate":"https:\/\/www.machinesproduction.fr\/tv\/?s={search_term_string}"},"query-input":{"@type":"PropertyValueSpecification","valueRequired":true,"valueName":"search_term_string"}}],"inLanguage":"fr-FR"}]}},"_links":{"self":[{"href":"https:\/\/www.machinesproduction.fr\/tv\/wp-json\/wp\/v2\/pages\/1552","targetHints":{"allow":["GET"]}}],"collection":[{"href":"https:\/\/www.machinesproduction.fr\/tv\/wp-json\/wp\/v2\/pages"}],"about":[{"href":"https:\/\/www.machinesproduction.fr\/tv\/wp-json\/wp\/v2\/types\/page"}],"author":[{"embeddable":true,"href":"https:\/\/www.machinesproduction.fr\/tv\/wp-json\/wp\/v2\/users\/3"}],"replies":[{"embeddable":true,"href":"https:\/\/www.machinesproduction.fr\/tv\/wp-json\/wp\/v2\/comments?post=1552"}],"version-history":[{"count":3,"href":"https:\/\/www.machinesproduction.fr\/tv\/wp-json\/wp\/v2\/pages\/1552\/revisions"}],"predecessor-version":[{"id":1557,"href":"https:\/\/www.machinesproduction.fr\/tv\/wp-json\/wp\/v2\/pages\/1552\/revisions\/1557"}],"wp:attachment":[{"href":"https:\/\/www.machinesproduction.fr\/tv\/wp-json\/wp\/v2\/media?parent=1552"}],"wp:term":[{"taxonomy":"wf_page_folders","embeddable":true,"href":"https:\/\/www.machinesproduction.fr\/tv\/wp-json\/wp\/v2\/wf_page_folders?post=1552"}],"curies":[{"name":"wp","href":"https:\/\/api.w.org\/{rel}","templated":true}]}}