{"id":1533,"date":"2022-07-06T16:23:19","date_gmt":"2022-07-06T15:23:19","guid":{"rendered":"https:\/\/www.machinesproduction.fr\/tv\/?page_id=1533"},"modified":"2022-07-07T21:00:55","modified_gmt":"2022-07-07T20:00:55","slug":"emission-14-avion-du-futur","status":"publish","type":"page","link":"https:\/\/www.machinesproduction.fr\/tv\/emission-14-avion-du-futur\/","title":{"rendered":"Emission 14 Avion du futur"},"content":{"rendered":"<section class=\"wpb-content-wrapper\"><p>[vc_row][vc_column][vc_video link=&#8221;https:\/\/youtu.be\/3qv4SgYxeR8&#8243;][\/vc_column][\/vc_row][vc_row top_padding=&#8221;40&#8243;][vc_column offset=&#8221;vc_col-xs-4\/5&#8243;][vc_custom_heading text=&#8221;A\u00c9RONAUTIQUE : Qui fera l&#8217;avion du futur ?&#8221; font_container=&#8221;tag:h1|font_size:60|text_align:left|color:%23009ddf|line_height:1&#8243; use_theme_fonts=&#8221;yes&#8221; css=&#8221;.vc_custom_1657121157303{padding-bottom: 5px !important;}&#8221;][vc_text_separator title=&#8221;&#8221; title_align=&#8221;separator_align_left&#8221; color=&#8221;custom&#8221; accent_color=&#8221;#009ddf&#8221;][\/vc_column][\/vc_row][vc_row equal_height=&#8221;yes&#8221; content_placement=&#8221;middle&#8221;][vc_column width=&#8221;1\/2&#8243;][vc_empty_space height=&#8221;30&#8243;][vc_column_text]<\/p>\n<h2><span style=\"color: #009ddf;\"><strong>De l\u2019hybride \u00e0 l\u2019hydrog\u00e8ne<\/strong><\/span><\/h2>\n<p>Alors que l\u2019avion du futur sera neutre en carbone, quelles nouvelles technologies seront n\u00e9cessaires pour le construire ? De la fabrication additive aux nouveaux mat\u00e9riaux qu\u2019il faudra usiner, l\u2019avion d\u00e9carbon\u00e9 devra faire appel \u00e0 de nouvelles technologies. Si l\u2019impression 3D offrira davantage de possibilit\u00e9 en mati\u00e8re de design et d\u2019optimisation des formes, elle sera \u00e9galement sollicit\u00e9e pour l\u2019all\u00e8gement des avions.<\/p>\n<p>Apr\u00e8s une phase transitoire o\u00f9 les avions de transport seront hybrides, c\u2019est-\u00e0-dire fonctionnant partiellement \u00e0 l\u2019\u00e9lectrique, et avec un probablement un biocarburant, les constructeurs d\u00e9velopperont un appareil \u00e0 z\u00e9ro \u00e9mission, \u00e0 hydrog\u00e8ne. Mais l\u00e0, il faudra relever de nouveaux d\u00e9fis technologiques, notamment pour le stockage de ce gaz \u00e0 l\u2019\u00e9tat liquide, qui n\u2019est pas sans danger.<\/p>\n<p>On en parle dans <strong><span style=\"color: #009ddf;\">\u201cMachines Production L\u2019\u00c9mission\u201d<\/span><\/strong>[\/vc_column_text][\/vc_column][vc_column width=&#8221;1\/2&#8243; centered_cont_vertical=&#8221;true&#8221;][media image=&#8221;422&#8243;][\/vc_column][\/vc_row][vc_row top_padding=&#8221;20&#8243;][vc_column width=&#8221;1\/2&#8243;][vc_icon icon_fontawesome=&#8221;fas fa-search&#8221; color=&#8221;custom&#8221; size=&#8221;lg&#8221; custom_color=&#8221;#009ddf&#8221;][vc_custom_heading text=&#8221;D\u00e9cryptage&#8221; font_container=&#8221;tag:h2|font_size:40|text_align:left|color:%23009ddf&#8221; use_theme_fonts=&#8221;yes&#8221; css=&#8221;.vc_custom_1619084016292{margin-top: -30px !important;padding-bottom: 20px !important;}&#8221;][vc_column_text css=&#8221;.vc_custom_1657123280018{margin-bottom: 15px !important;}&#8221;]Nous recevons deux invit\u00e9s :<\/p>\n<p><span style=\"color: #009ddf;\"><strong>Samuel Cutullic,<\/strong><\/span> directeur g\u00e9n\u00e9ral adjoint de <strong>NAE, le r\u00e9seau Normandie A\u00e9ro Espace<\/strong><\/p>\n<p><span style=\"color: #009ddf;\"><strong>Christophe Tisserand, <\/strong><\/span>directeur du d\u00e9veloppement commercial chez <strong>MMB Volum-e<\/strong><\/p>\n<p><strong>Sur notre plateau, ils \u00e9voquent :<\/strong><\/p>\n<ul>\n<li>L\u2019all\u00e9gement de l\u2019avion gr\u00e2ce \u00e0 la fabrication additive<\/li>\n<li>La mont\u00e9e en puissance de l\u2019\u00e9lectrique entra\u00eenera l\u2019utilisation de mat\u00e9riaux plus performants<\/li>\n<li>Des ruptures technologiques pour l\u2019avion \u00e0 l\u2019hydrog\u00e8ne<\/li>\n<\/ul>\n<p>Si les pi\u00e8ces critiques imprim\u00e9es en 3D ne sont pas l\u00e9gion dans l\u2019a\u00e9ronautique ou le spatial, il est certain que les constructeurs auront de plus en plus recours \u00e0 cette technologie de fabrication, une fois arriv\u00e9e \u00e0 maturit\u00e9. Mais d\u00e9j\u00e0 ArianeGroup a franchi le pas avec une croix de cardan destin\u00e9e au syst\u00e8me propulsif d\u2019Ariane 5. Une pi\u00e8ce que notre invit\u00e9, Christophe Tisserand, directeur du d\u00e9veloppement commercial chez MMB Volum-e, a bien voulu apporter pour cette \u00e9mission consacr\u00e9e \u00e0 l\u2019a\u00e9ronautique.<\/p>\n<p><img loading=\"lazy\" decoding=\"async\" class=\"alignnone size-full wp-image-1535\" src=\"https:\/\/www.machinesproduction.fr\/tv\/wp-content\/uploads\/2022\/07\/Christophe-Tisserand-MMB-Volum-e.png\" alt=\"interview l'avion du futur\" width=\"800\" height=\"449\" \/>Alors qu\u2019il ne fait aucun doute que l\u2019additif sera davantage sollicit\u00e9 \u00e0 l\u2019avenir, nous avons cherch\u00e9 \u00e0 savoir quels \u00e9taient les crit\u00e8res exig\u00e9s par les donneurs d\u2019ordre aux fabricants. \u00ab\u00a0Le client a un cahier des charges par rapport \u00e0 sa pi\u00e8ce, sa fonction et avec des caract\u00e9ristiques m\u00e9caniques, explique M. Tisserand, dont le savoir-faire de MMB Volum-e est de produire des pi\u00e8ces en fabrication additive m\u00e9tal. Notre r\u00f4le sera de l\u2019accompagner dans le d\u00e9veloppement, depuis le d\u00e9marrage et jusqu\u2019\u00e0 la production en s\u00e9rie des pi\u00e8ces.\u00a0\u00bb Pour cela, MMB Volum-e devra \u00ab\u00a0valider les param\u00e9tries sur les machines, poursuit notre invit\u00e9. Mais aussi valider les sant\u00e9s mati\u00e8res, les porosit\u00e9s. En fait, nous allons valider que la pi\u00e8ce puisse \u00eatre pr\u00e9sent\u00e9e en usinage, assembl\u00e9e, puis nous allons assurer le suivi de cette pi\u00e8ce en production s\u00e9rie\u00a0\u00bb. Un suivi qui passera par des relev\u00e9s sur des \u00e9chantillons, et un suivi sur la qualit\u00e9 de la poudre.<\/p>\n<h3><\/h3>\n<h3><span style=\"color: #009ddf;\">Le poids, la hantise des constructeurs d\u2019avion<\/span><\/h3>\n<p>Bien s\u00fbr, le recours \u00e0 la fabrication additive sera l\u2019une des cl\u00e9s de la r\u00e9ussite de l\u2019avion du futur, qui sera, tr\u00e8s certainement, un appareil n\u2019\u00e9mettant plus aucun milligramme de CO2. Et c\u2019est le poids qui restera l\u2019ennemi des constructeurs. En s\u2019appuyant sur la fabrication additive, les constructeurs vont \u00ab\u00a0rechercher des gains de poids, mais aussi des gains de performance, qui peuvent ensuite engendrer des gains de poids\u00a0\u00bb, \u00e9voque, sur notre plateau, Christophe Tisserand. Et d\u2019expliquer\u00a0qu\u2019une pi\u00e8ce imprim\u00e9e pourrait poss\u00e9der les m\u00eames performances qu\u2019une pi\u00e8ce plus grande, produite de mani\u00e8re conventionnelle. Et en mati\u00e8re d\u2019assemblage de pi\u00e8ces, l\u2019additif rendra bien des services. Pour M. Tisserand, un ensemble m\u00e9canique, qui serait constitu\u00e9 de plusieurs pi\u00e8ces produites s\u00e9par\u00e9ment puis assembl\u00e9es, pourra \u00eatre directement imprim\u00e9.<\/p>\n<p>Samuel Cutullic, directeur g\u00e9n\u00e9ral adjoint de NAE (Normandie A\u00e9ro Espace), un r\u00e9seau d\u2019acteurs du domaine a\u00e9ronautique et spatial, \u00e9galement invit\u00e9 sur notre plateau, affirme que l\u2019enjeu de la fabrication additive est l\u2019all\u00e8gement. Pour lui, la d\u00e9carbonation dans l\u2019a\u00e9ronautique passera, dans un premier temps, par une r\u00e9duction de la masse d\u2019un avion, \u00ab\u00a0pour moins consommer\u00a0\u00bb. Et \u00ab\u00a0gr\u00e2ce \u00e0 la fabrication additive, \u00ab\u00a0nous allons optimiser les pi\u00e8ces. C\u2019est un r\u00e9el levier\u00a0\u00bb, pour construire l\u2019avion du futur.[\/vc_column_text][\/vc_column][vc_column width=&#8221;1\/2&#8243;][vc_empty_space height=&#8221;150px&#8221;][vc_column_text css=&#8221;.vc_custom_1657224052432{margin-bottom: 15px !important;}&#8221;]<\/p>\n<h3><span style=\"color: #009ddf;\"><strong>D\u00e9tensionner les pi\u00e8ces imprim\u00e9es<\/strong><\/span><\/h3>\n<p>Contrairement \u00e0 l\u2019usinage o\u00f9 les pi\u00e8ces sont peu sujettes \u00e0 des op\u00e9rations de reprise, les pi\u00e8ces imprim\u00e9es arrivent tr\u00e8s rarement chez le client sans passer par quelques \u00e9tapes de post-traitement. \u00ab\u00a0Dans la plupart des cas, la premi\u00e8re \u00e9tape passe par une phase de d\u00e9tensionnement des pi\u00e8ces, explique Christophe Tisserand. Car, lorsque nous allons construire les pi\u00e8ces en fabrication additive sur un plateau, nous allons cr\u00e9er des tensions, de par le process, donc il faudra d\u00e9tensionner ces pi\u00e8ces.\u00a0\u00bb Ensuite, il faudra \u00ab\u00a0les d\u00e9couper, soit par \u00e9lectro\u00e9rosion, soit par scie\u00a0\u00bb, poursuit notre expert. L\u2019\u00e9tape suivante est tr\u00e8s souvent un traitement thermique et un usinage. \u00ab\u00a0Pour usiner les parties fonctionnelles, comme des port\u00e9es de joints, par exemple\u00a0\u00bb, d\u00e9crit M. Tisserand, qui parle \u00e9galement de polissage, et\u00a0de rev\u00eatements \u00ab\u00a0pour avoir des caract\u00e9ristiques m\u00e9caniques finales ou des r\u00e9sistances \u00e0 la corrosion, par exemple\u00a0\u00bb.<\/p>\n<p>Avant que l\u2019avion \u00e0 hydrog\u00e8ne ne prenne son envol, nous pouvons imaginer qu\u2019il sera hybride, fonctionnant partiellement \u00e0 l\u2019\u00e9lectricit\u00e9. A ce stade-l\u00e0, quelles technologies seront n\u00e9cessaires pour le fabriquer ? \u00ab\u00a0On va avoir une premi\u00e8re \u00e9tape 2032-2035 avec un avion hybride\u00a0\u00bb, r\u00e9pond Samuel Cutullic. C\u2019est-\u00e0-dire, un avion propuls\u00e9 \u00e0 la fois par un turbor\u00e9acteur ou un turbopropulseur aliment\u00e9 par du biocarburant type SAF, et un moteur \u00e9lectrique. Il y aura des enjeux li\u00e9s aux nouveaux mat\u00e9riaux et aux nouvelles technologies qui seront int\u00e9gr\u00e9s dans l\u2019avion hybride.<\/p>\n<h3><\/h3>\n<h3><\/h3>\n<h3><span style=\"color: #009ddf;\"><strong>Soudure par friction malaxage<\/strong><\/span><\/h3>\n<p>\u00ab\u00a0Sur l\u2019\u00e9lectronique et l\u2019\u00e9lectrique, nous allons rencontrer une mont\u00e9e en puissance, ce qui va signifier des \u00e9quipements qui vont chauffer. Il va falloir dissiper la chaleur, avec des \u00e9changeurs beaucoup plus efficaces, beaucoup plus efficients\u00a0\u00bb, explique M. Cutullic, qui \u00e9voque \u00e9galement de nouveaux proc\u00e9d\u00e9s, comme la soudure par friction malaxage avec de l\u2019aluminium\u00a0\u00bb. La fabrication additive va \u00e9galement aider les ing\u00e9nieurs \u00e0 optimiser les formes.<\/p>\n<blockquote>\n<p>Quant \u00e0 l\u2019avion \u00e0 hydrog\u00e8ne, que Samuel Cutullic ne voit arriver pas avant 2050, d\u2019autres d\u00e9fis seront \u00e0 relever. \u00ab\u00a0Aujourd\u2019hui, les tendances, c\u2019est plut\u00f4t de l\u2019hydrog\u00e8ne liquide, donc plut\u00f4t \u00e0 -250 degr\u00e9s, par cryog\u00e9nie. Donc, nous allons avoir besoin de r\u00e9servoirs qui vont tenir ces temp\u00e9ratures-l\u00e0 et surtout prot\u00e9ger l\u2019environnement.\u00a0\u00bb<\/p>\n<\/blockquote>\n<p>Le directeur g\u00e9n\u00e9ral adjoint du r\u00e9seau NAE parle alors de \u00ab r\u00e9servoirs avec des isolations beaucoup plus fortes \u00bb, avec \u00ab des rev\u00eatements sol-gel de fa\u00e7on \u00e0 pouvoir bien maintenir la temp\u00e9rature \u00bb. L\u2019autre probl\u00e9matique, c\u2019est que l\u2019hydrog\u00e8ne est un composant tr\u00e8s dangereux, qui peut \u00eatre amen\u00e9 \u00e0 fragiliser les mat\u00e9riaux, soul\u00e8ve notre expert, pour qui il faudra \u00ab mener des caract\u00e9risations autour de ces mat\u00e9riaux et tr\u00e8s certainement faire \u00e9voluer ces mat\u00e9riaux qu\u2019on utilise classiquement dans l\u2019a\u00e9ronautique \u00bb.<\/p>\n<p><img loading=\"lazy\" decoding=\"async\" class=\"alignnone size-full wp-image-1536\" src=\"https:\/\/www.machinesproduction.fr\/tv\/wp-content\/uploads\/2022\/07\/Samuel-Cutullic-NAE.png\" alt=\"\" width=\"800\" height=\"450\" \/>[\/vc_column_text][\/vc_column][\/vc_row][vc_row top_padding=&#8221;40&#8243;][vc_column][vc_custom_heading text=&#8221;Intervenants&#8221; font_container=&#8221;tag:h1|font_size:60|text_align:left|color:%23009ddf&#8221; use_theme_fonts=&#8221;yes&#8221; css=&#8221;.vc_custom_1616683913325{padding-bottom: 5px !important;}&#8221;][vc_text_separator title=&#8221;&#8221; title_align=&#8221;separator_align_left&#8221; color=&#8221;custom&#8221; accent_color=&#8221;#009ddf&#8221;][\/vc_column][\/vc_row][vc_row][vc_column width=&#8221;1\/4&#8243; offset=&#8221;vc_col-xs-4\/5&#8243;][media alignment=&#8221;center&#8221; animation=&#8221;none&#8221; image=&#8221;1540&#8243; width=&#8221;200&#8243;][vc_empty_space][vc_custom_heading text=&#8221;Samuel Cutullic&#8221; font_container=&#8221;tag:h4|text_align:center|color:%23009ddf&#8221; use_theme_fonts=&#8221;yes&#8221; css=&#8221;.vc_custom_1657121802901{padding-top: 40px !important;}&#8221;][vc_column_text]<\/p>\n<p style=\"text-align: center;\">NAE<\/p>\n<p style=\"text-align: center;\">Directeur G\u00e9n\u00e9ral Adjoint<\/p>\n<p>[\/vc_column_text][\/vc_column][vc_column width=&#8221;1\/4&#8243; offset=&#8221;vc_col-xs-4\/5&#8243;][media alignment=&#8221;center&#8221; animation=&#8221;none&#8221; image=&#8221;1539&#8243; width=&#8221;200&#8243;][vc_empty_space][vc_custom_heading text=&#8221;Christophe Tisserand&#8221; font_container=&#8221;tag:h4|text_align:center|color:%23009ddf&#8221; use_theme_fonts=&#8221;yes&#8221;][vc_column_text]<\/p>\n<p style=\"text-align: center;\">MMB Volum-e<\/p>\n<p style=\"text-align: center;\">Directeur d\u00e9veloppement commercial<\/p>\n<p>[\/vc_column_text][\/vc_column][vc_column width=&#8221;1\/4&#8243; offset=&#8221;vc_col-xs-4\/5&#8243;][media alignment=&#8221;center&#8221; animation=&#8221;none&#8221; image=&#8221;445&#8243; width=&#8221;200&#8243;][vc_empty_space][vc_custom_heading text=&#8221;J\u00e9r\u00f4me Meyrand&#8221; font_container=&#8221;tag:h4|text_align:center|color:%23009ddf&#8221; use_theme_fonts=&#8221;yes&#8221;][vc_column_text]<\/p>\n<p style=\"text-align: center;\">Machines Production<\/p>\n<p style=\"text-align: center;\">R\u00e9dacteur en Chef<\/p>\n<p>[\/vc_column_text][\/vc_column][vc_column width=&#8221;1\/4&#8243; offset=&#8221;vc_col-xs-4\/5&#8243;][media alignment=&#8221;center&#8221; animation=&#8221;none&#8221; image=&#8221;446&#8243; width=&#8221;200&#8243;][vc_empty_space][vc_custom_heading text=&#8221;Patrick Cazier&#8221; font_container=&#8221;tag:h4|text_align:center|color:%23009ddf&#8221; use_theme_fonts=&#8221;yes&#8221;][vc_column_text]<\/p>\n<p style=\"text-align: center;\">Machines Production<\/p>\n<p style=\"text-align: center;\">R\u00e9dacteur<\/p>\n<p>[\/vc_column_text][\/vc_column][\/vc_row]<\/p>\n<\/section>","protected":false},"excerpt":{"rendered":"<p>[vc_row][vc_column][vc_video link=&#8221;https:\/\/youtu.be\/3qv4SgYxeR8&#8243;][\/vc_column][\/vc_row][vc_row top_padding=&#8221;40&#8243;][vc_column offset=&#8221;vc_col-xs-4\/5&#8243;][vc_custom_heading text=&#8221;A\u00c9RONAUTIQUE : Qui fera l&#8217;avion du futur ?&#8221; font_container=&#8221;tag:h1|font_size:60|text_align:left|color:%23009ddf|line_height:1&#8243; use_theme_fonts=&#8221;yes&#8221; css=&#8221;.vc_custom_1657121157303{padding-bottom: 5px !important;}&#8221;][vc_text_separator title=&#8221;&#8221; title_align=&#8221;separator_align_left&#8221; color=&#8221;custom&#8221; accent_color=&#8221;#009ddf&#8221;][\/vc_column][\/vc_row][vc_row equal_height=&#8221;yes&#8221; content_placement=&#8221;middle&#8221;][vc_column width=&#8221;1\/2&#8243;][vc_empty_space height=&#8221;30&#8243;][vc_column_text] De l\u2019hybride \u00e0 l\u2019hydrog\u00e8ne Alors que l\u2019avion du futur sera neutre en carbone, quelles nouvelles technologies seront n\u00e9cessaires pour le construire ? De la fabrication additive aux nouveaux mat\u00e9riaux qu\u2019il [&hellip;]<\/p>\n","protected":false},"author":3,"featured_media":0,"parent":0,"menu_order":0,"comment_status":"closed","ping_status":"closed","template":"","meta":{"_monsterinsights_skip_tracking":false,"_monsterinsights_sitenote_active":false,"_monsterinsights_sitenote_note":"","_monsterinsights_sitenote_category":0,"footnotes":""},"wf_page_folders":[11],"class_list":["post-1533","page","type-page","status-publish","hentry"],"yoast_head":"<!-- This site is optimized with the Yoast SEO plugin v27.1.1 - https:\/\/yoast.com\/product\/yoast-seo-wordpress\/ -->\n<title>Emission - A\u00e9ronautique Avion du Futur - Machines Production TV<\/title>\n<meta name=\"description\" content=\"Emission A\u00e9ronautique. D\u00e9couvrez l&#039;\u00e9mission de Machines Production TV consacr\u00e9e \u00e0 l&#039;avion du futur. Plus de trente minutes d&#039;infos, de d\u00e9bats et de reportages sur l&#039;actualit\u00e9 de l&#039;industrie m\u00e9canique fran\u00e7aise.\" \/>\n<meta name=\"robots\" content=\"index, follow, max-snippet:-1, max-image-preview:large, max-video-preview:-1\" \/>\n<link rel=\"canonical\" href=\"https:\/\/www.machinesproduction.fr\/tv\/emission-14-avion-du-futur\/\" \/>\n<meta property=\"og:locale\" content=\"fr_FR\" \/>\n<meta property=\"og:type\" content=\"article\" \/>\n<meta property=\"og:title\" content=\"Emission - A\u00e9ronautique Avion du Futur - Machines Production TV\" \/>\n<meta property=\"og:description\" content=\"Emission A\u00e9ronautique. D\u00e9couvrez l&#039;\u00e9mission de Machines Production TV consacr\u00e9e \u00e0 l&#039;avion du futur. Plus de trente minutes d&#039;infos, de d\u00e9bats et de reportages sur l&#039;actualit\u00e9 de l&#039;industrie m\u00e9canique fran\u00e7aise.\" \/>\n<meta property=\"og:url\" content=\"https:\/\/www.machinesproduction.fr\/tv\/emission-14-avion-du-futur\/\" \/>\n<meta property=\"og:site_name\" content=\"Machines Production TV\" \/>\n<meta property=\"article:modified_time\" content=\"2022-07-07T20:00:55+00:00\" \/>\n<meta property=\"og:image\" content=\"https:\/\/www.machinesproduction.fr\/tv\/wp-content\/uploads\/2022\/07\/Christophe-Tisserand-MMB-Volum-e.png\" \/>\n<meta name=\"twitter:card\" content=\"summary_large_image\" \/>\n<meta name=\"twitter:label1\" content=\"Dur\u00e9e de lecture estim\u00e9e\" \/>\n\t<meta name=\"twitter:data1\" content=\"6 minutes\" \/>\n<script type=\"application\/ld+json\" class=\"yoast-schema-graph\">{\"@context\":\"https:\/\/schema.org\",\"@graph\":[{\"@type\":\"WebPage\",\"@id\":\"https:\/\/www.machinesproduction.fr\/tv\/emission-14-avion-du-futur\/\",\"url\":\"https:\/\/www.machinesproduction.fr\/tv\/emission-14-avion-du-futur\/\",\"name\":\"Emission - A\u00e9ronautique Avion du Futur - Machines Production TV\",\"isPartOf\":{\"@id\":\"https:\/\/www.machinesproduction.fr\/tv\/#website\"},\"primaryImageOfPage\":{\"@id\":\"https:\/\/www.machinesproduction.fr\/tv\/emission-14-avion-du-futur\/#primaryimage\"},\"image\":{\"@id\":\"https:\/\/www.machinesproduction.fr\/tv\/emission-14-avion-du-futur\/#primaryimage\"},\"thumbnailUrl\":\"https:\/\/www.machinesproduction.fr\/tv\/wp-content\/uploads\/2022\/07\/Christophe-Tisserand-MMB-Volum-e.png\",\"datePublished\":\"2022-07-06T15:23:19+00:00\",\"dateModified\":\"2022-07-07T20:00:55+00:00\",\"description\":\"Emission A\u00e9ronautique. D\u00e9couvrez l'\u00e9mission de Machines Production TV consacr\u00e9e \u00e0 l'avion du futur. Plus de trente minutes d'infos, de d\u00e9bats et de reportages sur l'actualit\u00e9 de l'industrie m\u00e9canique fran\u00e7aise.\",\"breadcrumb\":{\"@id\":\"https:\/\/www.machinesproduction.fr\/tv\/emission-14-avion-du-futur\/#breadcrumb\"},\"inLanguage\":\"fr-FR\",\"potentialAction\":[{\"@type\":\"ReadAction\",\"target\":[\"https:\/\/www.machinesproduction.fr\/tv\/emission-14-avion-du-futur\/\"]}]},{\"@type\":\"ImageObject\",\"inLanguage\":\"fr-FR\",\"@id\":\"https:\/\/www.machinesproduction.fr\/tv\/emission-14-avion-du-futur\/#primaryimage\",\"url\":\"https:\/\/www.machinesproduction.fr\/tv\/wp-content\/uploads\/2022\/07\/Christophe-Tisserand-MMB-Volum-e.png\",\"contentUrl\":\"https:\/\/www.machinesproduction.fr\/tv\/wp-content\/uploads\/2022\/07\/Christophe-Tisserand-MMB-Volum-e.png\",\"width\":800,\"height\":449,\"caption\":\"interview l'avion du futur\"},{\"@type\":\"BreadcrumbList\",\"@id\":\"https:\/\/www.machinesproduction.fr\/tv\/emission-14-avion-du-futur\/#breadcrumb\",\"itemListElement\":[{\"@type\":\"ListItem\",\"position\":1,\"name\":\"Home\",\"item\":\"https:\/\/www.machinesproduction.fr\/tv\/\"},{\"@type\":\"ListItem\",\"position\":2,\"name\":\"Emission 14 Avion du futur\"}]},{\"@type\":\"WebSite\",\"@id\":\"https:\/\/www.machinesproduction.fr\/tv\/#website\",\"url\":\"https:\/\/www.machinesproduction.fr\/tv\/\",\"name\":\"Machines Production TV\",\"description\":\"\",\"potentialAction\":[{\"@type\":\"SearchAction\",\"target\":{\"@type\":\"EntryPoint\",\"urlTemplate\":\"https:\/\/www.machinesproduction.fr\/tv\/?s={search_term_string}\"},\"query-input\":{\"@type\":\"PropertyValueSpecification\",\"valueRequired\":true,\"valueName\":\"search_term_string\"}}],\"inLanguage\":\"fr-FR\"}]}<\/script>\n<!-- \/ Yoast SEO plugin. -->","yoast_head_json":{"title":"Emission - A\u00e9ronautique Avion du Futur - Machines Production TV","description":"Emission A\u00e9ronautique. D\u00e9couvrez l'\u00e9mission de Machines Production TV consacr\u00e9e \u00e0 l'avion du futur. Plus de trente minutes d'infos, de d\u00e9bats et de reportages sur l'actualit\u00e9 de l'industrie m\u00e9canique fran\u00e7aise.","robots":{"index":"index","follow":"follow","max-snippet":"max-snippet:-1","max-image-preview":"max-image-preview:large","max-video-preview":"max-video-preview:-1"},"canonical":"https:\/\/www.machinesproduction.fr\/tv\/emission-14-avion-du-futur\/","og_locale":"fr_FR","og_type":"article","og_title":"Emission - A\u00e9ronautique Avion du Futur - Machines Production TV","og_description":"Emission A\u00e9ronautique. D\u00e9couvrez l'\u00e9mission de Machines Production TV consacr\u00e9e \u00e0 l'avion du futur. Plus de trente minutes d'infos, de d\u00e9bats et de reportages sur l'actualit\u00e9 de l'industrie m\u00e9canique fran\u00e7aise.","og_url":"https:\/\/www.machinesproduction.fr\/tv\/emission-14-avion-du-futur\/","og_site_name":"Machines Production TV","article_modified_time":"2022-07-07T20:00:55+00:00","og_image":[{"url":"https:\/\/www.machinesproduction.fr\/tv\/wp-content\/uploads\/2022\/07\/Christophe-Tisserand-MMB-Volum-e.png","type":"","width":"","height":""}],"twitter_card":"summary_large_image","twitter_misc":{"Dur\u00e9e de lecture estim\u00e9e":"6 minutes"},"schema":{"@context":"https:\/\/schema.org","@graph":[{"@type":"WebPage","@id":"https:\/\/www.machinesproduction.fr\/tv\/emission-14-avion-du-futur\/","url":"https:\/\/www.machinesproduction.fr\/tv\/emission-14-avion-du-futur\/","name":"Emission - A\u00e9ronautique Avion du Futur - Machines Production TV","isPartOf":{"@id":"https:\/\/www.machinesproduction.fr\/tv\/#website"},"primaryImageOfPage":{"@id":"https:\/\/www.machinesproduction.fr\/tv\/emission-14-avion-du-futur\/#primaryimage"},"image":{"@id":"https:\/\/www.machinesproduction.fr\/tv\/emission-14-avion-du-futur\/#primaryimage"},"thumbnailUrl":"https:\/\/www.machinesproduction.fr\/tv\/wp-content\/uploads\/2022\/07\/Christophe-Tisserand-MMB-Volum-e.png","datePublished":"2022-07-06T15:23:19+00:00","dateModified":"2022-07-07T20:00:55+00:00","description":"Emission A\u00e9ronautique. D\u00e9couvrez l'\u00e9mission de Machines Production TV consacr\u00e9e \u00e0 l'avion du futur. Plus de trente minutes d'infos, de d\u00e9bats et de reportages sur l'actualit\u00e9 de l'industrie m\u00e9canique fran\u00e7aise.","breadcrumb":{"@id":"https:\/\/www.machinesproduction.fr\/tv\/emission-14-avion-du-futur\/#breadcrumb"},"inLanguage":"fr-FR","potentialAction":[{"@type":"ReadAction","target":["https:\/\/www.machinesproduction.fr\/tv\/emission-14-avion-du-futur\/"]}]},{"@type":"ImageObject","inLanguage":"fr-FR","@id":"https:\/\/www.machinesproduction.fr\/tv\/emission-14-avion-du-futur\/#primaryimage","url":"https:\/\/www.machinesproduction.fr\/tv\/wp-content\/uploads\/2022\/07\/Christophe-Tisserand-MMB-Volum-e.png","contentUrl":"https:\/\/www.machinesproduction.fr\/tv\/wp-content\/uploads\/2022\/07\/Christophe-Tisserand-MMB-Volum-e.png","width":800,"height":449,"caption":"interview l'avion du futur"},{"@type":"BreadcrumbList","@id":"https:\/\/www.machinesproduction.fr\/tv\/emission-14-avion-du-futur\/#breadcrumb","itemListElement":[{"@type":"ListItem","position":1,"name":"Home","item":"https:\/\/www.machinesproduction.fr\/tv\/"},{"@type":"ListItem","position":2,"name":"Emission 14 Avion du futur"}]},{"@type":"WebSite","@id":"https:\/\/www.machinesproduction.fr\/tv\/#website","url":"https:\/\/www.machinesproduction.fr\/tv\/","name":"Machines Production TV","description":"","potentialAction":[{"@type":"SearchAction","target":{"@type":"EntryPoint","urlTemplate":"https:\/\/www.machinesproduction.fr\/tv\/?s={search_term_string}"},"query-input":{"@type":"PropertyValueSpecification","valueRequired":true,"valueName":"search_term_string"}}],"inLanguage":"fr-FR"}]}},"_links":{"self":[{"href":"https:\/\/www.machinesproduction.fr\/tv\/wp-json\/wp\/v2\/pages\/1533","targetHints":{"allow":["GET"]}}],"collection":[{"href":"https:\/\/www.machinesproduction.fr\/tv\/wp-json\/wp\/v2\/pages"}],"about":[{"href":"https:\/\/www.machinesproduction.fr\/tv\/wp-json\/wp\/v2\/types\/page"}],"author":[{"embeddable":true,"href":"https:\/\/www.machinesproduction.fr\/tv\/wp-json\/wp\/v2\/users\/3"}],"replies":[{"embeddable":true,"href":"https:\/\/www.machinesproduction.fr\/tv\/wp-json\/wp\/v2\/comments?post=1533"}],"version-history":[{"count":7,"href":"https:\/\/www.machinesproduction.fr\/tv\/wp-json\/wp\/v2\/pages\/1533\/revisions"}],"predecessor-version":[{"id":1550,"href":"https:\/\/www.machinesproduction.fr\/tv\/wp-json\/wp\/v2\/pages\/1533\/revisions\/1550"}],"wp:attachment":[{"href":"https:\/\/www.machinesproduction.fr\/tv\/wp-json\/wp\/v2\/media?parent=1533"}],"wp:term":[{"taxonomy":"wf_page_folders","embeddable":true,"href":"https:\/\/www.machinesproduction.fr\/tv\/wp-json\/wp\/v2\/wf_page_folders?post=1533"}],"curies":[{"name":"wp","href":"https:\/\/api.w.org\/{rel}","templated":true}]}}