{"id":1506,"date":"2022-06-15T11:14:06","date_gmt":"2022-06-15T10:14:06","guid":{"rendered":"https:\/\/www.machinesproduction.fr\/tv\/?page_id=1506"},"modified":"2022-06-15T11:28:30","modified_gmt":"2022-06-15T10:28:30","slug":"live-19-lasea-salon-ephj","status":"publish","type":"page","link":"https:\/\/www.machinesproduction.fr\/tv\/live-19-lasea-salon-ephj\/","title":{"rendered":"Live 19 &#8211; Lasea &#8211; Salon EPHJ"},"content":{"rendered":"<section class=\"wpb-content-wrapper\"><p>[vc_row][vc_column][vc_row_inner][vc_column_inner width=&#8221;1\/4&#8243;][media image=&#8221;1510&#8243;][\/vc_column_inner][vc_column_inner width=&#8221;3\/4&#8243;][vc_column_text]<\/p>\n<h1 data-wp-editing=\"1\"><span style=\"color: #459bd9;\">Interview de Jean-Christophe WAUTERS, responsable des ventes et du marketing de Lasea<\/span><\/h1>\n<h2><span style=\"color: #459bd9;\">EPHJ 2022<\/span><\/h2>\n<p>[\/vc_column_text][\/vc_column_inner][\/vc_row_inner][vc_empty_space][vc_column_text]<\/p>\n<h2><span style=\"font-size: 14pt; color: #009ddf;\">Jean-Christophe WAUTERS, responsable des ventes et du marketing de Lasea<\/span><\/h2>\n<p>Nomin\u00e9 au Grand Prix des exposants 2022, Lasea pr\u00e9sente sa Lasea Neo, une machine que ce constructeur belge qualifie de \u00ab\u00a0r\u00e9volutionnaire\u00a0\u00bb, d\u00e9di\u00e9e au secteur horloger. Elle est cinq fois plus puissante et deux fois plus compacte que les syst\u00e8mes de micro-usinage conventionnels. Et avec une productivit\u00e9 multipli\u00e9e par dix.<\/p>\n<blockquote><p>\u00ab\u00a0Elle est \u00e9quip\u00e9e d\u2019un laser de 80 watts qui permet d\u2019injecter le faisceau dans deux t\u00eates et donc d\u2019usiner deux pi\u00e8ces en m\u00eame temps\u00a0\u00bb, explique Jean-Christophe Wauters, responsable des ventes et du marketing de Lasea, en Belgique.<\/p><\/blockquote>\n<p>Lasea Neo permet d\u2019usiner, mais \u00e9galement de d\u00e9corer des pi\u00e8ces horlog\u00e8res. Qu\u2019il s\u2019agisse de pi\u00e8ces de mouvement (roues, ponts, rubis, ressorts, platines\u2026) ou d\u2019habillage (aiguilles, cadrans, lunettes\u2026). Mais \u00e9galement des petits composants m\u00e9caniques.<\/p>\n<p>La machine a \u00e9t\u00e9 construite sur une structure en marbre, ceci afin de lui garantir \u00ab\u00a0une excellente stabilit\u00e9 thermique pour le trajet du faisceau et une excellente plan\u00e9it\u00e9 pour les axes de haute pr\u00e9cision\u00a0\u00bb, assure le sp\u00e9cialiste belge des solutions laser de haute pr\u00e9cision pour l\u2019industrie.<\/p>\n<p><span style=\"font-size: 12pt;\"><em>Interview et Animation : <strong>J\u00e9r\u00f4me Meyrand<\/strong><\/em><\/span>[\/vc_column_text][vc_video link=&#8221;https:\/\/youtu.be\/-Zy8eDjx1Uw&#8221;][vc_btn title=&#8221;Retour aux MP LIVE&#8221; style=&#8221;custom&#8221; custom_background=&#8221;#009ddf&#8221; custom_text=&#8221;#ffffff&#8221; shape=&#8221;round&#8221; i_icon_fontawesome=&#8221;fas fa-arrow-left&#8221; add_icon=&#8221;true&#8221; link=&#8221;url:https%3A%2F%2Fwww.machinesproduction.fr%2Ftv%2Fles-mp-live%2F|title:les%20Focus&#8221;][\/vc_column][\/vc_row]<\/p>\n<\/section>","protected":false},"excerpt":{"rendered":"<p>[vc_row][vc_column][vc_row_inner][vc_column_inner width=&#8221;1\/4&#8243;][media image=&#8221;1510&#8243;][\/vc_column_inner][vc_column_inner width=&#8221;3\/4&#8243;][vc_column_text] Interview de Jean-Christophe WAUTERS, responsable des ventes et du marketing de Lasea EPHJ 2022 [\/vc_column_text][\/vc_column_inner][\/vc_row_inner][vc_empty_space][vc_column_text] Jean-Christophe WAUTERS, responsable des ventes et du marketing de Lasea Nomin\u00e9 au Grand Prix des exposants 2022, Lasea pr\u00e9sente sa Lasea Neo, une machine que ce constructeur belge qualifie de \u00ab\u00a0r\u00e9volutionnaire\u00a0\u00bb, d\u00e9di\u00e9e au secteur horloger. Elle [&hellip;]<\/p>\n","protected":false},"author":3,"featured_media":0,"parent":0,"menu_order":0,"comment_status":"closed","ping_status":"closed","template":"","meta":{"_monsterinsights_skip_tracking":false,"_monsterinsights_sitenote_active":false,"_monsterinsights_sitenote_note":"","_monsterinsights_sitenote_category":0,"footnotes":""},"wf_page_folders":[13],"class_list":["post-1506","page","type-page","status-publish","hentry"],"yoast_head":"<!-- This site is optimized with the Yoast SEO plugin v27.1.1 - https:\/\/yoast.com\/product\/yoast-seo-wordpress\/ -->\n<title>Live 19 - Lasea - Salon EPHJ<\/title>\n<meta name=\"description\" content=\"En direct du salonEPHJ 2022, retrouver l&#039;interview de Jean-Christophe WAUTERS, responsable des ventes et du marketing de Lasea sur Machines Production TV\" \/>\n<meta name=\"robots\" content=\"index, follow, max-snippet:-1, max-image-preview:large, max-video-preview:-1\" \/>\n<link rel=\"canonical\" href=\"https:\/\/www.machinesproduction.fr\/tv\/live-19-lasea-salon-ephj\/\" \/>\n<meta property=\"og:locale\" content=\"fr_FR\" \/>\n<meta property=\"og:type\" content=\"article\" \/>\n<meta property=\"og:title\" content=\"Live 19 - Lasea - Salon EPHJ\" \/>\n<meta property=\"og:description\" content=\"En direct du salonEPHJ 2022, retrouver l&#039;interview de Jean-Christophe WAUTERS, responsable des ventes et du marketing de Lasea sur Machines Production TV\" \/>\n<meta property=\"og:url\" content=\"https:\/\/www.machinesproduction.fr\/tv\/live-19-lasea-salon-ephj\/\" \/>\n<meta property=\"og:site_name\" content=\"Machines Production TV\" \/>\n<meta property=\"article:modified_time\" content=\"2022-06-15T10:28:30+00:00\" \/>\n<meta name=\"twitter:card\" content=\"summary_large_image\" \/>\n<meta name=\"twitter:label1\" content=\"Dur\u00e9e de lecture estim\u00e9e\" \/>\n\t<meta name=\"twitter:data1\" content=\"1 minute\" \/>\n<script type=\"application\/ld+json\" class=\"yoast-schema-graph\">{\"@context\":\"https:\/\/schema.org\",\"@graph\":[{\"@type\":\"WebPage\",\"@id\":\"https:\/\/www.machinesproduction.fr\/tv\/live-19-lasea-salon-ephj\/\",\"url\":\"https:\/\/www.machinesproduction.fr\/tv\/live-19-lasea-salon-ephj\/\",\"name\":\"Live 19 - Lasea - Salon EPHJ\",\"isPartOf\":{\"@id\":\"https:\/\/www.machinesproduction.fr\/tv\/#website\"},\"datePublished\":\"2022-06-15T10:14:06+00:00\",\"dateModified\":\"2022-06-15T10:28:30+00:00\",\"description\":\"En direct du salonEPHJ 2022, retrouver l'interview de Jean-Christophe WAUTERS, responsable des ventes et du marketing de Lasea sur Machines Production TV\",\"breadcrumb\":{\"@id\":\"https:\/\/www.machinesproduction.fr\/tv\/live-19-lasea-salon-ephj\/#breadcrumb\"},\"inLanguage\":\"fr-FR\",\"potentialAction\":[{\"@type\":\"ReadAction\",\"target\":[\"https:\/\/www.machinesproduction.fr\/tv\/live-19-lasea-salon-ephj\/\"]}]},{\"@type\":\"BreadcrumbList\",\"@id\":\"https:\/\/www.machinesproduction.fr\/tv\/live-19-lasea-salon-ephj\/#breadcrumb\",\"itemListElement\":[{\"@type\":\"ListItem\",\"position\":1,\"name\":\"Home\",\"item\":\"https:\/\/www.machinesproduction.fr\/tv\/\"},{\"@type\":\"ListItem\",\"position\":2,\"name\":\"Live 19 &#8211; Lasea &#8211; Salon EPHJ\"}]},{\"@type\":\"WebSite\",\"@id\":\"https:\/\/www.machinesproduction.fr\/tv\/#website\",\"url\":\"https:\/\/www.machinesproduction.fr\/tv\/\",\"name\":\"Machines Production TV\",\"description\":\"\",\"potentialAction\":[{\"@type\":\"SearchAction\",\"target\":{\"@type\":\"EntryPoint\",\"urlTemplate\":\"https:\/\/www.machinesproduction.fr\/tv\/?s={search_term_string}\"},\"query-input\":{\"@type\":\"PropertyValueSpecification\",\"valueRequired\":true,\"valueName\":\"search_term_string\"}}],\"inLanguage\":\"fr-FR\"}]}<\/script>\n<!-- \/ Yoast SEO plugin. -->","yoast_head_json":{"title":"Live 19 - Lasea - Salon EPHJ","description":"En direct du salonEPHJ 2022, retrouver l'interview de Jean-Christophe WAUTERS, responsable des ventes et du marketing de Lasea sur Machines Production TV","robots":{"index":"index","follow":"follow","max-snippet":"max-snippet:-1","max-image-preview":"max-image-preview:large","max-video-preview":"max-video-preview:-1"},"canonical":"https:\/\/www.machinesproduction.fr\/tv\/live-19-lasea-salon-ephj\/","og_locale":"fr_FR","og_type":"article","og_title":"Live 19 - Lasea - Salon EPHJ","og_description":"En direct du salonEPHJ 2022, retrouver l'interview de Jean-Christophe WAUTERS, responsable des ventes et du marketing de Lasea sur Machines Production TV","og_url":"https:\/\/www.machinesproduction.fr\/tv\/live-19-lasea-salon-ephj\/","og_site_name":"Machines Production TV","article_modified_time":"2022-06-15T10:28:30+00:00","twitter_card":"summary_large_image","twitter_misc":{"Dur\u00e9e de lecture estim\u00e9e":"1 minute"},"schema":{"@context":"https:\/\/schema.org","@graph":[{"@type":"WebPage","@id":"https:\/\/www.machinesproduction.fr\/tv\/live-19-lasea-salon-ephj\/","url":"https:\/\/www.machinesproduction.fr\/tv\/live-19-lasea-salon-ephj\/","name":"Live 19 - Lasea - Salon EPHJ","isPartOf":{"@id":"https:\/\/www.machinesproduction.fr\/tv\/#website"},"datePublished":"2022-06-15T10:14:06+00:00","dateModified":"2022-06-15T10:28:30+00:00","description":"En direct du salonEPHJ 2022, retrouver l'interview de Jean-Christophe WAUTERS, responsable des ventes et du marketing de Lasea sur Machines Production TV","breadcrumb":{"@id":"https:\/\/www.machinesproduction.fr\/tv\/live-19-lasea-salon-ephj\/#breadcrumb"},"inLanguage":"fr-FR","potentialAction":[{"@type":"ReadAction","target":["https:\/\/www.machinesproduction.fr\/tv\/live-19-lasea-salon-ephj\/"]}]},{"@type":"BreadcrumbList","@id":"https:\/\/www.machinesproduction.fr\/tv\/live-19-lasea-salon-ephj\/#breadcrumb","itemListElement":[{"@type":"ListItem","position":1,"name":"Home","item":"https:\/\/www.machinesproduction.fr\/tv\/"},{"@type":"ListItem","position":2,"name":"Live 19 &#8211; Lasea &#8211; Salon EPHJ"}]},{"@type":"WebSite","@id":"https:\/\/www.machinesproduction.fr\/tv\/#website","url":"https:\/\/www.machinesproduction.fr\/tv\/","name":"Machines Production TV","description":"","potentialAction":[{"@type":"SearchAction","target":{"@type":"EntryPoint","urlTemplate":"https:\/\/www.machinesproduction.fr\/tv\/?s={search_term_string}"},"query-input":{"@type":"PropertyValueSpecification","valueRequired":true,"valueName":"search_term_string"}}],"inLanguage":"fr-FR"}]}},"_links":{"self":[{"href":"https:\/\/www.machinesproduction.fr\/tv\/wp-json\/wp\/v2\/pages\/1506","targetHints":{"allow":["GET"]}}],"collection":[{"href":"https:\/\/www.machinesproduction.fr\/tv\/wp-json\/wp\/v2\/pages"}],"about":[{"href":"https:\/\/www.machinesproduction.fr\/tv\/wp-json\/wp\/v2\/types\/page"}],"author":[{"embeddable":true,"href":"https:\/\/www.machinesproduction.fr\/tv\/wp-json\/wp\/v2\/users\/3"}],"replies":[{"embeddable":true,"href":"https:\/\/www.machinesproduction.fr\/tv\/wp-json\/wp\/v2\/comments?post=1506"}],"version-history":[{"count":6,"href":"https:\/\/www.machinesproduction.fr\/tv\/wp-json\/wp\/v2\/pages\/1506\/revisions"}],"predecessor-version":[{"id":1514,"href":"https:\/\/www.machinesproduction.fr\/tv\/wp-json\/wp\/v2\/pages\/1506\/revisions\/1514"}],"wp:attachment":[{"href":"https:\/\/www.machinesproduction.fr\/tv\/wp-json\/wp\/v2\/media?parent=1506"}],"wp:term":[{"taxonomy":"wf_page_folders","embeddable":true,"href":"https:\/\/www.machinesproduction.fr\/tv\/wp-json\/wp\/v2\/wf_page_folders?post=1506"}],"curies":[{"name":"wp","href":"https:\/\/api.w.org\/{rel}","templated":true}]}}