{"id":1492,"date":"2022-06-13T13:29:19","date_gmt":"2022-06-13T12:29:19","guid":{"rendered":"https:\/\/www.machinesproduction.fr\/tv\/?page_id=1492"},"modified":"2022-06-13T13:36:42","modified_gmt":"2022-06-13T12:36:42","slug":"reportage-14-cetim-atelier-connecte","status":"publish","type":"page","link":"https:\/\/www.machinesproduction.fr\/tv\/reportage-14-cetim-atelier-connecte\/","title":{"rendered":"Reportage 14 &#8211; CETIM &#8211; Atelier connect\u00e9"},"content":{"rendered":"<section class=\"wpb-content-wrapper\"><p>[vc_row][vc_column][vc_column_text]<\/p>\n<h3><span style=\"color: #ffffff;\">Reportage r\u00e9alis\u00e9 dans le cadre de l&#8217;\u00e9mission #13 <a href=\"https:\/\/www.machinesproduction.fr\/tv\/emission-13-decolletage\/\"><span style=\"color: #009ddf;\">&#8220;DECOLLETAGE&#8221;<\/span><\/a><\/span><\/h3>\n<p>[\/vc_column_text][vc_video link=&#8221;https:\/\/youtu.be\/y5JyxCiQ1KI&#8221;][vc_btn title=&#8221;Retour aux REPORTAGES&#8221; style=&#8221;custom&#8221; custom_background=&#8221;#009ddf&#8221; custom_text=&#8221;#ffffff&#8221; shape=&#8221;round&#8221; i_icon_fontawesome=&#8221;fas fa-arrow-left&#8221; add_icon=&#8221;true&#8221; link=&#8221;url:https%3A%2F%2Fwww.machinesproduction.fr%2Ftv%2Fles-reportages%2F|title:les%20Focus&#8221;][vc_column_text]<\/p>\n<h2><span style=\"color: #009ddf;\">Reportage CETIM : l&#8217;atelier connect\u00e9 &#8211; Les d\u00e9fis du d\u00e9colletage<\/span><\/h2>\n<div><span style=\"color: #ffffff;\">Notre reportage vous emm\u00e8ne dans les ateliers du Cetim, au c\u0153ur du b\u00e2timent ID Center \u00e0 Cluses, en Haute-Savoie.<\/span><\/div>\n<blockquote>\n<div><span style=\"color: #ffffff;\">\u00ab C\u2019est ici que l\u2019on travaille sur l\u2019industrie de demain \u00bb, explique St\u00e9phane Maniglier, directeur r\u00e9gional du Cetim.<\/span><\/div>\n<\/blockquote>\n<div><span style=\"color: #ffffff;\">Le Centre technique des industries m\u00e9caniques met au point de nouveaux concepts, des machines-outils plus intelligentes, de nouveaux process de fabrication, qui, ensuite, seront transf\u00e9r\u00e9s vers les industriels. \u00ab Ces process pourront \u00eatre reli\u00e9s \u00e0 des jumeaux num\u00e9riques, \u00e0 de l\u2019intelligence artificielle \u00bb, glisse notre guide.<\/span><\/div>\n<div><span style=\"color: #ffffff;\">En donnant corps \u00e0 l\u2019atelier connect\u00e9, o\u00f9 l\u2019on viendra r\u00e9cup\u00e9rer toutes les donn\u00e9es sur les machines-outils, on pourra ainsi anticiper les \u00e9volutions technologiques, justifie St\u00e9phane Maniglier.<\/span><\/div>\n<div><span style=\"color: #ffffff;\">Les comp\u00e9tences sont \u00e9galement \u00e9valu\u00e9es au sein des ateliers du Cetim : \u00ab Nous accompagne les salari\u00e9s, les personnels en transition professionnelle, avec une large offre de formation permettant d\u2019acqu\u00e9rir des comp\u00e9tences attendues par les fili\u00e8res industrielles qui sont actuellement en pleine mutation technologique, digitale, \u00e9nerg\u00e9tique, environnementale \u00bb, confie Pascal Roger, responsable commercial de la Cetim Academy.<\/span><\/div>\n<p>[\/vc_column_text][\/vc_column][\/vc_row]<\/p>\n<\/section>","protected":false},"excerpt":{"rendered":"<p>[vc_row][vc_column][vc_column_text] Reportage r\u00e9alis\u00e9 dans le cadre de l&#8217;\u00e9mission #13 &#8220;DECOLLETAGE&#8221; [\/vc_column_text][vc_video link=&#8221;https:\/\/youtu.be\/y5JyxCiQ1KI&#8221;][vc_btn title=&#8221;Retour aux REPORTAGES&#8221; style=&#8221;custom&#8221; custom_background=&#8221;#009ddf&#8221; custom_text=&#8221;#ffffff&#8221; shape=&#8221;round&#8221; i_icon_fontawesome=&#8221;fas fa-arrow-left&#8221; add_icon=&#8221;true&#8221; link=&#8221;url:https%3A%2F%2Fwww.machinesproduction.fr%2Ftv%2Fles-reportages%2F|title:les%20Focus&#8221;][vc_column_text] Reportage CETIM : l&#8217;atelier connect\u00e9 &#8211; Les d\u00e9fis du d\u00e9colletage Notre reportage vous emm\u00e8ne dans les ateliers du Cetim, au c\u0153ur du b\u00e2timent ID Center \u00e0 Cluses, en Haute-Savoie. \u00ab C\u2019est ici [&hellip;]<\/p>\n","protected":false},"author":3,"featured_media":0,"parent":0,"menu_order":0,"comment_status":"closed","ping_status":"closed","template":"","meta":{"_monsterinsights_skip_tracking":false,"_monsterinsights_sitenote_active":false,"_monsterinsights_sitenote_note":"","_monsterinsights_sitenote_category":0,"footnotes":""},"wf_page_folders":[12],"class_list":["post-1492","page","type-page","status-publish","hentry"],"yoast_head":"<!-- This site is optimized with the Yoast SEO plugin v27.1.1 - https:\/\/yoast.com\/product\/yoast-seo-wordpress\/ -->\n<title>Reportage CETIM - L&#039;atelier Connect\u00e9<\/title>\n<meta name=\"description\" content=\"Dans le cadre de l&#039;\u00e9mission &quot;D\u00e9colletage&quot; retrouvez le Reportage sur Le CETIM et sa vision de l&#039;atelier du futur.\" \/>\n<meta name=\"robots\" content=\"index, follow, max-snippet:-1, max-image-preview:large, max-video-preview:-1\" \/>\n<link rel=\"canonical\" href=\"https:\/\/www.machinesproduction.fr\/tv\/reportage-14-cetim-atelier-connecte\/\" \/>\n<meta property=\"og:locale\" content=\"fr_FR\" \/>\n<meta property=\"og:type\" content=\"article\" \/>\n<meta property=\"og:title\" content=\"Reportage CETIM - L&#039;atelier Connect\u00e9\" \/>\n<meta property=\"og:description\" content=\"Dans le cadre de l&#039;\u00e9mission &quot;D\u00e9colletage&quot; retrouvez le Reportage sur Le CETIM et sa vision de l&#039;atelier du futur.\" \/>\n<meta property=\"og:url\" content=\"https:\/\/www.machinesproduction.fr\/tv\/reportage-14-cetim-atelier-connecte\/\" \/>\n<meta property=\"og:site_name\" content=\"Machines Production TV\" \/>\n<meta property=\"article:modified_time\" content=\"2022-06-13T12:36:42+00:00\" \/>\n<meta name=\"twitter:card\" content=\"summary_large_image\" \/>\n<meta name=\"twitter:label1\" content=\"Dur\u00e9e de lecture estim\u00e9e\" \/>\n\t<meta name=\"twitter:data1\" content=\"1 minute\" \/>\n<script type=\"application\/ld+json\" class=\"yoast-schema-graph\">{\"@context\":\"https:\/\/schema.org\",\"@graph\":[{\"@type\":\"WebPage\",\"@id\":\"https:\/\/www.machinesproduction.fr\/tv\/reportage-14-cetim-atelier-connecte\/\",\"url\":\"https:\/\/www.machinesproduction.fr\/tv\/reportage-14-cetim-atelier-connecte\/\",\"name\":\"Reportage CETIM - L'atelier Connect\u00e9\",\"isPartOf\":{\"@id\":\"https:\/\/www.machinesproduction.fr\/tv\/#website\"},\"datePublished\":\"2022-06-13T12:29:19+00:00\",\"dateModified\":\"2022-06-13T12:36:42+00:00\",\"description\":\"Dans le cadre de l'\u00e9mission \\\"D\u00e9colletage\\\" retrouvez le Reportage sur Le CETIM et sa vision de l'atelier du futur.\",\"breadcrumb\":{\"@id\":\"https:\/\/www.machinesproduction.fr\/tv\/reportage-14-cetim-atelier-connecte\/#breadcrumb\"},\"inLanguage\":\"fr-FR\",\"potentialAction\":[{\"@type\":\"ReadAction\",\"target\":[\"https:\/\/www.machinesproduction.fr\/tv\/reportage-14-cetim-atelier-connecte\/\"]}]},{\"@type\":\"BreadcrumbList\",\"@id\":\"https:\/\/www.machinesproduction.fr\/tv\/reportage-14-cetim-atelier-connecte\/#breadcrumb\",\"itemListElement\":[{\"@type\":\"ListItem\",\"position\":1,\"name\":\"Home\",\"item\":\"https:\/\/www.machinesproduction.fr\/tv\/\"},{\"@type\":\"ListItem\",\"position\":2,\"name\":\"Reportage 14 &#8211; CETIM &#8211; Atelier connect\u00e9\"}]},{\"@type\":\"WebSite\",\"@id\":\"https:\/\/www.machinesproduction.fr\/tv\/#website\",\"url\":\"https:\/\/www.machinesproduction.fr\/tv\/\",\"name\":\"Machines Production TV\",\"description\":\"\",\"potentialAction\":[{\"@type\":\"SearchAction\",\"target\":{\"@type\":\"EntryPoint\",\"urlTemplate\":\"https:\/\/www.machinesproduction.fr\/tv\/?s={search_term_string}\"},\"query-input\":{\"@type\":\"PropertyValueSpecification\",\"valueRequired\":true,\"valueName\":\"search_term_string\"}}],\"inLanguage\":\"fr-FR\"}]}<\/script>\n<!-- \/ Yoast SEO plugin. -->","yoast_head_json":{"title":"Reportage CETIM - L'atelier Connect\u00e9","description":"Dans le cadre de l'\u00e9mission \"D\u00e9colletage\" retrouvez le Reportage sur Le CETIM et sa vision de l'atelier du futur.","robots":{"index":"index","follow":"follow","max-snippet":"max-snippet:-1","max-image-preview":"max-image-preview:large","max-video-preview":"max-video-preview:-1"},"canonical":"https:\/\/www.machinesproduction.fr\/tv\/reportage-14-cetim-atelier-connecte\/","og_locale":"fr_FR","og_type":"article","og_title":"Reportage CETIM - L'atelier Connect\u00e9","og_description":"Dans le cadre de l'\u00e9mission \"D\u00e9colletage\" retrouvez le Reportage sur Le CETIM et sa vision de l'atelier du futur.","og_url":"https:\/\/www.machinesproduction.fr\/tv\/reportage-14-cetim-atelier-connecte\/","og_site_name":"Machines Production TV","article_modified_time":"2022-06-13T12:36:42+00:00","twitter_card":"summary_large_image","twitter_misc":{"Dur\u00e9e de lecture estim\u00e9e":"1 minute"},"schema":{"@context":"https:\/\/schema.org","@graph":[{"@type":"WebPage","@id":"https:\/\/www.machinesproduction.fr\/tv\/reportage-14-cetim-atelier-connecte\/","url":"https:\/\/www.machinesproduction.fr\/tv\/reportage-14-cetim-atelier-connecte\/","name":"Reportage CETIM - L'atelier Connect\u00e9","isPartOf":{"@id":"https:\/\/www.machinesproduction.fr\/tv\/#website"},"datePublished":"2022-06-13T12:29:19+00:00","dateModified":"2022-06-13T12:36:42+00:00","description":"Dans le cadre de l'\u00e9mission \"D\u00e9colletage\" retrouvez le Reportage sur Le CETIM et sa vision de l'atelier du futur.","breadcrumb":{"@id":"https:\/\/www.machinesproduction.fr\/tv\/reportage-14-cetim-atelier-connecte\/#breadcrumb"},"inLanguage":"fr-FR","potentialAction":[{"@type":"ReadAction","target":["https:\/\/www.machinesproduction.fr\/tv\/reportage-14-cetim-atelier-connecte\/"]}]},{"@type":"BreadcrumbList","@id":"https:\/\/www.machinesproduction.fr\/tv\/reportage-14-cetim-atelier-connecte\/#breadcrumb","itemListElement":[{"@type":"ListItem","position":1,"name":"Home","item":"https:\/\/www.machinesproduction.fr\/tv\/"},{"@type":"ListItem","position":2,"name":"Reportage 14 &#8211; CETIM &#8211; Atelier connect\u00e9"}]},{"@type":"WebSite","@id":"https:\/\/www.machinesproduction.fr\/tv\/#website","url":"https:\/\/www.machinesproduction.fr\/tv\/","name":"Machines Production TV","description":"","potentialAction":[{"@type":"SearchAction","target":{"@type":"EntryPoint","urlTemplate":"https:\/\/www.machinesproduction.fr\/tv\/?s={search_term_string}"},"query-input":{"@type":"PropertyValueSpecification","valueRequired":true,"valueName":"search_term_string"}}],"inLanguage":"fr-FR"}]}},"_links":{"self":[{"href":"https:\/\/www.machinesproduction.fr\/tv\/wp-json\/wp\/v2\/pages\/1492","targetHints":{"allow":["GET"]}}],"collection":[{"href":"https:\/\/www.machinesproduction.fr\/tv\/wp-json\/wp\/v2\/pages"}],"about":[{"href":"https:\/\/www.machinesproduction.fr\/tv\/wp-json\/wp\/v2\/types\/page"}],"author":[{"embeddable":true,"href":"https:\/\/www.machinesproduction.fr\/tv\/wp-json\/wp\/v2\/users\/3"}],"replies":[{"embeddable":true,"href":"https:\/\/www.machinesproduction.fr\/tv\/wp-json\/wp\/v2\/comments?post=1492"}],"version-history":[{"count":3,"href":"https:\/\/www.machinesproduction.fr\/tv\/wp-json\/wp\/v2\/pages\/1492\/revisions"}],"predecessor-version":[{"id":1495,"href":"https:\/\/www.machinesproduction.fr\/tv\/wp-json\/wp\/v2\/pages\/1492\/revisions\/1495"}],"wp:attachment":[{"href":"https:\/\/www.machinesproduction.fr\/tv\/wp-json\/wp\/v2\/media?parent=1492"}],"wp:term":[{"taxonomy":"wf_page_folders","embeddable":true,"href":"https:\/\/www.machinesproduction.fr\/tv\/wp-json\/wp\/v2\/wf_page_folders?post=1492"}],"curies":[{"name":"wp","href":"https:\/\/api.w.org\/{rel}","templated":true}]}}