{"id":1458,"date":"2022-05-21T19:33:35","date_gmt":"2022-05-21T18:33:35","guid":{"rendered":"https:\/\/www.machinesproduction.fr\/tv\/?page_id=1458"},"modified":"2022-05-21T20:13:52","modified_gmt":"2022-05-21T19:13:52","slug":"live-18-interview-de-philippe-palefroy-directeur-de-hestika-global-industrie-2022","status":"publish","type":"page","link":"https:\/\/www.machinesproduction.fr\/tv\/live-18-interview-de-philippe-palefroy-directeur-de-hestika-global-industrie-2022\/","title":{"rendered":"Live 18 &#8211; Interview de Philippe Palefroy Directeur de Hestika &#8211; Global Industrie 2022"},"content":{"rendered":"<section class=\"wpb-content-wrapper\"><p>[vc_row][vc_column][vc_column_text]<\/p>\n<h1><img loading=\"lazy\" decoding=\"async\" class=\"wp-image-1423 alignleft\" src=\"https:\/\/www.machinesproduction.fr\/tv\/wp-content\/uploads\/2022\/05\/Global-Industrie-2022.jpg\" alt=\"\" width=\"283\" height=\"95\" \/><span style=\"color: #459bd9;\">Interview de Philippe Palefroy Directeur de Hestika<\/span><\/h1>\n<h2><span style=\"color: #459bd9;\">Global Industrie 2022<\/span><\/h2>\n<p>[\/vc_column_text][vc_column_text]<\/p>\n<h2><span style=\"font-size: 14pt; color: #009ddf;\">Philippe Palefroy, directeur g\u00e9n\u00e9ral de Hestika France-Citizen Group<\/span><\/h2>\n<p><span style=\"font-size: 12pt;\">Une machine-outil d\u00e9voil\u00e9e en avant-premi\u00e8re en France. Cela s\u2019est pass\u00e9 au salon Global Industrie \u00e0 Paris, du 17 au 20 mai, o\u00f9 Philippe Palefroy, directeur g\u00e9n\u00e9ral de Hestika France-Citizen Group, nous pr\u00e9sentait sa petite derni\u00e8re : le tour \u00e0 poup\u00e9e mobile Citizen-Cincom LIII-20.<br \/>\nAu micro de Machines Production TV, il souligne les caract\u00e9ristiques majeures de sa machine : <\/span><\/p>\n<blockquote><p><span style=\"font-size: 12pt;\"><strong>\u00ab Une nouvelle cart\u00e9risation qui permet une meilleure accessibilit\u00e9 \u00e0 la zone d\u2019usinage, avec un capot \u00e0 volet. \u00bb Mais \u00e0 l\u2019oppos\u00e9 de celui-ci, on d\u00e9couvre un deuxi\u00e8me acc\u00e8s \u00e0 la zone d\u2019usinage. Ainsi \u00ab l\u2019op\u00e9rateur va pouvoir acc\u00e9der facilement \u00e0 l\u2019axe B, o\u00f9 l\u2019on dispose d\u2019un bloc de deux fois quatre outils rotatifs allant jusqu\u2019\u00e0 12 000 tr\/mn \u00bb, d\u00e9crit Philippe Palefroy.<\/strong> <\/span><\/p><\/blockquote>\n<p><span style=\"font-size: 12pt;\">La broche du tour LIII-20 affiche une vitesse de rotation de 9 000 tr\/mn, dont la commande num\u00e9rique est une Mitsubishi 850, \u00ab avec un \u00e9cran tactile, et l\u2019affichage des diff\u00e9rentes axes et outils \u00bb, montre M. Palefroy.<br \/>\nEnfin, l\u2019autre \u00e9l\u00e9ment majeur de cette machine, ajoute le dirigeant de Hestika France, \u00ab est la possibilit\u00e9 d\u2019usiner en cinq axes continus, permettant de faire des pi\u00e8ces beaucoup plus complexes \u00bb.<\/span><\/p>\n<p><em><span style=\"font-size: 14pt;\">Animation : J\u00e9r\u00f4me Meyrand<\/span><\/em><br \/>\n<em><span style=\"font-size: 14pt;\">Cadrage : Patrick Cazier<\/span><\/em>[\/vc_column_text][vc_video link=&#8221;https:\/\/www.youtube.com\/watch?v=fodC_HTBwdU&#8221;][vc_btn title=&#8221;Retour aux MP LIVE&#8221; style=&#8221;custom&#8221; custom_background=&#8221;#009ddf&#8221; custom_text=&#8221;#ffffff&#8221; shape=&#8221;round&#8221; i_icon_fontawesome=&#8221;fas fa-arrow-left&#8221; add_icon=&#8221;true&#8221; link=&#8221;url:https%3A%2F%2Fwww.machinesproduction.fr%2Ftv%2Fles-mp-live%2F|title:les%20Focus&#8221;][\/vc_column][\/vc_row]<\/p>\n<\/section>","protected":false},"excerpt":{"rendered":"<p>[vc_row][vc_column][vc_column_text] Interview de Philippe Palefroy Directeur de Hestika Global Industrie 2022 [\/vc_column_text][vc_column_text] Philippe Palefroy, directeur g\u00e9n\u00e9ral de Hestika France-Citizen Group Une machine-outil d\u00e9voil\u00e9e en avant-premi\u00e8re en France. Cela s\u2019est pass\u00e9 au salon Global Industrie \u00e0 Paris, du 17 au 20 mai, o\u00f9 Philippe Palefroy, directeur g\u00e9n\u00e9ral de Hestika France-Citizen Group, nous pr\u00e9sentait sa petite derni\u00e8re [&hellip;]<\/p>\n","protected":false},"author":3,"featured_media":0,"parent":0,"menu_order":0,"comment_status":"closed","ping_status":"closed","template":"","meta":{"_monsterinsights_skip_tracking":false,"_monsterinsights_sitenote_active":false,"_monsterinsights_sitenote_note":"","_monsterinsights_sitenote_category":0,"footnotes":""},"wf_page_folders":[13],"class_list":["post-1458","page","type-page","status-publish","hentry"],"yoast_head":"<!-- This site is optimized with the Yoast SEO plugin v27.1.1 - https:\/\/yoast.com\/product\/yoast-seo-wordpress\/ -->\n<title>Live 18 - Interview de Philippe Palefroy Directeur de Hestika - Global Industrie 2022<\/title>\n<meta name=\"description\" content=\"En direct du salon Global Industrie 2022, retrouver Interview de Philippe Palefroy Directeur de Hestika sur Machines Production TV\" \/>\n<meta name=\"robots\" content=\"index, follow, max-snippet:-1, max-image-preview:large, max-video-preview:-1\" \/>\n<link rel=\"canonical\" href=\"https:\/\/www.machinesproduction.fr\/tv\/live-18-interview-de-philippe-palefroy-directeur-de-hestika-global-industrie-2022\/\" \/>\n<meta property=\"og:locale\" content=\"fr_FR\" \/>\n<meta property=\"og:type\" content=\"article\" \/>\n<meta property=\"og:title\" content=\"Live 18 - Interview de Philippe Palefroy Directeur de Hestika - Global Industrie 2022\" \/>\n<meta property=\"og:description\" content=\"En direct du salon Global Industrie 2022, retrouver Interview de Philippe Palefroy Directeur de Hestika sur Machines Production TV\" \/>\n<meta property=\"og:url\" content=\"https:\/\/www.machinesproduction.fr\/tv\/live-18-interview-de-philippe-palefroy-directeur-de-hestika-global-industrie-2022\/\" \/>\n<meta property=\"og:site_name\" content=\"Machines Production TV\" \/>\n<meta property=\"article:modified_time\" content=\"2022-05-21T19:13:52+00:00\" \/>\n<meta property=\"og:image\" content=\"https:\/\/www.machinesproduction.fr\/tv\/wp-content\/uploads\/2022\/05\/Global-Industrie-2022.jpg\" \/>\n<meta name=\"twitter:card\" content=\"summary_large_image\" \/>\n<meta name=\"twitter:label1\" content=\"Dur\u00e9e de lecture estim\u00e9e\" \/>\n\t<meta name=\"twitter:data1\" content=\"2 minutes\" \/>\n<script type=\"application\/ld+json\" class=\"yoast-schema-graph\">{\"@context\":\"https:\/\/schema.org\",\"@graph\":[{\"@type\":\"WebPage\",\"@id\":\"https:\/\/www.machinesproduction.fr\/tv\/live-18-interview-de-philippe-palefroy-directeur-de-hestika-global-industrie-2022\/\",\"url\":\"https:\/\/www.machinesproduction.fr\/tv\/live-18-interview-de-philippe-palefroy-directeur-de-hestika-global-industrie-2022\/\",\"name\":\"Live 18 - Interview de Philippe Palefroy Directeur de Hestika - Global Industrie 2022\",\"isPartOf\":{\"@id\":\"https:\/\/www.machinesproduction.fr\/tv\/#website\"},\"primaryImageOfPage\":{\"@id\":\"https:\/\/www.machinesproduction.fr\/tv\/live-18-interview-de-philippe-palefroy-directeur-de-hestika-global-industrie-2022\/#primaryimage\"},\"image\":{\"@id\":\"https:\/\/www.machinesproduction.fr\/tv\/live-18-interview-de-philippe-palefroy-directeur-de-hestika-global-industrie-2022\/#primaryimage\"},\"thumbnailUrl\":\"https:\/\/www.machinesproduction.fr\/tv\/wp-content\/uploads\/2022\/05\/Global-Industrie-2022.jpg\",\"datePublished\":\"2022-05-21T18:33:35+00:00\",\"dateModified\":\"2022-05-21T19:13:52+00:00\",\"description\":\"En direct du salon Global Industrie 2022, retrouver Interview de Philippe Palefroy Directeur de Hestika sur Machines Production TV\",\"breadcrumb\":{\"@id\":\"https:\/\/www.machinesproduction.fr\/tv\/live-18-interview-de-philippe-palefroy-directeur-de-hestika-global-industrie-2022\/#breadcrumb\"},\"inLanguage\":\"fr-FR\",\"potentialAction\":[{\"@type\":\"ReadAction\",\"target\":[\"https:\/\/www.machinesproduction.fr\/tv\/live-18-interview-de-philippe-palefroy-directeur-de-hestika-global-industrie-2022\/\"]}]},{\"@type\":\"ImageObject\",\"inLanguage\":\"fr-FR\",\"@id\":\"https:\/\/www.machinesproduction.fr\/tv\/live-18-interview-de-philippe-palefroy-directeur-de-hestika-global-industrie-2022\/#primaryimage\",\"url\":\"https:\/\/www.machinesproduction.fr\/tv\/wp-content\/uploads\/2022\/05\/Global-Industrie-2022.jpg\",\"contentUrl\":\"https:\/\/www.machinesproduction.fr\/tv\/wp-content\/uploads\/2022\/05\/Global-Industrie-2022.jpg\",\"width\":700,\"height\":235},{\"@type\":\"BreadcrumbList\",\"@id\":\"https:\/\/www.machinesproduction.fr\/tv\/live-18-interview-de-philippe-palefroy-directeur-de-hestika-global-industrie-2022\/#breadcrumb\",\"itemListElement\":[{\"@type\":\"ListItem\",\"position\":1,\"name\":\"Home\",\"item\":\"https:\/\/www.machinesproduction.fr\/tv\/\"},{\"@type\":\"ListItem\",\"position\":2,\"name\":\"Live 18 &#8211; Interview de Philippe Palefroy Directeur de Hestika &#8211; Global Industrie 2022\"}]},{\"@type\":\"WebSite\",\"@id\":\"https:\/\/www.machinesproduction.fr\/tv\/#website\",\"url\":\"https:\/\/www.machinesproduction.fr\/tv\/\",\"name\":\"Machines Production TV\",\"description\":\"\",\"potentialAction\":[{\"@type\":\"SearchAction\",\"target\":{\"@type\":\"EntryPoint\",\"urlTemplate\":\"https:\/\/www.machinesproduction.fr\/tv\/?s={search_term_string}\"},\"query-input\":{\"@type\":\"PropertyValueSpecification\",\"valueRequired\":true,\"valueName\":\"search_term_string\"}}],\"inLanguage\":\"fr-FR\"}]}<\/script>\n<!-- \/ Yoast SEO plugin. -->","yoast_head_json":{"title":"Live 18 - Interview de Philippe Palefroy Directeur de Hestika - Global Industrie 2022","description":"En direct du salon Global Industrie 2022, retrouver Interview de Philippe Palefroy Directeur de Hestika sur Machines Production TV","robots":{"index":"index","follow":"follow","max-snippet":"max-snippet:-1","max-image-preview":"max-image-preview:large","max-video-preview":"max-video-preview:-1"},"canonical":"https:\/\/www.machinesproduction.fr\/tv\/live-18-interview-de-philippe-palefroy-directeur-de-hestika-global-industrie-2022\/","og_locale":"fr_FR","og_type":"article","og_title":"Live 18 - Interview de Philippe Palefroy Directeur de Hestika - Global Industrie 2022","og_description":"En direct du salon Global Industrie 2022, retrouver Interview de Philippe Palefroy Directeur de Hestika sur Machines Production TV","og_url":"https:\/\/www.machinesproduction.fr\/tv\/live-18-interview-de-philippe-palefroy-directeur-de-hestika-global-industrie-2022\/","og_site_name":"Machines Production TV","article_modified_time":"2022-05-21T19:13:52+00:00","og_image":[{"url":"https:\/\/www.machinesproduction.fr\/tv\/wp-content\/uploads\/2022\/05\/Global-Industrie-2022.jpg","type":"","width":"","height":""}],"twitter_card":"summary_large_image","twitter_misc":{"Dur\u00e9e de lecture estim\u00e9e":"2 minutes"},"schema":{"@context":"https:\/\/schema.org","@graph":[{"@type":"WebPage","@id":"https:\/\/www.machinesproduction.fr\/tv\/live-18-interview-de-philippe-palefroy-directeur-de-hestika-global-industrie-2022\/","url":"https:\/\/www.machinesproduction.fr\/tv\/live-18-interview-de-philippe-palefroy-directeur-de-hestika-global-industrie-2022\/","name":"Live 18 - Interview de Philippe Palefroy Directeur de Hestika - Global Industrie 2022","isPartOf":{"@id":"https:\/\/www.machinesproduction.fr\/tv\/#website"},"primaryImageOfPage":{"@id":"https:\/\/www.machinesproduction.fr\/tv\/live-18-interview-de-philippe-palefroy-directeur-de-hestika-global-industrie-2022\/#primaryimage"},"image":{"@id":"https:\/\/www.machinesproduction.fr\/tv\/live-18-interview-de-philippe-palefroy-directeur-de-hestika-global-industrie-2022\/#primaryimage"},"thumbnailUrl":"https:\/\/www.machinesproduction.fr\/tv\/wp-content\/uploads\/2022\/05\/Global-Industrie-2022.jpg","datePublished":"2022-05-21T18:33:35+00:00","dateModified":"2022-05-21T19:13:52+00:00","description":"En direct du salon Global Industrie 2022, retrouver Interview de Philippe Palefroy Directeur de Hestika sur Machines Production TV","breadcrumb":{"@id":"https:\/\/www.machinesproduction.fr\/tv\/live-18-interview-de-philippe-palefroy-directeur-de-hestika-global-industrie-2022\/#breadcrumb"},"inLanguage":"fr-FR","potentialAction":[{"@type":"ReadAction","target":["https:\/\/www.machinesproduction.fr\/tv\/live-18-interview-de-philippe-palefroy-directeur-de-hestika-global-industrie-2022\/"]}]},{"@type":"ImageObject","inLanguage":"fr-FR","@id":"https:\/\/www.machinesproduction.fr\/tv\/live-18-interview-de-philippe-palefroy-directeur-de-hestika-global-industrie-2022\/#primaryimage","url":"https:\/\/www.machinesproduction.fr\/tv\/wp-content\/uploads\/2022\/05\/Global-Industrie-2022.jpg","contentUrl":"https:\/\/www.machinesproduction.fr\/tv\/wp-content\/uploads\/2022\/05\/Global-Industrie-2022.jpg","width":700,"height":235},{"@type":"BreadcrumbList","@id":"https:\/\/www.machinesproduction.fr\/tv\/live-18-interview-de-philippe-palefroy-directeur-de-hestika-global-industrie-2022\/#breadcrumb","itemListElement":[{"@type":"ListItem","position":1,"name":"Home","item":"https:\/\/www.machinesproduction.fr\/tv\/"},{"@type":"ListItem","position":2,"name":"Live 18 &#8211; Interview de Philippe Palefroy Directeur de Hestika &#8211; Global Industrie 2022"}]},{"@type":"WebSite","@id":"https:\/\/www.machinesproduction.fr\/tv\/#website","url":"https:\/\/www.machinesproduction.fr\/tv\/","name":"Machines Production TV","description":"","potentialAction":[{"@type":"SearchAction","target":{"@type":"EntryPoint","urlTemplate":"https:\/\/www.machinesproduction.fr\/tv\/?s={search_term_string}"},"query-input":{"@type":"PropertyValueSpecification","valueRequired":true,"valueName":"search_term_string"}}],"inLanguage":"fr-FR"}]}},"_links":{"self":[{"href":"https:\/\/www.machinesproduction.fr\/tv\/wp-json\/wp\/v2\/pages\/1458","targetHints":{"allow":["GET"]}}],"collection":[{"href":"https:\/\/www.machinesproduction.fr\/tv\/wp-json\/wp\/v2\/pages"}],"about":[{"href":"https:\/\/www.machinesproduction.fr\/tv\/wp-json\/wp\/v2\/types\/page"}],"author":[{"embeddable":true,"href":"https:\/\/www.machinesproduction.fr\/tv\/wp-json\/wp\/v2\/users\/3"}],"replies":[{"embeddable":true,"href":"https:\/\/www.machinesproduction.fr\/tv\/wp-json\/wp\/v2\/comments?post=1458"}],"version-history":[{"count":3,"href":"https:\/\/www.machinesproduction.fr\/tv\/wp-json\/wp\/v2\/pages\/1458\/revisions"}],"predecessor-version":[{"id":1461,"href":"https:\/\/www.machinesproduction.fr\/tv\/wp-json\/wp\/v2\/pages\/1458\/revisions\/1461"}],"wp:attachment":[{"href":"https:\/\/www.machinesproduction.fr\/tv\/wp-json\/wp\/v2\/media?parent=1458"}],"wp:term":[{"taxonomy":"wf_page_folders","embeddable":true,"href":"https:\/\/www.machinesproduction.fr\/tv\/wp-json\/wp\/v2\/wf_page_folders?post=1458"}],"curies":[{"name":"wp","href":"https:\/\/api.w.org\/{rel}","templated":true}]}}