{"id":1442,"date":"2022-05-20T09:50:59","date_gmt":"2022-05-20T08:50:59","guid":{"rendered":"https:\/\/www.machinesproduction.fr\/tv\/?page_id=1442"},"modified":"2022-05-20T09:50:59","modified_gmt":"2022-05-20T08:50:59","slug":"live-17-interview-jerome-wursthorn-ingenieur-detudes-a-irepa-laser-global-industrie-2022","status":"publish","type":"page","link":"https:\/\/www.machinesproduction.fr\/tv\/live-17-interview-jerome-wursthorn-ingenieur-detudes-a-irepa-laser-global-industrie-2022\/","title":{"rendered":"Live 17 &#8211; Interview J\u00e9r\u00f4me Wursthorn, ing\u00e9nieur d\u2019\u00e9tudes \u00e0 Irepa Laser &#8211; Global Industrie 2022"},"content":{"rendered":"<section class=\"wpb-content-wrapper\"><p>[vc_row][vc_column][vc_column_text]<\/p>\n<h1><img loading=\"lazy\" decoding=\"async\" class=\"wp-image-1423 alignleft\" src=\"https:\/\/www.machinesproduction.fr\/tv\/wp-content\/uploads\/2022\/05\/Global-Industrie-2022.jpg\" alt=\"\" width=\"283\" height=\"95\" \/><span style=\"color: #459bd9;\">Interview J\u00e9r\u00f4me Wursthorn, ing\u00e9nieur d\u2019\u00e9tudes \u00e0 Irepa Laser<\/span><\/h1>\n<h2><span style=\"color: #459bd9;\">Global Industrie 2022<\/span><\/h2>\n<p>[\/vc_column_text][vc_column_text]<\/p>\n<h2><span style=\"font-size: 14pt; color: #009ddf;\">Interview J\u00e9r\u00f4me Wursthorn, ing\u00e9nieur d\u2019\u00e9tudes \u00e0 Irepa Laser<\/span><\/h2>\n<p><span style=\"font-size: 12pt;\">Sur le stand d\u2019Irepa Laser, J\u00e9r\u00f4me Wursthorn, ing\u00e9nieur d\u2019\u00e9tudes, d\u00e9crit \u00e0 l\u2019\u00e9quipe TV de Machines Production, la pi\u00e8ce expos\u00e9e sur le salon Global Industrie, qui se tient au parc des expositions de Villepinte (Seine-Saint-Denis), du 17 au 20 mai.<\/span><\/p>\n<blockquote><p><span style=\"font-size: 12pt;\"><br \/>\n<strong>Cette impressionnante pi\u00e8ce mesure de 2,20 m de diam\u00e8tre et 900 mm de profondeur et p\u00e8se un plus de 400 kg. \u00ab C\u2019est la pi\u00e8ce en fabrication additive la plus grande du salon \u00bb, assure J\u00e9r\u00f4me Wursthorn, qui pr\u00e9cise que \u00ab la mati\u00e8re d\u00e9pos\u00e9e est un acier inoxydable 316L \u00bb.<\/strong><br \/>\n<\/span><\/p><\/blockquote>\n<p><span style=\"font-size: 12pt;\">En fait, il s\u2019agit d\u2019un \u00e9l\u00e9ment de la pi\u00e8ce finale, qui, une fois assembl\u00e9e avec les autres parties imprim\u00e9es, constitue un moule destin\u00e9 \u00e0 la fabrication de cuves viticoles par rotomoulage. \u00ab Ce que vous voyez ici, ce n\u2019est qu\u2019un tiers de la pi\u00e8ce, car elle mesure au total 2,7 m de haut \u00bb, souligne notre ing\u00e9nieur.<br \/>\nLe proc\u00e9d\u00e9 de fabrication additive qui a \u00e9t\u00e9 utilis\u00e9 pour construire ce moule est le DED ou Direct Energy Deposition. \u00ab Un faisceau laser va venir fondre un fil m\u00e9tallique, ce qui va nous permettre de venir fabriquer une pi\u00e8ce, strate par strate, couche par couche. \u00bb<br \/>\nEntreprise de R&amp;D industrielle, Irepa Laser, bas\u00e9e \u00e0 Illkirch-Graffenstaden (Bas-Rhin), s\u2019est \u00e9quip\u00e9e d\u2019une solution hybride, compos\u00e9e de deux robots de fabrication additive associant d\u00e9p\u00f4t de poudre et d\u00e9p\u00f4t de fil, afin de pouvoir produire des pi\u00e8ces de grandes dimensions.<br \/>\n<\/span><\/p>\n<p><em><span style=\"font-size: 14pt;\">Animation : J\u00e9r\u00f4me Meyrand<\/span><\/em><br \/>\n<em><span style=\"font-size: 14pt;\">Cadrage : Patrick Cazier<\/span><\/em>[\/vc_column_text][vc_video link=&#8221;https:\/\/www.youtube.com\/watch?v=eiJOJNtuwNE&#8221;][vc_btn title=&#8221;Retour aux MP LIVE&#8221; style=&#8221;custom&#8221; custom_background=&#8221;#009ddf&#8221; custom_text=&#8221;#ffffff&#8221; shape=&#8221;round&#8221; i_icon_fontawesome=&#8221;fas fa-arrow-left&#8221; add_icon=&#8221;true&#8221; link=&#8221;url:https%3A%2F%2Fwww.machinesproduction.fr%2Ftv%2Fles-mp-live%2F|title:les%20Focus&#8221;][\/vc_column][\/vc_row]<\/p>\n<\/section>","protected":false},"excerpt":{"rendered":"<p>[vc_row][vc_column][vc_column_text] Interview J\u00e9r\u00f4me Wursthorn, ing\u00e9nieur d\u2019\u00e9tudes \u00e0 Irepa Laser Global Industrie 2022 [\/vc_column_text][vc_column_text] Interview J\u00e9r\u00f4me Wursthorn, ing\u00e9nieur d\u2019\u00e9tudes \u00e0 Irepa Laser Sur le stand d\u2019Irepa Laser, J\u00e9r\u00f4me Wursthorn, ing\u00e9nieur d\u2019\u00e9tudes, d\u00e9crit \u00e0 l\u2019\u00e9quipe TV de Machines Production, la pi\u00e8ce expos\u00e9e sur le salon Global Industrie, qui se tient au parc des expositions de Villepinte (Seine-Saint-Denis), [&hellip;]<\/p>\n","protected":false},"author":3,"featured_media":0,"parent":0,"menu_order":0,"comment_status":"closed","ping_status":"closed","template":"","meta":{"_monsterinsights_skip_tracking":false,"_monsterinsights_sitenote_active":false,"_monsterinsights_sitenote_note":"","_monsterinsights_sitenote_category":0,"footnotes":""},"wf_page_folders":[13],"class_list":["post-1442","page","type-page","status-publish","hentry"],"yoast_head":"<!-- This site is optimized with the Yoast SEO plugin v27.1.1 - https:\/\/yoast.com\/product\/yoast-seo-wordpress\/ -->\n<title>Live 17 - Interview J\u00e9r\u00f4me Wursthorn, ing\u00e9nieur d\u2019\u00e9tudes \u00e0 Irepa Laser - Global Industrie 2022<\/title>\n<meta name=\"description\" content=\"En direct du salon Global Industrie 2022, retrouver l&#039;interview de Vianney Lepers, directeur commercial de Dizisoft sur Machines Production TV\" \/>\n<meta name=\"robots\" content=\"index, follow, max-snippet:-1, max-image-preview:large, max-video-preview:-1\" \/>\n<link rel=\"canonical\" href=\"https:\/\/www.machinesproduction.fr\/tv\/live-17-interview-jerome-wursthorn-ingenieur-detudes-a-irepa-laser-global-industrie-2022\/\" \/>\n<meta property=\"og:locale\" content=\"fr_FR\" \/>\n<meta property=\"og:type\" content=\"article\" \/>\n<meta property=\"og:title\" content=\"Live 17 - Interview J\u00e9r\u00f4me Wursthorn, ing\u00e9nieur d\u2019\u00e9tudes \u00e0 Irepa Laser - Global Industrie 2022\" \/>\n<meta property=\"og:description\" content=\"En direct du salon Global Industrie 2022, retrouver l&#039;interview de Vianney Lepers, directeur commercial de Dizisoft sur Machines Production TV\" \/>\n<meta property=\"og:url\" content=\"https:\/\/www.machinesproduction.fr\/tv\/live-17-interview-jerome-wursthorn-ingenieur-detudes-a-irepa-laser-global-industrie-2022\/\" \/>\n<meta property=\"og:site_name\" content=\"Machines Production TV\" \/>\n<meta property=\"og:image\" content=\"https:\/\/www.machinesproduction.fr\/tv\/wp-content\/uploads\/2022\/05\/Global-Industrie-2022.jpg\" \/>\n<meta name=\"twitter:card\" content=\"summary_large_image\" \/>\n<meta name=\"twitter:label1\" content=\"Dur\u00e9e de lecture estim\u00e9e\" \/>\n\t<meta name=\"twitter:data1\" content=\"2 minutes\" \/>\n<script type=\"application\/ld+json\" class=\"yoast-schema-graph\">{\"@context\":\"https:\/\/schema.org\",\"@graph\":[{\"@type\":\"WebPage\",\"@id\":\"https:\/\/www.machinesproduction.fr\/tv\/live-17-interview-jerome-wursthorn-ingenieur-detudes-a-irepa-laser-global-industrie-2022\/\",\"url\":\"https:\/\/www.machinesproduction.fr\/tv\/live-17-interview-jerome-wursthorn-ingenieur-detudes-a-irepa-laser-global-industrie-2022\/\",\"name\":\"Live 17 - Interview J\u00e9r\u00f4me Wursthorn, ing\u00e9nieur d\u2019\u00e9tudes \u00e0 Irepa Laser - Global Industrie 2022\",\"isPartOf\":{\"@id\":\"https:\/\/www.machinesproduction.fr\/tv\/#website\"},\"primaryImageOfPage\":{\"@id\":\"https:\/\/www.machinesproduction.fr\/tv\/live-17-interview-jerome-wursthorn-ingenieur-detudes-a-irepa-laser-global-industrie-2022\/#primaryimage\"},\"image\":{\"@id\":\"https:\/\/www.machinesproduction.fr\/tv\/live-17-interview-jerome-wursthorn-ingenieur-detudes-a-irepa-laser-global-industrie-2022\/#primaryimage\"},\"thumbnailUrl\":\"https:\/\/www.machinesproduction.fr\/tv\/wp-content\/uploads\/2022\/05\/Global-Industrie-2022.jpg\",\"datePublished\":\"2022-05-20T08:50:59+00:00\",\"description\":\"En direct du salon Global Industrie 2022, retrouver l'interview de Vianney Lepers, directeur commercial de Dizisoft sur Machines Production TV\",\"breadcrumb\":{\"@id\":\"https:\/\/www.machinesproduction.fr\/tv\/live-17-interview-jerome-wursthorn-ingenieur-detudes-a-irepa-laser-global-industrie-2022\/#breadcrumb\"},\"inLanguage\":\"fr-FR\",\"potentialAction\":[{\"@type\":\"ReadAction\",\"target\":[\"https:\/\/www.machinesproduction.fr\/tv\/live-17-interview-jerome-wursthorn-ingenieur-detudes-a-irepa-laser-global-industrie-2022\/\"]}]},{\"@type\":\"ImageObject\",\"inLanguage\":\"fr-FR\",\"@id\":\"https:\/\/www.machinesproduction.fr\/tv\/live-17-interview-jerome-wursthorn-ingenieur-detudes-a-irepa-laser-global-industrie-2022\/#primaryimage\",\"url\":\"https:\/\/www.machinesproduction.fr\/tv\/wp-content\/uploads\/2022\/05\/Global-Industrie-2022.jpg\",\"contentUrl\":\"https:\/\/www.machinesproduction.fr\/tv\/wp-content\/uploads\/2022\/05\/Global-Industrie-2022.jpg\",\"width\":700,\"height\":235},{\"@type\":\"BreadcrumbList\",\"@id\":\"https:\/\/www.machinesproduction.fr\/tv\/live-17-interview-jerome-wursthorn-ingenieur-detudes-a-irepa-laser-global-industrie-2022\/#breadcrumb\",\"itemListElement\":[{\"@type\":\"ListItem\",\"position\":1,\"name\":\"Home\",\"item\":\"https:\/\/www.machinesproduction.fr\/tv\/\"},{\"@type\":\"ListItem\",\"position\":2,\"name\":\"Live 17 &#8211; Interview J\u00e9r\u00f4me Wursthorn, ing\u00e9nieur d\u2019\u00e9tudes \u00e0 Irepa Laser &#8211; Global Industrie 2022\"}]},{\"@type\":\"WebSite\",\"@id\":\"https:\/\/www.machinesproduction.fr\/tv\/#website\",\"url\":\"https:\/\/www.machinesproduction.fr\/tv\/\",\"name\":\"Machines Production TV\",\"description\":\"\",\"potentialAction\":[{\"@type\":\"SearchAction\",\"target\":{\"@type\":\"EntryPoint\",\"urlTemplate\":\"https:\/\/www.machinesproduction.fr\/tv\/?s={search_term_string}\"},\"query-input\":{\"@type\":\"PropertyValueSpecification\",\"valueRequired\":true,\"valueName\":\"search_term_string\"}}],\"inLanguage\":\"fr-FR\"}]}<\/script>\n<!-- \/ Yoast SEO plugin. -->","yoast_head_json":{"title":"Live 17 - Interview J\u00e9r\u00f4me Wursthorn, ing\u00e9nieur d\u2019\u00e9tudes \u00e0 Irepa Laser - Global Industrie 2022","description":"En direct du salon Global Industrie 2022, retrouver l'interview de Vianney Lepers, directeur commercial de Dizisoft sur Machines Production TV","robots":{"index":"index","follow":"follow","max-snippet":"max-snippet:-1","max-image-preview":"max-image-preview:large","max-video-preview":"max-video-preview:-1"},"canonical":"https:\/\/www.machinesproduction.fr\/tv\/live-17-interview-jerome-wursthorn-ingenieur-detudes-a-irepa-laser-global-industrie-2022\/","og_locale":"fr_FR","og_type":"article","og_title":"Live 17 - Interview J\u00e9r\u00f4me Wursthorn, ing\u00e9nieur d\u2019\u00e9tudes \u00e0 Irepa Laser - Global Industrie 2022","og_description":"En direct du salon Global Industrie 2022, retrouver l'interview de Vianney Lepers, directeur commercial de Dizisoft sur Machines Production TV","og_url":"https:\/\/www.machinesproduction.fr\/tv\/live-17-interview-jerome-wursthorn-ingenieur-detudes-a-irepa-laser-global-industrie-2022\/","og_site_name":"Machines Production TV","og_image":[{"url":"https:\/\/www.machinesproduction.fr\/tv\/wp-content\/uploads\/2022\/05\/Global-Industrie-2022.jpg","type":"","width":"","height":""}],"twitter_card":"summary_large_image","twitter_misc":{"Dur\u00e9e de lecture estim\u00e9e":"2 minutes"},"schema":{"@context":"https:\/\/schema.org","@graph":[{"@type":"WebPage","@id":"https:\/\/www.machinesproduction.fr\/tv\/live-17-interview-jerome-wursthorn-ingenieur-detudes-a-irepa-laser-global-industrie-2022\/","url":"https:\/\/www.machinesproduction.fr\/tv\/live-17-interview-jerome-wursthorn-ingenieur-detudes-a-irepa-laser-global-industrie-2022\/","name":"Live 17 - Interview J\u00e9r\u00f4me Wursthorn, ing\u00e9nieur d\u2019\u00e9tudes \u00e0 Irepa Laser - Global Industrie 2022","isPartOf":{"@id":"https:\/\/www.machinesproduction.fr\/tv\/#website"},"primaryImageOfPage":{"@id":"https:\/\/www.machinesproduction.fr\/tv\/live-17-interview-jerome-wursthorn-ingenieur-detudes-a-irepa-laser-global-industrie-2022\/#primaryimage"},"image":{"@id":"https:\/\/www.machinesproduction.fr\/tv\/live-17-interview-jerome-wursthorn-ingenieur-detudes-a-irepa-laser-global-industrie-2022\/#primaryimage"},"thumbnailUrl":"https:\/\/www.machinesproduction.fr\/tv\/wp-content\/uploads\/2022\/05\/Global-Industrie-2022.jpg","datePublished":"2022-05-20T08:50:59+00:00","description":"En direct du salon Global Industrie 2022, retrouver l'interview de Vianney Lepers, directeur commercial de Dizisoft sur Machines Production TV","breadcrumb":{"@id":"https:\/\/www.machinesproduction.fr\/tv\/live-17-interview-jerome-wursthorn-ingenieur-detudes-a-irepa-laser-global-industrie-2022\/#breadcrumb"},"inLanguage":"fr-FR","potentialAction":[{"@type":"ReadAction","target":["https:\/\/www.machinesproduction.fr\/tv\/live-17-interview-jerome-wursthorn-ingenieur-detudes-a-irepa-laser-global-industrie-2022\/"]}]},{"@type":"ImageObject","inLanguage":"fr-FR","@id":"https:\/\/www.machinesproduction.fr\/tv\/live-17-interview-jerome-wursthorn-ingenieur-detudes-a-irepa-laser-global-industrie-2022\/#primaryimage","url":"https:\/\/www.machinesproduction.fr\/tv\/wp-content\/uploads\/2022\/05\/Global-Industrie-2022.jpg","contentUrl":"https:\/\/www.machinesproduction.fr\/tv\/wp-content\/uploads\/2022\/05\/Global-Industrie-2022.jpg","width":700,"height":235},{"@type":"BreadcrumbList","@id":"https:\/\/www.machinesproduction.fr\/tv\/live-17-interview-jerome-wursthorn-ingenieur-detudes-a-irepa-laser-global-industrie-2022\/#breadcrumb","itemListElement":[{"@type":"ListItem","position":1,"name":"Home","item":"https:\/\/www.machinesproduction.fr\/tv\/"},{"@type":"ListItem","position":2,"name":"Live 17 &#8211; Interview J\u00e9r\u00f4me Wursthorn, ing\u00e9nieur d\u2019\u00e9tudes \u00e0 Irepa Laser &#8211; Global Industrie 2022"}]},{"@type":"WebSite","@id":"https:\/\/www.machinesproduction.fr\/tv\/#website","url":"https:\/\/www.machinesproduction.fr\/tv\/","name":"Machines Production TV","description":"","potentialAction":[{"@type":"SearchAction","target":{"@type":"EntryPoint","urlTemplate":"https:\/\/www.machinesproduction.fr\/tv\/?s={search_term_string}"},"query-input":{"@type":"PropertyValueSpecification","valueRequired":true,"valueName":"search_term_string"}}],"inLanguage":"fr-FR"}]}},"_links":{"self":[{"href":"https:\/\/www.machinesproduction.fr\/tv\/wp-json\/wp\/v2\/pages\/1442","targetHints":{"allow":["GET"]}}],"collection":[{"href":"https:\/\/www.machinesproduction.fr\/tv\/wp-json\/wp\/v2\/pages"}],"about":[{"href":"https:\/\/www.machinesproduction.fr\/tv\/wp-json\/wp\/v2\/types\/page"}],"author":[{"embeddable":true,"href":"https:\/\/www.machinesproduction.fr\/tv\/wp-json\/wp\/v2\/users\/3"}],"replies":[{"embeddable":true,"href":"https:\/\/www.machinesproduction.fr\/tv\/wp-json\/wp\/v2\/comments?post=1442"}],"version-history":[{"count":1,"href":"https:\/\/www.machinesproduction.fr\/tv\/wp-json\/wp\/v2\/pages\/1442\/revisions"}],"predecessor-version":[{"id":1443,"href":"https:\/\/www.machinesproduction.fr\/tv\/wp-json\/wp\/v2\/pages\/1442\/revisions\/1443"}],"wp:attachment":[{"href":"https:\/\/www.machinesproduction.fr\/tv\/wp-json\/wp\/v2\/media?parent=1442"}],"wp:term":[{"taxonomy":"wf_page_folders","embeddable":true,"href":"https:\/\/www.machinesproduction.fr\/tv\/wp-json\/wp\/v2\/wf_page_folders?post=1442"}],"curies":[{"name":"wp","href":"https:\/\/api.w.org\/{rel}","templated":true}]}}