{"id":1437,"date":"2022-05-20T09:24:26","date_gmt":"2022-05-20T08:24:26","guid":{"rendered":"https:\/\/www.machinesproduction.fr\/tv\/?page_id=1437"},"modified":"2022-05-20T09:57:01","modified_gmt":"2022-05-20T08:57:01","slug":"live-16-interview-de-vianney-lepers-directeur-commercial-de-dizisoft-global-industrie-2022","status":"publish","type":"page","link":"https:\/\/www.machinesproduction.fr\/tv\/live-16-interview-de-vianney-lepers-directeur-commercial-de-dizisoft-global-industrie-2022\/","title":{"rendered":"Live 16 &#8211; Interview de Vianney Lepers directeur commercial de Dizisoft &#8211; Global Industrie 2022"},"content":{"rendered":"<section class=\"wpb-content-wrapper\"><p>[vc_row][vc_column][vc_column_text]<\/p>\n<h1><img loading=\"lazy\" decoding=\"async\" class=\"wp-image-1423 alignleft\" src=\"https:\/\/www.machinesproduction.fr\/tv\/wp-content\/uploads\/2022\/05\/Global-Industrie-2022.jpg\" alt=\"\" width=\"283\" height=\"95\" \/><span style=\"color: #459bd9;\">Interview de Vianney Lepers directeur commercial de Dizisoft<\/span><\/h1>\n<h2><span style=\"color: #459bd9;\">Global Industrie 2022<\/span><\/h2>\n<p>[\/vc_column_text][vc_column_text]<\/p>\n<h2><span style=\"font-size: 14pt; color: #009ddf;\">Vianney Lepers, directeur commercial de Dizisoft<\/span><\/h2>\n<p><span style=\"font-size: 12pt;\">Vianney Lepers, directeur commercial de Dizisoft, t\u00e9moigne pour Machines Production TV, du partenariat \u00e9tabli avec le groupe Pracartis et sa nouvelle micromachine-outil Precibot, laur\u00e9at d\u2019un Global Industrie Awards.<br \/>\nGr\u00e2ce au logiciel DiziScop, l\u2019utilisateur du microcentre d\u2019usinage va collecter de la \u00ab donn\u00e9e \u00e0 haute fr\u00e9quence et contextualiser cette donn\u00e9e pour souligner ses comportements instables, de mani\u00e8re \u00e0 pouvoir optimiser et fiabiliser son process \u00bb, explique Vianney Lepers. L\u2019id\u00e9e \u00e9tant de \u00ab r\u00e9cup\u00e9rer l&#8217;ensemble de ces variables et proposer des solutions \u00bb, ajoute-t-il.<br \/>\nLe logiciel offre aussi des perspectives int\u00e9ressantes pour la maintenance, il va \u00ab permettre, par exemple, de contextualiser une casse ou un d\u00e9faut machine qui n&#8217;est pas forc\u00e9ment dans la commande num\u00e9rique, qui n&#8217;est pas forc\u00e9ment dans l&#8217;automate de la machine \u00bb. Et ainsi, \u00ab aider le d\u00e9panneur \u00e0 comprendre ce comportement-l\u00e0 \u00bb.<br \/>\nDiziScop permet \u00ab d&#8217;augmenter le temps d&#8217;am\u00e9liorer le temps de cycle d&#8217;un centre d&#8217;usinage \u00bb, souligne-t-il au micro de Machines Production TV, en direct du salon Global Industrie Paris.<br \/>\nSitu\u00e9e \u00e0 Villemoirieu, au nord de l\u2019Is\u00e8re, DiziSoft est sp\u00e9cialis\u00e9e dans les logiciels d&#8217;acquisition de donn\u00e9es sur automates et commandes num\u00e9riques.<\/span><\/p>\n<p><em><span style=\"font-size: 14pt;\">Animation : J\u00e9r\u00f4me Meyrand<\/span><\/em><br \/>\n<em><span style=\"font-size: 14pt;\">Cadrage : Patrick Cazier<\/span><\/em>[\/vc_column_text][vc_video link=&#8221;https:\/\/www.youtube.com\/watch?v=kywc-02s2QY&#8221;][vc_btn title=&#8221;Retour aux MP LIVE&#8221; style=&#8221;custom&#8221; custom_background=&#8221;#009ddf&#8221; custom_text=&#8221;#ffffff&#8221; shape=&#8221;round&#8221; i_icon_fontawesome=&#8221;fas fa-arrow-left&#8221; add_icon=&#8221;true&#8221; link=&#8221;url:https%3A%2F%2Fwww.machinesproduction.fr%2Ftv%2Fles-mp-live%2F|title:les%20Focus&#8221;][\/vc_column][\/vc_row]<\/p>\n<\/section>","protected":false},"excerpt":{"rendered":"<p>[vc_row][vc_column][vc_column_text] Interview de Vianney Lepers directeur commercial de Dizisoft Global Industrie 2022 [\/vc_column_text][vc_column_text] Vianney Lepers, directeur commercial de Dizisoft Vianney Lepers, directeur commercial de Dizisoft, t\u00e9moigne pour Machines Production TV, du partenariat \u00e9tabli avec le groupe Pracartis et sa nouvelle micromachine-outil Precibot, laur\u00e9at d\u2019un Global Industrie Awards. Gr\u00e2ce au logiciel DiziScop, l\u2019utilisateur du microcentre d\u2019usinage [&hellip;]<\/p>\n","protected":false},"author":3,"featured_media":0,"parent":0,"menu_order":0,"comment_status":"closed","ping_status":"closed","template":"","meta":{"_monsterinsights_skip_tracking":false,"_monsterinsights_sitenote_active":false,"_monsterinsights_sitenote_note":"","_monsterinsights_sitenote_category":0,"footnotes":""},"wf_page_folders":[13],"class_list":["post-1437","page","type-page","status-publish","hentry"],"yoast_head":"<!-- This site is optimized with the Yoast SEO plugin v27.1.1 - https:\/\/yoast.com\/product\/yoast-seo-wordpress\/ -->\n<title>Live 16 - Interview de Vianney Lepers directeur commercial de Dizisoft - Global Industrie 2022<\/title>\n<meta name=\"description\" content=\"En direct du salon Global Industrie 2022, retrouver l&#039;interview de Vianney Lepers, directeur commercial de Dizisoft sur Machines Production TV\" \/>\n<meta name=\"robots\" content=\"index, follow, max-snippet:-1, max-image-preview:large, max-video-preview:-1\" \/>\n<link rel=\"canonical\" href=\"https:\/\/www.machinesproduction.fr\/tv\/live-16-interview-de-vianney-lepers-directeur-commercial-de-dizisoft-global-industrie-2022\/\" \/>\n<meta property=\"og:locale\" content=\"fr_FR\" \/>\n<meta property=\"og:type\" content=\"article\" \/>\n<meta property=\"og:title\" content=\"Live 16 - Interview de Vianney Lepers directeur commercial de Dizisoft - Global Industrie 2022\" \/>\n<meta property=\"og:description\" content=\"En direct du salon Global Industrie 2022, retrouver l&#039;interview de Vianney Lepers, directeur commercial de Dizisoft sur Machines Production TV\" \/>\n<meta property=\"og:url\" content=\"https:\/\/www.machinesproduction.fr\/tv\/live-16-interview-de-vianney-lepers-directeur-commercial-de-dizisoft-global-industrie-2022\/\" \/>\n<meta property=\"og:site_name\" content=\"Machines Production TV\" \/>\n<meta property=\"article:modified_time\" content=\"2022-05-20T08:57:01+00:00\" \/>\n<meta property=\"og:image\" content=\"https:\/\/www.machinesproduction.fr\/tv\/wp-content\/uploads\/2022\/05\/Global-Industrie-2022.jpg\" \/>\n<meta name=\"twitter:card\" content=\"summary_large_image\" \/>\n<meta name=\"twitter:label1\" content=\"Dur\u00e9e de lecture estim\u00e9e\" \/>\n\t<meta name=\"twitter:data1\" content=\"2 minutes\" \/>\n<script type=\"application\/ld+json\" class=\"yoast-schema-graph\">{\"@context\":\"https:\/\/schema.org\",\"@graph\":[{\"@type\":\"WebPage\",\"@id\":\"https:\/\/www.machinesproduction.fr\/tv\/live-16-interview-de-vianney-lepers-directeur-commercial-de-dizisoft-global-industrie-2022\/\",\"url\":\"https:\/\/www.machinesproduction.fr\/tv\/live-16-interview-de-vianney-lepers-directeur-commercial-de-dizisoft-global-industrie-2022\/\",\"name\":\"Live 16 - Interview de Vianney Lepers directeur commercial de Dizisoft - Global Industrie 2022\",\"isPartOf\":{\"@id\":\"https:\/\/www.machinesproduction.fr\/tv\/#website\"},\"primaryImageOfPage\":{\"@id\":\"https:\/\/www.machinesproduction.fr\/tv\/live-16-interview-de-vianney-lepers-directeur-commercial-de-dizisoft-global-industrie-2022\/#primaryimage\"},\"image\":{\"@id\":\"https:\/\/www.machinesproduction.fr\/tv\/live-16-interview-de-vianney-lepers-directeur-commercial-de-dizisoft-global-industrie-2022\/#primaryimage\"},\"thumbnailUrl\":\"https:\/\/www.machinesproduction.fr\/tv\/wp-content\/uploads\/2022\/05\/Global-Industrie-2022.jpg\",\"datePublished\":\"2022-05-20T08:24:26+00:00\",\"dateModified\":\"2022-05-20T08:57:01+00:00\",\"description\":\"En direct du salon Global Industrie 2022, retrouver l'interview de Vianney Lepers, directeur commercial de Dizisoft sur Machines Production TV\",\"breadcrumb\":{\"@id\":\"https:\/\/www.machinesproduction.fr\/tv\/live-16-interview-de-vianney-lepers-directeur-commercial-de-dizisoft-global-industrie-2022\/#breadcrumb\"},\"inLanguage\":\"fr-FR\",\"potentialAction\":[{\"@type\":\"ReadAction\",\"target\":[\"https:\/\/www.machinesproduction.fr\/tv\/live-16-interview-de-vianney-lepers-directeur-commercial-de-dizisoft-global-industrie-2022\/\"]}]},{\"@type\":\"ImageObject\",\"inLanguage\":\"fr-FR\",\"@id\":\"https:\/\/www.machinesproduction.fr\/tv\/live-16-interview-de-vianney-lepers-directeur-commercial-de-dizisoft-global-industrie-2022\/#primaryimage\",\"url\":\"https:\/\/www.machinesproduction.fr\/tv\/wp-content\/uploads\/2022\/05\/Global-Industrie-2022.jpg\",\"contentUrl\":\"https:\/\/www.machinesproduction.fr\/tv\/wp-content\/uploads\/2022\/05\/Global-Industrie-2022.jpg\",\"width\":700,\"height\":235},{\"@type\":\"BreadcrumbList\",\"@id\":\"https:\/\/www.machinesproduction.fr\/tv\/live-16-interview-de-vianney-lepers-directeur-commercial-de-dizisoft-global-industrie-2022\/#breadcrumb\",\"itemListElement\":[{\"@type\":\"ListItem\",\"position\":1,\"name\":\"Home\",\"item\":\"https:\/\/www.machinesproduction.fr\/tv\/\"},{\"@type\":\"ListItem\",\"position\":2,\"name\":\"Live 16 &#8211; Interview de Vianney Lepers directeur commercial de Dizisoft &#8211; Global Industrie 2022\"}]},{\"@type\":\"WebSite\",\"@id\":\"https:\/\/www.machinesproduction.fr\/tv\/#website\",\"url\":\"https:\/\/www.machinesproduction.fr\/tv\/\",\"name\":\"Machines Production TV\",\"description\":\"\",\"potentialAction\":[{\"@type\":\"SearchAction\",\"target\":{\"@type\":\"EntryPoint\",\"urlTemplate\":\"https:\/\/www.machinesproduction.fr\/tv\/?s={search_term_string}\"},\"query-input\":{\"@type\":\"PropertyValueSpecification\",\"valueRequired\":true,\"valueName\":\"search_term_string\"}}],\"inLanguage\":\"fr-FR\"}]}<\/script>\n<!-- \/ Yoast SEO plugin. -->","yoast_head_json":{"title":"Live 16 - Interview de Vianney Lepers directeur commercial de Dizisoft - Global Industrie 2022","description":"En direct du salon Global Industrie 2022, retrouver l'interview de Vianney Lepers, directeur commercial de Dizisoft sur Machines Production TV","robots":{"index":"index","follow":"follow","max-snippet":"max-snippet:-1","max-image-preview":"max-image-preview:large","max-video-preview":"max-video-preview:-1"},"canonical":"https:\/\/www.machinesproduction.fr\/tv\/live-16-interview-de-vianney-lepers-directeur-commercial-de-dizisoft-global-industrie-2022\/","og_locale":"fr_FR","og_type":"article","og_title":"Live 16 - Interview de Vianney Lepers directeur commercial de Dizisoft - Global Industrie 2022","og_description":"En direct du salon Global Industrie 2022, retrouver l'interview de Vianney Lepers, directeur commercial de Dizisoft sur Machines Production TV","og_url":"https:\/\/www.machinesproduction.fr\/tv\/live-16-interview-de-vianney-lepers-directeur-commercial-de-dizisoft-global-industrie-2022\/","og_site_name":"Machines Production TV","article_modified_time":"2022-05-20T08:57:01+00:00","og_image":[{"url":"https:\/\/www.machinesproduction.fr\/tv\/wp-content\/uploads\/2022\/05\/Global-Industrie-2022.jpg","type":"","width":"","height":""}],"twitter_card":"summary_large_image","twitter_misc":{"Dur\u00e9e de lecture estim\u00e9e":"2 minutes"},"schema":{"@context":"https:\/\/schema.org","@graph":[{"@type":"WebPage","@id":"https:\/\/www.machinesproduction.fr\/tv\/live-16-interview-de-vianney-lepers-directeur-commercial-de-dizisoft-global-industrie-2022\/","url":"https:\/\/www.machinesproduction.fr\/tv\/live-16-interview-de-vianney-lepers-directeur-commercial-de-dizisoft-global-industrie-2022\/","name":"Live 16 - Interview de Vianney Lepers directeur commercial de Dizisoft - Global Industrie 2022","isPartOf":{"@id":"https:\/\/www.machinesproduction.fr\/tv\/#website"},"primaryImageOfPage":{"@id":"https:\/\/www.machinesproduction.fr\/tv\/live-16-interview-de-vianney-lepers-directeur-commercial-de-dizisoft-global-industrie-2022\/#primaryimage"},"image":{"@id":"https:\/\/www.machinesproduction.fr\/tv\/live-16-interview-de-vianney-lepers-directeur-commercial-de-dizisoft-global-industrie-2022\/#primaryimage"},"thumbnailUrl":"https:\/\/www.machinesproduction.fr\/tv\/wp-content\/uploads\/2022\/05\/Global-Industrie-2022.jpg","datePublished":"2022-05-20T08:24:26+00:00","dateModified":"2022-05-20T08:57:01+00:00","description":"En direct du salon Global Industrie 2022, retrouver l'interview de Vianney Lepers, directeur commercial de Dizisoft sur Machines Production TV","breadcrumb":{"@id":"https:\/\/www.machinesproduction.fr\/tv\/live-16-interview-de-vianney-lepers-directeur-commercial-de-dizisoft-global-industrie-2022\/#breadcrumb"},"inLanguage":"fr-FR","potentialAction":[{"@type":"ReadAction","target":["https:\/\/www.machinesproduction.fr\/tv\/live-16-interview-de-vianney-lepers-directeur-commercial-de-dizisoft-global-industrie-2022\/"]}]},{"@type":"ImageObject","inLanguage":"fr-FR","@id":"https:\/\/www.machinesproduction.fr\/tv\/live-16-interview-de-vianney-lepers-directeur-commercial-de-dizisoft-global-industrie-2022\/#primaryimage","url":"https:\/\/www.machinesproduction.fr\/tv\/wp-content\/uploads\/2022\/05\/Global-Industrie-2022.jpg","contentUrl":"https:\/\/www.machinesproduction.fr\/tv\/wp-content\/uploads\/2022\/05\/Global-Industrie-2022.jpg","width":700,"height":235},{"@type":"BreadcrumbList","@id":"https:\/\/www.machinesproduction.fr\/tv\/live-16-interview-de-vianney-lepers-directeur-commercial-de-dizisoft-global-industrie-2022\/#breadcrumb","itemListElement":[{"@type":"ListItem","position":1,"name":"Home","item":"https:\/\/www.machinesproduction.fr\/tv\/"},{"@type":"ListItem","position":2,"name":"Live 16 &#8211; Interview de Vianney Lepers directeur commercial de Dizisoft &#8211; Global Industrie 2022"}]},{"@type":"WebSite","@id":"https:\/\/www.machinesproduction.fr\/tv\/#website","url":"https:\/\/www.machinesproduction.fr\/tv\/","name":"Machines Production TV","description":"","potentialAction":[{"@type":"SearchAction","target":{"@type":"EntryPoint","urlTemplate":"https:\/\/www.machinesproduction.fr\/tv\/?s={search_term_string}"},"query-input":{"@type":"PropertyValueSpecification","valueRequired":true,"valueName":"search_term_string"}}],"inLanguage":"fr-FR"}]}},"_links":{"self":[{"href":"https:\/\/www.machinesproduction.fr\/tv\/wp-json\/wp\/v2\/pages\/1437","targetHints":{"allow":["GET"]}}],"collection":[{"href":"https:\/\/www.machinesproduction.fr\/tv\/wp-json\/wp\/v2\/pages"}],"about":[{"href":"https:\/\/www.machinesproduction.fr\/tv\/wp-json\/wp\/v2\/types\/page"}],"author":[{"embeddable":true,"href":"https:\/\/www.machinesproduction.fr\/tv\/wp-json\/wp\/v2\/users\/3"}],"replies":[{"embeddable":true,"href":"https:\/\/www.machinesproduction.fr\/tv\/wp-json\/wp\/v2\/comments?post=1437"}],"version-history":[{"count":3,"href":"https:\/\/www.machinesproduction.fr\/tv\/wp-json\/wp\/v2\/pages\/1437\/revisions"}],"predecessor-version":[{"id":1446,"href":"https:\/\/www.machinesproduction.fr\/tv\/wp-json\/wp\/v2\/pages\/1437\/revisions\/1446"}],"wp:attachment":[{"href":"https:\/\/www.machinesproduction.fr\/tv\/wp-json\/wp\/v2\/media?parent=1437"}],"wp:term":[{"taxonomy":"wf_page_folders","embeddable":true,"href":"https:\/\/www.machinesproduction.fr\/tv\/wp-json\/wp\/v2\/wf_page_folders?post=1437"}],"curies":[{"name":"wp","href":"https:\/\/api.w.org\/{rel}","templated":true}]}}