{"id":1406,"date":"2022-05-06T11:07:50","date_gmt":"2022-05-06T10:07:50","guid":{"rendered":"https:\/\/www.machinesproduction.fr\/tv\/?page_id=1406"},"modified":"2022-05-06T11:28:20","modified_gmt":"2022-05-06T10:28:20","slug":"franck-duc-kommon-sense","status":"publish","type":"page","link":"https:\/\/www.machinesproduction.fr\/tv\/franck-duc-kommon-sense\/","title":{"rendered":"Franck DUC &#8211; KOMMON SENSE"},"content":{"rendered":"<section class=\"wpb-content-wrapper\"><p>[vc_section][vc_row equal_height=&#8221;yes&#8221;][vc_column width=&#8221;1\/2&#8243; centered_cont_vertical=&#8221;true&#8221;][media image=&#8221;1408&#8243;][\/vc_column][vc_column width=&#8221;1\/2&#8243; centered_cont_vertical=&#8221;true&#8221;][block_title]<\/p>\n<h1 class=\"vc_custom_heading vc_custom_1616688787607\" style=\"text-align: left;\"><strong>Franck DUC<\/strong><\/h1>\n<p>[\/block_title][block_title]<\/p>\n<h2 style=\"text-align: left;\">KOMMON SENSE<\/h2>\n<h2 style=\"text-align: left;\">Fondateur<\/h2>\n<p>[\/block_title][\/vc_column][\/vc_row][vc_row][vc_column][vc_empty_space height=&#8221;60px&#8221;][\/vc_column][\/vc_row][\/vc_section][vc_row][vc_column width=&#8221;2\/3&#8243;][vc_column_text]<\/p>\n<h2 style=\"text-align: left;\"><span style=\"color: #333333;\">Qui est<strong>\u00a0Franck DUC<\/strong>\u00a0?<\/span><\/h2>\n<p><span style=\"color: #333333;\">Dipl\u00f4m\u00e9 ing\u00e9nieur \u00e0 l\u2019\u00c9cole catholique d\u2019Arts et M\u00e9tiers de Lyon (ECAM LaSalle-ITII de Lyon), et d\u2019un mast\u00e8re sp\u00e9cialis\u00e9 en lean \u00e0 l\u2019ECAM LaSalle, Franck Duc a travaill\u00e9 dans la distribution \u00e9lectrique moyenne et basse tension, les m\u00e9tiers du papier et carton, v\u00e9hicules industriels frigorifiques, le traitement de surface, le conseil et la formation. Il a occup\u00e9 des postes de responsable logistique, de la qualit\u00e9, au bureau des m\u00e9thodes, comme au bureau d\u2019\u00e9tudes. Franck Duc a \u00e9galement \u00e9t\u00e9 charg\u00e9 d\u2019affaires.<\/span><\/p>\n<p><span style=\"color: #333333;\">Apr\u00e8s 20 ans dans l\u2019industrie et les services, il d\u00e9cide de cr\u00e9er sa soci\u00e9t\u00e9 <strong>Kommon Sense, qu\u2019il d\u00e9finit comme \u00e9tant un int\u00e9grateur de solutions lean et 4.0 pour l\u2019industrie B2B<\/strong> en Auvergne-Rh\u00f4ne-Alpes. Les services propos\u00e9s\u00a0: \u00e9pauler les dirigeants et leurs \u00e9quipes en les accompagnant dans l\u2019\u00e9volution de leur organisation\u00a0; aider \u00e0 construire un mod\u00e8le d\u2019entreprise p\u00e9renne avec des outils et m\u00e9thodes adapt\u00e9es\u00a0; atteindre et d\u00e9passer les objectifs durablement avec des r\u00e9sultats concrets et p\u00e9rennes, et transformer les organisations en conduisant les projets jusqu\u2019au succ\u00e8s. <\/span><\/p>\n<p><span style=\"color: #333333;\">Le lean est la voie \u00e0 emprunter pour rendre l\u2019entreprise apprenante et 4.0 par l\u2019autonomie et le travail des \u00e9quipes, d\u00e9finit Franck Duc.\u00a0<\/span>[\/vc_column_text][\/vc_column][vc_column width=&#8221;1\/3&#8243; css=&#8221;.vc_custom_1626961313139{background-color: #ededed !important;}&#8221;][vc_column_text]<img loading=\"lazy\" decoding=\"async\" class=\"alignnone wp-image-1409 size-full\" src=\"https:\/\/www.machinesproduction.fr\/tv\/wp-content\/uploads\/2022\/05\/Franck-DUC-KOMMON-SENSE.png\" alt=\"Franck DUC KOMMON SENSE\" width=\"600\" height=\"344\" \/>[\/vc_column_text][vc_column_text]<\/p>\n<p style=\"text-align: center;\"><span style=\"color: #333333;\">Retrouvez l&#8217;interview de <strong>Franck DUC<\/strong>\u00a0dans l&#8217;\u00e9mission consacr\u00e9 au <strong>&#8220;Lean Manufacturing&#8221;<\/strong><\/span><\/p>\n<p>[\/vc_column_text][vc_btn title=&#8221;Voir l&#8217;\u00e9mission&#8221; style=&#8221;custom&#8221; custom_background=&#8221;#459bd9&#8243; custom_text=&#8221;#ffffff&#8221; shape=&#8221;round&#8221; size=&#8221;lg&#8221; align=&#8221;center&#8221; link=&#8221;url:https%3A%2F%2Fwww.machinesproduction.fr%2Ftv%2Femission-12-lean-manufacturing%2F|title:Emission%201%20Plan%20France%20Relance&#8221;][vc_empty_space height=&#8221;25px&#8221;][\/vc_column][\/vc_row][vc_row equal_height=&#8221;yes&#8221; content_placement=&#8221;top&#8221;][vc_column width=&#8221;1\/3&#8243; centered_cont_vertical=&#8221;true&#8221;][\/vc_column][\/vc_row][vc_row equal_height=&#8221;yes&#8221; content_placement=&#8221;top&#8221; top_padding=&#8221;40&#8243;][vc_column width=&#8221;2\/3&#8243;][vc_column_text]<span style=\"color: #333333;\"><strong>J\u00e9r\u00f4me Meyrand &#8211; R\u00e9dacteur en Chef &#8211; Machines Production<\/strong><\/span>[\/vc_column_text][\/vc_column][\/vc_row]<\/p>\n<\/section>","protected":false},"excerpt":{"rendered":"<p>[vc_section][vc_row equal_height=&#8221;yes&#8221;][vc_column width=&#8221;1\/2&#8243; centered_cont_vertical=&#8221;true&#8221;][media image=&#8221;1408&#8243;][\/vc_column][vc_column width=&#8221;1\/2&#8243; centered_cont_vertical=&#8221;true&#8221;][block_title] Franck DUC [\/block_title][block_title] KOMMON SENSE Fondateur [\/block_title][\/vc_column][\/vc_row][vc_row][vc_column][vc_empty_space height=&#8221;60px&#8221;][\/vc_column][\/vc_row][\/vc_section][vc_row][vc_column width=&#8221;2\/3&#8243;][vc_column_text] Qui est\u00a0Franck DUC\u00a0? Dipl\u00f4m\u00e9 ing\u00e9nieur \u00e0 l\u2019\u00c9cole catholique d\u2019Arts et M\u00e9tiers de Lyon (ECAM LaSalle-ITII de Lyon), et d\u2019un mast\u00e8re sp\u00e9cialis\u00e9 en lean \u00e0 l\u2019ECAM LaSalle, Franck Duc a travaill\u00e9 dans la distribution \u00e9lectrique moyenne et basse tension, les [&hellip;]<\/p>\n","protected":false},"author":3,"featured_media":0,"parent":0,"menu_order":0,"comment_status":"closed","ping_status":"closed","template":"","meta":{"_monsterinsights_skip_tracking":false,"_monsterinsights_sitenote_active":false,"_monsterinsights_sitenote_note":"","_monsterinsights_sitenote_category":0,"footnotes":""},"wf_page_folders":[15],"class_list":["post-1406","page","type-page","status-publish","hentry"],"yoast_head":"<!-- This site is optimized with the Yoast SEO plugin v27.1.1 - https:\/\/yoast.com\/product\/yoast-seo-wordpress\/ -->\n<title>Franck DUC - KOMMON SENSE<\/title>\n<meta name=\"description\" content=\"Franck DUC, Fondateur KOMMON SENSE est l&#039;invit\u00e9 de l&#039;\u00e9mission &quot;Lean Manufacturing&quot; sur Machines Production TV\" \/>\n<meta name=\"robots\" content=\"index, follow, max-snippet:-1, max-image-preview:large, max-video-preview:-1\" \/>\n<link rel=\"canonical\" href=\"https:\/\/www.machinesproduction.fr\/tv\/franck-duc-kommon-sense\/\" \/>\n<meta property=\"og:locale\" content=\"fr_FR\" \/>\n<meta property=\"og:type\" content=\"article\" \/>\n<meta property=\"og:title\" content=\"Franck DUC - KOMMON SENSE\" \/>\n<meta property=\"og:description\" content=\"Franck DUC, Fondateur KOMMON SENSE est l&#039;invit\u00e9 de l&#039;\u00e9mission &quot;Lean Manufacturing&quot; sur Machines Production TV\" \/>\n<meta property=\"og:url\" content=\"https:\/\/www.machinesproduction.fr\/tv\/franck-duc-kommon-sense\/\" \/>\n<meta property=\"og:site_name\" content=\"Machines Production TV\" \/>\n<meta property=\"article:modified_time\" content=\"2022-05-06T10:28:20+00:00\" \/>\n<meta property=\"og:image\" content=\"https:\/\/www.machinesproduction.fr\/tv\/wp-content\/uploads\/2022\/05\/Franck-DUC-KOMMON-SENSE.png\" \/>\n<meta name=\"twitter:card\" content=\"summary_large_image\" \/>\n<meta name=\"twitter:label1\" content=\"Dur\u00e9e de lecture estim\u00e9e\" \/>\n\t<meta name=\"twitter:data1\" content=\"2 minutes\" \/>\n<script type=\"application\/ld+json\" class=\"yoast-schema-graph\">{\"@context\":\"https:\/\/schema.org\",\"@graph\":[{\"@type\":\"WebPage\",\"@id\":\"https:\/\/www.machinesproduction.fr\/tv\/franck-duc-kommon-sense\/\",\"url\":\"https:\/\/www.machinesproduction.fr\/tv\/franck-duc-kommon-sense\/\",\"name\":\"Franck DUC - KOMMON SENSE\",\"isPartOf\":{\"@id\":\"https:\/\/www.machinesproduction.fr\/tv\/#website\"},\"primaryImageOfPage\":{\"@id\":\"https:\/\/www.machinesproduction.fr\/tv\/franck-duc-kommon-sense\/#primaryimage\"},\"image\":{\"@id\":\"https:\/\/www.machinesproduction.fr\/tv\/franck-duc-kommon-sense\/#primaryimage\"},\"thumbnailUrl\":\"https:\/\/www.machinesproduction.fr\/tv\/wp-content\/uploads\/2022\/05\/Franck-DUC-KOMMON-SENSE.png\",\"datePublished\":\"2022-05-06T10:07:50+00:00\",\"dateModified\":\"2022-05-06T10:28:20+00:00\",\"description\":\"Franck DUC, Fondateur KOMMON SENSE est l'invit\u00e9 de l'\u00e9mission \\\"Lean Manufacturing\\\" sur Machines Production TV\",\"breadcrumb\":{\"@id\":\"https:\/\/www.machinesproduction.fr\/tv\/franck-duc-kommon-sense\/#breadcrumb\"},\"inLanguage\":\"fr-FR\",\"potentialAction\":[{\"@type\":\"ReadAction\",\"target\":[\"https:\/\/www.machinesproduction.fr\/tv\/franck-duc-kommon-sense\/\"]}]},{\"@type\":\"ImageObject\",\"inLanguage\":\"fr-FR\",\"@id\":\"https:\/\/www.machinesproduction.fr\/tv\/franck-duc-kommon-sense\/#primaryimage\",\"url\":\"https:\/\/www.machinesproduction.fr\/tv\/wp-content\/uploads\/2022\/05\/Franck-DUC-KOMMON-SENSE.png\",\"contentUrl\":\"https:\/\/www.machinesproduction.fr\/tv\/wp-content\/uploads\/2022\/05\/Franck-DUC-KOMMON-SENSE.png\",\"width\":600,\"height\":344},{\"@type\":\"BreadcrumbList\",\"@id\":\"https:\/\/www.machinesproduction.fr\/tv\/franck-duc-kommon-sense\/#breadcrumb\",\"itemListElement\":[{\"@type\":\"ListItem\",\"position\":1,\"name\":\"Home\",\"item\":\"https:\/\/www.machinesproduction.fr\/tv\/\"},{\"@type\":\"ListItem\",\"position\":2,\"name\":\"Franck DUC &#8211; KOMMON SENSE\"}]},{\"@type\":\"WebSite\",\"@id\":\"https:\/\/www.machinesproduction.fr\/tv\/#website\",\"url\":\"https:\/\/www.machinesproduction.fr\/tv\/\",\"name\":\"Machines Production TV\",\"description\":\"\",\"potentialAction\":[{\"@type\":\"SearchAction\",\"target\":{\"@type\":\"EntryPoint\",\"urlTemplate\":\"https:\/\/www.machinesproduction.fr\/tv\/?s={search_term_string}\"},\"query-input\":{\"@type\":\"PropertyValueSpecification\",\"valueRequired\":true,\"valueName\":\"search_term_string\"}}],\"inLanguage\":\"fr-FR\"}]}<\/script>\n<!-- \/ Yoast SEO plugin. -->","yoast_head_json":{"title":"Franck DUC - KOMMON SENSE","description":"Franck DUC, Fondateur KOMMON SENSE est l'invit\u00e9 de l'\u00e9mission \"Lean Manufacturing\" sur Machines Production TV","robots":{"index":"index","follow":"follow","max-snippet":"max-snippet:-1","max-image-preview":"max-image-preview:large","max-video-preview":"max-video-preview:-1"},"canonical":"https:\/\/www.machinesproduction.fr\/tv\/franck-duc-kommon-sense\/","og_locale":"fr_FR","og_type":"article","og_title":"Franck DUC - KOMMON SENSE","og_description":"Franck DUC, Fondateur KOMMON SENSE est l'invit\u00e9 de l'\u00e9mission \"Lean Manufacturing\" sur Machines Production TV","og_url":"https:\/\/www.machinesproduction.fr\/tv\/franck-duc-kommon-sense\/","og_site_name":"Machines Production TV","article_modified_time":"2022-05-06T10:28:20+00:00","og_image":[{"url":"https:\/\/www.machinesproduction.fr\/tv\/wp-content\/uploads\/2022\/05\/Franck-DUC-KOMMON-SENSE.png","type":"","width":"","height":""}],"twitter_card":"summary_large_image","twitter_misc":{"Dur\u00e9e de lecture estim\u00e9e":"2 minutes"},"schema":{"@context":"https:\/\/schema.org","@graph":[{"@type":"WebPage","@id":"https:\/\/www.machinesproduction.fr\/tv\/franck-duc-kommon-sense\/","url":"https:\/\/www.machinesproduction.fr\/tv\/franck-duc-kommon-sense\/","name":"Franck DUC - KOMMON SENSE","isPartOf":{"@id":"https:\/\/www.machinesproduction.fr\/tv\/#website"},"primaryImageOfPage":{"@id":"https:\/\/www.machinesproduction.fr\/tv\/franck-duc-kommon-sense\/#primaryimage"},"image":{"@id":"https:\/\/www.machinesproduction.fr\/tv\/franck-duc-kommon-sense\/#primaryimage"},"thumbnailUrl":"https:\/\/www.machinesproduction.fr\/tv\/wp-content\/uploads\/2022\/05\/Franck-DUC-KOMMON-SENSE.png","datePublished":"2022-05-06T10:07:50+00:00","dateModified":"2022-05-06T10:28:20+00:00","description":"Franck DUC, Fondateur KOMMON SENSE est l'invit\u00e9 de l'\u00e9mission \"Lean Manufacturing\" sur Machines Production TV","breadcrumb":{"@id":"https:\/\/www.machinesproduction.fr\/tv\/franck-duc-kommon-sense\/#breadcrumb"},"inLanguage":"fr-FR","potentialAction":[{"@type":"ReadAction","target":["https:\/\/www.machinesproduction.fr\/tv\/franck-duc-kommon-sense\/"]}]},{"@type":"ImageObject","inLanguage":"fr-FR","@id":"https:\/\/www.machinesproduction.fr\/tv\/franck-duc-kommon-sense\/#primaryimage","url":"https:\/\/www.machinesproduction.fr\/tv\/wp-content\/uploads\/2022\/05\/Franck-DUC-KOMMON-SENSE.png","contentUrl":"https:\/\/www.machinesproduction.fr\/tv\/wp-content\/uploads\/2022\/05\/Franck-DUC-KOMMON-SENSE.png","width":600,"height":344},{"@type":"BreadcrumbList","@id":"https:\/\/www.machinesproduction.fr\/tv\/franck-duc-kommon-sense\/#breadcrumb","itemListElement":[{"@type":"ListItem","position":1,"name":"Home","item":"https:\/\/www.machinesproduction.fr\/tv\/"},{"@type":"ListItem","position":2,"name":"Franck DUC &#8211; KOMMON SENSE"}]},{"@type":"WebSite","@id":"https:\/\/www.machinesproduction.fr\/tv\/#website","url":"https:\/\/www.machinesproduction.fr\/tv\/","name":"Machines Production TV","description":"","potentialAction":[{"@type":"SearchAction","target":{"@type":"EntryPoint","urlTemplate":"https:\/\/www.machinesproduction.fr\/tv\/?s={search_term_string}"},"query-input":{"@type":"PropertyValueSpecification","valueRequired":true,"valueName":"search_term_string"}}],"inLanguage":"fr-FR"}]}},"_links":{"self":[{"href":"https:\/\/www.machinesproduction.fr\/tv\/wp-json\/wp\/v2\/pages\/1406","targetHints":{"allow":["GET"]}}],"collection":[{"href":"https:\/\/www.machinesproduction.fr\/tv\/wp-json\/wp\/v2\/pages"}],"about":[{"href":"https:\/\/www.machinesproduction.fr\/tv\/wp-json\/wp\/v2\/types\/page"}],"author":[{"embeddable":true,"href":"https:\/\/www.machinesproduction.fr\/tv\/wp-json\/wp\/v2\/users\/3"}],"replies":[{"embeddable":true,"href":"https:\/\/www.machinesproduction.fr\/tv\/wp-json\/wp\/v2\/comments?post=1406"}],"version-history":[{"count":3,"href":"https:\/\/www.machinesproduction.fr\/tv\/wp-json\/wp\/v2\/pages\/1406\/revisions"}],"predecessor-version":[{"id":1411,"href":"https:\/\/www.machinesproduction.fr\/tv\/wp-json\/wp\/v2\/pages\/1406\/revisions\/1411"}],"wp:attachment":[{"href":"https:\/\/www.machinesproduction.fr\/tv\/wp-json\/wp\/v2\/media?parent=1406"}],"wp:term":[{"taxonomy":"wf_page_folders","embeddable":true,"href":"https:\/\/www.machinesproduction.fr\/tv\/wp-json\/wp\/v2\/wf_page_folders?post=1406"}],"curies":[{"name":"wp","href":"https:\/\/api.w.org\/{rel}","templated":true}]}}