{"id":1402,"date":"2022-05-06T11:04:02","date_gmt":"2022-05-06T10:04:02","guid":{"rendered":"https:\/\/www.machinesproduction.fr\/tv\/?page_id=1402"},"modified":"2022-05-06T11:04:02","modified_gmt":"2022-05-06T10:04:02","slug":"maxime-thonnerieux-aci","status":"publish","type":"page","link":"https:\/\/www.machinesproduction.fr\/tv\/maxime-thonnerieux-aci\/","title":{"rendered":"Maxime THONNERIEUX &#8211; ACI"},"content":{"rendered":"<section class=\"wpb-content-wrapper\"><p>[vc_section][vc_row equal_height=&#8221;yes&#8221;][vc_column width=&#8221;1\/2&#8243; centered_cont_vertical=&#8221;true&#8221;][media image=&#8221;1391&#8243;][\/vc_column][vc_column width=&#8221;1\/2&#8243; centered_cont_vertical=&#8221;true&#8221;][block_title]<\/p>\n<h1 class=\"vc_custom_heading vc_custom_1616688787607\" style=\"text-align: left;\"><strong>Maxime THONNERIEUX<\/strong><\/h1>\n<p>[\/block_title][block_title]<\/p>\n<h2 style=\"text-align: left;\">ACI Groupe<\/h2>\n<h2 style=\"text-align: left;\">Directeur Business Unit<\/h2>\n<p>[\/block_title][\/vc_column][\/vc_row][vc_row][vc_column][vc_empty_space height=&#8221;60px&#8221;][\/vc_column][\/vc_row][\/vc_section][vc_row][vc_column width=&#8221;2\/3&#8243;][vc_column_text]<\/p>\n<h2 style=\"text-align: left;\"><span style=\"color: #333333;\">Qui est <strong>Maxime THONNERIEUX<\/strong> ?<\/span><\/h2>\n<p><span style=\"color: #333333;\">Apr\u00e8s une formation d\u2019ing\u00e9nieur m\u00e9canicien et un master en management \u00e0 l\u2019universit\u00e9 de Porstmouth (Royaume-Uni), Maxime Thonn\u00e9rieux a d\u00e9but\u00e9 sa carri\u00e8re au sein du Cetim, le Centre technique des industries m\u00e9caniques. Au travers des diverses missions et projets auxquels il a particip\u00e9, il dit avoir toujours eu <strong>pour objectif de soutenir l\u2019industrie et notamment la r\u00e9industrialisation en France et en Europe<\/strong>. Ses exp\u00e9riences l\u2019ont conduit \u00e0 participer \u00e0 de nombreux projets dans le domaine de la m\u00e9canique et \u00e0 des niveaux tr\u00e8s diff\u00e9rents, que ce soit en R&amp;D (au sein du Cetim Cluses, ex-CTDEC), en Commerce and Business Development, au sein du groupe international Nord-Lock, ou bien encore en soutien strat\u00e9gique et op\u00e9rationnel des entreprises de production m\u00e9caniciennes au Syndicat national du d\u00e9colletage.<\/span><\/p>\n<p><span style=\"color: #333333;\">Depuis 2021, Maxime Thonn\u00e9rieux dirige la Business Unit Produits du groupe ACI, une entreprise de taille interm\u00e9diaire (ETI) qui regroupe plusieurs sites de production dont la soci\u00e9t\u00e9 Rabourdin. Pr\u00e9sente en r\u00e9gion parisienne depuis 95 ans, cette entreprise familiale fabrique des composants pour l\u2019industrie plastique, le d\u00e9coupage-emboutissage ainsi que des fixations pour les industries de la d\u00e9fense et de l\u2019a\u00e9ronautique.<\/span>[\/vc_column_text][\/vc_column][vc_column width=&#8221;1\/3&#8243; css=&#8221;.vc_custom_1626961313139{background-color: #ededed !important;}&#8221;][vc_column_text]<img loading=\"lazy\" decoding=\"async\" class=\"alignnone wp-image-1398 size-full\" src=\"https:\/\/www.machinesproduction.fr\/tv\/wp-content\/uploads\/2022\/05\/Maxime-THONNERIEUX-ACI-Groupe.png\" alt=\"Maxime THONNERIEUX\" width=\"600\" height=\"338\" \/>[\/vc_column_text][vc_column_text]<\/p>\n<p style=\"text-align: center;\"><span style=\"color: #333333;\">Retrouvez l&#8217;interview de <strong>Maxime THONNERIEUX<\/strong>\u00a0dans l&#8217;\u00e9mission consacr\u00e9 au <strong>&#8220;Lean Manufacturing&#8221;<\/strong><\/span><\/p>\n<p>[\/vc_column_text][vc_btn title=&#8221;Voir l&#8217;\u00e9mission&#8221; style=&#8221;custom&#8221; custom_background=&#8221;#459bd9&#8243; custom_text=&#8221;#ffffff&#8221; shape=&#8221;round&#8221; size=&#8221;lg&#8221; align=&#8221;center&#8221; link=&#8221;url:https%3A%2F%2Fwww.machinesproduction.fr%2Ftv%2Femission-12-lean-manufacturing%2F|title:Emission%201%20Plan%20France%20Relance&#8221;][vc_empty_space height=&#8221;25px&#8221;][\/vc_column][\/vc_row][vc_row equal_height=&#8221;yes&#8221; content_placement=&#8221;top&#8221;][vc_column width=&#8221;2\/3&#8243;][vc_column_text]<\/p>\n<h2><span style=\"color: #333333;\"><strong>ACI GROUPE<\/strong><\/span><\/h2>\n<p><span style=\"color: #333333;\">ACI Groupe est une ETI fran\u00e7aise offrant des solutions industrielles \u00e0 haute valeur ajout\u00e9e et qui regroupe des savoir-faire technologiques compl\u00e9mentaires. Elle propose de la fabrication de pi\u00e8ces, de sous-ensembles, ainsi qu\u2019une offre de services et de maintenance pour tous les domaines d\u2019activit\u00e9. ACI Groupe compte un effectif de 600 salari\u00e9s et r\u00e9alise 65 millions d\u2019euros de chiffre d\u2019affaires, depuis ses 17 sites industriels.<\/span>[\/vc_column_text][\/vc_column][vc_column width=&#8221;1\/3&#8243; centered_cont_vertical=&#8221;true&#8221;][media image=&#8221;1392&#8243;][\/vc_column][\/vc_row][vc_row equal_height=&#8221;yes&#8221; content_placement=&#8221;top&#8221; top_padding=&#8221;40&#8243;][vc_column width=&#8221;2\/3&#8243;][vc_column_text]<span style=\"color: #333333;\"><strong>J\u00e9r\u00f4me Meyrand &#8211; R\u00e9dacteur en Chef &#8211; Machines Production<\/strong><\/span>[\/vc_column_text][\/vc_column][\/vc_row]<\/p>\n<\/section>","protected":false},"excerpt":{"rendered":"<p>[vc_section][vc_row equal_height=&#8221;yes&#8221;][vc_column width=&#8221;1\/2&#8243; centered_cont_vertical=&#8221;true&#8221;][media image=&#8221;1391&#8243;][\/vc_column][vc_column width=&#8221;1\/2&#8243; centered_cont_vertical=&#8221;true&#8221;][block_title] Maxime THONNERIEUX [\/block_title][block_title] ACI Groupe Directeur Business Unit [\/block_title][\/vc_column][\/vc_row][vc_row][vc_column][vc_empty_space height=&#8221;60px&#8221;][\/vc_column][\/vc_row][\/vc_section][vc_row][vc_column width=&#8221;2\/3&#8243;][vc_column_text] Qui est Maxime THONNERIEUX ? Apr\u00e8s une formation d\u2019ing\u00e9nieur m\u00e9canicien et un master en management \u00e0 l\u2019universit\u00e9 de Porstmouth (Royaume-Uni), Maxime Thonn\u00e9rieux a d\u00e9but\u00e9 sa carri\u00e8re au sein du Cetim, le Centre technique des industries m\u00e9caniques. Au [&hellip;]<\/p>\n","protected":false},"author":3,"featured_media":0,"parent":0,"menu_order":0,"comment_status":"closed","ping_status":"closed","template":"","meta":{"_monsterinsights_skip_tracking":false,"_monsterinsights_sitenote_active":false,"_monsterinsights_sitenote_note":"","_monsterinsights_sitenote_category":0,"footnotes":""},"wf_page_folders":[15],"class_list":["post-1402","page","type-page","status-publish","hentry"],"yoast_head":"<!-- This site is optimized with the Yoast SEO plugin v27.1.1 - https:\/\/yoast.com\/product\/yoast-seo-wordpress\/ -->\n<title>Maxime THONNERIEUX - ACI Groupe<\/title>\n<meta name=\"description\" content=\"Maxime THONNERIEUX, Directeur Business Unit chez ACI Groupe est l&#039;invit\u00e9 de l&#039;\u00e9mission &quot;Lean Manufacturing&quot; sur Machines Production TV\" \/>\n<meta name=\"robots\" content=\"index, follow, max-snippet:-1, max-image-preview:large, max-video-preview:-1\" \/>\n<link rel=\"canonical\" href=\"https:\/\/www.machinesproduction.fr\/tv\/maxime-thonnerieux-aci\/\" \/>\n<meta property=\"og:locale\" content=\"fr_FR\" \/>\n<meta property=\"og:type\" content=\"article\" \/>\n<meta property=\"og:title\" content=\"Maxime THONNERIEUX - ACI Groupe\" \/>\n<meta property=\"og:description\" content=\"Maxime THONNERIEUX, Directeur Business Unit chez ACI Groupe est l&#039;invit\u00e9 de l&#039;\u00e9mission &quot;Lean Manufacturing&quot; sur Machines Production TV\" \/>\n<meta property=\"og:url\" content=\"https:\/\/www.machinesproduction.fr\/tv\/maxime-thonnerieux-aci\/\" \/>\n<meta property=\"og:site_name\" content=\"Machines Production TV\" \/>\n<meta property=\"og:image\" content=\"https:\/\/www.machinesproduction.fr\/tv\/wp-content\/uploads\/2022\/05\/Maxime-THONNERIEUX-ACI-Groupe.png\" \/>\n<meta name=\"twitter:card\" content=\"summary_large_image\" \/>\n<meta name=\"twitter:label1\" content=\"Dur\u00e9e de lecture estim\u00e9e\" \/>\n\t<meta name=\"twitter:data1\" content=\"2 minutes\" \/>\n<script type=\"application\/ld+json\" class=\"yoast-schema-graph\">{\"@context\":\"https:\/\/schema.org\",\"@graph\":[{\"@type\":\"WebPage\",\"@id\":\"https:\/\/www.machinesproduction.fr\/tv\/maxime-thonnerieux-aci\/\",\"url\":\"https:\/\/www.machinesproduction.fr\/tv\/maxime-thonnerieux-aci\/\",\"name\":\"Maxime THONNERIEUX - ACI Groupe\",\"isPartOf\":{\"@id\":\"https:\/\/www.machinesproduction.fr\/tv\/#website\"},\"primaryImageOfPage\":{\"@id\":\"https:\/\/www.machinesproduction.fr\/tv\/maxime-thonnerieux-aci\/#primaryimage\"},\"image\":{\"@id\":\"https:\/\/www.machinesproduction.fr\/tv\/maxime-thonnerieux-aci\/#primaryimage\"},\"thumbnailUrl\":\"https:\/\/www.machinesproduction.fr\/tv\/wp-content\/uploads\/2022\/05\/Maxime-THONNERIEUX-ACI-Groupe.png\",\"datePublished\":\"2022-05-06T10:04:02+00:00\",\"description\":\"Maxime THONNERIEUX, Directeur Business Unit chez ACI Groupe est l'invit\u00e9 de l'\u00e9mission \\\"Lean Manufacturing\\\" sur Machines Production TV\",\"breadcrumb\":{\"@id\":\"https:\/\/www.machinesproduction.fr\/tv\/maxime-thonnerieux-aci\/#breadcrumb\"},\"inLanguage\":\"fr-FR\",\"potentialAction\":[{\"@type\":\"ReadAction\",\"target\":[\"https:\/\/www.machinesproduction.fr\/tv\/maxime-thonnerieux-aci\/\"]}]},{\"@type\":\"ImageObject\",\"inLanguage\":\"fr-FR\",\"@id\":\"https:\/\/www.machinesproduction.fr\/tv\/maxime-thonnerieux-aci\/#primaryimage\",\"url\":\"https:\/\/www.machinesproduction.fr\/tv\/wp-content\/uploads\/2022\/05\/Maxime-THONNERIEUX-ACI-Groupe.png\",\"contentUrl\":\"https:\/\/www.machinesproduction.fr\/tv\/wp-content\/uploads\/2022\/05\/Maxime-THONNERIEUX-ACI-Groupe.png\",\"width\":600,\"height\":338,\"caption\":\"Maxime THONNERIEUX\"},{\"@type\":\"BreadcrumbList\",\"@id\":\"https:\/\/www.machinesproduction.fr\/tv\/maxime-thonnerieux-aci\/#breadcrumb\",\"itemListElement\":[{\"@type\":\"ListItem\",\"position\":1,\"name\":\"Home\",\"item\":\"https:\/\/www.machinesproduction.fr\/tv\/\"},{\"@type\":\"ListItem\",\"position\":2,\"name\":\"Maxime THONNERIEUX &#8211; ACI\"}]},{\"@type\":\"WebSite\",\"@id\":\"https:\/\/www.machinesproduction.fr\/tv\/#website\",\"url\":\"https:\/\/www.machinesproduction.fr\/tv\/\",\"name\":\"Machines Production TV\",\"description\":\"\",\"potentialAction\":[{\"@type\":\"SearchAction\",\"target\":{\"@type\":\"EntryPoint\",\"urlTemplate\":\"https:\/\/www.machinesproduction.fr\/tv\/?s={search_term_string}\"},\"query-input\":{\"@type\":\"PropertyValueSpecification\",\"valueRequired\":true,\"valueName\":\"search_term_string\"}}],\"inLanguage\":\"fr-FR\"}]}<\/script>\n<!-- \/ Yoast SEO plugin. -->","yoast_head_json":{"title":"Maxime THONNERIEUX - ACI Groupe","description":"Maxime THONNERIEUX, Directeur Business Unit chez ACI Groupe est l'invit\u00e9 de l'\u00e9mission \"Lean Manufacturing\" sur Machines Production TV","robots":{"index":"index","follow":"follow","max-snippet":"max-snippet:-1","max-image-preview":"max-image-preview:large","max-video-preview":"max-video-preview:-1"},"canonical":"https:\/\/www.machinesproduction.fr\/tv\/maxime-thonnerieux-aci\/","og_locale":"fr_FR","og_type":"article","og_title":"Maxime THONNERIEUX - ACI Groupe","og_description":"Maxime THONNERIEUX, Directeur Business Unit chez ACI Groupe est l'invit\u00e9 de l'\u00e9mission \"Lean Manufacturing\" sur Machines Production TV","og_url":"https:\/\/www.machinesproduction.fr\/tv\/maxime-thonnerieux-aci\/","og_site_name":"Machines Production TV","og_image":[{"url":"https:\/\/www.machinesproduction.fr\/tv\/wp-content\/uploads\/2022\/05\/Maxime-THONNERIEUX-ACI-Groupe.png","type":"","width":"","height":""}],"twitter_card":"summary_large_image","twitter_misc":{"Dur\u00e9e de lecture estim\u00e9e":"2 minutes"},"schema":{"@context":"https:\/\/schema.org","@graph":[{"@type":"WebPage","@id":"https:\/\/www.machinesproduction.fr\/tv\/maxime-thonnerieux-aci\/","url":"https:\/\/www.machinesproduction.fr\/tv\/maxime-thonnerieux-aci\/","name":"Maxime THONNERIEUX - ACI Groupe","isPartOf":{"@id":"https:\/\/www.machinesproduction.fr\/tv\/#website"},"primaryImageOfPage":{"@id":"https:\/\/www.machinesproduction.fr\/tv\/maxime-thonnerieux-aci\/#primaryimage"},"image":{"@id":"https:\/\/www.machinesproduction.fr\/tv\/maxime-thonnerieux-aci\/#primaryimage"},"thumbnailUrl":"https:\/\/www.machinesproduction.fr\/tv\/wp-content\/uploads\/2022\/05\/Maxime-THONNERIEUX-ACI-Groupe.png","datePublished":"2022-05-06T10:04:02+00:00","description":"Maxime THONNERIEUX, Directeur Business Unit chez ACI Groupe est l'invit\u00e9 de l'\u00e9mission \"Lean Manufacturing\" sur Machines Production TV","breadcrumb":{"@id":"https:\/\/www.machinesproduction.fr\/tv\/maxime-thonnerieux-aci\/#breadcrumb"},"inLanguage":"fr-FR","potentialAction":[{"@type":"ReadAction","target":["https:\/\/www.machinesproduction.fr\/tv\/maxime-thonnerieux-aci\/"]}]},{"@type":"ImageObject","inLanguage":"fr-FR","@id":"https:\/\/www.machinesproduction.fr\/tv\/maxime-thonnerieux-aci\/#primaryimage","url":"https:\/\/www.machinesproduction.fr\/tv\/wp-content\/uploads\/2022\/05\/Maxime-THONNERIEUX-ACI-Groupe.png","contentUrl":"https:\/\/www.machinesproduction.fr\/tv\/wp-content\/uploads\/2022\/05\/Maxime-THONNERIEUX-ACI-Groupe.png","width":600,"height":338,"caption":"Maxime THONNERIEUX"},{"@type":"BreadcrumbList","@id":"https:\/\/www.machinesproduction.fr\/tv\/maxime-thonnerieux-aci\/#breadcrumb","itemListElement":[{"@type":"ListItem","position":1,"name":"Home","item":"https:\/\/www.machinesproduction.fr\/tv\/"},{"@type":"ListItem","position":2,"name":"Maxime THONNERIEUX &#8211; ACI"}]},{"@type":"WebSite","@id":"https:\/\/www.machinesproduction.fr\/tv\/#website","url":"https:\/\/www.machinesproduction.fr\/tv\/","name":"Machines Production TV","description":"","potentialAction":[{"@type":"SearchAction","target":{"@type":"EntryPoint","urlTemplate":"https:\/\/www.machinesproduction.fr\/tv\/?s={search_term_string}"},"query-input":{"@type":"PropertyValueSpecification","valueRequired":true,"valueName":"search_term_string"}}],"inLanguage":"fr-FR"}]}},"_links":{"self":[{"href":"https:\/\/www.machinesproduction.fr\/tv\/wp-json\/wp\/v2\/pages\/1402","targetHints":{"allow":["GET"]}}],"collection":[{"href":"https:\/\/www.machinesproduction.fr\/tv\/wp-json\/wp\/v2\/pages"}],"about":[{"href":"https:\/\/www.machinesproduction.fr\/tv\/wp-json\/wp\/v2\/types\/page"}],"author":[{"embeddable":true,"href":"https:\/\/www.machinesproduction.fr\/tv\/wp-json\/wp\/v2\/users\/3"}],"replies":[{"embeddable":true,"href":"https:\/\/www.machinesproduction.fr\/tv\/wp-json\/wp\/v2\/comments?post=1402"}],"version-history":[{"count":1,"href":"https:\/\/www.machinesproduction.fr\/tv\/wp-json\/wp\/v2\/pages\/1402\/revisions"}],"predecessor-version":[{"id":1404,"href":"https:\/\/www.machinesproduction.fr\/tv\/wp-json\/wp\/v2\/pages\/1402\/revisions\/1404"}],"wp:attachment":[{"href":"https:\/\/www.machinesproduction.fr\/tv\/wp-json\/wp\/v2\/media?parent=1402"}],"wp:term":[{"taxonomy":"wf_page_folders","embeddable":true,"href":"https:\/\/www.machinesproduction.fr\/tv\/wp-json\/wp\/v2\/wf_page_folders?post=1402"}],"curies":[{"name":"wp","href":"https:\/\/api.w.org\/{rel}","templated":true}]}}