{"id":1380,"date":"2022-05-05T20:11:10","date_gmt":"2022-05-05T19:11:10","guid":{"rendered":"https:\/\/www.machinesproduction.fr\/tv\/?page_id=1380"},"modified":"2022-05-06T10:10:50","modified_gmt":"2022-05-06T09:10:50","slug":"didier-dumont-bem-consulting","status":"publish","type":"page","link":"https:\/\/www.machinesproduction.fr\/tv\/didier-dumont-bem-consulting\/","title":{"rendered":"Didier DUMONT &#8211; BEM Consulting"},"content":{"rendered":"<section class=\"wpb-content-wrapper\"><p>[vc_section][vc_row equal_height=&#8221;yes&#8221;][vc_column width=&#8221;1\/2&#8243; centered_cont_vertical=&#8221;true&#8221;][media image=&#8221;1383&#8243;][\/vc_column][vc_column width=&#8221;1\/2&#8243; centered_cont_vertical=&#8221;true&#8221;][block_title]<\/p>\n<h1 class=\"vc_custom_heading vc_custom_1616688787607\" style=\"text-align: left;\"><strong>Didier DUMONT<\/strong><\/h1>\n<p>[\/block_title][block_title]<\/p>\n<h2 style=\"text-align: left;\">BEM CONSULTING<\/h2>\n<h2 style=\"text-align: left;\">Fondateur<\/h2>\n<p>[\/block_title][\/vc_column][\/vc_row][vc_row][vc_column][vc_empty_space height=&#8221;60px&#8221;][\/vc_column][\/vc_row][\/vc_section][vc_row][vc_column width=&#8221;2\/3&#8243;][vc_column_text]<\/p>\n<h2 style=\"text-align: left;\"><span style=\"color: #333333;\">Qui est <strong>Didier DUMONT<\/strong> ?<\/span><\/h2>\n<p><span style=\"color: #333333;\">Fondateur du cabinet BEM Consulting, Didier Dumont a d\u2019abord eu une longue carri\u00e8re dans la m\u00e9canique. Avant de devenir responsable du d\u00e9veloppement des fournisseurs dans un groupe industriel de dimension internationale, Didier Dumont fait \u00e9tat de plus de 20 ans d\u2019exp\u00e9rience dans des postes op\u00e9rationnels, tels que directeur d\u2019une UAP (unit\u00e9 autonome de production), responsable m\u00e9thodes, qualit\u00e9, achats et \u00e0 l\u2019international (Asie, Etats-Unis et Inde).<\/span><\/p>\n<p><span style=\"color: #333333;\">Notre expert en lean a \u00e9galement \u00e9t\u00e9 <strong>responsable du d\u00e9veloppement strat\u00e9gique de l\u2019excellence op\u00e9rationnelle pour onze usines en France<\/strong>.<\/span><\/p>\n<p><span style=\"color: #333333;\">Son cabinet est labellis\u00e9 par la r\u00e9gion Auvergne-Rh\u00f4ne-Alpes dans le domaine de l\u2019excellence op\u00e9rationnelle et assure des formations, \u00e0 des managers ex\u00e9cutifs, \u00e0 la m\u00e9thodologie et \u00e0 l\u2019ensemble de la cha\u00eene de management.<\/span><\/p>\n<p><span style=\"color: #333333;\">Expert en lean management et Six Sigma, Didier Dumont est certifi\u00e9 master Black-Belt (haut niveau de connaissance en excellence op\u00e9rationnelle) et Prince2 (Projects in controlled environments), une m\u00e9thode de gestion et de certification de projet structur\u00e9e.<\/span><\/p>\n<p><span style=\"color: #333333;\">Parmi ses r\u00e9sultats revendiqu\u00e9s : \u00a0augmentation de l\u2019OEE, soit l\u2019efficacit\u00e9 globale de l\u2019\u00e9quipement (15 % en 6 mois), am\u00e9lioration de 50 % de la performance livraison d\u2019un fournisseur en deux mois, optimisation des stocks par l\u2019utilisation d\u2019une m\u00e9thode statistique, augmentation de 50 % des commandes gr\u00e2ce \u00e0 la m\u00e9thodologie Six Sigma.<\/span>[\/vc_column_text][\/vc_column][vc_column width=&#8221;1\/3&#8243; css=&#8221;.vc_custom_1626961313139{background-color: #ededed !important;}&#8221;][vc_column_text]<img loading=\"lazy\" decoding=\"async\" class=\"alignnone wp-image-1385 size-full\" src=\"https:\/\/www.machinesproduction.fr\/tv\/wp-content\/uploads\/2022\/05\/Didier-Dumont-BEM-CONSULTING.png\" alt=\"\" width=\"600\" height=\"374\" \/>[\/vc_column_text][vc_column_text]<\/p>\n<p style=\"text-align: center;\"><span style=\"color: #333333;\">Retrouvez l&#8217;interview de <strong>Didier DUMONT<\/strong>\u00a0dans l&#8217;\u00e9mission consacr\u00e9 au <strong>&#8220;Lean Manufacturing&#8221;<\/strong><\/span><\/p>\n<p>[\/vc_column_text][vc_btn title=&#8221;Voir l&#8217;\u00e9mission&#8221; style=&#8221;custom&#8221; custom_background=&#8221;#459bd9&#8243; custom_text=&#8221;#ffffff&#8221; shape=&#8221;round&#8221; size=&#8221;lg&#8221; align=&#8221;center&#8221; link=&#8221;url:https%3A%2F%2Fwww.machinesproduction.fr%2Ftv%2Femission-12-lean-manufacturing%2F|title:Emission%201%20Plan%20France%20Relance&#8221;][vc_empty_space height=&#8221;25px&#8221;][\/vc_column][\/vc_row][vc_row equal_height=&#8221;yes&#8221; content_placement=&#8221;top&#8221;][vc_column width=&#8221;2\/3&#8243;][vc_column_text]<\/p>\n<p><span style=\"color: #333333;\"><strong>J\u00e9r\u00f4me Meyrand &#8211; R\u00e9dacteur en Chef &#8211; Machines Production<\/strong><\/span>[\/vc_column_text][\/vc_column][vc_column width=&#8221;1\/3&#8243; centered_cont_vertical=&#8221;true&#8221;][\/vc_column][\/vc_row]<\/p>\n<\/section>","protected":false},"excerpt":{"rendered":"<p>[vc_section][vc_row equal_height=&#8221;yes&#8221;][vc_column width=&#8221;1\/2&#8243; centered_cont_vertical=&#8221;true&#8221;][media image=&#8221;1383&#8243;][\/vc_column][vc_column width=&#8221;1\/2&#8243; centered_cont_vertical=&#8221;true&#8221;][block_title] Didier DUMONT [\/block_title][block_title] BEM CONSULTING Fondateur [\/block_title][\/vc_column][\/vc_row][vc_row][vc_column][vc_empty_space height=&#8221;60px&#8221;][\/vc_column][\/vc_row][\/vc_section][vc_row][vc_column width=&#8221;2\/3&#8243;][vc_column_text] Qui est Didier DUMONT ? Fondateur du cabinet BEM Consulting, Didier Dumont a d\u2019abord eu une longue carri\u00e8re dans la m\u00e9canique. Avant de devenir responsable du d\u00e9veloppement des fournisseurs dans un groupe industriel de dimension internationale, Didier Dumont fait [&hellip;]<\/p>\n","protected":false},"author":3,"featured_media":0,"parent":0,"menu_order":0,"comment_status":"closed","ping_status":"closed","template":"","meta":{"_monsterinsights_skip_tracking":false,"_monsterinsights_sitenote_active":false,"_monsterinsights_sitenote_note":"","_monsterinsights_sitenote_category":0,"footnotes":""},"wf_page_folders":[15],"class_list":["post-1380","page","type-page","status-publish","hentry"],"yoast_head":"<!-- This site is optimized with the Yoast SEO plugin v27.1.1 - https:\/\/yoast.com\/product\/yoast-seo-wordpress\/ -->\n<title>Didier DUMONT - BEM Consulting -<\/title>\n<meta name=\"description\" content=\"Didier DUMONT, fondateur de BEM CONSULTINGD est l&#039;invit\u00e9 de l&#039;\u00e9mission &quot;Lean Manufacturing&quot; et de la production Agile sur Machines Production TV\" \/>\n<meta name=\"robots\" content=\"index, follow, max-snippet:-1, max-image-preview:large, max-video-preview:-1\" \/>\n<link rel=\"canonical\" href=\"https:\/\/www.machinesproduction.fr\/tv\/didier-dumont-bem-consulting\/\" \/>\n<meta property=\"og:locale\" content=\"fr_FR\" \/>\n<meta property=\"og:type\" content=\"article\" \/>\n<meta property=\"og:title\" content=\"Didier DUMONT - BEM Consulting -\" \/>\n<meta property=\"og:description\" content=\"Didier DUMONT, fondateur de BEM CONSULTINGD est l&#039;invit\u00e9 de l&#039;\u00e9mission &quot;Lean Manufacturing&quot; et de la production Agile sur Machines Production TV\" \/>\n<meta property=\"og:url\" content=\"https:\/\/www.machinesproduction.fr\/tv\/didier-dumont-bem-consulting\/\" \/>\n<meta property=\"og:site_name\" content=\"Machines Production TV\" \/>\n<meta property=\"article:modified_time\" content=\"2022-05-06T09:10:50+00:00\" \/>\n<meta property=\"og:image\" content=\"https:\/\/www.machinesproduction.fr\/tv\/wp-content\/uploads\/2022\/05\/Didier-Dumont-BEM-CONSULTING.png\" \/>\n<meta name=\"twitter:card\" content=\"summary_large_image\" \/>\n<meta name=\"twitter:label1\" content=\"Dur\u00e9e de lecture estim\u00e9e\" \/>\n\t<meta name=\"twitter:data1\" content=\"2 minutes\" \/>\n<script type=\"application\/ld+json\" class=\"yoast-schema-graph\">{\"@context\":\"https:\/\/schema.org\",\"@graph\":[{\"@type\":\"WebPage\",\"@id\":\"https:\/\/www.machinesproduction.fr\/tv\/didier-dumont-bem-consulting\/\",\"url\":\"https:\/\/www.machinesproduction.fr\/tv\/didier-dumont-bem-consulting\/\",\"name\":\"Didier DUMONT - BEM Consulting -\",\"isPartOf\":{\"@id\":\"https:\/\/www.machinesproduction.fr\/tv\/#website\"},\"primaryImageOfPage\":{\"@id\":\"https:\/\/www.machinesproduction.fr\/tv\/didier-dumont-bem-consulting\/#primaryimage\"},\"image\":{\"@id\":\"https:\/\/www.machinesproduction.fr\/tv\/didier-dumont-bem-consulting\/#primaryimage\"},\"thumbnailUrl\":\"https:\/\/www.machinesproduction.fr\/tv\/wp-content\/uploads\/2022\/05\/Didier-Dumont-BEM-CONSULTING.png\",\"datePublished\":\"2022-05-05T19:11:10+00:00\",\"dateModified\":\"2022-05-06T09:10:50+00:00\",\"description\":\"Didier DUMONT, fondateur de BEM CONSULTINGD est l'invit\u00e9 de l'\u00e9mission \\\"Lean Manufacturing\\\" et de la production Agile sur Machines Production TV\",\"breadcrumb\":{\"@id\":\"https:\/\/www.machinesproduction.fr\/tv\/didier-dumont-bem-consulting\/#breadcrumb\"},\"inLanguage\":\"fr-FR\",\"potentialAction\":[{\"@type\":\"ReadAction\",\"target\":[\"https:\/\/www.machinesproduction.fr\/tv\/didier-dumont-bem-consulting\/\"]}]},{\"@type\":\"ImageObject\",\"inLanguage\":\"fr-FR\",\"@id\":\"https:\/\/www.machinesproduction.fr\/tv\/didier-dumont-bem-consulting\/#primaryimage\",\"url\":\"https:\/\/www.machinesproduction.fr\/tv\/wp-content\/uploads\/2022\/05\/Didier-Dumont-BEM-CONSULTING.png\",\"contentUrl\":\"https:\/\/www.machinesproduction.fr\/tv\/wp-content\/uploads\/2022\/05\/Didier-Dumont-BEM-CONSULTING.png\",\"width\":600,\"height\":374},{\"@type\":\"BreadcrumbList\",\"@id\":\"https:\/\/www.machinesproduction.fr\/tv\/didier-dumont-bem-consulting\/#breadcrumb\",\"itemListElement\":[{\"@type\":\"ListItem\",\"position\":1,\"name\":\"Home\",\"item\":\"https:\/\/www.machinesproduction.fr\/tv\/\"},{\"@type\":\"ListItem\",\"position\":2,\"name\":\"Didier DUMONT &#8211; BEM Consulting\"}]},{\"@type\":\"WebSite\",\"@id\":\"https:\/\/www.machinesproduction.fr\/tv\/#website\",\"url\":\"https:\/\/www.machinesproduction.fr\/tv\/\",\"name\":\"Machines Production TV\",\"description\":\"\",\"potentialAction\":[{\"@type\":\"SearchAction\",\"target\":{\"@type\":\"EntryPoint\",\"urlTemplate\":\"https:\/\/www.machinesproduction.fr\/tv\/?s={search_term_string}\"},\"query-input\":{\"@type\":\"PropertyValueSpecification\",\"valueRequired\":true,\"valueName\":\"search_term_string\"}}],\"inLanguage\":\"fr-FR\"}]}<\/script>\n<!-- \/ Yoast SEO plugin. -->","yoast_head_json":{"title":"Didier DUMONT - BEM Consulting -","description":"Didier DUMONT, fondateur de BEM CONSULTINGD est l'invit\u00e9 de l'\u00e9mission \"Lean Manufacturing\" et de la production Agile sur Machines Production TV","robots":{"index":"index","follow":"follow","max-snippet":"max-snippet:-1","max-image-preview":"max-image-preview:large","max-video-preview":"max-video-preview:-1"},"canonical":"https:\/\/www.machinesproduction.fr\/tv\/didier-dumont-bem-consulting\/","og_locale":"fr_FR","og_type":"article","og_title":"Didier DUMONT - BEM Consulting -","og_description":"Didier DUMONT, fondateur de BEM CONSULTINGD est l'invit\u00e9 de l'\u00e9mission \"Lean Manufacturing\" et de la production Agile sur Machines Production TV","og_url":"https:\/\/www.machinesproduction.fr\/tv\/didier-dumont-bem-consulting\/","og_site_name":"Machines Production TV","article_modified_time":"2022-05-06T09:10:50+00:00","og_image":[{"url":"https:\/\/www.machinesproduction.fr\/tv\/wp-content\/uploads\/2022\/05\/Didier-Dumont-BEM-CONSULTING.png","type":"","width":"","height":""}],"twitter_card":"summary_large_image","twitter_misc":{"Dur\u00e9e de lecture estim\u00e9e":"2 minutes"},"schema":{"@context":"https:\/\/schema.org","@graph":[{"@type":"WebPage","@id":"https:\/\/www.machinesproduction.fr\/tv\/didier-dumont-bem-consulting\/","url":"https:\/\/www.machinesproduction.fr\/tv\/didier-dumont-bem-consulting\/","name":"Didier DUMONT - BEM Consulting -","isPartOf":{"@id":"https:\/\/www.machinesproduction.fr\/tv\/#website"},"primaryImageOfPage":{"@id":"https:\/\/www.machinesproduction.fr\/tv\/didier-dumont-bem-consulting\/#primaryimage"},"image":{"@id":"https:\/\/www.machinesproduction.fr\/tv\/didier-dumont-bem-consulting\/#primaryimage"},"thumbnailUrl":"https:\/\/www.machinesproduction.fr\/tv\/wp-content\/uploads\/2022\/05\/Didier-Dumont-BEM-CONSULTING.png","datePublished":"2022-05-05T19:11:10+00:00","dateModified":"2022-05-06T09:10:50+00:00","description":"Didier DUMONT, fondateur de BEM CONSULTINGD est l'invit\u00e9 de l'\u00e9mission \"Lean Manufacturing\" et de la production Agile sur Machines Production TV","breadcrumb":{"@id":"https:\/\/www.machinesproduction.fr\/tv\/didier-dumont-bem-consulting\/#breadcrumb"},"inLanguage":"fr-FR","potentialAction":[{"@type":"ReadAction","target":["https:\/\/www.machinesproduction.fr\/tv\/didier-dumont-bem-consulting\/"]}]},{"@type":"ImageObject","inLanguage":"fr-FR","@id":"https:\/\/www.machinesproduction.fr\/tv\/didier-dumont-bem-consulting\/#primaryimage","url":"https:\/\/www.machinesproduction.fr\/tv\/wp-content\/uploads\/2022\/05\/Didier-Dumont-BEM-CONSULTING.png","contentUrl":"https:\/\/www.machinesproduction.fr\/tv\/wp-content\/uploads\/2022\/05\/Didier-Dumont-BEM-CONSULTING.png","width":600,"height":374},{"@type":"BreadcrumbList","@id":"https:\/\/www.machinesproduction.fr\/tv\/didier-dumont-bem-consulting\/#breadcrumb","itemListElement":[{"@type":"ListItem","position":1,"name":"Home","item":"https:\/\/www.machinesproduction.fr\/tv\/"},{"@type":"ListItem","position":2,"name":"Didier DUMONT &#8211; BEM Consulting"}]},{"@type":"WebSite","@id":"https:\/\/www.machinesproduction.fr\/tv\/#website","url":"https:\/\/www.machinesproduction.fr\/tv\/","name":"Machines Production TV","description":"","potentialAction":[{"@type":"SearchAction","target":{"@type":"EntryPoint","urlTemplate":"https:\/\/www.machinesproduction.fr\/tv\/?s={search_term_string}"},"query-input":{"@type":"PropertyValueSpecification","valueRequired":true,"valueName":"search_term_string"}}],"inLanguage":"fr-FR"}]}},"_links":{"self":[{"href":"https:\/\/www.machinesproduction.fr\/tv\/wp-json\/wp\/v2\/pages\/1380","targetHints":{"allow":["GET"]}}],"collection":[{"href":"https:\/\/www.machinesproduction.fr\/tv\/wp-json\/wp\/v2\/pages"}],"about":[{"href":"https:\/\/www.machinesproduction.fr\/tv\/wp-json\/wp\/v2\/types\/page"}],"author":[{"embeddable":true,"href":"https:\/\/www.machinesproduction.fr\/tv\/wp-json\/wp\/v2\/users\/3"}],"replies":[{"embeddable":true,"href":"https:\/\/www.machinesproduction.fr\/tv\/wp-json\/wp\/v2\/comments?post=1380"}],"version-history":[{"count":5,"href":"https:\/\/www.machinesproduction.fr\/tv\/wp-json\/wp\/v2\/pages\/1380\/revisions"}],"predecessor-version":[{"id":1387,"href":"https:\/\/www.machinesproduction.fr\/tv\/wp-json\/wp\/v2\/pages\/1380\/revisions\/1387"}],"wp:attachment":[{"href":"https:\/\/www.machinesproduction.fr\/tv\/wp-json\/wp\/v2\/media?parent=1380"}],"wp:term":[{"taxonomy":"wf_page_folders","embeddable":true,"href":"https:\/\/www.machinesproduction.fr\/tv\/wp-json\/wp\/v2\/wf_page_folders?post=1380"}],"curies":[{"name":"wp","href":"https:\/\/api.w.org\/{rel}","templated":true}]}}