{"id":1349,"date":"2022-04-26T12:09:45","date_gmt":"2022-04-26T11:09:45","guid":{"rendered":"https:\/\/www.machinesproduction.fr\/tv\/?page_id=1349"},"modified":"2022-04-26T12:20:03","modified_gmt":"2022-04-26T11:20:03","slug":"reportage-10-ventura-mecanics","status":"publish","type":"page","link":"https:\/\/www.machinesproduction.fr\/tv\/reportage-10-ventura-mecanics\/","title":{"rendered":"Reportage 10 &#8211; VENTURA MECANICS"},"content":{"rendered":"<section class=\"wpb-content-wrapper\"><p>[vc_row][vc_column][vc_column_text]<\/p>\n<h3><span style=\"color: #ffffff;\">Reportage r\u00e9alis\u00e9 dans le cadre de l&#8217;\u00e9mission #11<a href=\"https:\/\/www.machinesproduction.fr\/tv\/emission-10-retrofit\/\"> &#8220;RETROFIT&#8221;<\/a><\/span><\/h3>\n<p>[\/vc_column_text][vc_video link=&#8221;https:\/\/youtu.be\/bs0exun0PfM&#8221;][vc_btn title=&#8221;Retour aux REPORTAGES&#8221; style=&#8221;custom&#8221; custom_background=&#8221;#009ddf&#8221; custom_text=&#8221;#ffffff&#8221; shape=&#8221;round&#8221; i_icon_fontawesome=&#8221;fas fa-arrow-left&#8221; add_icon=&#8221;true&#8221; link=&#8221;url:https%3A%2F%2Fwww.machinesproduction.fr%2Ftv%2Fles-reportages%2F|title:les%20Focus&#8221;][\/vc_column][\/vc_row]<\/p>\n<\/section>","protected":false},"excerpt":{"rendered":"<p>[vc_row][vc_column][vc_column_text] Reportage r\u00e9alis\u00e9 dans le cadre de l&#8217;\u00e9mission #11 &#8220;RETROFIT&#8221; [\/vc_column_text][vc_video link=&#8221;https:\/\/youtu.be\/bs0exun0PfM&#8221;][vc_btn title=&#8221;Retour aux REPORTAGES&#8221; style=&#8221;custom&#8221; custom_background=&#8221;#009ddf&#8221; custom_text=&#8221;#ffffff&#8221; shape=&#8221;round&#8221; i_icon_fontawesome=&#8221;fas fa-arrow-left&#8221; add_icon=&#8221;true&#8221; link=&#8221;url:https%3A%2F%2Fwww.machinesproduction.fr%2Ftv%2Fles-reportages%2F|title:les%20Focus&#8221;][\/vc_column][\/vc_row]<\/p>\n","protected":false},"author":3,"featured_media":0,"parent":0,"menu_order":0,"comment_status":"closed","ping_status":"closed","template":"","meta":{"_monsterinsights_skip_tracking":false,"_monsterinsights_sitenote_active":false,"_monsterinsights_sitenote_note":"","_monsterinsights_sitenote_category":0,"footnotes":""},"wf_page_folders":[12],"class_list":["post-1349","page","type-page","status-publish","hentry"],"yoast_head":"<!-- This site is optimized with the Yoast SEO plugin v27.1.1 - https:\/\/yoast.com\/product\/yoast-seo-wordpress\/ -->\n<title>Reportage VENTURA MECANICS - Tours automatiques et mandrins<\/title>\n<meta name=\"description\" content=\"Reportage sur le Retrofit de Machines Industrielles : A la d\u00e9couverte des solutions du groupe VENTURA MECANICS, r\u00e9alis\u00e9 par Machines Production TV.\" \/>\n<meta name=\"robots\" content=\"index, follow, max-snippet:-1, max-image-preview:large, max-video-preview:-1\" \/>\n<link rel=\"canonical\" href=\"https:\/\/www.machinesproduction.fr\/tv\/reportage-10-ventura-mecanics\/\" \/>\n<meta property=\"og:locale\" content=\"fr_FR\" \/>\n<meta property=\"og:type\" content=\"article\" \/>\n<meta property=\"og:title\" content=\"Reportage VENTURA MECANICS - Tours automatiques et mandrins\" \/>\n<meta property=\"og:description\" content=\"Reportage sur le Retrofit de Machines Industrielles : A la d\u00e9couverte des solutions du groupe VENTURA MECANICS, r\u00e9alis\u00e9 par Machines Production TV.\" \/>\n<meta property=\"og:url\" content=\"https:\/\/www.machinesproduction.fr\/tv\/reportage-10-ventura-mecanics\/\" \/>\n<meta property=\"og:site_name\" content=\"Machines Production TV\" \/>\n<meta property=\"article:modified_time\" content=\"2022-04-26T11:20:03+00:00\" \/>\n<meta name=\"twitter:card\" content=\"summary_large_image\" \/>\n<meta name=\"twitter:label1\" content=\"Dur\u00e9e de lecture estim\u00e9e\" \/>\n\t<meta name=\"twitter:data1\" content=\"1 minute\" \/>\n<script type=\"application\/ld+json\" class=\"yoast-schema-graph\">{\"@context\":\"https:\/\/schema.org\",\"@graph\":[{\"@type\":\"WebPage\",\"@id\":\"https:\/\/www.machinesproduction.fr\/tv\/reportage-10-ventura-mecanics\/\",\"url\":\"https:\/\/www.machinesproduction.fr\/tv\/reportage-10-ventura-mecanics\/\",\"name\":\"Reportage VENTURA MECANICS - Tours automatiques et mandrins\",\"isPartOf\":{\"@id\":\"https:\/\/www.machinesproduction.fr\/tv\/#website\"},\"datePublished\":\"2022-04-26T11:09:45+00:00\",\"dateModified\":\"2022-04-26T11:20:03+00:00\",\"description\":\"Reportage sur le Retrofit de Machines Industrielles : A la d\u00e9couverte des solutions du groupe VENTURA MECANICS, r\u00e9alis\u00e9 par Machines Production TV.\",\"breadcrumb\":{\"@id\":\"https:\/\/www.machinesproduction.fr\/tv\/reportage-10-ventura-mecanics\/#breadcrumb\"},\"inLanguage\":\"fr-FR\",\"potentialAction\":[{\"@type\":\"ReadAction\",\"target\":[\"https:\/\/www.machinesproduction.fr\/tv\/reportage-10-ventura-mecanics\/\"]}]},{\"@type\":\"BreadcrumbList\",\"@id\":\"https:\/\/www.machinesproduction.fr\/tv\/reportage-10-ventura-mecanics\/#breadcrumb\",\"itemListElement\":[{\"@type\":\"ListItem\",\"position\":1,\"name\":\"Home\",\"item\":\"https:\/\/www.machinesproduction.fr\/tv\/\"},{\"@type\":\"ListItem\",\"position\":2,\"name\":\"Reportage 10 &#8211; VENTURA MECANICS\"}]},{\"@type\":\"WebSite\",\"@id\":\"https:\/\/www.machinesproduction.fr\/tv\/#website\",\"url\":\"https:\/\/www.machinesproduction.fr\/tv\/\",\"name\":\"Machines Production TV\",\"description\":\"\",\"potentialAction\":[{\"@type\":\"SearchAction\",\"target\":{\"@type\":\"EntryPoint\",\"urlTemplate\":\"https:\/\/www.machinesproduction.fr\/tv\/?s={search_term_string}\"},\"query-input\":{\"@type\":\"PropertyValueSpecification\",\"valueRequired\":true,\"valueName\":\"search_term_string\"}}],\"inLanguage\":\"fr-FR\"}]}<\/script>\n<!-- \/ Yoast SEO plugin. -->","yoast_head_json":{"title":"Reportage VENTURA MECANICS - Tours automatiques et mandrins","description":"Reportage sur le Retrofit de Machines Industrielles : A la d\u00e9couverte des solutions du groupe VENTURA MECANICS, r\u00e9alis\u00e9 par Machines Production TV.","robots":{"index":"index","follow":"follow","max-snippet":"max-snippet:-1","max-image-preview":"max-image-preview:large","max-video-preview":"max-video-preview:-1"},"canonical":"https:\/\/www.machinesproduction.fr\/tv\/reportage-10-ventura-mecanics\/","og_locale":"fr_FR","og_type":"article","og_title":"Reportage VENTURA MECANICS - Tours automatiques et mandrins","og_description":"Reportage sur le Retrofit de Machines Industrielles : A la d\u00e9couverte des solutions du groupe VENTURA MECANICS, r\u00e9alis\u00e9 par Machines Production TV.","og_url":"https:\/\/www.machinesproduction.fr\/tv\/reportage-10-ventura-mecanics\/","og_site_name":"Machines Production TV","article_modified_time":"2022-04-26T11:20:03+00:00","twitter_card":"summary_large_image","twitter_misc":{"Dur\u00e9e de lecture estim\u00e9e":"1 minute"},"schema":{"@context":"https:\/\/schema.org","@graph":[{"@type":"WebPage","@id":"https:\/\/www.machinesproduction.fr\/tv\/reportage-10-ventura-mecanics\/","url":"https:\/\/www.machinesproduction.fr\/tv\/reportage-10-ventura-mecanics\/","name":"Reportage VENTURA MECANICS - Tours automatiques et mandrins","isPartOf":{"@id":"https:\/\/www.machinesproduction.fr\/tv\/#website"},"datePublished":"2022-04-26T11:09:45+00:00","dateModified":"2022-04-26T11:20:03+00:00","description":"Reportage sur le Retrofit de Machines Industrielles : A la d\u00e9couverte des solutions du groupe VENTURA MECANICS, r\u00e9alis\u00e9 par Machines Production TV.","breadcrumb":{"@id":"https:\/\/www.machinesproduction.fr\/tv\/reportage-10-ventura-mecanics\/#breadcrumb"},"inLanguage":"fr-FR","potentialAction":[{"@type":"ReadAction","target":["https:\/\/www.machinesproduction.fr\/tv\/reportage-10-ventura-mecanics\/"]}]},{"@type":"BreadcrumbList","@id":"https:\/\/www.machinesproduction.fr\/tv\/reportage-10-ventura-mecanics\/#breadcrumb","itemListElement":[{"@type":"ListItem","position":1,"name":"Home","item":"https:\/\/www.machinesproduction.fr\/tv\/"},{"@type":"ListItem","position":2,"name":"Reportage 10 &#8211; VENTURA MECANICS"}]},{"@type":"WebSite","@id":"https:\/\/www.machinesproduction.fr\/tv\/#website","url":"https:\/\/www.machinesproduction.fr\/tv\/","name":"Machines Production TV","description":"","potentialAction":[{"@type":"SearchAction","target":{"@type":"EntryPoint","urlTemplate":"https:\/\/www.machinesproduction.fr\/tv\/?s={search_term_string}"},"query-input":{"@type":"PropertyValueSpecification","valueRequired":true,"valueName":"search_term_string"}}],"inLanguage":"fr-FR"}]}},"_links":{"self":[{"href":"https:\/\/www.machinesproduction.fr\/tv\/wp-json\/wp\/v2\/pages\/1349","targetHints":{"allow":["GET"]}}],"collection":[{"href":"https:\/\/www.machinesproduction.fr\/tv\/wp-json\/wp\/v2\/pages"}],"about":[{"href":"https:\/\/www.machinesproduction.fr\/tv\/wp-json\/wp\/v2\/types\/page"}],"author":[{"embeddable":true,"href":"https:\/\/www.machinesproduction.fr\/tv\/wp-json\/wp\/v2\/users\/3"}],"replies":[{"embeddable":true,"href":"https:\/\/www.machinesproduction.fr\/tv\/wp-json\/wp\/v2\/comments?post=1349"}],"version-history":[{"count":2,"href":"https:\/\/www.machinesproduction.fr\/tv\/wp-json\/wp\/v2\/pages\/1349\/revisions"}],"predecessor-version":[{"id":1351,"href":"https:\/\/www.machinesproduction.fr\/tv\/wp-json\/wp\/v2\/pages\/1349\/revisions\/1351"}],"wp:attachment":[{"href":"https:\/\/www.machinesproduction.fr\/tv\/wp-json\/wp\/v2\/media?parent=1349"}],"wp:term":[{"taxonomy":"wf_page_folders","embeddable":true,"href":"https:\/\/www.machinesproduction.fr\/tv\/wp-json\/wp\/v2\/wf_page_folders?post=1349"}],"curies":[{"name":"wp","href":"https:\/\/api.w.org\/{rel}","templated":true}]}}