{"id":1287,"date":"2022-03-10T21:43:01","date_gmt":"2022-03-10T20:43:01","guid":{"rendered":"https:\/\/www.machinesproduction.fr\/tv\/?page_id=1287"},"modified":"2022-03-11T16:55:02","modified_gmt":"2022-03-11T15:55:02","slug":"live-13-fabriquer-ses-outils-en-impression-3d-simodec-2022","status":"publish","type":"page","link":"https:\/\/www.machinesproduction.fr\/tv\/live-13-fabriquer-ses-outils-en-impression-3d-simodec-2022\/","title":{"rendered":"Live 13 &#8211; Fabriquer ses outils en impression 3D &#8211; Simodec 2022"},"content":{"rendered":"<section class=\"wpb-content-wrapper\"><p>[vc_row][vc_column][vc_column_text]<\/p>\n<h1><img loading=\"lazy\" decoding=\"async\" class=\"wp-image-1275 alignleft\" src=\"https:\/\/www.machinesproduction.fr\/tv\/wp-content\/uploads\/2022\/03\/simodec-2022-logo.png\" alt=\"\" width=\"270\" height=\"95\" \/><span style=\"color: #459bd9;\">Fabriquer ses outils en impression 3D<\/span><\/h1>\n<h1><span style=\"color: #459bd9;\">SIMODEC 2022<\/span><\/h1>\n<h1><span style=\"color: #459bd9;\"><strong> \u00a0<\/strong><\/span><\/h1>\n<h2><\/h2>\n<p>[\/vc_column_text][vc_column_text]<span style=\"font-size: 14pt;\">Si l\u2019impression 3D tend \u00e0 \u00eatre destin\u00e9e \u00e0 la production de pi\u00e8ces en s\u00e9rie, on oublie qu\u2019elle est aussi employ\u00e9e pour r\u00e9aliser toutes sortes d\u2019outillages indispensables dans un atelier de m\u00e9canique. <\/span><\/p>\n<p><span style=\"font-size: 14pt;\">Retrouvez dans ce LIVE du Simodec comment la fabrication additive peut vous faire gagner du temps et des \u00e9conomies dans vos outillages. <\/span><\/p>\n<ul>\n<li><span style=\"font-size: 14pt;\">Sylvain Charlon, responsable commercial de l&#8217;activit\u00e9 3D chez Decip <\/span><\/li>\n<li><span style=\"font-size: 14pt;\">S\u00e9bastien Bouilloux, pr\u00e9sident fondateur de Seb&#8217;Automatisme <\/span><\/li>\n<\/ul>\n<p>&nbsp;<\/p>\n<p><em><span style=\"font-size: 14pt;\">Animation : J\u00e9r\u00f4me Meyrand<\/span><\/em><br \/>\n<em><span style=\"font-size: 14pt;\">R\u00e9alisation Vid\u00e9o : ltvprod.com<\/span><\/em>[\/vc_column_text][vc_video link=&#8221;https:\/\/www.youtube.com\/watch?v=SL5zozOkwqw&#8221;][vc_btn title=&#8221;Retour aux MP LIVE&#8221; style=&#8221;custom&#8221; custom_background=&#8221;#009ddf&#8221; custom_text=&#8221;#ffffff&#8221; shape=&#8221;round&#8221; i_icon_fontawesome=&#8221;fas fa-arrow-left&#8221; add_icon=&#8221;true&#8221; link=&#8221;url:https%3A%2F%2Fwww.machinesproduction.fr%2Ftv%2Fles-mp-live%2F|title:les%20Focus&#8221;][\/vc_column][\/vc_row]<\/p>\n<\/section>","protected":false},"excerpt":{"rendered":"<p>[vc_row][vc_column][vc_column_text] Fabriquer ses outils en impression 3D SIMODEC 2022 \u00a0 [\/vc_column_text][vc_column_text]Si l\u2019impression 3D tend \u00e0 \u00eatre destin\u00e9e \u00e0 la production de pi\u00e8ces en s\u00e9rie, on oublie qu\u2019elle est aussi employ\u00e9e pour r\u00e9aliser toutes sortes d\u2019outillages indispensables dans un atelier de m\u00e9canique. Retrouvez dans ce LIVE du Simodec comment la fabrication additive peut vous faire gagner [&hellip;]<\/p>\n","protected":false},"author":3,"featured_media":0,"parent":0,"menu_order":0,"comment_status":"closed","ping_status":"closed","template":"","meta":{"_monsterinsights_skip_tracking":false,"_monsterinsights_sitenote_active":false,"_monsterinsights_sitenote_note":"","_monsterinsights_sitenote_category":0,"footnotes":""},"wf_page_folders":[13],"class_list":["post-1287","page","type-page","status-publish","hentry"],"yoast_head":"<!-- This site is optimized with the Yoast SEO plugin v27.1.1 - https:\/\/yoast.com\/product\/yoast-seo-wordpress\/ -->\n<title>Live 13 - Fabriquer ses outils en impression 3D - Simodec 2022<\/title>\n<meta name=\"description\" content=\"En direct du salon Simodec 2022, un plateau d&#039;interviews pour \u00e9changer sur fabrication des outils par imprimante 3D\" \/>\n<meta name=\"robots\" content=\"index, follow, max-snippet:-1, max-image-preview:large, max-video-preview:-1\" \/>\n<link rel=\"canonical\" href=\"https:\/\/www.machinesproduction.fr\/tv\/live-13-fabriquer-ses-outils-en-impression-3d-simodec-2022\/\" \/>\n<meta property=\"og:locale\" content=\"fr_FR\" \/>\n<meta property=\"og:type\" content=\"article\" \/>\n<meta property=\"og:title\" content=\"Live 13 - Fabriquer ses outils en impression 3D - Simodec 2022\" \/>\n<meta property=\"og:description\" content=\"En direct du salon Simodec 2022, un plateau d&#039;interviews pour \u00e9changer sur fabrication des outils par imprimante 3D\" \/>\n<meta property=\"og:url\" content=\"https:\/\/www.machinesproduction.fr\/tv\/live-13-fabriquer-ses-outils-en-impression-3d-simodec-2022\/\" \/>\n<meta property=\"og:site_name\" content=\"Machines Production TV\" \/>\n<meta property=\"article:modified_time\" content=\"2022-03-11T15:55:02+00:00\" \/>\n<meta property=\"og:image\" content=\"https:\/\/www.machinesproduction.fr\/tv\/wp-content\/uploads\/2022\/03\/simodec-2022-logo.png\" \/>\n<meta name=\"twitter:card\" content=\"summary_large_image\" \/>\n<meta name=\"twitter:label1\" content=\"Dur\u00e9e de lecture estim\u00e9e\" \/>\n\t<meta name=\"twitter:data1\" content=\"1 minute\" \/>\n<script type=\"application\/ld+json\" class=\"yoast-schema-graph\">{\"@context\":\"https:\/\/schema.org\",\"@graph\":[{\"@type\":\"WebPage\",\"@id\":\"https:\/\/www.machinesproduction.fr\/tv\/live-13-fabriquer-ses-outils-en-impression-3d-simodec-2022\/\",\"url\":\"https:\/\/www.machinesproduction.fr\/tv\/live-13-fabriquer-ses-outils-en-impression-3d-simodec-2022\/\",\"name\":\"Live 13 - Fabriquer ses outils en impression 3D - Simodec 2022\",\"isPartOf\":{\"@id\":\"https:\/\/www.machinesproduction.fr\/tv\/#website\"},\"primaryImageOfPage\":{\"@id\":\"https:\/\/www.machinesproduction.fr\/tv\/live-13-fabriquer-ses-outils-en-impression-3d-simodec-2022\/#primaryimage\"},\"image\":{\"@id\":\"https:\/\/www.machinesproduction.fr\/tv\/live-13-fabriquer-ses-outils-en-impression-3d-simodec-2022\/#primaryimage\"},\"thumbnailUrl\":\"https:\/\/www.machinesproduction.fr\/tv\/wp-content\/uploads\/2022\/03\/simodec-2022-logo.png\",\"datePublished\":\"2022-03-10T20:43:01+00:00\",\"dateModified\":\"2022-03-11T15:55:02+00:00\",\"description\":\"En direct du salon Simodec 2022, un plateau d'interviews pour \u00e9changer sur fabrication des outils par imprimante 3D\",\"breadcrumb\":{\"@id\":\"https:\/\/www.machinesproduction.fr\/tv\/live-13-fabriquer-ses-outils-en-impression-3d-simodec-2022\/#breadcrumb\"},\"inLanguage\":\"fr-FR\",\"potentialAction\":[{\"@type\":\"ReadAction\",\"target\":[\"https:\/\/www.machinesproduction.fr\/tv\/live-13-fabriquer-ses-outils-en-impression-3d-simodec-2022\/\"]}]},{\"@type\":\"ImageObject\",\"inLanguage\":\"fr-FR\",\"@id\":\"https:\/\/www.machinesproduction.fr\/tv\/live-13-fabriquer-ses-outils-en-impression-3d-simodec-2022\/#primaryimage\",\"url\":\"https:\/\/www.machinesproduction.fr\/tv\/wp-content\/uploads\/2022\/03\/simodec-2022-logo.png\",\"contentUrl\":\"https:\/\/www.machinesproduction.fr\/tv\/wp-content\/uploads\/2022\/03\/simodec-2022-logo.png\",\"width\":778,\"height\":274},{\"@type\":\"BreadcrumbList\",\"@id\":\"https:\/\/www.machinesproduction.fr\/tv\/live-13-fabriquer-ses-outils-en-impression-3d-simodec-2022\/#breadcrumb\",\"itemListElement\":[{\"@type\":\"ListItem\",\"position\":1,\"name\":\"Home\",\"item\":\"https:\/\/www.machinesproduction.fr\/tv\/\"},{\"@type\":\"ListItem\",\"position\":2,\"name\":\"Live 13 &#8211; Fabriquer ses outils en impression 3D &#8211; Simodec 2022\"}]},{\"@type\":\"WebSite\",\"@id\":\"https:\/\/www.machinesproduction.fr\/tv\/#website\",\"url\":\"https:\/\/www.machinesproduction.fr\/tv\/\",\"name\":\"Machines Production TV\",\"description\":\"\",\"potentialAction\":[{\"@type\":\"SearchAction\",\"target\":{\"@type\":\"EntryPoint\",\"urlTemplate\":\"https:\/\/www.machinesproduction.fr\/tv\/?s={search_term_string}\"},\"query-input\":{\"@type\":\"PropertyValueSpecification\",\"valueRequired\":true,\"valueName\":\"search_term_string\"}}],\"inLanguage\":\"fr-FR\"}]}<\/script>\n<!-- \/ Yoast SEO plugin. -->","yoast_head_json":{"title":"Live 13 - Fabriquer ses outils en impression 3D - Simodec 2022","description":"En direct du salon Simodec 2022, un plateau d'interviews pour \u00e9changer sur fabrication des outils par imprimante 3D","robots":{"index":"index","follow":"follow","max-snippet":"max-snippet:-1","max-image-preview":"max-image-preview:large","max-video-preview":"max-video-preview:-1"},"canonical":"https:\/\/www.machinesproduction.fr\/tv\/live-13-fabriquer-ses-outils-en-impression-3d-simodec-2022\/","og_locale":"fr_FR","og_type":"article","og_title":"Live 13 - Fabriquer ses outils en impression 3D - Simodec 2022","og_description":"En direct du salon Simodec 2022, un plateau d'interviews pour \u00e9changer sur fabrication des outils par imprimante 3D","og_url":"https:\/\/www.machinesproduction.fr\/tv\/live-13-fabriquer-ses-outils-en-impression-3d-simodec-2022\/","og_site_name":"Machines Production TV","article_modified_time":"2022-03-11T15:55:02+00:00","og_image":[{"url":"https:\/\/www.machinesproduction.fr\/tv\/wp-content\/uploads\/2022\/03\/simodec-2022-logo.png","type":"","width":"","height":""}],"twitter_card":"summary_large_image","twitter_misc":{"Dur\u00e9e de lecture estim\u00e9e":"1 minute"},"schema":{"@context":"https:\/\/schema.org","@graph":[{"@type":"WebPage","@id":"https:\/\/www.machinesproduction.fr\/tv\/live-13-fabriquer-ses-outils-en-impression-3d-simodec-2022\/","url":"https:\/\/www.machinesproduction.fr\/tv\/live-13-fabriquer-ses-outils-en-impression-3d-simodec-2022\/","name":"Live 13 - Fabriquer ses outils en impression 3D - Simodec 2022","isPartOf":{"@id":"https:\/\/www.machinesproduction.fr\/tv\/#website"},"primaryImageOfPage":{"@id":"https:\/\/www.machinesproduction.fr\/tv\/live-13-fabriquer-ses-outils-en-impression-3d-simodec-2022\/#primaryimage"},"image":{"@id":"https:\/\/www.machinesproduction.fr\/tv\/live-13-fabriquer-ses-outils-en-impression-3d-simodec-2022\/#primaryimage"},"thumbnailUrl":"https:\/\/www.machinesproduction.fr\/tv\/wp-content\/uploads\/2022\/03\/simodec-2022-logo.png","datePublished":"2022-03-10T20:43:01+00:00","dateModified":"2022-03-11T15:55:02+00:00","description":"En direct du salon Simodec 2022, un plateau d'interviews pour \u00e9changer sur fabrication des outils par imprimante 3D","breadcrumb":{"@id":"https:\/\/www.machinesproduction.fr\/tv\/live-13-fabriquer-ses-outils-en-impression-3d-simodec-2022\/#breadcrumb"},"inLanguage":"fr-FR","potentialAction":[{"@type":"ReadAction","target":["https:\/\/www.machinesproduction.fr\/tv\/live-13-fabriquer-ses-outils-en-impression-3d-simodec-2022\/"]}]},{"@type":"ImageObject","inLanguage":"fr-FR","@id":"https:\/\/www.machinesproduction.fr\/tv\/live-13-fabriquer-ses-outils-en-impression-3d-simodec-2022\/#primaryimage","url":"https:\/\/www.machinesproduction.fr\/tv\/wp-content\/uploads\/2022\/03\/simodec-2022-logo.png","contentUrl":"https:\/\/www.machinesproduction.fr\/tv\/wp-content\/uploads\/2022\/03\/simodec-2022-logo.png","width":778,"height":274},{"@type":"BreadcrumbList","@id":"https:\/\/www.machinesproduction.fr\/tv\/live-13-fabriquer-ses-outils-en-impression-3d-simodec-2022\/#breadcrumb","itemListElement":[{"@type":"ListItem","position":1,"name":"Home","item":"https:\/\/www.machinesproduction.fr\/tv\/"},{"@type":"ListItem","position":2,"name":"Live 13 &#8211; Fabriquer ses outils en impression 3D &#8211; Simodec 2022"}]},{"@type":"WebSite","@id":"https:\/\/www.machinesproduction.fr\/tv\/#website","url":"https:\/\/www.machinesproduction.fr\/tv\/","name":"Machines Production TV","description":"","potentialAction":[{"@type":"SearchAction","target":{"@type":"EntryPoint","urlTemplate":"https:\/\/www.machinesproduction.fr\/tv\/?s={search_term_string}"},"query-input":{"@type":"PropertyValueSpecification","valueRequired":true,"valueName":"search_term_string"}}],"inLanguage":"fr-FR"}]}},"_links":{"self":[{"href":"https:\/\/www.machinesproduction.fr\/tv\/wp-json\/wp\/v2\/pages\/1287","targetHints":{"allow":["GET"]}}],"collection":[{"href":"https:\/\/www.machinesproduction.fr\/tv\/wp-json\/wp\/v2\/pages"}],"about":[{"href":"https:\/\/www.machinesproduction.fr\/tv\/wp-json\/wp\/v2\/types\/page"}],"author":[{"embeddable":true,"href":"https:\/\/www.machinesproduction.fr\/tv\/wp-json\/wp\/v2\/users\/3"}],"replies":[{"embeddable":true,"href":"https:\/\/www.machinesproduction.fr\/tv\/wp-json\/wp\/v2\/comments?post=1287"}],"version-history":[{"count":4,"href":"https:\/\/www.machinesproduction.fr\/tv\/wp-json\/wp\/v2\/pages\/1287\/revisions"}],"predecessor-version":[{"id":1294,"href":"https:\/\/www.machinesproduction.fr\/tv\/wp-json\/wp\/v2\/pages\/1287\/revisions\/1294"}],"wp:attachment":[{"href":"https:\/\/www.machinesproduction.fr\/tv\/wp-json\/wp\/v2\/media?parent=1287"}],"wp:term":[{"taxonomy":"wf_page_folders","embeddable":true,"href":"https:\/\/www.machinesproduction.fr\/tv\/wp-json\/wp\/v2\/wf_page_folders?post=1287"}],"curies":[{"name":"wp","href":"https:\/\/api.w.org\/{rel}","templated":true}]}}