{"id":1280,"date":"2022-03-10T11:13:37","date_gmt":"2022-03-10T10:13:37","guid":{"rendered":"https:\/\/www.machinesproduction.fr\/tv\/?page_id=1280"},"modified":"2022-03-10T11:21:42","modified_gmt":"2022-03-10T10:21:42","slug":"live-12-metaux-comment-se-passer-du-plomb-simodec-2022","status":"publish","type":"page","link":"https:\/\/www.machinesproduction.fr\/tv\/live-12-metaux-comment-se-passer-du-plomb-simodec-2022\/","title":{"rendered":"Live 12 &#8211; M\u00e9taux : comment se passer du plomb ? Simodec 2022"},"content":{"rendered":"<section class=\"wpb-content-wrapper\"><p>[vc_row][vc_column][vc_column_text]<\/p>\n<h1><img loading=\"lazy\" decoding=\"async\" class=\"wp-image-1275 alignleft\" src=\"https:\/\/www.machinesproduction.fr\/tv\/wp-content\/uploads\/2022\/03\/simodec-2022-logo.png\" alt=\"\" width=\"270\" height=\"95\" \/><span style=\"color: #459bd9;\">M\u00e9taux : comment se passer du plomb ?<\/span><\/h1>\n<h1><span style=\"color: #459bd9;\">SIMODEC 2022<\/span><\/h1>\n<h1><span style=\"color: #459bd9;\"><strong> \u00a0<\/strong><\/span><\/h1>\n<h2><\/h2>\n<p>[\/vc_column_text][vc_column_text]<span style=\"font-size: 14pt;\">Alors que le plomb pourrait \u00eatre banni dans les alliages m\u00e9talliques, tels que l\u2019acier, le laiton et l&#8217;aluminium, comment parvenir \u00e0 l\u2019usiner sans ce pr\u00e9cieux m\u00e9tal mou qui permet de mieux fragmenter le copeau. <\/span><\/p>\n<p><span style=\"font-size: 14pt;\">Dans ce LIVE du Simodec on s\u2019attardera sur les moyens pour faire face \u00e0 la faible usinabilit\u00e9 de ces m\u00e9taux.<\/span><\/p>\n<p><span style=\"font-size: 14pt;\">Invit\u00e9s :<\/span><\/p>\n<ul>\n<li><span style=\"font-size: 14pt;\">Vincent Moreau, ing\u00e9nieur \u00e9tude et prestation au Cetim Cluses<\/span><\/li>\n<li><span style=\"font-size: 14pt;\">Patrick Reusser, chef de projet R&amp;D chez Dixi Polytool<\/span><\/li>\n<li><span style=\"font-size: 14pt;\">Dominique Maure, responsable des ventes du d\u00e9p\u00f4t ArcelorMittal de Vougy<\/span><\/li>\n<\/ul>\n<p>&nbsp;<\/p>\n<p><em><span style=\"font-size: 14pt;\">Animation : J\u00e9r\u00f4me Meyrand<\/span><\/em><br \/>\n<em><span style=\"font-size: 14pt;\">R\u00e9alisation Vid\u00e9o : ltvprod.com<\/span><\/em>[\/vc_column_text][vc_video link=&#8221;https:\/\/www.youtube.com\/watch?v=8KQYFDgtNx8&#8243;][vc_btn title=&#8221;Retour aux MP LIVE&#8221; style=&#8221;custom&#8221; custom_background=&#8221;#009ddf&#8221; custom_text=&#8221;#ffffff&#8221; shape=&#8221;round&#8221; i_icon_fontawesome=&#8221;fas fa-arrow-left&#8221; add_icon=&#8221;true&#8221; link=&#8221;url:https%3A%2F%2Fwww.machinesproduction.fr%2Ftv%2Fles-mp-live%2F|title:les%20Focus&#8221;][\/vc_column][\/vc_row]<\/p>\n<\/section>","protected":false},"excerpt":{"rendered":"<p>[vc_row][vc_column][vc_column_text] M\u00e9taux : comment se passer du plomb ? SIMODEC 2022 \u00a0 [\/vc_column_text][vc_column_text]Alors que le plomb pourrait \u00eatre banni dans les alliages m\u00e9talliques, tels que l\u2019acier, le laiton et l&#8217;aluminium, comment parvenir \u00e0 l\u2019usiner sans ce pr\u00e9cieux m\u00e9tal mou qui permet de mieux fragmenter le copeau. Dans ce LIVE du Simodec on s\u2019attardera sur les [&hellip;]<\/p>\n","protected":false},"author":3,"featured_media":0,"parent":0,"menu_order":0,"comment_status":"closed","ping_status":"closed","template":"","meta":{"_monsterinsights_skip_tracking":false,"_monsterinsights_sitenote_active":false,"_monsterinsights_sitenote_note":"","_monsterinsights_sitenote_category":0,"footnotes":""},"wf_page_folders":[13],"class_list":["post-1280","page","type-page","status-publish","hentry"],"yoast_head":"<!-- This site is optimized with the Yoast SEO plugin v27.1.1 - https:\/\/yoast.com\/product\/yoast-seo-wordpress\/ -->\n<title>Live 12 - M\u00e9taux : comment se passer du plomb ? Simodec 2022<\/title>\n<meta name=\"description\" content=\"En direct du salon Simodec 2022, un plateau d&#039;interviews pour \u00e9changer sur les moyens pour faire face \u00e0 la faible usinabilit\u00e9 de ces m\u00e9taux.\" \/>\n<meta name=\"robots\" content=\"index, follow, max-snippet:-1, max-image-preview:large, max-video-preview:-1\" \/>\n<link rel=\"canonical\" href=\"https:\/\/www.machinesproduction.fr\/tv\/live-12-metaux-comment-se-passer-du-plomb-simodec-2022\/\" \/>\n<meta property=\"og:locale\" content=\"fr_FR\" \/>\n<meta property=\"og:type\" content=\"article\" \/>\n<meta property=\"og:title\" content=\"Live 12 - M\u00e9taux : comment se passer du plomb ? Simodec 2022\" \/>\n<meta property=\"og:description\" content=\"En direct du salon Simodec 2022, un plateau d&#039;interviews pour \u00e9changer sur les moyens pour faire face \u00e0 la faible usinabilit\u00e9 de ces m\u00e9taux.\" \/>\n<meta property=\"og:url\" content=\"https:\/\/www.machinesproduction.fr\/tv\/live-12-metaux-comment-se-passer-du-plomb-simodec-2022\/\" \/>\n<meta property=\"og:site_name\" content=\"Machines Production TV\" \/>\n<meta property=\"article:modified_time\" content=\"2022-03-10T10:21:42+00:00\" \/>\n<meta property=\"og:image\" content=\"https:\/\/www.machinesproduction.fr\/tv\/wp-content\/uploads\/2022\/03\/simodec-2022-logo.png\" \/>\n<meta name=\"twitter:card\" content=\"summary_large_image\" \/>\n<meta name=\"twitter:label1\" content=\"Dur\u00e9e de lecture estim\u00e9e\" \/>\n\t<meta name=\"twitter:data1\" content=\"1 minute\" \/>\n<script type=\"application\/ld+json\" class=\"yoast-schema-graph\">{\"@context\":\"https:\/\/schema.org\",\"@graph\":[{\"@type\":\"WebPage\",\"@id\":\"https:\/\/www.machinesproduction.fr\/tv\/live-12-metaux-comment-se-passer-du-plomb-simodec-2022\/\",\"url\":\"https:\/\/www.machinesproduction.fr\/tv\/live-12-metaux-comment-se-passer-du-plomb-simodec-2022\/\",\"name\":\"Live 12 - M\u00e9taux : comment se passer du plomb ? Simodec 2022\",\"isPartOf\":{\"@id\":\"https:\/\/www.machinesproduction.fr\/tv\/#website\"},\"primaryImageOfPage\":{\"@id\":\"https:\/\/www.machinesproduction.fr\/tv\/live-12-metaux-comment-se-passer-du-plomb-simodec-2022\/#primaryimage\"},\"image\":{\"@id\":\"https:\/\/www.machinesproduction.fr\/tv\/live-12-metaux-comment-se-passer-du-plomb-simodec-2022\/#primaryimage\"},\"thumbnailUrl\":\"https:\/\/www.machinesproduction.fr\/tv\/wp-content\/uploads\/2022\/03\/simodec-2022-logo.png\",\"datePublished\":\"2022-03-10T10:13:37+00:00\",\"dateModified\":\"2022-03-10T10:21:42+00:00\",\"description\":\"En direct du salon Simodec 2022, un plateau d'interviews pour \u00e9changer sur les moyens pour faire face \u00e0 la faible usinabilit\u00e9 de ces m\u00e9taux.\",\"breadcrumb\":{\"@id\":\"https:\/\/www.machinesproduction.fr\/tv\/live-12-metaux-comment-se-passer-du-plomb-simodec-2022\/#breadcrumb\"},\"inLanguage\":\"fr-FR\",\"potentialAction\":[{\"@type\":\"ReadAction\",\"target\":[\"https:\/\/www.machinesproduction.fr\/tv\/live-12-metaux-comment-se-passer-du-plomb-simodec-2022\/\"]}]},{\"@type\":\"ImageObject\",\"inLanguage\":\"fr-FR\",\"@id\":\"https:\/\/www.machinesproduction.fr\/tv\/live-12-metaux-comment-se-passer-du-plomb-simodec-2022\/#primaryimage\",\"url\":\"https:\/\/www.machinesproduction.fr\/tv\/wp-content\/uploads\/2022\/03\/simodec-2022-logo.png\",\"contentUrl\":\"https:\/\/www.machinesproduction.fr\/tv\/wp-content\/uploads\/2022\/03\/simodec-2022-logo.png\",\"width\":778,\"height\":274},{\"@type\":\"BreadcrumbList\",\"@id\":\"https:\/\/www.machinesproduction.fr\/tv\/live-12-metaux-comment-se-passer-du-plomb-simodec-2022\/#breadcrumb\",\"itemListElement\":[{\"@type\":\"ListItem\",\"position\":1,\"name\":\"Home\",\"item\":\"https:\/\/www.machinesproduction.fr\/tv\/\"},{\"@type\":\"ListItem\",\"position\":2,\"name\":\"Live 12 &#8211; M\u00e9taux : comment se passer du plomb ? Simodec 2022\"}]},{\"@type\":\"WebSite\",\"@id\":\"https:\/\/www.machinesproduction.fr\/tv\/#website\",\"url\":\"https:\/\/www.machinesproduction.fr\/tv\/\",\"name\":\"Machines Production TV\",\"description\":\"\",\"potentialAction\":[{\"@type\":\"SearchAction\",\"target\":{\"@type\":\"EntryPoint\",\"urlTemplate\":\"https:\/\/www.machinesproduction.fr\/tv\/?s={search_term_string}\"},\"query-input\":{\"@type\":\"PropertyValueSpecification\",\"valueRequired\":true,\"valueName\":\"search_term_string\"}}],\"inLanguage\":\"fr-FR\"}]}<\/script>\n<!-- \/ Yoast SEO plugin. -->","yoast_head_json":{"title":"Live 12 - M\u00e9taux : comment se passer du plomb ? Simodec 2022","description":"En direct du salon Simodec 2022, un plateau d'interviews pour \u00e9changer sur les moyens pour faire face \u00e0 la faible usinabilit\u00e9 de ces m\u00e9taux.","robots":{"index":"index","follow":"follow","max-snippet":"max-snippet:-1","max-image-preview":"max-image-preview:large","max-video-preview":"max-video-preview:-1"},"canonical":"https:\/\/www.machinesproduction.fr\/tv\/live-12-metaux-comment-se-passer-du-plomb-simodec-2022\/","og_locale":"fr_FR","og_type":"article","og_title":"Live 12 - M\u00e9taux : comment se passer du plomb ? Simodec 2022","og_description":"En direct du salon Simodec 2022, un plateau d'interviews pour \u00e9changer sur les moyens pour faire face \u00e0 la faible usinabilit\u00e9 de ces m\u00e9taux.","og_url":"https:\/\/www.machinesproduction.fr\/tv\/live-12-metaux-comment-se-passer-du-plomb-simodec-2022\/","og_site_name":"Machines Production TV","article_modified_time":"2022-03-10T10:21:42+00:00","og_image":[{"url":"https:\/\/www.machinesproduction.fr\/tv\/wp-content\/uploads\/2022\/03\/simodec-2022-logo.png","type":"","width":"","height":""}],"twitter_card":"summary_large_image","twitter_misc":{"Dur\u00e9e de lecture estim\u00e9e":"1 minute"},"schema":{"@context":"https:\/\/schema.org","@graph":[{"@type":"WebPage","@id":"https:\/\/www.machinesproduction.fr\/tv\/live-12-metaux-comment-se-passer-du-plomb-simodec-2022\/","url":"https:\/\/www.machinesproduction.fr\/tv\/live-12-metaux-comment-se-passer-du-plomb-simodec-2022\/","name":"Live 12 - M\u00e9taux : comment se passer du plomb ? Simodec 2022","isPartOf":{"@id":"https:\/\/www.machinesproduction.fr\/tv\/#website"},"primaryImageOfPage":{"@id":"https:\/\/www.machinesproduction.fr\/tv\/live-12-metaux-comment-se-passer-du-plomb-simodec-2022\/#primaryimage"},"image":{"@id":"https:\/\/www.machinesproduction.fr\/tv\/live-12-metaux-comment-se-passer-du-plomb-simodec-2022\/#primaryimage"},"thumbnailUrl":"https:\/\/www.machinesproduction.fr\/tv\/wp-content\/uploads\/2022\/03\/simodec-2022-logo.png","datePublished":"2022-03-10T10:13:37+00:00","dateModified":"2022-03-10T10:21:42+00:00","description":"En direct du salon Simodec 2022, un plateau d'interviews pour \u00e9changer sur les moyens pour faire face \u00e0 la faible usinabilit\u00e9 de ces m\u00e9taux.","breadcrumb":{"@id":"https:\/\/www.machinesproduction.fr\/tv\/live-12-metaux-comment-se-passer-du-plomb-simodec-2022\/#breadcrumb"},"inLanguage":"fr-FR","potentialAction":[{"@type":"ReadAction","target":["https:\/\/www.machinesproduction.fr\/tv\/live-12-metaux-comment-se-passer-du-plomb-simodec-2022\/"]}]},{"@type":"ImageObject","inLanguage":"fr-FR","@id":"https:\/\/www.machinesproduction.fr\/tv\/live-12-metaux-comment-se-passer-du-plomb-simodec-2022\/#primaryimage","url":"https:\/\/www.machinesproduction.fr\/tv\/wp-content\/uploads\/2022\/03\/simodec-2022-logo.png","contentUrl":"https:\/\/www.machinesproduction.fr\/tv\/wp-content\/uploads\/2022\/03\/simodec-2022-logo.png","width":778,"height":274},{"@type":"BreadcrumbList","@id":"https:\/\/www.machinesproduction.fr\/tv\/live-12-metaux-comment-se-passer-du-plomb-simodec-2022\/#breadcrumb","itemListElement":[{"@type":"ListItem","position":1,"name":"Home","item":"https:\/\/www.machinesproduction.fr\/tv\/"},{"@type":"ListItem","position":2,"name":"Live 12 &#8211; M\u00e9taux : comment se passer du plomb ? Simodec 2022"}]},{"@type":"WebSite","@id":"https:\/\/www.machinesproduction.fr\/tv\/#website","url":"https:\/\/www.machinesproduction.fr\/tv\/","name":"Machines Production TV","description":"","potentialAction":[{"@type":"SearchAction","target":{"@type":"EntryPoint","urlTemplate":"https:\/\/www.machinesproduction.fr\/tv\/?s={search_term_string}"},"query-input":{"@type":"PropertyValueSpecification","valueRequired":true,"valueName":"search_term_string"}}],"inLanguage":"fr-FR"}]}},"_links":{"self":[{"href":"https:\/\/www.machinesproduction.fr\/tv\/wp-json\/wp\/v2\/pages\/1280","targetHints":{"allow":["GET"]}}],"collection":[{"href":"https:\/\/www.machinesproduction.fr\/tv\/wp-json\/wp\/v2\/pages"}],"about":[{"href":"https:\/\/www.machinesproduction.fr\/tv\/wp-json\/wp\/v2\/types\/page"}],"author":[{"embeddable":true,"href":"https:\/\/www.machinesproduction.fr\/tv\/wp-json\/wp\/v2\/users\/3"}],"replies":[{"embeddable":true,"href":"https:\/\/www.machinesproduction.fr\/tv\/wp-json\/wp\/v2\/comments?post=1280"}],"version-history":[{"count":4,"href":"https:\/\/www.machinesproduction.fr\/tv\/wp-json\/wp\/v2\/pages\/1280\/revisions"}],"predecessor-version":[{"id":1284,"href":"https:\/\/www.machinesproduction.fr\/tv\/wp-json\/wp\/v2\/pages\/1280\/revisions\/1284"}],"wp:attachment":[{"href":"https:\/\/www.machinesproduction.fr\/tv\/wp-json\/wp\/v2\/media?parent=1280"}],"wp:term":[{"taxonomy":"wf_page_folders","embeddable":true,"href":"https:\/\/www.machinesproduction.fr\/tv\/wp-json\/wp\/v2\/wf_page_folders?post=1280"}],"curies":[{"name":"wp","href":"https:\/\/api.w.org\/{rel}","templated":true}]}}