{"id":1254,"date":"2022-03-03T10:39:08","date_gmt":"2022-03-03T09:39:08","guid":{"rendered":"https:\/\/www.machinesproduction.fr\/tv\/?page_id=1254"},"modified":"2022-03-03T12:23:05","modified_gmt":"2022-03-03T11:23:05","slug":"emission-9-automatisation","status":"publish","type":"page","link":"https:\/\/www.machinesproduction.fr\/tv\/emission-9-automatisation\/","title":{"rendered":"Emission 9 L&#8217;automatisation"},"content":{"rendered":"<section class=\"wpb-content-wrapper\"><p>[vc_row][vc_column][vc_video link=&#8221;https:\/\/www.youtube.com\/watch?v=f_4LwIUlsdQ&#8221;][\/vc_column][\/vc_row][vc_row top_padding=&#8221;40&#8243;][vc_column][vc_custom_heading text=&#8221;L\u2019automatisation, pour gagner en agilit\u00e9&#8221; font_container=&#8221;tag:h1|font_size:60|text_align:left|color:%23009ddf&#8221; use_theme_fonts=&#8221;yes&#8221; css=&#8221;.vc_custom_1646304909466{padding-bottom: 5px !important;}&#8221;][vc_text_separator title=&#8221;&#8221; title_align=&#8221;separator_align_left&#8221; color=&#8221;custom&#8221; accent_color=&#8221;#009ddf&#8221;][\/vc_column][\/vc_row][vc_row content_placement=&#8221;middle&#8221;][vc_column width=&#8221;1\/2&#8243;][vc_empty_space height=&#8221;30&#8243;][vc_column_text]<\/p>\n<h2 style=\"color: #009ddf;\">Automatiser votre atelier<\/h2>\n<p><span style=\"color: #ffffff;\">L\u2019\u00e9mission n\u00b09 est consacr\u00e9e \u00e0 l\u2019automatisation dans les ateliers de m\u00e9canique. Automatiser son atelier offre de nombreux avantages, dont l\u2019un est de r\u00e9duire la p\u00e9nibilit\u00e9 des t\u00e2ches mais aussi d\u2019offrir plus de valeurs aux op\u00e9rateurs, en pilotant par exemple une cellule robotis\u00e9e.<\/span><br \/>\n<span style=\"color: #ffffff;\">L\u2019autre b\u00e9n\u00e9fice est de r\u00e9pondre aux difficult\u00e9s rencontr\u00e9es par les entreprises de n\u2019\u00eatre pas assez comp\u00e9titives avec certains pays, en raison de son co\u00fbt de main d\u2019\u0153uvre, car l\u2019automatisation permet d\u2019\u00e9liminer cette in\u00e9galit\u00e9, quand elle n\u2019est pas une r\u00e9ponse face \u00e0 une p\u00e9nurie de main-d\u2019\u0153uvre.<\/span><br \/>\n<span style=\"color: #ffffff;\">L\u2019enjeu de l\u2019automatisation est de pouvoir fiabiliser ses process. Int\u00e9grer des syst\u00e8mes automatis\u00e9s, c\u2019est aussi garantir une reproduction du processus, car les t\u00e2ches automatis\u00e9es ou robotis\u00e9es sont \u00e0 la fois pr\u00e9cises et reproductibles \u00e0 l\u2019identique.<\/span><br \/>\n<span style=\"color: #ffffff;\">L\u2019automatisation peut valoriser le potentiel parfois insoup\u00e7onn\u00e9 d\u2019un atelier, car elle permet d\u2019accro\u00eetre les heures de disponibilit\u00e9 des machines-outils.<\/span><br \/>\n<span style=\"color: #ffffff;\">Par ailleurs, la crise sanitaire a jou\u00e9 un r\u00f4le d\u2019acc\u00e9l\u00e9rateur \u00e0 la modernisation et l\u2019automatisation des entreprises, ont constat\u00e9 nos experts invit\u00e9s sur notre plateau.<\/span><br \/>\n<span style=\"color: #ffffff;\">Comment r\u00e9ussir son automatisation ? Quelles comp\u00e9tences faut-il pour la piloter ? Quels gains peut-on en attendre ? On en parle dans<\/span><span style=\"color: #009ddf;\"> &#8220;Machines Production l&#8217;\u00c9mission&#8221;<\/span>[\/vc_column_text][\/vc_column][vc_column width=&#8221;1\/2&#8243;][media image=&#8221;422&#8243;][\/vc_column][\/vc_row][vc_row top_padding=&#8221;20&#8243;][vc_column width=&#8221;1\/2&#8243;][vc_icon icon_fontawesome=&#8221;fas fa-search&#8221; color=&#8221;custom&#8221; size=&#8221;lg&#8221; custom_color=&#8221;#009ddf&#8221;][vc_custom_heading text=&#8221;D\u00e9cryptage&#8221; font_container=&#8221;tag:h2|font_size:40|text_align:left|color:%23009ddf&#8221; use_theme_fonts=&#8221;yes&#8221; css=&#8221;.vc_custom_1619084016292{margin-top: -30px !important;padding-bottom: 20px !important;}&#8221;][vc_column_text css=&#8221;.vc_custom_1646305452807{margin-bottom: 15px !important;}&#8221;]Nous recevons deux invit\u00e9s :<\/p>\n<p><strong><span style=\"color: #009ddf;\">Gilles Chaffard<\/span>, directeur d\u2019Erowa France<\/strong><\/p>\n<p><strong><span style=\"color: #009ddf;\">Philippe G\u00e9rard<\/span>, responsable produits et march\u00e9 automatisation chez Bosch Rexroth<\/strong><\/p>\n<p>Sur notre plateau, ils \u00e9voquent\u00a0:<\/p>\n<ul>\n<li>Les possibilit\u00e9s offertes par l\u2019automatisation en mati\u00e8re de flexibilit\u00e9 et d\u2019agilit\u00e9 au sein de la production<\/li>\n<li>L\u2019augmentation du taux de productivit\u00e9<\/li>\n<li>Les gains pouvant \u00eatre r\u00e9alis\u00e9s sur un process automatis\u00e9<\/li>\n<li>Les comp\u00e9tences n\u00e9cessaires<\/li>\n<\/ul>\n<p>&nbsp;<\/p>\n<h2 style=\"color: #009ddf;\">En quoi l\u2019automatisation permet de rendre une production plus agile\u00a0?<\/h2>\n<p>Une question \u00e0 laquelle r\u00e9pond Philippe G\u00e9rard, responsable produits et march\u00e9 automatisation chez Bosch Rexroth. Elle va permettre de r\u00e9duire les temps de production de pi\u00e8ces de s\u00e9rie, en reparam\u00e9trant et reconfigurant automatiquement les machines, dit-il sur notre plateau. Avec en plus, la possibilit\u00e9, gr\u00e2ce \u00e0 leur connectivit\u00e9, que les ordres de fabrication descendent directement du syst\u00e8me informatique de l\u2019entreprise vers ses outils de production.<\/p>\n<p>L\u2019avantage d\u2019automatiser est \u00e9galement de pouvoir augmenter le taux de productivit\u00e9 de sa machine. Selon Gilles Chaffard, directeur d\u2019Erowa France, statistiquement, sur une \u00e9quipe de travail et sur des dur\u00e9es de cycle courts, elle va produire l\u2019\u00e9quivalent de 10 % du temps annuel, c\u2019est-\u00e0-dire environ 800 heures, 900 heures sur 8 760 heures que compose une ann\u00e9e civile. \u00ab\u00a0L\u2019automatisation va permettre de faire cro\u00eetre consid\u00e9rablement ce taux de productivit\u00e9 pour atteindre les plus de 6 000 heures, encore une fois, sur de la petite s\u00e9rie r\u00e9p\u00e9titive\u00a0\u00bb, affirme le dirigeant de la filiale fran\u00e7aise de cette entreprise suisse sp\u00e9cialis\u00e9e dans les syst\u00e8mes d\u2019automatisation appliqu\u00e9s \u00e0 l\u2019usinage m\u00e9canique.<\/p>\n<p>Et pour chiffrer le gain r\u00e9alis\u00e9 gr\u00e2ce \u00e0 un process automatis\u00e9, Gilles Chaffard explique, sur le plateau de MPLE, qu\u2019il faut d\u2019abord mesurer les co\u00fbts de fonctionnement de la cellule, son co\u00fbt d\u2019investissement et surtout le taux de productivit\u00e9. Mais il est certain, selon notre expert, que la rentabilit\u00e9 d\u2019une cellule automatis\u00e9e de production se situe entre 18 et 24 mois suivant les productions.[\/vc_column_text][\/vc_column][vc_column width=&#8221;1\/2&#8243;][vc_icon icon_fontawesome=&#8221;fas fa-video&#8221; color=&#8221;custom&#8221; size=&#8221;lg&#8221; custom_color=&#8221;#009ddf&#8221;][vc_custom_heading text=&#8221;&#8221; font_container=&#8221;tag:h2|font_size:40|text_align:left|color:%23009ddf&#8221; use_theme_fonts=&#8221;yes&#8221; css=&#8221;.vc_custom_1641226008481{margin-top: -30px !important;padding-bottom: 20px !important;}&#8221;][vc_column_text css=&#8221;.vc_custom_1646305397252{margin-bottom: 15px !important;}&#8221;]<\/p>\n<h2 style=\"color: #009ddf;\">Au-del\u00e0 d\u2019une machine qui produit des pi\u00e8ces.<\/h2>\n<p>Philippe G\u00e9rard rappelle qu\u2019il faut aussi penser \u00e0 automatiser le reste du flux de production au sein m\u00eame de l\u2019atelier. \u00ab Plus la machine est en train de produire des pi\u00e8ces, plus on est productif. Et donc, pour cela, il faut que toute la cha\u00eene logistique soit organis\u00e9e et planifi\u00e9e en cons\u00e9quence. Ce qui veut dire qu\u2019en amont, on peut automatiser l\u2019approvisionnement des pi\u00e8ces par des syst\u00e8mes de convoyage, des AGV, des robots mobiles qui peuvent venir apporter les mati\u00e8res premi\u00e8res, les composants et je ne sais quelles autres pi\u00e8ces n\u00e9cessaires \u00e0 la production, et \u00e9galement, en aval, aller stocker les pi\u00e8ces produites pour l\u2019exp\u00e9dition. \u00bb<\/p>\n<p>Dans cette \u00e9mission, il est \u00e9galement question d\u2019\u00e9voquer les cons\u00e9quences de la crise sanitaire actuelle, qui pousse finalement vers plus d\u2019automatisation dans les ateliers. Les p\u00e9riodes de confinement ont g\u00e9n\u00e9ralis\u00e9 la pratique du t\u00e9l\u00e9travail et les absences r\u00e9p\u00e9t\u00e9es dans les ateliers viennent jouer en faveur du d\u00e9ploiement de l\u2019automatisation, seule \u00e0 pouvoir maintenir des taux de productivit\u00e9 tr\u00e8s \u00e9lev\u00e9s des machines-outils. D\u2019autant plus que la p\u00e9nurie de main-d\u2019\u0153uvre renforce cette id\u00e9e d\u2019automatiser au maximum tout process de production. Sachant que \u00ab l\u2019automatisation permet de maintenir, voire r\u00e9duire tr\u00e8s fortement les co\u00fbts\/pi\u00e8ce, et donc de pouvoir maintenir, voire relocaliser des productions en France, gr\u00e2ce \u00e0 des cellules automatis\u00e9es performantes \u00bb, affirme M. Chaffard. Et d\u2019ajouter que l\u2019automatisation est \u00ab un vrai levier pour nos entreprises afin d\u2019\u00eatre comp\u00e9titives, de prosp\u00e9rer, d\u2019\u00eatre p\u00e9rennes dans notre France qui nous est ch\u00e8re \u00bb.<br \/>\nPour une entreprise de m\u00e9canique, int\u00e9grer des syst\u00e8mes automatis\u00e9s n\u00e9cessite de recruter des comp\u00e9tences afin de les piloter. Mais Philippe G\u00e9rard, de Bosch Rexroth, ne serait pas aussi cat\u00e9gorique.<\/p>\n<blockquote><p><strong>\u00ab Je ne sais pas s\u2019il faut un automaticien forc\u00e9ment dans les usines, mais il faut que l\u2019automatisme soit pens\u00e9 pour des gens qui puissent l\u2019appr\u00e9hender de mani\u00e8re simple, c\u2019est-\u00e0-dire qu\u2019il y a des sujets de conception, d\u2019ergonomie qui rentrent en compte, de simplicit\u00e9, de prise en main \u00bb<\/strong><\/p><\/blockquote>\n<p>, explique notre expert, et de souligner qu\u2019il existe des solutions, aujourd\u2019hui, \u00ab qui sont un peu comme des jeux vid\u00e9o o\u00f9 je sais programmer mon robot, quel que soit le robot, de mani\u00e8re tr\u00e8s simple \u00bb.<br \/>\nNotre expert en automatisation chez Bosch Rexroth rappelle l\u2019effervescence du \u00ab pilotage intuitif \u00bb, avec des interfaces pouvant \u00ab ressembler \u00e0 ce qu\u2019on conna\u00eet sur nos t\u00e9l\u00e9phones et nos ordinateurs \u00bb. Gilles Chaffard encha\u00eene : \u00ab Effectivement, l\u2019interface homme-machine est extr\u00eamement importante. C\u2019est un des points-cl\u00e9s. \u00bb C\u2019est la raison pour laquelle, \u00ab on ne cherche plus seulement des op\u00e9rateurs qui vont mettre des pi\u00e8ces sur une machine, attendre qu\u2019elles produisent pour les r\u00e9enlever. Les m\u00e9tiers vont \u00eatre vraiment valoris\u00e9s parce que \u00e7a va \u00eatre des vrais conducteurs de ligne. Ils devront organiser une ou des cellules automatis\u00e9es, et c\u2019est tr\u00e8s valorisant pour les gens qui travaillent dans des ateliers. \u00bb[\/vc_column_text][\/vc_column][\/vc_row][vc_row top_padding=&#8221;40&#8243;][vc_column][vc_custom_heading text=&#8221;Intervenants&#8221; font_container=&#8221;tag:h1|font_size:60|text_align:left|color:%23009ddf&#8221; use_theme_fonts=&#8221;yes&#8221; css=&#8221;.vc_custom_1616683913325{padding-bottom: 5px !important;}&#8221;][vc_text_separator title=&#8221;&#8221; title_align=&#8221;separator_align_left&#8221; color=&#8221;custom&#8221; accent_color=&#8221;#009ddf&#8221;][\/vc_column][\/vc_row][vc_row][vc_column width=&#8221;1\/4&#8243; offset=&#8221;vc_col-xs-4\/5&#8243;][media alignment=&#8221;center&#8221; animation=&#8221;none&#8221; image=&#8221;1257&#8243; width=&#8221;200&#8243;][vc_empty_space][vc_custom_heading text=&#8221;Gilles Chaffard&#8221; font_container=&#8221;tag:h4|text_align:center|color:%23009ddf&#8221; use_theme_fonts=&#8221;yes&#8221; css=&#8221;.vc_custom_1646305606006{padding-top: 40px !important;}&#8221;][vc_column_text]<\/p>\n<p style=\"text-align: center;\">EROWA France<\/p>\n<p style=\"text-align: center;\"><span style=\"font-weight: inherit; font-style: inherit;\">Directeur<\/span><\/p>\n<p>[\/vc_column_text][\/vc_column][vc_column width=&#8221;1\/4&#8243; offset=&#8221;vc_col-xs-4\/5&#8243;][media alignment=&#8221;center&#8221; animation=&#8221;none&#8221; image=&#8221;1260&#8243; width=&#8221;200&#8243;][vc_empty_space][vc_custom_heading text=&#8221;Philippe G\u00e9rard&#8221; font_container=&#8221;tag:h4|text_align:center|color:%23009ddf&#8221; use_theme_fonts=&#8221;yes&#8221;][vc_column_text]<\/p>\n<p style=\"text-align: center;\">BOSCH REXROTH<\/p>\n<p style=\"text-align: center;\">Responsable produits et march\u00e9 automatisation<\/p>\n<p>[\/vc_column_text][\/vc_column][vc_column width=&#8221;1\/4&#8243; offset=&#8221;vc_col-xs-4\/5&#8243;][media alignment=&#8221;center&#8221; animation=&#8221;none&#8221; image=&#8221;445&#8243; width=&#8221;200&#8243;][vc_empty_space][vc_custom_heading text=&#8221;J\u00e9r\u00f4me Meyrand&#8221; font_container=&#8221;tag:h4|text_align:center|color:%23009ddf&#8221; use_theme_fonts=&#8221;yes&#8221;][vc_column_text]<\/p>\n<p style=\"text-align: center;\">Machines Production<\/p>\n<p style=\"text-align: center;\">R\u00e9dacteur en Chef<\/p>\n<p>[\/vc_column_text][\/vc_column][vc_column width=&#8221;1\/4&#8243; offset=&#8221;vc_col-xs-4\/5&#8243;][media alignment=&#8221;center&#8221; animation=&#8221;none&#8221; image=&#8221;446&#8243; width=&#8221;200&#8243;][vc_empty_space][vc_custom_heading text=&#8221;Patrick Cazier&#8221; font_container=&#8221;tag:h4|text_align:center|color:%23009ddf&#8221; use_theme_fonts=&#8221;yes&#8221;][vc_column_text]<\/p>\n<p style=\"text-align: center;\">Machines Production<\/p>\n<p style=\"text-align: center;\">R\u00e9dacteur<\/p>\n<p>[\/vc_column_text][\/vc_column][\/vc_row]<\/p>\n<\/section>","protected":false},"excerpt":{"rendered":"<p>[vc_row][vc_column][vc_video link=&#8221;https:\/\/www.youtube.com\/watch?v=f_4LwIUlsdQ&#8221;][\/vc_column][\/vc_row][vc_row top_padding=&#8221;40&#8243;][vc_column][vc_custom_heading text=&#8221;L\u2019automatisation, pour gagner en agilit\u00e9&#8221; font_container=&#8221;tag:h1|font_size:60|text_align:left|color:%23009ddf&#8221; use_theme_fonts=&#8221;yes&#8221; css=&#8221;.vc_custom_1646304909466{padding-bottom: 5px !important;}&#8221;][vc_text_separator title=&#8221;&#8221; title_align=&#8221;separator_align_left&#8221; color=&#8221;custom&#8221; accent_color=&#8221;#009ddf&#8221;][\/vc_column][\/vc_row][vc_row content_placement=&#8221;middle&#8221;][vc_column width=&#8221;1\/2&#8243;][vc_empty_space height=&#8221;30&#8243;][vc_column_text] Automatiser votre atelier L\u2019\u00e9mission n\u00b09 est consacr\u00e9e \u00e0 l\u2019automatisation dans les ateliers de m\u00e9canique. Automatiser son atelier offre de nombreux avantages, dont l\u2019un est de r\u00e9duire la p\u00e9nibilit\u00e9 des t\u00e2ches mais aussi d\u2019offrir plus de [&hellip;]<\/p>\n","protected":false},"author":3,"featured_media":0,"parent":0,"menu_order":0,"comment_status":"closed","ping_status":"closed","template":"","meta":{"_monsterinsights_skip_tracking":false,"_monsterinsights_sitenote_active":false,"_monsterinsights_sitenote_note":"","_monsterinsights_sitenote_category":0,"footnotes":""},"wf_page_folders":[11],"class_list":["post-1254","page","type-page","status-publish","hentry"],"yoast_head":"<!-- This site is optimized with the Yoast SEO plugin v27.1.1 - https:\/\/yoast.com\/product\/yoast-seo-wordpress\/ -->\n<title>Emission - L&#039;automatisation - Machines Production TV<\/title>\n<meta name=\"description\" content=\"Automatisez vos ateliers ! D\u00e9couvrez l&#039;\u00e9mission de Machines Production TV consacr\u00e9e \u00e0 L&#039;automatisation. Plus de trente minutes d&#039;infos, de d\u00e9bats et de reportages sur l&#039;actualit\u00e9 de l&#039;industrie m\u00e9canique fran\u00e7aise.\" \/>\n<meta name=\"robots\" content=\"index, follow, max-snippet:-1, max-image-preview:large, max-video-preview:-1\" \/>\n<link rel=\"canonical\" href=\"https:\/\/www.machinesproduction.fr\/tv\/emission-9-automatisation\/\" \/>\n<meta property=\"og:locale\" content=\"fr_FR\" \/>\n<meta property=\"og:type\" content=\"article\" \/>\n<meta property=\"og:title\" content=\"Emission - L&#039;automatisation - Machines Production TV\" \/>\n<meta property=\"og:description\" content=\"Automatisez vos ateliers ! D\u00e9couvrez l&#039;\u00e9mission de Machines Production TV consacr\u00e9e \u00e0 L&#039;automatisation. Plus de trente minutes d&#039;infos, de d\u00e9bats et de reportages sur l&#039;actualit\u00e9 de l&#039;industrie m\u00e9canique fran\u00e7aise.\" \/>\n<meta property=\"og:url\" content=\"https:\/\/www.machinesproduction.fr\/tv\/emission-9-automatisation\/\" \/>\n<meta property=\"og:site_name\" content=\"Machines Production TV\" \/>\n<meta property=\"article:modified_time\" content=\"2022-03-03T11:23:05+00:00\" \/>\n<meta name=\"twitter:card\" content=\"summary_large_image\" \/>\n<meta name=\"twitter:label1\" content=\"Dur\u00e9e de lecture estim\u00e9e\" \/>\n\t<meta name=\"twitter:data1\" content=\"5 minutes\" \/>\n<script type=\"application\/ld+json\" class=\"yoast-schema-graph\">{\"@context\":\"https:\/\/schema.org\",\"@graph\":[{\"@type\":\"WebPage\",\"@id\":\"https:\/\/www.machinesproduction.fr\/tv\/emission-9-automatisation\/\",\"url\":\"https:\/\/www.machinesproduction.fr\/tv\/emission-9-automatisation\/\",\"name\":\"Emission - L'automatisation - Machines Production TV\",\"isPartOf\":{\"@id\":\"https:\/\/www.machinesproduction.fr\/tv\/#website\"},\"datePublished\":\"2022-03-03T09:39:08+00:00\",\"dateModified\":\"2022-03-03T11:23:05+00:00\",\"description\":\"Automatisez vos ateliers ! D\u00e9couvrez l'\u00e9mission de Machines Production TV consacr\u00e9e \u00e0 L'automatisation. Plus de trente minutes d'infos, de d\u00e9bats et de reportages sur l'actualit\u00e9 de l'industrie m\u00e9canique fran\u00e7aise.\",\"breadcrumb\":{\"@id\":\"https:\/\/www.machinesproduction.fr\/tv\/emission-9-automatisation\/#breadcrumb\"},\"inLanguage\":\"fr-FR\",\"potentialAction\":[{\"@type\":\"ReadAction\",\"target\":[\"https:\/\/www.machinesproduction.fr\/tv\/emission-9-automatisation\/\"]}]},{\"@type\":\"BreadcrumbList\",\"@id\":\"https:\/\/www.machinesproduction.fr\/tv\/emission-9-automatisation\/#breadcrumb\",\"itemListElement\":[{\"@type\":\"ListItem\",\"position\":1,\"name\":\"Home\",\"item\":\"https:\/\/www.machinesproduction.fr\/tv\/\"},{\"@type\":\"ListItem\",\"position\":2,\"name\":\"Emission 9 L&#8217;automatisation\"}]},{\"@type\":\"WebSite\",\"@id\":\"https:\/\/www.machinesproduction.fr\/tv\/#website\",\"url\":\"https:\/\/www.machinesproduction.fr\/tv\/\",\"name\":\"Machines Production TV\",\"description\":\"\",\"potentialAction\":[{\"@type\":\"SearchAction\",\"target\":{\"@type\":\"EntryPoint\",\"urlTemplate\":\"https:\/\/www.machinesproduction.fr\/tv\/?s={search_term_string}\"},\"query-input\":{\"@type\":\"PropertyValueSpecification\",\"valueRequired\":true,\"valueName\":\"search_term_string\"}}],\"inLanguage\":\"fr-FR\"}]}<\/script>\n<!-- \/ Yoast SEO plugin. -->","yoast_head_json":{"title":"Emission - L'automatisation - Machines Production TV","description":"Automatisez vos ateliers ! D\u00e9couvrez l'\u00e9mission de Machines Production TV consacr\u00e9e \u00e0 L'automatisation. Plus de trente minutes d'infos, de d\u00e9bats et de reportages sur l'actualit\u00e9 de l'industrie m\u00e9canique fran\u00e7aise.","robots":{"index":"index","follow":"follow","max-snippet":"max-snippet:-1","max-image-preview":"max-image-preview:large","max-video-preview":"max-video-preview:-1"},"canonical":"https:\/\/www.machinesproduction.fr\/tv\/emission-9-automatisation\/","og_locale":"fr_FR","og_type":"article","og_title":"Emission - L'automatisation - Machines Production TV","og_description":"Automatisez vos ateliers ! D\u00e9couvrez l'\u00e9mission de Machines Production TV consacr\u00e9e \u00e0 L'automatisation. Plus de trente minutes d'infos, de d\u00e9bats et de reportages sur l'actualit\u00e9 de l'industrie m\u00e9canique fran\u00e7aise.","og_url":"https:\/\/www.machinesproduction.fr\/tv\/emission-9-automatisation\/","og_site_name":"Machines Production TV","article_modified_time":"2022-03-03T11:23:05+00:00","twitter_card":"summary_large_image","twitter_misc":{"Dur\u00e9e de lecture estim\u00e9e":"5 minutes"},"schema":{"@context":"https:\/\/schema.org","@graph":[{"@type":"WebPage","@id":"https:\/\/www.machinesproduction.fr\/tv\/emission-9-automatisation\/","url":"https:\/\/www.machinesproduction.fr\/tv\/emission-9-automatisation\/","name":"Emission - L'automatisation - Machines Production TV","isPartOf":{"@id":"https:\/\/www.machinesproduction.fr\/tv\/#website"},"datePublished":"2022-03-03T09:39:08+00:00","dateModified":"2022-03-03T11:23:05+00:00","description":"Automatisez vos ateliers ! D\u00e9couvrez l'\u00e9mission de Machines Production TV consacr\u00e9e \u00e0 L'automatisation. Plus de trente minutes d'infos, de d\u00e9bats et de reportages sur l'actualit\u00e9 de l'industrie m\u00e9canique fran\u00e7aise.","breadcrumb":{"@id":"https:\/\/www.machinesproduction.fr\/tv\/emission-9-automatisation\/#breadcrumb"},"inLanguage":"fr-FR","potentialAction":[{"@type":"ReadAction","target":["https:\/\/www.machinesproduction.fr\/tv\/emission-9-automatisation\/"]}]},{"@type":"BreadcrumbList","@id":"https:\/\/www.machinesproduction.fr\/tv\/emission-9-automatisation\/#breadcrumb","itemListElement":[{"@type":"ListItem","position":1,"name":"Home","item":"https:\/\/www.machinesproduction.fr\/tv\/"},{"@type":"ListItem","position":2,"name":"Emission 9 L&#8217;automatisation"}]},{"@type":"WebSite","@id":"https:\/\/www.machinesproduction.fr\/tv\/#website","url":"https:\/\/www.machinesproduction.fr\/tv\/","name":"Machines Production TV","description":"","potentialAction":[{"@type":"SearchAction","target":{"@type":"EntryPoint","urlTemplate":"https:\/\/www.machinesproduction.fr\/tv\/?s={search_term_string}"},"query-input":{"@type":"PropertyValueSpecification","valueRequired":true,"valueName":"search_term_string"}}],"inLanguage":"fr-FR"}]}},"_links":{"self":[{"href":"https:\/\/www.machinesproduction.fr\/tv\/wp-json\/wp\/v2\/pages\/1254","targetHints":{"allow":["GET"]}}],"collection":[{"href":"https:\/\/www.machinesproduction.fr\/tv\/wp-json\/wp\/v2\/pages"}],"about":[{"href":"https:\/\/www.machinesproduction.fr\/tv\/wp-json\/wp\/v2\/types\/page"}],"author":[{"embeddable":true,"href":"https:\/\/www.machinesproduction.fr\/tv\/wp-json\/wp\/v2\/users\/3"}],"replies":[{"embeddable":true,"href":"https:\/\/www.machinesproduction.fr\/tv\/wp-json\/wp\/v2\/comments?post=1254"}],"version-history":[{"count":7,"href":"https:\/\/www.machinesproduction.fr\/tv\/wp-json\/wp\/v2\/pages\/1254\/revisions"}],"predecessor-version":[{"id":1264,"href":"https:\/\/www.machinesproduction.fr\/tv\/wp-json\/wp\/v2\/pages\/1254\/revisions\/1264"}],"wp:attachment":[{"href":"https:\/\/www.machinesproduction.fr\/tv\/wp-json\/wp\/v2\/media?parent=1254"}],"wp:term":[{"taxonomy":"wf_page_folders","embeddable":true,"href":"https:\/\/www.machinesproduction.fr\/tv\/wp-json\/wp\/v2\/wf_page_folders?post=1254"}],"curies":[{"name":"wp","href":"https:\/\/api.w.org\/{rel}","templated":true}]}}