{"id":1237,"date":"2022-01-26T11:37:03","date_gmt":"2022-01-26T10:37:03","guid":{"rendered":"https:\/\/www.machinesproduction.fr\/tv\/?page_id=1237"},"modified":"2022-02-14T15:30:44","modified_gmt":"2022-02-14T14:30:44","slug":"live-10-interview-john-vinolas-la-fabrique-4-0-worldskills-france-2022","status":"publish","type":"page","link":"https:\/\/www.machinesproduction.fr\/tv\/live-10-interview-john-vinolas-la-fabrique-4-0-worldskills-france-2022\/","title":{"rendered":"Live 10 &#8211; Interview John Vinolas, La Fabrique 4.0 WorldSkills France 2022"},"content":{"rendered":"<section class=\"wpb-content-wrapper\"><p>[vc_row][vc_column][vc_column_text]<\/p>\n<h1><img loading=\"lazy\" decoding=\"async\" class=\"alignleft wp-image-1205\" src=\"https:\/\/www.machinesproduction.fr\/tv\/wp-content\/uploads\/2022\/01\/logo-WorldSkills.png\" alt=\"WorldSkills 2022\" width=\"150\" height=\"123\" \/><span style=\"color: #459bd9;\"><strong>Interview<\/strong> <strong>John Vinolas, La Fabrique 4.0 WorldSkills France 2022<\/strong><\/span><\/h1>\n<h1><span style=\"color: #459bd9;\"><strong> \u00a0<\/strong><\/span><\/h1>\n<h2><\/h2>\n<p>[\/vc_column_text][vc_column_text]<span style=\"font-size: 14pt;\">Unit\u00e9 mobile de formation imagin\u00e9e par l\u2019Union des industries et m\u00e9tiers de la m\u00e9tallurgie (UIMM), le semi-remorque sigl\u00e9 La Fabrique 4.0 a pris ses quartiers dans un hall du parc des expositions Eurexpo Lyon durant les trois jours de comp\u00e9titions des WorldSkills. Pour ce live de Machines Production, John Vinolas, responsable communication de l\u2019UIMM Franche-Comt\u00e9, nous montre ce qui se cache dans la remorque de ce camion qui n\u2019est pas sans rappeler celui de la c\u00e9l\u00e8bre \u00e9mission t\u00e9l\u00e9 de vulgarisation scientifique C\u2019est pas sorcier. Sauf qu\u2019ici, il ne s\u2019agit pas d\u2019un camion laboratoire, mais plut\u00f4t d\u2019un camion atelier, dont le plateau technique de 60 m\u00b2 r\u00e9unit, non seulement une ligne de production, mais aussi une salle de cours, une imprimante 3D, des \u00e9quipements de r\u00e9alit\u00e9 virtuelle et augment\u00e9e.<\/span><\/p>\n<p><span style=\"font-size: 14pt;\">Du jeudi 13 au samedi 15 janvier, les finales nationales de la 46e \u00e9dition de la comp\u00e9tition des m\u00e9tiers WorldSkills se sont d\u00e9roul\u00e9es \u00e0 Eurexpo Lyon, o\u00f9 600 jeunes champions r\u00e9gionaux se sont affront\u00e9s au cours d\u2019\u00e9preuves intenses dans 62 m\u00e9tiers diff\u00e9rents.<\/span><\/p>\n<p><span style=\"font-size: 14pt;\">Les champions des finales nationales seront ensuite s\u00e9lectionn\u00e9s pour composer les deux \u00e9quipes de France des m\u00e9tiers, qui repr\u00e9senteront la France lors de la comp\u00e9tition mondiale WorldSkills 2022 (en Chine, du 12 au 17 octobre) ou de la comp\u00e9tition europ\u00e9enne EuroSkills 2023 (en Russie).<\/span>[\/vc_column_text][vc_video link=&#8221;https:\/\/youtu.be\/XDyOtYDoQLY&#8221;][vc_btn title=&#8221;Retour aux MP LIVE&#8221; style=&#8221;custom&#8221; custom_background=&#8221;#009ddf&#8221; custom_text=&#8221;#ffffff&#8221; shape=&#8221;round&#8221; i_icon_fontawesome=&#8221;fas fa-arrow-left&#8221; add_icon=&#8221;true&#8221; link=&#8221;url:https%3A%2F%2Fwww.machinesproduction.fr%2Ftv%2Fles-mp-live%2F|title:les%20Focus&#8221;][\/vc_column][\/vc_row]<\/p>\n<\/section>","protected":false},"excerpt":{"rendered":"<p>[vc_row][vc_column][vc_column_text] Interview John Vinolas, La Fabrique 4.0 WorldSkills France 2022 \u00a0 [\/vc_column_text][vc_column_text]Unit\u00e9 mobile de formation imagin\u00e9e par l\u2019Union des industries et m\u00e9tiers de la m\u00e9tallurgie (UIMM), le semi-remorque sigl\u00e9 La Fabrique 4.0 a pris ses quartiers dans un hall du parc des expositions Eurexpo Lyon durant les trois jours de comp\u00e9titions des WorldSkills. Pour ce [&hellip;]<\/p>\n","protected":false},"author":2,"featured_media":0,"parent":0,"menu_order":0,"comment_status":"closed","ping_status":"closed","template":"","meta":{"_monsterinsights_skip_tracking":false,"_monsterinsights_sitenote_active":false,"_monsterinsights_sitenote_note":"","_monsterinsights_sitenote_category":0,"footnotes":""},"wf_page_folders":[13],"class_list":["post-1237","page","type-page","status-publish","hentry"],"yoast_head":"<!-- This site is optimized with the Yoast SEO plugin v27.1.1 - https:\/\/yoast.com\/product\/yoast-seo-wordpress\/ -->\n<title>Interview John Vinolas La Fabrique 4.0 WorldSkills France 2022<\/title>\n<meta name=\"description\" content=\"Interview de John Vinolas, la Fabrique 4.0 WorldSkills France 2022, r\u00e9alis\u00e9e par notre r\u00e9dacteur en chef de Machines Production.\" \/>\n<meta name=\"robots\" content=\"index, follow, max-snippet:-1, max-image-preview:large, max-video-preview:-1\" \/>\n<link rel=\"canonical\" href=\"https:\/\/www.machinesproduction.fr\/tv\/live-10-interview-john-vinolas-la-fabrique-4-0-worldskills-france-2022\/\" \/>\n<meta property=\"og:locale\" content=\"fr_FR\" \/>\n<meta property=\"og:type\" content=\"article\" \/>\n<meta property=\"og:title\" content=\"Interview John Vinolas La Fabrique 4.0 WorldSkills France 2022\" \/>\n<meta property=\"og:description\" content=\"Interview de John Vinolas, la Fabrique 4.0 WorldSkills France 2022, r\u00e9alis\u00e9e par notre r\u00e9dacteur en chef de Machines Production.\" \/>\n<meta property=\"og:url\" content=\"https:\/\/www.machinesproduction.fr\/tv\/live-10-interview-john-vinolas-la-fabrique-4-0-worldskills-france-2022\/\" \/>\n<meta property=\"og:site_name\" content=\"Machines Production TV\" \/>\n<meta property=\"article:modified_time\" content=\"2022-02-14T14:30:44+00:00\" \/>\n<meta property=\"og:image\" content=\"https:\/\/www.machinesproduction.fr\/tv\/wp-content\/uploads\/2022\/01\/logo-WorldSkills.png\" \/>\n<meta name=\"twitter:card\" content=\"summary_large_image\" \/>\n<meta name=\"twitter:label1\" content=\"Dur\u00e9e de lecture estim\u00e9e\" \/>\n\t<meta name=\"twitter:data1\" content=\"2 minutes\" \/>\n<script type=\"application\/ld+json\" class=\"yoast-schema-graph\">{\"@context\":\"https:\/\/schema.org\",\"@graph\":[{\"@type\":\"WebPage\",\"@id\":\"https:\/\/www.machinesproduction.fr\/tv\/live-10-interview-john-vinolas-la-fabrique-4-0-worldskills-france-2022\/\",\"url\":\"https:\/\/www.machinesproduction.fr\/tv\/live-10-interview-john-vinolas-la-fabrique-4-0-worldskills-france-2022\/\",\"name\":\"Interview John Vinolas La Fabrique 4.0 WorldSkills France 2022\",\"isPartOf\":{\"@id\":\"https:\/\/www.machinesproduction.fr\/tv\/#website\"},\"primaryImageOfPage\":{\"@id\":\"https:\/\/www.machinesproduction.fr\/tv\/live-10-interview-john-vinolas-la-fabrique-4-0-worldskills-france-2022\/#primaryimage\"},\"image\":{\"@id\":\"https:\/\/www.machinesproduction.fr\/tv\/live-10-interview-john-vinolas-la-fabrique-4-0-worldskills-france-2022\/#primaryimage\"},\"thumbnailUrl\":\"https:\/\/www.machinesproduction.fr\/tv\/wp-content\/uploads\/2022\/01\/logo-WorldSkills.png\",\"datePublished\":\"2022-01-26T10:37:03+00:00\",\"dateModified\":\"2022-02-14T14:30:44+00:00\",\"description\":\"Interview de John Vinolas, la Fabrique 4.0 WorldSkills France 2022, r\u00e9alis\u00e9e par notre r\u00e9dacteur en chef de Machines Production.\",\"breadcrumb\":{\"@id\":\"https:\/\/www.machinesproduction.fr\/tv\/live-10-interview-john-vinolas-la-fabrique-4-0-worldskills-france-2022\/#breadcrumb\"},\"inLanguage\":\"fr-FR\",\"potentialAction\":[{\"@type\":\"ReadAction\",\"target\":[\"https:\/\/www.machinesproduction.fr\/tv\/live-10-interview-john-vinolas-la-fabrique-4-0-worldskills-france-2022\/\"]}]},{\"@type\":\"ImageObject\",\"inLanguage\":\"fr-FR\",\"@id\":\"https:\/\/www.machinesproduction.fr\/tv\/live-10-interview-john-vinolas-la-fabrique-4-0-worldskills-france-2022\/#primaryimage\",\"url\":\"https:\/\/www.machinesproduction.fr\/tv\/wp-content\/uploads\/2022\/01\/logo-WorldSkills.png\",\"contentUrl\":\"https:\/\/www.machinesproduction.fr\/tv\/wp-content\/uploads\/2022\/01\/logo-WorldSkills.png\",\"width\":248,\"height\":204,\"caption\":\"WorldSkills 2022\"},{\"@type\":\"BreadcrumbList\",\"@id\":\"https:\/\/www.machinesproduction.fr\/tv\/live-10-interview-john-vinolas-la-fabrique-4-0-worldskills-france-2022\/#breadcrumb\",\"itemListElement\":[{\"@type\":\"ListItem\",\"position\":1,\"name\":\"Home\",\"item\":\"https:\/\/www.machinesproduction.fr\/tv\/\"},{\"@type\":\"ListItem\",\"position\":2,\"name\":\"Live 10 &#8211; Interview John Vinolas, La Fabrique 4.0 WorldSkills France 2022\"}]},{\"@type\":\"WebSite\",\"@id\":\"https:\/\/www.machinesproduction.fr\/tv\/#website\",\"url\":\"https:\/\/www.machinesproduction.fr\/tv\/\",\"name\":\"Machines Production TV\",\"description\":\"\",\"potentialAction\":[{\"@type\":\"SearchAction\",\"target\":{\"@type\":\"EntryPoint\",\"urlTemplate\":\"https:\/\/www.machinesproduction.fr\/tv\/?s={search_term_string}\"},\"query-input\":{\"@type\":\"PropertyValueSpecification\",\"valueRequired\":true,\"valueName\":\"search_term_string\"}}],\"inLanguage\":\"fr-FR\"}]}<\/script>\n<!-- \/ Yoast SEO plugin. -->","yoast_head_json":{"title":"Interview John Vinolas La Fabrique 4.0 WorldSkills France 2022","description":"Interview de John Vinolas, la Fabrique 4.0 WorldSkills France 2022, r\u00e9alis\u00e9e par notre r\u00e9dacteur en chef de Machines Production.","robots":{"index":"index","follow":"follow","max-snippet":"max-snippet:-1","max-image-preview":"max-image-preview:large","max-video-preview":"max-video-preview:-1"},"canonical":"https:\/\/www.machinesproduction.fr\/tv\/live-10-interview-john-vinolas-la-fabrique-4-0-worldskills-france-2022\/","og_locale":"fr_FR","og_type":"article","og_title":"Interview John Vinolas La Fabrique 4.0 WorldSkills France 2022","og_description":"Interview de John Vinolas, la Fabrique 4.0 WorldSkills France 2022, r\u00e9alis\u00e9e par notre r\u00e9dacteur en chef de Machines Production.","og_url":"https:\/\/www.machinesproduction.fr\/tv\/live-10-interview-john-vinolas-la-fabrique-4-0-worldskills-france-2022\/","og_site_name":"Machines Production TV","article_modified_time":"2022-02-14T14:30:44+00:00","og_image":[{"url":"https:\/\/www.machinesproduction.fr\/tv\/wp-content\/uploads\/2022\/01\/logo-WorldSkills.png","type":"","width":"","height":""}],"twitter_card":"summary_large_image","twitter_misc":{"Dur\u00e9e de lecture estim\u00e9e":"2 minutes"},"schema":{"@context":"https:\/\/schema.org","@graph":[{"@type":"WebPage","@id":"https:\/\/www.machinesproduction.fr\/tv\/live-10-interview-john-vinolas-la-fabrique-4-0-worldskills-france-2022\/","url":"https:\/\/www.machinesproduction.fr\/tv\/live-10-interview-john-vinolas-la-fabrique-4-0-worldskills-france-2022\/","name":"Interview John Vinolas La Fabrique 4.0 WorldSkills France 2022","isPartOf":{"@id":"https:\/\/www.machinesproduction.fr\/tv\/#website"},"primaryImageOfPage":{"@id":"https:\/\/www.machinesproduction.fr\/tv\/live-10-interview-john-vinolas-la-fabrique-4-0-worldskills-france-2022\/#primaryimage"},"image":{"@id":"https:\/\/www.machinesproduction.fr\/tv\/live-10-interview-john-vinolas-la-fabrique-4-0-worldskills-france-2022\/#primaryimage"},"thumbnailUrl":"https:\/\/www.machinesproduction.fr\/tv\/wp-content\/uploads\/2022\/01\/logo-WorldSkills.png","datePublished":"2022-01-26T10:37:03+00:00","dateModified":"2022-02-14T14:30:44+00:00","description":"Interview de John Vinolas, la Fabrique 4.0 WorldSkills France 2022, r\u00e9alis\u00e9e par notre r\u00e9dacteur en chef de Machines Production.","breadcrumb":{"@id":"https:\/\/www.machinesproduction.fr\/tv\/live-10-interview-john-vinolas-la-fabrique-4-0-worldskills-france-2022\/#breadcrumb"},"inLanguage":"fr-FR","potentialAction":[{"@type":"ReadAction","target":["https:\/\/www.machinesproduction.fr\/tv\/live-10-interview-john-vinolas-la-fabrique-4-0-worldskills-france-2022\/"]}]},{"@type":"ImageObject","inLanguage":"fr-FR","@id":"https:\/\/www.machinesproduction.fr\/tv\/live-10-interview-john-vinolas-la-fabrique-4-0-worldskills-france-2022\/#primaryimage","url":"https:\/\/www.machinesproduction.fr\/tv\/wp-content\/uploads\/2022\/01\/logo-WorldSkills.png","contentUrl":"https:\/\/www.machinesproduction.fr\/tv\/wp-content\/uploads\/2022\/01\/logo-WorldSkills.png","width":248,"height":204,"caption":"WorldSkills 2022"},{"@type":"BreadcrumbList","@id":"https:\/\/www.machinesproduction.fr\/tv\/live-10-interview-john-vinolas-la-fabrique-4-0-worldskills-france-2022\/#breadcrumb","itemListElement":[{"@type":"ListItem","position":1,"name":"Home","item":"https:\/\/www.machinesproduction.fr\/tv\/"},{"@type":"ListItem","position":2,"name":"Live 10 &#8211; Interview John Vinolas, La Fabrique 4.0 WorldSkills France 2022"}]},{"@type":"WebSite","@id":"https:\/\/www.machinesproduction.fr\/tv\/#website","url":"https:\/\/www.machinesproduction.fr\/tv\/","name":"Machines Production TV","description":"","potentialAction":[{"@type":"SearchAction","target":{"@type":"EntryPoint","urlTemplate":"https:\/\/www.machinesproduction.fr\/tv\/?s={search_term_string}"},"query-input":{"@type":"PropertyValueSpecification","valueRequired":true,"valueName":"search_term_string"}}],"inLanguage":"fr-FR"}]}},"_links":{"self":[{"href":"https:\/\/www.machinesproduction.fr\/tv\/wp-json\/wp\/v2\/pages\/1237","targetHints":{"allow":["GET"]}}],"collection":[{"href":"https:\/\/www.machinesproduction.fr\/tv\/wp-json\/wp\/v2\/pages"}],"about":[{"href":"https:\/\/www.machinesproduction.fr\/tv\/wp-json\/wp\/v2\/types\/page"}],"author":[{"embeddable":true,"href":"https:\/\/www.machinesproduction.fr\/tv\/wp-json\/wp\/v2\/users\/2"}],"replies":[{"embeddable":true,"href":"https:\/\/www.machinesproduction.fr\/tv\/wp-json\/wp\/v2\/comments?post=1237"}],"version-history":[{"count":3,"href":"https:\/\/www.machinesproduction.fr\/tv\/wp-json\/wp\/v2\/pages\/1237\/revisions"}],"predecessor-version":[{"id":1240,"href":"https:\/\/www.machinesproduction.fr\/tv\/wp-json\/wp\/v2\/pages\/1237\/revisions\/1240"}],"wp:attachment":[{"href":"https:\/\/www.machinesproduction.fr\/tv\/wp-json\/wp\/v2\/media?parent=1237"}],"wp:term":[{"taxonomy":"wf_page_folders","embeddable":true,"href":"https:\/\/www.machinesproduction.fr\/tv\/wp-json\/wp\/v2\/wf_page_folders?post=1237"}],"curies":[{"name":"wp","href":"https:\/\/api.w.org\/{rel}","templated":true}]}}